{"id":12747,"date":"2026-03-16T18:12:45","date_gmt":"2026-03-16T18:12:45","guid":{"rendered":"https:\/\/ksproducts.ca\/?post_type=product&#038;p=12747"},"modified":"2026-03-17T15:00:39","modified_gmt":"2026-03-17T15:00:39","slug":"lampe-de-travail-rechargeable-a-led-cob-600-lumens","status":"publish","type":"product","link":"https:\/\/ksproducts.ca\/fr\/product\/cat-lighting-600-lumen-cob-led-rechargeable-work-light\/","title":{"rendered":"CAT Lighting Lampe de travail rechargeable \u00e0 LED COB 600 lumens"},"content":{"rendered":"<ul>\n<li>Charg\u00e9 par port USB en moins de 4 heures<\/li>\n<li>La technologie COB LED permet \u00e0 l'utilisateur de r\u00e9gler l'intensit\u00e9 lumineuse.<\/li>\n<li>Accrocher ou coller la lampe de travail sur une surface magn\u00e9tique<\/li>\n<li>R\u00e9sistant \u00e0 l'eau et aux chocs (jusqu'\u00e0 1 m)<\/li>\n<li>Distance de rayonnement jusqu'\u00e0 22 m\u00e8tres<\/li>\n<li>Autonomie de jusqu'\u00e0 6 heures<\/li>\n<\/ul>","protected":false},"excerpt":{"rendered":"<p>Vous avez besoin d'une puissance compl\u00e8te sans les inconv\u00e9nients d'un cordon ? La lampe de travail LED rechargeable vous offre le meilleur des deux mondes. Ajustez le niveau d'intensit\u00e9 de la lumi\u00e8re en fonction du travail que vous effectuez ; cette lampe a deux r\u00e9glages, 600 lumens sur la position haute et 300 lumens sur la position basse. Cette lampe de chantier est \u00e9quip\u00e9e d'aimants en n\u00e9odyme puissants et d'un crochet rotatif qui vous permet d'orienter la lumi\u00e8re l\u00e0 o\u00f9 vous en avez besoin. Sans fil et compacte, cette lampe LED \u00e9limine les risques de tr\u00e9buchement inh\u00e9rents aux lampes filaires. Avec une autonomie allant jusqu'\u00e0 6 heures en mode bas, vous pouvez \u00eatre tranquille en sachant que cette lampe durera toute votre journ\u00e9e de travail. V\u00e9rifiez le niveau de la batterie gr\u00e2ce aux indicateurs de niveau de charge, et rechargez-la facilement en moins de 4 heures \u00e0 l'aide du cordon USB fourni.<\/p>","protected":false},"featured_media":12748,"comment_status":"open","ping_status":"closed","template":"","meta":[],"product_cat":[451],"product_tag":[],"class_list":{"0":"post-12747","1":"product","2":"type-product","3":"status-publish","4":"has-post-thumbnail","6":"product_cat-tools-equipment","7":"product_shipping_class-class-1","9":"first","10":"instock","11":"taxable","12":"shipping-taxable","13":"purchasable","14":"product-type-simple"},"yoast_head":"<!-- This site is optimized with the Yoast SEO plugin v27.4 - https:\/\/yoast.com\/product\/yoast-seo-wordpress\/ -->\n<title>CAT Lighting 600 Lumen COB LED Rechargeable Work Light - Ks Products<\/title>\n<meta name=\"robots\" content=\"index, follow, max-snippet:-1, max-image-preview:large, max-video-preview:-1\" \/>\n<link rel=\"canonical\" href=\"https:\/\/ksproducts.ca\/fr\/product\/lampe-de-travail-rechargeable-a-led-cob-600-lumens\/\" \/>\n<meta property=\"og:locale\" content=\"fr_CA\" \/>\n<meta property=\"og:type\" content=\"article\" \/>\n<meta property=\"og:title\" content=\"CAT Lighting 600 Lumen COB LED Rechargeable Work Light - Ks Products\" \/>\n<meta property=\"og:description\" content=\"Need complete power without the hassle of a cord? The rechargeable LED Work light gives you the best of both worlds. Adjust the level of light intensity to the job you work; this light has two settings, 600 lumens on high and 300 lumens on low. This area light features strong neodymium magnets and a rotating hook so you can aim the light where you need it. Cordless and compact, this LED light eliminates tripping hazards common with corded lighting options. With a runtime of up to 6 hours on low, you can rest easy knowing this light will last your entire workday. Check the battery level with the charge level indicators, and easily charge in less than 4 hours using the included USB cord.\" \/>\n<meta property=\"og:url\" content=\"https:\/\/ksproducts.ca\/fr\/product\/lampe-de-travail-rechargeable-a-led-cob-600-lumens\/\" \/>\n<meta property=\"og:site_name\" content=\"Ks Products\" \/>\n<meta property=\"article:modified_time\" content=\"2026-03-17T15:00:39+00:00\" \/>\n<meta property=\"og:image\" content=\"https:\/\/ksproducts.ca\/wp-content\/uploads\/2026\/03\/CAT-Lighting-600-Lumen-COB-LED-Rechargeable-Work-Light.png\" \/>\n\t<meta property=\"og:image:width\" content=\"440\" \/>\n\t<meta property=\"og:image:height\" content=\"440\" \/>\n\t<meta property=\"og:image:type\" content=\"image\/png\" \/>\n<meta name=\"twitter:card\" content=\"summary_large_image\" \/>\n<meta name=\"twitter:label1\" content=\"Estimation du temps de lecture\" \/>\n\t<meta name=\"twitter:data1\" content=\"1 minute\" \/>\n<script type=\"application\/ld+json\" class=\"yoast-schema-graph\">{\"@context\":\"https:\\\/\\\/schema.org\",\"@graph\":[{\"@type\":\"WebPage\",\"@id\":\"https:\\\/\\\/ksproducts.ca\\\/product\\\/cat-lighting-600-lumen-cob-led-rechargeable-work-light\\\/\",\"url\":\"https:\\\/\\\/ksproducts.ca\\\/product\\\/cat-lighting-600-lumen-cob-led-rechargeable-work-light\\\/\",\"name\":\"CAT Lighting 600 Lumen COB LED Rechargeable Work Light - Ks Products\",\"isPartOf\":{\"@id\":\"https:\\\/\\\/ksproducts.ca\\\/#website\"},\"primaryImageOfPage\":{\"@id\":\"https:\\\/\\\/ksproducts.ca\\\/product\\\/cat-lighting-600-lumen-cob-led-rechargeable-work-light\\\/#primaryimage\"},\"image\":{\"@id\":\"https:\\\/\\\/ksproducts.ca\\\/product\\\/cat-lighting-600-lumen-cob-led-rechargeable-work-light\\\/#primaryimage\"},\"thumbnailUrl\":\"https:\\\/\\\/ksproducts.ca\\\/wp-content\\\/uploads\\\/2026\\\/03\\\/CAT-Lighting-600-Lumen-COB-LED-Rechargeable-Work-Light.png\",\"datePublished\":\"2026-03-16T18:12:45+00:00\",\"dateModified\":\"2026-03-17T15:00:39+00:00\",\"breadcrumb\":{\"@id\":\"https:\\\/\\\/ksproducts.ca\\\/product\\\/cat-lighting-600-lumen-cob-led-rechargeable-work-light\\\/#breadcrumb\"},\"inLanguage\":\"fr-CA\",\"potentialAction\":[{\"@type\":\"ReadAction\",\"target\":[\"https:\\\/\\\/ksproducts.ca\\\/product\\\/cat-lighting-600-lumen-cob-led-rechargeable-work-light\\\/\"]}]},{\"@type\":\"ImageObject\",\"inLanguage\":\"fr-CA\",\"@id\":\"https:\\\/\\\/ksproducts.ca\\\/product\\\/cat-lighting-600-lumen-cob-led-rechargeable-work-light\\\/#primaryimage\",\"url\":\"https:\\\/\\\/ksproducts.ca\\\/wp-content\\\/uploads\\\/2026\\\/03\\\/CAT-Lighting-600-Lumen-COB-LED-Rechargeable-Work-Light.png\",\"contentUrl\":\"https:\\\/\\\/ksproducts.ca\\\/wp-content\\\/uploads\\\/2026\\\/03\\\/CAT-Lighting-600-Lumen-COB-LED-Rechargeable-Work-Light.png\",\"width\":440,\"height\":440,\"caption\":\"CAT Lighting 600 Lumen COB LED Rechargeable Work Light\"},{\"@type\":\"BreadcrumbList\",\"@id\":\"https:\\\/\\\/ksproducts.ca\\\/product\\\/cat-lighting-600-lumen-cob-led-rechargeable-work-light\\\/#breadcrumb\",\"itemListElement\":[{\"@type\":\"ListItem\",\"position\":1,\"name\":\"Home\",\"item\":\"https:\\\/\\\/ksproducts.ca\\\/\"},{\"@type\":\"ListItem\",\"position\":2,\"name\":\"Shop\",\"item\":\"https:\\\/\\\/ksproducts.ca\\\/shop\\\/\"},{\"@type\":\"ListItem\",\"position\":3,\"name\":\"CAT Lighting 600 Lumen COB LED Rechargeable Work Light\"}]},{\"@type\":\"WebSite\",\"@id\":\"https:\\\/\\\/ksproducts.ca\\\/#website\",\"url\":\"https:\\\/\\\/ksproducts.ca\\\/\",\"name\":\"Ks Products\",\"description\":\"Outdoor cooking and living, made easy in Canada\",\"publisher\":{\"@id\":\"https:\\\/\\\/ksproducts.ca\\\/#organization\"},\"potentialAction\":[{\"@type\":\"SearchAction\",\"target\":{\"@type\":\"EntryPoint\",\"urlTemplate\":\"https:\\\/\\\/ksproducts.ca\\\/?s={search_term_string}\"},\"query-input\":{\"@type\":\"PropertyValueSpecification\",\"valueRequired\":true,\"valueName\":\"search_term_string\"}}],\"inLanguage\":\"fr-CA\"},{\"@type\":\"Organization\",\"@id\":\"https:\\\/\\\/ksproducts.ca\\\/#organization\",\"name\":\"Ks Products\",\"url\":\"https:\\\/\\\/ksproducts.ca\\\/\",\"logo\":{\"@type\":\"ImageObject\",\"inLanguage\":\"fr-CA\",\"@id\":\"https:\\\/\\\/ksproducts.ca\\\/#\\\/schema\\\/logo\\\/image\\\/\",\"url\":\"https:\\\/\\\/ksproducts.ca\\\/wp-content\\\/uploads\\\/2023\\\/09\\\/Kennedy-Sales-Logo-header-1.png\",\"contentUrl\":\"https:\\\/\\\/ksproducts.ca\\\/wp-content\\\/uploads\\\/2023\\\/09\\\/Kennedy-Sales-Logo-header-1.png\",\"width\":150,\"height\":77,\"caption\":\"Ks Products\"},\"image\":{\"@id\":\"https:\\\/\\\/ksproducts.ca\\\/#\\\/schema\\\/logo\\\/image\\\/\"}}]}<\/script>\n<!-- \/ Yoast SEO plugin. -->","yoast_head_json":{"title":"Lampe de travail rechargeable CAT Lighting 600 Lumen COB LED - Ks Products","robots":{"index":"index","follow":"follow","max-snippet":"max-snippet:-1","max-image-preview":"max-image-preview:large","max-video-preview":"max-video-preview:-1"},"canonical":"https:\/\/ksproducts.ca\/fr\/product\/lampe-de-travail-rechargeable-a-led-cob-600-lumens\/","og_locale":"fr_CA","og_type":"article","og_title":"CAT Lighting 600 Lumen COB LED Rechargeable Work Light - Ks Products","og_description":"Need complete power without the hassle of a cord? The rechargeable LED Work light gives you the best of both worlds. Adjust the level of light intensity to the job you work; this light has two settings, 600 lumens on high and 300 lumens on low. This area light features strong neodymium magnets and a rotating hook so you can aim the light where you need it. Cordless and compact, this LED light eliminates tripping hazards common with corded lighting options. With a runtime of up to 6 hours on low, you can rest easy knowing this light will last your entire workday. Check the battery level with the charge level indicators, and easily charge in less than 4 hours using the included USB cord.","og_url":"https:\/\/ksproducts.ca\/fr\/product\/lampe-de-travail-rechargeable-a-led-cob-600-lumens\/","og_site_name":"Ks Products","article_modified_time":"2026-03-17T15:00:39+00:00","og_image":[{"width":440,"height":440,"url":"https:\/\/ksproducts.ca\/wp-content\/uploads\/2026\/03\/CAT-Lighting-600-Lumen-COB-LED-Rechargeable-Work-Light.png","type":"image\/png"}],"twitter_card":"summary_large_image","twitter_misc":{"Estimation du temps de lecture":"1 minute"},"schema":{"@context":"https:\/\/schema.org","@graph":[{"@type":"WebPage","@id":"https:\/\/ksproducts.ca\/product\/cat-lighting-600-lumen-cob-led-rechargeable-work-light\/","url":"https:\/\/ksproducts.ca\/product\/cat-lighting-600-lumen-cob-led-rechargeable-work-light\/","name":"Lampe de travail rechargeable CAT Lighting 600 Lumen COB LED - Ks Products","isPartOf":{"@id":"https:\/\/ksproducts.ca\/#website"},"primaryImageOfPage":{"@id":"https:\/\/ksproducts.ca\/product\/cat-lighting-600-lumen-cob-led-rechargeable-work-light\/#primaryimage"},"image":{"@id":"https:\/\/ksproducts.ca\/product\/cat-lighting-600-lumen-cob-led-rechargeable-work-light\/#primaryimage"},"thumbnailUrl":"https:\/\/ksproducts.ca\/wp-content\/uploads\/2026\/03\/CAT-Lighting-600-Lumen-COB-LED-Rechargeable-Work-Light.png","datePublished":"2026-03-16T18:12:45+00:00","dateModified":"2026-03-17T15:00:39+00:00","breadcrumb":{"@id":"https:\/\/ksproducts.ca\/product\/cat-lighting-600-lumen-cob-led-rechargeable-work-light\/#breadcrumb"},"inLanguage":"fr-CA","potentialAction":[{"@type":"ReadAction","target":["https:\/\/ksproducts.ca\/product\/cat-lighting-600-lumen-cob-led-rechargeable-work-light\/"]}]},{"@type":"ImageObject","inLanguage":"fr-CA","@id":"https:\/\/ksproducts.ca\/product\/cat-lighting-600-lumen-cob-led-rechargeable-work-light\/#primaryimage","url":"https:\/\/ksproducts.ca\/wp-content\/uploads\/2026\/03\/CAT-Lighting-600-Lumen-COB-LED-Rechargeable-Work-Light.png","contentUrl":"https:\/\/ksproducts.ca\/wp-content\/uploads\/2026\/03\/CAT-Lighting-600-Lumen-COB-LED-Rechargeable-Work-Light.png","width":440,"height":440,"caption":"CAT Lighting 600 Lumen COB LED Rechargeable Work Light"},{"@type":"BreadcrumbList","@id":"https:\/\/ksproducts.ca\/product\/cat-lighting-600-lumen-cob-led-rechargeable-work-light\/#breadcrumb","itemListElement":[{"@type":"ListItem","position":1,"name":"Home","item":"https:\/\/ksproducts.ca\/"},{"@type":"ListItem","position":2,"name":"Shop","item":"https:\/\/ksproducts.ca\/shop\/"},{"@type":"ListItem","position":3,"name":"CAT Lighting 600 Lumen COB LED Rechargeable Work Light"}]},{"@type":"WebSite","@id":"https:\/\/ksproducts.ca\/#website","url":"https:\/\/ksproducts.ca\/","name":"Produits Ks","description":"Cuisiner et vivre en plein air, c'est facile au Canada","publisher":{"@id":"https:\/\/ksproducts.ca\/#organization"},"potentialAction":[{"@type":"SearchAction","target":{"@type":"EntryPoint","urlTemplate":"https:\/\/ksproducts.ca\/?s={search_term_string}"},"query-input":{"@type":"PropertyValueSpecification","valueRequired":true,"valueName":"search_term_string"}}],"inLanguage":"fr-CA"},{"@type":"Organization","@id":"https:\/\/ksproducts.ca\/#organization","name":"Produits Ks","url":"https:\/\/ksproducts.ca\/","logo":{"@type":"ImageObject","inLanguage":"fr-CA","@id":"https:\/\/ksproducts.ca\/#\/schema\/logo\/image\/","url":"https:\/\/ksproducts.ca\/wp-content\/uploads\/2023\/09\/Kennedy-Sales-Logo-header-1.png","contentUrl":"https:\/\/ksproducts.ca\/wp-content\/uploads\/2023\/09\/Kennedy-Sales-Logo-header-1.png","width":150,"height":77,"caption":"Ks Products"},"image":{"@id":"https:\/\/ksproducts.ca\/#\/schema\/logo\/image\/"}}]}},"_links":{"self":[{"href":"https:\/\/ksproducts.ca\/fr\/wp-json\/wp\/v2\/product\/12747","targetHints":{"allow":["GET"]}}],"collection":[{"href":"https:\/\/ksproducts.ca\/fr\/wp-json\/wp\/v2\/product"}],"about":[{"href":"https:\/\/ksproducts.ca\/fr\/wp-json\/wp\/v2\/types\/product"}],"replies":[{"embeddable":true,"href":"https:\/\/ksproducts.ca\/fr\/wp-json\/wp\/v2\/comments?post=12747"}],"version-history":[{"count":1,"href":"https:\/\/ksproducts.ca\/fr\/wp-json\/wp\/v2\/product\/12747\/revisions"}],"predecessor-version":[{"id":12749,"href":"https:\/\/ksproducts.ca\/fr\/wp-json\/wp\/v2\/product\/12747\/revisions\/12749"}],"wp:featuredmedia":[{"embeddable":true,"href":"https:\/\/ksproducts.ca\/fr\/wp-json\/wp\/v2\/media\/12748"}],"wp:attachment":[{"href":"https:\/\/ksproducts.ca\/fr\/wp-json\/wp\/v2\/media?parent=12747"}],"wp:term":[{"taxonomy":"product_cat","embeddable":true,"href":"https:\/\/ksproducts.ca\/fr\/wp-json\/wp\/v2\/product_cat?post=12747"},{"taxonomy":"product_tag","embeddable":true,"href":"https:\/\/ksproducts.ca\/fr\/wp-json\/wp\/v2\/product_tag?post=12747"}],"curies":[{"name":"wp","href":"https:\/\/api.w.org\/{rel}","templated":true}]}}