{"id":12753,"date":"2026-03-16T18:52:26","date_gmt":"2026-03-16T18:52:26","guid":{"rendered":"https:\/\/ksproducts.ca\/?post_type=product&#038;p=12753"},"modified":"2026-03-17T15:01:06","modified_gmt":"2026-03-17T15:01:06","slug":"cat-lighting-250-lumen-led-swing-arm-work-light","status":"publish","type":"product","link":"https:\/\/ksproducts.ca\/fr\/product\/cat-lighting-250-lumen-led-swing-arm-work-light\/","title":{"rendered":"CAT Lighting Lampe de travail \u00e0 bras pivotant \u00e0 LED 250 lumens"},"content":{"rendered":"<ul>\n<li>1 Pack de lampes LED puissantes avec une distance de rayonnement allant jusqu'\u00e0 20 m\u00e8tres.<\/li>\n<li>La poign\u00e9e magn\u00e9tique pivotante permet de positionner la lumi\u00e8re l\u00e0 o\u00f9 vous en avez besoin.<\/li>\n<li>Accrocher ou coller \u00e0 la surface magn\u00e9tique pour une utilisation mains libres.<\/li>\n<li>Jusqu'\u00e0 8 heures d'autonomie.<\/li>\n<li>Aliment\u00e9 par 3 piles AA, inclus.<\/li>\n<\/ul>","protected":false},"excerpt":{"rendered":"<p>La lampe de travail LED Swing Arm illuminera n'importe quel travail. Sa poign\u00e9e \u00e0 180 degr\u00e9s, avec des aimants, en fait notre lampe de travail la plus polyvalente \u00e0 ce jour. Les 2 r\u00e9glages de luminosit\u00e9 utilisent la puissante technologie LED pour produire jusqu'\u00e0 250 lumens \u00e0 haute intensit\u00e9 et 150 lumens \u00e0 basse intensit\u00e9. Son design compact et l\u00e9ger permet de la transporter et de la ranger facilement. Cette lampe fonctionne jusqu'\u00e0 8 heures avec 3 piles AA (incluses).<\/p>","protected":false},"featured_media":12754,"comment_status":"open","ping_status":"closed","template":"","meta":[],"product_cat":[451],"product_tag":[],"class_list":{"0":"post-12753","1":"product","2":"type-product","3":"status-publish","4":"has-post-thumbnail","6":"product_cat-tools-equipment","7":"product_shipping_class-class-1","9":"first","10":"instock","11":"taxable","12":"shipping-taxable","13":"purchasable","14":"product-type-simple"},"yoast_head":"<!-- This site is optimized with the Yoast SEO plugin v27.4 - https:\/\/yoast.com\/product\/yoast-seo-wordpress\/ -->\n<title>CAT Lighting 250 Lumen LED Swing Arm Work Light - Ks Products<\/title>\n<meta name=\"robots\" content=\"index, follow, max-snippet:-1, max-image-preview:large, max-video-preview:-1\" \/>\n<link rel=\"canonical\" href=\"https:\/\/ksproducts.ca\/fr\/product\/cat-lighting-250-lumen-led-swing-arm-work-light\/\" \/>\n<meta property=\"og:locale\" content=\"fr_CA\" \/>\n<meta property=\"og:type\" content=\"article\" \/>\n<meta property=\"og:title\" content=\"CAT Lighting 250 Lumen LED Swing Arm Work Light - Ks Products\" \/>\n<meta property=\"og:description\" content=\"The Swing Arm LED Work light will brighten any job. Its 180-degree handle, with magnets, makes it our most versatile task light yet. 2 brightness settings feature powerful LED technology to produce up to 250 lumens on high and 150 lumens on low. Its compact and lightweight design makes portability and storing easy. This light will last up to 8 hours on 3 AA batteries (included).\" \/>\n<meta property=\"og:url\" content=\"https:\/\/ksproducts.ca\/fr\/product\/cat-lighting-250-lumen-led-swing-arm-work-light\/\" \/>\n<meta property=\"og:site_name\" content=\"Ks Products\" \/>\n<meta property=\"article:modified_time\" content=\"2026-03-17T15:01:06+00:00\" \/>\n<meta property=\"og:image\" content=\"https:\/\/ksproducts.ca\/wp-content\/uploads\/2026\/03\/CAT-Lighting-250-Lumen-LED-Swing-Arm-Work-Light.png\" \/>\n\t<meta property=\"og:image:width\" content=\"440\" \/>\n\t<meta property=\"og:image:height\" content=\"440\" \/>\n\t<meta property=\"og:image:type\" content=\"image\/png\" \/>\n<meta name=\"twitter:card\" content=\"summary_large_image\" \/>\n<meta name=\"twitter:label1\" content=\"Estimation du temps de lecture\" \/>\n\t<meta name=\"twitter:data1\" content=\"1 minute\" \/>\n<script type=\"application\/ld+json\" class=\"yoast-schema-graph\">{\"@context\":\"https:\\\/\\\/schema.org\",\"@graph\":[{\"@type\":\"WebPage\",\"@id\":\"https:\\\/\\\/ksproducts.ca\\\/product\\\/cat-lighting-250-lumen-led-swing-arm-work-light\\\/\",\"url\":\"https:\\\/\\\/ksproducts.ca\\\/product\\\/cat-lighting-250-lumen-led-swing-arm-work-light\\\/\",\"name\":\"CAT Lighting 250 Lumen LED Swing Arm Work Light - Ks Products\",\"isPartOf\":{\"@id\":\"https:\\\/\\\/ksproducts.ca\\\/#website\"},\"primaryImageOfPage\":{\"@id\":\"https:\\\/\\\/ksproducts.ca\\\/product\\\/cat-lighting-250-lumen-led-swing-arm-work-light\\\/#primaryimage\"},\"image\":{\"@id\":\"https:\\\/\\\/ksproducts.ca\\\/product\\\/cat-lighting-250-lumen-led-swing-arm-work-light\\\/#primaryimage\"},\"thumbnailUrl\":\"https:\\\/\\\/ksproducts.ca\\\/wp-content\\\/uploads\\\/2026\\\/03\\\/CAT-Lighting-250-Lumen-LED-Swing-Arm-Work-Light.png\",\"datePublished\":\"2026-03-16T18:52:26+00:00\",\"dateModified\":\"2026-03-17T15:01:06+00:00\",\"breadcrumb\":{\"@id\":\"https:\\\/\\\/ksproducts.ca\\\/product\\\/cat-lighting-250-lumen-led-swing-arm-work-light\\\/#breadcrumb\"},\"inLanguage\":\"fr-CA\",\"potentialAction\":[{\"@type\":\"ReadAction\",\"target\":[\"https:\\\/\\\/ksproducts.ca\\\/product\\\/cat-lighting-250-lumen-led-swing-arm-work-light\\\/\"]}]},{\"@type\":\"ImageObject\",\"inLanguage\":\"fr-CA\",\"@id\":\"https:\\\/\\\/ksproducts.ca\\\/product\\\/cat-lighting-250-lumen-led-swing-arm-work-light\\\/#primaryimage\",\"url\":\"https:\\\/\\\/ksproducts.ca\\\/wp-content\\\/uploads\\\/2026\\\/03\\\/CAT-Lighting-250-Lumen-LED-Swing-Arm-Work-Light.png\",\"contentUrl\":\"https:\\\/\\\/ksproducts.ca\\\/wp-content\\\/uploads\\\/2026\\\/03\\\/CAT-Lighting-250-Lumen-LED-Swing-Arm-Work-Light.png\",\"width\":440,\"height\":440,\"caption\":\"CAT Lighting 250 Lumen LED Swing Arm Work Light\"},{\"@type\":\"BreadcrumbList\",\"@id\":\"https:\\\/\\\/ksproducts.ca\\\/product\\\/cat-lighting-250-lumen-led-swing-arm-work-light\\\/#breadcrumb\",\"itemListElement\":[{\"@type\":\"ListItem\",\"position\":1,\"name\":\"Home\",\"item\":\"https:\\\/\\\/ksproducts.ca\\\/\"},{\"@type\":\"ListItem\",\"position\":2,\"name\":\"Shop\",\"item\":\"https:\\\/\\\/ksproducts.ca\\\/shop\\\/\"},{\"@type\":\"ListItem\",\"position\":3,\"name\":\"CAT Lighting 250 Lumen LED Swing Arm Work Light\"}]},{\"@type\":\"WebSite\",\"@id\":\"https:\\\/\\\/ksproducts.ca\\\/#website\",\"url\":\"https:\\\/\\\/ksproducts.ca\\\/\",\"name\":\"Ks Products\",\"description\":\"Outdoor cooking and living, made easy in Canada\",\"publisher\":{\"@id\":\"https:\\\/\\\/ksproducts.ca\\\/#organization\"},\"potentialAction\":[{\"@type\":\"SearchAction\",\"target\":{\"@type\":\"EntryPoint\",\"urlTemplate\":\"https:\\\/\\\/ksproducts.ca\\\/?s={search_term_string}\"},\"query-input\":{\"@type\":\"PropertyValueSpecification\",\"valueRequired\":true,\"valueName\":\"search_term_string\"}}],\"inLanguage\":\"fr-CA\"},{\"@type\":\"Organization\",\"@id\":\"https:\\\/\\\/ksproducts.ca\\\/#organization\",\"name\":\"Ks Products\",\"url\":\"https:\\\/\\\/ksproducts.ca\\\/\",\"logo\":{\"@type\":\"ImageObject\",\"inLanguage\":\"fr-CA\",\"@id\":\"https:\\\/\\\/ksproducts.ca\\\/#\\\/schema\\\/logo\\\/image\\\/\",\"url\":\"https:\\\/\\\/ksproducts.ca\\\/wp-content\\\/uploads\\\/2023\\\/09\\\/Kennedy-Sales-Logo-header-1.png\",\"contentUrl\":\"https:\\\/\\\/ksproducts.ca\\\/wp-content\\\/uploads\\\/2023\\\/09\\\/Kennedy-Sales-Logo-header-1.png\",\"width\":150,\"height\":77,\"caption\":\"Ks Products\"},\"image\":{\"@id\":\"https:\\\/\\\/ksproducts.ca\\\/#\\\/schema\\\/logo\\\/image\\\/\"}}]}<\/script>\n<!-- \/ Yoast SEO plugin. -->","yoast_head_json":{"title":"CAT Lighting 250 Lumen LED Swing Arm Work Light - Ks Products","robots":{"index":"index","follow":"follow","max-snippet":"max-snippet:-1","max-image-preview":"max-image-preview:large","max-video-preview":"max-video-preview:-1"},"canonical":"https:\/\/ksproducts.ca\/fr\/product\/cat-lighting-250-lumen-led-swing-arm-work-light\/","og_locale":"fr_CA","og_type":"article","og_title":"CAT Lighting 250 Lumen LED Swing Arm Work Light - Ks Products","og_description":"The Swing Arm LED Work light will brighten any job. Its 180-degree handle, with magnets, makes it our most versatile task light yet. 2 brightness settings feature powerful LED technology to produce up to 250 lumens on high and 150 lumens on low. Its compact and lightweight design makes portability and storing easy. This light will last up to 8 hours on 3 AA batteries (included).","og_url":"https:\/\/ksproducts.ca\/fr\/product\/cat-lighting-250-lumen-led-swing-arm-work-light\/","og_site_name":"Ks Products","article_modified_time":"2026-03-17T15:01:06+00:00","og_image":[{"width":440,"height":440,"url":"https:\/\/ksproducts.ca\/wp-content\/uploads\/2026\/03\/CAT-Lighting-250-Lumen-LED-Swing-Arm-Work-Light.png","type":"image\/png"}],"twitter_card":"summary_large_image","twitter_misc":{"Estimation du temps de lecture":"1 minute"},"schema":{"@context":"https:\/\/schema.org","@graph":[{"@type":"WebPage","@id":"https:\/\/ksproducts.ca\/product\/cat-lighting-250-lumen-led-swing-arm-work-light\/","url":"https:\/\/ksproducts.ca\/product\/cat-lighting-250-lumen-led-swing-arm-work-light\/","name":"CAT Lighting 250 Lumen LED Swing Arm Work Light - Ks Products","isPartOf":{"@id":"https:\/\/ksproducts.ca\/#website"},"primaryImageOfPage":{"@id":"https:\/\/ksproducts.ca\/product\/cat-lighting-250-lumen-led-swing-arm-work-light\/#primaryimage"},"image":{"@id":"https:\/\/ksproducts.ca\/product\/cat-lighting-250-lumen-led-swing-arm-work-light\/#primaryimage"},"thumbnailUrl":"https:\/\/ksproducts.ca\/wp-content\/uploads\/2026\/03\/CAT-Lighting-250-Lumen-LED-Swing-Arm-Work-Light.png","datePublished":"2026-03-16T18:52:26+00:00","dateModified":"2026-03-17T15:01:06+00:00","breadcrumb":{"@id":"https:\/\/ksproducts.ca\/product\/cat-lighting-250-lumen-led-swing-arm-work-light\/#breadcrumb"},"inLanguage":"fr-CA","potentialAction":[{"@type":"ReadAction","target":["https:\/\/ksproducts.ca\/product\/cat-lighting-250-lumen-led-swing-arm-work-light\/"]}]},{"@type":"ImageObject","inLanguage":"fr-CA","@id":"https:\/\/ksproducts.ca\/product\/cat-lighting-250-lumen-led-swing-arm-work-light\/#primaryimage","url":"https:\/\/ksproducts.ca\/wp-content\/uploads\/2026\/03\/CAT-Lighting-250-Lumen-LED-Swing-Arm-Work-Light.png","contentUrl":"https:\/\/ksproducts.ca\/wp-content\/uploads\/2026\/03\/CAT-Lighting-250-Lumen-LED-Swing-Arm-Work-Light.png","width":440,"height":440,"caption":"CAT Lighting 250 Lumen LED Swing Arm Work Light"},{"@type":"BreadcrumbList","@id":"https:\/\/ksproducts.ca\/product\/cat-lighting-250-lumen-led-swing-arm-work-light\/#breadcrumb","itemListElement":[{"@type":"ListItem","position":1,"name":"Home","item":"https:\/\/ksproducts.ca\/"},{"@type":"ListItem","position":2,"name":"Shop","item":"https:\/\/ksproducts.ca\/shop\/"},{"@type":"ListItem","position":3,"name":"CAT Lighting 250 Lumen LED Swing Arm Work Light"}]},{"@type":"WebSite","@id":"https:\/\/ksproducts.ca\/#website","url":"https:\/\/ksproducts.ca\/","name":"Produits Ks","description":"Cuisiner et vivre en plein air, c'est facile au Canada","publisher":{"@id":"https:\/\/ksproducts.ca\/#organization"},"potentialAction":[{"@type":"SearchAction","target":{"@type":"EntryPoint","urlTemplate":"https:\/\/ksproducts.ca\/?s={search_term_string}"},"query-input":{"@type":"PropertyValueSpecification","valueRequired":true,"valueName":"search_term_string"}}],"inLanguage":"fr-CA"},{"@type":"Organization","@id":"https:\/\/ksproducts.ca\/#organization","name":"Produits Ks","url":"https:\/\/ksproducts.ca\/","logo":{"@type":"ImageObject","inLanguage":"fr-CA","@id":"https:\/\/ksproducts.ca\/#\/schema\/logo\/image\/","url":"https:\/\/ksproducts.ca\/wp-content\/uploads\/2023\/09\/Kennedy-Sales-Logo-header-1.png","contentUrl":"https:\/\/ksproducts.ca\/wp-content\/uploads\/2023\/09\/Kennedy-Sales-Logo-header-1.png","width":150,"height":77,"caption":"Ks Products"},"image":{"@id":"https:\/\/ksproducts.ca\/#\/schema\/logo\/image\/"}}]}},"_links":{"self":[{"href":"https:\/\/ksproducts.ca\/fr\/wp-json\/wp\/v2\/product\/12753","targetHints":{"allow":["GET"]}}],"collection":[{"href":"https:\/\/ksproducts.ca\/fr\/wp-json\/wp\/v2\/product"}],"about":[{"href":"https:\/\/ksproducts.ca\/fr\/wp-json\/wp\/v2\/types\/product"}],"replies":[{"embeddable":true,"href":"https:\/\/ksproducts.ca\/fr\/wp-json\/wp\/v2\/comments?post=12753"}],"version-history":[{"count":2,"href":"https:\/\/ksproducts.ca\/fr\/wp-json\/wp\/v2\/product\/12753\/revisions"}],"predecessor-version":[{"id":12789,"href":"https:\/\/ksproducts.ca\/fr\/wp-json\/wp\/v2\/product\/12753\/revisions\/12789"}],"wp:featuredmedia":[{"embeddable":true,"href":"https:\/\/ksproducts.ca\/fr\/wp-json\/wp\/v2\/media\/12754"}],"wp:attachment":[{"href":"https:\/\/ksproducts.ca\/fr\/wp-json\/wp\/v2\/media?parent=12753"}],"wp:term":[{"taxonomy":"product_cat","embeddable":true,"href":"https:\/\/ksproducts.ca\/fr\/wp-json\/wp\/v2\/product_cat?post=12753"},{"taxonomy":"product_tag","embeddable":true,"href":"https:\/\/ksproducts.ca\/fr\/wp-json\/wp\/v2\/product_tag?post=12753"}],"curies":[{"name":"wp","href":"https:\/\/api.w.org\/{rel}","templated":true}]}}