{"id":12759,"date":"2026-03-16T19:02:12","date_gmt":"2026-03-16T19:02:12","guid":{"rendered":"https:\/\/ksproducts.ca\/?post_type=product&#038;p=12759"},"modified":"2026-03-16T19:02:12","modified_gmt":"2026-03-16T19:02:12","slug":"luxor-kit-de-conversion-en-bureau-debout-a-hauteur-reglable-a-deux-niveaux-avec-levage-manuel-espace-de-travail-compact-noir","status":"publish","type":"product","link":"https:\/\/ksproducts.ca\/fr\/product\/luxor-two-tier-adjustable-height-standing-desk-conversion-kit-with-manual-lift-compact-workspace-black\/","title":{"rendered":"Luxor Kit de conversion en bureau debout \u00e0 deux niveaux et \u00e0 hauteur r\u00e9glable avec \u00e9l\u00e9vation manuelle + espace de travail compact - Noir"},"content":{"rendered":"<ul>\n<li>Conception \u00e0 deux niveaux pour le placement ergonomique du clavier, de la souris et des moniteurs<\/li>\n<li>L'aide \u00e0 levage pneumatique vous aide \u00e0 soulever rapidement et facilement le contenu du bureau<\/li>\n<li>Se rel\u00e8ve en quelques secondes d'une simple traction sur un seul levier<\/li>\n<li>Reste stable m\u00eame \u00e0 sa hauteur maximale<\/li>\n<li>Le pare-chocs \u00e0 ressort assure un abaissement en douceur<\/li>\n<li>\u00c9conomise de l'espace sur le bureau en se soulevant verticalement<\/li>\n<li>Les bords chanfrein\u00e9s assurent le confort des poignets pendant la frappe et le travail.<\/li>\n<li>La gestion int\u00e9gr\u00e9e des c\u00e2bles permet de garder les fils bien rang\u00e9s<\/li>\n<li>Aucun assemblage n'est n\u00e9cessaire<\/li>\n<li>Conforme aux normes ANSI\/BIFMA<\/li>\n<\/ul>","protected":false},"excerpt":{"rendered":"<p>Transformez votre bureau existant en un poste de travail complet et r\u00e9glable en hauteur avec le CVTR PRO de Luxor. La conception ergonomique \u00e0 deux niveaux de ce convertisseur de bureau debout de haute qualit\u00e9 garantit un positionnement parfait de l'\u00e9cran et du clavier, que vous soyez assis ou debout.<\/p>\n<p>L'\u00e9tag\u00e8re sup\u00e9rieure spacieuse peut facilement accueillir deux moniteurs, tandis que l'\u00e9tag\u00e8re inf\u00e9rieure offre suffisamment d'espace pour une souris et un clavier de taille normale. Ne n\u00e9cessitant aucun assemblage, il vous suffit d'installer le convertisseur de bureau sur n'importe quelle surface pour profiter instantan\u00e9ment de la flexibilit\u00e9 d'\u00eatre assis ou debout tout au long de la journ\u00e9e de travail. Gr\u00e2ce \u00e0 l'assistance d'un v\u00e9rin pneumatique, ce bureau assis-debout s'ajuste en douceur et sans effort de sa hauteur minimale \u00e0 sa hauteur maximale (ou n'importe o\u00f9 entre les deux) en quelques secondes. Un amortisseur \u00e0 ressort assure une descente en douceur. Le cadre en acier robuste assure la stabilit\u00e9 et des ann\u00e9es d'utilisation fiable.<\/p>","protected":false},"featured_media":12760,"comment_status":"open","ping_status":"closed","template":"","meta":[],"product_cat":[434],"product_tag":[],"class_list":{"0":"post-12759","1":"product","2":"type-product","3":"status-publish","4":"has-post-thumbnail","6":"product_cat-desks","7":"product_shipping_class-class-4","9":"first","10":"instock","11":"taxable","12":"shipping-taxable","13":"purchasable","14":"product-type-simple"},"yoast_head":"<!-- This site is optimized with the Yoast SEO plugin v27.3 - https:\/\/yoast.com\/product\/yoast-seo-wordpress\/ -->\n<title>Luxor Two-Tier Adjustable-Height Standing Desk Conversion Kit with Manual Lift + Compact Workspace - Black - Ks Products<\/title>\n<meta name=\"robots\" content=\"index, follow, max-snippet:-1, max-image-preview:large, max-video-preview:-1\" \/>\n<link rel=\"canonical\" href=\"https:\/\/ksproducts.ca\/fr\/product\/luxor-kit-de-conversion-en-bureau-debout-a-hauteur-reglable-a-deux-niveaux-avec-levage-manuel-espace-de-travail-compact-noir\/\" \/>\n<meta property=\"og:locale\" content=\"fr_CA\" \/>\n<meta property=\"og:type\" content=\"article\" \/>\n<meta property=\"og:title\" content=\"Luxor Two-Tier Adjustable-Height Standing Desk Conversion Kit with Manual Lift + Compact Workspace - Black - Ks Products\" \/>\n<meta property=\"og:description\" content=\"Convert your existing desk into a full-featured height-adjustable workstation with the affordable CVTR PRO from Luxor. This high-quality standing desk converters&#039; ergonomic two-tier design ensures the perfect monitor and keyboard placement, whether you&#039;re sitting or standing.  The spacious top shelf easily fits dual-monitors, while the lower shelf offers plenty of room for a mouse and a full-sized keyboard. With zero assembly required, you can simply set the desktop converter on any surface and instantly enjoy the flexibility of sitting or standing throughout the workday. With a pneumatic air cylinder lift assist, this sit-to-stand desk smoothly and effortlessly adjusts from its minimum to its maximum height (or anywhere in between) in seconds. A spring-loaded bumper ensures gentle lowering. The sturdy steel frame provides stability and years of dependable use.\" \/>\n<meta property=\"og:url\" content=\"https:\/\/ksproducts.ca\/fr\/product\/luxor-kit-de-conversion-en-bureau-debout-a-hauteur-reglable-a-deux-niveaux-avec-levage-manuel-espace-de-travail-compact-noir\/\" \/>\n<meta property=\"og:site_name\" content=\"Ks Products\" \/>\n<meta property=\"og:image\" content=\"https:\/\/ksproducts.ca\/wp-content\/uploads\/2026\/03\/Luxor-Two-Tier-Adjustable-Height-Standing-Desk-Conversion-Kit-with-Manual-Lift-Compact-Workspace-Black.jpg\" \/>\n\t<meta property=\"og:image:width\" content=\"600\" \/>\n\t<meta property=\"og:image:height\" content=\"600\" \/>\n\t<meta property=\"og:image:type\" content=\"image\/jpeg\" \/>\n<meta name=\"twitter:card\" content=\"summary_large_image\" \/>\n<meta name=\"twitter:label1\" content=\"Estimation du temps de lecture\" \/>\n\t<meta name=\"twitter:data1\" content=\"1 minute\" \/>\n<script type=\"application\/ld+json\" class=\"yoast-schema-graph\">{\"@context\":\"https:\\\/\\\/schema.org\",\"@graph\":[{\"@type\":\"WebPage\",\"@id\":\"https:\\\/\\\/ksproducts.ca\\\/product\\\/luxor-two-tier-adjustable-height-standing-desk-conversion-kit-with-manual-lift-compact-workspace-black\\\/\",\"url\":\"https:\\\/\\\/ksproducts.ca\\\/product\\\/luxor-two-tier-adjustable-height-standing-desk-conversion-kit-with-manual-lift-compact-workspace-black\\\/\",\"name\":\"Luxor Two-Tier Adjustable-Height Standing Desk Conversion Kit with Manual Lift + Compact Workspace - Black - Ks Products\",\"isPartOf\":{\"@id\":\"https:\\\/\\\/ksproducts.ca\\\/#website\"},\"primaryImageOfPage\":{\"@id\":\"https:\\\/\\\/ksproducts.ca\\\/product\\\/luxor-two-tier-adjustable-height-standing-desk-conversion-kit-with-manual-lift-compact-workspace-black\\\/#primaryimage\"},\"image\":{\"@id\":\"https:\\\/\\\/ksproducts.ca\\\/product\\\/luxor-two-tier-adjustable-height-standing-desk-conversion-kit-with-manual-lift-compact-workspace-black\\\/#primaryimage\"},\"thumbnailUrl\":\"https:\\\/\\\/ksproducts.ca\\\/wp-content\\\/uploads\\\/2026\\\/03\\\/Luxor-Two-Tier-Adjustable-Height-Standing-Desk-Conversion-Kit-with-Manual-Lift-Compact-Workspace-Black.jpg\",\"datePublished\":\"2026-03-16T19:02:12+00:00\",\"breadcrumb\":{\"@id\":\"https:\\\/\\\/ksproducts.ca\\\/product\\\/luxor-two-tier-adjustable-height-standing-desk-conversion-kit-with-manual-lift-compact-workspace-black\\\/#breadcrumb\"},\"inLanguage\":\"fr-CA\",\"potentialAction\":[{\"@type\":\"ReadAction\",\"target\":[\"https:\\\/\\\/ksproducts.ca\\\/product\\\/luxor-two-tier-adjustable-height-standing-desk-conversion-kit-with-manual-lift-compact-workspace-black\\\/\"]}]},{\"@type\":\"ImageObject\",\"inLanguage\":\"fr-CA\",\"@id\":\"https:\\\/\\\/ksproducts.ca\\\/product\\\/luxor-two-tier-adjustable-height-standing-desk-conversion-kit-with-manual-lift-compact-workspace-black\\\/#primaryimage\",\"url\":\"https:\\\/\\\/ksproducts.ca\\\/wp-content\\\/uploads\\\/2026\\\/03\\\/Luxor-Two-Tier-Adjustable-Height-Standing-Desk-Conversion-Kit-with-Manual-Lift-Compact-Workspace-Black.jpg\",\"contentUrl\":\"https:\\\/\\\/ksproducts.ca\\\/wp-content\\\/uploads\\\/2026\\\/03\\\/Luxor-Two-Tier-Adjustable-Height-Standing-Desk-Conversion-Kit-with-Manual-Lift-Compact-Workspace-Black.jpg\",\"width\":600,\"height\":600,\"caption\":\"Luxor Two Tier Adjustable Height Standing Desk Conversion Kit with Manual Lift + Compact Workspace Black\"},{\"@type\":\"BreadcrumbList\",\"@id\":\"https:\\\/\\\/ksproducts.ca\\\/product\\\/luxor-two-tier-adjustable-height-standing-desk-conversion-kit-with-manual-lift-compact-workspace-black\\\/#breadcrumb\",\"itemListElement\":[{\"@type\":\"ListItem\",\"position\":1,\"name\":\"Home\",\"item\":\"https:\\\/\\\/ksproducts.ca\\\/\"},{\"@type\":\"ListItem\",\"position\":2,\"name\":\"Shop\",\"item\":\"https:\\\/\\\/ksproducts.ca\\\/shop\\\/\"},{\"@type\":\"ListItem\",\"position\":3,\"name\":\"Luxor Two-Tier Adjustable-Height Standing Desk Conversion Kit with Manual Lift + Compact Workspace &#8211; Black\"}]},{\"@type\":\"WebSite\",\"@id\":\"https:\\\/\\\/ksproducts.ca\\\/#website\",\"url\":\"https:\\\/\\\/ksproducts.ca\\\/\",\"name\":\"Ks Products\",\"description\":\"Outdoor cooking and living, made easy in Canada\",\"publisher\":{\"@id\":\"https:\\\/\\\/ksproducts.ca\\\/#organization\"},\"potentialAction\":[{\"@type\":\"SearchAction\",\"target\":{\"@type\":\"EntryPoint\",\"urlTemplate\":\"https:\\\/\\\/ksproducts.ca\\\/?s={search_term_string}\"},\"query-input\":{\"@type\":\"PropertyValueSpecification\",\"valueRequired\":true,\"valueName\":\"search_term_string\"}}],\"inLanguage\":\"fr-CA\"},{\"@type\":\"Organization\",\"@id\":\"https:\\\/\\\/ksproducts.ca\\\/#organization\",\"name\":\"Ks Products\",\"url\":\"https:\\\/\\\/ksproducts.ca\\\/\",\"logo\":{\"@type\":\"ImageObject\",\"inLanguage\":\"fr-CA\",\"@id\":\"https:\\\/\\\/ksproducts.ca\\\/#\\\/schema\\\/logo\\\/image\\\/\",\"url\":\"https:\\\/\\\/ksproducts.ca\\\/wp-content\\\/uploads\\\/2023\\\/09\\\/Kennedy-Sales-Logo-header-1.png\",\"contentUrl\":\"https:\\\/\\\/ksproducts.ca\\\/wp-content\\\/uploads\\\/2023\\\/09\\\/Kennedy-Sales-Logo-header-1.png\",\"width\":150,\"height\":77,\"caption\":\"Ks Products\"},\"image\":{\"@id\":\"https:\\\/\\\/ksproducts.ca\\\/#\\\/schema\\\/logo\\\/image\\\/\"}}]}<\/script>\n<!-- \/ Yoast SEO plugin. -->","yoast_head_json":{"title":"Luxor Kit de conversion en bureau debout \u00e0 deux niveaux et \u00e0 hauteur r\u00e9glable avec \u00e9l\u00e9vation manuelle + espace de travail compact - Noir - Ks Products","robots":{"index":"index","follow":"follow","max-snippet":"max-snippet:-1","max-image-preview":"max-image-preview:large","max-video-preview":"max-video-preview:-1"},"canonical":"https:\/\/ksproducts.ca\/fr\/product\/luxor-kit-de-conversion-en-bureau-debout-a-hauteur-reglable-a-deux-niveaux-avec-levage-manuel-espace-de-travail-compact-noir\/","og_locale":"fr_CA","og_type":"article","og_title":"Luxor Two-Tier Adjustable-Height Standing Desk Conversion Kit with Manual Lift + Compact Workspace - Black - Ks Products","og_description":"Convert your existing desk into a full-featured height-adjustable workstation with the affordable CVTR PRO from Luxor. This high-quality standing desk converters' ergonomic two-tier design ensures the perfect monitor and keyboard placement, whether you're sitting or standing.  The spacious top shelf easily fits dual-monitors, while the lower shelf offers plenty of room for a mouse and a full-sized keyboard. With zero assembly required, you can simply set the desktop converter on any surface and instantly enjoy the flexibility of sitting or standing throughout the workday. With a pneumatic air cylinder lift assist, this sit-to-stand desk smoothly and effortlessly adjusts from its minimum to its maximum height (or anywhere in between) in seconds. A spring-loaded bumper ensures gentle lowering. The sturdy steel frame provides stability and years of dependable use.","og_url":"https:\/\/ksproducts.ca\/fr\/product\/luxor-kit-de-conversion-en-bureau-debout-a-hauteur-reglable-a-deux-niveaux-avec-levage-manuel-espace-de-travail-compact-noir\/","og_site_name":"Ks Products","og_image":[{"width":600,"height":600,"url":"https:\/\/ksproducts.ca\/wp-content\/uploads\/2026\/03\/Luxor-Two-Tier-Adjustable-Height-Standing-Desk-Conversion-Kit-with-Manual-Lift-Compact-Workspace-Black.jpg","type":"image\/jpeg"}],"twitter_card":"summary_large_image","twitter_misc":{"Estimation du temps de lecture":"1 minute"},"schema":{"@context":"https:\/\/schema.org","@graph":[{"@type":"WebPage","@id":"https:\/\/ksproducts.ca\/product\/luxor-two-tier-adjustable-height-standing-desk-conversion-kit-with-manual-lift-compact-workspace-black\/","url":"https:\/\/ksproducts.ca\/product\/luxor-two-tier-adjustable-height-standing-desk-conversion-kit-with-manual-lift-compact-workspace-black\/","name":"Luxor Kit de conversion en bureau debout \u00e0 deux niveaux et \u00e0 hauteur r\u00e9glable avec \u00e9l\u00e9vation manuelle + espace de travail compact - Noir - Ks Products","isPartOf":{"@id":"https:\/\/ksproducts.ca\/#website"},"primaryImageOfPage":{"@id":"https:\/\/ksproducts.ca\/product\/luxor-two-tier-adjustable-height-standing-desk-conversion-kit-with-manual-lift-compact-workspace-black\/#primaryimage"},"image":{"@id":"https:\/\/ksproducts.ca\/product\/luxor-two-tier-adjustable-height-standing-desk-conversion-kit-with-manual-lift-compact-workspace-black\/#primaryimage"},"thumbnailUrl":"https:\/\/ksproducts.ca\/wp-content\/uploads\/2026\/03\/Luxor-Two-Tier-Adjustable-Height-Standing-Desk-Conversion-Kit-with-Manual-Lift-Compact-Workspace-Black.jpg","datePublished":"2026-03-16T19:02:12+00:00","breadcrumb":{"@id":"https:\/\/ksproducts.ca\/product\/luxor-two-tier-adjustable-height-standing-desk-conversion-kit-with-manual-lift-compact-workspace-black\/#breadcrumb"},"inLanguage":"fr-CA","potentialAction":[{"@type":"ReadAction","target":["https:\/\/ksproducts.ca\/product\/luxor-two-tier-adjustable-height-standing-desk-conversion-kit-with-manual-lift-compact-workspace-black\/"]}]},{"@type":"ImageObject","inLanguage":"fr-CA","@id":"https:\/\/ksproducts.ca\/product\/luxor-two-tier-adjustable-height-standing-desk-conversion-kit-with-manual-lift-compact-workspace-black\/#primaryimage","url":"https:\/\/ksproducts.ca\/wp-content\/uploads\/2026\/03\/Luxor-Two-Tier-Adjustable-Height-Standing-Desk-Conversion-Kit-with-Manual-Lift-Compact-Workspace-Black.jpg","contentUrl":"https:\/\/ksproducts.ca\/wp-content\/uploads\/2026\/03\/Luxor-Two-Tier-Adjustable-Height-Standing-Desk-Conversion-Kit-with-Manual-Lift-Compact-Workspace-Black.jpg","width":600,"height":600,"caption":"Luxor Two Tier Adjustable Height Standing Desk Conversion Kit with Manual Lift + Compact Workspace Black"},{"@type":"BreadcrumbList","@id":"https:\/\/ksproducts.ca\/product\/luxor-two-tier-adjustable-height-standing-desk-conversion-kit-with-manual-lift-compact-workspace-black\/#breadcrumb","itemListElement":[{"@type":"ListItem","position":1,"name":"Home","item":"https:\/\/ksproducts.ca\/"},{"@type":"ListItem","position":2,"name":"Shop","item":"https:\/\/ksproducts.ca\/shop\/"},{"@type":"ListItem","position":3,"name":"Luxor Two-Tier Adjustable-Height Standing Desk Conversion Kit with Manual Lift + Compact Workspace &#8211; Black"}]},{"@type":"WebSite","@id":"https:\/\/ksproducts.ca\/#website","url":"https:\/\/ksproducts.ca\/","name":"Produits Ks","description":"Cuisiner et vivre en plein air, c'est facile au Canada","publisher":{"@id":"https:\/\/ksproducts.ca\/#organization"},"potentialAction":[{"@type":"SearchAction","target":{"@type":"EntryPoint","urlTemplate":"https:\/\/ksproducts.ca\/?s={search_term_string}"},"query-input":{"@type":"PropertyValueSpecification","valueRequired":true,"valueName":"search_term_string"}}],"inLanguage":"fr-CA"},{"@type":"Organization","@id":"https:\/\/ksproducts.ca\/#organization","name":"Produits Ks","url":"https:\/\/ksproducts.ca\/","logo":{"@type":"ImageObject","inLanguage":"fr-CA","@id":"https:\/\/ksproducts.ca\/#\/schema\/logo\/image\/","url":"https:\/\/ksproducts.ca\/wp-content\/uploads\/2023\/09\/Kennedy-Sales-Logo-header-1.png","contentUrl":"https:\/\/ksproducts.ca\/wp-content\/uploads\/2023\/09\/Kennedy-Sales-Logo-header-1.png","width":150,"height":77,"caption":"Ks Products"},"image":{"@id":"https:\/\/ksproducts.ca\/#\/schema\/logo\/image\/"}}]}},"_links":{"self":[{"href":"https:\/\/ksproducts.ca\/fr\/wp-json\/wp\/v2\/product\/12759","targetHints":{"allow":["GET"]}}],"collection":[{"href":"https:\/\/ksproducts.ca\/fr\/wp-json\/wp\/v2\/product"}],"about":[{"href":"https:\/\/ksproducts.ca\/fr\/wp-json\/wp\/v2\/types\/product"}],"replies":[{"embeddable":true,"href":"https:\/\/ksproducts.ca\/fr\/wp-json\/wp\/v2\/comments?post=12759"}],"version-history":[{"count":1,"href":"https:\/\/ksproducts.ca\/fr\/wp-json\/wp\/v2\/product\/12759\/revisions"}],"predecessor-version":[{"id":12761,"href":"https:\/\/ksproducts.ca\/fr\/wp-json\/wp\/v2\/product\/12759\/revisions\/12761"}],"wp:featuredmedia":[{"embeddable":true,"href":"https:\/\/ksproducts.ca\/fr\/wp-json\/wp\/v2\/media\/12760"}],"wp:attachment":[{"href":"https:\/\/ksproducts.ca\/fr\/wp-json\/wp\/v2\/media?parent=12759"}],"wp:term":[{"taxonomy":"product_cat","embeddable":true,"href":"https:\/\/ksproducts.ca\/fr\/wp-json\/wp\/v2\/product_cat?post=12759"},{"taxonomy":"product_tag","embeddable":true,"href":"https:\/\/ksproducts.ca\/fr\/wp-json\/wp\/v2\/product_tag?post=12759"}],"curies":[{"name":"wp","href":"https:\/\/api.w.org\/{rel}","templated":true}]}}