{"id":12765,"date":"2026-03-16T19:10:35","date_gmt":"2026-03-16T19:10:35","guid":{"rendered":"https:\/\/ksproducts.ca\/?post_type=product&#038;p=12765"},"modified":"2026-03-16T19:10:36","modified_gmt":"2026-03-16T19:10:36","slug":"luxor-2-shelters-heavy-duty-plastic-utility-cart-with-flat-shelf-tub-shelf-hooks-and-holder-500lb-weight-capacity-black","status":"publish","type":"product","link":"https:\/\/ksproducts.ca\/fr\/product\/luxor-2-shelf-heavy-duty-plastic-utility-cart-with-flat-shelf-tub-shelf-hooks-and-holder-500lb-weight-capacity-black\/","title":{"rendered":"Luxor 2-Shelf Heavy-Duty Plastic Utility Cart with Flat Shelf &amp; Tub Shelf, Hooks, and Holder - 500lb Weight Capacity - Black (chariot utilitaire en plastique robuste \u00e0 2 \u00e9tages avec \u00e9tag\u00e8re plate et \u00e9tag\u00e8re pour baignoire, crochets et support)."},"content":{"rendered":"<ul>\n<li>Le chariot \u00e0 deux \u00e9tag\u00e8res convient aux entrep\u00f4ts, aux magasins, aux garages, \u00e0 l'h\u00f4tellerie et aux bureaux.<\/li>\n<li>Construction robuste ; ne rouille pas, ne se cabosse pas, ne se raye pas et ne se tache pas.<\/li>\n<li>Tablettes en PEHD (poly\u00e9thyl\u00e8ne haute densit\u00e9) renforc\u00e9es par de l'acier<\/li>\n<li>Pieds en PVC extra-larges pour une meilleure stabilit\u00e9 et une plus grande capacit\u00e9 de charge<\/li>\n<li>Les \u00e9tag\u00e8res de la cuve, d'une profondeur de 2,5\u2033, maintiennent le contenu en place en toute s\u00e9curit\u00e9.<\/li>\n<li>Poign\u00e9e de pouss\u00e9e ergonomique moul\u00e9e dans l'\u00e9tag\u00e8re sup\u00e9rieure<\/li>\n<li>Roulettes robustes de 5\u2033, dont deux avec freins de blocage<\/li>\n<li>Capacit\u00e9 de charge maximale : 500 livres (250 livres par \u00e9tag\u00e8re, r\u00e9partis uniform\u00e9ment)<\/li>\n<li>Barres de renforcement des \u00e9tag\u00e8res en acier<\/li>\n<li>Jeu de crochets d'\u00e9chelle<\/li>\n<li>Jeu de supports lat\u00e9raux repositionnables qui se fixent au chariot (deux hauteurs disponibles)<\/li>\n<li>Jeu de porte-bobines mobiles (deux hauteurs disponibles)<\/li>\n<\/ul>","protected":false},"excerpt":{"rendered":"<p>Ce chariot industriel polyvalent, robuste et dot\u00e9 de nombreuses fonctionnalit\u00e9s permet de r\u00e9aliser pratiquement n'importe quel projet. Bas\u00e9 sur notre chariot EC11HD-B le plus vendu, ce chariot de service de qualit\u00e9 commerciale comprend un support d'\u00e9chelle, des supports lat\u00e9raux repositionnables pour les articles longs et un support de bobine pour un stockage et un acc\u00e8s faciles aux fils, c\u00e2bles et autres rouleaux.<\/p>\n<p>Fabriqu\u00e9 en poly\u00e9thyl\u00e8ne haute densit\u00e9 (PEHD) avec des \u00e9tag\u00e8res renforc\u00e9es en acier et des pieds en PVC extra-larges qui ajoutent de la force et am\u00e9liorent la stabilit\u00e9, ce chariot robuste peut contenir et transf\u00e9rer des charges allant jusqu'\u00e0 500 livres (250 livres par \u00e9tag\u00e8re, r\u00e9parties uniform\u00e9ment). La poign\u00e9e de pouss\u00e9e ergonomique et les roulettes HD de 5\u201d enti\u00e8rement pivotantes permettent de faire glisser facilement le chariot dans les environnements int\u00e9rieurs et ext\u00e9rieurs ; il suffit d'enclencher les deux freins de verrouillage pour que le chariot reste immobile. Ce chariot utilitaire polyvalent est id\u00e9al pour une grande vari\u00e9t\u00e9 de t\u00e2ches commerciales et industrielles.<\/p>","protected":false},"featured_media":12766,"comment_status":"open","ping_status":"closed","template":"","meta":[],"product_cat":[434],"product_tag":[],"class_list":{"0":"post-12765","1":"product","2":"type-product","3":"status-publish","4":"has-post-thumbnail","6":"product_cat-desks","7":"product_shipping_class-class-2","9":"first","10":"instock","11":"taxable","12":"shipping-taxable","13":"purchasable","14":"product-type-simple"},"yoast_head":"<!-- This site is optimized with the Yoast SEO plugin v27.3 - https:\/\/yoast.com\/product\/yoast-seo-wordpress\/ -->\n<title>Luxor 2-Shelf Heavy-Duty Plastic Utility Cart with Flat Shelf &amp; Tub Shelf, Hooks, and Holder - 500lb Weight Capacity - Black - Ks Products<\/title>\n<meta name=\"robots\" content=\"index, follow, max-snippet:-1, max-image-preview:large, max-video-preview:-1\" \/>\n<link rel=\"canonical\" href=\"https:\/\/ksproducts.ca\/fr\/product\/luxor-2-shelters-heavy-duty-plastic-utility-cart-with-flat-shelf-tub-shelf-hooks-and-holder-500lb-weight-capacity-black\/\" \/>\n<meta property=\"og:locale\" content=\"fr_CA\" \/>\n<meta property=\"og:type\" content=\"article\" \/>\n<meta property=\"og:title\" content=\"Luxor 2-Shelf Heavy-Duty Plastic Utility Cart with Flat Shelf &amp; Tub Shelf, Hooks, and Holder - 500lb Weight Capacity - Black - Ks Products\" \/>\n<meta property=\"og:description\" content=\"Tackle virtually any project with this versatile, feature-packed, and sturdy industrial cart from Luxor. Based on our best-selling EC11HD-B cart, this commercial-grade service cart includes a ladder holder, repositionable side brackets for lengthy items, and a spool holder for easy storage and access to wire, cable, and other rolls.  Constructed from high-density polyethylene (HDPE) with steel-reinforced shelves and extra-wide PVC legs that add strength and enhance stability, this heavy-duty cart can hold and transfer loads up to 500 lbs. (250 lbs. per shelf, evenly distributed). Easily glide the tub cart across indoor and outdoor environments using the ergonomic push handle and 5\u201d full-swivel HD casters; simply engage the two locking breaks when you need to keep the cart stationary. This multi-purpose utility cart is ideal for a wide variety of commercial and industrial tasks.\" \/>\n<meta property=\"og:url\" content=\"https:\/\/ksproducts.ca\/fr\/product\/luxor-2-shelters-heavy-duty-plastic-utility-cart-with-flat-shelf-tub-shelf-hooks-and-holder-500lb-weight-capacity-black\/\" \/>\n<meta property=\"og:site_name\" content=\"Ks Products\" \/>\n<meta property=\"article:modified_time\" content=\"2026-03-16T19:10:36+00:00\" \/>\n<meta property=\"og:image\" content=\"https:\/\/ksproducts.ca\/wp-content\/uploads\/2026\/03\/Luxor-2-Shelf-Heavy-Duty-Plastic-Utility-Cart-with-Flat-Shelf-Tub-Shelf-Hooks-and-Holder-500lb-Weight-Capacity-Black.jpg\" \/>\n\t<meta property=\"og:image:width\" content=\"600\" \/>\n\t<meta property=\"og:image:height\" content=\"600\" \/>\n\t<meta property=\"og:image:type\" content=\"image\/jpeg\" \/>\n<meta name=\"twitter:card\" content=\"summary_large_image\" \/>\n<meta name=\"twitter:label1\" content=\"Estimation du temps de lecture\" \/>\n\t<meta name=\"twitter:data1\" content=\"1 minute\" \/>\n<script type=\"application\/ld+json\" class=\"yoast-schema-graph\">{\"@context\":\"https:\\\/\\\/schema.org\",\"@graph\":[{\"@type\":\"WebPage\",\"@id\":\"https:\\\/\\\/ksproducts.ca\\\/product\\\/luxor-2-shelf-heavy-duty-plastic-utility-cart-with-flat-shelf-tub-shelf-hooks-and-holder-500lb-weight-capacity-black\\\/\",\"url\":\"https:\\\/\\\/ksproducts.ca\\\/product\\\/luxor-2-shelf-heavy-duty-plastic-utility-cart-with-flat-shelf-tub-shelf-hooks-and-holder-500lb-weight-capacity-black\\\/\",\"name\":\"Luxor 2-Shelf Heavy-Duty Plastic Utility Cart with Flat Shelf & Tub Shelf, Hooks, and Holder - 500lb Weight Capacity - Black - Ks Products\",\"isPartOf\":{\"@id\":\"https:\\\/\\\/ksproducts.ca\\\/#website\"},\"primaryImageOfPage\":{\"@id\":\"https:\\\/\\\/ksproducts.ca\\\/product\\\/luxor-2-shelf-heavy-duty-plastic-utility-cart-with-flat-shelf-tub-shelf-hooks-and-holder-500lb-weight-capacity-black\\\/#primaryimage\"},\"image\":{\"@id\":\"https:\\\/\\\/ksproducts.ca\\\/product\\\/luxor-2-shelf-heavy-duty-plastic-utility-cart-with-flat-shelf-tub-shelf-hooks-and-holder-500lb-weight-capacity-black\\\/#primaryimage\"},\"thumbnailUrl\":\"https:\\\/\\\/ksproducts.ca\\\/wp-content\\\/uploads\\\/2026\\\/03\\\/Luxor-2-Shelf-Heavy-Duty-Plastic-Utility-Cart-with-Flat-Shelf-Tub-Shelf-Hooks-and-Holder-500lb-Weight-Capacity-Black.jpg\",\"datePublished\":\"2026-03-16T19:10:35+00:00\",\"dateModified\":\"2026-03-16T19:10:36+00:00\",\"breadcrumb\":{\"@id\":\"https:\\\/\\\/ksproducts.ca\\\/product\\\/luxor-2-shelf-heavy-duty-plastic-utility-cart-with-flat-shelf-tub-shelf-hooks-and-holder-500lb-weight-capacity-black\\\/#breadcrumb\"},\"inLanguage\":\"fr-CA\",\"potentialAction\":[{\"@type\":\"ReadAction\",\"target\":[\"https:\\\/\\\/ksproducts.ca\\\/product\\\/luxor-2-shelf-heavy-duty-plastic-utility-cart-with-flat-shelf-tub-shelf-hooks-and-holder-500lb-weight-capacity-black\\\/\"]}]},{\"@type\":\"ImageObject\",\"inLanguage\":\"fr-CA\",\"@id\":\"https:\\\/\\\/ksproducts.ca\\\/product\\\/luxor-2-shelf-heavy-duty-plastic-utility-cart-with-flat-shelf-tub-shelf-hooks-and-holder-500lb-weight-capacity-black\\\/#primaryimage\",\"url\":\"https:\\\/\\\/ksproducts.ca\\\/wp-content\\\/uploads\\\/2026\\\/03\\\/Luxor-2-Shelf-Heavy-Duty-Plastic-Utility-Cart-with-Flat-Shelf-Tub-Shelf-Hooks-and-Holder-500lb-Weight-Capacity-Black.jpg\",\"contentUrl\":\"https:\\\/\\\/ksproducts.ca\\\/wp-content\\\/uploads\\\/2026\\\/03\\\/Luxor-2-Shelf-Heavy-Duty-Plastic-Utility-Cart-with-Flat-Shelf-Tub-Shelf-Hooks-and-Holder-500lb-Weight-Capacity-Black.jpg\",\"width\":600,\"height\":600,\"caption\":\"Luxor 2 Shelf Heavy Duty Plastic Utility Cart with Flat Shelf & Tub Shelf, Hooks, and Holder 500lb Weight Capacity Black\"},{\"@type\":\"BreadcrumbList\",\"@id\":\"https:\\\/\\\/ksproducts.ca\\\/product\\\/luxor-2-shelf-heavy-duty-plastic-utility-cart-with-flat-shelf-tub-shelf-hooks-and-holder-500lb-weight-capacity-black\\\/#breadcrumb\",\"itemListElement\":[{\"@type\":\"ListItem\",\"position\":1,\"name\":\"Home\",\"item\":\"https:\\\/\\\/ksproducts.ca\\\/\"},{\"@type\":\"ListItem\",\"position\":2,\"name\":\"Shop\",\"item\":\"https:\\\/\\\/ksproducts.ca\\\/shop\\\/\"},{\"@type\":\"ListItem\",\"position\":3,\"name\":\"Luxor 2-Shelf Heavy-Duty Plastic Utility Cart with Flat Shelf &#038; Tub Shelf, Hooks, and Holder &#8211; 500lb Weight Capacity &#8211; Black\"}]},{\"@type\":\"WebSite\",\"@id\":\"https:\\\/\\\/ksproducts.ca\\\/#website\",\"url\":\"https:\\\/\\\/ksproducts.ca\\\/\",\"name\":\"Ks Products\",\"description\":\"Outdoor cooking and living, made easy in Canada\",\"publisher\":{\"@id\":\"https:\\\/\\\/ksproducts.ca\\\/#organization\"},\"potentialAction\":[{\"@type\":\"SearchAction\",\"target\":{\"@type\":\"EntryPoint\",\"urlTemplate\":\"https:\\\/\\\/ksproducts.ca\\\/?s={search_term_string}\"},\"query-input\":{\"@type\":\"PropertyValueSpecification\",\"valueRequired\":true,\"valueName\":\"search_term_string\"}}],\"inLanguage\":\"fr-CA\"},{\"@type\":\"Organization\",\"@id\":\"https:\\\/\\\/ksproducts.ca\\\/#organization\",\"name\":\"Ks Products\",\"url\":\"https:\\\/\\\/ksproducts.ca\\\/\",\"logo\":{\"@type\":\"ImageObject\",\"inLanguage\":\"fr-CA\",\"@id\":\"https:\\\/\\\/ksproducts.ca\\\/#\\\/schema\\\/logo\\\/image\\\/\",\"url\":\"https:\\\/\\\/ksproducts.ca\\\/wp-content\\\/uploads\\\/2023\\\/09\\\/Kennedy-Sales-Logo-header-1.png\",\"contentUrl\":\"https:\\\/\\\/ksproducts.ca\\\/wp-content\\\/uploads\\\/2023\\\/09\\\/Kennedy-Sales-Logo-header-1.png\",\"width\":150,\"height\":77,\"caption\":\"Ks Products\"},\"image\":{\"@id\":\"https:\\\/\\\/ksproducts.ca\\\/#\\\/schema\\\/logo\\\/image\\\/\"}}]}<\/script>\n<!-- \/ Yoast SEO plugin. -->","yoast_head_json":{"title":"Luxor 2-Shelf Heavy-Duty Plastic Utility Cart with Flat Shelf &amp; Tub Shelf, Hooks, and Holder - 500lb Weight Capacity - Black - Ks Products","robots":{"index":"index","follow":"follow","max-snippet":"max-snippet:-1","max-image-preview":"max-image-preview:large","max-video-preview":"max-video-preview:-1"},"canonical":"https:\/\/ksproducts.ca\/fr\/product\/luxor-2-shelters-heavy-duty-plastic-utility-cart-with-flat-shelf-tub-shelf-hooks-and-holder-500lb-weight-capacity-black\/","og_locale":"fr_CA","og_type":"article","og_title":"Luxor 2-Shelf Heavy-Duty Plastic Utility Cart with Flat Shelf & Tub Shelf, Hooks, and Holder - 500lb Weight Capacity - Black - Ks Products","og_description":"Tackle virtually any project with this versatile, feature-packed, and sturdy industrial cart from Luxor. Based on our best-selling EC11HD-B cart, this commercial-grade service cart includes a ladder holder, repositionable side brackets for lengthy items, and a spool holder for easy storage and access to wire, cable, and other rolls.  Constructed from high-density polyethylene (HDPE) with steel-reinforced shelves and extra-wide PVC legs that add strength and enhance stability, this heavy-duty cart can hold and transfer loads up to 500 lbs. (250 lbs. per shelf, evenly distributed). Easily glide the tub cart across indoor and outdoor environments using the ergonomic push handle and 5\u201d full-swivel HD casters; simply engage the two locking breaks when you need to keep the cart stationary. This multi-purpose utility cart is ideal for a wide variety of commercial and industrial tasks.","og_url":"https:\/\/ksproducts.ca\/fr\/product\/luxor-2-shelters-heavy-duty-plastic-utility-cart-with-flat-shelf-tub-shelf-hooks-and-holder-500lb-weight-capacity-black\/","og_site_name":"Ks Products","article_modified_time":"2026-03-16T19:10:36+00:00","og_image":[{"width":600,"height":600,"url":"https:\/\/ksproducts.ca\/wp-content\/uploads\/2026\/03\/Luxor-2-Shelf-Heavy-Duty-Plastic-Utility-Cart-with-Flat-Shelf-Tub-Shelf-Hooks-and-Holder-500lb-Weight-Capacity-Black.jpg","type":"image\/jpeg"}],"twitter_card":"summary_large_image","twitter_misc":{"Estimation du temps de lecture":"1 minute"},"schema":{"@context":"https:\/\/schema.org","@graph":[{"@type":"WebPage","@id":"https:\/\/ksproducts.ca\/product\/luxor-2-shelf-heavy-duty-plastic-utility-cart-with-flat-shelf-tub-shelf-hooks-and-holder-500lb-weight-capacity-black\/","url":"https:\/\/ksproducts.ca\/product\/luxor-2-shelf-heavy-duty-plastic-utility-cart-with-flat-shelf-tub-shelf-hooks-and-holder-500lb-weight-capacity-black\/","name":"Luxor 2-Shelf Heavy-Duty Plastic Utility Cart with Flat Shelf &amp; Tub Shelf, Hooks, and Holder - 500lb Weight Capacity - Black - Ks Products","isPartOf":{"@id":"https:\/\/ksproducts.ca\/#website"},"primaryImageOfPage":{"@id":"https:\/\/ksproducts.ca\/product\/luxor-2-shelf-heavy-duty-plastic-utility-cart-with-flat-shelf-tub-shelf-hooks-and-holder-500lb-weight-capacity-black\/#primaryimage"},"image":{"@id":"https:\/\/ksproducts.ca\/product\/luxor-2-shelf-heavy-duty-plastic-utility-cart-with-flat-shelf-tub-shelf-hooks-and-holder-500lb-weight-capacity-black\/#primaryimage"},"thumbnailUrl":"https:\/\/ksproducts.ca\/wp-content\/uploads\/2026\/03\/Luxor-2-Shelf-Heavy-Duty-Plastic-Utility-Cart-with-Flat-Shelf-Tub-Shelf-Hooks-and-Holder-500lb-Weight-Capacity-Black.jpg","datePublished":"2026-03-16T19:10:35+00:00","dateModified":"2026-03-16T19:10:36+00:00","breadcrumb":{"@id":"https:\/\/ksproducts.ca\/product\/luxor-2-shelf-heavy-duty-plastic-utility-cart-with-flat-shelf-tub-shelf-hooks-and-holder-500lb-weight-capacity-black\/#breadcrumb"},"inLanguage":"fr-CA","potentialAction":[{"@type":"ReadAction","target":["https:\/\/ksproducts.ca\/product\/luxor-2-shelf-heavy-duty-plastic-utility-cart-with-flat-shelf-tub-shelf-hooks-and-holder-500lb-weight-capacity-black\/"]}]},{"@type":"ImageObject","inLanguage":"fr-CA","@id":"https:\/\/ksproducts.ca\/product\/luxor-2-shelf-heavy-duty-plastic-utility-cart-with-flat-shelf-tub-shelf-hooks-and-holder-500lb-weight-capacity-black\/#primaryimage","url":"https:\/\/ksproducts.ca\/wp-content\/uploads\/2026\/03\/Luxor-2-Shelf-Heavy-Duty-Plastic-Utility-Cart-with-Flat-Shelf-Tub-Shelf-Hooks-and-Holder-500lb-Weight-Capacity-Black.jpg","contentUrl":"https:\/\/ksproducts.ca\/wp-content\/uploads\/2026\/03\/Luxor-2-Shelf-Heavy-Duty-Plastic-Utility-Cart-with-Flat-Shelf-Tub-Shelf-Hooks-and-Holder-500lb-Weight-Capacity-Black.jpg","width":600,"height":600,"caption":"Luxor 2 Shelf Heavy Duty Plastic Utility Cart with Flat Shelf & Tub Shelf, Hooks, and Holder 500lb Weight Capacity Black"},{"@type":"BreadcrumbList","@id":"https:\/\/ksproducts.ca\/product\/luxor-2-shelf-heavy-duty-plastic-utility-cart-with-flat-shelf-tub-shelf-hooks-and-holder-500lb-weight-capacity-black\/#breadcrumb","itemListElement":[{"@type":"ListItem","position":1,"name":"Home","item":"https:\/\/ksproducts.ca\/"},{"@type":"ListItem","position":2,"name":"Shop","item":"https:\/\/ksproducts.ca\/shop\/"},{"@type":"ListItem","position":3,"name":"Luxor 2-Shelf Heavy-Duty Plastic Utility Cart with Flat Shelf &#038; Tub Shelf, Hooks, and Holder &#8211; 500lb Weight Capacity &#8211; Black"}]},{"@type":"WebSite","@id":"https:\/\/ksproducts.ca\/#website","url":"https:\/\/ksproducts.ca\/","name":"Produits Ks","description":"Cuisiner et vivre en plein air, c'est facile au Canada","publisher":{"@id":"https:\/\/ksproducts.ca\/#organization"},"potentialAction":[{"@type":"SearchAction","target":{"@type":"EntryPoint","urlTemplate":"https:\/\/ksproducts.ca\/?s={search_term_string}"},"query-input":{"@type":"PropertyValueSpecification","valueRequired":true,"valueName":"search_term_string"}}],"inLanguage":"fr-CA"},{"@type":"Organization","@id":"https:\/\/ksproducts.ca\/#organization","name":"Produits Ks","url":"https:\/\/ksproducts.ca\/","logo":{"@type":"ImageObject","inLanguage":"fr-CA","@id":"https:\/\/ksproducts.ca\/#\/schema\/logo\/image\/","url":"https:\/\/ksproducts.ca\/wp-content\/uploads\/2023\/09\/Kennedy-Sales-Logo-header-1.png","contentUrl":"https:\/\/ksproducts.ca\/wp-content\/uploads\/2023\/09\/Kennedy-Sales-Logo-header-1.png","width":150,"height":77,"caption":"Ks Products"},"image":{"@id":"https:\/\/ksproducts.ca\/#\/schema\/logo\/image\/"}}]}},"_links":{"self":[{"href":"https:\/\/ksproducts.ca\/fr\/wp-json\/wp\/v2\/product\/12765","targetHints":{"allow":["GET"]}}],"collection":[{"href":"https:\/\/ksproducts.ca\/fr\/wp-json\/wp\/v2\/product"}],"about":[{"href":"https:\/\/ksproducts.ca\/fr\/wp-json\/wp\/v2\/types\/product"}],"replies":[{"embeddable":true,"href":"https:\/\/ksproducts.ca\/fr\/wp-json\/wp\/v2\/comments?post=12765"}],"version-history":[{"count":1,"href":"https:\/\/ksproducts.ca\/fr\/wp-json\/wp\/v2\/product\/12765\/revisions"}],"predecessor-version":[{"id":12767,"href":"https:\/\/ksproducts.ca\/fr\/wp-json\/wp\/v2\/product\/12765\/revisions\/12767"}],"wp:featuredmedia":[{"embeddable":true,"href":"https:\/\/ksproducts.ca\/fr\/wp-json\/wp\/v2\/media\/12766"}],"wp:attachment":[{"href":"https:\/\/ksproducts.ca\/fr\/wp-json\/wp\/v2\/media?parent=12765"}],"wp:term":[{"taxonomy":"product_cat","embeddable":true,"href":"https:\/\/ksproducts.ca\/fr\/wp-json\/wp\/v2\/product_cat?post=12765"},{"taxonomy":"product_tag","embeddable":true,"href":"https:\/\/ksproducts.ca\/fr\/wp-json\/wp\/v2\/product_tag?post=12765"}],"curies":[{"name":"wp","href":"https:\/\/api.w.org\/{rel}","templated":true}]}}