{"id":12768,"date":"2026-03-16T19:13:33","date_gmt":"2026-03-16T19:13:33","guid":{"rendered":"https:\/\/ksproducts.ca\/?post_type=product&#038;p=12768"},"modified":"2026-03-16T19:13:34","modified_gmt":"2026-03-16T19:13:34","slug":"klymit-waterport-gospout-7-6l-tank-camp-shower","status":"publish","type":"product","link":"https:\/\/ksproducts.ca\/fr\/product\/klymit-waterport-gospout-7-6l-tank-camp-shower\/","title":{"rendered":"Klymit Waterport GoSpout 7.6L Tank Camp Shower"},"content":{"rendered":"<ul>\n<li>Capacit\u00e9 de 2,0 gallons pour un temps de pulv\u00e9risation de quelques minutes<\/li>\n<li>Capuchon de pompe pour pressuriser le r\u00e9servoir n'importe o\u00f9, n'importe quand<\/li>\n<li>Plastique de qualit\u00e9 alimentaire pour l'eau potable<\/li>\n<li>Buse de pulv\u00e9risation \u00e0 haute pression \u00e0 5 motifs<\/li>\n<li>Support de buse int\u00e9gr\u00e9<\/li>\n<\/ul>","protected":false},"excerpt":{"rendered":"<p>Voici le r\u00e9servoir GoSpout, votre solution portable d'eau sous pression pour les aventures en plein air ! Que ce soit pour rincer votre \u00e9quipement, vous laver \u00e0 la plage ou rester frais en d\u00e9placement, ce r\u00e9servoir l\u00e9ger et facile \u00e0 utiliser fournit une pulv\u00e9risation \u00e0 haute pression \u00e0 tout moment et en tout lieu.<\/p>","protected":false},"featured_media":12769,"comment_status":"open","ping_status":"closed","template":"","meta":[],"product_cat":[451],"product_tag":[],"class_list":{"0":"post-12768","1":"product","2":"type-product","3":"status-publish","4":"has-post-thumbnail","6":"product_cat-tools-equipment","7":"product_shipping_class-class-3","9":"first","10":"instock","11":"taxable","12":"shipping-taxable","13":"purchasable","14":"product-type-simple"},"yoast_head":"<!-- This site is optimized with the Yoast SEO plugin v27.3 - https:\/\/yoast.com\/product\/yoast-seo-wordpress\/ -->\n<title>Klymit Waterport GoSpout 7.6L Tank Camp Shower - Ks Products<\/title>\n<meta name=\"robots\" content=\"index, follow, max-snippet:-1, max-image-preview:large, max-video-preview:-1\" \/>\n<link rel=\"canonical\" href=\"https:\/\/ksproducts.ca\/fr\/product\/klymit-waterport-gospout-7-6l-tank-camp-shower\/\" \/>\n<meta property=\"og:locale\" content=\"fr_CA\" \/>\n<meta property=\"og:type\" content=\"article\" \/>\n<meta property=\"og:title\" content=\"Klymit Waterport GoSpout 7.6L Tank Camp Shower - Ks Products\" \/>\n<meta property=\"og:description\" content=\"Meet the GoSpout Tank\u2014your portable, pressurized water solution for outdoor adventures! Whether you&#039;re rinsing off gear, washing up at the beach, or staying fresh on the go, this lightweight and easy-to-use tank delivers high-pressure spray anytime, anywhere.\" \/>\n<meta property=\"og:url\" content=\"https:\/\/ksproducts.ca\/fr\/product\/klymit-waterport-gospout-7-6l-tank-camp-shower\/\" \/>\n<meta property=\"og:site_name\" content=\"Ks Products\" \/>\n<meta property=\"article:modified_time\" content=\"2026-03-16T19:13:34+00:00\" \/>\n<meta property=\"og:image\" content=\"https:\/\/ksproducts.ca\/wp-content\/uploads\/2026\/03\/Klymit-Waterport-GoSpout-7.6L-Tank-Camp-Shower.webp\" \/>\n\t<meta property=\"og:image:width\" content=\"800\" \/>\n\t<meta property=\"og:image:height\" content=\"800\" \/>\n\t<meta property=\"og:image:type\" content=\"image\/webp\" \/>\n<meta name=\"twitter:card\" content=\"summary_large_image\" \/>\n<meta name=\"twitter:label1\" content=\"Estimation du temps de lecture\" \/>\n\t<meta name=\"twitter:data1\" content=\"1 minute\" \/>\n<script type=\"application\/ld+json\" class=\"yoast-schema-graph\">{\"@context\":\"https:\\\/\\\/schema.org\",\"@graph\":[{\"@type\":\"WebPage\",\"@id\":\"https:\\\/\\\/ksproducts.ca\\\/product\\\/klymit-waterport-gospout-7-6l-tank-camp-shower\\\/\",\"url\":\"https:\\\/\\\/ksproducts.ca\\\/product\\\/klymit-waterport-gospout-7-6l-tank-camp-shower\\\/\",\"name\":\"Klymit Waterport GoSpout 7.6L Tank Camp Shower - Ks Products\",\"isPartOf\":{\"@id\":\"https:\\\/\\\/ksproducts.ca\\\/#website\"},\"primaryImageOfPage\":{\"@id\":\"https:\\\/\\\/ksproducts.ca\\\/product\\\/klymit-waterport-gospout-7-6l-tank-camp-shower\\\/#primaryimage\"},\"image\":{\"@id\":\"https:\\\/\\\/ksproducts.ca\\\/product\\\/klymit-waterport-gospout-7-6l-tank-camp-shower\\\/#primaryimage\"},\"thumbnailUrl\":\"https:\\\/\\\/ksproducts.ca\\\/wp-content\\\/uploads\\\/2026\\\/03\\\/Klymit-Waterport-GoSpout-7.6L-Tank-Camp-Shower.webp\",\"datePublished\":\"2026-03-16T19:13:33+00:00\",\"dateModified\":\"2026-03-16T19:13:34+00:00\",\"breadcrumb\":{\"@id\":\"https:\\\/\\\/ksproducts.ca\\\/product\\\/klymit-waterport-gospout-7-6l-tank-camp-shower\\\/#breadcrumb\"},\"inLanguage\":\"fr-CA\",\"potentialAction\":[{\"@type\":\"ReadAction\",\"target\":[\"https:\\\/\\\/ksproducts.ca\\\/product\\\/klymit-waterport-gospout-7-6l-tank-camp-shower\\\/\"]}]},{\"@type\":\"ImageObject\",\"inLanguage\":\"fr-CA\",\"@id\":\"https:\\\/\\\/ksproducts.ca\\\/product\\\/klymit-waterport-gospout-7-6l-tank-camp-shower\\\/#primaryimage\",\"url\":\"https:\\\/\\\/ksproducts.ca\\\/wp-content\\\/uploads\\\/2026\\\/03\\\/Klymit-Waterport-GoSpout-7.6L-Tank-Camp-Shower.webp\",\"contentUrl\":\"https:\\\/\\\/ksproducts.ca\\\/wp-content\\\/uploads\\\/2026\\\/03\\\/Klymit-Waterport-GoSpout-7.6L-Tank-Camp-Shower.webp\",\"width\":800,\"height\":800,\"caption\":\"Klymit Waterport GoSpout 7.6L Tank Camp Shower\"},{\"@type\":\"BreadcrumbList\",\"@id\":\"https:\\\/\\\/ksproducts.ca\\\/product\\\/klymit-waterport-gospout-7-6l-tank-camp-shower\\\/#breadcrumb\",\"itemListElement\":[{\"@type\":\"ListItem\",\"position\":1,\"name\":\"Home\",\"item\":\"https:\\\/\\\/ksproducts.ca\\\/\"},{\"@type\":\"ListItem\",\"position\":2,\"name\":\"Shop\",\"item\":\"https:\\\/\\\/ksproducts.ca\\\/shop\\\/\"},{\"@type\":\"ListItem\",\"position\":3,\"name\":\"Klymit Waterport GoSpout 7.6L Tank Camp Shower\"}]},{\"@type\":\"WebSite\",\"@id\":\"https:\\\/\\\/ksproducts.ca\\\/#website\",\"url\":\"https:\\\/\\\/ksproducts.ca\\\/\",\"name\":\"Ks Products\",\"description\":\"Outdoor cooking and living, made easy in Canada\",\"publisher\":{\"@id\":\"https:\\\/\\\/ksproducts.ca\\\/#organization\"},\"potentialAction\":[{\"@type\":\"SearchAction\",\"target\":{\"@type\":\"EntryPoint\",\"urlTemplate\":\"https:\\\/\\\/ksproducts.ca\\\/?s={search_term_string}\"},\"query-input\":{\"@type\":\"PropertyValueSpecification\",\"valueRequired\":true,\"valueName\":\"search_term_string\"}}],\"inLanguage\":\"fr-CA\"},{\"@type\":\"Organization\",\"@id\":\"https:\\\/\\\/ksproducts.ca\\\/#organization\",\"name\":\"Ks Products\",\"url\":\"https:\\\/\\\/ksproducts.ca\\\/\",\"logo\":{\"@type\":\"ImageObject\",\"inLanguage\":\"fr-CA\",\"@id\":\"https:\\\/\\\/ksproducts.ca\\\/#\\\/schema\\\/logo\\\/image\\\/\",\"url\":\"https:\\\/\\\/ksproducts.ca\\\/wp-content\\\/uploads\\\/2023\\\/09\\\/Kennedy-Sales-Logo-header-1.png\",\"contentUrl\":\"https:\\\/\\\/ksproducts.ca\\\/wp-content\\\/uploads\\\/2023\\\/09\\\/Kennedy-Sales-Logo-header-1.png\",\"width\":150,\"height\":77,\"caption\":\"Ks Products\"},\"image\":{\"@id\":\"https:\\\/\\\/ksproducts.ca\\\/#\\\/schema\\\/logo\\\/image\\\/\"}}]}<\/script>\n<!-- \/ Yoast SEO plugin. -->","yoast_head_json":{"title":"Klymit Waterport GoSpout 7.6L Tank Camp Shower - Ks Products","robots":{"index":"index","follow":"follow","max-snippet":"max-snippet:-1","max-image-preview":"max-image-preview:large","max-video-preview":"max-video-preview:-1"},"canonical":"https:\/\/ksproducts.ca\/fr\/product\/klymit-waterport-gospout-7-6l-tank-camp-shower\/","og_locale":"fr_CA","og_type":"article","og_title":"Klymit Waterport GoSpout 7.6L Tank Camp Shower - Ks Products","og_description":"Meet the GoSpout Tank\u2014your portable, pressurized water solution for outdoor adventures! Whether you're rinsing off gear, washing up at the beach, or staying fresh on the go, this lightweight and easy-to-use tank delivers high-pressure spray anytime, anywhere.","og_url":"https:\/\/ksproducts.ca\/fr\/product\/klymit-waterport-gospout-7-6l-tank-camp-shower\/","og_site_name":"Ks Products","article_modified_time":"2026-03-16T19:13:34+00:00","og_image":[{"width":800,"height":800,"url":"https:\/\/ksproducts.ca\/wp-content\/uploads\/2026\/03\/Klymit-Waterport-GoSpout-7.6L-Tank-Camp-Shower.webp","type":"image\/webp"}],"twitter_card":"summary_large_image","twitter_misc":{"Estimation du temps de lecture":"1 minute"},"schema":{"@context":"https:\/\/schema.org","@graph":[{"@type":"WebPage","@id":"https:\/\/ksproducts.ca\/product\/klymit-waterport-gospout-7-6l-tank-camp-shower\/","url":"https:\/\/ksproducts.ca\/product\/klymit-waterport-gospout-7-6l-tank-camp-shower\/","name":"Klymit Waterport GoSpout 7.6L Tank Camp Shower - Ks Products","isPartOf":{"@id":"https:\/\/ksproducts.ca\/#website"},"primaryImageOfPage":{"@id":"https:\/\/ksproducts.ca\/product\/klymit-waterport-gospout-7-6l-tank-camp-shower\/#primaryimage"},"image":{"@id":"https:\/\/ksproducts.ca\/product\/klymit-waterport-gospout-7-6l-tank-camp-shower\/#primaryimage"},"thumbnailUrl":"https:\/\/ksproducts.ca\/wp-content\/uploads\/2026\/03\/Klymit-Waterport-GoSpout-7.6L-Tank-Camp-Shower.webp","datePublished":"2026-03-16T19:13:33+00:00","dateModified":"2026-03-16T19:13:34+00:00","breadcrumb":{"@id":"https:\/\/ksproducts.ca\/product\/klymit-waterport-gospout-7-6l-tank-camp-shower\/#breadcrumb"},"inLanguage":"fr-CA","potentialAction":[{"@type":"ReadAction","target":["https:\/\/ksproducts.ca\/product\/klymit-waterport-gospout-7-6l-tank-camp-shower\/"]}]},{"@type":"ImageObject","inLanguage":"fr-CA","@id":"https:\/\/ksproducts.ca\/product\/klymit-waterport-gospout-7-6l-tank-camp-shower\/#primaryimage","url":"https:\/\/ksproducts.ca\/wp-content\/uploads\/2026\/03\/Klymit-Waterport-GoSpout-7.6L-Tank-Camp-Shower.webp","contentUrl":"https:\/\/ksproducts.ca\/wp-content\/uploads\/2026\/03\/Klymit-Waterport-GoSpout-7.6L-Tank-Camp-Shower.webp","width":800,"height":800,"caption":"Klymit Waterport GoSpout 7.6L Tank Camp Shower"},{"@type":"BreadcrumbList","@id":"https:\/\/ksproducts.ca\/product\/klymit-waterport-gospout-7-6l-tank-camp-shower\/#breadcrumb","itemListElement":[{"@type":"ListItem","position":1,"name":"Home","item":"https:\/\/ksproducts.ca\/"},{"@type":"ListItem","position":2,"name":"Shop","item":"https:\/\/ksproducts.ca\/shop\/"},{"@type":"ListItem","position":3,"name":"Klymit Waterport GoSpout 7.6L Tank Camp Shower"}]},{"@type":"WebSite","@id":"https:\/\/ksproducts.ca\/#website","url":"https:\/\/ksproducts.ca\/","name":"Produits Ks","description":"Cuisiner et vivre en plein air, c'est facile au Canada","publisher":{"@id":"https:\/\/ksproducts.ca\/#organization"},"potentialAction":[{"@type":"SearchAction","target":{"@type":"EntryPoint","urlTemplate":"https:\/\/ksproducts.ca\/?s={search_term_string}"},"query-input":{"@type":"PropertyValueSpecification","valueRequired":true,"valueName":"search_term_string"}}],"inLanguage":"fr-CA"},{"@type":"Organization","@id":"https:\/\/ksproducts.ca\/#organization","name":"Produits Ks","url":"https:\/\/ksproducts.ca\/","logo":{"@type":"ImageObject","inLanguage":"fr-CA","@id":"https:\/\/ksproducts.ca\/#\/schema\/logo\/image\/","url":"https:\/\/ksproducts.ca\/wp-content\/uploads\/2023\/09\/Kennedy-Sales-Logo-header-1.png","contentUrl":"https:\/\/ksproducts.ca\/wp-content\/uploads\/2023\/09\/Kennedy-Sales-Logo-header-1.png","width":150,"height":77,"caption":"Ks Products"},"image":{"@id":"https:\/\/ksproducts.ca\/#\/schema\/logo\/image\/"}}]}},"_links":{"self":[{"href":"https:\/\/ksproducts.ca\/fr\/wp-json\/wp\/v2\/product\/12768","targetHints":{"allow":["GET"]}}],"collection":[{"href":"https:\/\/ksproducts.ca\/fr\/wp-json\/wp\/v2\/product"}],"about":[{"href":"https:\/\/ksproducts.ca\/fr\/wp-json\/wp\/v2\/types\/product"}],"replies":[{"embeddable":true,"href":"https:\/\/ksproducts.ca\/fr\/wp-json\/wp\/v2\/comments?post=12768"}],"version-history":[{"count":1,"href":"https:\/\/ksproducts.ca\/fr\/wp-json\/wp\/v2\/product\/12768\/revisions"}],"predecessor-version":[{"id":12770,"href":"https:\/\/ksproducts.ca\/fr\/wp-json\/wp\/v2\/product\/12768\/revisions\/12770"}],"wp:featuredmedia":[{"embeddable":true,"href":"https:\/\/ksproducts.ca\/fr\/wp-json\/wp\/v2\/media\/12769"}],"wp:attachment":[{"href":"https:\/\/ksproducts.ca\/fr\/wp-json\/wp\/v2\/media?parent=12768"}],"wp:term":[{"taxonomy":"product_cat","embeddable":true,"href":"https:\/\/ksproducts.ca\/fr\/wp-json\/wp\/v2\/product_cat?post=12768"},{"taxonomy":"product_tag","embeddable":true,"href":"https:\/\/ksproducts.ca\/fr\/wp-json\/wp\/v2\/product_tag?post=12768"}],"curies":[{"name":"wp","href":"https:\/\/api.w.org\/{rel}","templated":true}]}}