{"id":12774,"date":"2026-03-16T19:20:19","date_gmt":"2026-03-16T19:20:19","guid":{"rendered":"https:\/\/ksproducts.ca\/?post_type=product&#038;p=12774"},"modified":"2026-03-16T19:20:20","modified_gmt":"2026-03-16T19:20:20","slug":"poteau-akron-9-in-adjustable-jack-post-with-heavy-duty-support-for-structural-stability","status":"publish","type":"product","link":"https:\/\/ksproducts.ca\/fr\/product\/akron-9-in-adjustable-jack-post-with-heavy-duty-support-for-structural-stability\/","title":{"rendered":"Akron 9-in Adjustable Jack Post with Heavy-Duty Support for Structural Stability (poteau de cric r\u00e9glable de 9 pouces avec support robuste pour la stabilit\u00e9 de la structure)"},"content":{"rendered":"<ul class=\"a-unordered-list a-vertical a-spacing-mini\">\n<li class=\"a-spacing-mini\"><span class=\"a-list-item\">GAMME ADJUSTABLE - de 1,5\u201d +\/-<\/span><\/li>\n<li class=\"a-spacing-mini\"><span class=\"a-list-item\">PADDED - Contacter Header\/Footer pour des surfaces sans dommages.<\/span><\/li>\n<li class=\"a-spacing-mini\"><span class=\"a-list-item\">VIRTUELLEMENT INDESTRUCTIBLE - Fabriqu\u00e9e en acier robuste.<\/span><\/li>\n<li class=\"a-spacing-mini\"><span class=\"a-list-item\">UTILISER - Pour cr\u00e9er un support de contreventement ou de charpente 2\u00d74 instantan\u00e9ment ajustable.<\/span><\/li>\n<li class=\"a-spacing-mini\"><span class=\"a-list-item\">INCLUDE - L\u00e8ve-pouce pour un r\u00e9glage rapide.<\/span><\/li>\n<\/ul>","protected":false},"excerpt":{"rendered":"<p>Goujon r\u00e9glable - Permet de transformer un 2X4 en bois en un poteau r\u00e9glable, une entretoise ou une cloison. Le capuchon et le pied s'adaptent \u00e0 un 2X4 standard pour former un poteau r\u00e9glable pour un soutien temporaire. La longueur est d\u00e9termin\u00e9e par le 2X4. Les tampons en caoutchouc sur le dessus et le dessous offrent une bonne prise et prot\u00e8gent les surfaces. Une paire de mains suppl\u00e9mentaires id\u00e9ale. Finition en poudre. - Taille : 3.75\u2033 x 2.5\u2033 x 9.0\u2033, Mat\u00e9riel : Acier, Pour utilisation avec : 2X4, Pkg Qty : 1, Type d'emballage : Bo\u00eete.<\/p>","protected":false},"featured_media":12775,"comment_status":"open","ping_status":"closed","template":"","meta":[],"product_cat":[451],"product_tag":[],"class_list":{"0":"post-12774","1":"product","2":"type-product","3":"status-publish","4":"has-post-thumbnail","6":"product_cat-tools-equipment","7":"product_shipping_class-class-1","9":"first","10":"instock","11":"taxable","12":"shipping-taxable","13":"purchasable","14":"product-type-simple"},"yoast_head":"<!-- This site is optimized with the Yoast SEO plugin v27.4 - https:\/\/yoast.com\/product\/yoast-seo-wordpress\/ -->\n<title>Akron 9-in Adjustable Jack Post with Heavy-Duty Support for Structural Stability - Ks Products<\/title>\n<meta name=\"robots\" content=\"index, follow, max-snippet:-1, max-image-preview:large, max-video-preview:-1\" \/>\n<link rel=\"canonical\" href=\"https:\/\/ksproducts.ca\/fr\/product\/poteau-akron-9-in-adjustable-jack-post-with-heavy-duty-support-for-structural-stability\/\" \/>\n<meta property=\"og:locale\" content=\"fr_CA\" \/>\n<meta property=\"og:type\" content=\"article\" \/>\n<meta property=\"og:title\" content=\"Akron 9-in Adjustable Jack Post with Heavy-Duty Support for Structural Stability - Ks Products\" \/>\n<meta property=\"og:description\" content=\"Adjustable Stud - Converts a wood 2X4 into an adjustable post, brace, or partition. Cap and foot fit over a standard 2X4 to make an adjustable post for temporary support. Length is determined by the 2X4. Rubber pad top and bottom provide grip and protect surfaces. Perfect set of extra hands. Powder coat finish. - Size: 3.75&quot; x 2.5&quot; x 9.0&quot;, Material: Steel, For Use With: 2X4, Pkg Qty: 1, Package Type: Box.\" \/>\n<meta property=\"og:url\" content=\"https:\/\/ksproducts.ca\/fr\/product\/poteau-akron-9-in-adjustable-jack-post-with-heavy-duty-support-for-structural-stability\/\" \/>\n<meta property=\"og:site_name\" content=\"Ks Products\" \/>\n<meta property=\"article:modified_time\" content=\"2026-03-16T19:20:20+00:00\" \/>\n<meta property=\"og:image\" content=\"https:\/\/ksproducts.ca\/wp-content\/uploads\/2026\/03\/Akron-9-in-Adjustable-Jack-Post-with-Heavy-Duty-Support-for-Structural-Stability.jpg\" \/>\n\t<meta property=\"og:image:width\" content=\"309\" \/>\n\t<meta property=\"og:image:height\" content=\"800\" \/>\n\t<meta property=\"og:image:type\" content=\"image\/jpeg\" \/>\n<meta name=\"twitter:card\" content=\"summary_large_image\" \/>\n<meta name=\"twitter:label1\" content=\"Estimation du temps de lecture\" \/>\n\t<meta name=\"twitter:data1\" content=\"1 minute\" \/>\n<script type=\"application\/ld+json\" class=\"yoast-schema-graph\">{\"@context\":\"https:\\\/\\\/schema.org\",\"@graph\":[{\"@type\":\"WebPage\",\"@id\":\"https:\\\/\\\/ksproducts.ca\\\/product\\\/akron-9-in-adjustable-jack-post-with-heavy-duty-support-for-structural-stability\\\/\",\"url\":\"https:\\\/\\\/ksproducts.ca\\\/product\\\/akron-9-in-adjustable-jack-post-with-heavy-duty-support-for-structural-stability\\\/\",\"name\":\"Akron 9-in Adjustable Jack Post with Heavy-Duty Support for Structural Stability - Ks Products\",\"isPartOf\":{\"@id\":\"https:\\\/\\\/ksproducts.ca\\\/#website\"},\"primaryImageOfPage\":{\"@id\":\"https:\\\/\\\/ksproducts.ca\\\/product\\\/akron-9-in-adjustable-jack-post-with-heavy-duty-support-for-structural-stability\\\/#primaryimage\"},\"image\":{\"@id\":\"https:\\\/\\\/ksproducts.ca\\\/product\\\/akron-9-in-adjustable-jack-post-with-heavy-duty-support-for-structural-stability\\\/#primaryimage\"},\"thumbnailUrl\":\"https:\\\/\\\/ksproducts.ca\\\/wp-content\\\/uploads\\\/2026\\\/03\\\/Akron-9-in-Adjustable-Jack-Post-with-Heavy-Duty-Support-for-Structural-Stability.jpg\",\"datePublished\":\"2026-03-16T19:20:19+00:00\",\"dateModified\":\"2026-03-16T19:20:20+00:00\",\"breadcrumb\":{\"@id\":\"https:\\\/\\\/ksproducts.ca\\\/product\\\/akron-9-in-adjustable-jack-post-with-heavy-duty-support-for-structural-stability\\\/#breadcrumb\"},\"inLanguage\":\"fr-CA\",\"potentialAction\":[{\"@type\":\"ReadAction\",\"target\":[\"https:\\\/\\\/ksproducts.ca\\\/product\\\/akron-9-in-adjustable-jack-post-with-heavy-duty-support-for-structural-stability\\\/\"]}]},{\"@type\":\"ImageObject\",\"inLanguage\":\"fr-CA\",\"@id\":\"https:\\\/\\\/ksproducts.ca\\\/product\\\/akron-9-in-adjustable-jack-post-with-heavy-duty-support-for-structural-stability\\\/#primaryimage\",\"url\":\"https:\\\/\\\/ksproducts.ca\\\/wp-content\\\/uploads\\\/2026\\\/03\\\/Akron-9-in-Adjustable-Jack-Post-with-Heavy-Duty-Support-for-Structural-Stability.jpg\",\"contentUrl\":\"https:\\\/\\\/ksproducts.ca\\\/wp-content\\\/uploads\\\/2026\\\/03\\\/Akron-9-in-Adjustable-Jack-Post-with-Heavy-Duty-Support-for-Structural-Stability.jpg\",\"width\":309,\"height\":800,\"caption\":\"Akron 9 in Adjustable Jack Post with Heavy Duty Support for Structural Stability\"},{\"@type\":\"BreadcrumbList\",\"@id\":\"https:\\\/\\\/ksproducts.ca\\\/product\\\/akron-9-in-adjustable-jack-post-with-heavy-duty-support-for-structural-stability\\\/#breadcrumb\",\"itemListElement\":[{\"@type\":\"ListItem\",\"position\":1,\"name\":\"Home\",\"item\":\"https:\\\/\\\/ksproducts.ca\\\/\"},{\"@type\":\"ListItem\",\"position\":2,\"name\":\"Shop\",\"item\":\"https:\\\/\\\/ksproducts.ca\\\/shop\\\/\"},{\"@type\":\"ListItem\",\"position\":3,\"name\":\"Akron 9-in Adjustable Jack Post with Heavy-Duty Support for Structural Stability\"}]},{\"@type\":\"WebSite\",\"@id\":\"https:\\\/\\\/ksproducts.ca\\\/#website\",\"url\":\"https:\\\/\\\/ksproducts.ca\\\/\",\"name\":\"Ks Products\",\"description\":\"Outdoor cooking and living, made easy in Canada\",\"publisher\":{\"@id\":\"https:\\\/\\\/ksproducts.ca\\\/#organization\"},\"potentialAction\":[{\"@type\":\"SearchAction\",\"target\":{\"@type\":\"EntryPoint\",\"urlTemplate\":\"https:\\\/\\\/ksproducts.ca\\\/?s={search_term_string}\"},\"query-input\":{\"@type\":\"PropertyValueSpecification\",\"valueRequired\":true,\"valueName\":\"search_term_string\"}}],\"inLanguage\":\"fr-CA\"},{\"@type\":\"Organization\",\"@id\":\"https:\\\/\\\/ksproducts.ca\\\/#organization\",\"name\":\"Ks Products\",\"url\":\"https:\\\/\\\/ksproducts.ca\\\/\",\"logo\":{\"@type\":\"ImageObject\",\"inLanguage\":\"fr-CA\",\"@id\":\"https:\\\/\\\/ksproducts.ca\\\/#\\\/schema\\\/logo\\\/image\\\/\",\"url\":\"https:\\\/\\\/ksproducts.ca\\\/wp-content\\\/uploads\\\/2023\\\/09\\\/Kennedy-Sales-Logo-header-1.png\",\"contentUrl\":\"https:\\\/\\\/ksproducts.ca\\\/wp-content\\\/uploads\\\/2023\\\/09\\\/Kennedy-Sales-Logo-header-1.png\",\"width\":150,\"height\":77,\"caption\":\"Ks Products\"},\"image\":{\"@id\":\"https:\\\/\\\/ksproducts.ca\\\/#\\\/schema\\\/logo\\\/image\\\/\"}}]}<\/script>\n<!-- \/ Yoast SEO plugin. -->","yoast_head_json":{"title":"Akron 9-in Adjustable Jack Post with Heavy-Duty Support for Structural Stability - Ks Products","robots":{"index":"index","follow":"follow","max-snippet":"max-snippet:-1","max-image-preview":"max-image-preview:large","max-video-preview":"max-video-preview:-1"},"canonical":"https:\/\/ksproducts.ca\/fr\/product\/poteau-akron-9-in-adjustable-jack-post-with-heavy-duty-support-for-structural-stability\/","og_locale":"fr_CA","og_type":"article","og_title":"Akron 9-in Adjustable Jack Post with Heavy-Duty Support for Structural Stability - Ks Products","og_description":"Adjustable Stud - Converts a wood 2X4 into an adjustable post, brace, or partition. Cap and foot fit over a standard 2X4 to make an adjustable post for temporary support. Length is determined by the 2X4. Rubber pad top and bottom provide grip and protect surfaces. Perfect set of extra hands. Powder coat finish. - Size: 3.75\" x 2.5\" x 9.0\", Material: Steel, For Use With: 2X4, Pkg Qty: 1, Package Type: Box.","og_url":"https:\/\/ksproducts.ca\/fr\/product\/poteau-akron-9-in-adjustable-jack-post-with-heavy-duty-support-for-structural-stability\/","og_site_name":"Ks Products","article_modified_time":"2026-03-16T19:20:20+00:00","og_image":[{"width":309,"height":800,"url":"https:\/\/ksproducts.ca\/wp-content\/uploads\/2026\/03\/Akron-9-in-Adjustable-Jack-Post-with-Heavy-Duty-Support-for-Structural-Stability.jpg","type":"image\/jpeg"}],"twitter_card":"summary_large_image","twitter_misc":{"Estimation du temps de lecture":"1 minute"},"schema":{"@context":"https:\/\/schema.org","@graph":[{"@type":"WebPage","@id":"https:\/\/ksproducts.ca\/product\/akron-9-in-adjustable-jack-post-with-heavy-duty-support-for-structural-stability\/","url":"https:\/\/ksproducts.ca\/product\/akron-9-in-adjustable-jack-post-with-heavy-duty-support-for-structural-stability\/","name":"Akron 9-in Adjustable Jack Post with Heavy-Duty Support for Structural Stability - Ks Products","isPartOf":{"@id":"https:\/\/ksproducts.ca\/#website"},"primaryImageOfPage":{"@id":"https:\/\/ksproducts.ca\/product\/akron-9-in-adjustable-jack-post-with-heavy-duty-support-for-structural-stability\/#primaryimage"},"image":{"@id":"https:\/\/ksproducts.ca\/product\/akron-9-in-adjustable-jack-post-with-heavy-duty-support-for-structural-stability\/#primaryimage"},"thumbnailUrl":"https:\/\/ksproducts.ca\/wp-content\/uploads\/2026\/03\/Akron-9-in-Adjustable-Jack-Post-with-Heavy-Duty-Support-for-Structural-Stability.jpg","datePublished":"2026-03-16T19:20:19+00:00","dateModified":"2026-03-16T19:20:20+00:00","breadcrumb":{"@id":"https:\/\/ksproducts.ca\/product\/akron-9-in-adjustable-jack-post-with-heavy-duty-support-for-structural-stability\/#breadcrumb"},"inLanguage":"fr-CA","potentialAction":[{"@type":"ReadAction","target":["https:\/\/ksproducts.ca\/product\/akron-9-in-adjustable-jack-post-with-heavy-duty-support-for-structural-stability\/"]}]},{"@type":"ImageObject","inLanguage":"fr-CA","@id":"https:\/\/ksproducts.ca\/product\/akron-9-in-adjustable-jack-post-with-heavy-duty-support-for-structural-stability\/#primaryimage","url":"https:\/\/ksproducts.ca\/wp-content\/uploads\/2026\/03\/Akron-9-in-Adjustable-Jack-Post-with-Heavy-Duty-Support-for-Structural-Stability.jpg","contentUrl":"https:\/\/ksproducts.ca\/wp-content\/uploads\/2026\/03\/Akron-9-in-Adjustable-Jack-Post-with-Heavy-Duty-Support-for-Structural-Stability.jpg","width":309,"height":800,"caption":"Akron 9 in Adjustable Jack Post with Heavy Duty Support for Structural Stability"},{"@type":"BreadcrumbList","@id":"https:\/\/ksproducts.ca\/product\/akron-9-in-adjustable-jack-post-with-heavy-duty-support-for-structural-stability\/#breadcrumb","itemListElement":[{"@type":"ListItem","position":1,"name":"Home","item":"https:\/\/ksproducts.ca\/"},{"@type":"ListItem","position":2,"name":"Shop","item":"https:\/\/ksproducts.ca\/shop\/"},{"@type":"ListItem","position":3,"name":"Akron 9-in Adjustable Jack Post with Heavy-Duty Support for Structural Stability"}]},{"@type":"WebSite","@id":"https:\/\/ksproducts.ca\/#website","url":"https:\/\/ksproducts.ca\/","name":"Produits Ks","description":"Cuisiner et vivre en plein air, c'est facile au Canada","publisher":{"@id":"https:\/\/ksproducts.ca\/#organization"},"potentialAction":[{"@type":"SearchAction","target":{"@type":"EntryPoint","urlTemplate":"https:\/\/ksproducts.ca\/?s={search_term_string}"},"query-input":{"@type":"PropertyValueSpecification","valueRequired":true,"valueName":"search_term_string"}}],"inLanguage":"fr-CA"},{"@type":"Organization","@id":"https:\/\/ksproducts.ca\/#organization","name":"Produits Ks","url":"https:\/\/ksproducts.ca\/","logo":{"@type":"ImageObject","inLanguage":"fr-CA","@id":"https:\/\/ksproducts.ca\/#\/schema\/logo\/image\/","url":"https:\/\/ksproducts.ca\/wp-content\/uploads\/2023\/09\/Kennedy-Sales-Logo-header-1.png","contentUrl":"https:\/\/ksproducts.ca\/wp-content\/uploads\/2023\/09\/Kennedy-Sales-Logo-header-1.png","width":150,"height":77,"caption":"Ks Products"},"image":{"@id":"https:\/\/ksproducts.ca\/#\/schema\/logo\/image\/"}}]}},"_links":{"self":[{"href":"https:\/\/ksproducts.ca\/fr\/wp-json\/wp\/v2\/product\/12774","targetHints":{"allow":["GET"]}}],"collection":[{"href":"https:\/\/ksproducts.ca\/fr\/wp-json\/wp\/v2\/product"}],"about":[{"href":"https:\/\/ksproducts.ca\/fr\/wp-json\/wp\/v2\/types\/product"}],"replies":[{"embeddable":true,"href":"https:\/\/ksproducts.ca\/fr\/wp-json\/wp\/v2\/comments?post=12774"}],"version-history":[{"count":1,"href":"https:\/\/ksproducts.ca\/fr\/wp-json\/wp\/v2\/product\/12774\/revisions"}],"predecessor-version":[{"id":12776,"href":"https:\/\/ksproducts.ca\/fr\/wp-json\/wp\/v2\/product\/12774\/revisions\/12776"}],"wp:featuredmedia":[{"embeddable":true,"href":"https:\/\/ksproducts.ca\/fr\/wp-json\/wp\/v2\/media\/12775"}],"wp:attachment":[{"href":"https:\/\/ksproducts.ca\/fr\/wp-json\/wp\/v2\/media?parent=12774"}],"wp:term":[{"taxonomy":"product_cat","embeddable":true,"href":"https:\/\/ksproducts.ca\/fr\/wp-json\/wp\/v2\/product_cat?post=12774"},{"taxonomy":"product_tag","embeddable":true,"href":"https:\/\/ksproducts.ca\/fr\/wp-json\/wp\/v2\/product_tag?post=12774"}],"curies":[{"name":"wp","href":"https:\/\/api.w.org\/{rel}","templated":true}]}}