{"id":12777,"date":"2026-03-16T19:41:29","date_gmt":"2026-03-16T19:41:29","guid":{"rendered":"https:\/\/ksproducts.ca\/?post_type=product&#038;p=12777"},"modified":"2026-03-16T19:41:29","modified_gmt":"2026-03-16T19:41:29","slug":"luxor-3-shelf-plastic-utility-cart-with-flat-shelves-side-pullout-shelf-3-outlets-and-15-cord-capacity-400lb-weight-capacity-black-2","status":"publish","type":"product","link":"https:\/\/ksproducts.ca\/fr\/product\/luxor-3-shelf-plastic-utility-cart-with-flat-shelves-side-pullout-shelf-3-outlets-and-15-cord-400lb-weight-capacity-black-2\/","title":{"rendered":"Luxor 3-Shelf Plastic Utility Cart with Flat Shelves, Side Pullout Shelf, 3-outlets and 15\u2032 cord - 400lb Weight Capacity - Black"},"content":{"rendered":"<ul>\n<li>Chariot utilitaire polyvalent parfait pour l'\u00e9quipement audio\/vid\u00e9o et plus encore<\/li>\n<li>Les \u00e9tag\u00e8res en plastique moul\u00e9 recycl\u00e9 ne se rayent pas, ne se cabossent pas, ne rouillent pas et ne se tachent pas.<\/li>\n<li>.25\u2033 l\u00e8vre de retenue bordures tablettes plates<\/li>\n<li>Poign\u00e9e de pouss\u00e9e ergonomique moul\u00e9e dans le plateau sup\u00e9rieur pour une meilleure maniabilit\u00e9<\/li>\n<li>Chariot roulant avec quatre roulettes robustes de 4\u2033, dont deux avec frein de blocage<\/li>\n<li>Disponible avec un ensemble \u00e9lectrique \u00e0 trois sorties r\u00e9pertori\u00e9 UL et\/ou une armoire en acier verrouillable.<\/li>\n<li>Capacit\u00e9 de poids maximale : 400 livres (r\u00e9parties uniform\u00e9ment)<\/li>\n<\/ul>","protected":false},"excerpt":{"rendered":"<p>Le chariot AV Luxor 48\u2033H offre trois grandes \u00e9tag\u00e8res avec un grand espace pour stocker et transporter jusqu'\u00e0 400 livres d'\u00e9quipement AV et plus. Les trois \u00e9tag\u00e8res sont dot\u00e9es d'un rebord de retenue de 0,25\u2033 pour maintenir les articles en place et sont fabriqu\u00e9es en plastique moul\u00e9 qui ne se raye pas, ne se cabosse pas, ne rouille pas et ne se tache pas. Ce chariot mobile est \u00e9galement \u00e9quip\u00e9 d'une poign\u00e9e de pouss\u00e9e moul\u00e9e dans l'\u00e9tag\u00e8re sup\u00e9rieure et de quatre roulettes robustes de 4\u2033 avec deux freins de blocage pour une meilleure maniabilit\u00e9 et stabilit\u00e9.<\/p>","protected":false},"featured_media":12778,"comment_status":"open","ping_status":"closed","template":"","meta":[],"product_cat":[433],"product_tag":[],"class_list":{"0":"post-12777","1":"product","2":"type-product","3":"status-publish","4":"has-post-thumbnail","6":"product_cat-utility-carts","7":"product_shipping_class-class-3","9":"first","10":"instock","11":"taxable","12":"shipping-taxable","13":"purchasable","14":"product-type-simple"},"yoast_head":"<!-- This site is optimized with the Yoast SEO plugin v27.4 - https:\/\/yoast.com\/product\/yoast-seo-wordpress\/ -->\n<title>Luxor 3-Shelf Plastic Utility Cart with Flat Shelves, Side Pullout Shelf, 3-outlets and 15&#039; cord - 400lb Weight Capacity - Black - Ks Products<\/title>\n<meta name=\"robots\" content=\"index, follow, max-snippet:-1, max-image-preview:large, max-video-preview:-1\" \/>\n<link rel=\"canonical\" href=\"https:\/\/ksproducts.ca\/fr\/product\/luxor-3-shelf-plastic-utility-cart-with-flat-shelves-side-pullout-shelf-3-outlets-and-15-cord-capacity-400lb-weight-capacity-black-2\/\" \/>\n<meta property=\"og:locale\" content=\"fr_CA\" \/>\n<meta property=\"og:type\" content=\"article\" \/>\n<meta property=\"og:title\" content=\"Luxor 3-Shelf Plastic Utility Cart with Flat Shelves, Side Pullout Shelf, 3-outlets and 15&#039; cord - 400lb Weight Capacity - Black - Ks Products\" \/>\n<meta property=\"og:description\" content=\"The Luxor 48&quot;H AV Cart offers three large shelves with ample clearance for storing and transporting up to 400 lbs. of AV equipment and more. All three shelves offer a .25&quot; retaining lip to secure items in place and are made of molded plastic that won&#039;t scratch, dent, rust or stain. This mobile cart also features a push handled molded into the top shelf and four 4&quot; heavy-duty casters with two locking brakes for enhanced maneuverability and stability.\" \/>\n<meta property=\"og:url\" content=\"https:\/\/ksproducts.ca\/fr\/product\/luxor-3-shelf-plastic-utility-cart-with-flat-shelves-side-pullout-shelf-3-outlets-and-15-cord-capacity-400lb-weight-capacity-black-2\/\" \/>\n<meta property=\"og:site_name\" content=\"Ks Products\" \/>\n<meta property=\"og:image\" content=\"https:\/\/ksproducts.ca\/wp-content\/uploads\/2026\/03\/Luxor-3-Shelf-Plastic-Utility-Cart-with-Flat-Shelves-Side-Pullout-Shelf-3-outlets-and-15-cord-400lb-Weight-Capacity-Black-1.jpg\" \/>\n\t<meta property=\"og:image:width\" content=\"600\" \/>\n\t<meta property=\"og:image:height\" content=\"600\" \/>\n\t<meta property=\"og:image:type\" content=\"image\/jpeg\" \/>\n<meta name=\"twitter:card\" content=\"summary_large_image\" \/>\n<meta name=\"twitter:label1\" content=\"Estimation du temps de lecture\" \/>\n\t<meta name=\"twitter:data1\" content=\"1 minute\" \/>\n<script type=\"application\/ld+json\" class=\"yoast-schema-graph\">{\"@context\":\"https:\\\/\\\/schema.org\",\"@graph\":[{\"@type\":\"WebPage\",\"@id\":\"https:\\\/\\\/ksproducts.ca\\\/product\\\/luxor-3-shelf-plastic-utility-cart-with-flat-shelves-side-pullout-shelf-3-outlets-and-15-cord-400lb-weight-capacity-black-2\\\/\",\"url\":\"https:\\\/\\\/ksproducts.ca\\\/product\\\/luxor-3-shelf-plastic-utility-cart-with-flat-shelves-side-pullout-shelf-3-outlets-and-15-cord-400lb-weight-capacity-black-2\\\/\",\"name\":\"Luxor 3-Shelf Plastic Utility Cart with Flat Shelves, Side Pullout Shelf, 3-outlets and 15' cord - 400lb Weight Capacity - Black - Ks Products\",\"isPartOf\":{\"@id\":\"https:\\\/\\\/ksproducts.ca\\\/#website\"},\"primaryImageOfPage\":{\"@id\":\"https:\\\/\\\/ksproducts.ca\\\/product\\\/luxor-3-shelf-plastic-utility-cart-with-flat-shelves-side-pullout-shelf-3-outlets-and-15-cord-400lb-weight-capacity-black-2\\\/#primaryimage\"},\"image\":{\"@id\":\"https:\\\/\\\/ksproducts.ca\\\/product\\\/luxor-3-shelf-plastic-utility-cart-with-flat-shelves-side-pullout-shelf-3-outlets-and-15-cord-400lb-weight-capacity-black-2\\\/#primaryimage\"},\"thumbnailUrl\":\"https:\\\/\\\/ksproducts.ca\\\/wp-content\\\/uploads\\\/2026\\\/03\\\/Luxor-3-Shelf-Plastic-Utility-Cart-with-Flat-Shelves-Side-Pullout-Shelf-3-outlets-and-15-cord-400lb-Weight-Capacity-Black-1.jpg\",\"datePublished\":\"2026-03-16T19:41:29+00:00\",\"breadcrumb\":{\"@id\":\"https:\\\/\\\/ksproducts.ca\\\/product\\\/luxor-3-shelf-plastic-utility-cart-with-flat-shelves-side-pullout-shelf-3-outlets-and-15-cord-400lb-weight-capacity-black-2\\\/#breadcrumb\"},\"inLanguage\":\"fr-CA\",\"potentialAction\":[{\"@type\":\"ReadAction\",\"target\":[\"https:\\\/\\\/ksproducts.ca\\\/product\\\/luxor-3-shelf-plastic-utility-cart-with-flat-shelves-side-pullout-shelf-3-outlets-and-15-cord-400lb-weight-capacity-black-2\\\/\"]}]},{\"@type\":\"ImageObject\",\"inLanguage\":\"fr-CA\",\"@id\":\"https:\\\/\\\/ksproducts.ca\\\/product\\\/luxor-3-shelf-plastic-utility-cart-with-flat-shelves-side-pullout-shelf-3-outlets-and-15-cord-400lb-weight-capacity-black-2\\\/#primaryimage\",\"url\":\"https:\\\/\\\/ksproducts.ca\\\/wp-content\\\/uploads\\\/2026\\\/03\\\/Luxor-3-Shelf-Plastic-Utility-Cart-with-Flat-Shelves-Side-Pullout-Shelf-3-outlets-and-15-cord-400lb-Weight-Capacity-Black-1.jpg\",\"contentUrl\":\"https:\\\/\\\/ksproducts.ca\\\/wp-content\\\/uploads\\\/2026\\\/03\\\/Luxor-3-Shelf-Plastic-Utility-Cart-with-Flat-Shelves-Side-Pullout-Shelf-3-outlets-and-15-cord-400lb-Weight-Capacity-Black-1.jpg\",\"width\":600,\"height\":600,\"caption\":\"Luxor 3 Shelf Plastic Utility Cart with Flat Shelves, Side Pullout Shelf, 3 outlets and 15' cord 400lb Weight Capacity Black\"},{\"@type\":\"BreadcrumbList\",\"@id\":\"https:\\\/\\\/ksproducts.ca\\\/product\\\/luxor-3-shelf-plastic-utility-cart-with-flat-shelves-side-pullout-shelf-3-outlets-and-15-cord-400lb-weight-capacity-black-2\\\/#breadcrumb\",\"itemListElement\":[{\"@type\":\"ListItem\",\"position\":1,\"name\":\"Home\",\"item\":\"https:\\\/\\\/ksproducts.ca\\\/\"},{\"@type\":\"ListItem\",\"position\":2,\"name\":\"Shop\",\"item\":\"https:\\\/\\\/ksproducts.ca\\\/shop\\\/\"},{\"@type\":\"ListItem\",\"position\":3,\"name\":\"Luxor 3-Shelf Plastic Utility Cart with Flat Shelves, Side Pullout Shelf, 3-outlets and 15&#8242; cord &#8211; 400lb Weight Capacity &#8211; Black\"}]},{\"@type\":\"WebSite\",\"@id\":\"https:\\\/\\\/ksproducts.ca\\\/#website\",\"url\":\"https:\\\/\\\/ksproducts.ca\\\/\",\"name\":\"Ks Products\",\"description\":\"Outdoor cooking and living, made easy in Canada\",\"publisher\":{\"@id\":\"https:\\\/\\\/ksproducts.ca\\\/#organization\"},\"potentialAction\":[{\"@type\":\"SearchAction\",\"target\":{\"@type\":\"EntryPoint\",\"urlTemplate\":\"https:\\\/\\\/ksproducts.ca\\\/?s={search_term_string}\"},\"query-input\":{\"@type\":\"PropertyValueSpecification\",\"valueRequired\":true,\"valueName\":\"search_term_string\"}}],\"inLanguage\":\"fr-CA\"},{\"@type\":\"Organization\",\"@id\":\"https:\\\/\\\/ksproducts.ca\\\/#organization\",\"name\":\"Ks Products\",\"url\":\"https:\\\/\\\/ksproducts.ca\\\/\",\"logo\":{\"@type\":\"ImageObject\",\"inLanguage\":\"fr-CA\",\"@id\":\"https:\\\/\\\/ksproducts.ca\\\/#\\\/schema\\\/logo\\\/image\\\/\",\"url\":\"https:\\\/\\\/ksproducts.ca\\\/wp-content\\\/uploads\\\/2023\\\/09\\\/Kennedy-Sales-Logo-header-1.png\",\"contentUrl\":\"https:\\\/\\\/ksproducts.ca\\\/wp-content\\\/uploads\\\/2023\\\/09\\\/Kennedy-Sales-Logo-header-1.png\",\"width\":150,\"height\":77,\"caption\":\"Ks Products\"},\"image\":{\"@id\":\"https:\\\/\\\/ksproducts.ca\\\/#\\\/schema\\\/logo\\\/image\\\/\"}}]}<\/script>\n<!-- \/ Yoast SEO plugin. -->","yoast_head_json":{"title":"Luxor 3-Shelf Plastic Utility Cart with Flat Shelves, Side Pullout Shelf, 3-outlets and 15' cord - 400lb Weight Capacity - Black - Ks Products","robots":{"index":"index","follow":"follow","max-snippet":"max-snippet:-1","max-image-preview":"max-image-preview:large","max-video-preview":"max-video-preview:-1"},"canonical":"https:\/\/ksproducts.ca\/fr\/product\/luxor-3-shelf-plastic-utility-cart-with-flat-shelves-side-pullout-shelf-3-outlets-and-15-cord-capacity-400lb-weight-capacity-black-2\/","og_locale":"fr_CA","og_type":"article","og_title":"Luxor 3-Shelf Plastic Utility Cart with Flat Shelves, Side Pullout Shelf, 3-outlets and 15' cord - 400lb Weight Capacity - Black - Ks Products","og_description":"The Luxor 48\"H AV Cart offers three large shelves with ample clearance for storing and transporting up to 400 lbs. of AV equipment and more. All three shelves offer a .25\" retaining lip to secure items in place and are made of molded plastic that won't scratch, dent, rust or stain. This mobile cart also features a push handled molded into the top shelf and four 4\" heavy-duty casters with two locking brakes for enhanced maneuverability and stability.","og_url":"https:\/\/ksproducts.ca\/fr\/product\/luxor-3-shelf-plastic-utility-cart-with-flat-shelves-side-pullout-shelf-3-outlets-and-15-cord-capacity-400lb-weight-capacity-black-2\/","og_site_name":"Ks Products","og_image":[{"width":600,"height":600,"url":"https:\/\/ksproducts.ca\/wp-content\/uploads\/2026\/03\/Luxor-3-Shelf-Plastic-Utility-Cart-with-Flat-Shelves-Side-Pullout-Shelf-3-outlets-and-15-cord-400lb-Weight-Capacity-Black-1.jpg","type":"image\/jpeg"}],"twitter_card":"summary_large_image","twitter_misc":{"Estimation du temps de lecture":"1 minute"},"schema":{"@context":"https:\/\/schema.org","@graph":[{"@type":"WebPage","@id":"https:\/\/ksproducts.ca\/product\/luxor-3-shelf-plastic-utility-cart-with-flat-shelves-side-pullout-shelf-3-outlets-and-15-cord-400lb-weight-capacity-black-2\/","url":"https:\/\/ksproducts.ca\/product\/luxor-3-shelf-plastic-utility-cart-with-flat-shelves-side-pullout-shelf-3-outlets-and-15-cord-400lb-weight-capacity-black-2\/","name":"Luxor 3-Shelf Plastic Utility Cart with Flat Shelves, Side Pullout Shelf, 3-outlets and 15' cord - 400lb Weight Capacity - Black - Ks Products","isPartOf":{"@id":"https:\/\/ksproducts.ca\/#website"},"primaryImageOfPage":{"@id":"https:\/\/ksproducts.ca\/product\/luxor-3-shelf-plastic-utility-cart-with-flat-shelves-side-pullout-shelf-3-outlets-and-15-cord-400lb-weight-capacity-black-2\/#primaryimage"},"image":{"@id":"https:\/\/ksproducts.ca\/product\/luxor-3-shelf-plastic-utility-cart-with-flat-shelves-side-pullout-shelf-3-outlets-and-15-cord-400lb-weight-capacity-black-2\/#primaryimage"},"thumbnailUrl":"https:\/\/ksproducts.ca\/wp-content\/uploads\/2026\/03\/Luxor-3-Shelf-Plastic-Utility-Cart-with-Flat-Shelves-Side-Pullout-Shelf-3-outlets-and-15-cord-400lb-Weight-Capacity-Black-1.jpg","datePublished":"2026-03-16T19:41:29+00:00","breadcrumb":{"@id":"https:\/\/ksproducts.ca\/product\/luxor-3-shelf-plastic-utility-cart-with-flat-shelves-side-pullout-shelf-3-outlets-and-15-cord-400lb-weight-capacity-black-2\/#breadcrumb"},"inLanguage":"fr-CA","potentialAction":[{"@type":"ReadAction","target":["https:\/\/ksproducts.ca\/product\/luxor-3-shelf-plastic-utility-cart-with-flat-shelves-side-pullout-shelf-3-outlets-and-15-cord-400lb-weight-capacity-black-2\/"]}]},{"@type":"ImageObject","inLanguage":"fr-CA","@id":"https:\/\/ksproducts.ca\/product\/luxor-3-shelf-plastic-utility-cart-with-flat-shelves-side-pullout-shelf-3-outlets-and-15-cord-400lb-weight-capacity-black-2\/#primaryimage","url":"https:\/\/ksproducts.ca\/wp-content\/uploads\/2026\/03\/Luxor-3-Shelf-Plastic-Utility-Cart-with-Flat-Shelves-Side-Pullout-Shelf-3-outlets-and-15-cord-400lb-Weight-Capacity-Black-1.jpg","contentUrl":"https:\/\/ksproducts.ca\/wp-content\/uploads\/2026\/03\/Luxor-3-Shelf-Plastic-Utility-Cart-with-Flat-Shelves-Side-Pullout-Shelf-3-outlets-and-15-cord-400lb-Weight-Capacity-Black-1.jpg","width":600,"height":600,"caption":"Luxor 3 Shelf Plastic Utility Cart with Flat Shelves, Side Pullout Shelf, 3 outlets and 15' cord 400lb Weight Capacity Black"},{"@type":"BreadcrumbList","@id":"https:\/\/ksproducts.ca\/product\/luxor-3-shelf-plastic-utility-cart-with-flat-shelves-side-pullout-shelf-3-outlets-and-15-cord-400lb-weight-capacity-black-2\/#breadcrumb","itemListElement":[{"@type":"ListItem","position":1,"name":"Home","item":"https:\/\/ksproducts.ca\/"},{"@type":"ListItem","position":2,"name":"Shop","item":"https:\/\/ksproducts.ca\/shop\/"},{"@type":"ListItem","position":3,"name":"Luxor 3-Shelf Plastic Utility Cart with Flat Shelves, Side Pullout Shelf, 3-outlets and 15&#8242; cord &#8211; 400lb Weight Capacity &#8211; Black"}]},{"@type":"WebSite","@id":"https:\/\/ksproducts.ca\/#website","url":"https:\/\/ksproducts.ca\/","name":"Produits Ks","description":"Cuisiner et vivre en plein air, c'est facile au Canada","publisher":{"@id":"https:\/\/ksproducts.ca\/#organization"},"potentialAction":[{"@type":"SearchAction","target":{"@type":"EntryPoint","urlTemplate":"https:\/\/ksproducts.ca\/?s={search_term_string}"},"query-input":{"@type":"PropertyValueSpecification","valueRequired":true,"valueName":"search_term_string"}}],"inLanguage":"fr-CA"},{"@type":"Organization","@id":"https:\/\/ksproducts.ca\/#organization","name":"Produits Ks","url":"https:\/\/ksproducts.ca\/","logo":{"@type":"ImageObject","inLanguage":"fr-CA","@id":"https:\/\/ksproducts.ca\/#\/schema\/logo\/image\/","url":"https:\/\/ksproducts.ca\/wp-content\/uploads\/2023\/09\/Kennedy-Sales-Logo-header-1.png","contentUrl":"https:\/\/ksproducts.ca\/wp-content\/uploads\/2023\/09\/Kennedy-Sales-Logo-header-1.png","width":150,"height":77,"caption":"Ks Products"},"image":{"@id":"https:\/\/ksproducts.ca\/#\/schema\/logo\/image\/"}}]}},"_links":{"self":[{"href":"https:\/\/ksproducts.ca\/fr\/wp-json\/wp\/v2\/product\/12777","targetHints":{"allow":["GET"]}}],"collection":[{"href":"https:\/\/ksproducts.ca\/fr\/wp-json\/wp\/v2\/product"}],"about":[{"href":"https:\/\/ksproducts.ca\/fr\/wp-json\/wp\/v2\/types\/product"}],"replies":[{"embeddable":true,"href":"https:\/\/ksproducts.ca\/fr\/wp-json\/wp\/v2\/comments?post=12777"}],"version-history":[{"count":1,"href":"https:\/\/ksproducts.ca\/fr\/wp-json\/wp\/v2\/product\/12777\/revisions"}],"predecessor-version":[{"id":12779,"href":"https:\/\/ksproducts.ca\/fr\/wp-json\/wp\/v2\/product\/12777\/revisions\/12779"}],"wp:featuredmedia":[{"embeddable":true,"href":"https:\/\/ksproducts.ca\/fr\/wp-json\/wp\/v2\/media\/12778"}],"wp:attachment":[{"href":"https:\/\/ksproducts.ca\/fr\/wp-json\/wp\/v2\/media?parent=12777"}],"wp:term":[{"taxonomy":"product_cat","embeddable":true,"href":"https:\/\/ksproducts.ca\/fr\/wp-json\/wp\/v2\/product_cat?post=12777"},{"taxonomy":"product_tag","embeddable":true,"href":"https:\/\/ksproducts.ca\/fr\/wp-json\/wp\/v2\/product_tag?post=12777"}],"curies":[{"name":"wp","href":"https:\/\/api.w.org\/{rel}","templated":true}]}}