{"id":12780,"date":"2026-03-16T19:46:07","date_gmt":"2026-03-16T19:46:07","guid":{"rendered":"https:\/\/ksproducts.ca\/?post_type=product&#038;p=12780"},"modified":"2026-03-16T19:46:08","modified_gmt":"2026-03-16T19:46:08","slug":"luxor-single-column-manual-adjustable-height-stand-up-desk-with-bag-hook-cup-holder-and-pencil-rest","status":"publish","type":"product","link":"https:\/\/ksproducts.ca\/fr\/product\/luxor-single-column-manual-adjustable-height-stand-up-desk-with-bag-hook-cup-holder-and-pencil-rest\/","title":{"rendered":"Luxor Bureau debout manuel \u00e0 une colonne, r\u00e9glable en hauteur, avec crochet pour sac, porte-gobelet et repose-crayon"},"content":{"rendered":"<ul>\n<li>Il a \u00e9t\u00e9 prouv\u00e9 que les \u00e9l\u00e8ves se concentrent davantage et sont plus aptes \u00e0 se concentrer sur leur t\u00e2che.<\/li>\n<li>Offre une g\u00e9n\u00e9reuse plage de r\u00e9glage en hauteur de 13\u2033.<\/li>\n<li>La manivelle se range sous le bureau ou se d\u00e9tache pour la gestion de la classe.<\/li>\n<li>\u00c9limine l'encombrement au sol gr\u00e2ce \u00e0 un crochet pour les sacs de livres<\/li>\n<li>Porte-crayon et porte-bouteille pratique sur le bureau<\/li>\n<li>Quatre roulettes, dont deux avec frein de blocage, assurent la mobilit\u00e9 de la salle de classe pour une meilleure collaboration.<\/li>\n<li>Construction durable en acier avec surface stratifi\u00e9e \u00e0 haute pression<\/li>\n<\/ul>","protected":false},"excerpt":{"rendered":"<p>Cr\u00e9ez un environnement d'apprentissage sain et actif avec le bureau d'\u00e9tudiant debout \u00e0 hauteur r\u00e9glable de Luxor. La recherche prouve de plus en plus les avantages des bureaux debout alors que la salle de classe du 21e si\u00e8cle r\u00e9volutionne le bien-\u00eatre des \u00e9tudiants et les postes d'apprentissage individuels. Luxor est fier de proposer des bureaux assis\/debout innovants qui s'adaptent \u00e0 la taille des \u00e9tudiants, avec des plateaux de table qui s'ajustent de 29\u2033 \u00e0 42\u2033 de hauteur \u00e0 l'aide d'une manivelle. Le bureau dispose d'un espace r\u00e9serv\u00e9 aux crayons et \u00e0 une bouteille d'eau, et quatre roulettes permettent une mobilit\u00e9 qui encourage la collaboration entre les \u00e9tudiants et offre aux salles de classe des options d'agencement flexibles. \u00c9quipez vos \u00e9tudiants des outils n\u00e9cessaires \u00e0 la r\u00e9ussite de leurs \u00e9tudes avec un bureau Luxor pour \u00e9tudiants assis\/debout.<\/p>","protected":false},"featured_media":12781,"comment_status":"open","ping_status":"closed","template":"","meta":[],"product_cat":[434],"product_tag":[],"class_list":{"0":"post-12780","1":"product","2":"type-product","3":"status-publish","4":"has-post-thumbnail","6":"product_cat-desks","7":"product_shipping_class-class-5","9":"first","10":"instock","11":"taxable","12":"shipping-taxable","13":"purchasable","14":"product-type-simple"},"yoast_head":"<!-- This site is optimized with the Yoast SEO plugin v27.4 - https:\/\/yoast.com\/product\/yoast-seo-wordpress\/ -->\n<title>Luxor Single-Column Manual Adjustable-Height Stand Up Desk with Bag Hook, Cup Holder, and Pencil Rest - Ks Products<\/title>\n<meta name=\"robots\" content=\"index, follow, max-snippet:-1, max-image-preview:large, max-video-preview:-1\" \/>\n<link rel=\"canonical\" href=\"https:\/\/ksproducts.ca\/fr\/product\/luxor-single-column-manual-adjustable-height-stand-up-desk-with-bag-hook-cup-holder-and-pencil-rest\/\" \/>\n<meta property=\"og:locale\" content=\"fr_CA\" \/>\n<meta property=\"og:type\" content=\"article\" \/>\n<meta property=\"og:title\" content=\"Luxor Single-Column Manual Adjustable-Height Stand Up Desk with Bag Hook, Cup Holder, and Pencil Rest - Ks Products\" \/>\n<meta property=\"og:description\" content=\"Create an environment of healthy, active learning with Luxor\u2019s adjustable-height standing student desk. Research increasingly proves the benefits of standing desks as the 21st-century classroom revolutionizes student wellness and individual learning stations. Luxor is proud to provide innovative sit\/stand desks that cater to students\u2019 height, with tabletops that adjust from 29&quot; to 42&quot; high using a crank handle. The desk has allotted space for pencils and a water bottle, and four casters provide mobility that encourages student collaboration and offers classrooms flexible layout options. Equip your students with the tools for educational success with a Luxor Sit\/Stand Student Desk.\" \/>\n<meta property=\"og:url\" content=\"https:\/\/ksproducts.ca\/fr\/product\/luxor-single-column-manual-adjustable-height-stand-up-desk-with-bag-hook-cup-holder-and-pencil-rest\/\" \/>\n<meta property=\"og:site_name\" content=\"Ks Products\" \/>\n<meta property=\"article:modified_time\" content=\"2026-03-16T19:46:08+00:00\" \/>\n<meta property=\"og:image\" content=\"https:\/\/ksproducts.ca\/wp-content\/uploads\/2026\/03\/Luxor-Single-Column-Manual-Adjustable-Height-Stand-Up-Desk-with-Bag-Hook-Cup-Holder-and-Pencil-Rest.jpg\" \/>\n\t<meta property=\"og:image:width\" content=\"600\" \/>\n\t<meta property=\"og:image:height\" content=\"600\" \/>\n\t<meta property=\"og:image:type\" content=\"image\/jpeg\" \/>\n<meta name=\"twitter:card\" content=\"summary_large_image\" \/>\n<meta name=\"twitter:label1\" content=\"Estimation du temps de lecture\" \/>\n\t<meta name=\"twitter:data1\" content=\"1 minute\" \/>\n<script type=\"application\/ld+json\" class=\"yoast-schema-graph\">{\"@context\":\"https:\\\/\\\/schema.org\",\"@graph\":[{\"@type\":\"WebPage\",\"@id\":\"https:\\\/\\\/ksproducts.ca\\\/product\\\/luxor-single-column-manual-adjustable-height-stand-up-desk-with-bag-hook-cup-holder-and-pencil-rest\\\/\",\"url\":\"https:\\\/\\\/ksproducts.ca\\\/product\\\/luxor-single-column-manual-adjustable-height-stand-up-desk-with-bag-hook-cup-holder-and-pencil-rest\\\/\",\"name\":\"Luxor Single-Column Manual Adjustable-Height Stand Up Desk with Bag Hook, Cup Holder, and Pencil Rest - Ks Products\",\"isPartOf\":{\"@id\":\"https:\\\/\\\/ksproducts.ca\\\/#website\"},\"primaryImageOfPage\":{\"@id\":\"https:\\\/\\\/ksproducts.ca\\\/product\\\/luxor-single-column-manual-adjustable-height-stand-up-desk-with-bag-hook-cup-holder-and-pencil-rest\\\/#primaryimage\"},\"image\":{\"@id\":\"https:\\\/\\\/ksproducts.ca\\\/product\\\/luxor-single-column-manual-adjustable-height-stand-up-desk-with-bag-hook-cup-holder-and-pencil-rest\\\/#primaryimage\"},\"thumbnailUrl\":\"https:\\\/\\\/ksproducts.ca\\\/wp-content\\\/uploads\\\/2026\\\/03\\\/Luxor-Single-Column-Manual-Adjustable-Height-Stand-Up-Desk-with-Bag-Hook-Cup-Holder-and-Pencil-Rest.jpg\",\"datePublished\":\"2026-03-16T19:46:07+00:00\",\"dateModified\":\"2026-03-16T19:46:08+00:00\",\"breadcrumb\":{\"@id\":\"https:\\\/\\\/ksproducts.ca\\\/product\\\/luxor-single-column-manual-adjustable-height-stand-up-desk-with-bag-hook-cup-holder-and-pencil-rest\\\/#breadcrumb\"},\"inLanguage\":\"fr-CA\",\"potentialAction\":[{\"@type\":\"ReadAction\",\"target\":[\"https:\\\/\\\/ksproducts.ca\\\/product\\\/luxor-single-column-manual-adjustable-height-stand-up-desk-with-bag-hook-cup-holder-and-pencil-rest\\\/\"]}]},{\"@type\":\"ImageObject\",\"inLanguage\":\"fr-CA\",\"@id\":\"https:\\\/\\\/ksproducts.ca\\\/product\\\/luxor-single-column-manual-adjustable-height-stand-up-desk-with-bag-hook-cup-holder-and-pencil-rest\\\/#primaryimage\",\"url\":\"https:\\\/\\\/ksproducts.ca\\\/wp-content\\\/uploads\\\/2026\\\/03\\\/Luxor-Single-Column-Manual-Adjustable-Height-Stand-Up-Desk-with-Bag-Hook-Cup-Holder-and-Pencil-Rest.jpg\",\"contentUrl\":\"https:\\\/\\\/ksproducts.ca\\\/wp-content\\\/uploads\\\/2026\\\/03\\\/Luxor-Single-Column-Manual-Adjustable-Height-Stand-Up-Desk-with-Bag-Hook-Cup-Holder-and-Pencil-Rest.jpg\",\"width\":600,\"height\":600,\"caption\":\"Luxor Single Column Manual Adjustable Height Stand Up Desk with Bag Hook, Cup Holder, and Pencil Rest\"},{\"@type\":\"BreadcrumbList\",\"@id\":\"https:\\\/\\\/ksproducts.ca\\\/product\\\/luxor-single-column-manual-adjustable-height-stand-up-desk-with-bag-hook-cup-holder-and-pencil-rest\\\/#breadcrumb\",\"itemListElement\":[{\"@type\":\"ListItem\",\"position\":1,\"name\":\"Home\",\"item\":\"https:\\\/\\\/ksproducts.ca\\\/\"},{\"@type\":\"ListItem\",\"position\":2,\"name\":\"Shop\",\"item\":\"https:\\\/\\\/ksproducts.ca\\\/shop\\\/\"},{\"@type\":\"ListItem\",\"position\":3,\"name\":\"Luxor Single-Column Manual Adjustable-Height Stand Up Desk with Bag Hook, Cup Holder, and Pencil Rest\"}]},{\"@type\":\"WebSite\",\"@id\":\"https:\\\/\\\/ksproducts.ca\\\/#website\",\"url\":\"https:\\\/\\\/ksproducts.ca\\\/\",\"name\":\"Ks Products\",\"description\":\"Outdoor cooking and living, made easy in Canada\",\"publisher\":{\"@id\":\"https:\\\/\\\/ksproducts.ca\\\/#organization\"},\"potentialAction\":[{\"@type\":\"SearchAction\",\"target\":{\"@type\":\"EntryPoint\",\"urlTemplate\":\"https:\\\/\\\/ksproducts.ca\\\/?s={search_term_string}\"},\"query-input\":{\"@type\":\"PropertyValueSpecification\",\"valueRequired\":true,\"valueName\":\"search_term_string\"}}],\"inLanguage\":\"fr-CA\"},{\"@type\":\"Organization\",\"@id\":\"https:\\\/\\\/ksproducts.ca\\\/#organization\",\"name\":\"Ks Products\",\"url\":\"https:\\\/\\\/ksproducts.ca\\\/\",\"logo\":{\"@type\":\"ImageObject\",\"inLanguage\":\"fr-CA\",\"@id\":\"https:\\\/\\\/ksproducts.ca\\\/#\\\/schema\\\/logo\\\/image\\\/\",\"url\":\"https:\\\/\\\/ksproducts.ca\\\/wp-content\\\/uploads\\\/2023\\\/09\\\/Kennedy-Sales-Logo-header-1.png\",\"contentUrl\":\"https:\\\/\\\/ksproducts.ca\\\/wp-content\\\/uploads\\\/2023\\\/09\\\/Kennedy-Sales-Logo-header-1.png\",\"width\":150,\"height\":77,\"caption\":\"Ks Products\"},\"image\":{\"@id\":\"https:\\\/\\\/ksproducts.ca\\\/#\\\/schema\\\/logo\\\/image\\\/\"}}]}<\/script>\n<!-- \/ Yoast SEO plugin. -->","yoast_head_json":{"title":"Luxor Bureau debout manuel \u00e0 une colonne, r\u00e9glable en hauteur, avec crochet pour sac, porte-gobelet et repose-crayon - Ks Products","robots":{"index":"index","follow":"follow","max-snippet":"max-snippet:-1","max-image-preview":"max-image-preview:large","max-video-preview":"max-video-preview:-1"},"canonical":"https:\/\/ksproducts.ca\/fr\/product\/luxor-single-column-manual-adjustable-height-stand-up-desk-with-bag-hook-cup-holder-and-pencil-rest\/","og_locale":"fr_CA","og_type":"article","og_title":"Luxor Single-Column Manual Adjustable-Height Stand Up Desk with Bag Hook, Cup Holder, and Pencil Rest - Ks Products","og_description":"Create an environment of healthy, active learning with Luxor\u2019s adjustable-height standing student desk. Research increasingly proves the benefits of standing desks as the 21st-century classroom revolutionizes student wellness and individual learning stations. Luxor is proud to provide innovative sit\/stand desks that cater to students\u2019 height, with tabletops that adjust from 29\" to 42\" high using a crank handle. The desk has allotted space for pencils and a water bottle, and four casters provide mobility that encourages student collaboration and offers classrooms flexible layout options. Equip your students with the tools for educational success with a Luxor Sit\/Stand Student Desk.","og_url":"https:\/\/ksproducts.ca\/fr\/product\/luxor-single-column-manual-adjustable-height-stand-up-desk-with-bag-hook-cup-holder-and-pencil-rest\/","og_site_name":"Ks Products","article_modified_time":"2026-03-16T19:46:08+00:00","og_image":[{"width":600,"height":600,"url":"https:\/\/ksproducts.ca\/wp-content\/uploads\/2026\/03\/Luxor-Single-Column-Manual-Adjustable-Height-Stand-Up-Desk-with-Bag-Hook-Cup-Holder-and-Pencil-Rest.jpg","type":"image\/jpeg"}],"twitter_card":"summary_large_image","twitter_misc":{"Estimation du temps de lecture":"1 minute"},"schema":{"@context":"https:\/\/schema.org","@graph":[{"@type":"WebPage","@id":"https:\/\/ksproducts.ca\/product\/luxor-single-column-manual-adjustable-height-stand-up-desk-with-bag-hook-cup-holder-and-pencil-rest\/","url":"https:\/\/ksproducts.ca\/product\/luxor-single-column-manual-adjustable-height-stand-up-desk-with-bag-hook-cup-holder-and-pencil-rest\/","name":"Luxor Bureau debout manuel \u00e0 une colonne, r\u00e9glable en hauteur, avec crochet pour sac, porte-gobelet et repose-crayon - Ks Products","isPartOf":{"@id":"https:\/\/ksproducts.ca\/#website"},"primaryImageOfPage":{"@id":"https:\/\/ksproducts.ca\/product\/luxor-single-column-manual-adjustable-height-stand-up-desk-with-bag-hook-cup-holder-and-pencil-rest\/#primaryimage"},"image":{"@id":"https:\/\/ksproducts.ca\/product\/luxor-single-column-manual-adjustable-height-stand-up-desk-with-bag-hook-cup-holder-and-pencil-rest\/#primaryimage"},"thumbnailUrl":"https:\/\/ksproducts.ca\/wp-content\/uploads\/2026\/03\/Luxor-Single-Column-Manual-Adjustable-Height-Stand-Up-Desk-with-Bag-Hook-Cup-Holder-and-Pencil-Rest.jpg","datePublished":"2026-03-16T19:46:07+00:00","dateModified":"2026-03-16T19:46:08+00:00","breadcrumb":{"@id":"https:\/\/ksproducts.ca\/product\/luxor-single-column-manual-adjustable-height-stand-up-desk-with-bag-hook-cup-holder-and-pencil-rest\/#breadcrumb"},"inLanguage":"fr-CA","potentialAction":[{"@type":"ReadAction","target":["https:\/\/ksproducts.ca\/product\/luxor-single-column-manual-adjustable-height-stand-up-desk-with-bag-hook-cup-holder-and-pencil-rest\/"]}]},{"@type":"ImageObject","inLanguage":"fr-CA","@id":"https:\/\/ksproducts.ca\/product\/luxor-single-column-manual-adjustable-height-stand-up-desk-with-bag-hook-cup-holder-and-pencil-rest\/#primaryimage","url":"https:\/\/ksproducts.ca\/wp-content\/uploads\/2026\/03\/Luxor-Single-Column-Manual-Adjustable-Height-Stand-Up-Desk-with-Bag-Hook-Cup-Holder-and-Pencil-Rest.jpg","contentUrl":"https:\/\/ksproducts.ca\/wp-content\/uploads\/2026\/03\/Luxor-Single-Column-Manual-Adjustable-Height-Stand-Up-Desk-with-Bag-Hook-Cup-Holder-and-Pencil-Rest.jpg","width":600,"height":600,"caption":"Luxor Single Column Manual Adjustable Height Stand Up Desk with Bag Hook, Cup Holder, and Pencil Rest"},{"@type":"BreadcrumbList","@id":"https:\/\/ksproducts.ca\/product\/luxor-single-column-manual-adjustable-height-stand-up-desk-with-bag-hook-cup-holder-and-pencil-rest\/#breadcrumb","itemListElement":[{"@type":"ListItem","position":1,"name":"Home","item":"https:\/\/ksproducts.ca\/"},{"@type":"ListItem","position":2,"name":"Shop","item":"https:\/\/ksproducts.ca\/shop\/"},{"@type":"ListItem","position":3,"name":"Luxor Single-Column Manual Adjustable-Height Stand Up Desk with Bag Hook, Cup Holder, and Pencil Rest"}]},{"@type":"WebSite","@id":"https:\/\/ksproducts.ca\/#website","url":"https:\/\/ksproducts.ca\/","name":"Produits Ks","description":"Cuisiner et vivre en plein air, c'est facile au Canada","publisher":{"@id":"https:\/\/ksproducts.ca\/#organization"},"potentialAction":[{"@type":"SearchAction","target":{"@type":"EntryPoint","urlTemplate":"https:\/\/ksproducts.ca\/?s={search_term_string}"},"query-input":{"@type":"PropertyValueSpecification","valueRequired":true,"valueName":"search_term_string"}}],"inLanguage":"fr-CA"},{"@type":"Organization","@id":"https:\/\/ksproducts.ca\/#organization","name":"Produits Ks","url":"https:\/\/ksproducts.ca\/","logo":{"@type":"ImageObject","inLanguage":"fr-CA","@id":"https:\/\/ksproducts.ca\/#\/schema\/logo\/image\/","url":"https:\/\/ksproducts.ca\/wp-content\/uploads\/2023\/09\/Kennedy-Sales-Logo-header-1.png","contentUrl":"https:\/\/ksproducts.ca\/wp-content\/uploads\/2023\/09\/Kennedy-Sales-Logo-header-1.png","width":150,"height":77,"caption":"Ks Products"},"image":{"@id":"https:\/\/ksproducts.ca\/#\/schema\/logo\/image\/"}}]}},"_links":{"self":[{"href":"https:\/\/ksproducts.ca\/fr\/wp-json\/wp\/v2\/product\/12780","targetHints":{"allow":["GET"]}}],"collection":[{"href":"https:\/\/ksproducts.ca\/fr\/wp-json\/wp\/v2\/product"}],"about":[{"href":"https:\/\/ksproducts.ca\/fr\/wp-json\/wp\/v2\/types\/product"}],"replies":[{"embeddable":true,"href":"https:\/\/ksproducts.ca\/fr\/wp-json\/wp\/v2\/comments?post=12780"}],"version-history":[{"count":1,"href":"https:\/\/ksproducts.ca\/fr\/wp-json\/wp\/v2\/product\/12780\/revisions"}],"predecessor-version":[{"id":12782,"href":"https:\/\/ksproducts.ca\/fr\/wp-json\/wp\/v2\/product\/12780\/revisions\/12782"}],"wp:featuredmedia":[{"embeddable":true,"href":"https:\/\/ksproducts.ca\/fr\/wp-json\/wp\/v2\/media\/12781"}],"wp:attachment":[{"href":"https:\/\/ksproducts.ca\/fr\/wp-json\/wp\/v2\/media?parent=12780"}],"wp:term":[{"taxonomy":"product_cat","embeddable":true,"href":"https:\/\/ksproducts.ca\/fr\/wp-json\/wp\/v2\/product_cat?post=12780"},{"taxonomy":"product_tag","embeddable":true,"href":"https:\/\/ksproducts.ca\/fr\/wp-json\/wp\/v2\/product_tag?post=12780"}],"curies":[{"name":"wp","href":"https:\/\/api.w.org\/{rel}","templated":true}]}}