{"id":12837,"date":"2026-04-07T17:49:14","date_gmt":"2026-04-07T17:49:14","guid":{"rendered":"https:\/\/ksproducts.ca\/?post_type=product&#038;p=12837"},"modified":"2026-04-08T14:13:46","modified_gmt":"2026-04-08T14:13:46","slug":"tabouret-grand-trunk-compass-360-noir","status":"publish","type":"product","link":"https:\/\/ksproducts.ca\/fr\/product\/grand-trunk-compass-360-stool-black\/","title":{"rendered":"Tabouret Grand Trunk Compass 360 \u2013 Noir"},"content":{"rendered":"<div class=\"markdown prose w-full break-words dark:prose-invert light\"><strong>Caract\u00e9ristiques<\/strong><\/div>\n<div class=\"markdown prose w-full break-words dark:prose-invert light\">\n<ul>\n<li>Hauteur de si\u00e8ge plus \u00e9lev\u00e9e<\/li>\n<li>L\u00e9ger et confortable<\/li>\n<li>Tourne \u00e0 360\u00b0<\/li>\n<li>Poche de rangement sous le si\u00e8ge<\/li>\n<\/ul>\n<p><strong>Sp\u00e9cifications techniques<\/strong><\/p>\n<ul>\n<li>Poids : 1,7 lb | 0,7 kg<\/li>\n<li>Hauteur d'assise : 20,0\u2033 | 50 cm<\/li>\n<li>Capacit\u00e9 : 260 livres | 118 kg<\/li>\n<li>Dimensions du colis (H x L x P) : 16,5\u2033 x 5,0\u2033 x 5,0\u2033 | 41,9 cm x 12,7 cm x 12,7 cm<\/li>\n<li>Dimensions compl\u00e8tes (H x L x P) : 20,0\u2033 x 12,5\u2033 x 12,5\u2033 | 50,8 cm x 31,8 cm x 31,8 cm<\/li>\n<li>Mat\u00e9riaux : Polyester 450D, Aluminium de la s\u00e9rie 7000<\/li>\n<\/ul>\n<\/div>","protected":false},"excerpt":{"rendered":"<p>Pr\u00e9sentation du tabouret pivotant Grand Trunk Compass 360\u00b0 XT (Xtra Tall) ! Fabriqu\u00e9 avec la m\u00eame durabilit\u00e9 et la m\u00eame innovation que son pr\u00e9d\u00e9cesseur, le XT porte le confort \u00e0 de nouveaux sommets avec sa conception extra haute, mesurant une g\u00e9n\u00e9reuse hauteur de 20 pouces - le confort et la commodit\u00e9 \u00e0 leur apog\u00e9e !<\/p>\n<p>Que vous campiez, p\u00eachiez ou profitiez simplement du grand air, le Compass 360\u00b0 XT vous assure de pouvoir toujours vous d\u00e9tendre avec style.<\/p>","protected":false},"featured_media":12836,"comment_status":"open","ping_status":"closed","template":"","meta":[],"product_cat":[431],"product_tag":[],"class_list":{"0":"post-12837","1":"product","2":"type-product","3":"status-publish","4":"has-post-thumbnail","6":"product_cat-camping-rv-essentials","7":"product_shipping_class-class-1","9":"first","10":"instock","11":"taxable","12":"shipping-taxable","13":"purchasable","14":"product-type-simple"},"yoast_head":"<!-- This site is optimized with the Yoast SEO plugin v27.3 - https:\/\/yoast.com\/product\/yoast-seo-wordpress\/ -->\n<title>Grand Trunk Compass 360 Stool - Black - Ks Products<\/title>\n<meta name=\"robots\" content=\"index, follow, max-snippet:-1, max-image-preview:large, max-video-preview:-1\" \/>\n<link rel=\"canonical\" href=\"https:\/\/ksproducts.ca\/fr\/product\/tabouret-grand-trunk-compass-360-noir\/\" \/>\n<meta property=\"og:locale\" content=\"fr_CA\" \/>\n<meta property=\"og:type\" content=\"article\" \/>\n<meta property=\"og:title\" content=\"Grand Trunk Compass 360 Stool - Black - Ks Products\" \/>\n<meta property=\"og:description\" content=\"Introducing the Grand Trunk Compass 360\u00b0 XT (Xtra Tall) Swivel Stool! Crafted with the same durability and innovation as its predecessor, the XT takes comfort to new heights with its extra tall design, standing at a generous 20 inches\u2014comfort and convenience at it&#039;s pinnacle!  Whether you\u2019re camping, fishing, or simply enjoying the great outdoors, the Compass 360\u00b0 XT ensures you can always take a load off and relax in style.\" \/>\n<meta property=\"og:url\" content=\"https:\/\/ksproducts.ca\/fr\/product\/tabouret-grand-trunk-compass-360-noir\/\" \/>\n<meta property=\"og:site_name\" content=\"Ks Products\" \/>\n<meta property=\"article:modified_time\" content=\"2026-04-08T14:13:46+00:00\" \/>\n<meta property=\"og:image\" content=\"https:\/\/ksproducts.ca\/wp-content\/uploads\/2026\/04\/COMP-01-01_Old.jpg\" \/>\n\t<meta property=\"og:image:width\" content=\"800\" \/>\n\t<meta property=\"og:image:height\" content=\"800\" \/>\n\t<meta property=\"og:image:type\" content=\"image\/jpeg\" \/>\n<meta name=\"twitter:card\" content=\"summary_large_image\" \/>\n<meta name=\"twitter:label1\" content=\"Estimation du temps de lecture\" \/>\n\t<meta name=\"twitter:data1\" content=\"1 minute\" \/>\n<script type=\"application\/ld+json\" class=\"yoast-schema-graph\">{\"@context\":\"https:\\\/\\\/schema.org\",\"@graph\":[{\"@type\":\"WebPage\",\"@id\":\"https:\\\/\\\/ksproducts.ca\\\/product\\\/grand-trunk-compass-360-stool-black\\\/\",\"url\":\"https:\\\/\\\/ksproducts.ca\\\/product\\\/grand-trunk-compass-360-stool-black\\\/\",\"name\":\"Grand Trunk Compass 360 Stool - Black - Ks Products\",\"isPartOf\":{\"@id\":\"https:\\\/\\\/ksproducts.ca\\\/#website\"},\"primaryImageOfPage\":{\"@id\":\"https:\\\/\\\/ksproducts.ca\\\/product\\\/grand-trunk-compass-360-stool-black\\\/#primaryimage\"},\"image\":{\"@id\":\"https:\\\/\\\/ksproducts.ca\\\/product\\\/grand-trunk-compass-360-stool-black\\\/#primaryimage\"},\"thumbnailUrl\":\"https:\\\/\\\/ksproducts.ca\\\/wp-content\\\/uploads\\\/2026\\\/04\\\/COMP-01-01_Old.jpg\",\"datePublished\":\"2026-04-07T17:49:14+00:00\",\"dateModified\":\"2026-04-08T14:13:46+00:00\",\"breadcrumb\":{\"@id\":\"https:\\\/\\\/ksproducts.ca\\\/product\\\/grand-trunk-compass-360-stool-black\\\/#breadcrumb\"},\"inLanguage\":\"fr-CA\",\"potentialAction\":[{\"@type\":\"ReadAction\",\"target\":[\"https:\\\/\\\/ksproducts.ca\\\/product\\\/grand-trunk-compass-360-stool-black\\\/\"]}]},{\"@type\":\"ImageObject\",\"inLanguage\":\"fr-CA\",\"@id\":\"https:\\\/\\\/ksproducts.ca\\\/product\\\/grand-trunk-compass-360-stool-black\\\/#primaryimage\",\"url\":\"https:\\\/\\\/ksproducts.ca\\\/wp-content\\\/uploads\\\/2026\\\/04\\\/COMP-01-01_Old.jpg\",\"contentUrl\":\"https:\\\/\\\/ksproducts.ca\\\/wp-content\\\/uploads\\\/2026\\\/04\\\/COMP-01-01_Old.jpg\",\"width\":800,\"height\":800,\"caption\":\"Grand Trunk Compass 360 Stool - Black\"},{\"@type\":\"BreadcrumbList\",\"@id\":\"https:\\\/\\\/ksproducts.ca\\\/product\\\/grand-trunk-compass-360-stool-black\\\/#breadcrumb\",\"itemListElement\":[{\"@type\":\"ListItem\",\"position\":1,\"name\":\"Home\",\"item\":\"https:\\\/\\\/ksproducts.ca\\\/\"},{\"@type\":\"ListItem\",\"position\":2,\"name\":\"Shop\",\"item\":\"https:\\\/\\\/ksproducts.ca\\\/shop\\\/\"},{\"@type\":\"ListItem\",\"position\":3,\"name\":\"Grand Trunk Compass 360 Stool &#8211; Black\"}]},{\"@type\":\"WebSite\",\"@id\":\"https:\\\/\\\/ksproducts.ca\\\/#website\",\"url\":\"https:\\\/\\\/ksproducts.ca\\\/\",\"name\":\"Ks Products\",\"description\":\"Outdoor cooking and living, made easy in Canada\",\"publisher\":{\"@id\":\"https:\\\/\\\/ksproducts.ca\\\/#organization\"},\"potentialAction\":[{\"@type\":\"SearchAction\",\"target\":{\"@type\":\"EntryPoint\",\"urlTemplate\":\"https:\\\/\\\/ksproducts.ca\\\/?s={search_term_string}\"},\"query-input\":{\"@type\":\"PropertyValueSpecification\",\"valueRequired\":true,\"valueName\":\"search_term_string\"}}],\"inLanguage\":\"fr-CA\"},{\"@type\":\"Organization\",\"@id\":\"https:\\\/\\\/ksproducts.ca\\\/#organization\",\"name\":\"Ks Products\",\"url\":\"https:\\\/\\\/ksproducts.ca\\\/\",\"logo\":{\"@type\":\"ImageObject\",\"inLanguage\":\"fr-CA\",\"@id\":\"https:\\\/\\\/ksproducts.ca\\\/#\\\/schema\\\/logo\\\/image\\\/\",\"url\":\"https:\\\/\\\/ksproducts.ca\\\/wp-content\\\/uploads\\\/2023\\\/09\\\/Kennedy-Sales-Logo-header-1.png\",\"contentUrl\":\"https:\\\/\\\/ksproducts.ca\\\/wp-content\\\/uploads\\\/2023\\\/09\\\/Kennedy-Sales-Logo-header-1.png\",\"width\":150,\"height\":77,\"caption\":\"Ks Products\"},\"image\":{\"@id\":\"https:\\\/\\\/ksproducts.ca\\\/#\\\/schema\\\/logo\\\/image\\\/\"}}]}<\/script>\n<!-- \/ Yoast SEO plugin. -->","yoast_head_json":{"title":"Tabouret Grand Trunk Compass 360 - Noir - Ks Products","robots":{"index":"index","follow":"follow","max-snippet":"max-snippet:-1","max-image-preview":"max-image-preview:large","max-video-preview":"max-video-preview:-1"},"canonical":"https:\/\/ksproducts.ca\/fr\/product\/tabouret-grand-trunk-compass-360-noir\/","og_locale":"fr_CA","og_type":"article","og_title":"Grand Trunk Compass 360 Stool - Black - Ks Products","og_description":"Introducing the Grand Trunk Compass 360\u00b0 XT (Xtra Tall) Swivel Stool! Crafted with the same durability and innovation as its predecessor, the XT takes comfort to new heights with its extra tall design, standing at a generous 20 inches\u2014comfort and convenience at it's pinnacle!  Whether you\u2019re camping, fishing, or simply enjoying the great outdoors, the Compass 360\u00b0 XT ensures you can always take a load off and relax in style.","og_url":"https:\/\/ksproducts.ca\/fr\/product\/tabouret-grand-trunk-compass-360-noir\/","og_site_name":"Ks Products","article_modified_time":"2026-04-08T14:13:46+00:00","og_image":[{"width":800,"height":800,"url":"https:\/\/ksproducts.ca\/wp-content\/uploads\/2026\/04\/COMP-01-01_Old.jpg","type":"image\/jpeg"}],"twitter_card":"summary_large_image","twitter_misc":{"Estimation du temps de lecture":"1 minute"},"schema":{"@context":"https:\/\/schema.org","@graph":[{"@type":"WebPage","@id":"https:\/\/ksproducts.ca\/product\/grand-trunk-compass-360-stool-black\/","url":"https:\/\/ksproducts.ca\/product\/grand-trunk-compass-360-stool-black\/","name":"Tabouret Grand Trunk Compass 360 - Noir - Ks Products","isPartOf":{"@id":"https:\/\/ksproducts.ca\/#website"},"primaryImageOfPage":{"@id":"https:\/\/ksproducts.ca\/product\/grand-trunk-compass-360-stool-black\/#primaryimage"},"image":{"@id":"https:\/\/ksproducts.ca\/product\/grand-trunk-compass-360-stool-black\/#primaryimage"},"thumbnailUrl":"https:\/\/ksproducts.ca\/wp-content\/uploads\/2026\/04\/COMP-01-01_Old.jpg","datePublished":"2026-04-07T17:49:14+00:00","dateModified":"2026-04-08T14:13:46+00:00","breadcrumb":{"@id":"https:\/\/ksproducts.ca\/product\/grand-trunk-compass-360-stool-black\/#breadcrumb"},"inLanguage":"fr-CA","potentialAction":[{"@type":"ReadAction","target":["https:\/\/ksproducts.ca\/product\/grand-trunk-compass-360-stool-black\/"]}]},{"@type":"ImageObject","inLanguage":"fr-CA","@id":"https:\/\/ksproducts.ca\/product\/grand-trunk-compass-360-stool-black\/#primaryimage","url":"https:\/\/ksproducts.ca\/wp-content\/uploads\/2026\/04\/COMP-01-01_Old.jpg","contentUrl":"https:\/\/ksproducts.ca\/wp-content\/uploads\/2026\/04\/COMP-01-01_Old.jpg","width":800,"height":800,"caption":"Grand Trunk Compass 360 Stool - Black"},{"@type":"BreadcrumbList","@id":"https:\/\/ksproducts.ca\/product\/grand-trunk-compass-360-stool-black\/#breadcrumb","itemListElement":[{"@type":"ListItem","position":1,"name":"Home","item":"https:\/\/ksproducts.ca\/"},{"@type":"ListItem","position":2,"name":"Shop","item":"https:\/\/ksproducts.ca\/shop\/"},{"@type":"ListItem","position":3,"name":"Grand Trunk Compass 360 Stool &#8211; Black"}]},{"@type":"WebSite","@id":"https:\/\/ksproducts.ca\/#website","url":"https:\/\/ksproducts.ca\/","name":"Produits Ks","description":"Cuisiner et vivre en plein air, c'est facile au Canada","publisher":{"@id":"https:\/\/ksproducts.ca\/#organization"},"potentialAction":[{"@type":"SearchAction","target":{"@type":"EntryPoint","urlTemplate":"https:\/\/ksproducts.ca\/?s={search_term_string}"},"query-input":{"@type":"PropertyValueSpecification","valueRequired":true,"valueName":"search_term_string"}}],"inLanguage":"fr-CA"},{"@type":"Organization","@id":"https:\/\/ksproducts.ca\/#organization","name":"Produits Ks","url":"https:\/\/ksproducts.ca\/","logo":{"@type":"ImageObject","inLanguage":"fr-CA","@id":"https:\/\/ksproducts.ca\/#\/schema\/logo\/image\/","url":"https:\/\/ksproducts.ca\/wp-content\/uploads\/2023\/09\/Kennedy-Sales-Logo-header-1.png","contentUrl":"https:\/\/ksproducts.ca\/wp-content\/uploads\/2023\/09\/Kennedy-Sales-Logo-header-1.png","width":150,"height":77,"caption":"Ks Products"},"image":{"@id":"https:\/\/ksproducts.ca\/#\/schema\/logo\/image\/"}}]}},"_links":{"self":[{"href":"https:\/\/ksproducts.ca\/fr\/wp-json\/wp\/v2\/product\/12837","targetHints":{"allow":["GET"]}}],"collection":[{"href":"https:\/\/ksproducts.ca\/fr\/wp-json\/wp\/v2\/product"}],"about":[{"href":"https:\/\/ksproducts.ca\/fr\/wp-json\/wp\/v2\/types\/product"}],"replies":[{"embeddable":true,"href":"https:\/\/ksproducts.ca\/fr\/wp-json\/wp\/v2\/comments?post=12837"}],"version-history":[{"count":1,"href":"https:\/\/ksproducts.ca\/fr\/wp-json\/wp\/v2\/product\/12837\/revisions"}],"predecessor-version":[{"id":12843,"href":"https:\/\/ksproducts.ca\/fr\/wp-json\/wp\/v2\/product\/12837\/revisions\/12843"}],"wp:featuredmedia":[{"embeddable":true,"href":"https:\/\/ksproducts.ca\/fr\/wp-json\/wp\/v2\/media\/12836"}],"wp:attachment":[{"href":"https:\/\/ksproducts.ca\/fr\/wp-json\/wp\/v2\/media?parent=12837"}],"wp:term":[{"taxonomy":"product_cat","embeddable":true,"href":"https:\/\/ksproducts.ca\/fr\/wp-json\/wp\/v2\/product_cat?post=12837"},{"taxonomy":"product_tag","embeddable":true,"href":"https:\/\/ksproducts.ca\/fr\/wp-json\/wp\/v2\/product_tag?post=12837"}],"curies":[{"name":"wp","href":"https:\/\/api.w.org\/{rel}","templated":true}]}}