{"id":12854,"date":"2026-04-07T18:04:41","date_gmt":"2026-04-07T18:04:41","guid":{"rendered":"https:\/\/ksproducts.ca\/?post_type=product&#038;p=12854"},"modified":"2026-04-08T14:15:57","modified_gmt":"2026-04-08T14:15:57","slug":"grand-trunk-double-deluxe-hammock-featuring-parachute-nylon-and-straps-navy-chartreuse","status":"publish","type":"product","link":"https:\/\/ksproducts.ca\/fr\/product\/grand-trunk-double-deluxe-hammock-featuring-parachute-nylon-and-straps-navy-chartreuse\/","title":{"rendered":"Grand Trunk Double Deluxe Hamac avec parachute en nylon et sangles - Marine\/Chartreuse"},"content":{"rendered":"<p><strong>Features<\/strong><\/p>\n<ul>\n<li>Extra strength triple-lock stitched seams<\/li>\n<li>Includes 2 nautical-grade carabiners<\/li>\n<li>Includes (2) ready-to-hang 5 ft hammocks straps.<\/li>\n<li>2&#8243; Hammock straps are &#8216;Tree Friendly&#8217; and authorized in locations that require thicker straps to protect trees.<\/li>\n<li>Includes stuff sack for stress-free travel<\/li>\n<li>Soft, breathable and fast drying<\/li>\n<li>Quick and easy set up<\/li>\n<\/ul>\n<p><strong>Tech Specs<\/strong><\/p>\n<ul>\n<li>Material: 210T 70D parachute nylon<\/li>\n<li>Unfolded Dimensions: 10\u20196\u201d x 6\u20196\u201d<\/li>\n<li>Lounging Capacity: 2 people<\/li>\n<li>Weight Capacity: 400 lbs \/ 181 kgs<\/li>\n<li>Weight: 28 oz<\/li>\n<\/ul>","protected":false},"excerpt":{"rendered":"<p>S'\u00e9vader fait du bien \u00e0 l'\u00e2me. Que vous fassiez de la randonn\u00e9e \u00e0 l'autre bout du monde ou que vous vous d\u00e9tendiez dans votre jardin, notre hamac pliable pour deux personnes en nylon parachute est pr\u00eat \u00e0 vous aider \u00e0 vous d\u00e9tendre tout en planifiant votre prochaine aventure. Avec les mousquetons inclus et les sangles de hamac de 1,5 m\u00e8tre, ce kit de hamac tout-en-un abordable est pr\u00eat \u00e0 \u00eatre install\u00e9. Pas besoin d'acheter de sangles ou de corde suppl\u00e9mentaires.<\/p>","protected":false},"featured_media":12856,"comment_status":"open","ping_status":"closed","template":"","meta":[],"product_cat":[431],"product_tag":[],"class_list":{"0":"post-12854","1":"product","2":"type-product","3":"status-publish","4":"has-post-thumbnail","6":"product_cat-camping-rv-essentials","7":"product_shipping_class-class-1","9":"first","10":"instock","11":"taxable","12":"shipping-taxable","13":"purchasable","14":"product-type-simple"},"yoast_head":"<!-- This site is optimized with the Yoast SEO plugin v27.3 - https:\/\/yoast.com\/product\/yoast-seo-wordpress\/ -->\n<title>Grand Trunk Double Deluxe Hammock featuring Parachute Nylon and Straps - Navy\/Chartreuse - Ks Products<\/title>\n<meta name=\"robots\" content=\"index, follow, max-snippet:-1, max-image-preview:large, max-video-preview:-1\" \/>\n<link rel=\"canonical\" href=\"https:\/\/ksproducts.ca\/fr\/product\/grand-trunk-double-deluxe-hammock-featuring-parachute-nylon-and-straps-navy-chartreuse\/\" \/>\n<meta property=\"og:locale\" content=\"fr_CA\" \/>\n<meta property=\"og:type\" content=\"article\" \/>\n<meta property=\"og:title\" content=\"Grand Trunk Double Deluxe Hammock featuring Parachute Nylon and Straps - Navy\/Chartreuse - Ks Products\" \/>\n<meta property=\"og:description\" content=\"Getting away is good for the soul. Whether you\u2019re hiking on the other side of the world or taking a break in your backyard, our packable two-person parachute nylon hammock is ready to help you take a load off while you plot your next adventure. With the included carabiners and five foot hammock straps, this affordable all-in-one hammock kit is ready to hang. No need to purchase extra straps or rope.\" \/>\n<meta property=\"og:url\" content=\"https:\/\/ksproducts.ca\/fr\/product\/grand-trunk-double-deluxe-hammock-featuring-parachute-nylon-and-straps-navy-chartreuse\/\" \/>\n<meta property=\"og:site_name\" content=\"Ks Products\" \/>\n<meta property=\"article:modified_time\" content=\"2026-04-08T14:15:57+00:00\" \/>\n<meta property=\"og:image\" content=\"https:\/\/ksproducts.ca\/wp-content\/uploads\/2026\/04\/DLXH-05-03.jpg\" \/>\n\t<meta property=\"og:image:width\" content=\"800\" \/>\n\t<meta property=\"og:image:height\" content=\"800\" \/>\n\t<meta property=\"og:image:type\" content=\"image\/jpeg\" \/>\n<meta name=\"twitter:card\" content=\"summary_large_image\" \/>\n<meta name=\"twitter:label1\" content=\"Estimation du temps de lecture\" \/>\n\t<meta name=\"twitter:data1\" content=\"1 minute\" \/>\n<script type=\"application\/ld+json\" class=\"yoast-schema-graph\">{\"@context\":\"https:\\\/\\\/schema.org\",\"@graph\":[{\"@type\":\"WebPage\",\"@id\":\"https:\\\/\\\/ksproducts.ca\\\/product\\\/grand-trunk-double-deluxe-hammock-featuring-parachute-nylon-and-straps-navy-chartreuse\\\/\",\"url\":\"https:\\\/\\\/ksproducts.ca\\\/product\\\/grand-trunk-double-deluxe-hammock-featuring-parachute-nylon-and-straps-navy-chartreuse\\\/\",\"name\":\"Grand Trunk Double Deluxe Hammock featuring Parachute Nylon and Straps - Navy\\\/Chartreuse - Ks Products\",\"isPartOf\":{\"@id\":\"https:\\\/\\\/ksproducts.ca\\\/#website\"},\"primaryImageOfPage\":{\"@id\":\"https:\\\/\\\/ksproducts.ca\\\/product\\\/grand-trunk-double-deluxe-hammock-featuring-parachute-nylon-and-straps-navy-chartreuse\\\/#primaryimage\"},\"image\":{\"@id\":\"https:\\\/\\\/ksproducts.ca\\\/product\\\/grand-trunk-double-deluxe-hammock-featuring-parachute-nylon-and-straps-navy-chartreuse\\\/#primaryimage\"},\"thumbnailUrl\":\"https:\\\/\\\/ksproducts.ca\\\/wp-content\\\/uploads\\\/2026\\\/04\\\/DLXH-05-03.jpg\",\"datePublished\":\"2026-04-07T18:04:41+00:00\",\"dateModified\":\"2026-04-08T14:15:57+00:00\",\"breadcrumb\":{\"@id\":\"https:\\\/\\\/ksproducts.ca\\\/product\\\/grand-trunk-double-deluxe-hammock-featuring-parachute-nylon-and-straps-navy-chartreuse\\\/#breadcrumb\"},\"inLanguage\":\"fr-CA\",\"potentialAction\":[{\"@type\":\"ReadAction\",\"target\":[\"https:\\\/\\\/ksproducts.ca\\\/product\\\/grand-trunk-double-deluxe-hammock-featuring-parachute-nylon-and-straps-navy-chartreuse\\\/\"]}]},{\"@type\":\"ImageObject\",\"inLanguage\":\"fr-CA\",\"@id\":\"https:\\\/\\\/ksproducts.ca\\\/product\\\/grand-trunk-double-deluxe-hammock-featuring-parachute-nylon-and-straps-navy-chartreuse\\\/#primaryimage\",\"url\":\"https:\\\/\\\/ksproducts.ca\\\/wp-content\\\/uploads\\\/2026\\\/04\\\/DLXH-05-03.jpg\",\"contentUrl\":\"https:\\\/\\\/ksproducts.ca\\\/wp-content\\\/uploads\\\/2026\\\/04\\\/DLXH-05-03.jpg\",\"width\":800,\"height\":800,\"caption\":\"DLXH 05 03\"},{\"@type\":\"BreadcrumbList\",\"@id\":\"https:\\\/\\\/ksproducts.ca\\\/product\\\/grand-trunk-double-deluxe-hammock-featuring-parachute-nylon-and-straps-navy-chartreuse\\\/#breadcrumb\",\"itemListElement\":[{\"@type\":\"ListItem\",\"position\":1,\"name\":\"Home\",\"item\":\"https:\\\/\\\/ksproducts.ca\\\/\"},{\"@type\":\"ListItem\",\"position\":2,\"name\":\"Shop\",\"item\":\"https:\\\/\\\/ksproducts.ca\\\/shop\\\/\"},{\"@type\":\"ListItem\",\"position\":3,\"name\":\"Grand Trunk Double Deluxe Hammock featuring Parachute Nylon and Straps &#8211; Navy\\\/Chartreuse\"}]},{\"@type\":\"WebSite\",\"@id\":\"https:\\\/\\\/ksproducts.ca\\\/#website\",\"url\":\"https:\\\/\\\/ksproducts.ca\\\/\",\"name\":\"Ks Products\",\"description\":\"Outdoor cooking and living, made easy in Canada\",\"publisher\":{\"@id\":\"https:\\\/\\\/ksproducts.ca\\\/#organization\"},\"potentialAction\":[{\"@type\":\"SearchAction\",\"target\":{\"@type\":\"EntryPoint\",\"urlTemplate\":\"https:\\\/\\\/ksproducts.ca\\\/?s={search_term_string}\"},\"query-input\":{\"@type\":\"PropertyValueSpecification\",\"valueRequired\":true,\"valueName\":\"search_term_string\"}}],\"inLanguage\":\"fr-CA\"},{\"@type\":\"Organization\",\"@id\":\"https:\\\/\\\/ksproducts.ca\\\/#organization\",\"name\":\"Ks Products\",\"url\":\"https:\\\/\\\/ksproducts.ca\\\/\",\"logo\":{\"@type\":\"ImageObject\",\"inLanguage\":\"fr-CA\",\"@id\":\"https:\\\/\\\/ksproducts.ca\\\/#\\\/schema\\\/logo\\\/image\\\/\",\"url\":\"https:\\\/\\\/ksproducts.ca\\\/wp-content\\\/uploads\\\/2023\\\/09\\\/Kennedy-Sales-Logo-header-1.png\",\"contentUrl\":\"https:\\\/\\\/ksproducts.ca\\\/wp-content\\\/uploads\\\/2023\\\/09\\\/Kennedy-Sales-Logo-header-1.png\",\"width\":150,\"height\":77,\"caption\":\"Ks Products\"},\"image\":{\"@id\":\"https:\\\/\\\/ksproducts.ca\\\/#\\\/schema\\\/logo\\\/image\\\/\"}}]}<\/script>\n<!-- \/ Yoast SEO plugin. -->","yoast_head_json":{"title":"Grand Trunk Double Deluxe Hammock featuring Parachute Nylon and Straps - Navy\/Chartreuse - Ks Products","robots":{"index":"index","follow":"follow","max-snippet":"max-snippet:-1","max-image-preview":"max-image-preview:large","max-video-preview":"max-video-preview:-1"},"canonical":"https:\/\/ksproducts.ca\/fr\/product\/grand-trunk-double-deluxe-hammock-featuring-parachute-nylon-and-straps-navy-chartreuse\/","og_locale":"fr_CA","og_type":"article","og_title":"Grand Trunk Double Deluxe Hammock featuring Parachute Nylon and Straps - Navy\/Chartreuse - Ks Products","og_description":"Getting away is good for the soul. Whether you\u2019re hiking on the other side of the world or taking a break in your backyard, our packable two-person parachute nylon hammock is ready to help you take a load off while you plot your next adventure. With the included carabiners and five foot hammock straps, this affordable all-in-one hammock kit is ready to hang. No need to purchase extra straps or rope.","og_url":"https:\/\/ksproducts.ca\/fr\/product\/grand-trunk-double-deluxe-hammock-featuring-parachute-nylon-and-straps-navy-chartreuse\/","og_site_name":"Ks Products","article_modified_time":"2026-04-08T14:15:57+00:00","og_image":[{"width":800,"height":800,"url":"https:\/\/ksproducts.ca\/wp-content\/uploads\/2026\/04\/DLXH-05-03.jpg","type":"image\/jpeg"}],"twitter_card":"summary_large_image","twitter_misc":{"Estimation du temps de lecture":"1 minute"},"schema":{"@context":"https:\/\/schema.org","@graph":[{"@type":"WebPage","@id":"https:\/\/ksproducts.ca\/product\/grand-trunk-double-deluxe-hammock-featuring-parachute-nylon-and-straps-navy-chartreuse\/","url":"https:\/\/ksproducts.ca\/product\/grand-trunk-double-deluxe-hammock-featuring-parachute-nylon-and-straps-navy-chartreuse\/","name":"Grand Trunk Double Deluxe Hammock featuring Parachute Nylon and Straps - Navy\/Chartreuse - Ks Products","isPartOf":{"@id":"https:\/\/ksproducts.ca\/#website"},"primaryImageOfPage":{"@id":"https:\/\/ksproducts.ca\/product\/grand-trunk-double-deluxe-hammock-featuring-parachute-nylon-and-straps-navy-chartreuse\/#primaryimage"},"image":{"@id":"https:\/\/ksproducts.ca\/product\/grand-trunk-double-deluxe-hammock-featuring-parachute-nylon-and-straps-navy-chartreuse\/#primaryimage"},"thumbnailUrl":"https:\/\/ksproducts.ca\/wp-content\/uploads\/2026\/04\/DLXH-05-03.jpg","datePublished":"2026-04-07T18:04:41+00:00","dateModified":"2026-04-08T14:15:57+00:00","breadcrumb":{"@id":"https:\/\/ksproducts.ca\/product\/grand-trunk-double-deluxe-hammock-featuring-parachute-nylon-and-straps-navy-chartreuse\/#breadcrumb"},"inLanguage":"fr-CA","potentialAction":[{"@type":"ReadAction","target":["https:\/\/ksproducts.ca\/product\/grand-trunk-double-deluxe-hammock-featuring-parachute-nylon-and-straps-navy-chartreuse\/"]}]},{"@type":"ImageObject","inLanguage":"fr-CA","@id":"https:\/\/ksproducts.ca\/product\/grand-trunk-double-deluxe-hammock-featuring-parachute-nylon-and-straps-navy-chartreuse\/#primaryimage","url":"https:\/\/ksproducts.ca\/wp-content\/uploads\/2026\/04\/DLXH-05-03.jpg","contentUrl":"https:\/\/ksproducts.ca\/wp-content\/uploads\/2026\/04\/DLXH-05-03.jpg","width":800,"height":800,"caption":"DLXH 05 03"},{"@type":"BreadcrumbList","@id":"https:\/\/ksproducts.ca\/product\/grand-trunk-double-deluxe-hammock-featuring-parachute-nylon-and-straps-navy-chartreuse\/#breadcrumb","itemListElement":[{"@type":"ListItem","position":1,"name":"Home","item":"https:\/\/ksproducts.ca\/"},{"@type":"ListItem","position":2,"name":"Shop","item":"https:\/\/ksproducts.ca\/shop\/"},{"@type":"ListItem","position":3,"name":"Grand Trunk Double Deluxe Hammock featuring Parachute Nylon and Straps &#8211; Navy\/Chartreuse"}]},{"@type":"WebSite","@id":"https:\/\/ksproducts.ca\/#website","url":"https:\/\/ksproducts.ca\/","name":"Produits Ks","description":"Cuisiner et vivre en plein air, c'est facile au Canada","publisher":{"@id":"https:\/\/ksproducts.ca\/#organization"},"potentialAction":[{"@type":"SearchAction","target":{"@type":"EntryPoint","urlTemplate":"https:\/\/ksproducts.ca\/?s={search_term_string}"},"query-input":{"@type":"PropertyValueSpecification","valueRequired":true,"valueName":"search_term_string"}}],"inLanguage":"fr-CA"},{"@type":"Organization","@id":"https:\/\/ksproducts.ca\/#organization","name":"Produits Ks","url":"https:\/\/ksproducts.ca\/","logo":{"@type":"ImageObject","inLanguage":"fr-CA","@id":"https:\/\/ksproducts.ca\/#\/schema\/logo\/image\/","url":"https:\/\/ksproducts.ca\/wp-content\/uploads\/2023\/09\/Kennedy-Sales-Logo-header-1.png","contentUrl":"https:\/\/ksproducts.ca\/wp-content\/uploads\/2023\/09\/Kennedy-Sales-Logo-header-1.png","width":150,"height":77,"caption":"Ks Products"},"image":{"@id":"https:\/\/ksproducts.ca\/#\/schema\/logo\/image\/"}}]}},"_links":{"self":[{"href":"https:\/\/ksproducts.ca\/fr\/wp-json\/wp\/v2\/product\/12854","targetHints":{"allow":["GET"]}}],"collection":[{"href":"https:\/\/ksproducts.ca\/fr\/wp-json\/wp\/v2\/product"}],"about":[{"href":"https:\/\/ksproducts.ca\/fr\/wp-json\/wp\/v2\/types\/product"}],"replies":[{"embeddable":true,"href":"https:\/\/ksproducts.ca\/fr\/wp-json\/wp\/v2\/comments?post=12854"}],"version-history":[{"count":1,"href":"https:\/\/ksproducts.ca\/fr\/wp-json\/wp\/v2\/product\/12854\/revisions"}],"predecessor-version":[{"id":12863,"href":"https:\/\/ksproducts.ca\/fr\/wp-json\/wp\/v2\/product\/12854\/revisions\/12863"}],"wp:featuredmedia":[{"embeddable":true,"href":"https:\/\/ksproducts.ca\/fr\/wp-json\/wp\/v2\/media\/12856"}],"wp:attachment":[{"href":"https:\/\/ksproducts.ca\/fr\/wp-json\/wp\/v2\/media?parent=12854"}],"wp:term":[{"taxonomy":"product_cat","embeddable":true,"href":"https:\/\/ksproducts.ca\/fr\/wp-json\/wp\/v2\/product_cat?post=12854"},{"taxonomy":"product_tag","embeddable":true,"href":"https:\/\/ksproducts.ca\/fr\/wp-json\/wp\/v2\/product_tag?post=12854"}],"curies":[{"name":"wp","href":"https:\/\/api.w.org\/{rel}","templated":true}]}}