{"id":12875,"date":"2026-04-07T18:16:51","date_gmt":"2026-04-07T18:16:51","guid":{"rendered":"https:\/\/ksproducts.ca\/?post_type=product&#038;p=12875"},"modified":"2026-04-08T14:17:13","modified_gmt":"2026-04-08T14:17:13","slug":"hamac-grand-trunk-double-deluxe-en-nylon-parachute-et-sangles-cramoisi-anthracite","status":"publish","type":"product","link":"https:\/\/ksproducts.ca\/fr\/product\/grand-trunk-double-deluxe-hammock-featuring-parachute-nylon-and-straps-crimson-charcoal\/","title":{"rendered":"Grand Trunk Double Deluxe Hamac avec Nylon Parachute et Sangles \u2013 Cramoisi\/Charbon"},"content":{"rendered":"<p><strong>Caract\u00e9ristiques<\/strong><\/p>\n<ul>\n<li>Coutures renforc\u00e9es triple verrouillage cousues<\/li>\n<li>Inclut 2 mousquetons de qualit\u00e9 marine<\/li>\n<li>Comprend 2 sangles de hamac de 1,5 m (5 pi) pr\u00eates \u00e0 \u00eatre accroch\u00e9es.<\/li>\n<li>Les sangles de hamac de 2 pouces sont \u2018respectueuses des arbres\u2019 et autoris\u00e9es dans les endroits qui n\u00e9cessitent des sangles plus \u00e9paisses pour prot\u00e9ger les arbres.<\/li>\n<li>Sac de rangement inclus pour des voyages sans stress<\/li>\n<li>Doux, respirant et \u00e0 s\u00e9chage rapide<\/li>\n<li>Installation rapide et facile<\/li>\n<\/ul>\n<p><strong>Sp\u00e9cifications techniques<\/strong><\/p>\n<ul>\n<li>Mati\u00e8re : nylon parachute 70D 210T<\/li>\n<li>Dimensions d\u00e9pli\u00e9es : 10\u20196\u201d x 6\u20196\u201d<\/li>\n<li>Capacit\u00e9 de d\u00e9tente : 2 personnes<\/li>\n<li>Capacit\u00e9 de poids : 400 lb \/ 181 kg<\/li>\n<li>Poids : 28 oz<\/li>\n<\/ul>","protected":false},"excerpt":{"rendered":"<p>S'\u00e9vader fait du bien \u00e0 l'\u00e2me. Que vous fassiez de la randonn\u00e9e \u00e0 l'autre bout du monde ou que vous vous d\u00e9tendiez dans votre jardin, notre hamac pliable pour deux personnes en nylon parachute est pr\u00eat \u00e0 vous aider \u00e0 vous d\u00e9tendre tout en planifiant votre prochaine aventure. Avec les mousquetons inclus et les sangles de hamac de 1,5 m\u00e8tre, ce kit de hamac tout-en-un abordable est pr\u00eat \u00e0 \u00eatre install\u00e9. Pas besoin d'acheter de sangles ou de corde suppl\u00e9mentaires.<\/p>","protected":false},"featured_media":12876,"comment_status":"open","ping_status":"closed","template":"","meta":[],"product_cat":[431],"product_tag":[],"class_list":{"0":"post-12875","1":"product","2":"type-product","3":"status-publish","4":"has-post-thumbnail","6":"product_cat-camping-rv-essentials","7":"product_shipping_class-class-1","9":"first","10":"instock","11":"taxable","12":"shipping-taxable","13":"purchasable","14":"product-type-simple"},"yoast_head":"<!-- This site is optimized with the Yoast SEO plugin v27.4 - https:\/\/yoast.com\/product\/yoast-seo-wordpress\/ -->\n<title>Grand Trunk Double Deluxe Hammock featuring Parachute Nylon and Straps - Crimson\/Charcoal - Ks Products<\/title>\n<meta name=\"robots\" content=\"index, follow, max-snippet:-1, max-image-preview:large, max-video-preview:-1\" \/>\n<link rel=\"canonical\" href=\"https:\/\/ksproducts.ca\/fr\/product\/hamac-grand-trunk-double-deluxe-en-nylon-parachute-et-sangles-cramoisi-anthracite\/\" \/>\n<meta property=\"og:locale\" content=\"fr_CA\" \/>\n<meta property=\"og:type\" content=\"article\" \/>\n<meta property=\"og:title\" content=\"Grand Trunk Double Deluxe Hammock featuring Parachute Nylon and Straps - Crimson\/Charcoal - Ks Products\" \/>\n<meta property=\"og:description\" content=\"Getting away is good for the soul. Whether you\u2019re hiking on the other side of the world or taking a break in your backyard, our packable two-person parachute nylon hammock is ready to help you take a load off while you plot your next adventure. With the included carabiners and five foot hammock straps, this affordable all-in-one hammock kit is ready to hang. No need to purchase extra straps or rope.\" \/>\n<meta property=\"og:url\" content=\"https:\/\/ksproducts.ca\/fr\/product\/hamac-grand-trunk-double-deluxe-en-nylon-parachute-et-sangles-cramoisi-anthracite\/\" \/>\n<meta property=\"og:site_name\" content=\"Ks Products\" \/>\n<meta property=\"article:modified_time\" content=\"2026-04-08T14:17:13+00:00\" \/>\n<meta property=\"og:image\" content=\"https:\/\/ksproducts.ca\/wp-content\/uploads\/2026\/04\/DLXH-20-01.jpeg\" \/>\n\t<meta property=\"og:image:width\" content=\"800\" \/>\n\t<meta property=\"og:image:height\" content=\"800\" \/>\n\t<meta property=\"og:image:type\" content=\"image\/jpeg\" \/>\n<meta name=\"twitter:card\" content=\"summary_large_image\" \/>\n<meta name=\"twitter:label1\" content=\"Estimation du temps de lecture\" \/>\n\t<meta name=\"twitter:data1\" content=\"1 minute\" \/>\n<script type=\"application\/ld+json\" class=\"yoast-schema-graph\">{\"@context\":\"https:\\\/\\\/schema.org\",\"@graph\":[{\"@type\":\"WebPage\",\"@id\":\"https:\\\/\\\/ksproducts.ca\\\/product\\\/grand-trunk-double-deluxe-hammock-featuring-parachute-nylon-and-straps-crimson-charcoal\\\/\",\"url\":\"https:\\\/\\\/ksproducts.ca\\\/product\\\/grand-trunk-double-deluxe-hammock-featuring-parachute-nylon-and-straps-crimson-charcoal\\\/\",\"name\":\"Grand Trunk Double Deluxe Hammock featuring Parachute Nylon and Straps - Crimson\\\/Charcoal - Ks Products\",\"isPartOf\":{\"@id\":\"https:\\\/\\\/ksproducts.ca\\\/#website\"},\"primaryImageOfPage\":{\"@id\":\"https:\\\/\\\/ksproducts.ca\\\/product\\\/grand-trunk-double-deluxe-hammock-featuring-parachute-nylon-and-straps-crimson-charcoal\\\/#primaryimage\"},\"image\":{\"@id\":\"https:\\\/\\\/ksproducts.ca\\\/product\\\/grand-trunk-double-deluxe-hammock-featuring-parachute-nylon-and-straps-crimson-charcoal\\\/#primaryimage\"},\"thumbnailUrl\":\"https:\\\/\\\/ksproducts.ca\\\/wp-content\\\/uploads\\\/2026\\\/04\\\/DLXH-20-01.jpeg\",\"datePublished\":\"2026-04-07T18:16:51+00:00\",\"dateModified\":\"2026-04-08T14:17:13+00:00\",\"breadcrumb\":{\"@id\":\"https:\\\/\\\/ksproducts.ca\\\/product\\\/grand-trunk-double-deluxe-hammock-featuring-parachute-nylon-and-straps-crimson-charcoal\\\/#breadcrumb\"},\"inLanguage\":\"fr-CA\",\"potentialAction\":[{\"@type\":\"ReadAction\",\"target\":[\"https:\\\/\\\/ksproducts.ca\\\/product\\\/grand-trunk-double-deluxe-hammock-featuring-parachute-nylon-and-straps-crimson-charcoal\\\/\"]}]},{\"@type\":\"ImageObject\",\"inLanguage\":\"fr-CA\",\"@id\":\"https:\\\/\\\/ksproducts.ca\\\/product\\\/grand-trunk-double-deluxe-hammock-featuring-parachute-nylon-and-straps-crimson-charcoal\\\/#primaryimage\",\"url\":\"https:\\\/\\\/ksproducts.ca\\\/wp-content\\\/uploads\\\/2026\\\/04\\\/DLXH-20-01.jpeg\",\"contentUrl\":\"https:\\\/\\\/ksproducts.ca\\\/wp-content\\\/uploads\\\/2026\\\/04\\\/DLXH-20-01.jpeg\",\"width\":800,\"height\":800,\"caption\":\"Grand Trunk Double Deluxe Hammock featuring Parachute Nylon and Straps - Crimson\\\/Charcoal\"},{\"@type\":\"BreadcrumbList\",\"@id\":\"https:\\\/\\\/ksproducts.ca\\\/product\\\/grand-trunk-double-deluxe-hammock-featuring-parachute-nylon-and-straps-crimson-charcoal\\\/#breadcrumb\",\"itemListElement\":[{\"@type\":\"ListItem\",\"position\":1,\"name\":\"Home\",\"item\":\"https:\\\/\\\/ksproducts.ca\\\/\"},{\"@type\":\"ListItem\",\"position\":2,\"name\":\"Shop\",\"item\":\"https:\\\/\\\/ksproducts.ca\\\/shop\\\/\"},{\"@type\":\"ListItem\",\"position\":3,\"name\":\"Grand Trunk Double Deluxe Hammock featuring Parachute Nylon and Straps &#8211; Crimson\\\/Charcoal\"}]},{\"@type\":\"WebSite\",\"@id\":\"https:\\\/\\\/ksproducts.ca\\\/#website\",\"url\":\"https:\\\/\\\/ksproducts.ca\\\/\",\"name\":\"Ks Products\",\"description\":\"Outdoor cooking and living, made easy in Canada\",\"publisher\":{\"@id\":\"https:\\\/\\\/ksproducts.ca\\\/#organization\"},\"potentialAction\":[{\"@type\":\"SearchAction\",\"target\":{\"@type\":\"EntryPoint\",\"urlTemplate\":\"https:\\\/\\\/ksproducts.ca\\\/?s={search_term_string}\"},\"query-input\":{\"@type\":\"PropertyValueSpecification\",\"valueRequired\":true,\"valueName\":\"search_term_string\"}}],\"inLanguage\":\"fr-CA\"},{\"@type\":\"Organization\",\"@id\":\"https:\\\/\\\/ksproducts.ca\\\/#organization\",\"name\":\"Ks Products\",\"url\":\"https:\\\/\\\/ksproducts.ca\\\/\",\"logo\":{\"@type\":\"ImageObject\",\"inLanguage\":\"fr-CA\",\"@id\":\"https:\\\/\\\/ksproducts.ca\\\/#\\\/schema\\\/logo\\\/image\\\/\",\"url\":\"https:\\\/\\\/ksproducts.ca\\\/wp-content\\\/uploads\\\/2023\\\/09\\\/Kennedy-Sales-Logo-header-1.png\",\"contentUrl\":\"https:\\\/\\\/ksproducts.ca\\\/wp-content\\\/uploads\\\/2023\\\/09\\\/Kennedy-Sales-Logo-header-1.png\",\"width\":150,\"height\":77,\"caption\":\"Ks Products\"},\"image\":{\"@id\":\"https:\\\/\\\/ksproducts.ca\\\/#\\\/schema\\\/logo\\\/image\\\/\"}}]}<\/script>\n<!-- \/ Yoast SEO plugin. -->","yoast_head_json":{"title":"Grand Trunk Double Deluxe Hammock avec Nylon Parachute et Sangles - Cramoisi\/Charbon - Ks Products","robots":{"index":"index","follow":"follow","max-snippet":"max-snippet:-1","max-image-preview":"max-image-preview:large","max-video-preview":"max-video-preview:-1"},"canonical":"https:\/\/ksproducts.ca\/fr\/product\/hamac-grand-trunk-double-deluxe-en-nylon-parachute-et-sangles-cramoisi-anthracite\/","og_locale":"fr_CA","og_type":"article","og_title":"Grand Trunk Double Deluxe Hammock featuring Parachute Nylon and Straps - Crimson\/Charcoal - Ks Products","og_description":"Getting away is good for the soul. Whether you\u2019re hiking on the other side of the world or taking a break in your backyard, our packable two-person parachute nylon hammock is ready to help you take a load off while you plot your next adventure. With the included carabiners and five foot hammock straps, this affordable all-in-one hammock kit is ready to hang. No need to purchase extra straps or rope.","og_url":"https:\/\/ksproducts.ca\/fr\/product\/hamac-grand-trunk-double-deluxe-en-nylon-parachute-et-sangles-cramoisi-anthracite\/","og_site_name":"Ks Products","article_modified_time":"2026-04-08T14:17:13+00:00","og_image":[{"width":800,"height":800,"url":"https:\/\/ksproducts.ca\/wp-content\/uploads\/2026\/04\/DLXH-20-01.jpeg","type":"image\/jpeg"}],"twitter_card":"summary_large_image","twitter_misc":{"Estimation du temps de lecture":"1 minute"},"schema":{"@context":"https:\/\/schema.org","@graph":[{"@type":"WebPage","@id":"https:\/\/ksproducts.ca\/product\/grand-trunk-double-deluxe-hammock-featuring-parachute-nylon-and-straps-crimson-charcoal\/","url":"https:\/\/ksproducts.ca\/product\/grand-trunk-double-deluxe-hammock-featuring-parachute-nylon-and-straps-crimson-charcoal\/","name":"Grand Trunk Double Deluxe Hammock avec Nylon Parachute et Sangles - Cramoisi\/Charbon - Ks Products","isPartOf":{"@id":"https:\/\/ksproducts.ca\/#website"},"primaryImageOfPage":{"@id":"https:\/\/ksproducts.ca\/product\/grand-trunk-double-deluxe-hammock-featuring-parachute-nylon-and-straps-crimson-charcoal\/#primaryimage"},"image":{"@id":"https:\/\/ksproducts.ca\/product\/grand-trunk-double-deluxe-hammock-featuring-parachute-nylon-and-straps-crimson-charcoal\/#primaryimage"},"thumbnailUrl":"https:\/\/ksproducts.ca\/wp-content\/uploads\/2026\/04\/DLXH-20-01.jpeg","datePublished":"2026-04-07T18:16:51+00:00","dateModified":"2026-04-08T14:17:13+00:00","breadcrumb":{"@id":"https:\/\/ksproducts.ca\/product\/grand-trunk-double-deluxe-hammock-featuring-parachute-nylon-and-straps-crimson-charcoal\/#breadcrumb"},"inLanguage":"fr-CA","potentialAction":[{"@type":"ReadAction","target":["https:\/\/ksproducts.ca\/product\/grand-trunk-double-deluxe-hammock-featuring-parachute-nylon-and-straps-crimson-charcoal\/"]}]},{"@type":"ImageObject","inLanguage":"fr-CA","@id":"https:\/\/ksproducts.ca\/product\/grand-trunk-double-deluxe-hammock-featuring-parachute-nylon-and-straps-crimson-charcoal\/#primaryimage","url":"https:\/\/ksproducts.ca\/wp-content\/uploads\/2026\/04\/DLXH-20-01.jpeg","contentUrl":"https:\/\/ksproducts.ca\/wp-content\/uploads\/2026\/04\/DLXH-20-01.jpeg","width":800,"height":800,"caption":"Grand Trunk Double Deluxe Hammock featuring Parachute Nylon and Straps - Crimson\/Charcoal"},{"@type":"BreadcrumbList","@id":"https:\/\/ksproducts.ca\/product\/grand-trunk-double-deluxe-hammock-featuring-parachute-nylon-and-straps-crimson-charcoal\/#breadcrumb","itemListElement":[{"@type":"ListItem","position":1,"name":"Home","item":"https:\/\/ksproducts.ca\/"},{"@type":"ListItem","position":2,"name":"Shop","item":"https:\/\/ksproducts.ca\/shop\/"},{"@type":"ListItem","position":3,"name":"Grand Trunk Double Deluxe Hammock featuring Parachute Nylon and Straps &#8211; Crimson\/Charcoal"}]},{"@type":"WebSite","@id":"https:\/\/ksproducts.ca\/#website","url":"https:\/\/ksproducts.ca\/","name":"Produits Ks","description":"Cuisiner et vivre en plein air, c'est facile au Canada","publisher":{"@id":"https:\/\/ksproducts.ca\/#organization"},"potentialAction":[{"@type":"SearchAction","target":{"@type":"EntryPoint","urlTemplate":"https:\/\/ksproducts.ca\/?s={search_term_string}"},"query-input":{"@type":"PropertyValueSpecification","valueRequired":true,"valueName":"search_term_string"}}],"inLanguage":"fr-CA"},{"@type":"Organization","@id":"https:\/\/ksproducts.ca\/#organization","name":"Produits Ks","url":"https:\/\/ksproducts.ca\/","logo":{"@type":"ImageObject","inLanguage":"fr-CA","@id":"https:\/\/ksproducts.ca\/#\/schema\/logo\/image\/","url":"https:\/\/ksproducts.ca\/wp-content\/uploads\/2023\/09\/Kennedy-Sales-Logo-header-1.png","contentUrl":"https:\/\/ksproducts.ca\/wp-content\/uploads\/2023\/09\/Kennedy-Sales-Logo-header-1.png","width":150,"height":77,"caption":"Ks Products"},"image":{"@id":"https:\/\/ksproducts.ca\/#\/schema\/logo\/image\/"}}]}},"_links":{"self":[{"href":"https:\/\/ksproducts.ca\/fr\/wp-json\/wp\/v2\/product\/12875","targetHints":{"allow":["GET"]}}],"collection":[{"href":"https:\/\/ksproducts.ca\/fr\/wp-json\/wp\/v2\/product"}],"about":[{"href":"https:\/\/ksproducts.ca\/fr\/wp-json\/wp\/v2\/types\/product"}],"replies":[{"embeddable":true,"href":"https:\/\/ksproducts.ca\/fr\/wp-json\/wp\/v2\/comments?post=12875"}],"version-history":[{"count":1,"href":"https:\/\/ksproducts.ca\/fr\/wp-json\/wp\/v2\/product\/12875\/revisions"}],"predecessor-version":[{"id":12878,"href":"https:\/\/ksproducts.ca\/fr\/wp-json\/wp\/v2\/product\/12875\/revisions\/12878"}],"wp:featuredmedia":[{"embeddable":true,"href":"https:\/\/ksproducts.ca\/fr\/wp-json\/wp\/v2\/media\/12876"}],"wp:attachment":[{"href":"https:\/\/ksproducts.ca\/fr\/wp-json\/wp\/v2\/media?parent=12875"}],"wp:term":[{"taxonomy":"product_cat","embeddable":true,"href":"https:\/\/ksproducts.ca\/fr\/wp-json\/wp\/v2\/product_cat?post=12875"},{"taxonomy":"product_tag","embeddable":true,"href":"https:\/\/ksproducts.ca\/fr\/wp-json\/wp\/v2\/product_tag?post=12875"}],"curies":[{"name":"wp","href":"https:\/\/api.w.org\/{rel}","templated":true}]}}