{"id":12897,"date":"2026-04-07T18:56:18","date_gmt":"2026-04-07T18:56:18","guid":{"rendered":"https:\/\/ksproducts.ca\/?post_type=product&#038;p=12897"},"modified":"2026-04-08T14:24:09","modified_gmt":"2026-04-08T14:24:09","slug":"coussin-de-voyage-a-capuche-grand-coffre-vert-paon","status":"publish","type":"product","link":"https:\/\/ksproducts.ca\/fr\/product\/grand-trunk-hooded-travel-neck-pillow-peacock-green\/","title":{"rendered":"Oreiller de voyage \u00e0 capuche Grand Trunk \u2013 Vert paon"},"content":{"rendered":"<div id=\"shopify-section-template--15113807593575__main\" class=\"shopify-section section-main-product page-section-spacing page-section-spacing--no-top-mobile\">\n<div class=\"detail product-column-right cc-animate-init cc-animate-in\" data-cc-animate=\"\" data-cc-animate-delay=\"0.2s\">\n<div class=\"product-form\" data-ajax-add-to-cart=\"true\" data-product-id=\"4055115523\">\n<div class=\"not-in-quickbuy\">\n<div class=\"product-description rte cf\">\n<div>\n<p><strong>Caract\u00e9ristiques<\/strong><\/p>\n<ul>\n<li>Fournit une prise en charge \u00e0 360 degr\u00e9s de la t\u00eate et du cou<\/li>\n<li>Capuche dissimul\u00e9e avec cordon de serrage pour plus d'intimit\u00e9<\/li>\n<li>Sac de transport hygi\u00e9nique pour le garder propre avec une sangle en bas pour un transport facile<\/li>\n<li>Compartiment de rangement lat\u00e9ral sur oreiller<\/li>\n<\/ul>\n<p><strong>\u00a0Sp\u00e9cifications techniques<\/strong><\/p>\n<ul>\n<li>Mati\u00e8re ext\u00e9rieure : micro polaire douce de luxe<\/li>\n<li>Mat\u00e9riau int\u00e9rieur : Mousse \u00e0 m\u00e9moire de forme de haute qualit\u00e9<\/li>\n<li>Dimensions de l'oreiller : 11 po x 11 po x 4 po\u201d<\/li>\n<li>Dimensions du colis : 11 x 5 pouces\u201d<\/li>\n<li>Poids : 13 oz<\/li>\n<\/ul>\n<\/div>\n<\/div>\n<\/div>\n<\/div>\n<\/div>\n<\/div>\n<div id=\"shopify-section-template--15113807593575__related-products\" class=\"shopify-section section-related-products\">\n<div class=\"related-products cc-animate-init cc-animate-in\" data-section-id=\"template--15113807593575__related-products\" data-url=\"\/en-ca\/recommendations\/products?section_id=template--15113807593575__related-products&amp;limit=4&amp;product_id=4055115523\" data-cc-animate=\"\">\n<div class=\"container fully-spaced-row\"><\/div>\n<\/div>\n<\/div>","protected":false},"excerpt":{"rendered":"<p>Les voyageurs de tous horizons savent qu'ils doivent se reposer d\u00e8s que possible. Avec notre oreiller \u00e0 capuche, vous pouvez faire une sieste en toute intimit\u00e9 dans les avions, les parcs ou partout ailleurs o\u00f9 vous vous sentez fatigu\u00e9. R\u00e9veillez-vous repos\u00e9 et pr\u00eat \u00e0 affronter votre prochaine aventure.<\/p>","protected":false},"featured_media":12898,"comment_status":"open","ping_status":"closed","template":"","meta":[],"product_cat":[431],"product_tag":[],"class_list":{"0":"post-12897","1":"product","2":"type-product","3":"status-publish","4":"has-post-thumbnail","6":"product_cat-camping-rv-essentials","7":"product_shipping_class-class-1","9":"first","10":"instock","11":"taxable","12":"shipping-taxable","13":"purchasable","14":"product-type-simple"},"yoast_head":"<!-- This site is optimized with the Yoast SEO plugin v27.4 - https:\/\/yoast.com\/product\/yoast-seo-wordpress\/ -->\n<title>Grand Trunk Hooded Travel Neck Pillow - Peacock Green - Ks Products<\/title>\n<meta name=\"robots\" content=\"index, follow, max-snippet:-1, max-image-preview:large, max-video-preview:-1\" \/>\n<link rel=\"canonical\" href=\"https:\/\/ksproducts.ca\/fr\/product\/coussin-de-voyage-a-capuche-grand-coffre-vert-paon\/\" \/>\n<meta property=\"og:locale\" content=\"fr_CA\" \/>\n<meta property=\"og:type\" content=\"article\" \/>\n<meta property=\"og:title\" content=\"Grand Trunk Hooded Travel Neck Pillow - Peacock Green - Ks Products\" \/>\n<meta property=\"og:description\" content=\"Travelers of every stripe know they need to recharge whenever possible. With our Hooded Pillow, you can grab a nap in total privacy on planes, in parks, or wherever else you&#039;re feeling sluggish. Wake up well-rested and ready to tackle your next adventure.\" \/>\n<meta property=\"og:url\" content=\"https:\/\/ksproducts.ca\/fr\/product\/coussin-de-voyage-a-capuche-grand-coffre-vert-paon\/\" \/>\n<meta property=\"og:site_name\" content=\"Ks Products\" \/>\n<meta property=\"article:modified_time\" content=\"2026-04-08T14:24:09+00:00\" \/>\n<meta property=\"og:image\" content=\"https:\/\/ksproducts.ca\/wp-content\/uploads\/2026\/04\/Grand-Trunk-Hooded-Travel-Neck-Pillow-Peacock-Green.webp\" \/>\n\t<meta property=\"og:image:width\" content=\"740\" \/>\n\t<meta property=\"og:image:height\" content=\"740\" \/>\n\t<meta property=\"og:image:type\" content=\"image\/webp\" \/>\n<meta name=\"twitter:card\" content=\"summary_large_image\" \/>\n<meta name=\"twitter:label1\" content=\"Estimation du temps de lecture\" \/>\n\t<meta name=\"twitter:data1\" content=\"1 minute\" \/>\n<script type=\"application\/ld+json\" class=\"yoast-schema-graph\">{\"@context\":\"https:\\\/\\\/schema.org\",\"@graph\":[{\"@type\":\"WebPage\",\"@id\":\"https:\\\/\\\/ksproducts.ca\\\/product\\\/grand-trunk-hooded-travel-neck-pillow-peacock-green\\\/\",\"url\":\"https:\\\/\\\/ksproducts.ca\\\/product\\\/grand-trunk-hooded-travel-neck-pillow-peacock-green\\\/\",\"name\":\"Grand Trunk Hooded Travel Neck Pillow - Peacock Green - Ks Products\",\"isPartOf\":{\"@id\":\"https:\\\/\\\/ksproducts.ca\\\/#website\"},\"primaryImageOfPage\":{\"@id\":\"https:\\\/\\\/ksproducts.ca\\\/product\\\/grand-trunk-hooded-travel-neck-pillow-peacock-green\\\/#primaryimage\"},\"image\":{\"@id\":\"https:\\\/\\\/ksproducts.ca\\\/product\\\/grand-trunk-hooded-travel-neck-pillow-peacock-green\\\/#primaryimage\"},\"thumbnailUrl\":\"https:\\\/\\\/ksproducts.ca\\\/wp-content\\\/uploads\\\/2026\\\/04\\\/Grand-Trunk-Hooded-Travel-Neck-Pillow-Peacock-Green.webp\",\"datePublished\":\"2026-04-07T18:56:18+00:00\",\"dateModified\":\"2026-04-08T14:24:09+00:00\",\"breadcrumb\":{\"@id\":\"https:\\\/\\\/ksproducts.ca\\\/product\\\/grand-trunk-hooded-travel-neck-pillow-peacock-green\\\/#breadcrumb\"},\"inLanguage\":\"fr-CA\",\"potentialAction\":[{\"@type\":\"ReadAction\",\"target\":[\"https:\\\/\\\/ksproducts.ca\\\/product\\\/grand-trunk-hooded-travel-neck-pillow-peacock-green\\\/\"]}]},{\"@type\":\"ImageObject\",\"inLanguage\":\"fr-CA\",\"@id\":\"https:\\\/\\\/ksproducts.ca\\\/product\\\/grand-trunk-hooded-travel-neck-pillow-peacock-green\\\/#primaryimage\",\"url\":\"https:\\\/\\\/ksproducts.ca\\\/wp-content\\\/uploads\\\/2026\\\/04\\\/Grand-Trunk-Hooded-Travel-Neck-Pillow-Peacock-Green.webp\",\"contentUrl\":\"https:\\\/\\\/ksproducts.ca\\\/wp-content\\\/uploads\\\/2026\\\/04\\\/Grand-Trunk-Hooded-Travel-Neck-Pillow-Peacock-Green.webp\",\"width\":740,\"height\":740,\"caption\":\"Grand Trunk Hooded Travel Neck Pillow Peacock Green\"},{\"@type\":\"BreadcrumbList\",\"@id\":\"https:\\\/\\\/ksproducts.ca\\\/product\\\/grand-trunk-hooded-travel-neck-pillow-peacock-green\\\/#breadcrumb\",\"itemListElement\":[{\"@type\":\"ListItem\",\"position\":1,\"name\":\"Home\",\"item\":\"https:\\\/\\\/ksproducts.ca\\\/\"},{\"@type\":\"ListItem\",\"position\":2,\"name\":\"Shop\",\"item\":\"https:\\\/\\\/ksproducts.ca\\\/shop\\\/\"},{\"@type\":\"ListItem\",\"position\":3,\"name\":\"Grand Trunk Hooded Travel Neck Pillow &#8211; Peacock Green\"}]},{\"@type\":\"WebSite\",\"@id\":\"https:\\\/\\\/ksproducts.ca\\\/#website\",\"url\":\"https:\\\/\\\/ksproducts.ca\\\/\",\"name\":\"Ks Products\",\"description\":\"Outdoor cooking and living, made easy in Canada\",\"publisher\":{\"@id\":\"https:\\\/\\\/ksproducts.ca\\\/#organization\"},\"potentialAction\":[{\"@type\":\"SearchAction\",\"target\":{\"@type\":\"EntryPoint\",\"urlTemplate\":\"https:\\\/\\\/ksproducts.ca\\\/?s={search_term_string}\"},\"query-input\":{\"@type\":\"PropertyValueSpecification\",\"valueRequired\":true,\"valueName\":\"search_term_string\"}}],\"inLanguage\":\"fr-CA\"},{\"@type\":\"Organization\",\"@id\":\"https:\\\/\\\/ksproducts.ca\\\/#organization\",\"name\":\"Ks Products\",\"url\":\"https:\\\/\\\/ksproducts.ca\\\/\",\"logo\":{\"@type\":\"ImageObject\",\"inLanguage\":\"fr-CA\",\"@id\":\"https:\\\/\\\/ksproducts.ca\\\/#\\\/schema\\\/logo\\\/image\\\/\",\"url\":\"https:\\\/\\\/ksproducts.ca\\\/wp-content\\\/uploads\\\/2023\\\/09\\\/Kennedy-Sales-Logo-header-1.png\",\"contentUrl\":\"https:\\\/\\\/ksproducts.ca\\\/wp-content\\\/uploads\\\/2023\\\/09\\\/Kennedy-Sales-Logo-header-1.png\",\"width\":150,\"height\":77,\"caption\":\"Ks Products\"},\"image\":{\"@id\":\"https:\\\/\\\/ksproducts.ca\\\/#\\\/schema\\\/logo\\\/image\\\/\"}}]}<\/script>\n<!-- \/ Yoast SEO plugin. -->","yoast_head_json":{"title":"Oreiller de voyage \u00e0 capuche Grand Trunk - Vert paon - Ks Products","robots":{"index":"index","follow":"follow","max-snippet":"max-snippet:-1","max-image-preview":"max-image-preview:large","max-video-preview":"max-video-preview:-1"},"canonical":"https:\/\/ksproducts.ca\/fr\/product\/coussin-de-voyage-a-capuche-grand-coffre-vert-paon\/","og_locale":"fr_CA","og_type":"article","og_title":"Grand Trunk Hooded Travel Neck Pillow - Peacock Green - Ks Products","og_description":"Travelers of every stripe know they need to recharge whenever possible. With our Hooded Pillow, you can grab a nap in total privacy on planes, in parks, or wherever else you're feeling sluggish. Wake up well-rested and ready to tackle your next adventure.","og_url":"https:\/\/ksproducts.ca\/fr\/product\/coussin-de-voyage-a-capuche-grand-coffre-vert-paon\/","og_site_name":"Ks Products","article_modified_time":"2026-04-08T14:24:09+00:00","og_image":[{"width":740,"height":740,"url":"https:\/\/ksproducts.ca\/wp-content\/uploads\/2026\/04\/Grand-Trunk-Hooded-Travel-Neck-Pillow-Peacock-Green.webp","type":"image\/webp"}],"twitter_card":"summary_large_image","twitter_misc":{"Estimation du temps de lecture":"1 minute"},"schema":{"@context":"https:\/\/schema.org","@graph":[{"@type":"WebPage","@id":"https:\/\/ksproducts.ca\/product\/grand-trunk-hooded-travel-neck-pillow-peacock-green\/","url":"https:\/\/ksproducts.ca\/product\/grand-trunk-hooded-travel-neck-pillow-peacock-green\/","name":"Oreiller de voyage \u00e0 capuche Grand Trunk - Vert paon - Ks Products","isPartOf":{"@id":"https:\/\/ksproducts.ca\/#website"},"primaryImageOfPage":{"@id":"https:\/\/ksproducts.ca\/product\/grand-trunk-hooded-travel-neck-pillow-peacock-green\/#primaryimage"},"image":{"@id":"https:\/\/ksproducts.ca\/product\/grand-trunk-hooded-travel-neck-pillow-peacock-green\/#primaryimage"},"thumbnailUrl":"https:\/\/ksproducts.ca\/wp-content\/uploads\/2026\/04\/Grand-Trunk-Hooded-Travel-Neck-Pillow-Peacock-Green.webp","datePublished":"2026-04-07T18:56:18+00:00","dateModified":"2026-04-08T14:24:09+00:00","breadcrumb":{"@id":"https:\/\/ksproducts.ca\/product\/grand-trunk-hooded-travel-neck-pillow-peacock-green\/#breadcrumb"},"inLanguage":"fr-CA","potentialAction":[{"@type":"ReadAction","target":["https:\/\/ksproducts.ca\/product\/grand-trunk-hooded-travel-neck-pillow-peacock-green\/"]}]},{"@type":"ImageObject","inLanguage":"fr-CA","@id":"https:\/\/ksproducts.ca\/product\/grand-trunk-hooded-travel-neck-pillow-peacock-green\/#primaryimage","url":"https:\/\/ksproducts.ca\/wp-content\/uploads\/2026\/04\/Grand-Trunk-Hooded-Travel-Neck-Pillow-Peacock-Green.webp","contentUrl":"https:\/\/ksproducts.ca\/wp-content\/uploads\/2026\/04\/Grand-Trunk-Hooded-Travel-Neck-Pillow-Peacock-Green.webp","width":740,"height":740,"caption":"Grand Trunk Hooded Travel Neck Pillow Peacock Green"},{"@type":"BreadcrumbList","@id":"https:\/\/ksproducts.ca\/product\/grand-trunk-hooded-travel-neck-pillow-peacock-green\/#breadcrumb","itemListElement":[{"@type":"ListItem","position":1,"name":"Home","item":"https:\/\/ksproducts.ca\/"},{"@type":"ListItem","position":2,"name":"Shop","item":"https:\/\/ksproducts.ca\/shop\/"},{"@type":"ListItem","position":3,"name":"Grand Trunk Hooded Travel Neck Pillow &#8211; Peacock Green"}]},{"@type":"WebSite","@id":"https:\/\/ksproducts.ca\/#website","url":"https:\/\/ksproducts.ca\/","name":"Produits Ks","description":"Cuisiner et vivre en plein air, c'est facile au Canada","publisher":{"@id":"https:\/\/ksproducts.ca\/#organization"},"potentialAction":[{"@type":"SearchAction","target":{"@type":"EntryPoint","urlTemplate":"https:\/\/ksproducts.ca\/?s={search_term_string}"},"query-input":{"@type":"PropertyValueSpecification","valueRequired":true,"valueName":"search_term_string"}}],"inLanguage":"fr-CA"},{"@type":"Organization","@id":"https:\/\/ksproducts.ca\/#organization","name":"Produits Ks","url":"https:\/\/ksproducts.ca\/","logo":{"@type":"ImageObject","inLanguage":"fr-CA","@id":"https:\/\/ksproducts.ca\/#\/schema\/logo\/image\/","url":"https:\/\/ksproducts.ca\/wp-content\/uploads\/2023\/09\/Kennedy-Sales-Logo-header-1.png","contentUrl":"https:\/\/ksproducts.ca\/wp-content\/uploads\/2023\/09\/Kennedy-Sales-Logo-header-1.png","width":150,"height":77,"caption":"Ks Products"},"image":{"@id":"https:\/\/ksproducts.ca\/#\/schema\/logo\/image\/"}}]}},"_links":{"self":[{"href":"https:\/\/ksproducts.ca\/fr\/wp-json\/wp\/v2\/product\/12897","targetHints":{"allow":["GET"]}}],"collection":[{"href":"https:\/\/ksproducts.ca\/fr\/wp-json\/wp\/v2\/product"}],"about":[{"href":"https:\/\/ksproducts.ca\/fr\/wp-json\/wp\/v2\/types\/product"}],"replies":[{"embeddable":true,"href":"https:\/\/ksproducts.ca\/fr\/wp-json\/wp\/v2\/comments?post=12897"}],"version-history":[{"count":1,"href":"https:\/\/ksproducts.ca\/fr\/wp-json\/wp\/v2\/product\/12897\/revisions"}],"predecessor-version":[{"id":12901,"href":"https:\/\/ksproducts.ca\/fr\/wp-json\/wp\/v2\/product\/12897\/revisions\/12901"}],"wp:featuredmedia":[{"embeddable":true,"href":"https:\/\/ksproducts.ca\/fr\/wp-json\/wp\/v2\/media\/12898"}],"wp:attachment":[{"href":"https:\/\/ksproducts.ca\/fr\/wp-json\/wp\/v2\/media?parent=12897"}],"wp:term":[{"taxonomy":"product_cat","embeddable":true,"href":"https:\/\/ksproducts.ca\/fr\/wp-json\/wp\/v2\/product_cat?post=12897"},{"taxonomy":"product_tag","embeddable":true,"href":"https:\/\/ksproducts.ca\/fr\/wp-json\/wp\/v2\/product_tag?post=12897"}],"curies":[{"name":"wp","href":"https:\/\/api.w.org\/{rel}","templated":true}]}}