{"id":12914,"date":"2026-04-07T19:18:32","date_gmt":"2026-04-07T19:18:32","guid":{"rendered":"https:\/\/ksproducts.ca\/?post_type=product&#038;p=12914"},"modified":"2026-04-08T18:27:59","modified_gmt":"2026-04-08T18:27:59","slug":"tapis-de-sol-grand-trunk-meadow-impermeable-horizon-2","status":"publish","type":"product","link":"https:\/\/ksproducts.ca\/fr\/product\/grand-trunk-meadow-mat-waterproof-ground-mat-horizon-2\/","title":{"rendered":"Tapis de sol \u00e9tanche Grand Trunk Meadow Mat \u2013 Horizon"},"content":{"rendered":"<p><strong>Caract\u00e9ristiques :<\/strong><\/p>\n<ul>\n<li>Le mat\u00e9riau imperm\u00e9able vous prot\u00e8ge, ainsi que vos affaires, de l'humidit\u00e9 et de la salet\u00e9 du sol \u2014 Fini les fesses mouill\u00e9es !<\/li>\n<li>Les boucles d'angle permettent un ancrage pour \u00e9viter les probl\u00e8mes de vent<\/li>\n<li>Les sangles int\u00e9gr\u00e9es et la poign\u00e9e permettent un transport et un rangement faciles<\/li>\n<li>Facile \u00e0 laver; assurez-vous de le ranger compl\u00e8tement sec pour \u00e9viter la moisissure<\/li>\n<li>Garantie \u00e0 vie<\/li>\n<\/ul>\n<p><strong>Caract\u00e9ristiques techniques :<\/strong><\/p>\n<ul>\n<li>Mati\u00e8re : Polyester bross\u00e9, 150 D avec rev\u00eatement Poly TPE<\/li>\n<\/ul>\n<p><strong>Grand<\/strong><\/p>\n<ul>\n<li>Dimensions\u00a0: pli\u00e9 \u2013 15\u00a0x 6\u00a0x 4\u00a0pouces d\u00e9pli\u00e9 \u2013 84\u00a0x 55\u00a0pouces<\/li>\n<li>Poids : 0,73 kg<\/li>\n<li>\u00a0Capacit\u00e9 : 1-8 personnes<\/li>\n<\/ul>\n<p><strong>Moyen :<\/strong><\/p>\n<ul>\n<li>Dimensions: Pli\u00e9 \u2014 14 x 3,5 x 3,5 pouces D\u00e9pli\u00e9 \u2014 55 x 55 pouces<\/li>\n<li>Poids : 1,4 lb<\/li>\n<li>Capacit\u00e9 : 1-4 personnes<\/li>\n<\/ul>","protected":false},"excerpt":{"rendered":"<p>Cette couverture de pique-nique \u00e9tanche est l\u00e9g\u00e8re, durable et gardera vos affaires et vos fesses au sec lorsque vous serez assis sur le sol humide. Utilisez les sangles et la poign\u00e9e attach\u00e9es pour la rouler et la transporter vers votre destination, et utilisez les boucles d'angle int\u00e9gr\u00e9es pour la fixer au sol lorsque le vent se l\u00e8ve. Elle est facile \u00e0 laver et se roule de mani\u00e8re compacte, alors asseyez-vous et restez un moment.<\/p>","protected":false},"featured_media":12915,"comment_status":"open","ping_status":"closed","template":"","meta":[],"product_cat":[431],"product_tag":[],"class_list":{"0":"post-12914","1":"product","2":"type-product","3":"status-publish","4":"has-post-thumbnail","6":"product_cat-camping-rv-essentials","7":"product_shipping_class-class-1","9":"first","10":"instock","11":"taxable","12":"shipping-taxable","13":"purchasable","14":"product-type-simple"},"yoast_head":"<!-- This site is optimized with the Yoast SEO plugin v27.4 - https:\/\/yoast.com\/product\/yoast-seo-wordpress\/ -->\n<title>Grand Trunk Meadow Mat Waterproof Ground Mat - Horizon - Ks Products<\/title>\n<meta name=\"robots\" content=\"index, follow, max-snippet:-1, max-image-preview:large, max-video-preview:-1\" \/>\n<link rel=\"canonical\" href=\"https:\/\/ksproducts.ca\/fr\/product\/tapis-de-sol-grand-trunk-meadow-impermeable-horizon-2\/\" \/>\n<meta property=\"og:locale\" content=\"fr_CA\" \/>\n<meta property=\"og:type\" content=\"article\" \/>\n<meta property=\"og:title\" content=\"Grand Trunk Meadow Mat Waterproof Ground Mat - Horizon - Ks Products\" \/>\n<meta property=\"og:description\" content=\"This waterproof picnic blanket is lightweight, durable, and will keep your belongings and bottom dry when sitting on the wet ground. Use the attached straps and handle to roll it up and carry to your destination, and use the built in corner loops to stake it down when it gets windy. It\u2019s easy to wash and rolls up tight, so take a seat and stay a while.\" \/>\n<meta property=\"og:url\" content=\"https:\/\/ksproducts.ca\/fr\/product\/tapis-de-sol-grand-trunk-meadow-impermeable-horizon-2\/\" \/>\n<meta property=\"og:site_name\" content=\"Ks Products\" \/>\n<meta property=\"article:modified_time\" content=\"2026-04-08T18:27:59+00:00\" \/>\n<meta property=\"og:image\" content=\"https:\/\/ksproducts.ca\/wp-content\/uploads\/2026\/04\/Grand-Trunk-Meadow-Mat-Waterproof-Ground-Mat-Urban-Camo.webp\" \/>\n\t<meta property=\"og:image:width\" content=\"740\" \/>\n\t<meta property=\"og:image:height\" content=\"740\" \/>\n\t<meta property=\"og:image:type\" content=\"image\/webp\" \/>\n<meta name=\"twitter:card\" content=\"summary_large_image\" \/>\n<meta name=\"twitter:label1\" content=\"Estimation du temps de lecture\" \/>\n\t<meta name=\"twitter:data1\" content=\"1 minute\" \/>\n<script type=\"application\/ld+json\" class=\"yoast-schema-graph\">{\"@context\":\"https:\\\/\\\/schema.org\",\"@graph\":[{\"@type\":\"WebPage\",\"@id\":\"https:\\\/\\\/ksproducts.ca\\\/product\\\/grand-trunk-meadow-mat-waterproof-ground-mat-horizon-2\\\/\",\"url\":\"https:\\\/\\\/ksproducts.ca\\\/product\\\/grand-trunk-meadow-mat-waterproof-ground-mat-horizon-2\\\/\",\"name\":\"Grand Trunk Meadow Mat Waterproof Ground Mat - Horizon - Ks Products\",\"isPartOf\":{\"@id\":\"https:\\\/\\\/ksproducts.ca\\\/#website\"},\"primaryImageOfPage\":{\"@id\":\"https:\\\/\\\/ksproducts.ca\\\/product\\\/grand-trunk-meadow-mat-waterproof-ground-mat-horizon-2\\\/#primaryimage\"},\"image\":{\"@id\":\"https:\\\/\\\/ksproducts.ca\\\/product\\\/grand-trunk-meadow-mat-waterproof-ground-mat-horizon-2\\\/#primaryimage\"},\"thumbnailUrl\":\"https:\\\/\\\/ksproducts.ca\\\/wp-content\\\/uploads\\\/2026\\\/04\\\/Grand-Trunk-Meadow-Mat-Waterproof-Ground-Mat-Urban-Camo.webp\",\"datePublished\":\"2026-04-07T19:18:32+00:00\",\"dateModified\":\"2026-04-08T18:27:59+00:00\",\"breadcrumb\":{\"@id\":\"https:\\\/\\\/ksproducts.ca\\\/product\\\/grand-trunk-meadow-mat-waterproof-ground-mat-horizon-2\\\/#breadcrumb\"},\"inLanguage\":\"fr-CA\",\"potentialAction\":[{\"@type\":\"ReadAction\",\"target\":[\"https:\\\/\\\/ksproducts.ca\\\/product\\\/grand-trunk-meadow-mat-waterproof-ground-mat-horizon-2\\\/\"]}]},{\"@type\":\"ImageObject\",\"inLanguage\":\"fr-CA\",\"@id\":\"https:\\\/\\\/ksproducts.ca\\\/product\\\/grand-trunk-meadow-mat-waterproof-ground-mat-horizon-2\\\/#primaryimage\",\"url\":\"https:\\\/\\\/ksproducts.ca\\\/wp-content\\\/uploads\\\/2026\\\/04\\\/Grand-Trunk-Meadow-Mat-Waterproof-Ground-Mat-Urban-Camo.webp\",\"contentUrl\":\"https:\\\/\\\/ksproducts.ca\\\/wp-content\\\/uploads\\\/2026\\\/04\\\/Grand-Trunk-Meadow-Mat-Waterproof-Ground-Mat-Urban-Camo.webp\",\"width\":740,\"height\":740,\"caption\":\"Grand Trunk Meadow Mat Waterproof Ground Mat Urban Camo\"},{\"@type\":\"BreadcrumbList\",\"@id\":\"https:\\\/\\\/ksproducts.ca\\\/product\\\/grand-trunk-meadow-mat-waterproof-ground-mat-horizon-2\\\/#breadcrumb\",\"itemListElement\":[{\"@type\":\"ListItem\",\"position\":1,\"name\":\"Home\",\"item\":\"https:\\\/\\\/ksproducts.ca\\\/\"},{\"@type\":\"ListItem\",\"position\":2,\"name\":\"Shop\",\"item\":\"https:\\\/\\\/ksproducts.ca\\\/shop\\\/\"},{\"@type\":\"ListItem\",\"position\":3,\"name\":\"Grand Trunk Meadow Mat Waterproof Ground Mat &#8211; Horizon\"}]},{\"@type\":\"WebSite\",\"@id\":\"https:\\\/\\\/ksproducts.ca\\\/#website\",\"url\":\"https:\\\/\\\/ksproducts.ca\\\/\",\"name\":\"Ks Products\",\"description\":\"Outdoor cooking and living, made easy in Canada\",\"publisher\":{\"@id\":\"https:\\\/\\\/ksproducts.ca\\\/#organization\"},\"potentialAction\":[{\"@type\":\"SearchAction\",\"target\":{\"@type\":\"EntryPoint\",\"urlTemplate\":\"https:\\\/\\\/ksproducts.ca\\\/?s={search_term_string}\"},\"query-input\":{\"@type\":\"PropertyValueSpecification\",\"valueRequired\":true,\"valueName\":\"search_term_string\"}}],\"inLanguage\":\"fr-CA\"},{\"@type\":\"Organization\",\"@id\":\"https:\\\/\\\/ksproducts.ca\\\/#organization\",\"name\":\"Ks Products\",\"url\":\"https:\\\/\\\/ksproducts.ca\\\/\",\"logo\":{\"@type\":\"ImageObject\",\"inLanguage\":\"fr-CA\",\"@id\":\"https:\\\/\\\/ksproducts.ca\\\/#\\\/schema\\\/logo\\\/image\\\/\",\"url\":\"https:\\\/\\\/ksproducts.ca\\\/wp-content\\\/uploads\\\/2023\\\/09\\\/Kennedy-Sales-Logo-header-1.png\",\"contentUrl\":\"https:\\\/\\\/ksproducts.ca\\\/wp-content\\\/uploads\\\/2023\\\/09\\\/Kennedy-Sales-Logo-header-1.png\",\"width\":150,\"height\":77,\"caption\":\"Ks Products\"},\"image\":{\"@id\":\"https:\\\/\\\/ksproducts.ca\\\/#\\\/schema\\\/logo\\\/image\\\/\"}}]}<\/script>\n<!-- \/ Yoast SEO plugin. -->","yoast_head_json":{"title":"Tapis de sol Grand Trunk Meadow Mat imperm\u00e9able - Horizon - Ks Products","robots":{"index":"index","follow":"follow","max-snippet":"max-snippet:-1","max-image-preview":"max-image-preview:large","max-video-preview":"max-video-preview:-1"},"canonical":"https:\/\/ksproducts.ca\/fr\/product\/tapis-de-sol-grand-trunk-meadow-impermeable-horizon-2\/","og_locale":"fr_CA","og_type":"article","og_title":"Grand Trunk Meadow Mat Waterproof Ground Mat - Horizon - Ks Products","og_description":"This waterproof picnic blanket is lightweight, durable, and will keep your belongings and bottom dry when sitting on the wet ground. Use the attached straps and handle to roll it up and carry to your destination, and use the built in corner loops to stake it down when it gets windy. It\u2019s easy to wash and rolls up tight, so take a seat and stay a while.","og_url":"https:\/\/ksproducts.ca\/fr\/product\/tapis-de-sol-grand-trunk-meadow-impermeable-horizon-2\/","og_site_name":"Ks Products","article_modified_time":"2026-04-08T18:27:59+00:00","og_image":[{"width":740,"height":740,"url":"https:\/\/ksproducts.ca\/wp-content\/uploads\/2026\/04\/Grand-Trunk-Meadow-Mat-Waterproof-Ground-Mat-Urban-Camo.webp","type":"image\/webp"}],"twitter_card":"summary_large_image","twitter_misc":{"Estimation du temps de lecture":"1 minute"},"schema":{"@context":"https:\/\/schema.org","@graph":[{"@type":"WebPage","@id":"https:\/\/ksproducts.ca\/product\/grand-trunk-meadow-mat-waterproof-ground-mat-horizon-2\/","url":"https:\/\/ksproducts.ca\/product\/grand-trunk-meadow-mat-waterproof-ground-mat-horizon-2\/","name":"Tapis de sol Grand Trunk Meadow Mat imperm\u00e9able - Horizon - Ks Products","isPartOf":{"@id":"https:\/\/ksproducts.ca\/#website"},"primaryImageOfPage":{"@id":"https:\/\/ksproducts.ca\/product\/grand-trunk-meadow-mat-waterproof-ground-mat-horizon-2\/#primaryimage"},"image":{"@id":"https:\/\/ksproducts.ca\/product\/grand-trunk-meadow-mat-waterproof-ground-mat-horizon-2\/#primaryimage"},"thumbnailUrl":"https:\/\/ksproducts.ca\/wp-content\/uploads\/2026\/04\/Grand-Trunk-Meadow-Mat-Waterproof-Ground-Mat-Urban-Camo.webp","datePublished":"2026-04-07T19:18:32+00:00","dateModified":"2026-04-08T18:27:59+00:00","breadcrumb":{"@id":"https:\/\/ksproducts.ca\/product\/grand-trunk-meadow-mat-waterproof-ground-mat-horizon-2\/#breadcrumb"},"inLanguage":"fr-CA","potentialAction":[{"@type":"ReadAction","target":["https:\/\/ksproducts.ca\/product\/grand-trunk-meadow-mat-waterproof-ground-mat-horizon-2\/"]}]},{"@type":"ImageObject","inLanguage":"fr-CA","@id":"https:\/\/ksproducts.ca\/product\/grand-trunk-meadow-mat-waterproof-ground-mat-horizon-2\/#primaryimage","url":"https:\/\/ksproducts.ca\/wp-content\/uploads\/2026\/04\/Grand-Trunk-Meadow-Mat-Waterproof-Ground-Mat-Urban-Camo.webp","contentUrl":"https:\/\/ksproducts.ca\/wp-content\/uploads\/2026\/04\/Grand-Trunk-Meadow-Mat-Waterproof-Ground-Mat-Urban-Camo.webp","width":740,"height":740,"caption":"Grand Trunk Meadow Mat Waterproof Ground Mat Urban Camo"},{"@type":"BreadcrumbList","@id":"https:\/\/ksproducts.ca\/product\/grand-trunk-meadow-mat-waterproof-ground-mat-horizon-2\/#breadcrumb","itemListElement":[{"@type":"ListItem","position":1,"name":"Home","item":"https:\/\/ksproducts.ca\/"},{"@type":"ListItem","position":2,"name":"Shop","item":"https:\/\/ksproducts.ca\/shop\/"},{"@type":"ListItem","position":3,"name":"Grand Trunk Meadow Mat Waterproof Ground Mat &#8211; Horizon"}]},{"@type":"WebSite","@id":"https:\/\/ksproducts.ca\/#website","url":"https:\/\/ksproducts.ca\/","name":"Produits Ks","description":"Cuisiner et vivre en plein air, c'est facile au Canada","publisher":{"@id":"https:\/\/ksproducts.ca\/#organization"},"potentialAction":[{"@type":"SearchAction","target":{"@type":"EntryPoint","urlTemplate":"https:\/\/ksproducts.ca\/?s={search_term_string}"},"query-input":{"@type":"PropertyValueSpecification","valueRequired":true,"valueName":"search_term_string"}}],"inLanguage":"fr-CA"},{"@type":"Organization","@id":"https:\/\/ksproducts.ca\/#organization","name":"Produits Ks","url":"https:\/\/ksproducts.ca\/","logo":{"@type":"ImageObject","inLanguage":"fr-CA","@id":"https:\/\/ksproducts.ca\/#\/schema\/logo\/image\/","url":"https:\/\/ksproducts.ca\/wp-content\/uploads\/2023\/09\/Kennedy-Sales-Logo-header-1.png","contentUrl":"https:\/\/ksproducts.ca\/wp-content\/uploads\/2023\/09\/Kennedy-Sales-Logo-header-1.png","width":150,"height":77,"caption":"Ks Products"},"image":{"@id":"https:\/\/ksproducts.ca\/#\/schema\/logo\/image\/"}}]}},"_links":{"self":[{"href":"https:\/\/ksproducts.ca\/fr\/wp-json\/wp\/v2\/product\/12914","targetHints":{"allow":["GET"]}}],"collection":[{"href":"https:\/\/ksproducts.ca\/fr\/wp-json\/wp\/v2\/product"}],"about":[{"href":"https:\/\/ksproducts.ca\/fr\/wp-json\/wp\/v2\/types\/product"}],"replies":[{"embeddable":true,"href":"https:\/\/ksproducts.ca\/fr\/wp-json\/wp\/v2\/comments?post=12914"}],"version-history":[{"count":1,"href":"https:\/\/ksproducts.ca\/fr\/wp-json\/wp\/v2\/product\/12914\/revisions"}],"predecessor-version":[{"id":12919,"href":"https:\/\/ksproducts.ca\/fr\/wp-json\/wp\/v2\/product\/12914\/revisions\/12919"}],"wp:featuredmedia":[{"embeddable":true,"href":"https:\/\/ksproducts.ca\/fr\/wp-json\/wp\/v2\/media\/12915"}],"wp:attachment":[{"href":"https:\/\/ksproducts.ca\/fr\/wp-json\/wp\/v2\/media?parent=12914"}],"wp:term":[{"taxonomy":"product_cat","embeddable":true,"href":"https:\/\/ksproducts.ca\/fr\/wp-json\/wp\/v2\/product_cat?post=12914"},{"taxonomy":"product_tag","embeddable":true,"href":"https:\/\/ksproducts.ca\/fr\/wp-json\/wp\/v2\/product_tag?post=12914"}],"curies":[{"name":"wp","href":"https:\/\/api.w.org\/{rel}","templated":true}]}}