{"id":12920,"date":"2026-04-07T19:26:02","date_gmt":"2026-04-07T19:26:02","guid":{"rendered":"https:\/\/ksproducts.ca\/?post_type=product&#038;p=12920"},"modified":"2026-04-08T14:27:00","modified_gmt":"2026-04-08T14:27:00","slug":"hamac-grand-trunk-tout-en-un-vert-menthe","status":"publish","type":"product","link":"https:\/\/ksproducts.ca\/fr\/product\/grand-trunk-all-in-one-shelter-hammock-green-mint\/","title":{"rendered":"Hamac Grand Trunk All-in-One Shelter \u2013 Vert\/Menthe"},"content":{"rendered":"<ul>\n<li>Mat\u00e9riau : Nylon Sil Ripstop Premium 20D avec cordon + bloqueurs<\/li>\n<li>Poids : 22 oz<\/li>\n<li>Mati\u00e8re imperm\u00e9able avec coutures \u00e9tanches<\/li>\n<li>Comprend quatre piquets en aluminium de 20 cm pour plusieurs configurations<\/li>\n<li>8 coutures soud\u00e9es + finition PU et silicone vous maintiennent au sec<\/li>\n<li>Dimensions : 2,95 m x 2,03 m\u2019<\/li>\n<li>Supporte jusqu'\u00e0 136 kg<\/li>\n<\/ul>","protected":false},"excerpt":{"rendered":"<p>Enfin, une solution de couchage et d'abri pour l'explorateur averti ! Le MOAB unique et polyvalent peut \u00eatre utilis\u00e9 comme hamac, comme auvent, comme bivouac en forme de A, comme abri en appentis, comme tapis de sol de tente ou comme parasol, vous donnant la capacit\u00e9 de faire face \u00e0 toutes les situations lors de vos randonn\u00e9es.<\/p>\n<p>La conception innovante du MOAB permet une conversion facile entre ses diff\u00e9rentes formes tout en se compactant dans un sac l\u00e9ger et peu encombrant pour un transport ais\u00e9. Allez plus loin, restez plus longtemps et vivez plus d'exp\u00e9riences avec le hamac de abri tout-en-un MOAB !<\/p>","protected":false},"featured_media":12921,"comment_status":"open","ping_status":"closed","template":"","meta":[],"product_cat":[431],"product_tag":[],"class_list":{"0":"post-12920","1":"product","2":"type-product","3":"status-publish","4":"has-post-thumbnail","6":"product_cat-camping-rv-essentials","7":"product_shipping_class-class-1","9":"first","10":"instock","11":"taxable","12":"shipping-taxable","13":"purchasable","14":"product-type-simple"},"yoast_head":"<!-- This site is optimized with the Yoast SEO plugin v27.4 - https:\/\/yoast.com\/product\/yoast-seo-wordpress\/ -->\n<title>Grand Trunk All-in-One Shelter Hammock - Green\/Mint - Ks Products<\/title>\n<meta name=\"robots\" content=\"index, follow, max-snippet:-1, max-image-preview:large, max-video-preview:-1\" \/>\n<link rel=\"canonical\" href=\"https:\/\/ksproducts.ca\/fr\/product\/hamac-grand-trunk-tout-en-un-vert-menthe\/\" \/>\n<meta property=\"og:locale\" content=\"fr_CA\" \/>\n<meta property=\"og:type\" content=\"article\" \/>\n<meta property=\"og:title\" content=\"Grand Trunk All-in-One Shelter Hammock - Green\/Mint - Ks Products\" \/>\n<meta property=\"og:description\" content=\"Finally, a shelter and sleep solution for the hardcore explorer! The unique and versatile MOAB can be used as a hammock, a canopy, A-frame bivvy, lean-to shelter, tent footprint or sunshade, giving you the ability to face any situation on your backpacking journeys.  The MOAB\u2019s innovative design features allow for easy conversion between each of the different forms while also packing down into a light, space-efficient sack for easy transport. Go further, stay longer, and experience more with the MOAB All-In-One Shelter Hammock!\" \/>\n<meta property=\"og:url\" content=\"https:\/\/ksproducts.ca\/fr\/product\/hamac-grand-trunk-tout-en-un-vert-menthe\/\" \/>\n<meta property=\"og:site_name\" content=\"Ks Products\" \/>\n<meta property=\"article:modified_time\" content=\"2026-04-08T14:27:00+00:00\" \/>\n<meta property=\"og:image\" content=\"https:\/\/ksproducts.ca\/wp-content\/uploads\/2026\/04\/Grand-Trunk-All-in-One-Shelter-Hammock-.webp\" \/>\n\t<meta property=\"og:image:width\" content=\"740\" \/>\n\t<meta property=\"og:image:height\" content=\"740\" \/>\n\t<meta property=\"og:image:type\" content=\"image\/webp\" \/>\n<meta name=\"twitter:card\" content=\"summary_large_image\" \/>\n<meta name=\"twitter:label1\" content=\"Estimation du temps de lecture\" \/>\n\t<meta name=\"twitter:data1\" content=\"1 minute\" \/>\n<script type=\"application\/ld+json\" class=\"yoast-schema-graph\">{\"@context\":\"https:\\\/\\\/schema.org\",\"@graph\":[{\"@type\":\"WebPage\",\"@id\":\"https:\\\/\\\/ksproducts.ca\\\/product\\\/grand-trunk-all-in-one-shelter-hammock-green-mint\\\/\",\"url\":\"https:\\\/\\\/ksproducts.ca\\\/product\\\/grand-trunk-all-in-one-shelter-hammock-green-mint\\\/\",\"name\":\"Grand Trunk All-in-One Shelter Hammock - Green\\\/Mint - Ks Products\",\"isPartOf\":{\"@id\":\"https:\\\/\\\/ksproducts.ca\\\/#website\"},\"primaryImageOfPage\":{\"@id\":\"https:\\\/\\\/ksproducts.ca\\\/product\\\/grand-trunk-all-in-one-shelter-hammock-green-mint\\\/#primaryimage\"},\"image\":{\"@id\":\"https:\\\/\\\/ksproducts.ca\\\/product\\\/grand-trunk-all-in-one-shelter-hammock-green-mint\\\/#primaryimage\"},\"thumbnailUrl\":\"https:\\\/\\\/ksproducts.ca\\\/wp-content\\\/uploads\\\/2026\\\/04\\\/Grand-Trunk-All-in-One-Shelter-Hammock-.webp\",\"datePublished\":\"2026-04-07T19:26:02+00:00\",\"dateModified\":\"2026-04-08T14:27:00+00:00\",\"breadcrumb\":{\"@id\":\"https:\\\/\\\/ksproducts.ca\\\/product\\\/grand-trunk-all-in-one-shelter-hammock-green-mint\\\/#breadcrumb\"},\"inLanguage\":\"fr-CA\",\"potentialAction\":[{\"@type\":\"ReadAction\",\"target\":[\"https:\\\/\\\/ksproducts.ca\\\/product\\\/grand-trunk-all-in-one-shelter-hammock-green-mint\\\/\"]}]},{\"@type\":\"ImageObject\",\"inLanguage\":\"fr-CA\",\"@id\":\"https:\\\/\\\/ksproducts.ca\\\/product\\\/grand-trunk-all-in-one-shelter-hammock-green-mint\\\/#primaryimage\",\"url\":\"https:\\\/\\\/ksproducts.ca\\\/wp-content\\\/uploads\\\/2026\\\/04\\\/Grand-Trunk-All-in-One-Shelter-Hammock-.webp\",\"contentUrl\":\"https:\\\/\\\/ksproducts.ca\\\/wp-content\\\/uploads\\\/2026\\\/04\\\/Grand-Trunk-All-in-One-Shelter-Hammock-.webp\",\"width\":740,\"height\":740,\"caption\":\"Grand Trunk All in One Shelter Hammock\"},{\"@type\":\"BreadcrumbList\",\"@id\":\"https:\\\/\\\/ksproducts.ca\\\/product\\\/grand-trunk-all-in-one-shelter-hammock-green-mint\\\/#breadcrumb\",\"itemListElement\":[{\"@type\":\"ListItem\",\"position\":1,\"name\":\"Home\",\"item\":\"https:\\\/\\\/ksproducts.ca\\\/\"},{\"@type\":\"ListItem\",\"position\":2,\"name\":\"Shop\",\"item\":\"https:\\\/\\\/ksproducts.ca\\\/shop\\\/\"},{\"@type\":\"ListItem\",\"position\":3,\"name\":\"Grand Trunk All-in-One Shelter Hammock &#8211; Green\\\/Mint\"}]},{\"@type\":\"WebSite\",\"@id\":\"https:\\\/\\\/ksproducts.ca\\\/#website\",\"url\":\"https:\\\/\\\/ksproducts.ca\\\/\",\"name\":\"Ks Products\",\"description\":\"Outdoor cooking and living, made easy in Canada\",\"publisher\":{\"@id\":\"https:\\\/\\\/ksproducts.ca\\\/#organization\"},\"potentialAction\":[{\"@type\":\"SearchAction\",\"target\":{\"@type\":\"EntryPoint\",\"urlTemplate\":\"https:\\\/\\\/ksproducts.ca\\\/?s={search_term_string}\"},\"query-input\":{\"@type\":\"PropertyValueSpecification\",\"valueRequired\":true,\"valueName\":\"search_term_string\"}}],\"inLanguage\":\"fr-CA\"},{\"@type\":\"Organization\",\"@id\":\"https:\\\/\\\/ksproducts.ca\\\/#organization\",\"name\":\"Ks Products\",\"url\":\"https:\\\/\\\/ksproducts.ca\\\/\",\"logo\":{\"@type\":\"ImageObject\",\"inLanguage\":\"fr-CA\",\"@id\":\"https:\\\/\\\/ksproducts.ca\\\/#\\\/schema\\\/logo\\\/image\\\/\",\"url\":\"https:\\\/\\\/ksproducts.ca\\\/wp-content\\\/uploads\\\/2023\\\/09\\\/Kennedy-Sales-Logo-header-1.png\",\"contentUrl\":\"https:\\\/\\\/ksproducts.ca\\\/wp-content\\\/uploads\\\/2023\\\/09\\\/Kennedy-Sales-Logo-header-1.png\",\"width\":150,\"height\":77,\"caption\":\"Ks Products\"},\"image\":{\"@id\":\"https:\\\/\\\/ksproducts.ca\\\/#\\\/schema\\\/logo\\\/image\\\/\"}}]}<\/script>\n<!-- \/ Yoast SEO plugin. -->","yoast_head_json":{"title":"Hammac de randonn\u00e9e Grand Trunk All-in-One - Vert\/Menthe - Ks Products","robots":{"index":"index","follow":"follow","max-snippet":"max-snippet:-1","max-image-preview":"max-image-preview:large","max-video-preview":"max-video-preview:-1"},"canonical":"https:\/\/ksproducts.ca\/fr\/product\/hamac-grand-trunk-tout-en-un-vert-menthe\/","og_locale":"fr_CA","og_type":"article","og_title":"Grand Trunk All-in-One Shelter Hammock - Green\/Mint - Ks Products","og_description":"Finally, a shelter and sleep solution for the hardcore explorer! The unique and versatile MOAB can be used as a hammock, a canopy, A-frame bivvy, lean-to shelter, tent footprint or sunshade, giving you the ability to face any situation on your backpacking journeys.  The MOAB\u2019s innovative design features allow for easy conversion between each of the different forms while also packing down into a light, space-efficient sack for easy transport. Go further, stay longer, and experience more with the MOAB All-In-One Shelter Hammock!","og_url":"https:\/\/ksproducts.ca\/fr\/product\/hamac-grand-trunk-tout-en-un-vert-menthe\/","og_site_name":"Ks Products","article_modified_time":"2026-04-08T14:27:00+00:00","og_image":[{"width":740,"height":740,"url":"https:\/\/ksproducts.ca\/wp-content\/uploads\/2026\/04\/Grand-Trunk-All-in-One-Shelter-Hammock-.webp","type":"image\/webp"}],"twitter_card":"summary_large_image","twitter_misc":{"Estimation du temps de lecture":"1 minute"},"schema":{"@context":"https:\/\/schema.org","@graph":[{"@type":"WebPage","@id":"https:\/\/ksproducts.ca\/product\/grand-trunk-all-in-one-shelter-hammock-green-mint\/","url":"https:\/\/ksproducts.ca\/product\/grand-trunk-all-in-one-shelter-hammock-green-mint\/","name":"Hammac de randonn\u00e9e Grand Trunk All-in-One - Vert\/Menthe - Ks Products","isPartOf":{"@id":"https:\/\/ksproducts.ca\/#website"},"primaryImageOfPage":{"@id":"https:\/\/ksproducts.ca\/product\/grand-trunk-all-in-one-shelter-hammock-green-mint\/#primaryimage"},"image":{"@id":"https:\/\/ksproducts.ca\/product\/grand-trunk-all-in-one-shelter-hammock-green-mint\/#primaryimage"},"thumbnailUrl":"https:\/\/ksproducts.ca\/wp-content\/uploads\/2026\/04\/Grand-Trunk-All-in-One-Shelter-Hammock-.webp","datePublished":"2026-04-07T19:26:02+00:00","dateModified":"2026-04-08T14:27:00+00:00","breadcrumb":{"@id":"https:\/\/ksproducts.ca\/product\/grand-trunk-all-in-one-shelter-hammock-green-mint\/#breadcrumb"},"inLanguage":"fr-CA","potentialAction":[{"@type":"ReadAction","target":["https:\/\/ksproducts.ca\/product\/grand-trunk-all-in-one-shelter-hammock-green-mint\/"]}]},{"@type":"ImageObject","inLanguage":"fr-CA","@id":"https:\/\/ksproducts.ca\/product\/grand-trunk-all-in-one-shelter-hammock-green-mint\/#primaryimage","url":"https:\/\/ksproducts.ca\/wp-content\/uploads\/2026\/04\/Grand-Trunk-All-in-One-Shelter-Hammock-.webp","contentUrl":"https:\/\/ksproducts.ca\/wp-content\/uploads\/2026\/04\/Grand-Trunk-All-in-One-Shelter-Hammock-.webp","width":740,"height":740,"caption":"Grand Trunk All in One Shelter Hammock"},{"@type":"BreadcrumbList","@id":"https:\/\/ksproducts.ca\/product\/grand-trunk-all-in-one-shelter-hammock-green-mint\/#breadcrumb","itemListElement":[{"@type":"ListItem","position":1,"name":"Home","item":"https:\/\/ksproducts.ca\/"},{"@type":"ListItem","position":2,"name":"Shop","item":"https:\/\/ksproducts.ca\/shop\/"},{"@type":"ListItem","position":3,"name":"Grand Trunk All-in-One Shelter Hammock &#8211; Green\/Mint"}]},{"@type":"WebSite","@id":"https:\/\/ksproducts.ca\/#website","url":"https:\/\/ksproducts.ca\/","name":"Produits Ks","description":"Cuisiner et vivre en plein air, c'est facile au Canada","publisher":{"@id":"https:\/\/ksproducts.ca\/#organization"},"potentialAction":[{"@type":"SearchAction","target":{"@type":"EntryPoint","urlTemplate":"https:\/\/ksproducts.ca\/?s={search_term_string}"},"query-input":{"@type":"PropertyValueSpecification","valueRequired":true,"valueName":"search_term_string"}}],"inLanguage":"fr-CA"},{"@type":"Organization","@id":"https:\/\/ksproducts.ca\/#organization","name":"Produits Ks","url":"https:\/\/ksproducts.ca\/","logo":{"@type":"ImageObject","inLanguage":"fr-CA","@id":"https:\/\/ksproducts.ca\/#\/schema\/logo\/image\/","url":"https:\/\/ksproducts.ca\/wp-content\/uploads\/2023\/09\/Kennedy-Sales-Logo-header-1.png","contentUrl":"https:\/\/ksproducts.ca\/wp-content\/uploads\/2023\/09\/Kennedy-Sales-Logo-header-1.png","width":150,"height":77,"caption":"Ks Products"},"image":{"@id":"https:\/\/ksproducts.ca\/#\/schema\/logo\/image\/"}}]}},"_links":{"self":[{"href":"https:\/\/ksproducts.ca\/fr\/wp-json\/wp\/v2\/product\/12920","targetHints":{"allow":["GET"]}}],"collection":[{"href":"https:\/\/ksproducts.ca\/fr\/wp-json\/wp\/v2\/product"}],"about":[{"href":"https:\/\/ksproducts.ca\/fr\/wp-json\/wp\/v2\/types\/product"}],"replies":[{"embeddable":true,"href":"https:\/\/ksproducts.ca\/fr\/wp-json\/wp\/v2\/comments?post=12920"}],"version-history":[{"count":1,"href":"https:\/\/ksproducts.ca\/fr\/wp-json\/wp\/v2\/product\/12920\/revisions"}],"predecessor-version":[{"id":12924,"href":"https:\/\/ksproducts.ca\/fr\/wp-json\/wp\/v2\/product\/12920\/revisions\/12924"}],"wp:featuredmedia":[{"embeddable":true,"href":"https:\/\/ksproducts.ca\/fr\/wp-json\/wp\/v2\/media\/12921"}],"wp:attachment":[{"href":"https:\/\/ksproducts.ca\/fr\/wp-json\/wp\/v2\/media?parent=12920"}],"wp:term":[{"taxonomy":"product_cat","embeddable":true,"href":"https:\/\/ksproducts.ca\/fr\/wp-json\/wp\/v2\/product_cat?post=12920"},{"taxonomy":"product_tag","embeddable":true,"href":"https:\/\/ksproducts.ca\/fr\/wp-json\/wp\/v2\/product_tag?post=12920"}],"curies":[{"name":"wp","href":"https:\/\/api.w.org\/{rel}","templated":true}]}}