{"id":12925,"date":"2026-04-07T19:53:17","date_gmt":"2026-04-07T19:53:17","guid":{"rendered":"https:\/\/ksproducts.ca\/?post_type=product&#038;p=12925"},"modified":"2026-04-08T14:28:16","modified_gmt":"2026-04-08T14:28:16","slug":"moustiquaire-pour-hamac-grand-trunk-mozzy-lite","status":"publish","type":"product","link":"https:\/\/ksproducts.ca\/fr\/product\/grand-trunk-mozzy-lite-hammock-bug-net\/","title":{"rendered":"Moustiquaire Grand Trunk Mozzy Lite pour hamac"},"content":{"rendered":"<p><strong>Caract\u00e9ristiques<\/strong><\/p>\n<ul>\n<li>Syst\u00e8me de verrouillage de cordon r\u00e9glable sans n\u0153uds pour une installation rapide et facile<\/li>\n<li>Moustiquaire en nylon mono maille 20D noire Premium No-See-Um<\/li>\n<li>Fermeture \u00e9clair J double face pour une entr\u00e9e et une sortie faciles<\/li>\n<li>Les marqueurs en nylon 20D r\u00e9fl\u00e9chissants permettent de bien voir au milieu de la nuit<\/li>\n<li>Super l\u00e9ger<\/li>\n<\/ul>\n<p><strong>\u00a0Sp\u00e9cifications techniques<\/strong><\/p>\n<ul>\n<li>Dimensions : 3,20 m de long x 1,52 m de haut (convient pour un hamac de 3,35 m)<\/li>\n<li>Poids : 10 oz<\/li>\n<li>Mati\u00e8re\u00a0: Mesh mono 20D<\/li>\n<\/ul>\n<p><strong>Articles inclus<\/strong><\/p>\n<ul>\n<li>Sac de rangement<\/li>\n<li>Syst\u00e8me de suspension \u00e0 cordon<\/li>\n<\/ul>","protected":false},"excerpt":{"rendered":"<p>Nous aimons le vent dans nos cheveux et le soleil sur notre visage, mais les moustiques ? Pas tellement.<\/p>\n<p class=\"p1\">Le filet en monomesh 20D premium vous dissimule des insectes pour que vous soyez \u00e0 l'aise au camp, con\u00e7u avec un mat\u00e9riau respirant pour la ventilation. La corde de fa\u00eetage int\u00e9gr\u00e9e vous permet d'utiliser la moustiquaire Mozzy Net Lite avec n'importe quelle b\u00e2che ou tarp. De plus, le syst\u00e8me de corde sans n\u0153uds de Grand Trunk facilite l'installation et la fermeture \u00e9clair en J, accentu\u00e9e d'un rep\u00e8re, rend l'entr\u00e9e et la sortie faciles, m\u00eame au milieu de la nuit.<\/p>","protected":false},"featured_media":12926,"comment_status":"open","ping_status":"closed","template":"","meta":[],"product_cat":[431],"product_tag":[],"class_list":{"0":"post-12925","1":"product","2":"type-product","3":"status-publish","4":"has-post-thumbnail","6":"product_cat-camping-rv-essentials","7":"product_shipping_class-class-1","9":"first","10":"instock","11":"taxable","12":"shipping-taxable","13":"purchasable","14":"product-type-simple"},"yoast_head":"<!-- This site is optimized with the Yoast SEO plugin v27.5 - https:\/\/yoast.com\/product\/yoast-seo-wordpress\/ -->\n<title>Grand Trunk Mozzy Lite Hammock Bug Net - Ks Products<\/title>\n<meta name=\"robots\" content=\"index, follow, max-snippet:-1, max-image-preview:large, max-video-preview:-1\" \/>\n<link rel=\"canonical\" href=\"https:\/\/ksproducts.ca\/fr\/product\/moustiquaire-pour-hamac-grand-trunk-mozzy-lite\/\" \/>\n<meta property=\"og:locale\" content=\"fr_CA\" \/>\n<meta property=\"og:type\" content=\"article\" \/>\n<meta property=\"og:title\" content=\"Grand Trunk Mozzy Lite Hammock Bug Net - Ks Products\" \/>\n<meta property=\"og:description\" content=\"We&#039;re all about the wind in our hair and sun on our face, but mosquitoes? Not so much. Premium\u00a020D Mono Mesh netting conceals you from bugs to keep you\u00a0comfortable at camp, designed with breathable material\u00a0for ventilation. The integrated ridgeline allows you to use\u00a0the Mozzy Net Lite with any rainfly or tarp. Plus, Grand\u00a0Trunk\u2019s knotless cord system makes setup a breeze and\u00a0the J zipper accented with a marker to make entry and\u00a0exit easy even in the middle of the night.\" \/>\n<meta property=\"og:url\" content=\"https:\/\/ksproducts.ca\/fr\/product\/moustiquaire-pour-hamac-grand-trunk-mozzy-lite\/\" \/>\n<meta property=\"og:site_name\" content=\"Ks Products\" \/>\n<meta property=\"article:modified_time\" content=\"2026-04-08T14:28:16+00:00\" \/>\n<meta property=\"og:image\" content=\"https:\/\/ksproducts.ca\/wp-content\/uploads\/2026\/04\/Grand-Trunk-Mozzy-Lite-Hammock-Bug-Net.webp\" \/>\n\t<meta property=\"og:image:width\" content=\"800\" \/>\n\t<meta property=\"og:image:height\" content=\"800\" \/>\n\t<meta property=\"og:image:type\" content=\"image\/webp\" \/>\n<meta name=\"twitter:card\" content=\"summary_large_image\" \/>\n<meta name=\"twitter:label1\" content=\"Estimation du temps de lecture\" \/>\n\t<meta name=\"twitter:data1\" content=\"1 minute\" \/>\n<script type=\"application\/ld+json\" class=\"yoast-schema-graph\">{\"@context\":\"https:\\\/\\\/schema.org\",\"@graph\":[{\"@type\":\"WebPage\",\"@id\":\"https:\\\/\\\/ksproducts.ca\\\/product\\\/grand-trunk-mozzy-lite-hammock-bug-net\\\/\",\"url\":\"https:\\\/\\\/ksproducts.ca\\\/product\\\/grand-trunk-mozzy-lite-hammock-bug-net\\\/\",\"name\":\"Grand Trunk Mozzy Lite Hammock Bug Net - Ks Products\",\"isPartOf\":{\"@id\":\"https:\\\/\\\/ksproducts.ca\\\/#website\"},\"primaryImageOfPage\":{\"@id\":\"https:\\\/\\\/ksproducts.ca\\\/product\\\/grand-trunk-mozzy-lite-hammock-bug-net\\\/#primaryimage\"},\"image\":{\"@id\":\"https:\\\/\\\/ksproducts.ca\\\/product\\\/grand-trunk-mozzy-lite-hammock-bug-net\\\/#primaryimage\"},\"thumbnailUrl\":\"https:\\\/\\\/ksproducts.ca\\\/wp-content\\\/uploads\\\/2026\\\/04\\\/Grand-Trunk-Mozzy-Lite-Hammock-Bug-Net.webp\",\"datePublished\":\"2026-04-07T19:53:17+00:00\",\"dateModified\":\"2026-04-08T14:28:16+00:00\",\"breadcrumb\":{\"@id\":\"https:\\\/\\\/ksproducts.ca\\\/product\\\/grand-trunk-mozzy-lite-hammock-bug-net\\\/#breadcrumb\"},\"inLanguage\":\"fr-CA\",\"potentialAction\":[{\"@type\":\"ReadAction\",\"target\":[\"https:\\\/\\\/ksproducts.ca\\\/product\\\/grand-trunk-mozzy-lite-hammock-bug-net\\\/\"]}]},{\"@type\":\"ImageObject\",\"inLanguage\":\"fr-CA\",\"@id\":\"https:\\\/\\\/ksproducts.ca\\\/product\\\/grand-trunk-mozzy-lite-hammock-bug-net\\\/#primaryimage\",\"url\":\"https:\\\/\\\/ksproducts.ca\\\/wp-content\\\/uploads\\\/2026\\\/04\\\/Grand-Trunk-Mozzy-Lite-Hammock-Bug-Net.webp\",\"contentUrl\":\"https:\\\/\\\/ksproducts.ca\\\/wp-content\\\/uploads\\\/2026\\\/04\\\/Grand-Trunk-Mozzy-Lite-Hammock-Bug-Net.webp\",\"width\":800,\"height\":800,\"caption\":\"Grand Trunk Mozzy Lite Hammock Bug Net\"},{\"@type\":\"BreadcrumbList\",\"@id\":\"https:\\\/\\\/ksproducts.ca\\\/product\\\/grand-trunk-mozzy-lite-hammock-bug-net\\\/#breadcrumb\",\"itemListElement\":[{\"@type\":\"ListItem\",\"position\":1,\"name\":\"Home\",\"item\":\"https:\\\/\\\/ksproducts.ca\\\/\"},{\"@type\":\"ListItem\",\"position\":2,\"name\":\"Shop\",\"item\":\"https:\\\/\\\/ksproducts.ca\\\/shop\\\/\"},{\"@type\":\"ListItem\",\"position\":3,\"name\":\"Grand Trunk Mozzy Lite Hammock Bug Net\"}]},{\"@type\":\"WebSite\",\"@id\":\"https:\\\/\\\/ksproducts.ca\\\/#website\",\"url\":\"https:\\\/\\\/ksproducts.ca\\\/\",\"name\":\"Ks Products\",\"description\":\"Outdoor cooking and living, made easy in Canada\",\"publisher\":{\"@id\":\"https:\\\/\\\/ksproducts.ca\\\/#organization\"},\"potentialAction\":[{\"@type\":\"SearchAction\",\"target\":{\"@type\":\"EntryPoint\",\"urlTemplate\":\"https:\\\/\\\/ksproducts.ca\\\/?s={search_term_string}\"},\"query-input\":{\"@type\":\"PropertyValueSpecification\",\"valueRequired\":true,\"valueName\":\"search_term_string\"}}],\"inLanguage\":\"fr-CA\"},{\"@type\":\"Organization\",\"@id\":\"https:\\\/\\\/ksproducts.ca\\\/#organization\",\"name\":\"Ks Products\",\"url\":\"https:\\\/\\\/ksproducts.ca\\\/\",\"logo\":{\"@type\":\"ImageObject\",\"inLanguage\":\"fr-CA\",\"@id\":\"https:\\\/\\\/ksproducts.ca\\\/#\\\/schema\\\/logo\\\/image\\\/\",\"url\":\"https:\\\/\\\/ksproducts.ca\\\/wp-content\\\/uploads\\\/2023\\\/09\\\/Kennedy-Sales-Logo-header-1.png\",\"contentUrl\":\"https:\\\/\\\/ksproducts.ca\\\/wp-content\\\/uploads\\\/2023\\\/09\\\/Kennedy-Sales-Logo-header-1.png\",\"width\":150,\"height\":77,\"caption\":\"Ks Products\"},\"image\":{\"@id\":\"https:\\\/\\\/ksproducts.ca\\\/#\\\/schema\\\/logo\\\/image\\\/\"}}]}<\/script>\n<!-- \/ Yoast SEO plugin. -->","yoast_head_json":{"title":"Moustiquaire pour hamac Grand Trunk Mozzy Lite - KSL Imports","robots":{"index":"index","follow":"follow","max-snippet":"max-snippet:-1","max-image-preview":"max-image-preview:large","max-video-preview":"max-video-preview:-1"},"canonical":"https:\/\/ksproducts.ca\/fr\/product\/moustiquaire-pour-hamac-grand-trunk-mozzy-lite\/","og_locale":"fr_CA","og_type":"article","og_title":"Grand Trunk Mozzy Lite Hammock Bug Net - Ks Products","og_description":"We're all about the wind in our hair and sun on our face, but mosquitoes? Not so much. Premium\u00a020D Mono Mesh netting conceals you from bugs to keep you\u00a0comfortable at camp, designed with breathable material\u00a0for ventilation. The integrated ridgeline allows you to use\u00a0the Mozzy Net Lite with any rainfly or tarp. Plus, Grand\u00a0Trunk\u2019s knotless cord system makes setup a breeze and\u00a0the J zipper accented with a marker to make entry and\u00a0exit easy even in the middle of the night.","og_url":"https:\/\/ksproducts.ca\/fr\/product\/moustiquaire-pour-hamac-grand-trunk-mozzy-lite\/","og_site_name":"Ks Products","article_modified_time":"2026-04-08T14:28:16+00:00","og_image":[{"width":800,"height":800,"url":"https:\/\/ksproducts.ca\/wp-content\/uploads\/2026\/04\/Grand-Trunk-Mozzy-Lite-Hammock-Bug-Net.webp","type":"image\/webp"}],"twitter_card":"summary_large_image","twitter_misc":{"Estimation du temps de lecture":"1 minute"},"schema":{"@context":"https:\/\/schema.org","@graph":[{"@type":"WebPage","@id":"https:\/\/ksproducts.ca\/product\/grand-trunk-mozzy-lite-hammock-bug-net\/","url":"https:\/\/ksproducts.ca\/product\/grand-trunk-mozzy-lite-hammock-bug-net\/","name":"Moustiquaire pour hamac Grand Trunk Mozzy Lite - KSL Imports","isPartOf":{"@id":"https:\/\/ksproducts.ca\/#website"},"primaryImageOfPage":{"@id":"https:\/\/ksproducts.ca\/product\/grand-trunk-mozzy-lite-hammock-bug-net\/#primaryimage"},"image":{"@id":"https:\/\/ksproducts.ca\/product\/grand-trunk-mozzy-lite-hammock-bug-net\/#primaryimage"},"thumbnailUrl":"https:\/\/ksproducts.ca\/wp-content\/uploads\/2026\/04\/Grand-Trunk-Mozzy-Lite-Hammock-Bug-Net.webp","datePublished":"2026-04-07T19:53:17+00:00","dateModified":"2026-04-08T14:28:16+00:00","breadcrumb":{"@id":"https:\/\/ksproducts.ca\/product\/grand-trunk-mozzy-lite-hammock-bug-net\/#breadcrumb"},"inLanguage":"fr-CA","potentialAction":[{"@type":"ReadAction","target":["https:\/\/ksproducts.ca\/product\/grand-trunk-mozzy-lite-hammock-bug-net\/"]}]},{"@type":"ImageObject","inLanguage":"fr-CA","@id":"https:\/\/ksproducts.ca\/product\/grand-trunk-mozzy-lite-hammock-bug-net\/#primaryimage","url":"https:\/\/ksproducts.ca\/wp-content\/uploads\/2026\/04\/Grand-Trunk-Mozzy-Lite-Hammock-Bug-Net.webp","contentUrl":"https:\/\/ksproducts.ca\/wp-content\/uploads\/2026\/04\/Grand-Trunk-Mozzy-Lite-Hammock-Bug-Net.webp","width":800,"height":800,"caption":"Grand Trunk Mozzy Lite Hammock Bug Net"},{"@type":"BreadcrumbList","@id":"https:\/\/ksproducts.ca\/product\/grand-trunk-mozzy-lite-hammock-bug-net\/#breadcrumb","itemListElement":[{"@type":"ListItem","position":1,"name":"Home","item":"https:\/\/ksproducts.ca\/"},{"@type":"ListItem","position":2,"name":"Shop","item":"https:\/\/ksproducts.ca\/shop\/"},{"@type":"ListItem","position":3,"name":"Grand Trunk Mozzy Lite Hammock Bug Net"}]},{"@type":"WebSite","@id":"https:\/\/ksproducts.ca\/#website","url":"https:\/\/ksproducts.ca\/","name":"Produits Ks","description":"Cuisiner et vivre en plein air, c'est facile au Canada","publisher":{"@id":"https:\/\/ksproducts.ca\/#organization"},"potentialAction":[{"@type":"SearchAction","target":{"@type":"EntryPoint","urlTemplate":"https:\/\/ksproducts.ca\/?s={search_term_string}"},"query-input":{"@type":"PropertyValueSpecification","valueRequired":true,"valueName":"search_term_string"}}],"inLanguage":"fr-CA"},{"@type":"Organization","@id":"https:\/\/ksproducts.ca\/#organization","name":"Produits Ks","url":"https:\/\/ksproducts.ca\/","logo":{"@type":"ImageObject","inLanguage":"fr-CA","@id":"https:\/\/ksproducts.ca\/#\/schema\/logo\/image\/","url":"https:\/\/ksproducts.ca\/wp-content\/uploads\/2023\/09\/Kennedy-Sales-Logo-header-1.png","contentUrl":"https:\/\/ksproducts.ca\/wp-content\/uploads\/2023\/09\/Kennedy-Sales-Logo-header-1.png","width":150,"height":77,"caption":"Ks Products"},"image":{"@id":"https:\/\/ksproducts.ca\/#\/schema\/logo\/image\/"}}]}},"_links":{"self":[{"href":"https:\/\/ksproducts.ca\/fr\/wp-json\/wp\/v2\/product\/12925","targetHints":{"allow":["GET"]}}],"collection":[{"href":"https:\/\/ksproducts.ca\/fr\/wp-json\/wp\/v2\/product"}],"about":[{"href":"https:\/\/ksproducts.ca\/fr\/wp-json\/wp\/v2\/types\/product"}],"replies":[{"embeddable":true,"href":"https:\/\/ksproducts.ca\/fr\/wp-json\/wp\/v2\/comments?post=12925"}],"version-history":[{"count":1,"href":"https:\/\/ksproducts.ca\/fr\/wp-json\/wp\/v2\/product\/12925\/revisions"}],"predecessor-version":[{"id":12930,"href":"https:\/\/ksproducts.ca\/fr\/wp-json\/wp\/v2\/product\/12925\/revisions\/12930"}],"wp:featuredmedia":[{"embeddable":true,"href":"https:\/\/ksproducts.ca\/fr\/wp-json\/wp\/v2\/media\/12926"}],"wp:attachment":[{"href":"https:\/\/ksproducts.ca\/fr\/wp-json\/wp\/v2\/media?parent=12925"}],"wp:term":[{"taxonomy":"product_cat","embeddable":true,"href":"https:\/\/ksproducts.ca\/fr\/wp-json\/wp\/v2\/product_cat?post=12925"},{"taxonomy":"product_tag","embeddable":true,"href":"https:\/\/ksproducts.ca\/fr\/wp-json\/wp\/v2\/product_tag?post=12925"}],"curies":[{"name":"wp","href":"https:\/\/api.w.org\/{rel}","templated":true}]}}