{"id":12934,"date":"2026-04-07T20:00:33","date_gmt":"2026-04-07T20:00:33","guid":{"rendered":"https:\/\/ksproducts.ca\/?post_type=product&#038;p=12934"},"modified":"2026-04-08T14:30:59","modified_gmt":"2026-04-08T14:30:59","slug":"chaise-suspension-grand-trunk-rovr-bleue","status":"publish","type":"product","link":"https:\/\/ksproducts.ca\/fr\/product\/grand-trunk-rovr-hanging-chair-blue\/","title":{"rendered":"Chaise Suspendue Grand Trunk Rovr \u2013 Bleue"},"content":{"rendered":"<div><strong>Caract\u00e9ristiques<\/strong><\/div>\n<ul>\n<li>La position assise droite vous permet de manger, de discuter et d'observer votre environnement.<\/li>\n<li>L\u00e9ger et pliable pour que vous puissiez l'emporter partout.<\/li>\n<li>Accrochez-vous dans des espaces restreints ou entre des points d'ancrage plus \u00e9loign\u00e9s.<\/li>\n<li>Pr\u00eat \u00e0 accrocher avec des sangles de suspension de 3 m\u00e8tres incluses.<\/li>\n<li>Le nylon durable et les coutures sont con\u00e7us pour durer.<\/li>\n<li>Se monte et se d\u00e9monte facilement en quelques minutes.<\/li>\n<\/ul>\n<div><strong>Sp\u00e9cifications techniques<\/strong><\/div>\n<ul>\n<li>Mati\u00e8re : Nylon parachute 70D 210T<\/li>\n<li>Capacit\u00e9 : 300 lb \/ 136 kg<\/li>\n<li>Poids\u00a0: 18\u00a0oz \/ 510\u00a0g<\/li>\n<li>Dimensions d\u00e9pli\u00e9es : 5\u20198\u201d x 4\u201910\u201d<\/li>\n<li>Dimensions d'emballage : 12,7 cm x 12,7 cm x 17,8 cm\u201d<\/li>\n<\/ul>\n<div><strong>Inclus<\/strong><\/div>\n<ul>\n<li>Chaise Suspendue ROVR<\/li>\n<li>Sac de rangement int\u00e9gr\u00e9<\/li>\n<li>Deux mousquetons<\/li>\n<li>Deux sangles de suspension de 10 pieds<\/li>\n<\/ul>","protected":false},"excerpt":{"rendered":"<p>ROVR\u2122 est une chaise suspendue au contour unique, con\u00e7ue pour une position assise droite. Elle est parfaite pour manger, lire, discuter avec des amis ou admirer la splendeur d'un horizon pittoresque. Simple, robuste et relaxante, ROVR\u2122 est l\u00e9g\u00e8re, compacte et s'installe en quelques minutes, ce qui en fait un accessoire id\u00e9al pour tous vos moments de d\u00e9tente, du jardin \u00e0 la nature sauvage. Et avec son sac de rangement int\u00e9gr\u00e9 et ses sangles de suspension de 3 m\u00e8tres, elle est pr\u00eate \u00e0 vous suivre partout o\u00f9 vous allez et \u00e0 s'accrocher o\u00f9 vous le souhaitez.<\/p>","protected":false},"featured_media":12935,"comment_status":"open","ping_status":"closed","template":"","meta":[],"product_cat":[431],"product_tag":[],"class_list":{"0":"post-12934","1":"product","2":"type-product","3":"status-publish","4":"has-post-thumbnail","6":"product_cat-camping-rv-essentials","7":"product_shipping_class-class-1","9":"first","10":"instock","11":"taxable","12":"shipping-taxable","13":"purchasable","14":"product-type-simple"},"yoast_head":"<!-- This site is optimized with the Yoast SEO plugin v27.4 - https:\/\/yoast.com\/product\/yoast-seo-wordpress\/ -->\n<title>Grand Trunk Rovr Hanging Chair - Blue - Ks Products<\/title>\n<meta name=\"robots\" content=\"index, follow, max-snippet:-1, max-image-preview:large, max-video-preview:-1\" \/>\n<link rel=\"canonical\" href=\"https:\/\/ksproducts.ca\/fr\/product\/chaise-suspension-grand-trunk-rovr-bleue\/\" \/>\n<meta property=\"og:locale\" content=\"fr_CA\" \/>\n<meta property=\"og:type\" content=\"article\" \/>\n<meta property=\"og:title\" content=\"Grand Trunk Rovr Hanging Chair - Blue - Ks Products\" \/>\n<meta property=\"og:description\" content=\"ROVR\u2122 is a hanging chair that\u2019s uniquely contoured to an upright sitting position. It\u2019s perfect for eating, reading, chatting with friends or basking in the glory of a scenic horizon. Simple, strong and relaxing, ROVR\u2122 is lightweight, packable and sets up in minutes, making it ideal for any hangout from the backyard to the backcountry. And with an integrated stuff sack and 10\u2019 suspension straps, it\u2019s ready to go where you go and hang where you want.\" \/>\n<meta property=\"og:url\" content=\"https:\/\/ksproducts.ca\/fr\/product\/chaise-suspension-grand-trunk-rovr-bleue\/\" \/>\n<meta property=\"og:site_name\" content=\"Ks Products\" \/>\n<meta property=\"article:modified_time\" content=\"2026-04-08T14:30:59+00:00\" \/>\n<meta property=\"og:image\" content=\"https:\/\/ksproducts.ca\/wp-content\/uploads\/2026\/04\/Grand-Trunk-Rovr-Hanging-Chair-Blue.webp\" \/>\n\t<meta property=\"og:image:width\" content=\"740\" \/>\n\t<meta property=\"og:image:height\" content=\"740\" \/>\n\t<meta property=\"og:image:type\" content=\"image\/webp\" \/>\n<meta name=\"twitter:card\" content=\"summary_large_image\" \/>\n<meta name=\"twitter:label1\" content=\"Estimation du temps de lecture\" \/>\n\t<meta name=\"twitter:data1\" content=\"1 minute\" \/>\n<script type=\"application\/ld+json\" class=\"yoast-schema-graph\">{\"@context\":\"https:\\\/\\\/schema.org\",\"@graph\":[{\"@type\":\"WebPage\",\"@id\":\"https:\\\/\\\/ksproducts.ca\\\/product\\\/grand-trunk-rovr-hanging-chair-blue\\\/\",\"url\":\"https:\\\/\\\/ksproducts.ca\\\/product\\\/grand-trunk-rovr-hanging-chair-blue\\\/\",\"name\":\"Grand Trunk Rovr Hanging Chair - Blue - Ks Products\",\"isPartOf\":{\"@id\":\"https:\\\/\\\/ksproducts.ca\\\/#website\"},\"primaryImageOfPage\":{\"@id\":\"https:\\\/\\\/ksproducts.ca\\\/product\\\/grand-trunk-rovr-hanging-chair-blue\\\/#primaryimage\"},\"image\":{\"@id\":\"https:\\\/\\\/ksproducts.ca\\\/product\\\/grand-trunk-rovr-hanging-chair-blue\\\/#primaryimage\"},\"thumbnailUrl\":\"https:\\\/\\\/ksproducts.ca\\\/wp-content\\\/uploads\\\/2026\\\/04\\\/Grand-Trunk-Rovr-Hanging-Chair-Blue.webp\",\"datePublished\":\"2026-04-07T20:00:33+00:00\",\"dateModified\":\"2026-04-08T14:30:59+00:00\",\"breadcrumb\":{\"@id\":\"https:\\\/\\\/ksproducts.ca\\\/product\\\/grand-trunk-rovr-hanging-chair-blue\\\/#breadcrumb\"},\"inLanguage\":\"fr-CA\",\"potentialAction\":[{\"@type\":\"ReadAction\",\"target\":[\"https:\\\/\\\/ksproducts.ca\\\/product\\\/grand-trunk-rovr-hanging-chair-blue\\\/\"]}]},{\"@type\":\"ImageObject\",\"inLanguage\":\"fr-CA\",\"@id\":\"https:\\\/\\\/ksproducts.ca\\\/product\\\/grand-trunk-rovr-hanging-chair-blue\\\/#primaryimage\",\"url\":\"https:\\\/\\\/ksproducts.ca\\\/wp-content\\\/uploads\\\/2026\\\/04\\\/Grand-Trunk-Rovr-Hanging-Chair-Blue.webp\",\"contentUrl\":\"https:\\\/\\\/ksproducts.ca\\\/wp-content\\\/uploads\\\/2026\\\/04\\\/Grand-Trunk-Rovr-Hanging-Chair-Blue.webp\",\"width\":740,\"height\":740,\"caption\":\"Grand Trunk Rovr Hanging Chair Blue\"},{\"@type\":\"BreadcrumbList\",\"@id\":\"https:\\\/\\\/ksproducts.ca\\\/product\\\/grand-trunk-rovr-hanging-chair-blue\\\/#breadcrumb\",\"itemListElement\":[{\"@type\":\"ListItem\",\"position\":1,\"name\":\"Home\",\"item\":\"https:\\\/\\\/ksproducts.ca\\\/\"},{\"@type\":\"ListItem\",\"position\":2,\"name\":\"Shop\",\"item\":\"https:\\\/\\\/ksproducts.ca\\\/shop\\\/\"},{\"@type\":\"ListItem\",\"position\":3,\"name\":\"Grand Trunk Rovr Hanging Chair &#8211; Blue\"}]},{\"@type\":\"WebSite\",\"@id\":\"https:\\\/\\\/ksproducts.ca\\\/#website\",\"url\":\"https:\\\/\\\/ksproducts.ca\\\/\",\"name\":\"Ks Products\",\"description\":\"Outdoor cooking and living, made easy in Canada\",\"publisher\":{\"@id\":\"https:\\\/\\\/ksproducts.ca\\\/#organization\"},\"potentialAction\":[{\"@type\":\"SearchAction\",\"target\":{\"@type\":\"EntryPoint\",\"urlTemplate\":\"https:\\\/\\\/ksproducts.ca\\\/?s={search_term_string}\"},\"query-input\":{\"@type\":\"PropertyValueSpecification\",\"valueRequired\":true,\"valueName\":\"search_term_string\"}}],\"inLanguage\":\"fr-CA\"},{\"@type\":\"Organization\",\"@id\":\"https:\\\/\\\/ksproducts.ca\\\/#organization\",\"name\":\"Ks Products\",\"url\":\"https:\\\/\\\/ksproducts.ca\\\/\",\"logo\":{\"@type\":\"ImageObject\",\"inLanguage\":\"fr-CA\",\"@id\":\"https:\\\/\\\/ksproducts.ca\\\/#\\\/schema\\\/logo\\\/image\\\/\",\"url\":\"https:\\\/\\\/ksproducts.ca\\\/wp-content\\\/uploads\\\/2023\\\/09\\\/Kennedy-Sales-Logo-header-1.png\",\"contentUrl\":\"https:\\\/\\\/ksproducts.ca\\\/wp-content\\\/uploads\\\/2023\\\/09\\\/Kennedy-Sales-Logo-header-1.png\",\"width\":150,\"height\":77,\"caption\":\"Ks Products\"},\"image\":{\"@id\":\"https:\\\/\\\/ksproducts.ca\\\/#\\\/schema\\\/logo\\\/image\\\/\"}}]}<\/script>\n<!-- \/ Yoast SEO plugin. -->","yoast_head_json":{"title":"Chaise Suspendue Grand Trunk Rovr - Bleu - Ks Products","robots":{"index":"index","follow":"follow","max-snippet":"max-snippet:-1","max-image-preview":"max-image-preview:large","max-video-preview":"max-video-preview:-1"},"canonical":"https:\/\/ksproducts.ca\/fr\/product\/chaise-suspension-grand-trunk-rovr-bleue\/","og_locale":"fr_CA","og_type":"article","og_title":"Grand Trunk Rovr Hanging Chair - Blue - Ks Products","og_description":"ROVR\u2122 is a hanging chair that\u2019s uniquely contoured to an upright sitting position. It\u2019s perfect for eating, reading, chatting with friends or basking in the glory of a scenic horizon. Simple, strong and relaxing, ROVR\u2122 is lightweight, packable and sets up in minutes, making it ideal for any hangout from the backyard to the backcountry. And with an integrated stuff sack and 10\u2019 suspension straps, it\u2019s ready to go where you go and hang where you want.","og_url":"https:\/\/ksproducts.ca\/fr\/product\/chaise-suspension-grand-trunk-rovr-bleue\/","og_site_name":"Ks Products","article_modified_time":"2026-04-08T14:30:59+00:00","og_image":[{"width":740,"height":740,"url":"https:\/\/ksproducts.ca\/wp-content\/uploads\/2026\/04\/Grand-Trunk-Rovr-Hanging-Chair-Blue.webp","type":"image\/webp"}],"twitter_card":"summary_large_image","twitter_misc":{"Estimation du temps de lecture":"1 minute"},"schema":{"@context":"https:\/\/schema.org","@graph":[{"@type":"WebPage","@id":"https:\/\/ksproducts.ca\/product\/grand-trunk-rovr-hanging-chair-blue\/","url":"https:\/\/ksproducts.ca\/product\/grand-trunk-rovr-hanging-chair-blue\/","name":"Chaise Suspendue Grand Trunk Rovr - Bleu - Ks Products","isPartOf":{"@id":"https:\/\/ksproducts.ca\/#website"},"primaryImageOfPage":{"@id":"https:\/\/ksproducts.ca\/product\/grand-trunk-rovr-hanging-chair-blue\/#primaryimage"},"image":{"@id":"https:\/\/ksproducts.ca\/product\/grand-trunk-rovr-hanging-chair-blue\/#primaryimage"},"thumbnailUrl":"https:\/\/ksproducts.ca\/wp-content\/uploads\/2026\/04\/Grand-Trunk-Rovr-Hanging-Chair-Blue.webp","datePublished":"2026-04-07T20:00:33+00:00","dateModified":"2026-04-08T14:30:59+00:00","breadcrumb":{"@id":"https:\/\/ksproducts.ca\/product\/grand-trunk-rovr-hanging-chair-blue\/#breadcrumb"},"inLanguage":"fr-CA","potentialAction":[{"@type":"ReadAction","target":["https:\/\/ksproducts.ca\/product\/grand-trunk-rovr-hanging-chair-blue\/"]}]},{"@type":"ImageObject","inLanguage":"fr-CA","@id":"https:\/\/ksproducts.ca\/product\/grand-trunk-rovr-hanging-chair-blue\/#primaryimage","url":"https:\/\/ksproducts.ca\/wp-content\/uploads\/2026\/04\/Grand-Trunk-Rovr-Hanging-Chair-Blue.webp","contentUrl":"https:\/\/ksproducts.ca\/wp-content\/uploads\/2026\/04\/Grand-Trunk-Rovr-Hanging-Chair-Blue.webp","width":740,"height":740,"caption":"Grand Trunk Rovr Hanging Chair Blue"},{"@type":"BreadcrumbList","@id":"https:\/\/ksproducts.ca\/product\/grand-trunk-rovr-hanging-chair-blue\/#breadcrumb","itemListElement":[{"@type":"ListItem","position":1,"name":"Home","item":"https:\/\/ksproducts.ca\/"},{"@type":"ListItem","position":2,"name":"Shop","item":"https:\/\/ksproducts.ca\/shop\/"},{"@type":"ListItem","position":3,"name":"Grand Trunk Rovr Hanging Chair &#8211; Blue"}]},{"@type":"WebSite","@id":"https:\/\/ksproducts.ca\/#website","url":"https:\/\/ksproducts.ca\/","name":"Produits Ks","description":"Cuisiner et vivre en plein air, c'est facile au Canada","publisher":{"@id":"https:\/\/ksproducts.ca\/#organization"},"potentialAction":[{"@type":"SearchAction","target":{"@type":"EntryPoint","urlTemplate":"https:\/\/ksproducts.ca\/?s={search_term_string}"},"query-input":{"@type":"PropertyValueSpecification","valueRequired":true,"valueName":"search_term_string"}}],"inLanguage":"fr-CA"},{"@type":"Organization","@id":"https:\/\/ksproducts.ca\/#organization","name":"Produits Ks","url":"https:\/\/ksproducts.ca\/","logo":{"@type":"ImageObject","inLanguage":"fr-CA","@id":"https:\/\/ksproducts.ca\/#\/schema\/logo\/image\/","url":"https:\/\/ksproducts.ca\/wp-content\/uploads\/2023\/09\/Kennedy-Sales-Logo-header-1.png","contentUrl":"https:\/\/ksproducts.ca\/wp-content\/uploads\/2023\/09\/Kennedy-Sales-Logo-header-1.png","width":150,"height":77,"caption":"Ks Products"},"image":{"@id":"https:\/\/ksproducts.ca\/#\/schema\/logo\/image\/"}}]}},"_links":{"self":[{"href":"https:\/\/ksproducts.ca\/fr\/wp-json\/wp\/v2\/product\/12934","targetHints":{"allow":["GET"]}}],"collection":[{"href":"https:\/\/ksproducts.ca\/fr\/wp-json\/wp\/v2\/product"}],"about":[{"href":"https:\/\/ksproducts.ca\/fr\/wp-json\/wp\/v2\/types\/product"}],"replies":[{"embeddable":true,"href":"https:\/\/ksproducts.ca\/fr\/wp-json\/wp\/v2\/comments?post=12934"}],"version-history":[{"count":1,"href":"https:\/\/ksproducts.ca\/fr\/wp-json\/wp\/v2\/product\/12934\/revisions"}],"predecessor-version":[{"id":12938,"href":"https:\/\/ksproducts.ca\/fr\/wp-json\/wp\/v2\/product\/12934\/revisions\/12938"}],"wp:featuredmedia":[{"embeddable":true,"href":"https:\/\/ksproducts.ca\/fr\/wp-json\/wp\/v2\/media\/12935"}],"wp:attachment":[{"href":"https:\/\/ksproducts.ca\/fr\/wp-json\/wp\/v2\/media?parent=12934"}],"wp:term":[{"taxonomy":"product_cat","embeddable":true,"href":"https:\/\/ksproducts.ca\/fr\/wp-json\/wp\/v2\/product_cat?post=12934"},{"taxonomy":"product_tag","embeddable":true,"href":"https:\/\/ksproducts.ca\/fr\/wp-json\/wp\/v2\/product_tag?post=12934"}],"curies":[{"name":"wp","href":"https:\/\/api.w.org\/{rel}","templated":true}]}}