{"id":12939,"date":"2026-04-07T20:06:20","date_gmt":"2026-04-07T20:06:20","guid":{"rendered":"https:\/\/ksproducts.ca\/?post_type=product&#038;p=12939"},"modified":"2026-04-07T20:06:20","modified_gmt":"2026-04-07T20:06:20","slug":"hamac-moustiquaire-grand-trunk-skeeter-beeter-pro","status":"publish","type":"product","link":"https:\/\/ksproducts.ca\/fr\/product\/grand-trunk-skeeter-beeter-pro-mosquito-net-hammock\/","title":{"rendered":"Hamac moustiquaire Grand Trunk Skeeter Beeter Pro"},"content":{"rendered":"<p><strong>Caract\u00e9ristiques<\/strong><\/p>\n<ul>\n<li>Coutures cousues triple-verrouill\u00e9es<\/li>\n<li>Fermeture \u00e9clair double face pour faciliter l'entr\u00e9e et la sortie<\/li>\n<li>Moustiquaire en nylon invisible<\/li>\n<li>Pr\u00eat \u00e0 accrocher<\/li>\n<li>Doux, respirant et \u00e0 s\u00e9chage rapide<\/li>\n<li>Retournez-la et utilisez-la comme un hamac simple ordinaire<\/li>\n<\/ul>\n<p><strong>\u00a0Sp\u00e9cifications techniques<\/strong><\/p>\n<ul>\n<li>Mati\u00e8re : nylon parachute 70D 210T<\/li>\n<li>Dimensions d\u00e9pli\u00e9es : 10\u20196\u201d x 5\u2019<\/li>\n<li>Capacit\u00e9 de couchage : 1 personne<\/li>\n<li>Capacit\u00e9 de poids : 400 lb \/ 181 kg<\/li>\n<li>Poids : 35 oz<\/li>\n<li>Kit de corde de d\u00e9marrage : 2 morceaux de 10 pieds de cordon pr\u00e9-nou\u00e9<\/li>\n<\/ul>\n<p><strong>Articles inclus<\/strong><\/p>\n<ul>\n<li>2 mousquetons de qualit\u00e9 marine<\/li>\n<li>corde de suspension<\/li>\n<li>Sac de rangement pour des voyages sans stress<\/li>\n<\/ul>","protected":false},"excerpt":{"rendered":"<p>Nous aimons braver les \u00e9l\u00e9ments, mais les moustiques, c'est une autre histoire. Ne laissez pas votre prochaine aventure en for\u00eat ou pr\u00e8s d'un lac \u00eatre g\u00e2ch\u00e9e par des insectes ind\u00e9sirables. Ce hamac anti-moustiques vous aidera \u00e0 passer une excellente nuit de sommeil en plein air.<\/p>","protected":false},"featured_media":12940,"comment_status":"open","ping_status":"closed","template":"","meta":[],"product_cat":[431],"product_tag":[],"class_list":{"0":"post-12939","1":"product","2":"type-product","3":"status-publish","4":"has-post-thumbnail","6":"product_cat-camping-rv-essentials","7":"product_shipping_class-class-1","9":"first","10":"instock","11":"taxable","12":"shipping-taxable","13":"purchasable","14":"product-type-simple"},"yoast_head":"<!-- This site is optimized with the Yoast SEO plugin v27.4 - https:\/\/yoast.com\/product\/yoast-seo-wordpress\/ -->\n<title>Grand Trunk Skeeter Beeter Pro Mosquito Net Hammock - Ks Products<\/title>\n<meta name=\"robots\" content=\"index, follow, max-snippet:-1, max-image-preview:large, max-video-preview:-1\" \/>\n<link rel=\"canonical\" href=\"https:\/\/ksproducts.ca\/fr\/product\/hamac-moustiquaire-grand-trunk-skeeter-beeter-pro\/\" \/>\n<meta property=\"og:locale\" content=\"fr_CA\" \/>\n<meta property=\"og:type\" content=\"article\" \/>\n<meta property=\"og:title\" content=\"Grand Trunk Skeeter Beeter Pro Mosquito Net Hammock - Ks Products\" \/>\n<meta property=\"og:description\" content=\"We love braving the elements, but mosquitos are another story. Don&#039;t let your next adventure in the woods or near a lake be ruined by unwanted pests. This mosquito-proof hammock will help you get a great night&#039;s sleep in the great outdoors.\" \/>\n<meta property=\"og:url\" content=\"https:\/\/ksproducts.ca\/fr\/product\/hamac-moustiquaire-grand-trunk-skeeter-beeter-pro\/\" \/>\n<meta property=\"og:site_name\" content=\"Ks Products\" \/>\n<meta property=\"og:image\" content=\"https:\/\/ksproducts.ca\/wp-content\/uploads\/2026\/04\/Grand-Trunk-Skeeter-Beeter-Pro-Mosquito-Net-Hammock.webp\" \/>\n\t<meta property=\"og:image:width\" content=\"800\" \/>\n\t<meta property=\"og:image:height\" content=\"800\" \/>\n\t<meta property=\"og:image:type\" content=\"image\/webp\" \/>\n<meta name=\"twitter:card\" content=\"summary_large_image\" \/>\n<meta name=\"twitter:label1\" content=\"Estimation du temps de lecture\" \/>\n\t<meta name=\"twitter:data1\" content=\"1 minute\" \/>\n<script type=\"application\/ld+json\" class=\"yoast-schema-graph\">{\"@context\":\"https:\\\/\\\/schema.org\",\"@graph\":[{\"@type\":\"WebPage\",\"@id\":\"https:\\\/\\\/ksproducts.ca\\\/product\\\/grand-trunk-skeeter-beeter-pro-mosquito-net-hammock\\\/\",\"url\":\"https:\\\/\\\/ksproducts.ca\\\/product\\\/grand-trunk-skeeter-beeter-pro-mosquito-net-hammock\\\/\",\"name\":\"Grand Trunk Skeeter Beeter Pro Mosquito Net Hammock - Ks Products\",\"isPartOf\":{\"@id\":\"https:\\\/\\\/ksproducts.ca\\\/#website\"},\"primaryImageOfPage\":{\"@id\":\"https:\\\/\\\/ksproducts.ca\\\/product\\\/grand-trunk-skeeter-beeter-pro-mosquito-net-hammock\\\/#primaryimage\"},\"image\":{\"@id\":\"https:\\\/\\\/ksproducts.ca\\\/product\\\/grand-trunk-skeeter-beeter-pro-mosquito-net-hammock\\\/#primaryimage\"},\"thumbnailUrl\":\"https:\\\/\\\/ksproducts.ca\\\/wp-content\\\/uploads\\\/2026\\\/04\\\/Grand-Trunk-Skeeter-Beeter-Pro-Mosquito-Net-Hammock.webp\",\"datePublished\":\"2026-04-07T20:06:20+00:00\",\"breadcrumb\":{\"@id\":\"https:\\\/\\\/ksproducts.ca\\\/product\\\/grand-trunk-skeeter-beeter-pro-mosquito-net-hammock\\\/#breadcrumb\"},\"inLanguage\":\"fr-CA\",\"potentialAction\":[{\"@type\":\"ReadAction\",\"target\":[\"https:\\\/\\\/ksproducts.ca\\\/product\\\/grand-trunk-skeeter-beeter-pro-mosquito-net-hammock\\\/\"]}]},{\"@type\":\"ImageObject\",\"inLanguage\":\"fr-CA\",\"@id\":\"https:\\\/\\\/ksproducts.ca\\\/product\\\/grand-trunk-skeeter-beeter-pro-mosquito-net-hammock\\\/#primaryimage\",\"url\":\"https:\\\/\\\/ksproducts.ca\\\/wp-content\\\/uploads\\\/2026\\\/04\\\/Grand-Trunk-Skeeter-Beeter-Pro-Mosquito-Net-Hammock.webp\",\"contentUrl\":\"https:\\\/\\\/ksproducts.ca\\\/wp-content\\\/uploads\\\/2026\\\/04\\\/Grand-Trunk-Skeeter-Beeter-Pro-Mosquito-Net-Hammock.webp\",\"width\":800,\"height\":800,\"caption\":\"Grand Trunk Skeeter Beeter Pro Mosquito Net Hammock\"},{\"@type\":\"BreadcrumbList\",\"@id\":\"https:\\\/\\\/ksproducts.ca\\\/product\\\/grand-trunk-skeeter-beeter-pro-mosquito-net-hammock\\\/#breadcrumb\",\"itemListElement\":[{\"@type\":\"ListItem\",\"position\":1,\"name\":\"Home\",\"item\":\"https:\\\/\\\/ksproducts.ca\\\/\"},{\"@type\":\"ListItem\",\"position\":2,\"name\":\"Shop\",\"item\":\"https:\\\/\\\/ksproducts.ca\\\/shop\\\/\"},{\"@type\":\"ListItem\",\"position\":3,\"name\":\"Grand Trunk Skeeter Beeter Pro Mosquito Net Hammock\"}]},{\"@type\":\"WebSite\",\"@id\":\"https:\\\/\\\/ksproducts.ca\\\/#website\",\"url\":\"https:\\\/\\\/ksproducts.ca\\\/\",\"name\":\"Ks Products\",\"description\":\"Outdoor cooking and living, made easy in Canada\",\"publisher\":{\"@id\":\"https:\\\/\\\/ksproducts.ca\\\/#organization\"},\"potentialAction\":[{\"@type\":\"SearchAction\",\"target\":{\"@type\":\"EntryPoint\",\"urlTemplate\":\"https:\\\/\\\/ksproducts.ca\\\/?s={search_term_string}\"},\"query-input\":{\"@type\":\"PropertyValueSpecification\",\"valueRequired\":true,\"valueName\":\"search_term_string\"}}],\"inLanguage\":\"fr-CA\"},{\"@type\":\"Organization\",\"@id\":\"https:\\\/\\\/ksproducts.ca\\\/#organization\",\"name\":\"Ks Products\",\"url\":\"https:\\\/\\\/ksproducts.ca\\\/\",\"logo\":{\"@type\":\"ImageObject\",\"inLanguage\":\"fr-CA\",\"@id\":\"https:\\\/\\\/ksproducts.ca\\\/#\\\/schema\\\/logo\\\/image\\\/\",\"url\":\"https:\\\/\\\/ksproducts.ca\\\/wp-content\\\/uploads\\\/2023\\\/09\\\/Kennedy-Sales-Logo-header-1.png\",\"contentUrl\":\"https:\\\/\\\/ksproducts.ca\\\/wp-content\\\/uploads\\\/2023\\\/09\\\/Kennedy-Sales-Logo-header-1.png\",\"width\":150,\"height\":77,\"caption\":\"Ks Products\"},\"image\":{\"@id\":\"https:\\\/\\\/ksproducts.ca\\\/#\\\/schema\\\/logo\\\/image\\\/\"}}]}<\/script>\n<!-- \/ Yoast SEO plugin. -->","yoast_head_json":{"title":"Grand Trunk Skeeter Beeter Pro Moustiquaire Hamac - Ks Products","robots":{"index":"index","follow":"follow","max-snippet":"max-snippet:-1","max-image-preview":"max-image-preview:large","max-video-preview":"max-video-preview:-1"},"canonical":"https:\/\/ksproducts.ca\/fr\/product\/hamac-moustiquaire-grand-trunk-skeeter-beeter-pro\/","og_locale":"fr_CA","og_type":"article","og_title":"Grand Trunk Skeeter Beeter Pro Mosquito Net Hammock - Ks Products","og_description":"We love braving the elements, but mosquitos are another story. Don't let your next adventure in the woods or near a lake be ruined by unwanted pests. This mosquito-proof hammock will help you get a great night's sleep in the great outdoors.","og_url":"https:\/\/ksproducts.ca\/fr\/product\/hamac-moustiquaire-grand-trunk-skeeter-beeter-pro\/","og_site_name":"Ks Products","og_image":[{"width":800,"height":800,"url":"https:\/\/ksproducts.ca\/wp-content\/uploads\/2026\/04\/Grand-Trunk-Skeeter-Beeter-Pro-Mosquito-Net-Hammock.webp","type":"image\/webp"}],"twitter_card":"summary_large_image","twitter_misc":{"Estimation du temps de lecture":"1 minute"},"schema":{"@context":"https:\/\/schema.org","@graph":[{"@type":"WebPage","@id":"https:\/\/ksproducts.ca\/product\/grand-trunk-skeeter-beeter-pro-mosquito-net-hammock\/","url":"https:\/\/ksproducts.ca\/product\/grand-trunk-skeeter-beeter-pro-mosquito-net-hammock\/","name":"Grand Trunk Skeeter Beeter Pro Moustiquaire Hamac - Ks Products","isPartOf":{"@id":"https:\/\/ksproducts.ca\/#website"},"primaryImageOfPage":{"@id":"https:\/\/ksproducts.ca\/product\/grand-trunk-skeeter-beeter-pro-mosquito-net-hammock\/#primaryimage"},"image":{"@id":"https:\/\/ksproducts.ca\/product\/grand-trunk-skeeter-beeter-pro-mosquito-net-hammock\/#primaryimage"},"thumbnailUrl":"https:\/\/ksproducts.ca\/wp-content\/uploads\/2026\/04\/Grand-Trunk-Skeeter-Beeter-Pro-Mosquito-Net-Hammock.webp","datePublished":"2026-04-07T20:06:20+00:00","breadcrumb":{"@id":"https:\/\/ksproducts.ca\/product\/grand-trunk-skeeter-beeter-pro-mosquito-net-hammock\/#breadcrumb"},"inLanguage":"fr-CA","potentialAction":[{"@type":"ReadAction","target":["https:\/\/ksproducts.ca\/product\/grand-trunk-skeeter-beeter-pro-mosquito-net-hammock\/"]}]},{"@type":"ImageObject","inLanguage":"fr-CA","@id":"https:\/\/ksproducts.ca\/product\/grand-trunk-skeeter-beeter-pro-mosquito-net-hammock\/#primaryimage","url":"https:\/\/ksproducts.ca\/wp-content\/uploads\/2026\/04\/Grand-Trunk-Skeeter-Beeter-Pro-Mosquito-Net-Hammock.webp","contentUrl":"https:\/\/ksproducts.ca\/wp-content\/uploads\/2026\/04\/Grand-Trunk-Skeeter-Beeter-Pro-Mosquito-Net-Hammock.webp","width":800,"height":800,"caption":"Grand Trunk Skeeter Beeter Pro Mosquito Net Hammock"},{"@type":"BreadcrumbList","@id":"https:\/\/ksproducts.ca\/product\/grand-trunk-skeeter-beeter-pro-mosquito-net-hammock\/#breadcrumb","itemListElement":[{"@type":"ListItem","position":1,"name":"Home","item":"https:\/\/ksproducts.ca\/"},{"@type":"ListItem","position":2,"name":"Shop","item":"https:\/\/ksproducts.ca\/shop\/"},{"@type":"ListItem","position":3,"name":"Grand Trunk Skeeter Beeter Pro Mosquito Net Hammock"}]},{"@type":"WebSite","@id":"https:\/\/ksproducts.ca\/#website","url":"https:\/\/ksproducts.ca\/","name":"Produits Ks","description":"Cuisiner et vivre en plein air, c'est facile au Canada","publisher":{"@id":"https:\/\/ksproducts.ca\/#organization"},"potentialAction":[{"@type":"SearchAction","target":{"@type":"EntryPoint","urlTemplate":"https:\/\/ksproducts.ca\/?s={search_term_string}"},"query-input":{"@type":"PropertyValueSpecification","valueRequired":true,"valueName":"search_term_string"}}],"inLanguage":"fr-CA"},{"@type":"Organization","@id":"https:\/\/ksproducts.ca\/#organization","name":"Produits Ks","url":"https:\/\/ksproducts.ca\/","logo":{"@type":"ImageObject","inLanguage":"fr-CA","@id":"https:\/\/ksproducts.ca\/#\/schema\/logo\/image\/","url":"https:\/\/ksproducts.ca\/wp-content\/uploads\/2023\/09\/Kennedy-Sales-Logo-header-1.png","contentUrl":"https:\/\/ksproducts.ca\/wp-content\/uploads\/2023\/09\/Kennedy-Sales-Logo-header-1.png","width":150,"height":77,"caption":"Ks Products"},"image":{"@id":"https:\/\/ksproducts.ca\/#\/schema\/logo\/image\/"}}]}},"_links":{"self":[{"href":"https:\/\/ksproducts.ca\/fr\/wp-json\/wp\/v2\/product\/12939","targetHints":{"allow":["GET"]}}],"collection":[{"href":"https:\/\/ksproducts.ca\/fr\/wp-json\/wp\/v2\/product"}],"about":[{"href":"https:\/\/ksproducts.ca\/fr\/wp-json\/wp\/v2\/types\/product"}],"replies":[{"embeddable":true,"href":"https:\/\/ksproducts.ca\/fr\/wp-json\/wp\/v2\/comments?post=12939"}],"version-history":[{"count":1,"href":"https:\/\/ksproducts.ca\/fr\/wp-json\/wp\/v2\/product\/12939\/revisions"}],"predecessor-version":[{"id":12943,"href":"https:\/\/ksproducts.ca\/fr\/wp-json\/wp\/v2\/product\/12939\/revisions\/12943"}],"wp:featuredmedia":[{"embeddable":true,"href":"https:\/\/ksproducts.ca\/fr\/wp-json\/wp\/v2\/media\/12940"}],"wp:attachment":[{"href":"https:\/\/ksproducts.ca\/fr\/wp-json\/wp\/v2\/media?parent=12939"}],"wp:term":[{"taxonomy":"product_cat","embeddable":true,"href":"https:\/\/ksproducts.ca\/fr\/wp-json\/wp\/v2\/product_cat?post=12939"},{"taxonomy":"product_tag","embeddable":true,"href":"https:\/\/ksproducts.ca\/fr\/wp-json\/wp\/v2\/product_tag?post=12939"}],"curies":[{"name":"wp","href":"https:\/\/api.w.org\/{rel}","templated":true}]}}