{"id":12944,"date":"2026-04-07T20:10:08","date_gmt":"2026-04-07T20:10:08","guid":{"rendered":"https:\/\/ksproducts.ca\/?post_type=product&#038;p=12944"},"modified":"2026-04-08T14:32:39","modified_gmt":"2026-04-08T14:32:39","slug":"hamac-skeletal-grand-trunk-xt-bleu-marine","status":"publish","type":"product","link":"https:\/\/ksproducts.ca\/fr\/product\/grand-trunk-skeeter-beeter-xt-hammock-navy\/","title":{"rendered":"Hamac Grand Trunk Skeeter Beeter XT \u2013 Bleu Marine"},"content":{"rendered":"<p><strong>Caract\u00e9ristiques<\/strong><\/p>\n<ul>\n<li>Le syst\u00e8me de blocage de cordon sans n\u0153uds le rend extr\u00eamement facile \u00e0 suspendre<\/li>\n<li>Fermeture \u00e9clair double face pour faciliter l'entr\u00e9e et la sortie<\/li>\n<li>Moustiquaire en nylon noir No-See-Um<\/li>\n<li>Doux, respirant et \u00e0 s\u00e9chage rapide<\/li>\n<li>Retournez-la et utilisez-la comme un hamac simple ordinaire<\/li>\n<li>Coutures triple-surjet\u00e9es pour une r\u00e9sistance accrue<\/li>\n<\/ul>\n<p><strong>\u00a0Sp\u00e9cifications techniques<\/strong><\/p>\n<ul>\n<li>Mati\u00e8re : nylon parachute<\/li>\n<li>Dimensions d\u00e9pli\u00e9es : 10\u20196\u201d x 5\u2019<\/li>\n<li>Capacit\u00e9 de couchage : 1 personne<\/li>\n<li>Capacit\u00e9 de poids : 400 lb \/ 181 kg<\/li>\n<li>Poids : 34 oz<\/li>\n<\/ul>\n<p><strong>Articles inclus<\/strong><\/p>\n<ul>\n<li>2 mousquetons de qualit\u00e9 marine<\/li>\n<li>2 barres d'\u00e9cartement en aluminium<\/li>\n<li>Accord suspendu<\/li>\n<li>Sac de rangement pour des voyages sans stress<\/li>\n<\/ul>","protected":false},"excerpt":{"rendered":"<p>Nous adorons braver les \u00e9l\u00e9ments, mais les moustiques, c'est une autre histoire. Ne laissez pas votre prochaine aventure en for\u00eat ou pr\u00e8s d'un lac \u00eatre g\u00e2ch\u00e9e par des nuisibles ind\u00e9sirables. Ce hamac anti-moustiques vous aidera \u00e0 passer une excellente nuit en plein air tout en \u00e9loignant les insectes. Notre hamac Skeeter Beeter Bug est un protecteur anti-moustiques appr\u00e9ci\u00e9 depuis plus de dix ans !<\/p>\n<p><strong>Le kit de suspension\/les sangles ne sont pas inclus.\u00a0<\/strong><\/p>","protected":false},"featured_media":12945,"comment_status":"open","ping_status":"closed","template":"","meta":[],"product_cat":[431],"product_tag":[],"class_list":{"0":"post-12944","1":"product","2":"type-product","3":"status-publish","4":"has-post-thumbnail","6":"product_cat-camping-rv-essentials","7":"product_shipping_class-class-1","9":"first","10":"instock","11":"taxable","12":"shipping-taxable","13":"purchasable","14":"product-type-simple"},"yoast_head":"<!-- This site is optimized with the Yoast SEO plugin v27.4 - https:\/\/yoast.com\/product\/yoast-seo-wordpress\/ -->\n<title>Grand Trunk Skeeter Beeter XT Hammock - Navy - Ks Products<\/title>\n<meta name=\"robots\" content=\"index, follow, max-snippet:-1, max-image-preview:large, max-video-preview:-1\" \/>\n<link rel=\"canonical\" href=\"https:\/\/ksproducts.ca\/fr\/product\/hamac-skeletal-grand-trunk-xt-bleu-marine\/\" \/>\n<meta property=\"og:locale\" content=\"fr_CA\" \/>\n<meta property=\"og:type\" content=\"article\" \/>\n<meta property=\"og:title\" content=\"Grand Trunk Skeeter Beeter XT Hammock - Navy - Ks Products\" \/>\n<meta property=\"og:description\" content=\"We love braving the elements, but mosquitos are another story. Don&#039;t let your next adventure in the woods or near a lake be ruined by unwanted pests. This mosquito-proof hammock will help you get a great night&#039;s sleep in the great outdoors while keeping the bugs out. Our Skeeter Beeter Bug Hammock has been a favorite mosquito protector\u00a0for over a decade!  Hanging kit\/straps are not included.\u00a0\" \/>\n<meta property=\"og:url\" content=\"https:\/\/ksproducts.ca\/fr\/product\/hamac-skeletal-grand-trunk-xt-bleu-marine\/\" \/>\n<meta property=\"og:site_name\" content=\"Ks Products\" \/>\n<meta property=\"article:modified_time\" content=\"2026-04-08T14:32:39+00:00\" \/>\n<meta property=\"og:image\" content=\"https:\/\/ksproducts.ca\/wp-content\/uploads\/2026\/04\/Grand-Trunk-Skeeter-Beeter-XT-Hammock-Navy.webp\" \/>\n\t<meta property=\"og:image:width\" content=\"740\" \/>\n\t<meta property=\"og:image:height\" content=\"740\" \/>\n\t<meta property=\"og:image:type\" content=\"image\/webp\" \/>\n<meta name=\"twitter:card\" content=\"summary_large_image\" \/>\n<meta name=\"twitter:label1\" content=\"Estimation du temps de lecture\" \/>\n\t<meta name=\"twitter:data1\" content=\"1 minute\" \/>\n<script type=\"application\/ld+json\" class=\"yoast-schema-graph\">{\"@context\":\"https:\\\/\\\/schema.org\",\"@graph\":[{\"@type\":\"WebPage\",\"@id\":\"https:\\\/\\\/ksproducts.ca\\\/product\\\/grand-trunk-skeeter-beeter-xt-hammock-navy\\\/\",\"url\":\"https:\\\/\\\/ksproducts.ca\\\/product\\\/grand-trunk-skeeter-beeter-xt-hammock-navy\\\/\",\"name\":\"Grand Trunk Skeeter Beeter XT Hammock - Navy - Ks Products\",\"isPartOf\":{\"@id\":\"https:\\\/\\\/ksproducts.ca\\\/#website\"},\"primaryImageOfPage\":{\"@id\":\"https:\\\/\\\/ksproducts.ca\\\/product\\\/grand-trunk-skeeter-beeter-xt-hammock-navy\\\/#primaryimage\"},\"image\":{\"@id\":\"https:\\\/\\\/ksproducts.ca\\\/product\\\/grand-trunk-skeeter-beeter-xt-hammock-navy\\\/#primaryimage\"},\"thumbnailUrl\":\"https:\\\/\\\/ksproducts.ca\\\/wp-content\\\/uploads\\\/2026\\\/04\\\/Grand-Trunk-Skeeter-Beeter-XT-Hammock-Navy.webp\",\"datePublished\":\"2026-04-07T20:10:08+00:00\",\"dateModified\":\"2026-04-08T14:32:39+00:00\",\"breadcrumb\":{\"@id\":\"https:\\\/\\\/ksproducts.ca\\\/product\\\/grand-trunk-skeeter-beeter-xt-hammock-navy\\\/#breadcrumb\"},\"inLanguage\":\"fr-CA\",\"potentialAction\":[{\"@type\":\"ReadAction\",\"target\":[\"https:\\\/\\\/ksproducts.ca\\\/product\\\/grand-trunk-skeeter-beeter-xt-hammock-navy\\\/\"]}]},{\"@type\":\"ImageObject\",\"inLanguage\":\"fr-CA\",\"@id\":\"https:\\\/\\\/ksproducts.ca\\\/product\\\/grand-trunk-skeeter-beeter-xt-hammock-navy\\\/#primaryimage\",\"url\":\"https:\\\/\\\/ksproducts.ca\\\/wp-content\\\/uploads\\\/2026\\\/04\\\/Grand-Trunk-Skeeter-Beeter-XT-Hammock-Navy.webp\",\"contentUrl\":\"https:\\\/\\\/ksproducts.ca\\\/wp-content\\\/uploads\\\/2026\\\/04\\\/Grand-Trunk-Skeeter-Beeter-XT-Hammock-Navy.webp\",\"width\":740,\"height\":740,\"caption\":\"Grand Trunk Skeeter Beeter XT Hammock Navy\"},{\"@type\":\"BreadcrumbList\",\"@id\":\"https:\\\/\\\/ksproducts.ca\\\/product\\\/grand-trunk-skeeter-beeter-xt-hammock-navy\\\/#breadcrumb\",\"itemListElement\":[{\"@type\":\"ListItem\",\"position\":1,\"name\":\"Home\",\"item\":\"https:\\\/\\\/ksproducts.ca\\\/\"},{\"@type\":\"ListItem\",\"position\":2,\"name\":\"Shop\",\"item\":\"https:\\\/\\\/ksproducts.ca\\\/shop\\\/\"},{\"@type\":\"ListItem\",\"position\":3,\"name\":\"Grand Trunk Skeeter Beeter XT Hammock &#8211; Navy\"}]},{\"@type\":\"WebSite\",\"@id\":\"https:\\\/\\\/ksproducts.ca\\\/#website\",\"url\":\"https:\\\/\\\/ksproducts.ca\\\/\",\"name\":\"Ks Products\",\"description\":\"Outdoor cooking and living, made easy in Canada\",\"publisher\":{\"@id\":\"https:\\\/\\\/ksproducts.ca\\\/#organization\"},\"potentialAction\":[{\"@type\":\"SearchAction\",\"target\":{\"@type\":\"EntryPoint\",\"urlTemplate\":\"https:\\\/\\\/ksproducts.ca\\\/?s={search_term_string}\"},\"query-input\":{\"@type\":\"PropertyValueSpecification\",\"valueRequired\":true,\"valueName\":\"search_term_string\"}}],\"inLanguage\":\"fr-CA\"},{\"@type\":\"Organization\",\"@id\":\"https:\\\/\\\/ksproducts.ca\\\/#organization\",\"name\":\"Ks Products\",\"url\":\"https:\\\/\\\/ksproducts.ca\\\/\",\"logo\":{\"@type\":\"ImageObject\",\"inLanguage\":\"fr-CA\",\"@id\":\"https:\\\/\\\/ksproducts.ca\\\/#\\\/schema\\\/logo\\\/image\\\/\",\"url\":\"https:\\\/\\\/ksproducts.ca\\\/wp-content\\\/uploads\\\/2023\\\/09\\\/Kennedy-Sales-Logo-header-1.png\",\"contentUrl\":\"https:\\\/\\\/ksproducts.ca\\\/wp-content\\\/uploads\\\/2023\\\/09\\\/Kennedy-Sales-Logo-header-1.png\",\"width\":150,\"height\":77,\"caption\":\"Ks Products\"},\"image\":{\"@id\":\"https:\\\/\\\/ksproducts.ca\\\/#\\\/schema\\\/logo\\\/image\\\/\"}}]}<\/script>\n<!-- \/ Yoast SEO plugin. -->","yoast_head_json":{"title":"Hamac Grand Trunk Skeeter Beeter XT - Bleu marine - Ks Products","robots":{"index":"index","follow":"follow","max-snippet":"max-snippet:-1","max-image-preview":"max-image-preview:large","max-video-preview":"max-video-preview:-1"},"canonical":"https:\/\/ksproducts.ca\/fr\/product\/hamac-skeletal-grand-trunk-xt-bleu-marine\/","og_locale":"fr_CA","og_type":"article","og_title":"Grand Trunk Skeeter Beeter XT Hammock - Navy - Ks Products","og_description":"We love braving the elements, but mosquitos are another story. Don't let your next adventure in the woods or near a lake be ruined by unwanted pests. This mosquito-proof hammock will help you get a great night's sleep in the great outdoors while keeping the bugs out. Our Skeeter Beeter Bug Hammock has been a favorite mosquito protector\u00a0for over a decade!  Hanging kit\/straps are not included.\u00a0","og_url":"https:\/\/ksproducts.ca\/fr\/product\/hamac-skeletal-grand-trunk-xt-bleu-marine\/","og_site_name":"Ks Products","article_modified_time":"2026-04-08T14:32:39+00:00","og_image":[{"width":740,"height":740,"url":"https:\/\/ksproducts.ca\/wp-content\/uploads\/2026\/04\/Grand-Trunk-Skeeter-Beeter-XT-Hammock-Navy.webp","type":"image\/webp"}],"twitter_card":"summary_large_image","twitter_misc":{"Estimation du temps de lecture":"1 minute"},"schema":{"@context":"https:\/\/schema.org","@graph":[{"@type":"WebPage","@id":"https:\/\/ksproducts.ca\/product\/grand-trunk-skeeter-beeter-xt-hammock-navy\/","url":"https:\/\/ksproducts.ca\/product\/grand-trunk-skeeter-beeter-xt-hammock-navy\/","name":"Hamac Grand Trunk Skeeter Beeter XT - Bleu marine - Ks Products","isPartOf":{"@id":"https:\/\/ksproducts.ca\/#website"},"primaryImageOfPage":{"@id":"https:\/\/ksproducts.ca\/product\/grand-trunk-skeeter-beeter-xt-hammock-navy\/#primaryimage"},"image":{"@id":"https:\/\/ksproducts.ca\/product\/grand-trunk-skeeter-beeter-xt-hammock-navy\/#primaryimage"},"thumbnailUrl":"https:\/\/ksproducts.ca\/wp-content\/uploads\/2026\/04\/Grand-Trunk-Skeeter-Beeter-XT-Hammock-Navy.webp","datePublished":"2026-04-07T20:10:08+00:00","dateModified":"2026-04-08T14:32:39+00:00","breadcrumb":{"@id":"https:\/\/ksproducts.ca\/product\/grand-trunk-skeeter-beeter-xt-hammock-navy\/#breadcrumb"},"inLanguage":"fr-CA","potentialAction":[{"@type":"ReadAction","target":["https:\/\/ksproducts.ca\/product\/grand-trunk-skeeter-beeter-xt-hammock-navy\/"]}]},{"@type":"ImageObject","inLanguage":"fr-CA","@id":"https:\/\/ksproducts.ca\/product\/grand-trunk-skeeter-beeter-xt-hammock-navy\/#primaryimage","url":"https:\/\/ksproducts.ca\/wp-content\/uploads\/2026\/04\/Grand-Trunk-Skeeter-Beeter-XT-Hammock-Navy.webp","contentUrl":"https:\/\/ksproducts.ca\/wp-content\/uploads\/2026\/04\/Grand-Trunk-Skeeter-Beeter-XT-Hammock-Navy.webp","width":740,"height":740,"caption":"Grand Trunk Skeeter Beeter XT Hammock Navy"},{"@type":"BreadcrumbList","@id":"https:\/\/ksproducts.ca\/product\/grand-trunk-skeeter-beeter-xt-hammock-navy\/#breadcrumb","itemListElement":[{"@type":"ListItem","position":1,"name":"Home","item":"https:\/\/ksproducts.ca\/"},{"@type":"ListItem","position":2,"name":"Shop","item":"https:\/\/ksproducts.ca\/shop\/"},{"@type":"ListItem","position":3,"name":"Grand Trunk Skeeter Beeter XT Hammock &#8211; Navy"}]},{"@type":"WebSite","@id":"https:\/\/ksproducts.ca\/#website","url":"https:\/\/ksproducts.ca\/","name":"Produits Ks","description":"Cuisiner et vivre en plein air, c'est facile au Canada","publisher":{"@id":"https:\/\/ksproducts.ca\/#organization"},"potentialAction":[{"@type":"SearchAction","target":{"@type":"EntryPoint","urlTemplate":"https:\/\/ksproducts.ca\/?s={search_term_string}"},"query-input":{"@type":"PropertyValueSpecification","valueRequired":true,"valueName":"search_term_string"}}],"inLanguage":"fr-CA"},{"@type":"Organization","@id":"https:\/\/ksproducts.ca\/#organization","name":"Produits Ks","url":"https:\/\/ksproducts.ca\/","logo":{"@type":"ImageObject","inLanguage":"fr-CA","@id":"https:\/\/ksproducts.ca\/#\/schema\/logo\/image\/","url":"https:\/\/ksproducts.ca\/wp-content\/uploads\/2023\/09\/Kennedy-Sales-Logo-header-1.png","contentUrl":"https:\/\/ksproducts.ca\/wp-content\/uploads\/2023\/09\/Kennedy-Sales-Logo-header-1.png","width":150,"height":77,"caption":"Ks Products"},"image":{"@id":"https:\/\/ksproducts.ca\/#\/schema\/logo\/image\/"}}]}},"_links":{"self":[{"href":"https:\/\/ksproducts.ca\/fr\/wp-json\/wp\/v2\/product\/12944","targetHints":{"allow":["GET"]}}],"collection":[{"href":"https:\/\/ksproducts.ca\/fr\/wp-json\/wp\/v2\/product"}],"about":[{"href":"https:\/\/ksproducts.ca\/fr\/wp-json\/wp\/v2\/types\/product"}],"replies":[{"embeddable":true,"href":"https:\/\/ksproducts.ca\/fr\/wp-json\/wp\/v2\/comments?post=12944"}],"version-history":[{"count":2,"href":"https:\/\/ksproducts.ca\/fr\/wp-json\/wp\/v2\/product\/12944\/revisions"}],"predecessor-version":[{"id":13014,"href":"https:\/\/ksproducts.ca\/fr\/wp-json\/wp\/v2\/product\/12944\/revisions\/13014"}],"wp:featuredmedia":[{"embeddable":true,"href":"https:\/\/ksproducts.ca\/fr\/wp-json\/wp\/v2\/media\/12945"}],"wp:attachment":[{"href":"https:\/\/ksproducts.ca\/fr\/wp-json\/wp\/v2\/media?parent=12944"}],"wp:term":[{"taxonomy":"product_cat","embeddable":true,"href":"https:\/\/ksproducts.ca\/fr\/wp-json\/wp\/v2\/product_cat?post=12944"},{"taxonomy":"product_tag","embeddable":true,"href":"https:\/\/ksproducts.ca\/fr\/wp-json\/wp\/v2\/product_tag?post=12944"}],"curies":[{"name":"wp","href":"https:\/\/api.w.org\/{rel}","templated":true}]}}