{"id":12968,"date":"2026-04-08T13:27:35","date_gmt":"2026-04-08T13:27:35","guid":{"rendered":"https:\/\/ksproducts.ca\/?post_type=product&#038;p=12968"},"modified":"2026-04-08T14:46:34","modified_gmt":"2026-04-08T14:46:34","slug":"sangles-de-hamac-grand-trunk-sangles-de-suspension-bleues","status":"publish","type":"product","link":"https:\/\/ksproducts.ca\/fr\/product\/grand-trunk-trunk-straps-hammock-suspension-straps-blue\/","title":{"rendered":"Sangles de suspension pour hamac Grand Trunk \u2013 Bleu"},"content":{"rendered":"<p>Ne laissez pas le temps frais vous clouer \u00e0 l'int\u00e9rieur alors que vous pouvez transformer votre hamac en un cocon chaud et douillet gr\u00e2ce \u00e0 notre quilt de hamac polyvalent, int\u00e9rieur et ext\u00e9rieur. Le ThermaQuilt 360\u00b0 de Grand Trunk enveloppe compl\u00e8tement n'importe quel hamac et se resserre aux extr\u00e9mit\u00e9s pour garder l'air chaud \u00e0 l'int\u00e9rieur et l'air froid \u00e0 l'ext\u00e9rieur. Ou posez-le \u00e0 plat pour l'utiliser comme une couverture technologique ou un sac de couchage traditionnel. Notre quilt fonctionne avec presque tous les hamacs de camping, d'ext\u00e9rieur ou de jardin. Enfilez de la chaleur et \u00e9tirez-vous sous les \u00e9toiles ; vous serez bien repos\u00e9 pour le voyage du jour ! Le Thermaquilt est un sac de couchage adapt\u00e9 \u00e0 la saison estivale pour les nuits d'\u00e9t\u00e9 fra\u00eeches.<\/p>","protected":false},"excerpt":{"rendered":"<p><strong>Caract\u00e9ristiques<\/strong><\/p>\n<ul>\n<li>Conception polyvalente pouvant \u00eatre utilis\u00e9e comme couette sous\/sur hamac, sac de couchage ou couverture<\/li>\n<li>Restez au chaud et au sec par des temp\u00e9ratures aussi basses que 4 degr\u00e9s<\/li>\n<li>Tunnel de cordon avec fermoir \u00e0 pince pour emp\u00eacher le vent d'entrer<\/li>\n<li>R\u00e9sistant \u00e0 l'eau<\/li>\n<\/ul>\n<p><strong>Sp\u00e9cifications techniques<\/strong><\/p>\n<ul>\n<li>Temp\u00e9rature \u00e9valu\u00e9e\u00a0: 50\u00a0\u00b0F<\/li>\n<li>Mati\u00e8re ext\u00e9rieure : Nylon ripstop 20D avec rev\u00eatement DWR<\/li>\n<li>Isolation : Garnissage synth\u00e9tique 140 GSM \u00e9valu\u00e9 jusqu'\u00e0 40 degr\u00e9s<\/li>\n<li>Capacit\u00e9 : 500 lb<\/li>\n<li>Poids : 29 oz \/ 822 g<\/li>\n<li>Dimensions d\u00e9pli\u00e9es (couverture) : 5\u20194\u201d x 6\u20198\u201d<\/li>\n<li>Dimensions du sac de couchage : 2\u20192\u2019 x 6'8\"<\/li>\n<li>Dimensions pli\u00e9 : 7,5\u201d x 15\u201d<\/li>\n<\/ul>","protected":false},"featured_media":12969,"comment_status":"open","ping_status":"closed","template":"","meta":[],"product_cat":[431],"product_tag":[],"class_list":{"0":"post-12968","1":"product","2":"type-product","3":"status-publish","4":"has-post-thumbnail","6":"product_cat-camping-rv-essentials","7":"product_shipping_class-class-1","9":"first","10":"instock","11":"taxable","12":"shipping-taxable","13":"purchasable","14":"product-type-simple"},"yoast_head":"<!-- This site is optimized with the Yoast SEO plugin v27.4 - https:\/\/yoast.com\/product\/yoast-seo-wordpress\/ -->\n<title>Grand Trunk Trunk Straps Hammock Suspension Straps - Blue - Ks Products<\/title>\n<meta name=\"robots\" content=\"index, follow, max-snippet:-1, max-image-preview:large, max-video-preview:-1\" \/>\n<link rel=\"canonical\" href=\"https:\/\/ksproducts.ca\/fr\/product\/sangles-de-hamac-grand-trunk-sangles-de-suspension-bleues\/\" \/>\n<meta property=\"og:locale\" content=\"fr_CA\" \/>\n<meta property=\"og:type\" content=\"article\" \/>\n<meta property=\"og:title\" content=\"Grand Trunk Trunk Straps Hammock Suspension Straps - Blue - Ks Products\" \/>\n<meta property=\"og:description\" content=\"Features   Versatile design can be used as hammock underquilt\/overquilt, sleeping bag or blanket  Stay warm &amp; dry in temperatures as low as 40 degrees  Cord tunnel with cinch lock to keep the breeze out  Water Resistant  Tech Specs   Temperature Rating: 50\u00b0 F  Outer Material: 20 Ripstop Nylon with DWR coating  Insulation: Synthetic 140 GSM fill rated down to 40 degrees  Capacity:\u00a0500 lbs  Weight: 29 oz \/ 822 g  Unfolded Dimensions (blanket):\u00a05\u20194\u201d x 6\u20198\u201d  Sleeping Bag Dimensions: 2&#039;2&quot; x 6&#039;8&quot;  Packed Size: 7.5\u201d x 15\u201d\" \/>\n<meta property=\"og:url\" content=\"https:\/\/ksproducts.ca\/fr\/product\/sangles-de-hamac-grand-trunk-sangles-de-suspension-bleues\/\" \/>\n<meta property=\"og:site_name\" content=\"Ks Products\" \/>\n<meta property=\"article:modified_time\" content=\"2026-04-08T14:46:34+00:00\" \/>\n<meta property=\"og:image\" content=\"https:\/\/ksproducts.ca\/wp-content\/uploads\/2026\/04\/TRNKSTP-Blue-01.jpeg\" \/>\n\t<meta property=\"og:image:width\" content=\"800\" \/>\n\t<meta property=\"og:image:height\" content=\"800\" \/>\n\t<meta property=\"og:image:type\" content=\"image\/jpeg\" \/>\n<meta name=\"twitter:card\" content=\"summary_large_image\" \/>\n<meta name=\"twitter:label1\" content=\"Estimation du temps de lecture\" \/>\n\t<meta name=\"twitter:data1\" content=\"1 minute\" \/>\n<script type=\"application\/ld+json\" class=\"yoast-schema-graph\">{\"@context\":\"https:\\\/\\\/schema.org\",\"@graph\":[{\"@type\":\"WebPage\",\"@id\":\"https:\\\/\\\/ksproducts.ca\\\/product\\\/grand-trunk-trunk-straps-hammock-suspension-straps-blue\\\/\",\"url\":\"https:\\\/\\\/ksproducts.ca\\\/product\\\/grand-trunk-trunk-straps-hammock-suspension-straps-blue\\\/\",\"name\":\"Grand Trunk Trunk Straps Hammock Suspension Straps - Blue - Ks Products\",\"isPartOf\":{\"@id\":\"https:\\\/\\\/ksproducts.ca\\\/#website\"},\"primaryImageOfPage\":{\"@id\":\"https:\\\/\\\/ksproducts.ca\\\/product\\\/grand-trunk-trunk-straps-hammock-suspension-straps-blue\\\/#primaryimage\"},\"image\":{\"@id\":\"https:\\\/\\\/ksproducts.ca\\\/product\\\/grand-trunk-trunk-straps-hammock-suspension-straps-blue\\\/#primaryimage\"},\"thumbnailUrl\":\"https:\\\/\\\/ksproducts.ca\\\/wp-content\\\/uploads\\\/2026\\\/04\\\/TRNKSTP-Blue-01.jpeg\",\"datePublished\":\"2026-04-08T13:27:35+00:00\",\"dateModified\":\"2026-04-08T14:46:34+00:00\",\"breadcrumb\":{\"@id\":\"https:\\\/\\\/ksproducts.ca\\\/product\\\/grand-trunk-trunk-straps-hammock-suspension-straps-blue\\\/#breadcrumb\"},\"inLanguage\":\"fr-CA\",\"potentialAction\":[{\"@type\":\"ReadAction\",\"target\":[\"https:\\\/\\\/ksproducts.ca\\\/product\\\/grand-trunk-trunk-straps-hammock-suspension-straps-blue\\\/\"]}]},{\"@type\":\"ImageObject\",\"inLanguage\":\"fr-CA\",\"@id\":\"https:\\\/\\\/ksproducts.ca\\\/product\\\/grand-trunk-trunk-straps-hammock-suspension-straps-blue\\\/#primaryimage\",\"url\":\"https:\\\/\\\/ksproducts.ca\\\/wp-content\\\/uploads\\\/2026\\\/04\\\/TRNKSTP-Blue-01.jpeg\",\"contentUrl\":\"https:\\\/\\\/ksproducts.ca\\\/wp-content\\\/uploads\\\/2026\\\/04\\\/TRNKSTP-Blue-01.jpeg\",\"width\":800,\"height\":800,\"caption\":\"Grand Trunk Trunk Straps Hammock Suspension Straps - Blue\"},{\"@type\":\"BreadcrumbList\",\"@id\":\"https:\\\/\\\/ksproducts.ca\\\/product\\\/grand-trunk-trunk-straps-hammock-suspension-straps-blue\\\/#breadcrumb\",\"itemListElement\":[{\"@type\":\"ListItem\",\"position\":1,\"name\":\"Home\",\"item\":\"https:\\\/\\\/ksproducts.ca\\\/\"},{\"@type\":\"ListItem\",\"position\":2,\"name\":\"Shop\",\"item\":\"https:\\\/\\\/ksproducts.ca\\\/shop\\\/\"},{\"@type\":\"ListItem\",\"position\":3,\"name\":\"Grand Trunk Trunk Straps Hammock Suspension Straps &#8211; Blue\"}]},{\"@type\":\"WebSite\",\"@id\":\"https:\\\/\\\/ksproducts.ca\\\/#website\",\"url\":\"https:\\\/\\\/ksproducts.ca\\\/\",\"name\":\"Ks Products\",\"description\":\"Outdoor cooking and living, made easy in Canada\",\"publisher\":{\"@id\":\"https:\\\/\\\/ksproducts.ca\\\/#organization\"},\"potentialAction\":[{\"@type\":\"SearchAction\",\"target\":{\"@type\":\"EntryPoint\",\"urlTemplate\":\"https:\\\/\\\/ksproducts.ca\\\/?s={search_term_string}\"},\"query-input\":{\"@type\":\"PropertyValueSpecification\",\"valueRequired\":true,\"valueName\":\"search_term_string\"}}],\"inLanguage\":\"fr-CA\"},{\"@type\":\"Organization\",\"@id\":\"https:\\\/\\\/ksproducts.ca\\\/#organization\",\"name\":\"Ks Products\",\"url\":\"https:\\\/\\\/ksproducts.ca\\\/\",\"logo\":{\"@type\":\"ImageObject\",\"inLanguage\":\"fr-CA\",\"@id\":\"https:\\\/\\\/ksproducts.ca\\\/#\\\/schema\\\/logo\\\/image\\\/\",\"url\":\"https:\\\/\\\/ksproducts.ca\\\/wp-content\\\/uploads\\\/2023\\\/09\\\/Kennedy-Sales-Logo-header-1.png\",\"contentUrl\":\"https:\\\/\\\/ksproducts.ca\\\/wp-content\\\/uploads\\\/2023\\\/09\\\/Kennedy-Sales-Logo-header-1.png\",\"width\":150,\"height\":77,\"caption\":\"Ks Products\"},\"image\":{\"@id\":\"https:\\\/\\\/ksproducts.ca\\\/#\\\/schema\\\/logo\\\/image\\\/\"}}]}<\/script>\n<!-- \/ Yoast SEO plugin. -->","yoast_head_json":{"title":"Bretelles de suspension pour hamac Grand Trunk - Bleu - Produits Ks","robots":{"index":"index","follow":"follow","max-snippet":"max-snippet:-1","max-image-preview":"max-image-preview:large","max-video-preview":"max-video-preview:-1"},"canonical":"https:\/\/ksproducts.ca\/fr\/product\/sangles-de-hamac-grand-trunk-sangles-de-suspension-bleues\/","og_locale":"fr_CA","og_type":"article","og_title":"Grand Trunk Trunk Straps Hammock Suspension Straps - Blue - Ks Products","og_description":"Features   Versatile design can be used as hammock underquilt\/overquilt, sleeping bag or blanket  Stay warm &amp; dry in temperatures as low as 40 degrees  Cord tunnel with cinch lock to keep the breeze out  Water Resistant  Tech Specs   Temperature Rating: 50\u00b0 F  Outer Material: 20 Ripstop Nylon with DWR coating  Insulation: Synthetic 140 GSM fill rated down to 40 degrees  Capacity:\u00a0500 lbs  Weight: 29 oz \/ 822 g  Unfolded Dimensions (blanket):\u00a05\u20194\u201d x 6\u20198\u201d  Sleeping Bag Dimensions: 2'2\" x 6'8\"  Packed Size: 7.5\u201d x 15\u201d","og_url":"https:\/\/ksproducts.ca\/fr\/product\/sangles-de-hamac-grand-trunk-sangles-de-suspension-bleues\/","og_site_name":"Ks Products","article_modified_time":"2026-04-08T14:46:34+00:00","og_image":[{"width":800,"height":800,"url":"https:\/\/ksproducts.ca\/wp-content\/uploads\/2026\/04\/TRNKSTP-Blue-01.jpeg","type":"image\/jpeg"}],"twitter_card":"summary_large_image","twitter_misc":{"Estimation du temps de lecture":"1 minute"},"schema":{"@context":"https:\/\/schema.org","@graph":[{"@type":"WebPage","@id":"https:\/\/ksproducts.ca\/product\/grand-trunk-trunk-straps-hammock-suspension-straps-blue\/","url":"https:\/\/ksproducts.ca\/product\/grand-trunk-trunk-straps-hammock-suspension-straps-blue\/","name":"Bretelles de suspension pour hamac Grand Trunk - Bleu - Produits Ks","isPartOf":{"@id":"https:\/\/ksproducts.ca\/#website"},"primaryImageOfPage":{"@id":"https:\/\/ksproducts.ca\/product\/grand-trunk-trunk-straps-hammock-suspension-straps-blue\/#primaryimage"},"image":{"@id":"https:\/\/ksproducts.ca\/product\/grand-trunk-trunk-straps-hammock-suspension-straps-blue\/#primaryimage"},"thumbnailUrl":"https:\/\/ksproducts.ca\/wp-content\/uploads\/2026\/04\/TRNKSTP-Blue-01.jpeg","datePublished":"2026-04-08T13:27:35+00:00","dateModified":"2026-04-08T14:46:34+00:00","breadcrumb":{"@id":"https:\/\/ksproducts.ca\/product\/grand-trunk-trunk-straps-hammock-suspension-straps-blue\/#breadcrumb"},"inLanguage":"fr-CA","potentialAction":[{"@type":"ReadAction","target":["https:\/\/ksproducts.ca\/product\/grand-trunk-trunk-straps-hammock-suspension-straps-blue\/"]}]},{"@type":"ImageObject","inLanguage":"fr-CA","@id":"https:\/\/ksproducts.ca\/product\/grand-trunk-trunk-straps-hammock-suspension-straps-blue\/#primaryimage","url":"https:\/\/ksproducts.ca\/wp-content\/uploads\/2026\/04\/TRNKSTP-Blue-01.jpeg","contentUrl":"https:\/\/ksproducts.ca\/wp-content\/uploads\/2026\/04\/TRNKSTP-Blue-01.jpeg","width":800,"height":800,"caption":"Grand Trunk Trunk Straps Hammock Suspension Straps - Blue"},{"@type":"BreadcrumbList","@id":"https:\/\/ksproducts.ca\/product\/grand-trunk-trunk-straps-hammock-suspension-straps-blue\/#breadcrumb","itemListElement":[{"@type":"ListItem","position":1,"name":"Home","item":"https:\/\/ksproducts.ca\/"},{"@type":"ListItem","position":2,"name":"Shop","item":"https:\/\/ksproducts.ca\/shop\/"},{"@type":"ListItem","position":3,"name":"Grand Trunk Trunk Straps Hammock Suspension Straps &#8211; Blue"}]},{"@type":"WebSite","@id":"https:\/\/ksproducts.ca\/#website","url":"https:\/\/ksproducts.ca\/","name":"Produits Ks","description":"Cuisiner et vivre en plein air, c'est facile au Canada","publisher":{"@id":"https:\/\/ksproducts.ca\/#organization"},"potentialAction":[{"@type":"SearchAction","target":{"@type":"EntryPoint","urlTemplate":"https:\/\/ksproducts.ca\/?s={search_term_string}"},"query-input":{"@type":"PropertyValueSpecification","valueRequired":true,"valueName":"search_term_string"}}],"inLanguage":"fr-CA"},{"@type":"Organization","@id":"https:\/\/ksproducts.ca\/#organization","name":"Produits Ks","url":"https:\/\/ksproducts.ca\/","logo":{"@type":"ImageObject","inLanguage":"fr-CA","@id":"https:\/\/ksproducts.ca\/#\/schema\/logo\/image\/","url":"https:\/\/ksproducts.ca\/wp-content\/uploads\/2023\/09\/Kennedy-Sales-Logo-header-1.png","contentUrl":"https:\/\/ksproducts.ca\/wp-content\/uploads\/2023\/09\/Kennedy-Sales-Logo-header-1.png","width":150,"height":77,"caption":"Ks Products"},"image":{"@id":"https:\/\/ksproducts.ca\/#\/schema\/logo\/image\/"}}]}},"_links":{"self":[{"href":"https:\/\/ksproducts.ca\/fr\/wp-json\/wp\/v2\/product\/12968","targetHints":{"allow":["GET"]}}],"collection":[{"href":"https:\/\/ksproducts.ca\/fr\/wp-json\/wp\/v2\/product"}],"about":[{"href":"https:\/\/ksproducts.ca\/fr\/wp-json\/wp\/v2\/types\/product"}],"replies":[{"embeddable":true,"href":"https:\/\/ksproducts.ca\/fr\/wp-json\/wp\/v2\/comments?post=12968"}],"version-history":[{"count":1,"href":"https:\/\/ksproducts.ca\/fr\/wp-json\/wp\/v2\/product\/12968\/revisions"}],"predecessor-version":[{"id":12976,"href":"https:\/\/ksproducts.ca\/fr\/wp-json\/wp\/v2\/product\/12968\/revisions\/12976"}],"wp:featuredmedia":[{"embeddable":true,"href":"https:\/\/ksproducts.ca\/fr\/wp-json\/wp\/v2\/media\/12969"}],"wp:attachment":[{"href":"https:\/\/ksproducts.ca\/fr\/wp-json\/wp\/v2\/media?parent=12968"}],"wp:term":[{"taxonomy":"product_cat","embeddable":true,"href":"https:\/\/ksproducts.ca\/fr\/wp-json\/wp\/v2\/product_cat?post=12968"},{"taxonomy":"product_tag","embeddable":true,"href":"https:\/\/ksproducts.ca\/fr\/wp-json\/wp\/v2\/product_tag?post=12968"}],"curies":[{"name":"wp","href":"https:\/\/api.w.org\/{rel}","templated":true}]}}