{"id":12977,"date":"2026-04-08T13:34:48","date_gmt":"2026-04-08T13:34:48","guid":{"rendered":"https:\/\/ksproducts.ca\/?post_type=product&#038;p=12977"},"modified":"2026-04-08T14:46:54","modified_gmt":"2026-04-08T14:46:54","slug":"sangles-de-hamac-grand-trunk-sangles-de-suspension-en-foret","status":"publish","type":"product","link":"https:\/\/ksproducts.ca\/fr\/product\/grand-trunk-trunk-straps-hammock-suspension-straps-forest\/","title":{"rendered":"Sangles de hamac Grand Trunk \u2013 For\u00eat"},"content":{"rendered":"<p><strong>Caract\u00e9ristiques<\/strong><\/p>\n<ul>\n<li>l\u00e9ger<\/li>\n<li>Ultra-Doux<\/li>\n<li>Installation facile : sangle r\u00e9glable se fixe facilement aux sangles ou au mousqueton<\/li>\n<li>Sac de rangement\/transport int\u00e9gr\u00e9<\/li>\n<li>Peut \u00eatre utilis\u00e9 avec la plupart des hamacs<\/li>\n<\/ul>\n<p><strong>Caract\u00e9ristiques<\/strong><\/p>\n<ul>\n<li>Mati\u00e8re : Nylon Diamond RS 290T WR 40D (TrunkTech\u2122), Tricot bross\u00e9, Polyester 150D extensible dans 2 directions, Isolation synth\u00e9tique<\/li>\n<li>Dimensions : 12,0\u201d x 8,0\u201d x 2,0\u201d<\/li>\n<li>Dimensions du sac de rangement : 20,3 cm x 10,2 cm x 10,2 cm,<\/li>\n<li>Poids : 0,6 lb<\/li>\n<\/ul>","protected":false},"excerpt":{"rendered":"<p>\u00c9levez le confort de votre hamac \u00e0 un tout nouveau niveau avec le coussin Siesta. Se balancer dans un hamac est fantastique, mais parfois vous avez besoin de ce soutien suppl\u00e9mentaire pour la t\u00eate. Le Siesta est livr\u00e9 avec des sangles r\u00e9glables qui se fixent \u00e0 votre mousqueton ou \u00e0 vos sangles de hamac pour un ajustement parfait \u2014 aucun autre coussin n'offre cela !<\/p>\n<p>La Siesta est \u00e9galement id\u00e9ale pour une utilisation en voiture ou en avion, vraiment partout o\u00f9 vous avez besoin d'un oreiller compact et facile \u00e0 transporter !<\/p>","protected":false},"featured_media":12978,"comment_status":"open","ping_status":"closed","template":"","meta":[],"product_cat":[431],"product_tag":[],"class_list":{"0":"post-12977","1":"product","2":"type-product","3":"status-publish","4":"has-post-thumbnail","6":"product_cat-camping-rv-essentials","7":"product_shipping_class-class-1","9":"first","10":"instock","11":"taxable","12":"shipping-taxable","13":"purchasable","14":"product-type-simple"},"yoast_head":"<!-- This site is optimized with the Yoast SEO plugin v27.4 - https:\/\/yoast.com\/product\/yoast-seo-wordpress\/ -->\n<title>Grand Trunk Trunk Straps Hammock Suspension Straps - Forest - Ks Products<\/title>\n<meta name=\"robots\" content=\"index, follow, max-snippet:-1, max-image-preview:large, max-video-preview:-1\" \/>\n<link rel=\"canonical\" href=\"https:\/\/ksproducts.ca\/fr\/product\/sangles-de-hamac-grand-trunk-sangles-de-suspension-en-foret\/\" \/>\n<meta property=\"og:locale\" content=\"fr_CA\" \/>\n<meta property=\"og:type\" content=\"article\" \/>\n<meta property=\"og:title\" content=\"Grand Trunk Trunk Straps Hammock Suspension Straps - Forest - Ks Products\" \/>\n<meta property=\"og:description\" content=\"Take hammock comfort to a whole new level with the Siesta Hammock Pillow. Hanging in a hammock is amazing, but sometimes you need that extra head support. The Siesta comes complete with adjustable straps that attach to your hammock carabiner or straps for the perfect adjustment\u2014no other pillow offers this!  The Siesta is also great for use in the car or on a plane, really anywhere you need a packable travel-friendly pillow!\" \/>\n<meta property=\"og:url\" content=\"https:\/\/ksproducts.ca\/fr\/product\/sangles-de-hamac-grand-trunk-sangles-de-suspension-en-foret\/\" \/>\n<meta property=\"og:site_name\" content=\"Ks Products\" \/>\n<meta property=\"article:modified_time\" content=\"2026-04-08T14:46:54+00:00\" \/>\n<meta property=\"og:image\" content=\"https:\/\/ksproducts.ca\/wp-content\/uploads\/2026\/04\/TRNKSTP-Forest-01.jpeg\" \/>\n\t<meta property=\"og:image:width\" content=\"800\" \/>\n\t<meta property=\"og:image:height\" content=\"800\" \/>\n\t<meta property=\"og:image:type\" content=\"image\/jpeg\" \/>\n<meta name=\"twitter:card\" content=\"summary_large_image\" \/>\n<meta name=\"twitter:label1\" content=\"Estimation du temps de lecture\" \/>\n\t<meta name=\"twitter:data1\" content=\"1 minute\" \/>\n<script type=\"application\/ld+json\" class=\"yoast-schema-graph\">{\"@context\":\"https:\\\/\\\/schema.org\",\"@graph\":[{\"@type\":\"WebPage\",\"@id\":\"https:\\\/\\\/ksproducts.ca\\\/product\\\/grand-trunk-trunk-straps-hammock-suspension-straps-forest\\\/\",\"url\":\"https:\\\/\\\/ksproducts.ca\\\/product\\\/grand-trunk-trunk-straps-hammock-suspension-straps-forest\\\/\",\"name\":\"Grand Trunk Trunk Straps Hammock Suspension Straps - Forest - Ks Products\",\"isPartOf\":{\"@id\":\"https:\\\/\\\/ksproducts.ca\\\/#website\"},\"primaryImageOfPage\":{\"@id\":\"https:\\\/\\\/ksproducts.ca\\\/product\\\/grand-trunk-trunk-straps-hammock-suspension-straps-forest\\\/#primaryimage\"},\"image\":{\"@id\":\"https:\\\/\\\/ksproducts.ca\\\/product\\\/grand-trunk-trunk-straps-hammock-suspension-straps-forest\\\/#primaryimage\"},\"thumbnailUrl\":\"https:\\\/\\\/ksproducts.ca\\\/wp-content\\\/uploads\\\/2026\\\/04\\\/TRNKSTP-Forest-01.jpeg\",\"datePublished\":\"2026-04-08T13:34:48+00:00\",\"dateModified\":\"2026-04-08T14:46:54+00:00\",\"breadcrumb\":{\"@id\":\"https:\\\/\\\/ksproducts.ca\\\/product\\\/grand-trunk-trunk-straps-hammock-suspension-straps-forest\\\/#breadcrumb\"},\"inLanguage\":\"fr-CA\",\"potentialAction\":[{\"@type\":\"ReadAction\",\"target\":[\"https:\\\/\\\/ksproducts.ca\\\/product\\\/grand-trunk-trunk-straps-hammock-suspension-straps-forest\\\/\"]}]},{\"@type\":\"ImageObject\",\"inLanguage\":\"fr-CA\",\"@id\":\"https:\\\/\\\/ksproducts.ca\\\/product\\\/grand-trunk-trunk-straps-hammock-suspension-straps-forest\\\/#primaryimage\",\"url\":\"https:\\\/\\\/ksproducts.ca\\\/wp-content\\\/uploads\\\/2026\\\/04\\\/TRNKSTP-Forest-01.jpeg\",\"contentUrl\":\"https:\\\/\\\/ksproducts.ca\\\/wp-content\\\/uploads\\\/2026\\\/04\\\/TRNKSTP-Forest-01.jpeg\",\"width\":800,\"height\":800,\"caption\":\"Grand Trunk Trunk Straps Hammock Suspension Straps - Forest\"},{\"@type\":\"BreadcrumbList\",\"@id\":\"https:\\\/\\\/ksproducts.ca\\\/product\\\/grand-trunk-trunk-straps-hammock-suspension-straps-forest\\\/#breadcrumb\",\"itemListElement\":[{\"@type\":\"ListItem\",\"position\":1,\"name\":\"Home\",\"item\":\"https:\\\/\\\/ksproducts.ca\\\/\"},{\"@type\":\"ListItem\",\"position\":2,\"name\":\"Shop\",\"item\":\"https:\\\/\\\/ksproducts.ca\\\/shop\\\/\"},{\"@type\":\"ListItem\",\"position\":3,\"name\":\"Grand Trunk Trunk Straps Hammock Suspension Straps &#8211; Forest\"}]},{\"@type\":\"WebSite\",\"@id\":\"https:\\\/\\\/ksproducts.ca\\\/#website\",\"url\":\"https:\\\/\\\/ksproducts.ca\\\/\",\"name\":\"Ks Products\",\"description\":\"Outdoor cooking and living, made easy in Canada\",\"publisher\":{\"@id\":\"https:\\\/\\\/ksproducts.ca\\\/#organization\"},\"potentialAction\":[{\"@type\":\"SearchAction\",\"target\":{\"@type\":\"EntryPoint\",\"urlTemplate\":\"https:\\\/\\\/ksproducts.ca\\\/?s={search_term_string}\"},\"query-input\":{\"@type\":\"PropertyValueSpecification\",\"valueRequired\":true,\"valueName\":\"search_term_string\"}}],\"inLanguage\":\"fr-CA\"},{\"@type\":\"Organization\",\"@id\":\"https:\\\/\\\/ksproducts.ca\\\/#organization\",\"name\":\"Ks Products\",\"url\":\"https:\\\/\\\/ksproducts.ca\\\/\",\"logo\":{\"@type\":\"ImageObject\",\"inLanguage\":\"fr-CA\",\"@id\":\"https:\\\/\\\/ksproducts.ca\\\/#\\\/schema\\\/logo\\\/image\\\/\",\"url\":\"https:\\\/\\\/ksproducts.ca\\\/wp-content\\\/uploads\\\/2023\\\/09\\\/Kennedy-Sales-Logo-header-1.png\",\"contentUrl\":\"https:\\\/\\\/ksproducts.ca\\\/wp-content\\\/uploads\\\/2023\\\/09\\\/Kennedy-Sales-Logo-header-1.png\",\"width\":150,\"height\":77,\"caption\":\"Ks Products\"},\"image\":{\"@id\":\"https:\\\/\\\/ksproducts.ca\\\/#\\\/schema\\\/logo\\\/image\\\/\"}}]}<\/script>\n<!-- \/ Yoast SEO plugin. -->","yoast_head_json":{"title":"Sangles de suspension pour hamac Grand Trunk - Forest - Ks Products","robots":{"index":"index","follow":"follow","max-snippet":"max-snippet:-1","max-image-preview":"max-image-preview:large","max-video-preview":"max-video-preview:-1"},"canonical":"https:\/\/ksproducts.ca\/fr\/product\/sangles-de-hamac-grand-trunk-sangles-de-suspension-en-foret\/","og_locale":"fr_CA","og_type":"article","og_title":"Grand Trunk Trunk Straps Hammock Suspension Straps - Forest - Ks Products","og_description":"Take hammock comfort to a whole new level with the Siesta Hammock Pillow. Hanging in a hammock is amazing, but sometimes you need that extra head support. The Siesta comes complete with adjustable straps that attach to your hammock carabiner or straps for the perfect adjustment\u2014no other pillow offers this!  The Siesta is also great for use in the car or on a plane, really anywhere you need a packable travel-friendly pillow!","og_url":"https:\/\/ksproducts.ca\/fr\/product\/sangles-de-hamac-grand-trunk-sangles-de-suspension-en-foret\/","og_site_name":"Ks Products","article_modified_time":"2026-04-08T14:46:54+00:00","og_image":[{"width":800,"height":800,"url":"https:\/\/ksproducts.ca\/wp-content\/uploads\/2026\/04\/TRNKSTP-Forest-01.jpeg","type":"image\/jpeg"}],"twitter_card":"summary_large_image","twitter_misc":{"Estimation du temps de lecture":"1 minute"},"schema":{"@context":"https:\/\/schema.org","@graph":[{"@type":"WebPage","@id":"https:\/\/ksproducts.ca\/product\/grand-trunk-trunk-straps-hammock-suspension-straps-forest\/","url":"https:\/\/ksproducts.ca\/product\/grand-trunk-trunk-straps-hammock-suspension-straps-forest\/","name":"Sangles de suspension pour hamac Grand Trunk - Forest - Ks Products","isPartOf":{"@id":"https:\/\/ksproducts.ca\/#website"},"primaryImageOfPage":{"@id":"https:\/\/ksproducts.ca\/product\/grand-trunk-trunk-straps-hammock-suspension-straps-forest\/#primaryimage"},"image":{"@id":"https:\/\/ksproducts.ca\/product\/grand-trunk-trunk-straps-hammock-suspension-straps-forest\/#primaryimage"},"thumbnailUrl":"https:\/\/ksproducts.ca\/wp-content\/uploads\/2026\/04\/TRNKSTP-Forest-01.jpeg","datePublished":"2026-04-08T13:34:48+00:00","dateModified":"2026-04-08T14:46:54+00:00","breadcrumb":{"@id":"https:\/\/ksproducts.ca\/product\/grand-trunk-trunk-straps-hammock-suspension-straps-forest\/#breadcrumb"},"inLanguage":"fr-CA","potentialAction":[{"@type":"ReadAction","target":["https:\/\/ksproducts.ca\/product\/grand-trunk-trunk-straps-hammock-suspension-straps-forest\/"]}]},{"@type":"ImageObject","inLanguage":"fr-CA","@id":"https:\/\/ksproducts.ca\/product\/grand-trunk-trunk-straps-hammock-suspension-straps-forest\/#primaryimage","url":"https:\/\/ksproducts.ca\/wp-content\/uploads\/2026\/04\/TRNKSTP-Forest-01.jpeg","contentUrl":"https:\/\/ksproducts.ca\/wp-content\/uploads\/2026\/04\/TRNKSTP-Forest-01.jpeg","width":800,"height":800,"caption":"Grand Trunk Trunk Straps Hammock Suspension Straps - Forest"},{"@type":"BreadcrumbList","@id":"https:\/\/ksproducts.ca\/product\/grand-trunk-trunk-straps-hammock-suspension-straps-forest\/#breadcrumb","itemListElement":[{"@type":"ListItem","position":1,"name":"Home","item":"https:\/\/ksproducts.ca\/"},{"@type":"ListItem","position":2,"name":"Shop","item":"https:\/\/ksproducts.ca\/shop\/"},{"@type":"ListItem","position":3,"name":"Grand Trunk Trunk Straps Hammock Suspension Straps &#8211; Forest"}]},{"@type":"WebSite","@id":"https:\/\/ksproducts.ca\/#website","url":"https:\/\/ksproducts.ca\/","name":"Produits Ks","description":"Cuisiner et vivre en plein air, c'est facile au Canada","publisher":{"@id":"https:\/\/ksproducts.ca\/#organization"},"potentialAction":[{"@type":"SearchAction","target":{"@type":"EntryPoint","urlTemplate":"https:\/\/ksproducts.ca\/?s={search_term_string}"},"query-input":{"@type":"PropertyValueSpecification","valueRequired":true,"valueName":"search_term_string"}}],"inLanguage":"fr-CA"},{"@type":"Organization","@id":"https:\/\/ksproducts.ca\/#organization","name":"Produits Ks","url":"https:\/\/ksproducts.ca\/","logo":{"@type":"ImageObject","inLanguage":"fr-CA","@id":"https:\/\/ksproducts.ca\/#\/schema\/logo\/image\/","url":"https:\/\/ksproducts.ca\/wp-content\/uploads\/2023\/09\/Kennedy-Sales-Logo-header-1.png","contentUrl":"https:\/\/ksproducts.ca\/wp-content\/uploads\/2023\/09\/Kennedy-Sales-Logo-header-1.png","width":150,"height":77,"caption":"Ks Products"},"image":{"@id":"https:\/\/ksproducts.ca\/#\/schema\/logo\/image\/"}}]}},"_links":{"self":[{"href":"https:\/\/ksproducts.ca\/fr\/wp-json\/wp\/v2\/product\/12977","targetHints":{"allow":["GET"]}}],"collection":[{"href":"https:\/\/ksproducts.ca\/fr\/wp-json\/wp\/v2\/product"}],"about":[{"href":"https:\/\/ksproducts.ca\/fr\/wp-json\/wp\/v2\/types\/product"}],"replies":[{"embeddable":true,"href":"https:\/\/ksproducts.ca\/fr\/wp-json\/wp\/v2\/comments?post=12977"}],"version-history":[{"count":1,"href":"https:\/\/ksproducts.ca\/fr\/wp-json\/wp\/v2\/product\/12977\/revisions"}],"predecessor-version":[{"id":12984,"href":"https:\/\/ksproducts.ca\/fr\/wp-json\/wp\/v2\/product\/12977\/revisions\/12984"}],"wp:featuredmedia":[{"embeddable":true,"href":"https:\/\/ksproducts.ca\/fr\/wp-json\/wp\/v2\/media\/12978"}],"wp:attachment":[{"href":"https:\/\/ksproducts.ca\/fr\/wp-json\/wp\/v2\/media?parent=12977"}],"wp:term":[{"taxonomy":"product_cat","embeddable":true,"href":"https:\/\/ksproducts.ca\/fr\/wp-json\/wp\/v2\/product_cat?post=12977"},{"taxonomy":"product_tag","embeddable":true,"href":"https:\/\/ksproducts.ca\/fr\/wp-json\/wp\/v2\/product_tag?post=12977"}],"curies":[{"name":"wp","href":"https:\/\/api.w.org\/{rel}","templated":true}]}}