{"id":12997,"date":"2026-04-08T13:53:34","date_gmt":"2026-04-08T13:53:34","guid":{"rendered":"https:\/\/ksproducts.ca\/?post_type=product&#038;p=12997"},"modified":"2026-04-08T14:48:28","modified_gmt":"2026-04-08T14:48:28","slug":"sangles-de-hamac-grand-coffre-sangles-de-suspension-orange","status":"publish","type":"product","link":"https:\/\/ksproducts.ca\/fr\/product\/grand-trunk-trunk-straps-hammock-suspension-straps-orange\/","title":{"rendered":"Sangles de suspension pour hamac Grand Trunk \u2013 Orange"},"content":{"rendered":"<p><strong>Caract\u00e9ristiques<\/strong><\/p>\n<ul>\n<li>Sangle en sangle respectueuse des arbres<\/li>\n<li>Compatible avec presque tous les points d'ancrage super solides : tronc d'arbre, galerie de toit de v\u00e9hicule, poteau de porche, gros rochers, m\u00e2t de bateau, et plus encore<\/li>\n<li>Syst\u00e8me de suspension solide mais l\u00e9ger<\/li>\n<li>Choisissez parmi plusieurs couleurs pour assortir \u00e0 votre hamac<\/li>\n<li>Installation rapide et facile<\/li>\n<li>Peut \u00eatre utilis\u00e9 avec la plupart des hamacs<\/li>\n<li>Garantie \u00e0 vie<\/li>\n<\/ul>\n<p><strong>\u00a0Sp\u00e9cifications techniques<\/strong><\/p>\n<ul>\n<li>Nombre de sangles de hamac : 2<\/li>\n<li>Mati\u00e8re : sangle en polyfilament haute t\u00e9nacit\u00e9<\/li>\n<li>Couture : Nylon triple sup\u00e9rieur 70<\/li>\n<li>Dimensions : 10 pi x 1 po \/ 304 cm x 2,5 cm<\/li>\n<li>Capacit\u00e9 de poids : 400 lb \/ 181 kg<\/li>\n<li>Poids : 12 oz \/ 340 g<\/li>\n<li>Points d'ajustement : 36 (18 par sangle)<\/li>\n<\/ul>","protected":false},"excerpt":{"rendered":"<p>La seule chose qui vous emp\u00eache de vivre votre prochaine aventure, c'est vous. Fermez votre ordinateur portable, posez la t\u00e9l\u00e9commande, prenez vos cl\u00e9s et sortez. Avec les sangles pour hamac GrandTrunk, vous pouvez vous asseoir et admirer le paysage o\u00f9 vous le souhaitez. Nos sangles de suspension pour hamac disposent de 36 points d'ajustement (18 de chaque c\u00f4t\u00e9), ce qui vous permettra de faire des micro-ajustements de votre hamac, vous offrant ainsi un parfait accrochage. Chaque sangle mesure 3 m\u00e8tres de long, vous donnant 6 m\u00e8tres au total pour travailler. Nos sangles de suspension pour hamac utilisent une sangle de 2,5 cm super r\u00e9sistante et fonctionnent avec presque tous les hamacs. Il suffit d'ins\u00e9rer un mousqueton ou un crochet dans l'un des 18 points d'ajustement et vous serez suspendu en un rien de temps.<\/p>","protected":false},"featured_media":12998,"comment_status":"open","ping_status":"closed","template":"","meta":[],"product_cat":[431],"product_tag":[],"class_list":{"0":"post-12997","1":"product","2":"type-product","3":"status-publish","4":"has-post-thumbnail","6":"product_cat-camping-rv-essentials","7":"product_shipping_class-class-1","9":"first","10":"instock","11":"taxable","12":"shipping-taxable","13":"purchasable","14":"product-type-simple"},"yoast_head":"<!-- This site is optimized with the Yoast SEO plugin v27.4 - https:\/\/yoast.com\/product\/yoast-seo-wordpress\/ -->\n<title>Grand Trunk Trunk Straps Hammock Suspension Straps - Orange - Ks Products<\/title>\n<meta name=\"robots\" content=\"index, follow, max-snippet:-1, max-image-preview:large, max-video-preview:-1\" \/>\n<link rel=\"canonical\" href=\"https:\/\/ksproducts.ca\/fr\/product\/sangles-de-hamac-grand-coffre-sangles-de-suspension-orange\/\" \/>\n<meta property=\"og:locale\" content=\"fr_CA\" \/>\n<meta property=\"og:type\" content=\"article\" \/>\n<meta property=\"og:title\" content=\"Grand Trunk Trunk Straps Hammock Suspension Straps - Orange - Ks Products\" \/>\n<meta property=\"og:description\" content=\"The only thing stopping you from your next adventure is you. Close your laptop, put down the remote, grab your keys, and get out there. With GrandTrunk&#039;s hammock tree\u00a0straps, you can sit back and take in the view anywhere you want. Our hammock hanging suspension straps have 36 adjustment points (18 on each side), which will allow you to make micro hammock adjustments, giving you the perfect hang. Each strap is 10&#039; long, giving you 20&#039; in total to work with. Our hammock suspension straps use super strong 1&quot; webbing and work with almost any hammock. Just insert a carabiner or hook into one of the 18 adjustment points and you&#039;ll be hanging in no time.\" \/>\n<meta property=\"og:url\" content=\"https:\/\/ksproducts.ca\/fr\/product\/sangles-de-hamac-grand-coffre-sangles-de-suspension-orange\/\" \/>\n<meta property=\"og:site_name\" content=\"Ks Products\" \/>\n<meta property=\"article:modified_time\" content=\"2026-04-08T14:48:28+00:00\" \/>\n<meta property=\"og:image\" content=\"https:\/\/ksproducts.ca\/wp-content\/uploads\/2026\/04\/TRNKSTP-Orange-01.jpeg\" \/>\n\t<meta property=\"og:image:width\" content=\"800\" \/>\n\t<meta property=\"og:image:height\" content=\"800\" \/>\n\t<meta property=\"og:image:type\" content=\"image\/jpeg\" \/>\n<meta name=\"twitter:card\" content=\"summary_large_image\" \/>\n<meta name=\"twitter:label1\" content=\"Estimation du temps de lecture\" \/>\n\t<meta name=\"twitter:data1\" content=\"1 minute\" \/>\n<script type=\"application\/ld+json\" class=\"yoast-schema-graph\">{\"@context\":\"https:\\\/\\\/schema.org\",\"@graph\":[{\"@type\":\"WebPage\",\"@id\":\"https:\\\/\\\/ksproducts.ca\\\/product\\\/grand-trunk-trunk-straps-hammock-suspension-straps-orange\\\/\",\"url\":\"https:\\\/\\\/ksproducts.ca\\\/product\\\/grand-trunk-trunk-straps-hammock-suspension-straps-orange\\\/\",\"name\":\"Grand Trunk Trunk Straps Hammock Suspension Straps - Orange - Ks Products\",\"isPartOf\":{\"@id\":\"https:\\\/\\\/ksproducts.ca\\\/#website\"},\"primaryImageOfPage\":{\"@id\":\"https:\\\/\\\/ksproducts.ca\\\/product\\\/grand-trunk-trunk-straps-hammock-suspension-straps-orange\\\/#primaryimage\"},\"image\":{\"@id\":\"https:\\\/\\\/ksproducts.ca\\\/product\\\/grand-trunk-trunk-straps-hammock-suspension-straps-orange\\\/#primaryimage\"},\"thumbnailUrl\":\"https:\\\/\\\/ksproducts.ca\\\/wp-content\\\/uploads\\\/2026\\\/04\\\/TRNKSTP-Orange-01.jpeg\",\"datePublished\":\"2026-04-08T13:53:34+00:00\",\"dateModified\":\"2026-04-08T14:48:28+00:00\",\"breadcrumb\":{\"@id\":\"https:\\\/\\\/ksproducts.ca\\\/product\\\/grand-trunk-trunk-straps-hammock-suspension-straps-orange\\\/#breadcrumb\"},\"inLanguage\":\"fr-CA\",\"potentialAction\":[{\"@type\":\"ReadAction\",\"target\":[\"https:\\\/\\\/ksproducts.ca\\\/product\\\/grand-trunk-trunk-straps-hammock-suspension-straps-orange\\\/\"]}]},{\"@type\":\"ImageObject\",\"inLanguage\":\"fr-CA\",\"@id\":\"https:\\\/\\\/ksproducts.ca\\\/product\\\/grand-trunk-trunk-straps-hammock-suspension-straps-orange\\\/#primaryimage\",\"url\":\"https:\\\/\\\/ksproducts.ca\\\/wp-content\\\/uploads\\\/2026\\\/04\\\/TRNKSTP-Orange-01.jpeg\",\"contentUrl\":\"https:\\\/\\\/ksproducts.ca\\\/wp-content\\\/uploads\\\/2026\\\/04\\\/TRNKSTP-Orange-01.jpeg\",\"width\":800,\"height\":800,\"caption\":\"Grand Trunk Trunk Straps Hammock Suspension Straps - Orange\"},{\"@type\":\"BreadcrumbList\",\"@id\":\"https:\\\/\\\/ksproducts.ca\\\/product\\\/grand-trunk-trunk-straps-hammock-suspension-straps-orange\\\/#breadcrumb\",\"itemListElement\":[{\"@type\":\"ListItem\",\"position\":1,\"name\":\"Home\",\"item\":\"https:\\\/\\\/ksproducts.ca\\\/\"},{\"@type\":\"ListItem\",\"position\":2,\"name\":\"Shop\",\"item\":\"https:\\\/\\\/ksproducts.ca\\\/shop\\\/\"},{\"@type\":\"ListItem\",\"position\":3,\"name\":\"Grand Trunk Trunk Straps Hammock Suspension Straps &#8211; Orange\"}]},{\"@type\":\"WebSite\",\"@id\":\"https:\\\/\\\/ksproducts.ca\\\/#website\",\"url\":\"https:\\\/\\\/ksproducts.ca\\\/\",\"name\":\"Ks Products\",\"description\":\"Outdoor cooking and living, made easy in Canada\",\"publisher\":{\"@id\":\"https:\\\/\\\/ksproducts.ca\\\/#organization\"},\"potentialAction\":[{\"@type\":\"SearchAction\",\"target\":{\"@type\":\"EntryPoint\",\"urlTemplate\":\"https:\\\/\\\/ksproducts.ca\\\/?s={search_term_string}\"},\"query-input\":{\"@type\":\"PropertyValueSpecification\",\"valueRequired\":true,\"valueName\":\"search_term_string\"}}],\"inLanguage\":\"fr-CA\"},{\"@type\":\"Organization\",\"@id\":\"https:\\\/\\\/ksproducts.ca\\\/#organization\",\"name\":\"Ks Products\",\"url\":\"https:\\\/\\\/ksproducts.ca\\\/\",\"logo\":{\"@type\":\"ImageObject\",\"inLanguage\":\"fr-CA\",\"@id\":\"https:\\\/\\\/ksproducts.ca\\\/#\\\/schema\\\/logo\\\/image\\\/\",\"url\":\"https:\\\/\\\/ksproducts.ca\\\/wp-content\\\/uploads\\\/2023\\\/09\\\/Kennedy-Sales-Logo-header-1.png\",\"contentUrl\":\"https:\\\/\\\/ksproducts.ca\\\/wp-content\\\/uploads\\\/2023\\\/09\\\/Kennedy-Sales-Logo-header-1.png\",\"width\":150,\"height\":77,\"caption\":\"Ks Products\"},\"image\":{\"@id\":\"https:\\\/\\\/ksproducts.ca\\\/#\\\/schema\\\/logo\\\/image\\\/\"}}]}<\/script>\n<!-- \/ Yoast SEO plugin. -->","yoast_head_json":{"title":"Sangles de suspension pour hamac Grand Trunk - Orange - Ks Products","robots":{"index":"index","follow":"follow","max-snippet":"max-snippet:-1","max-image-preview":"max-image-preview:large","max-video-preview":"max-video-preview:-1"},"canonical":"https:\/\/ksproducts.ca\/fr\/product\/sangles-de-hamac-grand-coffre-sangles-de-suspension-orange\/","og_locale":"fr_CA","og_type":"article","og_title":"Grand Trunk Trunk Straps Hammock Suspension Straps - Orange - Ks Products","og_description":"The only thing stopping you from your next adventure is you. Close your laptop, put down the remote, grab your keys, and get out there. With GrandTrunk's hammock tree\u00a0straps, you can sit back and take in the view anywhere you want. Our hammock hanging suspension straps have 36 adjustment points (18 on each side), which will allow you to make micro hammock adjustments, giving you the perfect hang. Each strap is 10' long, giving you 20' in total to work with. Our hammock suspension straps use super strong 1\" webbing and work with almost any hammock. Just insert a carabiner or hook into one of the 18 adjustment points and you'll be hanging in no time.","og_url":"https:\/\/ksproducts.ca\/fr\/product\/sangles-de-hamac-grand-coffre-sangles-de-suspension-orange\/","og_site_name":"Ks Products","article_modified_time":"2026-04-08T14:48:28+00:00","og_image":[{"width":800,"height":800,"url":"https:\/\/ksproducts.ca\/wp-content\/uploads\/2026\/04\/TRNKSTP-Orange-01.jpeg","type":"image\/jpeg"}],"twitter_card":"summary_large_image","twitter_misc":{"Estimation du temps de lecture":"1 minute"},"schema":{"@context":"https:\/\/schema.org","@graph":[{"@type":"WebPage","@id":"https:\/\/ksproducts.ca\/product\/grand-trunk-trunk-straps-hammock-suspension-straps-orange\/","url":"https:\/\/ksproducts.ca\/product\/grand-trunk-trunk-straps-hammock-suspension-straps-orange\/","name":"Sangles de suspension pour hamac Grand Trunk - Orange - Ks Products","isPartOf":{"@id":"https:\/\/ksproducts.ca\/#website"},"primaryImageOfPage":{"@id":"https:\/\/ksproducts.ca\/product\/grand-trunk-trunk-straps-hammock-suspension-straps-orange\/#primaryimage"},"image":{"@id":"https:\/\/ksproducts.ca\/product\/grand-trunk-trunk-straps-hammock-suspension-straps-orange\/#primaryimage"},"thumbnailUrl":"https:\/\/ksproducts.ca\/wp-content\/uploads\/2026\/04\/TRNKSTP-Orange-01.jpeg","datePublished":"2026-04-08T13:53:34+00:00","dateModified":"2026-04-08T14:48:28+00:00","breadcrumb":{"@id":"https:\/\/ksproducts.ca\/product\/grand-trunk-trunk-straps-hammock-suspension-straps-orange\/#breadcrumb"},"inLanguage":"fr-CA","potentialAction":[{"@type":"ReadAction","target":["https:\/\/ksproducts.ca\/product\/grand-trunk-trunk-straps-hammock-suspension-straps-orange\/"]}]},{"@type":"ImageObject","inLanguage":"fr-CA","@id":"https:\/\/ksproducts.ca\/product\/grand-trunk-trunk-straps-hammock-suspension-straps-orange\/#primaryimage","url":"https:\/\/ksproducts.ca\/wp-content\/uploads\/2026\/04\/TRNKSTP-Orange-01.jpeg","contentUrl":"https:\/\/ksproducts.ca\/wp-content\/uploads\/2026\/04\/TRNKSTP-Orange-01.jpeg","width":800,"height":800,"caption":"Grand Trunk Trunk Straps Hammock Suspension Straps - Orange"},{"@type":"BreadcrumbList","@id":"https:\/\/ksproducts.ca\/product\/grand-trunk-trunk-straps-hammock-suspension-straps-orange\/#breadcrumb","itemListElement":[{"@type":"ListItem","position":1,"name":"Home","item":"https:\/\/ksproducts.ca\/"},{"@type":"ListItem","position":2,"name":"Shop","item":"https:\/\/ksproducts.ca\/shop\/"},{"@type":"ListItem","position":3,"name":"Grand Trunk Trunk Straps Hammock Suspension Straps &#8211; Orange"}]},{"@type":"WebSite","@id":"https:\/\/ksproducts.ca\/#website","url":"https:\/\/ksproducts.ca\/","name":"Produits Ks","description":"Cuisiner et vivre en plein air, c'est facile au Canada","publisher":{"@id":"https:\/\/ksproducts.ca\/#organization"},"potentialAction":[{"@type":"SearchAction","target":{"@type":"EntryPoint","urlTemplate":"https:\/\/ksproducts.ca\/?s={search_term_string}"},"query-input":{"@type":"PropertyValueSpecification","valueRequired":true,"valueName":"search_term_string"}}],"inLanguage":"fr-CA"},{"@type":"Organization","@id":"https:\/\/ksproducts.ca\/#organization","name":"Produits Ks","url":"https:\/\/ksproducts.ca\/","logo":{"@type":"ImageObject","inLanguage":"fr-CA","@id":"https:\/\/ksproducts.ca\/#\/schema\/logo\/image\/","url":"https:\/\/ksproducts.ca\/wp-content\/uploads\/2023\/09\/Kennedy-Sales-Logo-header-1.png","contentUrl":"https:\/\/ksproducts.ca\/wp-content\/uploads\/2023\/09\/Kennedy-Sales-Logo-header-1.png","width":150,"height":77,"caption":"Ks Products"},"image":{"@id":"https:\/\/ksproducts.ca\/#\/schema\/logo\/image\/"}}]}},"_links":{"self":[{"href":"https:\/\/ksproducts.ca\/fr\/wp-json\/wp\/v2\/product\/12997","targetHints":{"allow":["GET"]}}],"collection":[{"href":"https:\/\/ksproducts.ca\/fr\/wp-json\/wp\/v2\/product"}],"about":[{"href":"https:\/\/ksproducts.ca\/fr\/wp-json\/wp\/v2\/types\/product"}],"replies":[{"embeddable":true,"href":"https:\/\/ksproducts.ca\/fr\/wp-json\/wp\/v2\/comments?post=12997"}],"version-history":[{"count":1,"href":"https:\/\/ksproducts.ca\/fr\/wp-json\/wp\/v2\/product\/12997\/revisions"}],"predecessor-version":[{"id":13002,"href":"https:\/\/ksproducts.ca\/fr\/wp-json\/wp\/v2\/product\/12997\/revisions\/13002"}],"wp:featuredmedia":[{"embeddable":true,"href":"https:\/\/ksproducts.ca\/fr\/wp-json\/wp\/v2\/media\/12998"}],"wp:attachment":[{"href":"https:\/\/ksproducts.ca\/fr\/wp-json\/wp\/v2\/media?parent=12997"}],"wp:term":[{"taxonomy":"product_cat","embeddable":true,"href":"https:\/\/ksproducts.ca\/fr\/wp-json\/wp\/v2\/product_cat?post=12997"},{"taxonomy":"product_tag","embeddable":true,"href":"https:\/\/ksproducts.ca\/fr\/wp-json\/wp\/v2\/product_tag?post=12997"}],"curies":[{"name":"wp","href":"https:\/\/api.w.org\/{rel}","templated":true}]}}