{"id":13015,"date":"2026-04-08T14:59:16","date_gmt":"2026-04-08T14:59:16","guid":{"rendered":"https:\/\/ksproducts.ca\/?post_type=product&#038;p=13015"},"modified":"2026-04-08T14:59:16","modified_gmt":"2026-04-08T14:59:16","slug":"kit-de-suspension-de-hamac-pour-arbre-grand-coffre","status":"publish","type":"product","link":"https:\/\/ksproducts.ca\/fr\/product\/grand-trunk-tree-slings-hammock-hanging-kit\/","title":{"rendered":"Kit de suspension pour hamac Grand Trunk Tree Slings"},"content":{"rendered":"<p><strong>Caract\u00e9ristiques<\/strong><\/p>\n<ul>\n<li>Pr\u00e9-nou\u00e9 pour un accrochage et un r\u00e9glage de hauteur faciles.<\/li>\n<li>Fonctionne avec la plupart des hamacs.<\/li>\n<li>Inclut un sac de compression pour des voyages sans stress.<\/li>\n<li>Comprend un protecteur d'arbre r\u00e9pondant aux exigences de largeur de tous les parcs d'\u00c9tat !<\/li>\n<li>Facile de faire de nouveaux n\u0153uds pour un ajustement suppl\u00e9mentaire du hamac.<\/li>\n<\/ul>\n<p><strong>\u00a0Sp\u00e9cifications techniques<\/strong><\/p>\n<ul>\n<li>Mati\u00e8re : Polyester tiss\u00e9 haut de gamme<\/li>\n<li>Nombre de sangles : 2<\/li>\n<li>Prot\u00e8ge-arbre : sangle en nylon de 5,08 cm de large x 60,96 cm de long.<\/li>\n<li>Longueur : 5 mm x 3,05 m<\/li>\n<li>Capacit\u00e9 de poids: 400 lb \/ 181 kg<\/li>\n<li>Poids : 8 oz \/ 226 g<\/li>\n<\/ul>","protected":false},"excerpt":{"rendered":"<p>Nos sangles d'arbre Grand Trunk vous aideront \u00e0 installer votre hamac en quelques minutes \u2013 ce qui vous laissera plus de temps pour profiter de la vue. Les sangles d'arbre Grand Trunk sont\u00a0<strong>Respectueux des arbres.\u00a0<\/strong>Cela signifie que vous pouvez suspendre en toute s\u00e9curit\u00e9 des hamacs avec des sangles qui n'endommageront pas les arbres. Cette sangle de protection des arbres r\u00e9pond aux exigences de largeur des parcs nationaux et des parcs d'\u00c9tat.<\/p>","protected":false},"featured_media":13018,"comment_status":"open","ping_status":"closed","template":"","meta":[],"product_cat":[431],"product_tag":[],"class_list":{"0":"post-13015","1":"product","2":"type-product","3":"status-publish","4":"has-post-thumbnail","6":"product_cat-camping-rv-essentials","7":"product_shipping_class-class-1","9":"first","10":"instock","11":"taxable","12":"shipping-taxable","13":"purchasable","14":"product-type-simple"},"yoast_head":"<!-- This site is optimized with the Yoast SEO plugin v27.4 - https:\/\/yoast.com\/product\/yoast-seo-wordpress\/ -->\n<title>Grand Trunk Tree Slings Hammock Hanging Kit - Ks Products<\/title>\n<meta name=\"robots\" content=\"index, follow, max-snippet:-1, max-image-preview:large, max-video-preview:-1\" \/>\n<link rel=\"canonical\" href=\"https:\/\/ksproducts.ca\/fr\/product\/kit-de-suspension-de-hamac-pour-arbre-grand-coffre\/\" \/>\n<meta property=\"og:locale\" content=\"fr_CA\" \/>\n<meta property=\"og:type\" content=\"article\" \/>\n<meta property=\"og:title\" content=\"Grand Trunk Tree Slings Hammock Hanging Kit - Ks Products\" \/>\n<meta property=\"og:description\" content=\"Our Grand Trunk Hammock Tree Slings will help you set up your hammock in minutes - which means more time to soak in those views. Grand Trunk Tree Slings are\u00a0TREE FRIENDLY.\u00a0This means you can safely hang\u00a0hammocks with straps that won&#039;t damage trees.\u00a0 This tree protecting strap meets the width requirements for state and national parks.\" \/>\n<meta property=\"og:url\" content=\"https:\/\/ksproducts.ca\/fr\/product\/kit-de-suspension-de-hamac-pour-arbre-grand-coffre\/\" \/>\n<meta property=\"og:site_name\" content=\"Ks Products\" \/>\n<meta property=\"og:image\" content=\"https:\/\/ksproducts.ca\/wp-content\/uploads\/2026\/04\/Grand-Trunk-Tree-Slings-Hammock-Hanging-Kit.webp\" \/>\n\t<meta property=\"og:image:width\" content=\"800\" \/>\n\t<meta property=\"og:image:height\" content=\"800\" \/>\n\t<meta property=\"og:image:type\" content=\"image\/webp\" \/>\n<meta name=\"twitter:card\" content=\"summary_large_image\" \/>\n<meta name=\"twitter:label1\" content=\"Estimation du temps de lecture\" \/>\n\t<meta name=\"twitter:data1\" content=\"1 minute\" \/>\n<script type=\"application\/ld+json\" class=\"yoast-schema-graph\">{\"@context\":\"https:\\\/\\\/schema.org\",\"@graph\":[{\"@type\":\"WebPage\",\"@id\":\"https:\\\/\\\/ksproducts.ca\\\/product\\\/grand-trunk-tree-slings-hammock-hanging-kit\\\/\",\"url\":\"https:\\\/\\\/ksproducts.ca\\\/product\\\/grand-trunk-tree-slings-hammock-hanging-kit\\\/\",\"name\":\"Grand Trunk Tree Slings Hammock Hanging Kit - Ks Products\",\"isPartOf\":{\"@id\":\"https:\\\/\\\/ksproducts.ca\\\/#website\"},\"primaryImageOfPage\":{\"@id\":\"https:\\\/\\\/ksproducts.ca\\\/product\\\/grand-trunk-tree-slings-hammock-hanging-kit\\\/#primaryimage\"},\"image\":{\"@id\":\"https:\\\/\\\/ksproducts.ca\\\/product\\\/grand-trunk-tree-slings-hammock-hanging-kit\\\/#primaryimage\"},\"thumbnailUrl\":\"https:\\\/\\\/ksproducts.ca\\\/wp-content\\\/uploads\\\/2026\\\/04\\\/Grand-Trunk-Tree-Slings-Hammock-Hanging-Kit.webp\",\"datePublished\":\"2026-04-08T14:59:16+00:00\",\"breadcrumb\":{\"@id\":\"https:\\\/\\\/ksproducts.ca\\\/product\\\/grand-trunk-tree-slings-hammock-hanging-kit\\\/#breadcrumb\"},\"inLanguage\":\"fr-CA\",\"potentialAction\":[{\"@type\":\"ReadAction\",\"target\":[\"https:\\\/\\\/ksproducts.ca\\\/product\\\/grand-trunk-tree-slings-hammock-hanging-kit\\\/\"]}]},{\"@type\":\"ImageObject\",\"inLanguage\":\"fr-CA\",\"@id\":\"https:\\\/\\\/ksproducts.ca\\\/product\\\/grand-trunk-tree-slings-hammock-hanging-kit\\\/#primaryimage\",\"url\":\"https:\\\/\\\/ksproducts.ca\\\/wp-content\\\/uploads\\\/2026\\\/04\\\/Grand-Trunk-Tree-Slings-Hammock-Hanging-Kit.webp\",\"contentUrl\":\"https:\\\/\\\/ksproducts.ca\\\/wp-content\\\/uploads\\\/2026\\\/04\\\/Grand-Trunk-Tree-Slings-Hammock-Hanging-Kit.webp\",\"width\":800,\"height\":800,\"caption\":\"Grand Trunk Tree Slings Hammock Hanging Kit\"},{\"@type\":\"BreadcrumbList\",\"@id\":\"https:\\\/\\\/ksproducts.ca\\\/product\\\/grand-trunk-tree-slings-hammock-hanging-kit\\\/#breadcrumb\",\"itemListElement\":[{\"@type\":\"ListItem\",\"position\":1,\"name\":\"Home\",\"item\":\"https:\\\/\\\/ksproducts.ca\\\/\"},{\"@type\":\"ListItem\",\"position\":2,\"name\":\"Shop\",\"item\":\"https:\\\/\\\/ksproducts.ca\\\/shop\\\/\"},{\"@type\":\"ListItem\",\"position\":3,\"name\":\"Grand Trunk Tree Slings Hammock Hanging Kit\"}]},{\"@type\":\"WebSite\",\"@id\":\"https:\\\/\\\/ksproducts.ca\\\/#website\",\"url\":\"https:\\\/\\\/ksproducts.ca\\\/\",\"name\":\"Ks Products\",\"description\":\"Outdoor cooking and living, made easy in Canada\",\"publisher\":{\"@id\":\"https:\\\/\\\/ksproducts.ca\\\/#organization\"},\"potentialAction\":[{\"@type\":\"SearchAction\",\"target\":{\"@type\":\"EntryPoint\",\"urlTemplate\":\"https:\\\/\\\/ksproducts.ca\\\/?s={search_term_string}\"},\"query-input\":{\"@type\":\"PropertyValueSpecification\",\"valueRequired\":true,\"valueName\":\"search_term_string\"}}],\"inLanguage\":\"fr-CA\"},{\"@type\":\"Organization\",\"@id\":\"https:\\\/\\\/ksproducts.ca\\\/#organization\",\"name\":\"Ks Products\",\"url\":\"https:\\\/\\\/ksproducts.ca\\\/\",\"logo\":{\"@type\":\"ImageObject\",\"inLanguage\":\"fr-CA\",\"@id\":\"https:\\\/\\\/ksproducts.ca\\\/#\\\/schema\\\/logo\\\/image\\\/\",\"url\":\"https:\\\/\\\/ksproducts.ca\\\/wp-content\\\/uploads\\\/2023\\\/09\\\/Kennedy-Sales-Logo-header-1.png\",\"contentUrl\":\"https:\\\/\\\/ksproducts.ca\\\/wp-content\\\/uploads\\\/2023\\\/09\\\/Kennedy-Sales-Logo-header-1.png\",\"width\":150,\"height\":77,\"caption\":\"Ks Products\"},\"image\":{\"@id\":\"https:\\\/\\\/ksproducts.ca\\\/#\\\/schema\\\/logo\\\/image\\\/\"}}]}<\/script>\n<!-- \/ Yoast SEO plugin. -->","yoast_head_json":{"title":"Kit d'accroche pour hamac Grand Trunk Tree Slings - Ks Products","robots":{"index":"index","follow":"follow","max-snippet":"max-snippet:-1","max-image-preview":"max-image-preview:large","max-video-preview":"max-video-preview:-1"},"canonical":"https:\/\/ksproducts.ca\/fr\/product\/kit-de-suspension-de-hamac-pour-arbre-grand-coffre\/","og_locale":"fr_CA","og_type":"article","og_title":"Grand Trunk Tree Slings Hammock Hanging Kit - Ks Products","og_description":"Our Grand Trunk Hammock Tree Slings will help you set up your hammock in minutes - which means more time to soak in those views. Grand Trunk Tree Slings are\u00a0TREE FRIENDLY.\u00a0This means you can safely hang\u00a0hammocks with straps that won't damage trees.\u00a0 This tree protecting strap meets the width requirements for state and national parks.","og_url":"https:\/\/ksproducts.ca\/fr\/product\/kit-de-suspension-de-hamac-pour-arbre-grand-coffre\/","og_site_name":"Ks Products","og_image":[{"width":800,"height":800,"url":"https:\/\/ksproducts.ca\/wp-content\/uploads\/2026\/04\/Grand-Trunk-Tree-Slings-Hammock-Hanging-Kit.webp","type":"image\/webp"}],"twitter_card":"summary_large_image","twitter_misc":{"Estimation du temps de lecture":"1 minute"},"schema":{"@context":"https:\/\/schema.org","@graph":[{"@type":"WebPage","@id":"https:\/\/ksproducts.ca\/product\/grand-trunk-tree-slings-hammock-hanging-kit\/","url":"https:\/\/ksproducts.ca\/product\/grand-trunk-tree-slings-hammock-hanging-kit\/","name":"Kit d'accroche pour hamac Grand Trunk Tree Slings - Ks Products","isPartOf":{"@id":"https:\/\/ksproducts.ca\/#website"},"primaryImageOfPage":{"@id":"https:\/\/ksproducts.ca\/product\/grand-trunk-tree-slings-hammock-hanging-kit\/#primaryimage"},"image":{"@id":"https:\/\/ksproducts.ca\/product\/grand-trunk-tree-slings-hammock-hanging-kit\/#primaryimage"},"thumbnailUrl":"https:\/\/ksproducts.ca\/wp-content\/uploads\/2026\/04\/Grand-Trunk-Tree-Slings-Hammock-Hanging-Kit.webp","datePublished":"2026-04-08T14:59:16+00:00","breadcrumb":{"@id":"https:\/\/ksproducts.ca\/product\/grand-trunk-tree-slings-hammock-hanging-kit\/#breadcrumb"},"inLanguage":"fr-CA","potentialAction":[{"@type":"ReadAction","target":["https:\/\/ksproducts.ca\/product\/grand-trunk-tree-slings-hammock-hanging-kit\/"]}]},{"@type":"ImageObject","inLanguage":"fr-CA","@id":"https:\/\/ksproducts.ca\/product\/grand-trunk-tree-slings-hammock-hanging-kit\/#primaryimage","url":"https:\/\/ksproducts.ca\/wp-content\/uploads\/2026\/04\/Grand-Trunk-Tree-Slings-Hammock-Hanging-Kit.webp","contentUrl":"https:\/\/ksproducts.ca\/wp-content\/uploads\/2026\/04\/Grand-Trunk-Tree-Slings-Hammock-Hanging-Kit.webp","width":800,"height":800,"caption":"Grand Trunk Tree Slings Hammock Hanging Kit"},{"@type":"BreadcrumbList","@id":"https:\/\/ksproducts.ca\/product\/grand-trunk-tree-slings-hammock-hanging-kit\/#breadcrumb","itemListElement":[{"@type":"ListItem","position":1,"name":"Home","item":"https:\/\/ksproducts.ca\/"},{"@type":"ListItem","position":2,"name":"Shop","item":"https:\/\/ksproducts.ca\/shop\/"},{"@type":"ListItem","position":3,"name":"Grand Trunk Tree Slings Hammock Hanging Kit"}]},{"@type":"WebSite","@id":"https:\/\/ksproducts.ca\/#website","url":"https:\/\/ksproducts.ca\/","name":"Produits Ks","description":"Cuisiner et vivre en plein air, c'est facile au Canada","publisher":{"@id":"https:\/\/ksproducts.ca\/#organization"},"potentialAction":[{"@type":"SearchAction","target":{"@type":"EntryPoint","urlTemplate":"https:\/\/ksproducts.ca\/?s={search_term_string}"},"query-input":{"@type":"PropertyValueSpecification","valueRequired":true,"valueName":"search_term_string"}}],"inLanguage":"fr-CA"},{"@type":"Organization","@id":"https:\/\/ksproducts.ca\/#organization","name":"Produits Ks","url":"https:\/\/ksproducts.ca\/","logo":{"@type":"ImageObject","inLanguage":"fr-CA","@id":"https:\/\/ksproducts.ca\/#\/schema\/logo\/image\/","url":"https:\/\/ksproducts.ca\/wp-content\/uploads\/2023\/09\/Kennedy-Sales-Logo-header-1.png","contentUrl":"https:\/\/ksproducts.ca\/wp-content\/uploads\/2023\/09\/Kennedy-Sales-Logo-header-1.png","width":150,"height":77,"caption":"Ks Products"},"image":{"@id":"https:\/\/ksproducts.ca\/#\/schema\/logo\/image\/"}}]}},"_links":{"self":[{"href":"https:\/\/ksproducts.ca\/fr\/wp-json\/wp\/v2\/product\/13015","targetHints":{"allow":["GET"]}}],"collection":[{"href":"https:\/\/ksproducts.ca\/fr\/wp-json\/wp\/v2\/product"}],"about":[{"href":"https:\/\/ksproducts.ca\/fr\/wp-json\/wp\/v2\/types\/product"}],"replies":[{"embeddable":true,"href":"https:\/\/ksproducts.ca\/fr\/wp-json\/wp\/v2\/comments?post=13015"}],"version-history":[{"count":1,"href":"https:\/\/ksproducts.ca\/fr\/wp-json\/wp\/v2\/product\/13015\/revisions"}],"predecessor-version":[{"id":13022,"href":"https:\/\/ksproducts.ca\/fr\/wp-json\/wp\/v2\/product\/13015\/revisions\/13022"}],"wp:featuredmedia":[{"embeddable":true,"href":"https:\/\/ksproducts.ca\/fr\/wp-json\/wp\/v2\/media\/13018"}],"wp:attachment":[{"href":"https:\/\/ksproducts.ca\/fr\/wp-json\/wp\/v2\/media?parent=13015"}],"wp:term":[{"taxonomy":"product_cat","embeddable":true,"href":"https:\/\/ksproducts.ca\/fr\/wp-json\/wp\/v2\/product_cat?post=13015"},{"taxonomy":"product_tag","embeddable":true,"href":"https:\/\/ksproducts.ca\/fr\/wp-json\/wp\/v2\/product_tag?post=13015"}],"curies":[{"name":"wp","href":"https:\/\/api.w.org\/{rel}","templated":true}]}}