{"id":13034,"date":"2026-04-08T15:42:56","date_gmt":"2026-04-08T15:42:56","guid":{"rendered":"https:\/\/ksproducts.ca\/?post_type=product&#038;p=13034"},"modified":"2026-04-08T15:42:57","modified_gmt":"2026-04-08T15:42:57","slug":"hamac-double-grand-trunk-trunktech-horizon","status":"publish","type":"product","link":"https:\/\/ksproducts.ca\/fr\/product\/grand-trunk-trunktech-double-hammock-horizon\/","title":{"rendered":"Grand Trunk TRUNKTECH Hamac Double \u2013 Horizon"},"content":{"rendered":"<p><strong>Caract\u00e9ristiques<\/strong><\/p>\n<ul>\n<li>Plus solide, plus l\u00e9g\u00e8re et plus compacte que toutes les autres hamacs de 11 pieds<\/li>\n<li>Tissu r\u00e9sistant aux intemp\u00e9ries pour toutes les aventures<\/li>\n<li>Ultra-doux, respirant et \u00e0 s\u00e9chage rapide pour un confort maximal<\/li>\n<li>Poche de rangement int\u00e9gr\u00e9e pour des voyages sans stress<\/li>\n<li>Boucles de finition r\u00e9fl\u00e9chissantes pour plus de style et de visibilit\u00e9<\/li>\n<li>2 mousquetons l\u00e9gers en aluminium inclus<\/li>\n<li>Installation rapide et facile<\/li>\n<\/ul>\n<p><strong>Sp\u00e9cifications techniques<\/strong><\/p>\n<ul>\n<li>Mati\u00e8re : Nylon Diamond Ripstop propri\u00e9taire 40D de 1,1 oz<\/li>\n<li>Capacit\u00e9 : 500 lb \/ 226 kg<\/li>\n<li>Poids : 15,5 oz \/ 425 g (double), 11,7 oz \/ 331 g (simple)<\/li>\n<li>Dimensions d\u00e9pli\u00e9es : 11\u2019 x 6\u20196\u201d (double), 11' x 4'10\" (simple)<\/li>\n<li>Dimensions emball\u00e9es : 4\u2033 x 4\u2033 x 6\u2033<\/li>\n<\/ul>","protected":false},"excerpt":{"rendered":"<p>Voici la prochaine g\u00e9n\u00e9ration de hamacs tiss\u00e9s pour les explorateurs. TRUNKTECH\u2122 est sp\u00e9cialement con\u00e7u pour les hamacs et sa technologie offre une douceur, une r\u00e9sistance et une respirabilit\u00e9 in\u00e9gal\u00e9es que m\u00eame les voyageurs les plus aguerris appr\u00e9cieront. Les hamacs TRUNKTECH\u2122 se rangent plus facilement qu'un hamac ordinaire en nylon parachute et pr\u00e8s de la moiti\u00e9 du poids est \u00e9limin\u00e9e. Tout cela est possible gr\u00e2ce \u00e0 notre tissu en nylon Ripstop sp\u00e9cialement con\u00e7u. Tiss\u00e9s comme une forteresse et con\u00e7us pour offrir un confort incomparable, les hamacs TRUNKTECH\u2122 sont l'avenir des hamacs d'aventure !<\/p>","protected":false},"featured_media":13035,"comment_status":"open","ping_status":"closed","template":"","meta":[],"product_cat":[431],"product_tag":[],"class_list":{"0":"post-13034","1":"product","2":"type-product","3":"status-publish","4":"has-post-thumbnail","6":"product_cat-camping-rv-essentials","7":"product_shipping_class-class-1","9":"first","10":"instock","11":"taxable","12":"shipping-taxable","13":"purchasable","14":"product-type-simple"},"yoast_head":"<!-- This site is optimized with the Yoast SEO plugin v27.4 - https:\/\/yoast.com\/product\/yoast-seo-wordpress\/ -->\n<title>Grand Trunk TRUNKTECH Double Hammock - Horizon - Ks Products<\/title>\n<meta name=\"robots\" content=\"index, follow, max-snippet:-1, max-image-preview:large, max-video-preview:-1\" \/>\n<link rel=\"canonical\" href=\"https:\/\/ksproducts.ca\/fr\/product\/hamac-double-grand-trunk-trunktech-horizon\/\" \/>\n<meta property=\"og:locale\" content=\"fr_CA\" \/>\n<meta property=\"og:type\" content=\"article\" \/>\n<meta property=\"og:title\" content=\"Grand Trunk TRUNKTECH Double Hammock - Horizon - Ks Products\" \/>\n<meta property=\"og:description\" content=\"Introducing the next generation of hammocks woven for explorers.\u00a0TRUNKTECH\u2122 is purposefully built for hammocks and technology driven to deliver unparalleled softness, strength, and breathability that even the most rugged of travelers will appreciate.\u00a0TRUNKTECH\u2122\u00a0hammocks pack down smaller than an ordinary\u00a0parachute nylon hammock and nearly cuts the weight in half. It&#039;s all made possible with our specially designed Ripstop Nylon fabric. Woven like a fortress and designed to provide matchless comfort, TRUNKTECH\u2122 hammocks are the the future of adventure hammocks!\" \/>\n<meta property=\"og:url\" content=\"https:\/\/ksproducts.ca\/fr\/product\/hamac-double-grand-trunk-trunktech-horizon\/\" \/>\n<meta property=\"og:site_name\" content=\"Ks Products\" \/>\n<meta property=\"article:modified_time\" content=\"2026-04-08T15:42:57+00:00\" \/>\n<meta property=\"og:image\" content=\"https:\/\/ksproducts.ca\/wp-content\/uploads\/2026\/04\/Grand-Trunk-TRUNKTECH-Double-Hammock-Horizon.webp\" \/>\n\t<meta property=\"og:image:width\" content=\"800\" \/>\n\t<meta property=\"og:image:height\" content=\"800\" \/>\n\t<meta property=\"og:image:type\" content=\"image\/webp\" \/>\n<meta name=\"twitter:card\" content=\"summary_large_image\" \/>\n<meta name=\"twitter:label1\" content=\"Estimation du temps de lecture\" \/>\n\t<meta name=\"twitter:data1\" content=\"1 minute\" \/>\n<script type=\"application\/ld+json\" class=\"yoast-schema-graph\">{\"@context\":\"https:\\\/\\\/schema.org\",\"@graph\":[{\"@type\":\"WebPage\",\"@id\":\"https:\\\/\\\/ksproducts.ca\\\/product\\\/grand-trunk-trunktech-double-hammock-horizon\\\/\",\"url\":\"https:\\\/\\\/ksproducts.ca\\\/product\\\/grand-trunk-trunktech-double-hammock-horizon\\\/\",\"name\":\"Grand Trunk TRUNKTECH Double Hammock - Horizon - Ks Products\",\"isPartOf\":{\"@id\":\"https:\\\/\\\/ksproducts.ca\\\/#website\"},\"primaryImageOfPage\":{\"@id\":\"https:\\\/\\\/ksproducts.ca\\\/product\\\/grand-trunk-trunktech-double-hammock-horizon\\\/#primaryimage\"},\"image\":{\"@id\":\"https:\\\/\\\/ksproducts.ca\\\/product\\\/grand-trunk-trunktech-double-hammock-horizon\\\/#primaryimage\"},\"thumbnailUrl\":\"https:\\\/\\\/ksproducts.ca\\\/wp-content\\\/uploads\\\/2026\\\/04\\\/Grand-Trunk-TRUNKTECH-Double-Hammock-Horizon.webp\",\"datePublished\":\"2026-04-08T15:42:56+00:00\",\"dateModified\":\"2026-04-08T15:42:57+00:00\",\"breadcrumb\":{\"@id\":\"https:\\\/\\\/ksproducts.ca\\\/product\\\/grand-trunk-trunktech-double-hammock-horizon\\\/#breadcrumb\"},\"inLanguage\":\"fr-CA\",\"potentialAction\":[{\"@type\":\"ReadAction\",\"target\":[\"https:\\\/\\\/ksproducts.ca\\\/product\\\/grand-trunk-trunktech-double-hammock-horizon\\\/\"]}]},{\"@type\":\"ImageObject\",\"inLanguage\":\"fr-CA\",\"@id\":\"https:\\\/\\\/ksproducts.ca\\\/product\\\/grand-trunk-trunktech-double-hammock-horizon\\\/#primaryimage\",\"url\":\"https:\\\/\\\/ksproducts.ca\\\/wp-content\\\/uploads\\\/2026\\\/04\\\/Grand-Trunk-TRUNKTECH-Double-Hammock-Horizon.webp\",\"contentUrl\":\"https:\\\/\\\/ksproducts.ca\\\/wp-content\\\/uploads\\\/2026\\\/04\\\/Grand-Trunk-TRUNKTECH-Double-Hammock-Horizon.webp\",\"width\":800,\"height\":800,\"caption\":\"Grand Trunk TRUNKTECH Double Hammock Horizon\"},{\"@type\":\"BreadcrumbList\",\"@id\":\"https:\\\/\\\/ksproducts.ca\\\/product\\\/grand-trunk-trunktech-double-hammock-horizon\\\/#breadcrumb\",\"itemListElement\":[{\"@type\":\"ListItem\",\"position\":1,\"name\":\"Home\",\"item\":\"https:\\\/\\\/ksproducts.ca\\\/\"},{\"@type\":\"ListItem\",\"position\":2,\"name\":\"Shop\",\"item\":\"https:\\\/\\\/ksproducts.ca\\\/shop\\\/\"},{\"@type\":\"ListItem\",\"position\":3,\"name\":\"Grand Trunk TRUNKTECH Double Hammock &#8211; Horizon\"}]},{\"@type\":\"WebSite\",\"@id\":\"https:\\\/\\\/ksproducts.ca\\\/#website\",\"url\":\"https:\\\/\\\/ksproducts.ca\\\/\",\"name\":\"Ks Products\",\"description\":\"Outdoor cooking and living, made easy in Canada\",\"publisher\":{\"@id\":\"https:\\\/\\\/ksproducts.ca\\\/#organization\"},\"potentialAction\":[{\"@type\":\"SearchAction\",\"target\":{\"@type\":\"EntryPoint\",\"urlTemplate\":\"https:\\\/\\\/ksproducts.ca\\\/?s={search_term_string}\"},\"query-input\":{\"@type\":\"PropertyValueSpecification\",\"valueRequired\":true,\"valueName\":\"search_term_string\"}}],\"inLanguage\":\"fr-CA\"},{\"@type\":\"Organization\",\"@id\":\"https:\\\/\\\/ksproducts.ca\\\/#organization\",\"name\":\"Ks Products\",\"url\":\"https:\\\/\\\/ksproducts.ca\\\/\",\"logo\":{\"@type\":\"ImageObject\",\"inLanguage\":\"fr-CA\",\"@id\":\"https:\\\/\\\/ksproducts.ca\\\/#\\\/schema\\\/logo\\\/image\\\/\",\"url\":\"https:\\\/\\\/ksproducts.ca\\\/wp-content\\\/uploads\\\/2023\\\/09\\\/Kennedy-Sales-Logo-header-1.png\",\"contentUrl\":\"https:\\\/\\\/ksproducts.ca\\\/wp-content\\\/uploads\\\/2023\\\/09\\\/Kennedy-Sales-Logo-header-1.png\",\"width\":150,\"height\":77,\"caption\":\"Ks Products\"},\"image\":{\"@id\":\"https:\\\/\\\/ksproducts.ca\\\/#\\\/schema\\\/logo\\\/image\\\/\"}}]}<\/script>\n<!-- \/ Yoast SEO plugin. -->","yoast_head_json":{"title":"Grand Trunk HAMAC DOUBLE TRUNKTECH - Horizon - Ks Products","robots":{"index":"index","follow":"follow","max-snippet":"max-snippet:-1","max-image-preview":"max-image-preview:large","max-video-preview":"max-video-preview:-1"},"canonical":"https:\/\/ksproducts.ca\/fr\/product\/hamac-double-grand-trunk-trunktech-horizon\/","og_locale":"fr_CA","og_type":"article","og_title":"Grand Trunk TRUNKTECH Double Hammock - Horizon - Ks Products","og_description":"Introducing the next generation of hammocks woven for explorers.\u00a0TRUNKTECH\u2122 is purposefully built for hammocks and technology driven to deliver unparalleled softness, strength, and breathability that even the most rugged of travelers will appreciate.\u00a0TRUNKTECH\u2122\u00a0hammocks pack down smaller than an ordinary\u00a0parachute nylon hammock and nearly cuts the weight in half. It's all made possible with our specially designed Ripstop Nylon fabric. Woven like a fortress and designed to provide matchless comfort, TRUNKTECH\u2122 hammocks are the the future of adventure hammocks!","og_url":"https:\/\/ksproducts.ca\/fr\/product\/hamac-double-grand-trunk-trunktech-horizon\/","og_site_name":"Ks Products","article_modified_time":"2026-04-08T15:42:57+00:00","og_image":[{"width":800,"height":800,"url":"https:\/\/ksproducts.ca\/wp-content\/uploads\/2026\/04\/Grand-Trunk-TRUNKTECH-Double-Hammock-Horizon.webp","type":"image\/webp"}],"twitter_card":"summary_large_image","twitter_misc":{"Estimation du temps de lecture":"1 minute"},"schema":{"@context":"https:\/\/schema.org","@graph":[{"@type":"WebPage","@id":"https:\/\/ksproducts.ca\/product\/grand-trunk-trunktech-double-hammock-horizon\/","url":"https:\/\/ksproducts.ca\/product\/grand-trunk-trunktech-double-hammock-horizon\/","name":"Grand Trunk HAMAC DOUBLE TRUNKTECH - Horizon - Ks Products","isPartOf":{"@id":"https:\/\/ksproducts.ca\/#website"},"primaryImageOfPage":{"@id":"https:\/\/ksproducts.ca\/product\/grand-trunk-trunktech-double-hammock-horizon\/#primaryimage"},"image":{"@id":"https:\/\/ksproducts.ca\/product\/grand-trunk-trunktech-double-hammock-horizon\/#primaryimage"},"thumbnailUrl":"https:\/\/ksproducts.ca\/wp-content\/uploads\/2026\/04\/Grand-Trunk-TRUNKTECH-Double-Hammock-Horizon.webp","datePublished":"2026-04-08T15:42:56+00:00","dateModified":"2026-04-08T15:42:57+00:00","breadcrumb":{"@id":"https:\/\/ksproducts.ca\/product\/grand-trunk-trunktech-double-hammock-horizon\/#breadcrumb"},"inLanguage":"fr-CA","potentialAction":[{"@type":"ReadAction","target":["https:\/\/ksproducts.ca\/product\/grand-trunk-trunktech-double-hammock-horizon\/"]}]},{"@type":"ImageObject","inLanguage":"fr-CA","@id":"https:\/\/ksproducts.ca\/product\/grand-trunk-trunktech-double-hammock-horizon\/#primaryimage","url":"https:\/\/ksproducts.ca\/wp-content\/uploads\/2026\/04\/Grand-Trunk-TRUNKTECH-Double-Hammock-Horizon.webp","contentUrl":"https:\/\/ksproducts.ca\/wp-content\/uploads\/2026\/04\/Grand-Trunk-TRUNKTECH-Double-Hammock-Horizon.webp","width":800,"height":800,"caption":"Grand Trunk TRUNKTECH Double Hammock Horizon"},{"@type":"BreadcrumbList","@id":"https:\/\/ksproducts.ca\/product\/grand-trunk-trunktech-double-hammock-horizon\/#breadcrumb","itemListElement":[{"@type":"ListItem","position":1,"name":"Home","item":"https:\/\/ksproducts.ca\/"},{"@type":"ListItem","position":2,"name":"Shop","item":"https:\/\/ksproducts.ca\/shop\/"},{"@type":"ListItem","position":3,"name":"Grand Trunk TRUNKTECH Double Hammock &#8211; Horizon"}]},{"@type":"WebSite","@id":"https:\/\/ksproducts.ca\/#website","url":"https:\/\/ksproducts.ca\/","name":"Produits Ks","description":"Cuisiner et vivre en plein air, c'est facile au Canada","publisher":{"@id":"https:\/\/ksproducts.ca\/#organization"},"potentialAction":[{"@type":"SearchAction","target":{"@type":"EntryPoint","urlTemplate":"https:\/\/ksproducts.ca\/?s={search_term_string}"},"query-input":{"@type":"PropertyValueSpecification","valueRequired":true,"valueName":"search_term_string"}}],"inLanguage":"fr-CA"},{"@type":"Organization","@id":"https:\/\/ksproducts.ca\/#organization","name":"Produits Ks","url":"https:\/\/ksproducts.ca\/","logo":{"@type":"ImageObject","inLanguage":"fr-CA","@id":"https:\/\/ksproducts.ca\/#\/schema\/logo\/image\/","url":"https:\/\/ksproducts.ca\/wp-content\/uploads\/2023\/09\/Kennedy-Sales-Logo-header-1.png","contentUrl":"https:\/\/ksproducts.ca\/wp-content\/uploads\/2023\/09\/Kennedy-Sales-Logo-header-1.png","width":150,"height":77,"caption":"Ks Products"},"image":{"@id":"https:\/\/ksproducts.ca\/#\/schema\/logo\/image\/"}}]}},"_links":{"self":[{"href":"https:\/\/ksproducts.ca\/fr\/wp-json\/wp\/v2\/product\/13034","targetHints":{"allow":["GET"]}}],"collection":[{"href":"https:\/\/ksproducts.ca\/fr\/wp-json\/wp\/v2\/product"}],"about":[{"href":"https:\/\/ksproducts.ca\/fr\/wp-json\/wp\/v2\/types\/product"}],"replies":[{"embeddable":true,"href":"https:\/\/ksproducts.ca\/fr\/wp-json\/wp\/v2\/comments?post=13034"}],"version-history":[{"count":1,"href":"https:\/\/ksproducts.ca\/fr\/wp-json\/wp\/v2\/product\/13034\/revisions"}],"predecessor-version":[{"id":13037,"href":"https:\/\/ksproducts.ca\/fr\/wp-json\/wp\/v2\/product\/13034\/revisions\/13037"}],"wp:featuredmedia":[{"embeddable":true,"href":"https:\/\/ksproducts.ca\/fr\/wp-json\/wp\/v2\/media\/13035"}],"wp:attachment":[{"href":"https:\/\/ksproducts.ca\/fr\/wp-json\/wp\/v2\/media?parent=13034"}],"wp:term":[{"taxonomy":"product_cat","embeddable":true,"href":"https:\/\/ksproducts.ca\/fr\/wp-json\/wp\/v2\/product_cat?post=13034"},{"taxonomy":"product_tag","embeddable":true,"href":"https:\/\/ksproducts.ca\/fr\/wp-json\/wp\/v2\/product_tag?post=13034"}],"curies":[{"name":"wp","href":"https:\/\/api.w.org\/{rel}","templated":true}]}}