{"id":13043,"date":"2026-04-08T15:54:38","date_gmt":"2026-04-08T15:54:38","guid":{"rendered":"https:\/\/ksproducts.ca\/?post_type=product&#038;p=13043"},"modified":"2026-04-08T15:55:22","modified_gmt":"2026-04-08T15:55:22","slug":"grand-trunk-trunktech-double-hammock-wild-forest","status":"publish","type":"product","link":"https:\/\/ksproducts.ca\/fr\/product\/grand-trunk-trunktech-double-hammock-wild-forest\/","title":{"rendered":"Grand Trunk TRUNKTECH Double Hamac \u2013 Wild Forest"},"content":{"rendered":"<p><strong>Caract\u00e9ristiques<\/strong><\/p>\n<ul>\n<li>Stronger, lighter and more compact than any other 11&#8242; hammock<\/li>\n<li>Weather-proof fabric for any adventure<\/li>\n<li>Ultra-soft, breathable and fast drying for maximum comfort<\/li>\n<li>Built-in stuff sack for stress-free travel<\/li>\n<li>Reflective end-loops for added style &amp; visibility<\/li>\n<li>2 lightweight aluminum carabiners included<\/li>\n<li>Quick and easy setup<\/li>\n<\/ul>\n<p><strong>Sp\u00e9cifications techniques<\/strong><\/p>\n<ul>\n<li>Material: Proprietary 40D 1.1 oz Diamond Ripstop Nylon<\/li>\n<li>Capacity:\u00a0500 lbs \/ 226 kg<\/li>\n<li>Weight: 15.5 oz \/ 425 g (double), 11.7 oz \/ 331 g (single)<\/li>\n<li>Unfolded Dimensions:\u00a011&#8242; x 6&#8217;6&#8243; (double), 11&#8242; x 4&#8217;10&#8221; (single)<\/li>\n<li>Packed Size: 4&#8243; x 4&#8243; x 6&#8243;<\/li>\n<\/ul>","protected":false},"excerpt":{"rendered":"<p>Voici la prochaine g\u00e9n\u00e9ration de hamacs tiss\u00e9s pour les explorateurs. TRUNKTECH\u2122 est sp\u00e9cialement con\u00e7u pour les hamacs et sa technologie offre une douceur, une r\u00e9sistance et une respirabilit\u00e9 in\u00e9gal\u00e9es que m\u00eame les voyageurs les plus aguerris appr\u00e9cieront. Les hamacs TRUNKTECH\u2122 se rangent plus facilement qu'un hamac ordinaire en nylon parachute et pr\u00e8s de la moiti\u00e9 du poids est \u00e9limin\u00e9e. Tout cela est possible gr\u00e2ce \u00e0 notre tissu en nylon Ripstop sp\u00e9cialement con\u00e7u. Tiss\u00e9s comme une forteresse et con\u00e7us pour offrir un confort incomparable, les hamacs TRUNKTECH\u2122 sont l'avenir des hamacs d'aventure !<\/p>","protected":false},"featured_media":13044,"comment_status":"open","ping_status":"closed","template":"","meta":[],"product_cat":[431],"product_tag":[],"class_list":{"0":"post-13043","1":"product","2":"type-product","3":"status-publish","4":"has-post-thumbnail","6":"product_cat-camping-rv-essentials","7":"product_shipping_class-class-1","9":"first","10":"instock","11":"taxable","12":"shipping-taxable","13":"purchasable","14":"product-type-simple"},"yoast_head":"<!-- This site is optimized with the Yoast SEO plugin v27.3 - https:\/\/yoast.com\/product\/yoast-seo-wordpress\/ -->\n<title>Grand Trunk TRUNKTECH Double Hammock - Wild Forest - Ks Products<\/title>\n<meta name=\"robots\" content=\"index, follow, max-snippet:-1, max-image-preview:large, max-video-preview:-1\" \/>\n<link rel=\"canonical\" href=\"https:\/\/ksproducts.ca\/fr\/product\/grand-trunk-trunktech-double-hammock-wild-forest\/\" \/>\n<meta property=\"og:locale\" content=\"fr_CA\" \/>\n<meta property=\"og:type\" content=\"article\" \/>\n<meta property=\"og:title\" content=\"Grand Trunk TRUNKTECH Double Hammock - Wild Forest - Ks Products\" \/>\n<meta property=\"og:description\" content=\"Introducing the next generation of hammocks woven for explorers.\u00a0TRUNKTECH\u2122 is purposefully built for hammocks and technology driven to deliver unparalleled softness, strength, and breathability that even the most rugged of travelers will appreciate.\u00a0TRUNKTECH\u2122\u00a0hammocks pack down smaller than an ordinary\u00a0parachute nylon hammock and nearly cuts the weight in half. It&#039;s all made possible with our specially designed Ripstop Nylon fabric. Woven like a fortress and designed to provide matchless comfort, TRUNKTECH\u2122 hammocks are the the future of adventure hammocks!\" \/>\n<meta property=\"og:url\" content=\"https:\/\/ksproducts.ca\/fr\/product\/grand-trunk-trunktech-double-hammock-wild-forest\/\" \/>\n<meta property=\"og:site_name\" content=\"Ks Products\" \/>\n<meta property=\"article:modified_time\" content=\"2026-04-08T15:55:22+00:00\" \/>\n<meta property=\"og:image\" content=\"https:\/\/ksproducts.ca\/wp-content\/uploads\/2026\/04\/Grand-Trunk-TRUNKTECH-Double-Hammock-Wild-Forest.webp\" \/>\n\t<meta property=\"og:image:width\" content=\"800\" \/>\n\t<meta property=\"og:image:height\" content=\"800\" \/>\n\t<meta property=\"og:image:type\" content=\"image\/webp\" \/>\n<meta name=\"twitter:card\" content=\"summary_large_image\" \/>\n<meta name=\"twitter:label1\" content=\"Estimation du temps de lecture\" \/>\n\t<meta name=\"twitter:data1\" content=\"1 minute\" \/>\n<script type=\"application\/ld+json\" class=\"yoast-schema-graph\">{\"@context\":\"https:\\\/\\\/schema.org\",\"@graph\":[{\"@type\":\"WebPage\",\"@id\":\"https:\\\/\\\/ksproducts.ca\\\/product\\\/grand-trunk-trunktech-double-hammock-wild-forest\\\/\",\"url\":\"https:\\\/\\\/ksproducts.ca\\\/product\\\/grand-trunk-trunktech-double-hammock-wild-forest\\\/\",\"name\":\"Grand Trunk TRUNKTECH Double Hammock - Wild Forest - Ks Products\",\"isPartOf\":{\"@id\":\"https:\\\/\\\/ksproducts.ca\\\/#website\"},\"primaryImageOfPage\":{\"@id\":\"https:\\\/\\\/ksproducts.ca\\\/product\\\/grand-trunk-trunktech-double-hammock-wild-forest\\\/#primaryimage\"},\"image\":{\"@id\":\"https:\\\/\\\/ksproducts.ca\\\/product\\\/grand-trunk-trunktech-double-hammock-wild-forest\\\/#primaryimage\"},\"thumbnailUrl\":\"https:\\\/\\\/ksproducts.ca\\\/wp-content\\\/uploads\\\/2026\\\/04\\\/Grand-Trunk-TRUNKTECH-Double-Hammock-Wild-Forest.webp\",\"datePublished\":\"2026-04-08T15:54:38+00:00\",\"dateModified\":\"2026-04-08T15:55:22+00:00\",\"breadcrumb\":{\"@id\":\"https:\\\/\\\/ksproducts.ca\\\/product\\\/grand-trunk-trunktech-double-hammock-wild-forest\\\/#breadcrumb\"},\"inLanguage\":\"fr-CA\",\"potentialAction\":[{\"@type\":\"ReadAction\",\"target\":[\"https:\\\/\\\/ksproducts.ca\\\/product\\\/grand-trunk-trunktech-double-hammock-wild-forest\\\/\"]}]},{\"@type\":\"ImageObject\",\"inLanguage\":\"fr-CA\",\"@id\":\"https:\\\/\\\/ksproducts.ca\\\/product\\\/grand-trunk-trunktech-double-hammock-wild-forest\\\/#primaryimage\",\"url\":\"https:\\\/\\\/ksproducts.ca\\\/wp-content\\\/uploads\\\/2026\\\/04\\\/Grand-Trunk-TRUNKTECH-Double-Hammock-Wild-Forest.webp\",\"contentUrl\":\"https:\\\/\\\/ksproducts.ca\\\/wp-content\\\/uploads\\\/2026\\\/04\\\/Grand-Trunk-TRUNKTECH-Double-Hammock-Wild-Forest.webp\",\"width\":800,\"height\":800,\"caption\":\"Grand Trunk TRUNKTECH Double Hammock Wild Forest\"},{\"@type\":\"BreadcrumbList\",\"@id\":\"https:\\\/\\\/ksproducts.ca\\\/product\\\/grand-trunk-trunktech-double-hammock-wild-forest\\\/#breadcrumb\",\"itemListElement\":[{\"@type\":\"ListItem\",\"position\":1,\"name\":\"Home\",\"item\":\"https:\\\/\\\/ksproducts.ca\\\/\"},{\"@type\":\"ListItem\",\"position\":2,\"name\":\"Shop\",\"item\":\"https:\\\/\\\/ksproducts.ca\\\/shop\\\/\"},{\"@type\":\"ListItem\",\"position\":3,\"name\":\"Grand Trunk TRUNKTECH Double Hammock &#8211; Wild Forest\"}]},{\"@type\":\"WebSite\",\"@id\":\"https:\\\/\\\/ksproducts.ca\\\/#website\",\"url\":\"https:\\\/\\\/ksproducts.ca\\\/\",\"name\":\"Ks Products\",\"description\":\"Outdoor cooking and living, made easy in Canada\",\"publisher\":{\"@id\":\"https:\\\/\\\/ksproducts.ca\\\/#organization\"},\"potentialAction\":[{\"@type\":\"SearchAction\",\"target\":{\"@type\":\"EntryPoint\",\"urlTemplate\":\"https:\\\/\\\/ksproducts.ca\\\/?s={search_term_string}\"},\"query-input\":{\"@type\":\"PropertyValueSpecification\",\"valueRequired\":true,\"valueName\":\"search_term_string\"}}],\"inLanguage\":\"fr-CA\"},{\"@type\":\"Organization\",\"@id\":\"https:\\\/\\\/ksproducts.ca\\\/#organization\",\"name\":\"Ks Products\",\"url\":\"https:\\\/\\\/ksproducts.ca\\\/\",\"logo\":{\"@type\":\"ImageObject\",\"inLanguage\":\"fr-CA\",\"@id\":\"https:\\\/\\\/ksproducts.ca\\\/#\\\/schema\\\/logo\\\/image\\\/\",\"url\":\"https:\\\/\\\/ksproducts.ca\\\/wp-content\\\/uploads\\\/2023\\\/09\\\/Kennedy-Sales-Logo-header-1.png\",\"contentUrl\":\"https:\\\/\\\/ksproducts.ca\\\/wp-content\\\/uploads\\\/2023\\\/09\\\/Kennedy-Sales-Logo-header-1.png\",\"width\":150,\"height\":77,\"caption\":\"Ks Products\"},\"image\":{\"@id\":\"https:\\\/\\\/ksproducts.ca\\\/#\\\/schema\\\/logo\\\/image\\\/\"}}]}<\/script>\n<!-- \/ Yoast SEO plugin. -->","yoast_head_json":{"title":"Grand Trunk TRUNKTECH Double Hammock - Wild Forest - Ks Products","robots":{"index":"index","follow":"follow","max-snippet":"max-snippet:-1","max-image-preview":"max-image-preview:large","max-video-preview":"max-video-preview:-1"},"canonical":"https:\/\/ksproducts.ca\/fr\/product\/grand-trunk-trunktech-double-hammock-wild-forest\/","og_locale":"fr_CA","og_type":"article","og_title":"Grand Trunk TRUNKTECH Double Hammock - Wild Forest - Ks Products","og_description":"Introducing the next generation of hammocks woven for explorers.\u00a0TRUNKTECH\u2122 is purposefully built for hammocks and technology driven to deliver unparalleled softness, strength, and breathability that even the most rugged of travelers will appreciate.\u00a0TRUNKTECH\u2122\u00a0hammocks pack down smaller than an ordinary\u00a0parachute nylon hammock and nearly cuts the weight in half. It's all made possible with our specially designed Ripstop Nylon fabric. Woven like a fortress and designed to provide matchless comfort, TRUNKTECH\u2122 hammocks are the the future of adventure hammocks!","og_url":"https:\/\/ksproducts.ca\/fr\/product\/grand-trunk-trunktech-double-hammock-wild-forest\/","og_site_name":"Ks Products","article_modified_time":"2026-04-08T15:55:22+00:00","og_image":[{"width":800,"height":800,"url":"https:\/\/ksproducts.ca\/wp-content\/uploads\/2026\/04\/Grand-Trunk-TRUNKTECH-Double-Hammock-Wild-Forest.webp","type":"image\/webp"}],"twitter_card":"summary_large_image","twitter_misc":{"Estimation du temps de lecture":"1 minute"},"schema":{"@context":"https:\/\/schema.org","@graph":[{"@type":"WebPage","@id":"https:\/\/ksproducts.ca\/product\/grand-trunk-trunktech-double-hammock-wild-forest\/","url":"https:\/\/ksproducts.ca\/product\/grand-trunk-trunktech-double-hammock-wild-forest\/","name":"Grand Trunk TRUNKTECH Double Hammock - Wild Forest - Ks Products","isPartOf":{"@id":"https:\/\/ksproducts.ca\/#website"},"primaryImageOfPage":{"@id":"https:\/\/ksproducts.ca\/product\/grand-trunk-trunktech-double-hammock-wild-forest\/#primaryimage"},"image":{"@id":"https:\/\/ksproducts.ca\/product\/grand-trunk-trunktech-double-hammock-wild-forest\/#primaryimage"},"thumbnailUrl":"https:\/\/ksproducts.ca\/wp-content\/uploads\/2026\/04\/Grand-Trunk-TRUNKTECH-Double-Hammock-Wild-Forest.webp","datePublished":"2026-04-08T15:54:38+00:00","dateModified":"2026-04-08T15:55:22+00:00","breadcrumb":{"@id":"https:\/\/ksproducts.ca\/product\/grand-trunk-trunktech-double-hammock-wild-forest\/#breadcrumb"},"inLanguage":"fr-CA","potentialAction":[{"@type":"ReadAction","target":["https:\/\/ksproducts.ca\/product\/grand-trunk-trunktech-double-hammock-wild-forest\/"]}]},{"@type":"ImageObject","inLanguage":"fr-CA","@id":"https:\/\/ksproducts.ca\/product\/grand-trunk-trunktech-double-hammock-wild-forest\/#primaryimage","url":"https:\/\/ksproducts.ca\/wp-content\/uploads\/2026\/04\/Grand-Trunk-TRUNKTECH-Double-Hammock-Wild-Forest.webp","contentUrl":"https:\/\/ksproducts.ca\/wp-content\/uploads\/2026\/04\/Grand-Trunk-TRUNKTECH-Double-Hammock-Wild-Forest.webp","width":800,"height":800,"caption":"Grand Trunk TRUNKTECH Double Hammock Wild Forest"},{"@type":"BreadcrumbList","@id":"https:\/\/ksproducts.ca\/product\/grand-trunk-trunktech-double-hammock-wild-forest\/#breadcrumb","itemListElement":[{"@type":"ListItem","position":1,"name":"Home","item":"https:\/\/ksproducts.ca\/"},{"@type":"ListItem","position":2,"name":"Shop","item":"https:\/\/ksproducts.ca\/shop\/"},{"@type":"ListItem","position":3,"name":"Grand Trunk TRUNKTECH Double Hammock &#8211; Wild Forest"}]},{"@type":"WebSite","@id":"https:\/\/ksproducts.ca\/#website","url":"https:\/\/ksproducts.ca\/","name":"Produits Ks","description":"Cuisiner et vivre en plein air, c'est facile au Canada","publisher":{"@id":"https:\/\/ksproducts.ca\/#organization"},"potentialAction":[{"@type":"SearchAction","target":{"@type":"EntryPoint","urlTemplate":"https:\/\/ksproducts.ca\/?s={search_term_string}"},"query-input":{"@type":"PropertyValueSpecification","valueRequired":true,"valueName":"search_term_string"}}],"inLanguage":"fr-CA"},{"@type":"Organization","@id":"https:\/\/ksproducts.ca\/#organization","name":"Produits Ks","url":"https:\/\/ksproducts.ca\/","logo":{"@type":"ImageObject","inLanguage":"fr-CA","@id":"https:\/\/ksproducts.ca\/#\/schema\/logo\/image\/","url":"https:\/\/ksproducts.ca\/wp-content\/uploads\/2023\/09\/Kennedy-Sales-Logo-header-1.png","contentUrl":"https:\/\/ksproducts.ca\/wp-content\/uploads\/2023\/09\/Kennedy-Sales-Logo-header-1.png","width":150,"height":77,"caption":"Ks Products"},"image":{"@id":"https:\/\/ksproducts.ca\/#\/schema\/logo\/image\/"}}]}},"_links":{"self":[{"href":"https:\/\/ksproducts.ca\/fr\/wp-json\/wp\/v2\/product\/13043","targetHints":{"allow":["GET"]}}],"collection":[{"href":"https:\/\/ksproducts.ca\/fr\/wp-json\/wp\/v2\/product"}],"about":[{"href":"https:\/\/ksproducts.ca\/fr\/wp-json\/wp\/v2\/types\/product"}],"replies":[{"embeddable":true,"href":"https:\/\/ksproducts.ca\/fr\/wp-json\/wp\/v2\/comments?post=13043"}],"version-history":[{"count":1,"href":"https:\/\/ksproducts.ca\/fr\/wp-json\/wp\/v2\/product\/13043\/revisions"}],"predecessor-version":[{"id":13048,"href":"https:\/\/ksproducts.ca\/fr\/wp-json\/wp\/v2\/product\/13043\/revisions\/13048"}],"wp:featuredmedia":[{"embeddable":true,"href":"https:\/\/ksproducts.ca\/fr\/wp-json\/wp\/v2\/media\/13044"}],"wp:attachment":[{"href":"https:\/\/ksproducts.ca\/fr\/wp-json\/wp\/v2\/media?parent=13043"}],"wp:term":[{"taxonomy":"product_cat","embeddable":true,"href":"https:\/\/ksproducts.ca\/fr\/wp-json\/wp\/v2\/product_cat?post=13043"},{"taxonomy":"product_tag","embeddable":true,"href":"https:\/\/ksproducts.ca\/fr\/wp-json\/wp\/v2\/product_tag?post=13043"}],"curies":[{"name":"wp","href":"https:\/\/api.w.org\/{rel}","templated":true}]}}