{"id":13054,"date":"2026-04-08T16:05:52","date_gmt":"2026-04-08T16:05:52","guid":{"rendered":"https:\/\/ksproducts.ca\/?post_type=product&#038;p=13054"},"modified":"2026-04-08T16:09:07","modified_gmt":"2026-04-08T16:09:07","slug":"grand-trunk-ultra-light-starter-hammock-blue","status":"publish","type":"product","link":"https:\/\/ksproducts.ca\/fr\/product\/grand-trunk-ultra-light-starter-hammock-blue\/","title":{"rendered":"Grand Trunk Ultra Light Hamac de d\u00e9marrage \u2013 Bleu"},"content":{"rendered":"<p><strong>Caract\u00e9ristiques<\/strong><\/p>\n<ul>\n<li>Coutures cousues triple-verrouill\u00e9es<\/li>\n<li>Inclut 2 mousquetons de qualit\u00e9 marine<\/li>\n<li>Great starter hammock for a young adventurer<\/li>\n<li>Hanging straps\/rope sold separately.<\/li>\n<\/ul>\n<p><strong>\u00a0Sp\u00e9cifications techniques<\/strong><\/p>\n<ul>\n<li>Material: King Rhombic ripstop polyester<\/li>\n<li>Unfolded Dimensions: 9\u20196\u201d x 4\u20196\u201d<\/li>\n<li>Capacit\u00e9 de couchage : 1 personne<\/li>\n<li>Weight Capacity: 300 lbs<\/li>\n<li>Weight: 12 oz<\/li>\n<\/ul>","protected":false},"excerpt":{"rendered":"<p>Notre hamac ultral\u00e9ger est le hamac \u201c parfait pour d\u00e9buter \u201d. Ainsi, apr\u00e8s toutes vos randonn\u00e9es et vos s\u00e9ances de surf, ou m\u00eame apr\u00e8s une longue journ\u00e9e de travail, vous serez pr\u00eat \u00e0 vous pr\u00e9lasser. L\u00e9ger pour votre sac \u00e0 dos comme pour votre portefeuille, ce hamac vous aidera \u00e0 transformer l'ordinaire en quelque chose d'\u00e9pique.<\/p>","protected":false},"featured_media":13055,"comment_status":"open","ping_status":"closed","template":"","meta":[],"product_cat":[431],"product_tag":[],"class_list":{"0":"post-13054","1":"product","2":"type-product","3":"status-publish","4":"has-post-thumbnail","6":"product_cat-camping-rv-essentials","7":"product_shipping_class-class-1","9":"first","10":"instock","11":"taxable","12":"shipping-taxable","13":"purchasable","14":"product-type-simple"},"yoast_head":"<!-- This site is optimized with the Yoast SEO plugin v27.3 - https:\/\/yoast.com\/product\/yoast-seo-wordpress\/ -->\n<title>Grand Trunk Ultra Light Starter Hammock - Blue - Ks Products<\/title>\n<meta name=\"robots\" content=\"index, follow, max-snippet:-1, max-image-preview:large, max-video-preview:-1\" \/>\n<link rel=\"canonical\" href=\"https:\/\/ksproducts.ca\/fr\/product\/grand-trunk-ultra-light-starter-hammock-blue\/\" \/>\n<meta property=\"og:locale\" content=\"fr_CA\" \/>\n<meta property=\"og:type\" content=\"article\" \/>\n<meta property=\"og:title\" content=\"Grand Trunk Ultra Light Starter Hammock - Blue - Ks Products\" \/>\n<meta property=\"og:description\" content=\"Our ultralight hammock is the perfect &quot;starter&quot; hammock, so after all the hiking and surfing or even a long day at work, you&#039;re ready to recline. Light on both your backpack and wallet, this hammock will help you turn the ordinary into epic.\" \/>\n<meta property=\"og:url\" content=\"https:\/\/ksproducts.ca\/fr\/product\/grand-trunk-ultra-light-starter-hammock-blue\/\" \/>\n<meta property=\"og:site_name\" content=\"Ks Products\" \/>\n<meta property=\"article:modified_time\" content=\"2026-04-08T16:09:07+00:00\" \/>\n<meta property=\"og:image\" content=\"https:\/\/ksproducts.ca\/wp-content\/uploads\/2026\/04\/Grand-Trunk-Ultra-Light-Starter-Hammock-Blue.webp\" \/>\n\t<meta property=\"og:image:width\" content=\"740\" \/>\n\t<meta property=\"og:image:height\" content=\"740\" \/>\n\t<meta property=\"og:image:type\" content=\"image\/webp\" \/>\n<meta name=\"twitter:card\" content=\"summary_large_image\" \/>\n<meta name=\"twitter:label1\" content=\"Estimation du temps de lecture\" \/>\n\t<meta name=\"twitter:data1\" content=\"1 minute\" \/>\n<script type=\"application\/ld+json\" class=\"yoast-schema-graph\">{\"@context\":\"https:\\\/\\\/schema.org\",\"@graph\":[{\"@type\":\"WebPage\",\"@id\":\"https:\\\/\\\/ksproducts.ca\\\/product\\\/grand-trunk-ultra-light-starter-hammock-blue\\\/\",\"url\":\"https:\\\/\\\/ksproducts.ca\\\/product\\\/grand-trunk-ultra-light-starter-hammock-blue\\\/\",\"name\":\"Grand Trunk Ultra Light Starter Hammock - Blue - Ks Products\",\"isPartOf\":{\"@id\":\"https:\\\/\\\/ksproducts.ca\\\/#website\"},\"primaryImageOfPage\":{\"@id\":\"https:\\\/\\\/ksproducts.ca\\\/product\\\/grand-trunk-ultra-light-starter-hammock-blue\\\/#primaryimage\"},\"image\":{\"@id\":\"https:\\\/\\\/ksproducts.ca\\\/product\\\/grand-trunk-ultra-light-starter-hammock-blue\\\/#primaryimage\"},\"thumbnailUrl\":\"https:\\\/\\\/ksproducts.ca\\\/wp-content\\\/uploads\\\/2026\\\/04\\\/Grand-Trunk-Ultra-Light-Starter-Hammock-Blue.webp\",\"datePublished\":\"2026-04-08T16:05:52+00:00\",\"dateModified\":\"2026-04-08T16:09:07+00:00\",\"breadcrumb\":{\"@id\":\"https:\\\/\\\/ksproducts.ca\\\/product\\\/grand-trunk-ultra-light-starter-hammock-blue\\\/#breadcrumb\"},\"inLanguage\":\"fr-CA\",\"potentialAction\":[{\"@type\":\"ReadAction\",\"target\":[\"https:\\\/\\\/ksproducts.ca\\\/product\\\/grand-trunk-ultra-light-starter-hammock-blue\\\/\"]}]},{\"@type\":\"ImageObject\",\"inLanguage\":\"fr-CA\",\"@id\":\"https:\\\/\\\/ksproducts.ca\\\/product\\\/grand-trunk-ultra-light-starter-hammock-blue\\\/#primaryimage\",\"url\":\"https:\\\/\\\/ksproducts.ca\\\/wp-content\\\/uploads\\\/2026\\\/04\\\/Grand-Trunk-Ultra-Light-Starter-Hammock-Blue.webp\",\"contentUrl\":\"https:\\\/\\\/ksproducts.ca\\\/wp-content\\\/uploads\\\/2026\\\/04\\\/Grand-Trunk-Ultra-Light-Starter-Hammock-Blue.webp\",\"width\":740,\"height\":740,\"caption\":\"Grand Trunk Ultra Light Starter Hammock Blue\"},{\"@type\":\"BreadcrumbList\",\"@id\":\"https:\\\/\\\/ksproducts.ca\\\/product\\\/grand-trunk-ultra-light-starter-hammock-blue\\\/#breadcrumb\",\"itemListElement\":[{\"@type\":\"ListItem\",\"position\":1,\"name\":\"Home\",\"item\":\"https:\\\/\\\/ksproducts.ca\\\/\"},{\"@type\":\"ListItem\",\"position\":2,\"name\":\"Shop\",\"item\":\"https:\\\/\\\/ksproducts.ca\\\/shop\\\/\"},{\"@type\":\"ListItem\",\"position\":3,\"name\":\"Grand Trunk Ultra Light Starter Hammock &#8211; Blue\"}]},{\"@type\":\"WebSite\",\"@id\":\"https:\\\/\\\/ksproducts.ca\\\/#website\",\"url\":\"https:\\\/\\\/ksproducts.ca\\\/\",\"name\":\"Ks Products\",\"description\":\"Outdoor cooking and living, made easy in Canada\",\"publisher\":{\"@id\":\"https:\\\/\\\/ksproducts.ca\\\/#organization\"},\"potentialAction\":[{\"@type\":\"SearchAction\",\"target\":{\"@type\":\"EntryPoint\",\"urlTemplate\":\"https:\\\/\\\/ksproducts.ca\\\/?s={search_term_string}\"},\"query-input\":{\"@type\":\"PropertyValueSpecification\",\"valueRequired\":true,\"valueName\":\"search_term_string\"}}],\"inLanguage\":\"fr-CA\"},{\"@type\":\"Organization\",\"@id\":\"https:\\\/\\\/ksproducts.ca\\\/#organization\",\"name\":\"Ks Products\",\"url\":\"https:\\\/\\\/ksproducts.ca\\\/\",\"logo\":{\"@type\":\"ImageObject\",\"inLanguage\":\"fr-CA\",\"@id\":\"https:\\\/\\\/ksproducts.ca\\\/#\\\/schema\\\/logo\\\/image\\\/\",\"url\":\"https:\\\/\\\/ksproducts.ca\\\/wp-content\\\/uploads\\\/2023\\\/09\\\/Kennedy-Sales-Logo-header-1.png\",\"contentUrl\":\"https:\\\/\\\/ksproducts.ca\\\/wp-content\\\/uploads\\\/2023\\\/09\\\/Kennedy-Sales-Logo-header-1.png\",\"width\":150,\"height\":77,\"caption\":\"Ks Products\"},\"image\":{\"@id\":\"https:\\\/\\\/ksproducts.ca\\\/#\\\/schema\\\/logo\\\/image\\\/\"}}]}<\/script>\n<!-- \/ Yoast SEO plugin. -->","yoast_head_json":{"title":"Grand Trunk Ultra Light Starter Hammock - Blue - Ks Products","robots":{"index":"index","follow":"follow","max-snippet":"max-snippet:-1","max-image-preview":"max-image-preview:large","max-video-preview":"max-video-preview:-1"},"canonical":"https:\/\/ksproducts.ca\/fr\/product\/grand-trunk-ultra-light-starter-hammock-blue\/","og_locale":"fr_CA","og_type":"article","og_title":"Grand Trunk Ultra Light Starter Hammock - Blue - Ks Products","og_description":"Our ultralight hammock is the perfect \"starter\" hammock, so after all the hiking and surfing or even a long day at work, you're ready to recline. Light on both your backpack and wallet, this hammock will help you turn the ordinary into epic.","og_url":"https:\/\/ksproducts.ca\/fr\/product\/grand-trunk-ultra-light-starter-hammock-blue\/","og_site_name":"Ks Products","article_modified_time":"2026-04-08T16:09:07+00:00","og_image":[{"width":740,"height":740,"url":"https:\/\/ksproducts.ca\/wp-content\/uploads\/2026\/04\/Grand-Trunk-Ultra-Light-Starter-Hammock-Blue.webp","type":"image\/webp"}],"twitter_card":"summary_large_image","twitter_misc":{"Estimation du temps de lecture":"1 minute"},"schema":{"@context":"https:\/\/schema.org","@graph":[{"@type":"WebPage","@id":"https:\/\/ksproducts.ca\/product\/grand-trunk-ultra-light-starter-hammock-blue\/","url":"https:\/\/ksproducts.ca\/product\/grand-trunk-ultra-light-starter-hammock-blue\/","name":"Grand Trunk Ultra Light Starter Hammock - Blue - Ks Products","isPartOf":{"@id":"https:\/\/ksproducts.ca\/#website"},"primaryImageOfPage":{"@id":"https:\/\/ksproducts.ca\/product\/grand-trunk-ultra-light-starter-hammock-blue\/#primaryimage"},"image":{"@id":"https:\/\/ksproducts.ca\/product\/grand-trunk-ultra-light-starter-hammock-blue\/#primaryimage"},"thumbnailUrl":"https:\/\/ksproducts.ca\/wp-content\/uploads\/2026\/04\/Grand-Trunk-Ultra-Light-Starter-Hammock-Blue.webp","datePublished":"2026-04-08T16:05:52+00:00","dateModified":"2026-04-08T16:09:07+00:00","breadcrumb":{"@id":"https:\/\/ksproducts.ca\/product\/grand-trunk-ultra-light-starter-hammock-blue\/#breadcrumb"},"inLanguage":"fr-CA","potentialAction":[{"@type":"ReadAction","target":["https:\/\/ksproducts.ca\/product\/grand-trunk-ultra-light-starter-hammock-blue\/"]}]},{"@type":"ImageObject","inLanguage":"fr-CA","@id":"https:\/\/ksproducts.ca\/product\/grand-trunk-ultra-light-starter-hammock-blue\/#primaryimage","url":"https:\/\/ksproducts.ca\/wp-content\/uploads\/2026\/04\/Grand-Trunk-Ultra-Light-Starter-Hammock-Blue.webp","contentUrl":"https:\/\/ksproducts.ca\/wp-content\/uploads\/2026\/04\/Grand-Trunk-Ultra-Light-Starter-Hammock-Blue.webp","width":740,"height":740,"caption":"Grand Trunk Ultra Light Starter Hammock Blue"},{"@type":"BreadcrumbList","@id":"https:\/\/ksproducts.ca\/product\/grand-trunk-ultra-light-starter-hammock-blue\/#breadcrumb","itemListElement":[{"@type":"ListItem","position":1,"name":"Home","item":"https:\/\/ksproducts.ca\/"},{"@type":"ListItem","position":2,"name":"Shop","item":"https:\/\/ksproducts.ca\/shop\/"},{"@type":"ListItem","position":3,"name":"Grand Trunk Ultra Light Starter Hammock &#8211; Blue"}]},{"@type":"WebSite","@id":"https:\/\/ksproducts.ca\/#website","url":"https:\/\/ksproducts.ca\/","name":"Produits Ks","description":"Cuisiner et vivre en plein air, c'est facile au Canada","publisher":{"@id":"https:\/\/ksproducts.ca\/#organization"},"potentialAction":[{"@type":"SearchAction","target":{"@type":"EntryPoint","urlTemplate":"https:\/\/ksproducts.ca\/?s={search_term_string}"},"query-input":{"@type":"PropertyValueSpecification","valueRequired":true,"valueName":"search_term_string"}}],"inLanguage":"fr-CA"},{"@type":"Organization","@id":"https:\/\/ksproducts.ca\/#organization","name":"Produits Ks","url":"https:\/\/ksproducts.ca\/","logo":{"@type":"ImageObject","inLanguage":"fr-CA","@id":"https:\/\/ksproducts.ca\/#\/schema\/logo\/image\/","url":"https:\/\/ksproducts.ca\/wp-content\/uploads\/2023\/09\/Kennedy-Sales-Logo-header-1.png","contentUrl":"https:\/\/ksproducts.ca\/wp-content\/uploads\/2023\/09\/Kennedy-Sales-Logo-header-1.png","width":150,"height":77,"caption":"Ks Products"},"image":{"@id":"https:\/\/ksproducts.ca\/#\/schema\/logo\/image\/"}}]}},"_links":{"self":[{"href":"https:\/\/ksproducts.ca\/fr\/wp-json\/wp\/v2\/product\/13054","targetHints":{"allow":["GET"]}}],"collection":[{"href":"https:\/\/ksproducts.ca\/fr\/wp-json\/wp\/v2\/product"}],"about":[{"href":"https:\/\/ksproducts.ca\/fr\/wp-json\/wp\/v2\/types\/product"}],"replies":[{"embeddable":true,"href":"https:\/\/ksproducts.ca\/fr\/wp-json\/wp\/v2\/comments?post=13054"}],"version-history":[{"count":1,"href":"https:\/\/ksproducts.ca\/fr\/wp-json\/wp\/v2\/product\/13054\/revisions"}],"predecessor-version":[{"id":13058,"href":"https:\/\/ksproducts.ca\/fr\/wp-json\/wp\/v2\/product\/13054\/revisions\/13058"}],"wp:featuredmedia":[{"embeddable":true,"href":"https:\/\/ksproducts.ca\/fr\/wp-json\/wp\/v2\/media\/13055"}],"wp:attachment":[{"href":"https:\/\/ksproducts.ca\/fr\/wp-json\/wp\/v2\/media?parent=13054"}],"wp:term":[{"taxonomy":"product_cat","embeddable":true,"href":"https:\/\/ksproducts.ca\/fr\/wp-json\/wp\/v2\/product_cat?post=13054"},{"taxonomy":"product_tag","embeddable":true,"href":"https:\/\/ksproducts.ca\/fr\/wp-json\/wp\/v2\/product_tag?post=13054"}],"curies":[{"name":"wp","href":"https:\/\/api.w.org\/{rel}","templated":true}]}}