{"id":13059,"date":"2026-04-08T16:13:57","date_gmt":"2026-04-08T16:13:57","guid":{"rendered":"https:\/\/ksproducts.ca\/?post_type=product&#038;p=13059"},"modified":"2026-04-08T18:34:11","modified_gmt":"2026-04-08T18:34:11","slug":"masque-de-voyage-et-de-sommeil-grand-trunk-blackout","status":"publish","type":"product","link":"https:\/\/ksproducts.ca\/fr\/product\/grand-trunk-blackout-travel-eye-and-sleep-mask\/","title":{"rendered":"Masque de voyage et de sommeil Grand Trunk Blackout"},"content":{"rendered":"<ul>\n<li>Amorti moelleux et doux<\/li>\n<li>Anatomiquement profil\u00e9<\/li>\n<li>Bloque la lumi\u00e8re naturelle et artificielle<\/li>\n<\/ul>","protected":false},"excerpt":{"rendered":"<p>De forme anatomique et pelucheux, avec un rembourrage doux pour un ajustement confortable qui \u00e9pouse d\u00e9licatement vos yeux. Id\u00e9al pour les h\u00f4tels fr\u00e9quent\u00e9s, les longues escales, les longs vols ou partout o\u00f9 la lumi\u00e8re naturelle et artificielle menace de perturber votre sommeil.<\/p>","protected":false},"featured_media":13060,"comment_status":"open","ping_status":"closed","template":"","meta":[],"product_cat":[431],"product_tag":[],"class_list":{"0":"post-13059","1":"product","2":"type-product","3":"status-publish","4":"has-post-thumbnail","6":"product_cat-camping-rv-essentials","7":"product_shipping_class-class-1","9":"first","10":"instock","11":"taxable","12":"shipping-taxable","13":"purchasable","14":"product-type-simple"},"yoast_head":"<!-- This site is optimized with the Yoast SEO plugin v27.4 - https:\/\/yoast.com\/product\/yoast-seo-wordpress\/ -->\n<title>Grand Trunk Blackout Travel Eye and Sleep Mask - Ks Products<\/title>\n<meta name=\"robots\" content=\"index, follow, max-snippet:-1, max-image-preview:large, max-video-preview:-1\" \/>\n<link rel=\"canonical\" href=\"https:\/\/ksproducts.ca\/fr\/product\/masque-de-voyage-et-de-sommeil-grand-trunk-blackout\/\" \/>\n<meta property=\"og:locale\" content=\"fr_CA\" \/>\n<meta property=\"og:type\" content=\"article\" \/>\n<meta property=\"og:title\" content=\"Grand Trunk Blackout Travel Eye and Sleep Mask - Ks Products\" \/>\n<meta property=\"og:description\" content=\"Anatomically shaped and plush with soft cushioning for a comfortable fit that snuggles smoothly against your eyes. Great for busy hotels, long layovers, long flights or anywhere natural and artificial light threaten to wreck your sleep.\" \/>\n<meta property=\"og:url\" content=\"https:\/\/ksproducts.ca\/fr\/product\/masque-de-voyage-et-de-sommeil-grand-trunk-blackout\/\" \/>\n<meta property=\"og:site_name\" content=\"Ks Products\" \/>\n<meta property=\"article:modified_time\" content=\"2026-04-08T18:34:11+00:00\" \/>\n<meta property=\"og:image\" content=\"https:\/\/ksproducts.ca\/wp-content\/uploads\/2026\/04\/Grand-Trunk-Blackout-Travel-Eye-and-Sleep-Mask.webp\" \/>\n\t<meta property=\"og:image:width\" content=\"600\" \/>\n\t<meta property=\"og:image:height\" content=\"400\" \/>\n\t<meta property=\"og:image:type\" content=\"image\/webp\" \/>\n<meta name=\"twitter:card\" content=\"summary_large_image\" \/>\n<meta name=\"twitter:label1\" content=\"Estimation du temps de lecture\" \/>\n\t<meta name=\"twitter:data1\" content=\"1 minute\" \/>\n<script type=\"application\/ld+json\" class=\"yoast-schema-graph\">{\"@context\":\"https:\\\/\\\/schema.org\",\"@graph\":[{\"@type\":\"WebPage\",\"@id\":\"https:\\\/\\\/ksproducts.ca\\\/product\\\/grand-trunk-blackout-travel-eye-and-sleep-mask\\\/\",\"url\":\"https:\\\/\\\/ksproducts.ca\\\/product\\\/grand-trunk-blackout-travel-eye-and-sleep-mask\\\/\",\"name\":\"Grand Trunk Blackout Travel Eye and Sleep Mask - Ks Products\",\"isPartOf\":{\"@id\":\"https:\\\/\\\/ksproducts.ca\\\/#website\"},\"primaryImageOfPage\":{\"@id\":\"https:\\\/\\\/ksproducts.ca\\\/product\\\/grand-trunk-blackout-travel-eye-and-sleep-mask\\\/#primaryimage\"},\"image\":{\"@id\":\"https:\\\/\\\/ksproducts.ca\\\/product\\\/grand-trunk-blackout-travel-eye-and-sleep-mask\\\/#primaryimage\"},\"thumbnailUrl\":\"https:\\\/\\\/ksproducts.ca\\\/wp-content\\\/uploads\\\/2026\\\/04\\\/Grand-Trunk-Blackout-Travel-Eye-and-Sleep-Mask.webp\",\"datePublished\":\"2026-04-08T16:13:57+00:00\",\"dateModified\":\"2026-04-08T18:34:11+00:00\",\"breadcrumb\":{\"@id\":\"https:\\\/\\\/ksproducts.ca\\\/product\\\/grand-trunk-blackout-travel-eye-and-sleep-mask\\\/#breadcrumb\"},\"inLanguage\":\"fr-CA\",\"potentialAction\":[{\"@type\":\"ReadAction\",\"target\":[\"https:\\\/\\\/ksproducts.ca\\\/product\\\/grand-trunk-blackout-travel-eye-and-sleep-mask\\\/\"]}]},{\"@type\":\"ImageObject\",\"inLanguage\":\"fr-CA\",\"@id\":\"https:\\\/\\\/ksproducts.ca\\\/product\\\/grand-trunk-blackout-travel-eye-and-sleep-mask\\\/#primaryimage\",\"url\":\"https:\\\/\\\/ksproducts.ca\\\/wp-content\\\/uploads\\\/2026\\\/04\\\/Grand-Trunk-Blackout-Travel-Eye-and-Sleep-Mask.webp\",\"contentUrl\":\"https:\\\/\\\/ksproducts.ca\\\/wp-content\\\/uploads\\\/2026\\\/04\\\/Grand-Trunk-Blackout-Travel-Eye-and-Sleep-Mask.webp\",\"width\":600,\"height\":400,\"caption\":\"Grand Trunk Blackout Travel Eye and Sleep Mask\"},{\"@type\":\"BreadcrumbList\",\"@id\":\"https:\\\/\\\/ksproducts.ca\\\/product\\\/grand-trunk-blackout-travel-eye-and-sleep-mask\\\/#breadcrumb\",\"itemListElement\":[{\"@type\":\"ListItem\",\"position\":1,\"name\":\"Home\",\"item\":\"https:\\\/\\\/ksproducts.ca\\\/\"},{\"@type\":\"ListItem\",\"position\":2,\"name\":\"Shop\",\"item\":\"https:\\\/\\\/ksproducts.ca\\\/shop\\\/\"},{\"@type\":\"ListItem\",\"position\":3,\"name\":\"Grand Trunk Blackout Travel Eye and Sleep Mask\"}]},{\"@type\":\"WebSite\",\"@id\":\"https:\\\/\\\/ksproducts.ca\\\/#website\",\"url\":\"https:\\\/\\\/ksproducts.ca\\\/\",\"name\":\"Ks Products\",\"description\":\"Outdoor cooking and living, made easy in Canada\",\"publisher\":{\"@id\":\"https:\\\/\\\/ksproducts.ca\\\/#organization\"},\"potentialAction\":[{\"@type\":\"SearchAction\",\"target\":{\"@type\":\"EntryPoint\",\"urlTemplate\":\"https:\\\/\\\/ksproducts.ca\\\/?s={search_term_string}\"},\"query-input\":{\"@type\":\"PropertyValueSpecification\",\"valueRequired\":true,\"valueName\":\"search_term_string\"}}],\"inLanguage\":\"fr-CA\"},{\"@type\":\"Organization\",\"@id\":\"https:\\\/\\\/ksproducts.ca\\\/#organization\",\"name\":\"Ks Products\",\"url\":\"https:\\\/\\\/ksproducts.ca\\\/\",\"logo\":{\"@type\":\"ImageObject\",\"inLanguage\":\"fr-CA\",\"@id\":\"https:\\\/\\\/ksproducts.ca\\\/#\\\/schema\\\/logo\\\/image\\\/\",\"url\":\"https:\\\/\\\/ksproducts.ca\\\/wp-content\\\/uploads\\\/2023\\\/09\\\/Kennedy-Sales-Logo-header-1.png\",\"contentUrl\":\"https:\\\/\\\/ksproducts.ca\\\/wp-content\\\/uploads\\\/2023\\\/09\\\/Kennedy-Sales-Logo-header-1.png\",\"width\":150,\"height\":77,\"caption\":\"Ks Products\"},\"image\":{\"@id\":\"https:\\\/\\\/ksproducts.ca\\\/#\\\/schema\\\/logo\\\/image\\\/\"}}]}<\/script>\n<!-- \/ Yoast SEO plugin. -->","yoast_head_json":{"title":"Masque de nuit et masque pour les yeux Blackout Travel Grand Trunk - Produits Ks","robots":{"index":"index","follow":"follow","max-snippet":"max-snippet:-1","max-image-preview":"max-image-preview:large","max-video-preview":"max-video-preview:-1"},"canonical":"https:\/\/ksproducts.ca\/fr\/product\/masque-de-voyage-et-de-sommeil-grand-trunk-blackout\/","og_locale":"fr_CA","og_type":"article","og_title":"Grand Trunk Blackout Travel Eye and Sleep Mask - Ks Products","og_description":"Anatomically shaped and plush with soft cushioning for a comfortable fit that snuggles smoothly against your eyes. Great for busy hotels, long layovers, long flights or anywhere natural and artificial light threaten to wreck your sleep.","og_url":"https:\/\/ksproducts.ca\/fr\/product\/masque-de-voyage-et-de-sommeil-grand-trunk-blackout\/","og_site_name":"Ks Products","article_modified_time":"2026-04-08T18:34:11+00:00","og_image":[{"width":600,"height":400,"url":"https:\/\/ksproducts.ca\/wp-content\/uploads\/2026\/04\/Grand-Trunk-Blackout-Travel-Eye-and-Sleep-Mask.webp","type":"image\/webp"}],"twitter_card":"summary_large_image","twitter_misc":{"Estimation du temps de lecture":"1 minute"},"schema":{"@context":"https:\/\/schema.org","@graph":[{"@type":"WebPage","@id":"https:\/\/ksproducts.ca\/product\/grand-trunk-blackout-travel-eye-and-sleep-mask\/","url":"https:\/\/ksproducts.ca\/product\/grand-trunk-blackout-travel-eye-and-sleep-mask\/","name":"Masque de nuit et masque pour les yeux Blackout Travel Grand Trunk - Produits Ks","isPartOf":{"@id":"https:\/\/ksproducts.ca\/#website"},"primaryImageOfPage":{"@id":"https:\/\/ksproducts.ca\/product\/grand-trunk-blackout-travel-eye-and-sleep-mask\/#primaryimage"},"image":{"@id":"https:\/\/ksproducts.ca\/product\/grand-trunk-blackout-travel-eye-and-sleep-mask\/#primaryimage"},"thumbnailUrl":"https:\/\/ksproducts.ca\/wp-content\/uploads\/2026\/04\/Grand-Trunk-Blackout-Travel-Eye-and-Sleep-Mask.webp","datePublished":"2026-04-08T16:13:57+00:00","dateModified":"2026-04-08T18:34:11+00:00","breadcrumb":{"@id":"https:\/\/ksproducts.ca\/product\/grand-trunk-blackout-travel-eye-and-sleep-mask\/#breadcrumb"},"inLanguage":"fr-CA","potentialAction":[{"@type":"ReadAction","target":["https:\/\/ksproducts.ca\/product\/grand-trunk-blackout-travel-eye-and-sleep-mask\/"]}]},{"@type":"ImageObject","inLanguage":"fr-CA","@id":"https:\/\/ksproducts.ca\/product\/grand-trunk-blackout-travel-eye-and-sleep-mask\/#primaryimage","url":"https:\/\/ksproducts.ca\/wp-content\/uploads\/2026\/04\/Grand-Trunk-Blackout-Travel-Eye-and-Sleep-Mask.webp","contentUrl":"https:\/\/ksproducts.ca\/wp-content\/uploads\/2026\/04\/Grand-Trunk-Blackout-Travel-Eye-and-Sleep-Mask.webp","width":600,"height":400,"caption":"Grand Trunk Blackout Travel Eye and Sleep Mask"},{"@type":"BreadcrumbList","@id":"https:\/\/ksproducts.ca\/product\/grand-trunk-blackout-travel-eye-and-sleep-mask\/#breadcrumb","itemListElement":[{"@type":"ListItem","position":1,"name":"Home","item":"https:\/\/ksproducts.ca\/"},{"@type":"ListItem","position":2,"name":"Shop","item":"https:\/\/ksproducts.ca\/shop\/"},{"@type":"ListItem","position":3,"name":"Grand Trunk Blackout Travel Eye and Sleep Mask"}]},{"@type":"WebSite","@id":"https:\/\/ksproducts.ca\/#website","url":"https:\/\/ksproducts.ca\/","name":"Produits Ks","description":"Cuisiner et vivre en plein air, c'est facile au Canada","publisher":{"@id":"https:\/\/ksproducts.ca\/#organization"},"potentialAction":[{"@type":"SearchAction","target":{"@type":"EntryPoint","urlTemplate":"https:\/\/ksproducts.ca\/?s={search_term_string}"},"query-input":{"@type":"PropertyValueSpecification","valueRequired":true,"valueName":"search_term_string"}}],"inLanguage":"fr-CA"},{"@type":"Organization","@id":"https:\/\/ksproducts.ca\/#organization","name":"Produits Ks","url":"https:\/\/ksproducts.ca\/","logo":{"@type":"ImageObject","inLanguage":"fr-CA","@id":"https:\/\/ksproducts.ca\/#\/schema\/logo\/image\/","url":"https:\/\/ksproducts.ca\/wp-content\/uploads\/2023\/09\/Kennedy-Sales-Logo-header-1.png","contentUrl":"https:\/\/ksproducts.ca\/wp-content\/uploads\/2023\/09\/Kennedy-Sales-Logo-header-1.png","width":150,"height":77,"caption":"Ks Products"},"image":{"@id":"https:\/\/ksproducts.ca\/#\/schema\/logo\/image\/"}}]}},"_links":{"self":[{"href":"https:\/\/ksproducts.ca\/fr\/wp-json\/wp\/v2\/product\/13059","targetHints":{"allow":["GET"]}}],"collection":[{"href":"https:\/\/ksproducts.ca\/fr\/wp-json\/wp\/v2\/product"}],"about":[{"href":"https:\/\/ksproducts.ca\/fr\/wp-json\/wp\/v2\/types\/product"}],"replies":[{"embeddable":true,"href":"https:\/\/ksproducts.ca\/fr\/wp-json\/wp\/v2\/comments?post=13059"}],"version-history":[{"count":1,"href":"https:\/\/ksproducts.ca\/fr\/wp-json\/wp\/v2\/product\/13059\/revisions"}],"predecessor-version":[{"id":13063,"href":"https:\/\/ksproducts.ca\/fr\/wp-json\/wp\/v2\/product\/13059\/revisions\/13063"}],"wp:featuredmedia":[{"embeddable":true,"href":"https:\/\/ksproducts.ca\/fr\/wp-json\/wp\/v2\/media\/13060"}],"wp:attachment":[{"href":"https:\/\/ksproducts.ca\/fr\/wp-json\/wp\/v2\/media?parent=13059"}],"wp:term":[{"taxonomy":"product_cat","embeddable":true,"href":"https:\/\/ksproducts.ca\/fr\/wp-json\/wp\/v2\/product_cat?post=13059"},{"taxonomy":"product_tag","embeddable":true,"href":"https:\/\/ksproducts.ca\/fr\/wp-json\/wp\/v2\/product_tag?post=13059"}],"curies":[{"name":"wp","href":"https:\/\/api.w.org\/{rel}","templated":true}]}}