{"id":3986,"date":"2022-05-17T17:04:19","date_gmt":"2022-05-17T17:04:19","guid":{"rendered":"http:\/\/localhost\/wordpress\/?post_type=product&#038;p=3986"},"modified":"2026-04-11T10:04:19","modified_gmt":"2026-04-11T10:04:19","slug":"rayonnage-industriel-cat","status":"publish","type":"product","link":"https:\/\/ksproducts.ca\/fr\/product\/cat-industrial-strength-shelving\/","title":{"rendered":"CAT\u00ae Rayonnages industriels"},"content":{"rendered":"<p>Les rayonnages industriels CAT \u00ae sont disponibles dans une grande vari\u00e9t\u00e9 de tailles et de capacit\u00e9s de charge. Les<br \/>\nLa finition industrielle offre un rev\u00eatement extr\u00eamement r\u00e9sistant pour garantir une longue dur\u00e9e de vie dans les applications lourdes. Le r\u00e9glage des \u00e9tag\u00e8res est on ne peut plus simple et rapide. L'assemblage sans outil et les r\u00e9glages sont conviviaux et rapides. Pour votre maison, votre bureau ou votre atelier, les \u00e9tag\u00e8res Cat de qualit\u00e9 industrielle sont la solution qu'il vous faut.<\/p>\n<p>Caract\u00e9ristiques :<\/p>\n<ul>\n<li style=\"list-style-type: none;\">\n<ul>\n<li>Connecter plusieurs unit\u00e9s de rayonnage CAT\u00ae pour des espaces plus grands<\/li>\n<li>Un syst\u00e8me d'embo\u00eetement robuste, con\u00e7u pour durer.<\/li>\n<li>Les \u00e9tag\u00e8res en treillis m\u00e9tallique sont r\u00e9glables pour plus de commodit\u00e9<\/li>\n<li>Aucun outil n'est n\u00e9cessaire pour l'assemblage<\/li>\n<\/ul>\n<\/li>\n<\/ul>\n<p>Sp\u00e9cifications :<\/p>\n<ul>\n<li style=\"list-style-type: none;\">\n<ul>\n<li>Dimensions (L \u00d7 L \u00d7 H) : 195,58 cm \u00d7 45,72 cm \u00d7 182,88 cm (77 in. \u00d7 24 in. \u00d7 72 in.)<\/li>\n<li>Poids : 65,32 kg (144 lb)<\/li>\n<\/ul>\n<\/li>\n<\/ul>\n<p>Garantie :<\/p>\n<ul>\n<li>Limit\u00e9e, 1 an<\/li>\n<\/ul>","protected":false},"excerpt":{"rendered":"<p>Rayonnages Cat\u00ae \u00e0 usage intensif.  Avec une capacit\u00e9 de charge allant jusqu'\u00e0 15 000 livres, ces \u00e9tag\u00e8res r\u00e9sisteront \u00e0 tout ce que vous pourrez y empiler.  Disponible en 7 configurations avec des dimensions et des niveaux d'\u00e9tag\u00e8res variables.  Le rev\u00eatement en poudre Hammered Granite est durable, r\u00e9sistant aux rayures et aux \u00e9raflures, et offre une finition textur\u00e9e unique.  La conception modulaire permet \u00e0 l'installateur de fixer plusieurs rang\u00e9es d'\u00e9tag\u00e8res ensemble.<\/p>","protected":false},"featured_media":4016,"comment_status":"closed","ping_status":"closed","template":"","meta":[],"product_cat":[449,429],"product_tag":[],"class_list":{"0":"post-3986","1":"product","2":"type-product","3":"status-publish","4":"has-post-thumbnail","6":"product_brand-cat","7":"product_cat-shelving-overhead-storage","8":"product_cat-storage-organization","9":"product_shipping_class-class-4","11":"first","12":"instock","13":"taxable","14":"shipping-taxable","15":"purchasable","16":"product-type-variable"},"yoast_head":"<!-- This site is optimized with the Yoast SEO plugin v27.3 - https:\/\/yoast.com\/product\/yoast-seo-wordpress\/ -->\n<title>Cat\u00ae Industrial Strength Shelving - Buy Online Canada<\/title>\n<meta name=\"description\" content=\"With weight capacities of up to 15,000 lbs, these heavy-duty industrial strength shelves will stand up to anything. Configure &amp; buy online.\" \/>\n<meta name=\"robots\" content=\"index, follow, max-snippet:-1, max-image-preview:large, max-video-preview:-1\" \/>\n<link rel=\"canonical\" href=\"https:\/\/ksproducts.ca\/fr\/product\/rayonnage-industriel-cat\/\" \/>\n<meta property=\"og:locale\" content=\"fr_CA\" \/>\n<meta property=\"og:type\" content=\"article\" \/>\n<meta property=\"og:title\" content=\"Cat\u00ae Industrial Strength Shelving - Buy Online Canada\" \/>\n<meta property=\"og:description\" content=\"With weight capacities of up to 15,000 lbs, these heavy-duty industrial strength shelves will stand up to anything. Configure &amp; buy online.\" \/>\n<meta property=\"og:url\" content=\"https:\/\/ksproducts.ca\/fr\/product\/rayonnage-industriel-cat\/\" \/>\n<meta property=\"og:site_name\" content=\"Ks Products\" \/>\n<meta property=\"article:modified_time\" content=\"2026-04-11T10:04:19+00:00\" \/>\n<meta property=\"og:image\" content=\"https:\/\/ksproducts.ca\/wp-content\/uploads\/2022\/05\/Metal-Rack-with-wire-mesh3-e1590424631913.png\" \/>\n\t<meta property=\"og:image:width\" content=\"736\" \/>\n\t<meta property=\"og:image:height\" content=\"800\" \/>\n\t<meta property=\"og:image:type\" content=\"image\/png\" \/>\n<meta name=\"twitter:card\" content=\"summary_large_image\" \/>\n<meta name=\"twitter:label1\" content=\"Estimation du temps de lecture\" \/>\n\t<meta name=\"twitter:data1\" content=\"1 minute\" \/>\n<script type=\"application\/ld+json\" class=\"yoast-schema-graph\">{\"@context\":\"https:\\\/\\\/schema.org\",\"@graph\":[{\"@type\":\"WebPage\",\"@id\":\"https:\\\/\\\/ksproducts.ca\\\/product\\\/cat-industrial-strength-shelving\\\/\",\"url\":\"https:\\\/\\\/ksproducts.ca\\\/product\\\/cat-industrial-strength-shelving\\\/\",\"name\":\"Cat\u00ae Industrial Strength Shelving - Buy Online Canada\",\"isPartOf\":{\"@id\":\"https:\\\/\\\/ksproducts.ca\\\/#website\"},\"primaryImageOfPage\":{\"@id\":\"https:\\\/\\\/ksproducts.ca\\\/product\\\/cat-industrial-strength-shelving\\\/#primaryimage\"},\"image\":{\"@id\":\"https:\\\/\\\/ksproducts.ca\\\/product\\\/cat-industrial-strength-shelving\\\/#primaryimage\"},\"thumbnailUrl\":\"https:\\\/\\\/ksproducts.ca\\\/wp-content\\\/uploads\\\/2022\\\/05\\\/Metal-Rack-with-wire-mesh3-e1590424631913.png\",\"datePublished\":\"2022-05-17T17:04:19+00:00\",\"dateModified\":\"2026-04-11T10:04:19+00:00\",\"description\":\"With weight capacities of up to 15,000 lbs, these heavy-duty industrial strength shelves will stand up to anything. Configure & buy online.\",\"breadcrumb\":{\"@id\":\"https:\\\/\\\/ksproducts.ca\\\/product\\\/cat-industrial-strength-shelving\\\/#breadcrumb\"},\"inLanguage\":\"fr-CA\",\"potentialAction\":[{\"@type\":\"ReadAction\",\"target\":[\"https:\\\/\\\/ksproducts.ca\\\/product\\\/cat-industrial-strength-shelving\\\/\"]}]},{\"@type\":\"ImageObject\",\"inLanguage\":\"fr-CA\",\"@id\":\"https:\\\/\\\/ksproducts.ca\\\/product\\\/cat-industrial-strength-shelving\\\/#primaryimage\",\"url\":\"https:\\\/\\\/ksproducts.ca\\\/wp-content\\\/uploads\\\/2022\\\/05\\\/Metal-Rack-with-wire-mesh3-e1590424631913.png\",\"contentUrl\":\"https:\\\/\\\/ksproducts.ca\\\/wp-content\\\/uploads\\\/2022\\\/05\\\/Metal-Rack-with-wire-mesh3-e1590424631913.png\",\"width\":736,\"height\":800,\"caption\":\"Metal Rack with wire mesh3 e1590424631913\"},{\"@type\":\"BreadcrumbList\",\"@id\":\"https:\\\/\\\/ksproducts.ca\\\/product\\\/cat-industrial-strength-shelving\\\/#breadcrumb\",\"itemListElement\":[{\"@type\":\"ListItem\",\"position\":1,\"name\":\"Home\",\"item\":\"https:\\\/\\\/ksproducts.ca\\\/\"},{\"@type\":\"ListItem\",\"position\":2,\"name\":\"Shop\",\"item\":\"https:\\\/\\\/ksproducts.ca\\\/shop\\\/\"},{\"@type\":\"ListItem\",\"position\":3,\"name\":\"CAT\u00ae Industrial Strength Shelving\"}]},{\"@type\":\"WebSite\",\"@id\":\"https:\\\/\\\/ksproducts.ca\\\/#website\",\"url\":\"https:\\\/\\\/ksproducts.ca\\\/\",\"name\":\"Ks Products\",\"description\":\"Outdoor cooking and living, made easy in Canada\",\"publisher\":{\"@id\":\"https:\\\/\\\/ksproducts.ca\\\/#organization\"},\"potentialAction\":[{\"@type\":\"SearchAction\",\"target\":{\"@type\":\"EntryPoint\",\"urlTemplate\":\"https:\\\/\\\/ksproducts.ca\\\/?s={search_term_string}\"},\"query-input\":{\"@type\":\"PropertyValueSpecification\",\"valueRequired\":true,\"valueName\":\"search_term_string\"}}],\"inLanguage\":\"fr-CA\"},{\"@type\":\"Organization\",\"@id\":\"https:\\\/\\\/ksproducts.ca\\\/#organization\",\"name\":\"Ks Products\",\"url\":\"https:\\\/\\\/ksproducts.ca\\\/\",\"logo\":{\"@type\":\"ImageObject\",\"inLanguage\":\"fr-CA\",\"@id\":\"https:\\\/\\\/ksproducts.ca\\\/#\\\/schema\\\/logo\\\/image\\\/\",\"url\":\"https:\\\/\\\/ksproducts.ca\\\/wp-content\\\/uploads\\\/2023\\\/09\\\/Kennedy-Sales-Logo-header-1.png\",\"contentUrl\":\"https:\\\/\\\/ksproducts.ca\\\/wp-content\\\/uploads\\\/2023\\\/09\\\/Kennedy-Sales-Logo-header-1.png\",\"width\":150,\"height\":77,\"caption\":\"Ks Products\"},\"image\":{\"@id\":\"https:\\\/\\\/ksproducts.ca\\\/#\\\/schema\\\/logo\\\/image\\\/\"}}]}<\/script>\n<!-- \/ Yoast SEO plugin. -->","yoast_head_json":{"title":"Cat\u00ae Industrial Strength Shelving - Achetez en ligne au Canada","description":"Avec une capacit\u00e9 de charge allant jusqu'\u00e0 15 000 livres, ces \u00e9tag\u00e8res industrielles robustes r\u00e9sisteront \u00e0 tout. Configurez et achetez en ligne.","robots":{"index":"index","follow":"follow","max-snippet":"max-snippet:-1","max-image-preview":"max-image-preview:large","max-video-preview":"max-video-preview:-1"},"canonical":"https:\/\/ksproducts.ca\/fr\/product\/rayonnage-industriel-cat\/","og_locale":"fr_CA","og_type":"article","og_title":"Cat\u00ae Industrial Strength Shelving - Buy Online Canada","og_description":"With weight capacities of up to 15,000 lbs, these heavy-duty industrial strength shelves will stand up to anything. Configure & buy online.","og_url":"https:\/\/ksproducts.ca\/fr\/product\/rayonnage-industriel-cat\/","og_site_name":"Ks Products","article_modified_time":"2026-04-11T10:04:19+00:00","og_image":[{"width":736,"height":800,"url":"https:\/\/ksproducts.ca\/wp-content\/uploads\/2022\/05\/Metal-Rack-with-wire-mesh3-e1590424631913.png","type":"image\/png"}],"twitter_card":"summary_large_image","twitter_misc":{"Estimation du temps de lecture":"1 minute"},"schema":{"@context":"https:\/\/schema.org","@graph":[{"@type":"WebPage","@id":"https:\/\/ksproducts.ca\/product\/cat-industrial-strength-shelving\/","url":"https:\/\/ksproducts.ca\/product\/cat-industrial-strength-shelving\/","name":"Cat\u00ae Industrial Strength Shelving - Achetez en ligne au Canada","isPartOf":{"@id":"https:\/\/ksproducts.ca\/#website"},"primaryImageOfPage":{"@id":"https:\/\/ksproducts.ca\/product\/cat-industrial-strength-shelving\/#primaryimage"},"image":{"@id":"https:\/\/ksproducts.ca\/product\/cat-industrial-strength-shelving\/#primaryimage"},"thumbnailUrl":"https:\/\/ksproducts.ca\/wp-content\/uploads\/2022\/05\/Metal-Rack-with-wire-mesh3-e1590424631913.png","datePublished":"2022-05-17T17:04:19+00:00","dateModified":"2026-04-11T10:04:19+00:00","description":"Avec une capacit\u00e9 de charge allant jusqu'\u00e0 15 000 livres, ces \u00e9tag\u00e8res industrielles robustes r\u00e9sisteront \u00e0 tout. Configurez et achetez en ligne.","breadcrumb":{"@id":"https:\/\/ksproducts.ca\/product\/cat-industrial-strength-shelving\/#breadcrumb"},"inLanguage":"fr-CA","potentialAction":[{"@type":"ReadAction","target":["https:\/\/ksproducts.ca\/product\/cat-industrial-strength-shelving\/"]}]},{"@type":"ImageObject","inLanguage":"fr-CA","@id":"https:\/\/ksproducts.ca\/product\/cat-industrial-strength-shelving\/#primaryimage","url":"https:\/\/ksproducts.ca\/wp-content\/uploads\/2022\/05\/Metal-Rack-with-wire-mesh3-e1590424631913.png","contentUrl":"https:\/\/ksproducts.ca\/wp-content\/uploads\/2022\/05\/Metal-Rack-with-wire-mesh3-e1590424631913.png","width":736,"height":800,"caption":"Metal Rack with wire mesh3 e1590424631913"},{"@type":"BreadcrumbList","@id":"https:\/\/ksproducts.ca\/product\/cat-industrial-strength-shelving\/#breadcrumb","itemListElement":[{"@type":"ListItem","position":1,"name":"Home","item":"https:\/\/ksproducts.ca\/"},{"@type":"ListItem","position":2,"name":"Shop","item":"https:\/\/ksproducts.ca\/shop\/"},{"@type":"ListItem","position":3,"name":"CAT\u00ae Industrial Strength Shelving"}]},{"@type":"WebSite","@id":"https:\/\/ksproducts.ca\/#website","url":"https:\/\/ksproducts.ca\/","name":"Produits Ks","description":"Cuisiner et vivre en plein air, c'est facile au Canada","publisher":{"@id":"https:\/\/ksproducts.ca\/#organization"},"potentialAction":[{"@type":"SearchAction","target":{"@type":"EntryPoint","urlTemplate":"https:\/\/ksproducts.ca\/?s={search_term_string}"},"query-input":{"@type":"PropertyValueSpecification","valueRequired":true,"valueName":"search_term_string"}}],"inLanguage":"fr-CA"},{"@type":"Organization","@id":"https:\/\/ksproducts.ca\/#organization","name":"Produits Ks","url":"https:\/\/ksproducts.ca\/","logo":{"@type":"ImageObject","inLanguage":"fr-CA","@id":"https:\/\/ksproducts.ca\/#\/schema\/logo\/image\/","url":"https:\/\/ksproducts.ca\/wp-content\/uploads\/2023\/09\/Kennedy-Sales-Logo-header-1.png","contentUrl":"https:\/\/ksproducts.ca\/wp-content\/uploads\/2023\/09\/Kennedy-Sales-Logo-header-1.png","width":150,"height":77,"caption":"Ks Products"},"image":{"@id":"https:\/\/ksproducts.ca\/#\/schema\/logo\/image\/"}}]}},"_links":{"self":[{"href":"https:\/\/ksproducts.ca\/fr\/wp-json\/wp\/v2\/product\/3986","targetHints":{"allow":["GET"]}}],"collection":[{"href":"https:\/\/ksproducts.ca\/fr\/wp-json\/wp\/v2\/product"}],"about":[{"href":"https:\/\/ksproducts.ca\/fr\/wp-json\/wp\/v2\/types\/product"}],"replies":[{"embeddable":true,"href":"https:\/\/ksproducts.ca\/fr\/wp-json\/wp\/v2\/comments?post=3986"}],"version-history":[{"count":2,"href":"https:\/\/ksproducts.ca\/fr\/wp-json\/wp\/v2\/product\/3986\/revisions"}],"predecessor-version":[{"id":10936,"href":"https:\/\/ksproducts.ca\/fr\/wp-json\/wp\/v2\/product\/3986\/revisions\/10936"}],"wp:featuredmedia":[{"embeddable":true,"href":"https:\/\/ksproducts.ca\/fr\/wp-json\/wp\/v2\/media\/4016"}],"wp:attachment":[{"href":"https:\/\/ksproducts.ca\/fr\/wp-json\/wp\/v2\/media?parent=3986"}],"wp:term":[{"taxonomy":"product_cat","embeddable":true,"href":"https:\/\/ksproducts.ca\/fr\/wp-json\/wp\/v2\/product_cat?post=3986"},{"taxonomy":"product_tag","embeddable":true,"href":"https:\/\/ksproducts.ca\/fr\/wp-json\/wp\/v2\/product_tag?post=3986"}],"curies":[{"name":"wp","href":"https:\/\/api.w.org\/{rel}","templated":true}]}}