{"id":3994,"date":"2022-05-17T17:04:20","date_gmt":"2022-05-17T17:04:20","guid":{"rendered":"http:\/\/localhost\/wordpress\/?post_type=product&#038;p=3994"},"modified":"2026-04-04T14:19:34","modified_gmt":"2026-04-04T14:19:34","slug":"rayonnage-plafonnier-pour-chats","status":"publish","type":"product","link":"https:\/\/ksproducts.ca\/fr\/product\/cat-overhead-shelving\/","title":{"rendered":"Rayonnages suspendus CAT"},"content":{"rendered":"<p>Lorsque l'espace au sol est limit\u00e9, l'unit\u00e9 de stockage au plafond de qualit\u00e9 industrielle Cat\u00ae est la solution id\u00e9ale pour maximiser votre espace. La hauteur est r\u00e9glable de 55,88 cm \u00e0 96,52 cm (22 po \u00e0 38 po), ce qui vous permet d'adapter l'unit\u00e9 de stockage \u00e0 vos besoins sp\u00e9cifiques.<\/p>\n<p>Caract\u00e9ristiques :<\/p>\n<ul>\n<li style=\"list-style-type: none;\">\n<ul>\n<li>Capacit\u00e9 de charge nominale de 272,16 kg (600 lb)<\/li>\n<li>Le support de rangement est r\u00e9glable de 55,88 cm \u00e0 96,52 cm du plafond.<\/li>\n<li>Plate-forme : 1,83 m x 1,22 m (6 ft. x 4 ft.)<\/li>\n<\/ul>\n<\/li>\n<\/ul>\n<p>Sp\u00e9cifications :<\/p>\n<ul>\n<li style=\"list-style-type: none;\">\n<ul>\n<li>Dimensions (L \u00d7 L \u00d7 H) : 182,88 cm \u00d7 121,92 cm \u00d7 96,52 cm (72 in. \u00d7 48 in. \u00d7 38 in.)<\/li>\n<li>Poids : 30,84 kg (68 lb)<\/li>\n<\/ul>\n<\/li>\n<\/ul>\n<p>Garantie :<\/p>\n<ul>\n<li>Limit\u00e9e, 1 an<\/li>\n<\/ul>","protected":false},"excerpt":{"rendered":"<p>Rayonnages suspendus Cat\u00ae Heavy Duty.  Avec une capacit\u00e9 de charge allant jusqu'\u00e0 600 lb, ces \u00e9tag\u00e8res r\u00e9sisteront \u00e0 tout ce que vous pouvez y empiler.  Disponible en 3 configurations avec des dimensions variables 4\u2032, 6\u2032, 8\u2032 de longueur.  Le rev\u00eatement en poudre Hammered Granite est durable, r\u00e9sistant aux rayures\/\u00e9clats et offre une finition textur\u00e9e unique.  Ajustez la hauteur de l'\u00e9tag\u00e8re de 23\u2033 \u00e0 38\u2033 pour un ajustement personnalis\u00e9 dans votre garage, hangar ou atelier.<\/p>","protected":false},"featured_media":4022,"comment_status":"closed","ping_status":"closed","template":"","meta":[],"product_cat":[449],"product_tag":[],"class_list":{"0":"post-3994","1":"product","2":"type-product","3":"status-publish","4":"has-post-thumbnail","6":"product_brand-cat","7":"product_cat-shelving-overhead-storage","8":"product_shipping_class-class-4","10":"first","11":"instock","12":"featured","13":"taxable","14":"shipping-taxable","15":"purchasable","16":"product-type-variable"},"yoast_head":"<!-- This site is optimized with the Yoast SEO plugin v27.3 - https:\/\/yoast.com\/product\/yoast-seo-wordpress\/ -->\n<title>Cat\u00ae Heavy Duty Overhead Shelving - Buy Online Canada<\/title>\n<meta name=\"description\" content=\"With weight capacities of up to 600lbs, these metal shelves will stand up to anything you can stack on them.\u00a0 View configurations online.\" \/>\n<meta name=\"robots\" content=\"index, follow, max-snippet:-1, max-image-preview:large, max-video-preview:-1\" \/>\n<link rel=\"canonical\" href=\"https:\/\/ksproducts.ca\/fr\/product\/rayonnage-plafonnier-pour-chats\/\" \/>\n<meta property=\"og:locale\" content=\"fr_CA\" \/>\n<meta property=\"og:type\" content=\"article\" \/>\n<meta property=\"og:title\" content=\"Cat\u00ae Heavy Duty Overhead Shelving - Buy Online Canada\" \/>\n<meta property=\"og:description\" content=\"With weight capacities of up to 600lbs, these metal shelves will stand up to anything you can stack on them.\u00a0 View configurations online.\" \/>\n<meta property=\"og:url\" content=\"https:\/\/ksproducts.ca\/fr\/product\/rayonnage-plafonnier-pour-chats\/\" \/>\n<meta property=\"og:site_name\" content=\"Ks Products\" \/>\n<meta property=\"article:modified_time\" content=\"2026-04-04T14:19:34+00:00\" \/>\n<meta property=\"og:image\" content=\"https:\/\/ksproducts.ca\/wp-content\/uploads\/2022\/05\/CAT-RS724838G201-jpg.webp\" \/>\n\t<meta property=\"og:image:width\" content=\"1000\" \/>\n\t<meta property=\"og:image:height\" content=\"1000\" \/>\n\t<meta property=\"og:image:type\" content=\"image\/jpeg\" \/>\n<meta name=\"twitter:card\" content=\"summary_large_image\" \/>\n<meta name=\"twitter:label1\" content=\"Estimation du temps de lecture\" \/>\n\t<meta name=\"twitter:data1\" content=\"1 minute\" \/>\n<script type=\"application\/ld+json\" class=\"yoast-schema-graph\">{\"@context\":\"https:\\\/\\\/schema.org\",\"@graph\":[{\"@type\":\"WebPage\",\"@id\":\"https:\\\/\\\/ksproducts.ca\\\/product\\\/cat-overhead-shelving\\\/\",\"url\":\"https:\\\/\\\/ksproducts.ca\\\/product\\\/cat-overhead-shelving\\\/\",\"name\":\"Cat\u00ae Heavy Duty Overhead Shelving - Buy Online Canada\",\"isPartOf\":{\"@id\":\"https:\\\/\\\/ksproducts.ca\\\/#website\"},\"primaryImageOfPage\":{\"@id\":\"https:\\\/\\\/ksproducts.ca\\\/product\\\/cat-overhead-shelving\\\/#primaryimage\"},\"image\":{\"@id\":\"https:\\\/\\\/ksproducts.ca\\\/product\\\/cat-overhead-shelving\\\/#primaryimage\"},\"thumbnailUrl\":\"https:\\\/\\\/ksproducts.ca\\\/wp-content\\\/uploads\\\/2022\\\/05\\\/CAT-RS724838G201-jpg.webp\",\"datePublished\":\"2022-05-17T17:04:20+00:00\",\"dateModified\":\"2026-04-04T14:19:34+00:00\",\"description\":\"With weight capacities of up to 600lbs, these metal shelves will stand up to anything you can stack on them.\u00a0 View configurations online.\",\"breadcrumb\":{\"@id\":\"https:\\\/\\\/ksproducts.ca\\\/product\\\/cat-overhead-shelving\\\/#breadcrumb\"},\"inLanguage\":\"fr-CA\",\"potentialAction\":[{\"@type\":\"ReadAction\",\"target\":[\"https:\\\/\\\/ksproducts.ca\\\/product\\\/cat-overhead-shelving\\\/\"]}]},{\"@type\":\"ImageObject\",\"inLanguage\":\"fr-CA\",\"@id\":\"https:\\\/\\\/ksproducts.ca\\\/product\\\/cat-overhead-shelving\\\/#primaryimage\",\"url\":\"https:\\\/\\\/ksproducts.ca\\\/wp-content\\\/uploads\\\/2022\\\/05\\\/CAT-RS724838G201-jpg.webp\",\"contentUrl\":\"https:\\\/\\\/ksproducts.ca\\\/wp-content\\\/uploads\\\/2022\\\/05\\\/CAT-RS724838G201-jpg.webp\",\"width\":1000,\"height\":1000,\"caption\":\"CAT RS724838G201 jpg\"},{\"@type\":\"BreadcrumbList\",\"@id\":\"https:\\\/\\\/ksproducts.ca\\\/product\\\/cat-overhead-shelving\\\/#breadcrumb\",\"itemListElement\":[{\"@type\":\"ListItem\",\"position\":1,\"name\":\"Home\",\"item\":\"https:\\\/\\\/ksproducts.ca\\\/\"},{\"@type\":\"ListItem\",\"position\":2,\"name\":\"Shop\",\"item\":\"https:\\\/\\\/ksproducts.ca\\\/shop\\\/\"},{\"@type\":\"ListItem\",\"position\":3,\"name\":\"CAT\u00ae Overhead Shelving\"}]},{\"@type\":\"WebSite\",\"@id\":\"https:\\\/\\\/ksproducts.ca\\\/#website\",\"url\":\"https:\\\/\\\/ksproducts.ca\\\/\",\"name\":\"Ks Products\",\"description\":\"Outdoor cooking and living, made easy in Canada\",\"publisher\":{\"@id\":\"https:\\\/\\\/ksproducts.ca\\\/#organization\"},\"potentialAction\":[{\"@type\":\"SearchAction\",\"target\":{\"@type\":\"EntryPoint\",\"urlTemplate\":\"https:\\\/\\\/ksproducts.ca\\\/?s={search_term_string}\"},\"query-input\":{\"@type\":\"PropertyValueSpecification\",\"valueRequired\":true,\"valueName\":\"search_term_string\"}}],\"inLanguage\":\"fr-CA\"},{\"@type\":\"Organization\",\"@id\":\"https:\\\/\\\/ksproducts.ca\\\/#organization\",\"name\":\"Ks Products\",\"url\":\"https:\\\/\\\/ksproducts.ca\\\/\",\"logo\":{\"@type\":\"ImageObject\",\"inLanguage\":\"fr-CA\",\"@id\":\"https:\\\/\\\/ksproducts.ca\\\/#\\\/schema\\\/logo\\\/image\\\/\",\"url\":\"https:\\\/\\\/ksproducts.ca\\\/wp-content\\\/uploads\\\/2023\\\/09\\\/Kennedy-Sales-Logo-header-1.png\",\"contentUrl\":\"https:\\\/\\\/ksproducts.ca\\\/wp-content\\\/uploads\\\/2023\\\/09\\\/Kennedy-Sales-Logo-header-1.png\",\"width\":150,\"height\":77,\"caption\":\"Ks Products\"},\"image\":{\"@id\":\"https:\\\/\\\/ksproducts.ca\\\/#\\\/schema\\\/logo\\\/image\\\/\"}}]}<\/script>\n<!-- \/ Yoast SEO plugin. -->","yoast_head_json":{"title":"Cat\u00ae Heavy Duty Overhead Shelving - Achetez en ligne au Canada","description":"Avec une capacit\u00e9 de charge allant jusqu'\u00e0 600 lb, ces \u00e9tag\u00e8res en m\u00e9tal r\u00e9sisteront \u00e0 tout ce que vous pourrez y empiler.  Voir les configurations en ligne.","robots":{"index":"index","follow":"follow","max-snippet":"max-snippet:-1","max-image-preview":"max-image-preview:large","max-video-preview":"max-video-preview:-1"},"canonical":"https:\/\/ksproducts.ca\/fr\/product\/rayonnage-plafonnier-pour-chats\/","og_locale":"fr_CA","og_type":"article","og_title":"Cat\u00ae Heavy Duty Overhead Shelving - Buy Online Canada","og_description":"With weight capacities of up to 600lbs, these metal shelves will stand up to anything you can stack on them.\u00a0 View configurations online.","og_url":"https:\/\/ksproducts.ca\/fr\/product\/rayonnage-plafonnier-pour-chats\/","og_site_name":"Ks Products","article_modified_time":"2026-04-04T14:19:34+00:00","og_image":[{"width":1000,"height":1000,"url":"https:\/\/ksproducts.ca\/wp-content\/uploads\/2022\/05\/CAT-RS724838G201-jpg.webp","type":"image\/jpeg"}],"twitter_card":"summary_large_image","twitter_misc":{"Estimation du temps de lecture":"1 minute"},"schema":{"@context":"https:\/\/schema.org","@graph":[{"@type":"WebPage","@id":"https:\/\/ksproducts.ca\/product\/cat-overhead-shelving\/","url":"https:\/\/ksproducts.ca\/product\/cat-overhead-shelving\/","name":"Cat\u00ae Heavy Duty Overhead Shelving - Achetez en ligne au Canada","isPartOf":{"@id":"https:\/\/ksproducts.ca\/#website"},"primaryImageOfPage":{"@id":"https:\/\/ksproducts.ca\/product\/cat-overhead-shelving\/#primaryimage"},"image":{"@id":"https:\/\/ksproducts.ca\/product\/cat-overhead-shelving\/#primaryimage"},"thumbnailUrl":"https:\/\/ksproducts.ca\/wp-content\/uploads\/2022\/05\/CAT-RS724838G201-jpg.webp","datePublished":"2022-05-17T17:04:20+00:00","dateModified":"2026-04-04T14:19:34+00:00","description":"Avec une capacit\u00e9 de charge allant jusqu'\u00e0 600 lb, ces \u00e9tag\u00e8res en m\u00e9tal r\u00e9sisteront \u00e0 tout ce que vous pourrez y empiler.  Voir les configurations en ligne.","breadcrumb":{"@id":"https:\/\/ksproducts.ca\/product\/cat-overhead-shelving\/#breadcrumb"},"inLanguage":"fr-CA","potentialAction":[{"@type":"ReadAction","target":["https:\/\/ksproducts.ca\/product\/cat-overhead-shelving\/"]}]},{"@type":"ImageObject","inLanguage":"fr-CA","@id":"https:\/\/ksproducts.ca\/product\/cat-overhead-shelving\/#primaryimage","url":"https:\/\/ksproducts.ca\/wp-content\/uploads\/2022\/05\/CAT-RS724838G201-jpg.webp","contentUrl":"https:\/\/ksproducts.ca\/wp-content\/uploads\/2022\/05\/CAT-RS724838G201-jpg.webp","width":1000,"height":1000,"caption":"CAT RS724838G201 jpg"},{"@type":"BreadcrumbList","@id":"https:\/\/ksproducts.ca\/product\/cat-overhead-shelving\/#breadcrumb","itemListElement":[{"@type":"ListItem","position":1,"name":"Home","item":"https:\/\/ksproducts.ca\/"},{"@type":"ListItem","position":2,"name":"Shop","item":"https:\/\/ksproducts.ca\/shop\/"},{"@type":"ListItem","position":3,"name":"CAT\u00ae Overhead Shelving"}]},{"@type":"WebSite","@id":"https:\/\/ksproducts.ca\/#website","url":"https:\/\/ksproducts.ca\/","name":"Produits Ks","description":"Cuisiner et vivre en plein air, c'est facile au Canada","publisher":{"@id":"https:\/\/ksproducts.ca\/#organization"},"potentialAction":[{"@type":"SearchAction","target":{"@type":"EntryPoint","urlTemplate":"https:\/\/ksproducts.ca\/?s={search_term_string}"},"query-input":{"@type":"PropertyValueSpecification","valueRequired":true,"valueName":"search_term_string"}}],"inLanguage":"fr-CA"},{"@type":"Organization","@id":"https:\/\/ksproducts.ca\/#organization","name":"Produits Ks","url":"https:\/\/ksproducts.ca\/","logo":{"@type":"ImageObject","inLanguage":"fr-CA","@id":"https:\/\/ksproducts.ca\/#\/schema\/logo\/image\/","url":"https:\/\/ksproducts.ca\/wp-content\/uploads\/2023\/09\/Kennedy-Sales-Logo-header-1.png","contentUrl":"https:\/\/ksproducts.ca\/wp-content\/uploads\/2023\/09\/Kennedy-Sales-Logo-header-1.png","width":150,"height":77,"caption":"Ks Products"},"image":{"@id":"https:\/\/ksproducts.ca\/#\/schema\/logo\/image\/"}}]}},"_links":{"self":[{"href":"https:\/\/ksproducts.ca\/fr\/wp-json\/wp\/v2\/product\/3994","targetHints":{"allow":["GET"]}}],"collection":[{"href":"https:\/\/ksproducts.ca\/fr\/wp-json\/wp\/v2\/product"}],"about":[{"href":"https:\/\/ksproducts.ca\/fr\/wp-json\/wp\/v2\/types\/product"}],"replies":[{"embeddable":true,"href":"https:\/\/ksproducts.ca\/fr\/wp-json\/wp\/v2\/comments?post=3994"}],"version-history":[{"count":3,"href":"https:\/\/ksproducts.ca\/fr\/wp-json\/wp\/v2\/product\/3994\/revisions"}],"predecessor-version":[{"id":10938,"href":"https:\/\/ksproducts.ca\/fr\/wp-json\/wp\/v2\/product\/3994\/revisions\/10938"}],"wp:featuredmedia":[{"embeddable":true,"href":"https:\/\/ksproducts.ca\/fr\/wp-json\/wp\/v2\/media\/4022"}],"wp:attachment":[{"href":"https:\/\/ksproducts.ca\/fr\/wp-json\/wp\/v2\/media?parent=3994"}],"wp:term":[{"taxonomy":"product_cat","embeddable":true,"href":"https:\/\/ksproducts.ca\/fr\/wp-json\/wp\/v2\/product_cat?post=3994"},{"taxonomy":"product_tag","embeddable":true,"href":"https:\/\/ksproducts.ca\/fr\/wp-json\/wp\/v2\/product_tag?post=3994"}],"curies":[{"name":"wp","href":"https:\/\/api.w.org\/{rel}","templated":true}]}}