{"id":3998,"date":"2022-05-17T17:04:20","date_gmt":"2022-05-17T17:04:20","guid":{"rendered":"http:\/\/localhost\/wordpress\/?post_type=product&#038;p=3998"},"modified":"2026-04-04T04:59:05","modified_gmt":"2026-04-04T04:59:05","slug":"cat-heavy-duty-workbenches","status":"publish","type":"product","link":"https:\/\/ksproducts.ca\/fr\/product\/cat-heavy-duty-workbenches\/","title":{"rendered":"\u00c9tablis CAT\u00ae Garage Heavy Duty"},"content":{"rendered":"<div class=\"product-info-description\">\n<p>\u00c9tablis de travail Cat\u00ae \u00e0 usage intensif.  Avec une capacit\u00e9 de charge de 3 000 livres, ces \u00e9tablis r\u00e9sisteront \u00e0 tout ce que vous pourrez y empiler. Le rev\u00eatement en poudre de granit martel\u00e9 est durable, r\u00e9sistant aux \u00e9gratignures et aux \u00e9br\u00e9chures, et offre un fini textur\u00e9 unique.  R\u00e9glez la hauteur de l'\u00e9tabli de 29 \u00e0 42 pouces pour un ajustement personnalis\u00e9 dans votre garage, votre remise ou votre atelier.  Toutes les tables de travail Cat\u00ae sont fabriqu\u00e9es en bois d'h\u00e9v\u00e9a tr\u00e8s durable de 40 mm d'\u00e9paisseur.<\/p>\n<p>Caract\u00e9ristiques :<\/p>\n<ul>\n<li style=\"list-style-type: none;\">\n<ul>\n<li>La capacit\u00e9 de charge nominale de 3 000 livres est id\u00e9ale pour les projets lourds.<\/li>\n<li>Le plateau en bois d'h\u00e9v\u00e9a est pr\u00e9-perc\u00e9 pour faciliter l'installation des pieds.<\/li>\n<li>Le cadre et les pieds en acier robuste constituent une base solide, les patins en nylon \u00e9vitent les taches sur le sol et la corrosion.<\/li>\n<li>Id\u00e9al pour un large \u00e9ventail d'utilisations, y compris un bureau, une zone de projet ou une zone de bar.<\/li>\n<li>Les pieds niveleurs \u00e0 boulons filet\u00e9s permettent d'ajuster le positionnement sur des sols irr\u00e9guliers.<\/li>\n<\/ul>\n<\/li>\n<\/ul>\n<p>Comprend :<\/p>\n<ul>\n<li style=\"list-style-type: none;\">\n<ul>\n<li>Manuel d'installation<\/li>\n<\/ul>\n<\/li>\n<\/ul>\n<p>Sp\u00e9cifications :<\/p>\n<ul>\n<li style=\"list-style-type: none;\">\n<ul>\n<li>Dimensions (L \u00d7 L \u00d7 H\/D) : 182,88 cm \u00d7 63,5 cm \u00d7 106,68 cm (72 po \u00d7 25 po \u00d7 42 po)<\/li>\n<li>Poids : 60 kg (132.27 lb)<\/li>\n<\/ul>\n<\/li>\n<\/ul>\n<p>Garantie : 1 an<\/p>\n<\/div>","protected":false},"excerpt":{"rendered":"<p>\u00c9tablis de travail Cat\u00ae \u00e0 usage intensif.  Avec une capacit\u00e9 de charge de 2000 lb, ces tables de travail r\u00e9sisteront \u00e0 tout ce que vous pouvez y empiler.  Disponible en 7 configurations avec des dimensions variables de 4\u2032, 6\u2032, 8\u2032 de longueur.<\/p>","protected":false},"featured_media":4044,"comment_status":"closed","ping_status":"closed","template":"","meta":[],"product_cat":[450],"product_tag":[],"class_list":{"0":"post-3998","1":"product","2":"type-product","3":"status-publish","4":"has-post-thumbnail","6":"product_brand-cat","7":"product_cat-workbenches","8":"product_shipping_class-class-4","10":"first","11":"instock","12":"taxable","13":"shipping-taxable","14":"purchasable","15":"product-type-variable"},"yoast_head":"<!-- This site is optimized with the Yoast SEO plugin v27.3 - https:\/\/yoast.com\/product\/yoast-seo-wordpress\/ -->\n<title>Cat\u00ae Heavy Duty Workbenches - Buy Online Canada<\/title>\n<meta name=\"description\" content=\"With weight capacities of 2000lbs, these workbenches will stand up to anything you can stack on them.\u00a0See all configurations online.\" \/>\n<meta name=\"robots\" content=\"index, follow, max-snippet:-1, max-image-preview:large, max-video-preview:-1\" \/>\n<link rel=\"canonical\" href=\"https:\/\/ksproducts.ca\/fr\/product\/cat-heavy-duty-workbenches\/\" \/>\n<meta property=\"og:locale\" content=\"fr_CA\" \/>\n<meta property=\"og:type\" content=\"article\" \/>\n<meta property=\"og:title\" content=\"Cat\u00ae Heavy Duty Workbenches - Buy Online Canada\" \/>\n<meta property=\"og:description\" content=\"With weight capacities of 2000lbs, these workbenches will stand up to anything you can stack on them.\u00a0See all configurations online.\" \/>\n<meta property=\"og:url\" content=\"https:\/\/ksproducts.ca\/fr\/product\/cat-heavy-duty-workbenches\/\" \/>\n<meta property=\"og:site_name\" content=\"Ks Products\" \/>\n<meta property=\"article:modified_time\" content=\"2026-04-04T04:59:05+00:00\" \/>\n<meta property=\"og:image\" content=\"https:\/\/ksproducts.ca\/wp-content\/uploads\/2022\/05\/CAT-WB482529A44094ft-10-jpg.webp\" \/>\n\t<meta property=\"og:image:width\" content=\"1500\" \/>\n\t<meta property=\"og:image:height\" content=\"1500\" \/>\n\t<meta property=\"og:image:type\" content=\"image\/jpeg\" \/>\n<meta name=\"twitter:card\" content=\"summary_large_image\" \/>\n<meta name=\"twitter:label1\" content=\"Estimation du temps de lecture\" \/>\n\t<meta name=\"twitter:data1\" content=\"1 minute\" \/>\n<script type=\"application\/ld+json\" class=\"yoast-schema-graph\">{\"@context\":\"https:\\\/\\\/schema.org\",\"@graph\":[{\"@type\":\"WebPage\",\"@id\":\"https:\\\/\\\/ksproducts.ca\\\/product\\\/cat-heavy-duty-workbenches\\\/\",\"url\":\"https:\\\/\\\/ksproducts.ca\\\/product\\\/cat-heavy-duty-workbenches\\\/\",\"name\":\"Cat\u00ae Heavy Duty Workbenches - Buy Online Canada\",\"isPartOf\":{\"@id\":\"https:\\\/\\\/ksproducts.ca\\\/#website\"},\"primaryImageOfPage\":{\"@id\":\"https:\\\/\\\/ksproducts.ca\\\/product\\\/cat-heavy-duty-workbenches\\\/#primaryimage\"},\"image\":{\"@id\":\"https:\\\/\\\/ksproducts.ca\\\/product\\\/cat-heavy-duty-workbenches\\\/#primaryimage\"},\"thumbnailUrl\":\"https:\\\/\\\/ksproducts.ca\\\/wp-content\\\/uploads\\\/2022\\\/05\\\/CAT-WB482529A44094ft-10-jpg.webp\",\"datePublished\":\"2022-05-17T17:04:20+00:00\",\"dateModified\":\"2026-04-04T04:59:05+00:00\",\"description\":\"With weight capacities of 2000lbs, these workbenches will stand up to anything you can stack on them.\u00a0See all configurations online.\",\"breadcrumb\":{\"@id\":\"https:\\\/\\\/ksproducts.ca\\\/product\\\/cat-heavy-duty-workbenches\\\/#breadcrumb\"},\"inLanguage\":\"fr-CA\",\"potentialAction\":[{\"@type\":\"ReadAction\",\"target\":[\"https:\\\/\\\/ksproducts.ca\\\/product\\\/cat-heavy-duty-workbenches\\\/\"]}]},{\"@type\":\"ImageObject\",\"inLanguage\":\"fr-CA\",\"@id\":\"https:\\\/\\\/ksproducts.ca\\\/product\\\/cat-heavy-duty-workbenches\\\/#primaryimage\",\"url\":\"https:\\\/\\\/ksproducts.ca\\\/wp-content\\\/uploads\\\/2022\\\/05\\\/CAT-WB482529A44094ft-10-jpg.webp\",\"contentUrl\":\"https:\\\/\\\/ksproducts.ca\\\/wp-content\\\/uploads\\\/2022\\\/05\\\/CAT-WB482529A44094ft-10-jpg.webp\",\"width\":1500,\"height\":1500,\"caption\":\"CAT WB482529A44094ft 10 jpg\"},{\"@type\":\"BreadcrumbList\",\"@id\":\"https:\\\/\\\/ksproducts.ca\\\/product\\\/cat-heavy-duty-workbenches\\\/#breadcrumb\",\"itemListElement\":[{\"@type\":\"ListItem\",\"position\":1,\"name\":\"Home\",\"item\":\"https:\\\/\\\/ksproducts.ca\\\/\"},{\"@type\":\"ListItem\",\"position\":2,\"name\":\"Shop\",\"item\":\"https:\\\/\\\/ksproducts.ca\\\/shop\\\/\"},{\"@type\":\"ListItem\",\"position\":3,\"name\":\"CAT\u00ae Garage Heavy Duty Workbenches\"}]},{\"@type\":\"WebSite\",\"@id\":\"https:\\\/\\\/ksproducts.ca\\\/#website\",\"url\":\"https:\\\/\\\/ksproducts.ca\\\/\",\"name\":\"Ks Products\",\"description\":\"Outdoor cooking and living, made easy in Canada\",\"publisher\":{\"@id\":\"https:\\\/\\\/ksproducts.ca\\\/#organization\"},\"potentialAction\":[{\"@type\":\"SearchAction\",\"target\":{\"@type\":\"EntryPoint\",\"urlTemplate\":\"https:\\\/\\\/ksproducts.ca\\\/?s={search_term_string}\"},\"query-input\":{\"@type\":\"PropertyValueSpecification\",\"valueRequired\":true,\"valueName\":\"search_term_string\"}}],\"inLanguage\":\"fr-CA\"},{\"@type\":\"Organization\",\"@id\":\"https:\\\/\\\/ksproducts.ca\\\/#organization\",\"name\":\"Ks Products\",\"url\":\"https:\\\/\\\/ksproducts.ca\\\/\",\"logo\":{\"@type\":\"ImageObject\",\"inLanguage\":\"fr-CA\",\"@id\":\"https:\\\/\\\/ksproducts.ca\\\/#\\\/schema\\\/logo\\\/image\\\/\",\"url\":\"https:\\\/\\\/ksproducts.ca\\\/wp-content\\\/uploads\\\/2023\\\/09\\\/Kennedy-Sales-Logo-header-1.png\",\"contentUrl\":\"https:\\\/\\\/ksproducts.ca\\\/wp-content\\\/uploads\\\/2023\\\/09\\\/Kennedy-Sales-Logo-header-1.png\",\"width\":150,\"height\":77,\"caption\":\"Ks Products\"},\"image\":{\"@id\":\"https:\\\/\\\/ksproducts.ca\\\/#\\\/schema\\\/logo\\\/image\\\/\"}}]}<\/script>\n<!-- \/ Yoast SEO plugin. -->","yoast_head_json":{"title":"Cat\u00ae \u00c9tablis robustes - Achetez en ligne au Canada","description":"Avec une capacit\u00e9 de charge de 2000lbs, ces \u00e9tablis r\u00e9sisteront \u00e0 tout ce que vous pourrez y empiler. Voir toutes les configurations en ligne.","robots":{"index":"index","follow":"follow","max-snippet":"max-snippet:-1","max-image-preview":"max-image-preview:large","max-video-preview":"max-video-preview:-1"},"canonical":"https:\/\/ksproducts.ca\/fr\/product\/cat-heavy-duty-workbenches\/","og_locale":"fr_CA","og_type":"article","og_title":"Cat\u00ae Heavy Duty Workbenches - Buy Online Canada","og_description":"With weight capacities of 2000lbs, these workbenches will stand up to anything you can stack on them.\u00a0See all configurations online.","og_url":"https:\/\/ksproducts.ca\/fr\/product\/cat-heavy-duty-workbenches\/","og_site_name":"Ks Products","article_modified_time":"2026-04-04T04:59:05+00:00","og_image":[{"width":1500,"height":1500,"url":"https:\/\/ksproducts.ca\/wp-content\/uploads\/2022\/05\/CAT-WB482529A44094ft-10-jpg.webp","type":"image\/jpeg"}],"twitter_card":"summary_large_image","twitter_misc":{"Estimation du temps de lecture":"1 minute"},"schema":{"@context":"https:\/\/schema.org","@graph":[{"@type":"WebPage","@id":"https:\/\/ksproducts.ca\/product\/cat-heavy-duty-workbenches\/","url":"https:\/\/ksproducts.ca\/product\/cat-heavy-duty-workbenches\/","name":"Cat\u00ae \u00c9tablis robustes - Achetez en ligne au Canada","isPartOf":{"@id":"https:\/\/ksproducts.ca\/#website"},"primaryImageOfPage":{"@id":"https:\/\/ksproducts.ca\/product\/cat-heavy-duty-workbenches\/#primaryimage"},"image":{"@id":"https:\/\/ksproducts.ca\/product\/cat-heavy-duty-workbenches\/#primaryimage"},"thumbnailUrl":"https:\/\/ksproducts.ca\/wp-content\/uploads\/2022\/05\/CAT-WB482529A44094ft-10-jpg.webp","datePublished":"2022-05-17T17:04:20+00:00","dateModified":"2026-04-04T04:59:05+00:00","description":"Avec une capacit\u00e9 de charge de 2000lbs, ces \u00e9tablis r\u00e9sisteront \u00e0 tout ce que vous pourrez y empiler. Voir toutes les configurations en ligne.","breadcrumb":{"@id":"https:\/\/ksproducts.ca\/product\/cat-heavy-duty-workbenches\/#breadcrumb"},"inLanguage":"fr-CA","potentialAction":[{"@type":"ReadAction","target":["https:\/\/ksproducts.ca\/product\/cat-heavy-duty-workbenches\/"]}]},{"@type":"ImageObject","inLanguage":"fr-CA","@id":"https:\/\/ksproducts.ca\/product\/cat-heavy-duty-workbenches\/#primaryimage","url":"https:\/\/ksproducts.ca\/wp-content\/uploads\/2022\/05\/CAT-WB482529A44094ft-10-jpg.webp","contentUrl":"https:\/\/ksproducts.ca\/wp-content\/uploads\/2022\/05\/CAT-WB482529A44094ft-10-jpg.webp","width":1500,"height":1500,"caption":"CAT WB482529A44094ft 10 jpg"},{"@type":"BreadcrumbList","@id":"https:\/\/ksproducts.ca\/product\/cat-heavy-duty-workbenches\/#breadcrumb","itemListElement":[{"@type":"ListItem","position":1,"name":"Home","item":"https:\/\/ksproducts.ca\/"},{"@type":"ListItem","position":2,"name":"Shop","item":"https:\/\/ksproducts.ca\/shop\/"},{"@type":"ListItem","position":3,"name":"CAT\u00ae Garage Heavy Duty Workbenches"}]},{"@type":"WebSite","@id":"https:\/\/ksproducts.ca\/#website","url":"https:\/\/ksproducts.ca\/","name":"Produits Ks","description":"Cuisiner et vivre en plein air, c'est facile au Canada","publisher":{"@id":"https:\/\/ksproducts.ca\/#organization"},"potentialAction":[{"@type":"SearchAction","target":{"@type":"EntryPoint","urlTemplate":"https:\/\/ksproducts.ca\/?s={search_term_string}"},"query-input":{"@type":"PropertyValueSpecification","valueRequired":true,"valueName":"search_term_string"}}],"inLanguage":"fr-CA"},{"@type":"Organization","@id":"https:\/\/ksproducts.ca\/#organization","name":"Produits Ks","url":"https:\/\/ksproducts.ca\/","logo":{"@type":"ImageObject","inLanguage":"fr-CA","@id":"https:\/\/ksproducts.ca\/#\/schema\/logo\/image\/","url":"https:\/\/ksproducts.ca\/wp-content\/uploads\/2023\/09\/Kennedy-Sales-Logo-header-1.png","contentUrl":"https:\/\/ksproducts.ca\/wp-content\/uploads\/2023\/09\/Kennedy-Sales-Logo-header-1.png","width":150,"height":77,"caption":"Ks Products"},"image":{"@id":"https:\/\/ksproducts.ca\/#\/schema\/logo\/image\/"}}]}},"_links":{"self":[{"href":"https:\/\/ksproducts.ca\/fr\/wp-json\/wp\/v2\/product\/3998","targetHints":{"allow":["GET"]}}],"collection":[{"href":"https:\/\/ksproducts.ca\/fr\/wp-json\/wp\/v2\/product"}],"about":[{"href":"https:\/\/ksproducts.ca\/fr\/wp-json\/wp\/v2\/types\/product"}],"replies":[{"embeddable":true,"href":"https:\/\/ksproducts.ca\/fr\/wp-json\/wp\/v2\/comments?post=3998"}],"version-history":[{"count":3,"href":"https:\/\/ksproducts.ca\/fr\/wp-json\/wp\/v2\/product\/3998\/revisions"}],"predecessor-version":[{"id":10935,"href":"https:\/\/ksproducts.ca\/fr\/wp-json\/wp\/v2\/product\/3998\/revisions\/10935"}],"wp:featuredmedia":[{"embeddable":true,"href":"https:\/\/ksproducts.ca\/fr\/wp-json\/wp\/v2\/media\/4044"}],"wp:attachment":[{"href":"https:\/\/ksproducts.ca\/fr\/wp-json\/wp\/v2\/media?parent=3998"}],"wp:term":[{"taxonomy":"product_cat","embeddable":true,"href":"https:\/\/ksproducts.ca\/fr\/wp-json\/wp\/v2\/product_cat?post=3998"},{"taxonomy":"product_tag","embeddable":true,"href":"https:\/\/ksproducts.ca\/fr\/wp-json\/wp\/v2\/product_tag?post=3998"}],"curies":[{"name":"wp","href":"https:\/\/api.w.org\/{rel}","templated":true}]}}