{"id":4006,"date":"2022-05-17T17:04:21","date_gmt":"2022-05-17T17:04:21","guid":{"rendered":"http:\/\/localhost\/wordpress\/?post_type=product&#038;p=4006"},"modified":"2026-02-12T19:18:43","modified_gmt":"2026-02-12T19:18:43","slug":"lampe-tactique-a-led-haute-puissance","status":"publish","type":"product","link":"https:\/\/ksproducts.ca\/fr\/product\/high-power-led-tactical-light\/","title":{"rendered":"Lampe tactique \u00e0 diodes \u00e9lectroluminescentes de grande puissance"},"content":{"rendered":"<div class=\"features\">\n<p>CARACT\u00c9RISTIQUES<\/p>\n<ul class=\"product-description-list\">\n<li>Interrupteur r\u00e9sistant aux intemp\u00e9ries<\/li>\n<li>Garantie limit\u00e9e \u00e0 vie<\/li>\n<\/ul>\n<\/div>\n<div class=\"specifications\">\n<p>CARACT\u00c9RISTIQUES TECHNIQUES<\/p>\n<table class=\"tg\">\n<tbody>\n<tr>\n<td class=\"tg-8qrd\">DUR\u00c9E DE LA COURSE<\/td>\n<td class=\"tg-5qt9\">Jusqu'\u00e0 2,5 heures<\/td>\n<\/tr>\n<tr>\n<td class=\"tg-8qrd\">TYPE DE LED<\/td>\n<td class=\"tg-5qt9\">LED haute puissance<\/td>\n<\/tr>\n<tr>\n<td class=\"tg-8qrd\">TEMPS DE CHARGE<\/td>\n<td class=\"tg-5qt9\">N\/A<\/td>\n<\/tr>\n<tr>\n<td class=\"tg-8qrd\">DISTANCE DU FAISCEAU<\/td>\n<td class=\"tg-5qt9\">80 m\u00e8tres<\/td>\n<\/tr>\n<tr>\n<td class=\"tg-8qrd\">COTE D'IMPACT<\/td>\n<td class=\"tg-5qt9\">1 m\u00e8tre<\/td>\n<\/tr>\n<tr>\n<td class=\"tg-8qrd\">R\u00c9SISTANT \u00c0 L'EAU<\/td>\n<td class=\"tg-5qt9\">Oui<\/td>\n<\/tr>\n<tr>\n<td class=\"tg-8qrd\">RECHARGEABLE<\/td>\n<td class=\"tg-5qt9\">Non<\/td>\n<\/tr>\n<tr>\n<td class=\"tg-8qrd\">BATTERIE<\/td>\n<td class=\"tg-5qt9\">2 x AA<\/td>\n<\/tr>\n<tr>\n<td class=\"tg-8qrd\">MAT\u00c9RIAU<\/td>\n<td class=\"tg-5qt9\">Aluminium<\/td>\n<\/tr>\n<tr>\n<td class=\"tg-8qrd\">DIMENSIONS<\/td>\n<td class=\"tg-5qt9\">5,9 \u201dL x 0,9 \u201dDia<\/td>\n<\/tr>\n<tr>\n<td class=\"tg-8qrd\">POIDS<\/td>\n<td class=\"tg-5qt9\">0.25 lb<\/td>\n<\/tr>\n<\/tbody>\n<\/table>\n<\/div>","protected":false},"excerpt":{"rendered":"<p><img decoding=\"async\" class=\"alignnone size-full wp-image-1742\" src=\"https:\/\/catgaragestorage.com\/wp-content\/uploads\/2022\/03\/200.gif\" alt=\"\" width=\"50\" height=\"50\" \/>Notre lampe de poche tactique \u00e0 LED haute puissance CT12520 offre une puissance d'\u00e9clairage de 200 lumens avec une distance de faisceau de 80 m\u00e8tres. Les 2 piles AA incluses fournissent jusqu'\u00e0 2,5 heures d'autonomie. La lampe est fabriqu\u00e9e en aluminium durable et dispose d'un interrupteur \u00e0 l'arri\u00e8re, r\u00e9sistant aux intemp\u00e9ries.<\/p>","protected":false},"featured_media":4061,"comment_status":"closed","ping_status":"closed","template":"","meta":[],"product_cat":[451],"product_tag":[],"class_list":{"0":"post-4006","1":"product","2":"type-product","3":"status-publish","4":"has-post-thumbnail","6":"product_brand-cat","7":"product_cat-tools-equipment","8":"product_shipping_class-class-1","10":"first","11":"instock","12":"taxable","13":"shipping-taxable","14":"purchasable","15":"product-type-simple"},"yoast_head":"<!-- This site is optimized with the Yoast SEO plugin v27.4 - https:\/\/yoast.com\/product\/yoast-seo-wordpress\/ -->\n<title>High-Power Led Tactical Light - Ks Products<\/title>\n<meta name=\"description\" content=\"Our CT12520 High-Power LED Tactical Flashlight offers 200 lumens of lighting output with a beam distance of 80 meters. The 2 included AA batteries provide up to 2.5 hours of run time. The light is made of durable aluminum and has a rear-mount, weather-resistant switch.\" \/>\n<meta name=\"robots\" content=\"index, follow, max-snippet:-1, max-image-preview:large, max-video-preview:-1\" \/>\n<link rel=\"canonical\" href=\"https:\/\/ksproducts.ca\/fr\/product\/lampe-tactique-a-led-haute-puissance\/\" \/>\n<meta property=\"og:locale\" content=\"fr_CA\" \/>\n<meta property=\"og:type\" content=\"article\" \/>\n<meta property=\"og:title\" content=\"High-Power Led Tactical Light - Ks Products\" \/>\n<meta property=\"og:description\" content=\"Our CT12520 High-Power LED Tactical Flashlight offers 200 lumens of lighting output with a beam distance of 80 meters. The 2 included AA batteries provide up to 2.5 hours of run time. The light is made of durable aluminum and has a rear-mount, weather-resistant switch.\" \/>\n<meta property=\"og:url\" content=\"https:\/\/ksproducts.ca\/fr\/product\/lampe-tactique-a-led-haute-puissance\/\" \/>\n<meta property=\"og:site_name\" content=\"Ks Products\" \/>\n<meta property=\"article:modified_time\" content=\"2026-02-12T19:18:43+00:00\" \/>\n<meta property=\"og:image\" content=\"https:\/\/ksproducts.ca\/wp-content\/uploads\/2022\/05\/ct12520-jpg.webp\" \/>\n\t<meta property=\"og:image:width\" content=\"700\" \/>\n\t<meta property=\"og:image:height\" content=\"467\" \/>\n\t<meta property=\"og:image:type\" content=\"image\/jpeg\" \/>\n<meta name=\"twitter:card\" content=\"summary_large_image\" \/>\n<meta name=\"twitter:label1\" content=\"Estimation du temps de lecture\" \/>\n\t<meta name=\"twitter:data1\" content=\"1 minute\" \/>\n<script type=\"application\/ld+json\" class=\"yoast-schema-graph\">{\"@context\":\"https:\\\/\\\/schema.org\",\"@graph\":[{\"@type\":\"WebPage\",\"@id\":\"https:\\\/\\\/ksproducts.ca\\\/product\\\/high-power-led-tactical-light\\\/\",\"url\":\"https:\\\/\\\/ksproducts.ca\\\/product\\\/high-power-led-tactical-light\\\/\",\"name\":\"High-Power Led Tactical Light - Ks Products\",\"isPartOf\":{\"@id\":\"https:\\\/\\\/ksproducts.ca\\\/#website\"},\"primaryImageOfPage\":{\"@id\":\"https:\\\/\\\/ksproducts.ca\\\/product\\\/high-power-led-tactical-light\\\/#primaryimage\"},\"image\":{\"@id\":\"https:\\\/\\\/ksproducts.ca\\\/product\\\/high-power-led-tactical-light\\\/#primaryimage\"},\"thumbnailUrl\":\"https:\\\/\\\/ksproducts.ca\\\/wp-content\\\/uploads\\\/2022\\\/05\\\/ct12520-jpg.webp\",\"datePublished\":\"2022-05-17T17:04:21+00:00\",\"dateModified\":\"2026-02-12T19:18:43+00:00\",\"description\":\"Our CT12520 High-Power LED Tactical Flashlight offers 200 lumens of lighting output with a beam distance of 80 meters. The 2 included AA batteries provide up to 2.5 hours of run time. The light is made of durable aluminum and has a rear-mount, weather-resistant switch.\",\"breadcrumb\":{\"@id\":\"https:\\\/\\\/ksproducts.ca\\\/product\\\/high-power-led-tactical-light\\\/#breadcrumb\"},\"inLanguage\":\"fr-CA\",\"potentialAction\":[{\"@type\":\"ReadAction\",\"target\":[\"https:\\\/\\\/ksproducts.ca\\\/product\\\/high-power-led-tactical-light\\\/\"]}]},{\"@type\":\"ImageObject\",\"inLanguage\":\"fr-CA\",\"@id\":\"https:\\\/\\\/ksproducts.ca\\\/product\\\/high-power-led-tactical-light\\\/#primaryimage\",\"url\":\"https:\\\/\\\/ksproducts.ca\\\/wp-content\\\/uploads\\\/2022\\\/05\\\/ct12520-jpg.webp\",\"contentUrl\":\"https:\\\/\\\/ksproducts.ca\\\/wp-content\\\/uploads\\\/2022\\\/05\\\/ct12520-jpg.webp\",\"width\":700,\"height\":467,\"caption\":\"ct12520 jpg\"},{\"@type\":\"BreadcrumbList\",\"@id\":\"https:\\\/\\\/ksproducts.ca\\\/product\\\/high-power-led-tactical-light\\\/#breadcrumb\",\"itemListElement\":[{\"@type\":\"ListItem\",\"position\":1,\"name\":\"Home\",\"item\":\"https:\\\/\\\/ksproducts.ca\\\/\"},{\"@type\":\"ListItem\",\"position\":2,\"name\":\"Shop\",\"item\":\"https:\\\/\\\/ksproducts.ca\\\/shop\\\/\"},{\"@type\":\"ListItem\",\"position\":3,\"name\":\"High-Power Led Tactical Light\"}]},{\"@type\":\"WebSite\",\"@id\":\"https:\\\/\\\/ksproducts.ca\\\/#website\",\"url\":\"https:\\\/\\\/ksproducts.ca\\\/\",\"name\":\"Ks Products\",\"description\":\"Outdoor cooking and living, made easy in Canada\",\"publisher\":{\"@id\":\"https:\\\/\\\/ksproducts.ca\\\/#organization\"},\"potentialAction\":[{\"@type\":\"SearchAction\",\"target\":{\"@type\":\"EntryPoint\",\"urlTemplate\":\"https:\\\/\\\/ksproducts.ca\\\/?s={search_term_string}\"},\"query-input\":{\"@type\":\"PropertyValueSpecification\",\"valueRequired\":true,\"valueName\":\"search_term_string\"}}],\"inLanguage\":\"fr-CA\"},{\"@type\":\"Organization\",\"@id\":\"https:\\\/\\\/ksproducts.ca\\\/#organization\",\"name\":\"Ks Products\",\"url\":\"https:\\\/\\\/ksproducts.ca\\\/\",\"logo\":{\"@type\":\"ImageObject\",\"inLanguage\":\"fr-CA\",\"@id\":\"https:\\\/\\\/ksproducts.ca\\\/#\\\/schema\\\/logo\\\/image\\\/\",\"url\":\"https:\\\/\\\/ksproducts.ca\\\/wp-content\\\/uploads\\\/2023\\\/09\\\/Kennedy-Sales-Logo-header-1.png\",\"contentUrl\":\"https:\\\/\\\/ksproducts.ca\\\/wp-content\\\/uploads\\\/2023\\\/09\\\/Kennedy-Sales-Logo-header-1.png\",\"width\":150,\"height\":77,\"caption\":\"Ks Products\"},\"image\":{\"@id\":\"https:\\\/\\\/ksproducts.ca\\\/#\\\/schema\\\/logo\\\/image\\\/\"}}]}<\/script>\n<!-- \/ Yoast SEO plugin. -->","yoast_head_json":{"title":"Lampe tactique \u00e0 Led haute puissance - Ks Products","description":"Notre lampe de poche tactique \u00e0 LED haute puissance CT12520 offre une puissance d'\u00e9clairage de 200 lumens avec une distance de faisceau de 80 m\u00e8tres. Les 2 piles AA incluses fournissent jusqu'\u00e0 2,5 heures d'autonomie. La lampe est fabriqu\u00e9e en aluminium durable et dispose d'un interrupteur \u00e0 l'arri\u00e8re, r\u00e9sistant aux intemp\u00e9ries.","robots":{"index":"index","follow":"follow","max-snippet":"max-snippet:-1","max-image-preview":"max-image-preview:large","max-video-preview":"max-video-preview:-1"},"canonical":"https:\/\/ksproducts.ca\/fr\/product\/lampe-tactique-a-led-haute-puissance\/","og_locale":"fr_CA","og_type":"article","og_title":"High-Power Led Tactical Light - Ks Products","og_description":"Our CT12520 High-Power LED Tactical Flashlight offers 200 lumens of lighting output with a beam distance of 80 meters. The 2 included AA batteries provide up to 2.5 hours of run time. The light is made of durable aluminum and has a rear-mount, weather-resistant switch.","og_url":"https:\/\/ksproducts.ca\/fr\/product\/lampe-tactique-a-led-haute-puissance\/","og_site_name":"Ks Products","article_modified_time":"2026-02-12T19:18:43+00:00","og_image":[{"width":700,"height":467,"url":"https:\/\/ksproducts.ca\/wp-content\/uploads\/2022\/05\/ct12520-jpg.webp","type":"image\/jpeg"}],"twitter_card":"summary_large_image","twitter_misc":{"Estimation du temps de lecture":"1 minute"},"schema":{"@context":"https:\/\/schema.org","@graph":[{"@type":"WebPage","@id":"https:\/\/ksproducts.ca\/product\/high-power-led-tactical-light\/","url":"https:\/\/ksproducts.ca\/product\/high-power-led-tactical-light\/","name":"Lampe tactique \u00e0 Led haute puissance - Ks Products","isPartOf":{"@id":"https:\/\/ksproducts.ca\/#website"},"primaryImageOfPage":{"@id":"https:\/\/ksproducts.ca\/product\/high-power-led-tactical-light\/#primaryimage"},"image":{"@id":"https:\/\/ksproducts.ca\/product\/high-power-led-tactical-light\/#primaryimage"},"thumbnailUrl":"https:\/\/ksproducts.ca\/wp-content\/uploads\/2022\/05\/ct12520-jpg.webp","datePublished":"2022-05-17T17:04:21+00:00","dateModified":"2026-02-12T19:18:43+00:00","description":"Notre lampe de poche tactique \u00e0 LED haute puissance CT12520 offre une puissance d'\u00e9clairage de 200 lumens avec une distance de faisceau de 80 m\u00e8tres. Les 2 piles AA incluses fournissent jusqu'\u00e0 2,5 heures d'autonomie. La lampe est fabriqu\u00e9e en aluminium durable et dispose d'un interrupteur \u00e0 l'arri\u00e8re, r\u00e9sistant aux intemp\u00e9ries.","breadcrumb":{"@id":"https:\/\/ksproducts.ca\/product\/high-power-led-tactical-light\/#breadcrumb"},"inLanguage":"fr-CA","potentialAction":[{"@type":"ReadAction","target":["https:\/\/ksproducts.ca\/product\/high-power-led-tactical-light\/"]}]},{"@type":"ImageObject","inLanguage":"fr-CA","@id":"https:\/\/ksproducts.ca\/product\/high-power-led-tactical-light\/#primaryimage","url":"https:\/\/ksproducts.ca\/wp-content\/uploads\/2022\/05\/ct12520-jpg.webp","contentUrl":"https:\/\/ksproducts.ca\/wp-content\/uploads\/2022\/05\/ct12520-jpg.webp","width":700,"height":467,"caption":"ct12520 jpg"},{"@type":"BreadcrumbList","@id":"https:\/\/ksproducts.ca\/product\/high-power-led-tactical-light\/#breadcrumb","itemListElement":[{"@type":"ListItem","position":1,"name":"Home","item":"https:\/\/ksproducts.ca\/"},{"@type":"ListItem","position":2,"name":"Shop","item":"https:\/\/ksproducts.ca\/shop\/"},{"@type":"ListItem","position":3,"name":"High-Power Led Tactical Light"}]},{"@type":"WebSite","@id":"https:\/\/ksproducts.ca\/#website","url":"https:\/\/ksproducts.ca\/","name":"Produits Ks","description":"Cuisiner et vivre en plein air, c'est facile au Canada","publisher":{"@id":"https:\/\/ksproducts.ca\/#organization"},"potentialAction":[{"@type":"SearchAction","target":{"@type":"EntryPoint","urlTemplate":"https:\/\/ksproducts.ca\/?s={search_term_string}"},"query-input":{"@type":"PropertyValueSpecification","valueRequired":true,"valueName":"search_term_string"}}],"inLanguage":"fr-CA"},{"@type":"Organization","@id":"https:\/\/ksproducts.ca\/#organization","name":"Produits Ks","url":"https:\/\/ksproducts.ca\/","logo":{"@type":"ImageObject","inLanguage":"fr-CA","@id":"https:\/\/ksproducts.ca\/#\/schema\/logo\/image\/","url":"https:\/\/ksproducts.ca\/wp-content\/uploads\/2023\/09\/Kennedy-Sales-Logo-header-1.png","contentUrl":"https:\/\/ksproducts.ca\/wp-content\/uploads\/2023\/09\/Kennedy-Sales-Logo-header-1.png","width":150,"height":77,"caption":"Ks Products"},"image":{"@id":"https:\/\/ksproducts.ca\/#\/schema\/logo\/image\/"}}]}},"_links":{"self":[{"href":"https:\/\/ksproducts.ca\/fr\/wp-json\/wp\/v2\/product\/4006","targetHints":{"allow":["GET"]}}],"collection":[{"href":"https:\/\/ksproducts.ca\/fr\/wp-json\/wp\/v2\/product"}],"about":[{"href":"https:\/\/ksproducts.ca\/fr\/wp-json\/wp\/v2\/types\/product"}],"replies":[{"embeddable":true,"href":"https:\/\/ksproducts.ca\/fr\/wp-json\/wp\/v2\/comments?post=4006"}],"version-history":[{"count":3,"href":"https:\/\/ksproducts.ca\/fr\/wp-json\/wp\/v2\/product\/4006\/revisions"}],"predecessor-version":[{"id":11055,"href":"https:\/\/ksproducts.ca\/fr\/wp-json\/wp\/v2\/product\/4006\/revisions\/11055"}],"wp:featuredmedia":[{"embeddable":true,"href":"https:\/\/ksproducts.ca\/fr\/wp-json\/wp\/v2\/media\/4061"}],"wp:attachment":[{"href":"https:\/\/ksproducts.ca\/fr\/wp-json\/wp\/v2\/media?parent=4006"}],"wp:term":[{"taxonomy":"product_cat","embeddable":true,"href":"https:\/\/ksproducts.ca\/fr\/wp-json\/wp\/v2\/product_cat?post=4006"},{"taxonomy":"product_tag","embeddable":true,"href":"https:\/\/ksproducts.ca\/fr\/wp-json\/wp\/v2\/product_tag?post=4006"}],"curies":[{"name":"wp","href":"https:\/\/api.w.org\/{rel}","templated":true}]}}