{"id":4007,"date":"2022-05-17T17:04:22","date_gmt":"2022-05-17T17:04:22","guid":{"rendered":"http:\/\/localhost\/wordpress\/?post_type=product&#038;p=4007"},"modified":"2026-04-03T20:18:28","modified_gmt":"2026-04-03T20:18:28","slug":"lampe-tactique-rechargeable-a-focalisation","status":"publish","type":"product","link":"https:\/\/ksproducts.ca\/fr\/product\/rechargeable-focusing-tactical-light\/","title":{"rendered":"Lampe de poche rechargeable Cat\u00ae Garage - 420 lumens"},"content":{"rendered":"<p>CARACT\u00c9RISTIQUES<\/p>\n<div class=\"features\">\n<ul class=\"product-description-list\">\n<li>Technologie LED CREE<\/li>\n<li>Aluminium de qualit\u00e9 a\u00e9ronautique<\/li>\n<li>Commutateur \u00e0 3 positions (haute, basse, stroboscopique)<\/li>\n<li>Faisceau de focalisation<\/li>\n<li>Indicateur du niveau de charge de la batterie<\/li>\n<li>Port de charge prot\u00e9g\u00e9<\/li>\n<\/ul>\n<\/div>\n<div class=\"specifications\">\n<p>CARACT\u00c9RISTIQUES TECHNIQUES<\/p>\n<ul class=\"product-description-list\">\n<li>Puissance lumineuse de 420 lumens<\/li>\n<li>Jusqu'\u00e0 10 heures d'autonomie<\/li>\n<li>R\u00e9sistant \u00e0 l'eau et aux chocs<\/li>\n<li>7.0\u201d H x 1.25\u2033 W x 1.25\u2033 D<\/li>\n<li>0.5 lbs<\/li>\n<li>Garantie limit\u00e9e \u00e0 vie<\/li>\n<\/ul>\n<p>PI\u00c8CES DE RECHANGE<\/p>\n<ul class=\"product-description-list\">\n<li>Batterie de remplacement CT18650<\/li>\n<\/ul>\n<p><img decoding=\"async\" class=\"alignnone size-full wp-image-1734\" src=\"https:\/\/catgaragestorage.com\/wp-content\/uploads\/2022\/03\/CT2405-Specs.png\" alt=\"\" width=\"240\" height=\"55\" \/><\/p>\n<\/div>","protected":false},"excerpt":{"rendered":"<div class=\"features\"><\/div>\n<div class=\"specifications\"><img decoding=\"async\" class=\"alignnone size-full wp-image-1735\" src=\"https:\/\/catgaragestorage.com\/wp-content\/uploads\/2022\/03\/CT2405-lumens.gif\" alt=\"\" width=\"56\" height=\"45\" \/>Fabriqu\u00e9e en aluminium de qualit\u00e9 a\u00e9ronautique, la lampe tactique rechargeable CT2405 utilise la technologie LED CREE\u00ae pour offrir un faisceau focalis\u00e9 de 420 lumens. Cela vous permet de contr\u00f4ler votre type de lumi\u00e8re dans n'importe quel espace. Un indicateur pratique du niveau de charge de la batterie vous permet d'obtenir une lecture pr\u00e9cise en un coup d'\u0153il. La lampe comprend \u00e9galement un cordon USB.<\/div>\n<div class=\"specifications\"><\/div>","protected":false},"featured_media":4062,"comment_status":"closed","ping_status":"closed","template":"","meta":[],"product_cat":[451],"product_tag":[],"class_list":{"0":"post-4007","1":"product","2":"type-product","3":"status-publish","4":"has-post-thumbnail","6":"product_brand-cat","7":"product_cat-tools-equipment","8":"product_shipping_class-class-1","10":"first","11":"instock","12":"taxable","13":"shipping-taxable","14":"purchasable","15":"product-type-simple"},"yoast_head":"<!-- This site is optimized with the Yoast SEO plugin v27.3 - https:\/\/yoast.com\/product\/yoast-seo-wordpress\/ -->\n<title>Cat\u00ae Garage Rechargeable Flashlight \u2013 420 Lumen - Ks Products<\/title>\n<meta name=\"description\" content=\"Made of aircraft-grade aluminum, the CT2405 Rechargeable Focusing Tactical Light uses CREE\u00ae LED technology to offer a focusing beam of 420 lumens. This gives you the opportunity to control your light type in any space. Handy battery charge level indicator gives you an accurate reading at a glance. The light also includes a USB cord.\" \/>\n<meta name=\"robots\" content=\"index, follow, max-snippet:-1, max-image-preview:large, max-video-preview:-1\" \/>\n<link rel=\"canonical\" href=\"https:\/\/ksproducts.ca\/fr\/product\/lampe-tactique-rechargeable-a-focalisation\/\" \/>\n<meta property=\"og:locale\" content=\"fr_CA\" \/>\n<meta property=\"og:type\" content=\"article\" \/>\n<meta property=\"og:title\" content=\"Cat\u00ae Garage Rechargeable Flashlight \u2013 420 Lumen - Ks Products\" \/>\n<meta property=\"og:description\" content=\"Made of aircraft-grade aluminum, the CT2405 Rechargeable Focusing Tactical Light uses CREE\u00ae LED technology to offer a focusing beam of 420 lumens. This gives you the opportunity to control your light type in any space. Handy battery charge level indicator gives you an accurate reading at a glance. The light also includes a USB cord.\" \/>\n<meta property=\"og:url\" content=\"https:\/\/ksproducts.ca\/fr\/product\/lampe-tactique-rechargeable-a-focalisation\/\" \/>\n<meta property=\"og:site_name\" content=\"Ks Products\" \/>\n<meta property=\"article:modified_time\" content=\"2026-04-03T20:18:28+00:00\" \/>\n<meta property=\"og:image\" content=\"https:\/\/ksproducts.ca\/wp-content\/uploads\/2022\/05\/CT2405_main-jpg.webp\" \/>\n\t<meta property=\"og:image:width\" content=\"700\" \/>\n\t<meta property=\"og:image:height\" content=\"467\" \/>\n\t<meta property=\"og:image:type\" content=\"image\/jpeg\" \/>\n<meta name=\"twitter:card\" content=\"summary_large_image\" \/>\n<meta name=\"twitter:label1\" content=\"Estimation du temps de lecture\" \/>\n\t<meta name=\"twitter:data1\" content=\"1 minute\" \/>\n<script type=\"application\/ld+json\" class=\"yoast-schema-graph\">{\"@context\":\"https:\\\/\\\/schema.org\",\"@graph\":[{\"@type\":\"WebPage\",\"@id\":\"https:\\\/\\\/ksproducts.ca\\\/product\\\/rechargeable-focusing-tactical-light\\\/\",\"url\":\"https:\\\/\\\/ksproducts.ca\\\/product\\\/rechargeable-focusing-tactical-light\\\/\",\"name\":\"Cat\u00ae Garage Rechargeable Flashlight \u2013 420 Lumen - Ks Products\",\"isPartOf\":{\"@id\":\"https:\\\/\\\/ksproducts.ca\\\/#website\"},\"primaryImageOfPage\":{\"@id\":\"https:\\\/\\\/ksproducts.ca\\\/product\\\/rechargeable-focusing-tactical-light\\\/#primaryimage\"},\"image\":{\"@id\":\"https:\\\/\\\/ksproducts.ca\\\/product\\\/rechargeable-focusing-tactical-light\\\/#primaryimage\"},\"thumbnailUrl\":\"https:\\\/\\\/ksproducts.ca\\\/wp-content\\\/uploads\\\/2022\\\/05\\\/CT2405_main-jpg.webp\",\"datePublished\":\"2022-05-17T17:04:22+00:00\",\"dateModified\":\"2026-04-03T20:18:28+00:00\",\"description\":\"Made of aircraft-grade aluminum, the CT2405 Rechargeable Focusing Tactical Light uses CREE\u00ae LED technology to offer a focusing beam of 420 lumens. This gives you the opportunity to control your light type in any space. Handy battery charge level indicator gives you an accurate reading at a glance. The light also includes a USB cord.\",\"breadcrumb\":{\"@id\":\"https:\\\/\\\/ksproducts.ca\\\/product\\\/rechargeable-focusing-tactical-light\\\/#breadcrumb\"},\"inLanguage\":\"fr-CA\",\"potentialAction\":[{\"@type\":\"ReadAction\",\"target\":[\"https:\\\/\\\/ksproducts.ca\\\/product\\\/rechargeable-focusing-tactical-light\\\/\"]}]},{\"@type\":\"ImageObject\",\"inLanguage\":\"fr-CA\",\"@id\":\"https:\\\/\\\/ksproducts.ca\\\/product\\\/rechargeable-focusing-tactical-light\\\/#primaryimage\",\"url\":\"https:\\\/\\\/ksproducts.ca\\\/wp-content\\\/uploads\\\/2022\\\/05\\\/CT2405_main-jpg.webp\",\"contentUrl\":\"https:\\\/\\\/ksproducts.ca\\\/wp-content\\\/uploads\\\/2022\\\/05\\\/CT2405_main-jpg.webp\",\"width\":700,\"height\":467,\"caption\":\"CT2405 main jpg\"},{\"@type\":\"BreadcrumbList\",\"@id\":\"https:\\\/\\\/ksproducts.ca\\\/product\\\/rechargeable-focusing-tactical-light\\\/#breadcrumb\",\"itemListElement\":[{\"@type\":\"ListItem\",\"position\":1,\"name\":\"Home\",\"item\":\"https:\\\/\\\/ksproducts.ca\\\/\"},{\"@type\":\"ListItem\",\"position\":2,\"name\":\"Shop\",\"item\":\"https:\\\/\\\/ksproducts.ca\\\/shop\\\/\"},{\"@type\":\"ListItem\",\"position\":3,\"name\":\"Cat\u00ae Garage Rechargeable Flashlight \u2013 420 Lumen\"}]},{\"@type\":\"WebSite\",\"@id\":\"https:\\\/\\\/ksproducts.ca\\\/#website\",\"url\":\"https:\\\/\\\/ksproducts.ca\\\/\",\"name\":\"Ks Products\",\"description\":\"Outdoor cooking and living, made easy in Canada\",\"publisher\":{\"@id\":\"https:\\\/\\\/ksproducts.ca\\\/#organization\"},\"potentialAction\":[{\"@type\":\"SearchAction\",\"target\":{\"@type\":\"EntryPoint\",\"urlTemplate\":\"https:\\\/\\\/ksproducts.ca\\\/?s={search_term_string}\"},\"query-input\":{\"@type\":\"PropertyValueSpecification\",\"valueRequired\":true,\"valueName\":\"search_term_string\"}}],\"inLanguage\":\"fr-CA\"},{\"@type\":\"Organization\",\"@id\":\"https:\\\/\\\/ksproducts.ca\\\/#organization\",\"name\":\"Ks Products\",\"url\":\"https:\\\/\\\/ksproducts.ca\\\/\",\"logo\":{\"@type\":\"ImageObject\",\"inLanguage\":\"fr-CA\",\"@id\":\"https:\\\/\\\/ksproducts.ca\\\/#\\\/schema\\\/logo\\\/image\\\/\",\"url\":\"https:\\\/\\\/ksproducts.ca\\\/wp-content\\\/uploads\\\/2023\\\/09\\\/Kennedy-Sales-Logo-header-1.png\",\"contentUrl\":\"https:\\\/\\\/ksproducts.ca\\\/wp-content\\\/uploads\\\/2023\\\/09\\\/Kennedy-Sales-Logo-header-1.png\",\"width\":150,\"height\":77,\"caption\":\"Ks Products\"},\"image\":{\"@id\":\"https:\\\/\\\/ksproducts.ca\\\/#\\\/schema\\\/logo\\\/image\\\/\"}}]}<\/script>\n<!-- \/ Yoast SEO plugin. -->","yoast_head_json":{"title":"Cat\u00ae Garage Rechargeable Flashlight \u2013 420 Lumen - Ks Products","description":"Fabriqu\u00e9e en aluminium de qualit\u00e9 a\u00e9ronautique, la lampe tactique rechargeable CT2405 utilise la technologie LED CREE\u00ae pour offrir un faisceau focalis\u00e9 de 420 lumens. Cela vous permet de contr\u00f4ler votre type de lumi\u00e8re dans n'importe quel espace. L'indicateur pratique du niveau de charge de la batterie vous permet d'obtenir une lecture pr\u00e9cise en un coup d'\u0153il. La lampe comprend \u00e9galement un cordon USB.","robots":{"index":"index","follow":"follow","max-snippet":"max-snippet:-1","max-image-preview":"max-image-preview:large","max-video-preview":"max-video-preview:-1"},"canonical":"https:\/\/ksproducts.ca\/fr\/product\/lampe-tactique-rechargeable-a-focalisation\/","og_locale":"fr_CA","og_type":"article","og_title":"Cat\u00ae Garage Rechargeable Flashlight \u2013 420 Lumen - Ks Products","og_description":"Made of aircraft-grade aluminum, the CT2405 Rechargeable Focusing Tactical Light uses CREE\u00ae LED technology to offer a focusing beam of 420 lumens. This gives you the opportunity to control your light type in any space. Handy battery charge level indicator gives you an accurate reading at a glance. The light also includes a USB cord.","og_url":"https:\/\/ksproducts.ca\/fr\/product\/lampe-tactique-rechargeable-a-focalisation\/","og_site_name":"Ks Products","article_modified_time":"2026-04-03T20:18:28+00:00","og_image":[{"width":700,"height":467,"url":"https:\/\/ksproducts.ca\/wp-content\/uploads\/2022\/05\/CT2405_main-jpg.webp","type":"image\/jpeg"}],"twitter_card":"summary_large_image","twitter_misc":{"Estimation du temps de lecture":"1 minute"},"schema":{"@context":"https:\/\/schema.org","@graph":[{"@type":"WebPage","@id":"https:\/\/ksproducts.ca\/product\/rechargeable-focusing-tactical-light\/","url":"https:\/\/ksproducts.ca\/product\/rechargeable-focusing-tactical-light\/","name":"Cat\u00ae Garage Rechargeable Flashlight \u2013 420 Lumen - Ks Products","isPartOf":{"@id":"https:\/\/ksproducts.ca\/#website"},"primaryImageOfPage":{"@id":"https:\/\/ksproducts.ca\/product\/rechargeable-focusing-tactical-light\/#primaryimage"},"image":{"@id":"https:\/\/ksproducts.ca\/product\/rechargeable-focusing-tactical-light\/#primaryimage"},"thumbnailUrl":"https:\/\/ksproducts.ca\/wp-content\/uploads\/2022\/05\/CT2405_main-jpg.webp","datePublished":"2022-05-17T17:04:22+00:00","dateModified":"2026-04-03T20:18:28+00:00","description":"Fabriqu\u00e9e en aluminium de qualit\u00e9 a\u00e9ronautique, la lampe tactique rechargeable CT2405 utilise la technologie LED CREE\u00ae pour offrir un faisceau focalis\u00e9 de 420 lumens. Cela vous permet de contr\u00f4ler votre type de lumi\u00e8re dans n'importe quel espace. L'indicateur pratique du niveau de charge de la batterie vous permet d'obtenir une lecture pr\u00e9cise en un coup d'\u0153il. La lampe comprend \u00e9galement un cordon USB.","breadcrumb":{"@id":"https:\/\/ksproducts.ca\/product\/rechargeable-focusing-tactical-light\/#breadcrumb"},"inLanguage":"fr-CA","potentialAction":[{"@type":"ReadAction","target":["https:\/\/ksproducts.ca\/product\/rechargeable-focusing-tactical-light\/"]}]},{"@type":"ImageObject","inLanguage":"fr-CA","@id":"https:\/\/ksproducts.ca\/product\/rechargeable-focusing-tactical-light\/#primaryimage","url":"https:\/\/ksproducts.ca\/wp-content\/uploads\/2022\/05\/CT2405_main-jpg.webp","contentUrl":"https:\/\/ksproducts.ca\/wp-content\/uploads\/2022\/05\/CT2405_main-jpg.webp","width":700,"height":467,"caption":"CT2405 main jpg"},{"@type":"BreadcrumbList","@id":"https:\/\/ksproducts.ca\/product\/rechargeable-focusing-tactical-light\/#breadcrumb","itemListElement":[{"@type":"ListItem","position":1,"name":"Home","item":"https:\/\/ksproducts.ca\/"},{"@type":"ListItem","position":2,"name":"Shop","item":"https:\/\/ksproducts.ca\/shop\/"},{"@type":"ListItem","position":3,"name":"Cat\u00ae Garage Rechargeable Flashlight \u2013 420 Lumen"}]},{"@type":"WebSite","@id":"https:\/\/ksproducts.ca\/#website","url":"https:\/\/ksproducts.ca\/","name":"Produits Ks","description":"Cuisiner et vivre en plein air, c'est facile au Canada","publisher":{"@id":"https:\/\/ksproducts.ca\/#organization"},"potentialAction":[{"@type":"SearchAction","target":{"@type":"EntryPoint","urlTemplate":"https:\/\/ksproducts.ca\/?s={search_term_string}"},"query-input":{"@type":"PropertyValueSpecification","valueRequired":true,"valueName":"search_term_string"}}],"inLanguage":"fr-CA"},{"@type":"Organization","@id":"https:\/\/ksproducts.ca\/#organization","name":"Produits Ks","url":"https:\/\/ksproducts.ca\/","logo":{"@type":"ImageObject","inLanguage":"fr-CA","@id":"https:\/\/ksproducts.ca\/#\/schema\/logo\/image\/","url":"https:\/\/ksproducts.ca\/wp-content\/uploads\/2023\/09\/Kennedy-Sales-Logo-header-1.png","contentUrl":"https:\/\/ksproducts.ca\/wp-content\/uploads\/2023\/09\/Kennedy-Sales-Logo-header-1.png","width":150,"height":77,"caption":"Ks Products"},"image":{"@id":"https:\/\/ksproducts.ca\/#\/schema\/logo\/image\/"}}]}},"_links":{"self":[{"href":"https:\/\/ksproducts.ca\/fr\/wp-json\/wp\/v2\/product\/4007","targetHints":{"allow":["GET"]}}],"collection":[{"href":"https:\/\/ksproducts.ca\/fr\/wp-json\/wp\/v2\/product"}],"about":[{"href":"https:\/\/ksproducts.ca\/fr\/wp-json\/wp\/v2\/types\/product"}],"replies":[{"embeddable":true,"href":"https:\/\/ksproducts.ca\/fr\/wp-json\/wp\/v2\/comments?post=4007"}],"version-history":[{"count":2,"href":"https:\/\/ksproducts.ca\/fr\/wp-json\/wp\/v2\/product\/4007\/revisions"}],"predecessor-version":[{"id":11057,"href":"https:\/\/ksproducts.ca\/fr\/wp-json\/wp\/v2\/product\/4007\/revisions\/11057"}],"wp:featuredmedia":[{"embeddable":true,"href":"https:\/\/ksproducts.ca\/fr\/wp-json\/wp\/v2\/media\/4062"}],"wp:attachment":[{"href":"https:\/\/ksproducts.ca\/fr\/wp-json\/wp\/v2\/media?parent=4007"}],"wp:term":[{"taxonomy":"product_cat","embeddable":true,"href":"https:\/\/ksproducts.ca\/fr\/wp-json\/wp\/v2\/product_cat?post=4007"},{"taxonomy":"product_tag","embeddable":true,"href":"https:\/\/ksproducts.ca\/fr\/wp-json\/wp\/v2\/product_tag?post=4007"}],"curies":[{"name":"wp","href":"https:\/\/api.w.org\/{rel}","templated":true}]}}