{"id":4008,"date":"2022-05-17T17:04:22","date_gmt":"2022-05-17T17:04:22","guid":{"rendered":"http:\/\/localhost\/wordpress\/?post_type=product&#038;p=4008"},"modified":"2026-04-21T16:03:14","modified_gmt":"2026-04-21T16:03:14","slug":"lumiere-tactique-de-mise-au-point","status":"publish","type":"product","link":"https:\/\/ksproducts.ca\/fr\/product\/focusing-tactical-light\/","title":{"rendered":"Lumi\u00e8re tactique de mise au point"},"content":{"rendered":"<div class=\"features\">\n<p>CARACT\u00c9RISTIQUES<\/p>\n<ul class=\"product-description-list\">\n<li>Faisceau focalis\u00e9 \u00e0 intensit\u00e9 variable<\/li>\n<li>Garantie limit\u00e9e \u00e0 vie<\/li>\n<\/ul>\n<\/div>\n<div class=\"specifications\">\n<p>CARACT\u00c9RISTIQUES TECHNIQUES<\/p>\n<table class=\"tg\">\n<tbody>\n<tr>\n<td class=\"tg-8qrd\">DUR\u00c9E DE LA COURSE<\/td>\n<td class=\"tg-5qt9\">Jusqu'\u00e0 8 heures<\/td>\n<\/tr>\n<tr>\n<td class=\"tg-8qrd\">TYPE DE LED<\/td>\n<td class=\"tg-5qt9\">LED haute puissance<\/td>\n<\/tr>\n<tr>\n<td class=\"tg-8qrd\">TEMPS DE CHARGE<\/td>\n<td class=\"tg-5qt9\">N\/A<\/td>\n<\/tr>\n<tr>\n<td class=\"tg-8qrd\">DISTANCE DU FAISCEAU<\/td>\n<td class=\"tg-5qt9\">100 m\u00e8tres<\/td>\n<\/tr>\n<tr>\n<td class=\"tg-8qrd\">COTE D'IMPACT<\/td>\n<td class=\"tg-5qt9\">1 m\u00e8tre<\/td>\n<\/tr>\n<tr>\n<td class=\"tg-8qrd\">R\u00c9SISTANT \u00c0 L'EAU<\/td>\n<td class=\"tg-5qt9\">Oui<\/td>\n<\/tr>\n<tr>\n<td class=\"tg-8qrd\">RECHARGEABLE<\/td>\n<td class=\"tg-5qt9\">Non<\/td>\n<\/tr>\n<tr>\n<td class=\"tg-8qrd\">BATTERIE<\/td>\n<td class=\"tg-5qt9\">3 x AA<\/td>\n<\/tr>\n<tr>\n<td class=\"tg-8qrd\">MAT\u00c9RIAU<\/td>\n<td class=\"tg-5qt9\">Aluminium<\/td>\n<\/tr>\n<tr>\n<td class=\"tg-8qrd\">DIMENSIONS<\/td>\n<td class=\"tg-5qt9\">5,9 \u201dL x 1,5 \u201dDia<\/td>\n<\/tr>\n<tr>\n<td class=\"tg-8qrd\">POIDS<\/td>\n<td class=\"tg-5qt9\">0.44 lb<\/td>\n<\/tr>\n<\/tbody>\n<\/table>\n<\/div>","protected":false},"excerpt":{"rendered":"<p><img decoding=\"async\" class=\"alignnone size-full wp-image-1744\" src=\"https:\/\/catgaragestorage.com\/wp-content\/uploads\/2022\/03\/150-L.gif\" alt=\"\" width=\"50\" height=\"65\" \/>\u00a0 \u00a0 <img decoding=\"async\" class=\"alignnone size-full wp-image-1745\" src=\"https:\/\/catgaragestorage.com\/wp-content\/uploads\/2022\/03\/300-H.gif\" alt=\"\" width=\"50\" height=\"65\" \/>Avec un design compact en aluminium r\u00e9sistant, notre lampe de poche tactique CT2500 Focusing offre une puissance d'\u00e9clairage de 300 ou 150 lumens et une distance de faisceau allant jusqu'\u00e0 100 m\u00e8tres. La fonction de focalisation permet \u00e0 l'utilisateur d'ajuster le faisceau pour une couverture longue distance ou large. Cette lampe de poche tactique fonctionne avec 3 piles AAA incluses pour une autonomie de 8 heures.<\/p>","protected":false},"featured_media":4065,"comment_status":"closed","ping_status":"closed","template":"","meta":[],"product_cat":[451],"product_tag":[],"class_list":{"0":"post-4008","1":"product","2":"type-product","3":"status-publish","4":"has-post-thumbnail","6":"product_brand-cat","7":"product_cat-tools-equipment","8":"product_shipping_class-class-1","10":"first","11":"instock","12":"taxable","13":"shipping-taxable","14":"purchasable","15":"product-type-simple"},"yoast_head":"<!-- This site is optimized with the Yoast SEO plugin v27.4 - https:\/\/yoast.com\/product\/yoast-seo-wordpress\/ -->\n<title>Focusing Tactical Light - Ks Products<\/title>\n<meta name=\"description\" content=\"With a compact design in heavy-duty aluminum, our CT2500 Focusing Tactical Flashlight offers 300 or 150 lumens of lighting output and a beam distance up to 100 meters. The focusing feature allows the user to adjust the beam for long distance or broad area coverage. This tactical flashlight runs on 3 included AAA batteries for up to 8 hours of run time.\" \/>\n<meta name=\"robots\" content=\"index, follow, max-snippet:-1, max-image-preview:large, max-video-preview:-1\" \/>\n<link rel=\"canonical\" href=\"https:\/\/ksproducts.ca\/fr\/product\/lumiere-tactique-de-mise-au-point\/\" \/>\n<meta property=\"og:locale\" content=\"fr_CA\" \/>\n<meta property=\"og:type\" content=\"article\" \/>\n<meta property=\"og:title\" content=\"Focusing Tactical Light - Ks Products\" \/>\n<meta property=\"og:description\" content=\"With a compact design in heavy-duty aluminum, our CT2500 Focusing Tactical Flashlight offers 300 or 150 lumens of lighting output and a beam distance up to 100 meters. The focusing feature allows the user to adjust the beam for long distance or broad area coverage. This tactical flashlight runs on 3 included AAA batteries for up to 8 hours of run time.\" \/>\n<meta property=\"og:url\" content=\"https:\/\/ksproducts.ca\/fr\/product\/lumiere-tactique-de-mise-au-point\/\" \/>\n<meta property=\"og:site_name\" content=\"Ks Products\" \/>\n<meta property=\"article:modified_time\" content=\"2026-04-21T16:03:14+00:00\" \/>\n<meta property=\"og:image\" content=\"https:\/\/ksproducts.ca\/wp-content\/uploads\/2022\/05\/CT2500_main-jpg.webp\" \/>\n\t<meta property=\"og:image:width\" content=\"2000\" \/>\n\t<meta property=\"og:image:height\" content=\"2000\" \/>\n\t<meta property=\"og:image:type\" content=\"image\/jpeg\" \/>\n<meta name=\"twitter:card\" content=\"summary_large_image\" \/>\n<meta name=\"twitter:label1\" content=\"Estimation du temps de lecture\" \/>\n\t<meta name=\"twitter:data1\" content=\"1 minute\" \/>\n<script type=\"application\/ld+json\" class=\"yoast-schema-graph\">{\"@context\":\"https:\\\/\\\/schema.org\",\"@graph\":[{\"@type\":\"WebPage\",\"@id\":\"https:\\\/\\\/ksproducts.ca\\\/product\\\/focusing-tactical-light\\\/\",\"url\":\"https:\\\/\\\/ksproducts.ca\\\/product\\\/focusing-tactical-light\\\/\",\"name\":\"Focusing Tactical Light - Ks Products\",\"isPartOf\":{\"@id\":\"https:\\\/\\\/ksproducts.ca\\\/#website\"},\"primaryImageOfPage\":{\"@id\":\"https:\\\/\\\/ksproducts.ca\\\/product\\\/focusing-tactical-light\\\/#primaryimage\"},\"image\":{\"@id\":\"https:\\\/\\\/ksproducts.ca\\\/product\\\/focusing-tactical-light\\\/#primaryimage\"},\"thumbnailUrl\":\"https:\\\/\\\/ksproducts.ca\\\/wp-content\\\/uploads\\\/2022\\\/05\\\/CT2500_main-jpg.webp\",\"datePublished\":\"2022-05-17T17:04:22+00:00\",\"dateModified\":\"2026-04-21T16:03:14+00:00\",\"description\":\"With a compact design in heavy-duty aluminum, our CT2500 Focusing Tactical Flashlight offers 300 or 150 lumens of lighting output and a beam distance up to 100 meters. The focusing feature allows the user to adjust the beam for long distance or broad area coverage. This tactical flashlight runs on 3 included AAA batteries for up to 8 hours of run time.\",\"breadcrumb\":{\"@id\":\"https:\\\/\\\/ksproducts.ca\\\/product\\\/focusing-tactical-light\\\/#breadcrumb\"},\"inLanguage\":\"fr-CA\",\"potentialAction\":[{\"@type\":\"ReadAction\",\"target\":[\"https:\\\/\\\/ksproducts.ca\\\/product\\\/focusing-tactical-light\\\/\"]}]},{\"@type\":\"ImageObject\",\"inLanguage\":\"fr-CA\",\"@id\":\"https:\\\/\\\/ksproducts.ca\\\/product\\\/focusing-tactical-light\\\/#primaryimage\",\"url\":\"https:\\\/\\\/ksproducts.ca\\\/wp-content\\\/uploads\\\/2022\\\/05\\\/CT2500_main-jpg.webp\",\"contentUrl\":\"https:\\\/\\\/ksproducts.ca\\\/wp-content\\\/uploads\\\/2022\\\/05\\\/CT2500_main-jpg.webp\",\"width\":2000,\"height\":2000,\"caption\":\"CT2500 main jpg\"},{\"@type\":\"BreadcrumbList\",\"@id\":\"https:\\\/\\\/ksproducts.ca\\\/product\\\/focusing-tactical-light\\\/#breadcrumb\",\"itemListElement\":[{\"@type\":\"ListItem\",\"position\":1,\"name\":\"Home\",\"item\":\"https:\\\/\\\/ksproducts.ca\\\/\"},{\"@type\":\"ListItem\",\"position\":2,\"name\":\"Shop\",\"item\":\"https:\\\/\\\/ksproducts.ca\\\/shop\\\/\"},{\"@type\":\"ListItem\",\"position\":3,\"name\":\"Focusing Tactical Light\"}]},{\"@type\":\"WebSite\",\"@id\":\"https:\\\/\\\/ksproducts.ca\\\/#website\",\"url\":\"https:\\\/\\\/ksproducts.ca\\\/\",\"name\":\"Ks Products\",\"description\":\"Outdoor cooking and living, made easy in Canada\",\"publisher\":{\"@id\":\"https:\\\/\\\/ksproducts.ca\\\/#organization\"},\"potentialAction\":[{\"@type\":\"SearchAction\",\"target\":{\"@type\":\"EntryPoint\",\"urlTemplate\":\"https:\\\/\\\/ksproducts.ca\\\/?s={search_term_string}\"},\"query-input\":{\"@type\":\"PropertyValueSpecification\",\"valueRequired\":true,\"valueName\":\"search_term_string\"}}],\"inLanguage\":\"fr-CA\"},{\"@type\":\"Organization\",\"@id\":\"https:\\\/\\\/ksproducts.ca\\\/#organization\",\"name\":\"Ks Products\",\"url\":\"https:\\\/\\\/ksproducts.ca\\\/\",\"logo\":{\"@type\":\"ImageObject\",\"inLanguage\":\"fr-CA\",\"@id\":\"https:\\\/\\\/ksproducts.ca\\\/#\\\/schema\\\/logo\\\/image\\\/\",\"url\":\"https:\\\/\\\/ksproducts.ca\\\/wp-content\\\/uploads\\\/2023\\\/09\\\/Kennedy-Sales-Logo-header-1.png\",\"contentUrl\":\"https:\\\/\\\/ksproducts.ca\\\/wp-content\\\/uploads\\\/2023\\\/09\\\/Kennedy-Sales-Logo-header-1.png\",\"width\":150,\"height\":77,\"caption\":\"Ks Products\"},\"image\":{\"@id\":\"https:\\\/\\\/ksproducts.ca\\\/#\\\/schema\\\/logo\\\/image\\\/\"}}]}<\/script>\n<!-- \/ Yoast SEO plugin. -->","yoast_head_json":{"title":"Lampe tactique focalis\u00e9e - Ks Products","description":"Avec un design compact en aluminium r\u00e9sistant, notre lampe de poche tactique CT2500 Focusing offre une puissance d'\u00e9clairage de 300 ou 150 lumens et une distance de faisceau allant jusqu'\u00e0 100 m\u00e8tres. La fonction de focalisation permet \u00e0 l'utilisateur d'ajuster le faisceau pour une couverture longue distance ou large. Cette lampe de poche tactique fonctionne avec 3 piles AAA incluses pour une autonomie de 8 heures.","robots":{"index":"index","follow":"follow","max-snippet":"max-snippet:-1","max-image-preview":"max-image-preview:large","max-video-preview":"max-video-preview:-1"},"canonical":"https:\/\/ksproducts.ca\/fr\/product\/lumiere-tactique-de-mise-au-point\/","og_locale":"fr_CA","og_type":"article","og_title":"Focusing Tactical Light - Ks Products","og_description":"With a compact design in heavy-duty aluminum, our CT2500 Focusing Tactical Flashlight offers 300 or 150 lumens of lighting output and a beam distance up to 100 meters. The focusing feature allows the user to adjust the beam for long distance or broad area coverage. This tactical flashlight runs on 3 included AAA batteries for up to 8 hours of run time.","og_url":"https:\/\/ksproducts.ca\/fr\/product\/lumiere-tactique-de-mise-au-point\/","og_site_name":"Ks Products","article_modified_time":"2026-04-21T16:03:14+00:00","og_image":[{"width":2000,"height":2000,"url":"https:\/\/ksproducts.ca\/wp-content\/uploads\/2022\/05\/CT2500_main-jpg.webp","type":"image\/jpeg"}],"twitter_card":"summary_large_image","twitter_misc":{"Estimation du temps de lecture":"1 minute"},"schema":{"@context":"https:\/\/schema.org","@graph":[{"@type":"WebPage","@id":"https:\/\/ksproducts.ca\/product\/focusing-tactical-light\/","url":"https:\/\/ksproducts.ca\/product\/focusing-tactical-light\/","name":"Lampe tactique focalis\u00e9e - Ks Products","isPartOf":{"@id":"https:\/\/ksproducts.ca\/#website"},"primaryImageOfPage":{"@id":"https:\/\/ksproducts.ca\/product\/focusing-tactical-light\/#primaryimage"},"image":{"@id":"https:\/\/ksproducts.ca\/product\/focusing-tactical-light\/#primaryimage"},"thumbnailUrl":"https:\/\/ksproducts.ca\/wp-content\/uploads\/2022\/05\/CT2500_main-jpg.webp","datePublished":"2022-05-17T17:04:22+00:00","dateModified":"2026-04-21T16:03:14+00:00","description":"Avec un design compact en aluminium r\u00e9sistant, notre lampe de poche tactique CT2500 Focusing offre une puissance d'\u00e9clairage de 300 ou 150 lumens et une distance de faisceau allant jusqu'\u00e0 100 m\u00e8tres. La fonction de focalisation permet \u00e0 l'utilisateur d'ajuster le faisceau pour une couverture longue distance ou large. Cette lampe de poche tactique fonctionne avec 3 piles AAA incluses pour une autonomie de 8 heures.","breadcrumb":{"@id":"https:\/\/ksproducts.ca\/product\/focusing-tactical-light\/#breadcrumb"},"inLanguage":"fr-CA","potentialAction":[{"@type":"ReadAction","target":["https:\/\/ksproducts.ca\/product\/focusing-tactical-light\/"]}]},{"@type":"ImageObject","inLanguage":"fr-CA","@id":"https:\/\/ksproducts.ca\/product\/focusing-tactical-light\/#primaryimage","url":"https:\/\/ksproducts.ca\/wp-content\/uploads\/2022\/05\/CT2500_main-jpg.webp","contentUrl":"https:\/\/ksproducts.ca\/wp-content\/uploads\/2022\/05\/CT2500_main-jpg.webp","width":2000,"height":2000,"caption":"CT2500 main jpg"},{"@type":"BreadcrumbList","@id":"https:\/\/ksproducts.ca\/product\/focusing-tactical-light\/#breadcrumb","itemListElement":[{"@type":"ListItem","position":1,"name":"Home","item":"https:\/\/ksproducts.ca\/"},{"@type":"ListItem","position":2,"name":"Shop","item":"https:\/\/ksproducts.ca\/shop\/"},{"@type":"ListItem","position":3,"name":"Focusing Tactical Light"}]},{"@type":"WebSite","@id":"https:\/\/ksproducts.ca\/#website","url":"https:\/\/ksproducts.ca\/","name":"Produits Ks","description":"Cuisiner et vivre en plein air, c'est facile au Canada","publisher":{"@id":"https:\/\/ksproducts.ca\/#organization"},"potentialAction":[{"@type":"SearchAction","target":{"@type":"EntryPoint","urlTemplate":"https:\/\/ksproducts.ca\/?s={search_term_string}"},"query-input":{"@type":"PropertyValueSpecification","valueRequired":true,"valueName":"search_term_string"}}],"inLanguage":"fr-CA"},{"@type":"Organization","@id":"https:\/\/ksproducts.ca\/#organization","name":"Produits Ks","url":"https:\/\/ksproducts.ca\/","logo":{"@type":"ImageObject","inLanguage":"fr-CA","@id":"https:\/\/ksproducts.ca\/#\/schema\/logo\/image\/","url":"https:\/\/ksproducts.ca\/wp-content\/uploads\/2023\/09\/Kennedy-Sales-Logo-header-1.png","contentUrl":"https:\/\/ksproducts.ca\/wp-content\/uploads\/2023\/09\/Kennedy-Sales-Logo-header-1.png","width":150,"height":77,"caption":"Ks Products"},"image":{"@id":"https:\/\/ksproducts.ca\/#\/schema\/logo\/image\/"}}]}},"_links":{"self":[{"href":"https:\/\/ksproducts.ca\/fr\/wp-json\/wp\/v2\/product\/4008","targetHints":{"allow":["GET"]}}],"collection":[{"href":"https:\/\/ksproducts.ca\/fr\/wp-json\/wp\/v2\/product"}],"about":[{"href":"https:\/\/ksproducts.ca\/fr\/wp-json\/wp\/v2\/types\/product"}],"replies":[{"embeddable":true,"href":"https:\/\/ksproducts.ca\/fr\/wp-json\/wp\/v2\/comments?post=4008"}],"version-history":[{"count":2,"href":"https:\/\/ksproducts.ca\/fr\/wp-json\/wp\/v2\/product\/4008\/revisions"}],"predecessor-version":[{"id":11056,"href":"https:\/\/ksproducts.ca\/fr\/wp-json\/wp\/v2\/product\/4008\/revisions\/11056"}],"wp:featuredmedia":[{"embeddable":true,"href":"https:\/\/ksproducts.ca\/fr\/wp-json\/wp\/v2\/media\/4065"}],"wp:attachment":[{"href":"https:\/\/ksproducts.ca\/fr\/wp-json\/wp\/v2\/media?parent=4008"}],"wp:term":[{"taxonomy":"product_cat","embeddable":true,"href":"https:\/\/ksproducts.ca\/fr\/wp-json\/wp\/v2\/product_cat?post=4008"},{"taxonomy":"product_tag","embeddable":true,"href":"https:\/\/ksproducts.ca\/fr\/wp-json\/wp\/v2\/product_tag?post=4008"}],"curies":[{"name":"wp","href":"https:\/\/api.w.org\/{rel}","templated":true}]}}