{"id":4009,"date":"2022-05-17T17:04:22","date_gmt":"2022-05-17T17:04:22","guid":{"rendered":"http:\/\/localhost\/wordpress\/?post_type=product&#038;p=4009"},"modified":"2026-04-15T15:33:43","modified_gmt":"2026-04-15T15:33:43","slug":"lampe-de-travail-extensible-rechargeable","status":"publish","type":"product","link":"https:\/\/ksproducts.ca\/fr\/product\/rechargeable-extendable-work-light\/","title":{"rendered":"Lampe de travail rechargeable et extensible"},"content":{"rendered":"<div class=\"clearfix\">\n<div class=\"features\">\n<p>CARACT\u00c9RISTIQUES<\/p>\n<ul class=\"product-description-list\">\n<li>Micro-USB rechargeable<\/li>\n<li>Base magn\u00e9tique<\/li>\n<li>Conception extensible<\/li>\n<li>1 an de garantie limit\u00e9e<\/li>\n<\/ul>\n<\/div>\n<div class=\"specifications\">\n<p>CARACT\u00c9RISTIQUES TECHNIQUES<\/p>\n<table class=\"tg\">\n<tbody>\n<tr>\n<td class=\"tg-8qrd\">DUR\u00c9E DE LA COURSE<\/td>\n<td class=\"tg-5qt9\">Jusqu'\u00e0 3,5 heures<\/td>\n<\/tr>\n<tr>\n<td class=\"tg-8qrd\">TYPE DE LED<\/td>\n<td class=\"tg-5qt9\">LED COB<\/td>\n<\/tr>\n<tr>\n<td class=\"tg-8qrd\">TEMPS DE CHARGE<\/td>\n<td class=\"tg-5qt9\">2,5 heures<\/td>\n<\/tr>\n<tr>\n<td class=\"tg-8qrd\">DISTANCE DU FAISCEAU<\/td>\n<td class=\"tg-5qt9\">Jusqu'\u00e0 55 m\u00e8tres<\/td>\n<\/tr>\n<tr>\n<td class=\"tg-8qrd\">COTE D'IMPACT<\/td>\n<td class=\"tg-5qt9\">1 m\u00e8tre<\/td>\n<\/tr>\n<tr>\n<td class=\"tg-8qrd\">R\u00c9SISTANT \u00c0 L'EAU<\/td>\n<td class=\"tg-5qt9\">Oui<\/td>\n<\/tr>\n<tr>\n<td class=\"tg-8qrd\">RECHARGEABLE<\/td>\n<td class=\"tg-5qt9\">Non<\/td>\n<\/tr>\n<tr>\n<td class=\"tg-8qrd\">BATTERIE<\/td>\n<td class=\"tg-5qt9\">3.7V Li-Ion 1200 maH<\/td>\n<\/tr>\n<tr>\n<td class=\"tg-8qrd\">MAT\u00c9RIAU<\/td>\n<td class=\"tg-5qt9\">Plastique ABS<\/td>\n<\/tr>\n<tr>\n<td class=\"tg-8qrd\">DIMENSIONS<\/td>\n<td class=\"tg-5qt9\">7\u2033 (10.5\u2033 \u00e9tendu) Lx 1.3 \u201dW x 1\u2033D<\/td>\n<\/tr>\n<tr>\n<td class=\"tg-8qrd\">POIDS<\/td>\n<td class=\"tg-5qt9\">0.17 lb<\/td>\n<\/tr>\n<\/tbody>\n<\/table>\n<\/div>\n<\/div>\n<p><img decoding=\"async\" class=\"alignnone size-full wp-image-919\" src=\"https:\/\/catlights.com\/wp-content\/uploads\/2015\/08\/CT3115-Specs-white.png\" alt=\"CT3115-Specs-blanc\" width=\"268\" height=\"48\" \/><\/p>","protected":false},"excerpt":{"rendered":"<p><img decoding=\"async\" class=\"alignnone size-full wp-image-1748\" src=\"https:\/\/catgaragestorage.com\/wp-content\/uploads\/2022\/03\/150-BEAM.gif\" alt=\"\" width=\"50\" height=\"65\" \/> <img decoding=\"async\" class=\"alignnone size-full wp-image-1749\" src=\"https:\/\/catgaragestorage.com\/wp-content\/uploads\/2022\/03\/170-FLOOD.gif\" alt=\"\" width=\"50\" height=\"65\" \/>Dot\u00e9e de la nouvelle technologie LED COB, la lampe de travail extensible CT3115 \u00e9claire toute grande zone de travail avec 170 lumens en faisceau et 150 lumens en faisceau. Cette lampe robuste est extensible, ce qui permet de mieux la ranger tout en fournissant un \u00e9clairage instantan\u00e9. La base magn\u00e9tique permet une utilisation mains libres dans de nombreuses applications. L'autonomie est de 3,5 heures en mode flood et de 3,25 heures en mode beam, ce qui permet une utilisation \u00e0 long terme.<\/p>","protected":false},"featured_media":4066,"comment_status":"closed","ping_status":"closed","template":"","meta":[],"product_cat":[451],"product_tag":[],"class_list":{"0":"post-4009","1":"product","2":"type-product","3":"status-publish","4":"has-post-thumbnail","6":"product_brand-cat","7":"product_cat-tools-equipment","8":"product_shipping_class-class-1","10":"first","11":"instock","12":"taxable","13":"shipping-taxable","14":"purchasable","15":"product-type-simple"},"yoast_head":"<!-- This site is optimized with the Yoast SEO plugin v27.4 - https:\/\/yoast.com\/product\/yoast-seo-wordpress\/ -->\n<title>Rechargeable Extendable Work Light - Ks Products<\/title>\n<meta name=\"description\" content=\"Featuring new COB LED technology, the CT3115 Extendable Work Light floods any large work area with 170 lumens of light on flood and 150 lumens on beam. This rugged light has an extendable design, making for better storage while providing instant lighting. The magnetic base allows for hands- free use in many applications. Run time is 3.5\u00a0hours on flood and 3.25\u00a0hours on beam, providing long term use.\" \/>\n<meta name=\"robots\" content=\"index, follow, max-snippet:-1, max-image-preview:large, max-video-preview:-1\" \/>\n<link rel=\"canonical\" href=\"https:\/\/ksproducts.ca\/fr\/product\/lampe-de-travail-extensible-rechargeable\/\" \/>\n<meta property=\"og:locale\" content=\"fr_CA\" \/>\n<meta property=\"og:type\" content=\"article\" \/>\n<meta property=\"og:title\" content=\"Rechargeable Extendable Work Light - Ks Products\" \/>\n<meta property=\"og:description\" content=\"Featuring new COB LED technology, the CT3115 Extendable Work Light floods any large work area with 170 lumens of light on flood and 150 lumens on beam. This rugged light has an extendable design, making for better storage while providing instant lighting. The magnetic base allows for hands- free use in many applications. Run time is 3.5\u00a0hours on flood and 3.25\u00a0hours on beam, providing long term use.\" \/>\n<meta property=\"og:url\" content=\"https:\/\/ksproducts.ca\/fr\/product\/lampe-de-travail-extensible-rechargeable\/\" \/>\n<meta property=\"og:site_name\" content=\"Ks Products\" \/>\n<meta property=\"article:modified_time\" content=\"2026-04-15T15:33:43+00:00\" \/>\n<meta property=\"og:image\" content=\"https:\/\/ksproducts.ca\/wp-content\/uploads\/2022\/05\/CT3110_main-jpg.webp\" \/>\n\t<meta property=\"og:image:width\" content=\"700\" \/>\n\t<meta property=\"og:image:height\" content=\"467\" \/>\n\t<meta property=\"og:image:type\" content=\"image\/jpeg\" \/>\n<meta name=\"twitter:card\" content=\"summary_large_image\" \/>\n<meta name=\"twitter:label1\" content=\"Estimation du temps de lecture\" \/>\n\t<meta name=\"twitter:data1\" content=\"1 minute\" \/>\n<script type=\"application\/ld+json\" class=\"yoast-schema-graph\">{\"@context\":\"https:\\\/\\\/schema.org\",\"@graph\":[{\"@type\":\"WebPage\",\"@id\":\"https:\\\/\\\/ksproducts.ca\\\/product\\\/rechargeable-extendable-work-light\\\/\",\"url\":\"https:\\\/\\\/ksproducts.ca\\\/product\\\/rechargeable-extendable-work-light\\\/\",\"name\":\"Rechargeable Extendable Work Light - Ks Products\",\"isPartOf\":{\"@id\":\"https:\\\/\\\/ksproducts.ca\\\/#website\"},\"primaryImageOfPage\":{\"@id\":\"https:\\\/\\\/ksproducts.ca\\\/product\\\/rechargeable-extendable-work-light\\\/#primaryimage\"},\"image\":{\"@id\":\"https:\\\/\\\/ksproducts.ca\\\/product\\\/rechargeable-extendable-work-light\\\/#primaryimage\"},\"thumbnailUrl\":\"https:\\\/\\\/ksproducts.ca\\\/wp-content\\\/uploads\\\/2022\\\/05\\\/CT3110_main-jpg.webp\",\"datePublished\":\"2022-05-17T17:04:22+00:00\",\"dateModified\":\"2026-04-15T15:33:43+00:00\",\"description\":\"Featuring new COB LED technology, the CT3115 Extendable Work Light floods any large work area with 170 lumens of light on flood and 150 lumens on beam. This rugged light has an extendable design, making for better storage while providing instant lighting. The magnetic base allows for hands- free use in many applications. Run time is 3.5\u00a0hours on flood and 3.25\u00a0hours on beam, providing long term use.\",\"breadcrumb\":{\"@id\":\"https:\\\/\\\/ksproducts.ca\\\/product\\\/rechargeable-extendable-work-light\\\/#breadcrumb\"},\"inLanguage\":\"fr-CA\",\"potentialAction\":[{\"@type\":\"ReadAction\",\"target\":[\"https:\\\/\\\/ksproducts.ca\\\/product\\\/rechargeable-extendable-work-light\\\/\"]}]},{\"@type\":\"ImageObject\",\"inLanguage\":\"fr-CA\",\"@id\":\"https:\\\/\\\/ksproducts.ca\\\/product\\\/rechargeable-extendable-work-light\\\/#primaryimage\",\"url\":\"https:\\\/\\\/ksproducts.ca\\\/wp-content\\\/uploads\\\/2022\\\/05\\\/CT3110_main-jpg.webp\",\"contentUrl\":\"https:\\\/\\\/ksproducts.ca\\\/wp-content\\\/uploads\\\/2022\\\/05\\\/CT3110_main-jpg.webp\",\"width\":700,\"height\":467,\"caption\":\"CT3110 main jpg\"},{\"@type\":\"BreadcrumbList\",\"@id\":\"https:\\\/\\\/ksproducts.ca\\\/product\\\/rechargeable-extendable-work-light\\\/#breadcrumb\",\"itemListElement\":[{\"@type\":\"ListItem\",\"position\":1,\"name\":\"Home\",\"item\":\"https:\\\/\\\/ksproducts.ca\\\/\"},{\"@type\":\"ListItem\",\"position\":2,\"name\":\"Shop\",\"item\":\"https:\\\/\\\/ksproducts.ca\\\/shop\\\/\"},{\"@type\":\"ListItem\",\"position\":3,\"name\":\"Rechargeable Extendable Work Light\"}]},{\"@type\":\"WebSite\",\"@id\":\"https:\\\/\\\/ksproducts.ca\\\/#website\",\"url\":\"https:\\\/\\\/ksproducts.ca\\\/\",\"name\":\"Ks Products\",\"description\":\"Outdoor cooking and living, made easy in Canada\",\"publisher\":{\"@id\":\"https:\\\/\\\/ksproducts.ca\\\/#organization\"},\"potentialAction\":[{\"@type\":\"SearchAction\",\"target\":{\"@type\":\"EntryPoint\",\"urlTemplate\":\"https:\\\/\\\/ksproducts.ca\\\/?s={search_term_string}\"},\"query-input\":{\"@type\":\"PropertyValueSpecification\",\"valueRequired\":true,\"valueName\":\"search_term_string\"}}],\"inLanguage\":\"fr-CA\"},{\"@type\":\"Organization\",\"@id\":\"https:\\\/\\\/ksproducts.ca\\\/#organization\",\"name\":\"Ks Products\",\"url\":\"https:\\\/\\\/ksproducts.ca\\\/\",\"logo\":{\"@type\":\"ImageObject\",\"inLanguage\":\"fr-CA\",\"@id\":\"https:\\\/\\\/ksproducts.ca\\\/#\\\/schema\\\/logo\\\/image\\\/\",\"url\":\"https:\\\/\\\/ksproducts.ca\\\/wp-content\\\/uploads\\\/2023\\\/09\\\/Kennedy-Sales-Logo-header-1.png\",\"contentUrl\":\"https:\\\/\\\/ksproducts.ca\\\/wp-content\\\/uploads\\\/2023\\\/09\\\/Kennedy-Sales-Logo-header-1.png\",\"width\":150,\"height\":77,\"caption\":\"Ks Products\"},\"image\":{\"@id\":\"https:\\\/\\\/ksproducts.ca\\\/#\\\/schema\\\/logo\\\/image\\\/\"}}]}<\/script>\n<!-- \/ Yoast SEO plugin. -->","yoast_head_json":{"title":"Lampe de travail extensible rechargeable - Ks Products","description":"Dot\u00e9e de la nouvelle technologie LED COB, la lampe de travail extensible CT3115 \u00e9claire toute grande zone de travail avec 170 lumens en faisceau et 150 lumens en faisceau. Cette lampe robuste est extensible, ce qui permet de mieux la ranger tout en fournissant un \u00e9clairage instantan\u00e9. La base magn\u00e9tique permet une utilisation mains libres dans de nombreuses applications. L'autonomie est de 3,5 heures en mode flood et de 3,25 heures en mode beam, ce qui permet une utilisation \u00e0 long terme.","robots":{"index":"index","follow":"follow","max-snippet":"max-snippet:-1","max-image-preview":"max-image-preview:large","max-video-preview":"max-video-preview:-1"},"canonical":"https:\/\/ksproducts.ca\/fr\/product\/lampe-de-travail-extensible-rechargeable\/","og_locale":"fr_CA","og_type":"article","og_title":"Rechargeable Extendable Work Light - Ks Products","og_description":"Featuring new COB LED technology, the CT3115 Extendable Work Light floods any large work area with 170 lumens of light on flood and 150 lumens on beam. This rugged light has an extendable design, making for better storage while providing instant lighting. The magnetic base allows for hands- free use in many applications. Run time is 3.5\u00a0hours on flood and 3.25\u00a0hours on beam, providing long term use.","og_url":"https:\/\/ksproducts.ca\/fr\/product\/lampe-de-travail-extensible-rechargeable\/","og_site_name":"Ks Products","article_modified_time":"2026-04-15T15:33:43+00:00","og_image":[{"width":700,"height":467,"url":"https:\/\/ksproducts.ca\/wp-content\/uploads\/2022\/05\/CT3110_main-jpg.webp","type":"image\/jpeg"}],"twitter_card":"summary_large_image","twitter_misc":{"Estimation du temps de lecture":"1 minute"},"schema":{"@context":"https:\/\/schema.org","@graph":[{"@type":"WebPage","@id":"https:\/\/ksproducts.ca\/product\/rechargeable-extendable-work-light\/","url":"https:\/\/ksproducts.ca\/product\/rechargeable-extendable-work-light\/","name":"Lampe de travail extensible rechargeable - Ks Products","isPartOf":{"@id":"https:\/\/ksproducts.ca\/#website"},"primaryImageOfPage":{"@id":"https:\/\/ksproducts.ca\/product\/rechargeable-extendable-work-light\/#primaryimage"},"image":{"@id":"https:\/\/ksproducts.ca\/product\/rechargeable-extendable-work-light\/#primaryimage"},"thumbnailUrl":"https:\/\/ksproducts.ca\/wp-content\/uploads\/2022\/05\/CT3110_main-jpg.webp","datePublished":"2022-05-17T17:04:22+00:00","dateModified":"2026-04-15T15:33:43+00:00","description":"Dot\u00e9e de la nouvelle technologie LED COB, la lampe de travail extensible CT3115 \u00e9claire toute grande zone de travail avec 170 lumens en faisceau et 150 lumens en faisceau. Cette lampe robuste est extensible, ce qui permet de mieux la ranger tout en fournissant un \u00e9clairage instantan\u00e9. La base magn\u00e9tique permet une utilisation mains libres dans de nombreuses applications. L'autonomie est de 3,5 heures en mode flood et de 3,25 heures en mode beam, ce qui permet une utilisation \u00e0 long terme.","breadcrumb":{"@id":"https:\/\/ksproducts.ca\/product\/rechargeable-extendable-work-light\/#breadcrumb"},"inLanguage":"fr-CA","potentialAction":[{"@type":"ReadAction","target":["https:\/\/ksproducts.ca\/product\/rechargeable-extendable-work-light\/"]}]},{"@type":"ImageObject","inLanguage":"fr-CA","@id":"https:\/\/ksproducts.ca\/product\/rechargeable-extendable-work-light\/#primaryimage","url":"https:\/\/ksproducts.ca\/wp-content\/uploads\/2022\/05\/CT3110_main-jpg.webp","contentUrl":"https:\/\/ksproducts.ca\/wp-content\/uploads\/2022\/05\/CT3110_main-jpg.webp","width":700,"height":467,"caption":"CT3110 main jpg"},{"@type":"BreadcrumbList","@id":"https:\/\/ksproducts.ca\/product\/rechargeable-extendable-work-light\/#breadcrumb","itemListElement":[{"@type":"ListItem","position":1,"name":"Home","item":"https:\/\/ksproducts.ca\/"},{"@type":"ListItem","position":2,"name":"Shop","item":"https:\/\/ksproducts.ca\/shop\/"},{"@type":"ListItem","position":3,"name":"Rechargeable Extendable Work Light"}]},{"@type":"WebSite","@id":"https:\/\/ksproducts.ca\/#website","url":"https:\/\/ksproducts.ca\/","name":"Produits Ks","description":"Cuisiner et vivre en plein air, c'est facile au Canada","publisher":{"@id":"https:\/\/ksproducts.ca\/#organization"},"potentialAction":[{"@type":"SearchAction","target":{"@type":"EntryPoint","urlTemplate":"https:\/\/ksproducts.ca\/?s={search_term_string}"},"query-input":{"@type":"PropertyValueSpecification","valueRequired":true,"valueName":"search_term_string"}}],"inLanguage":"fr-CA"},{"@type":"Organization","@id":"https:\/\/ksproducts.ca\/#organization","name":"Produits Ks","url":"https:\/\/ksproducts.ca\/","logo":{"@type":"ImageObject","inLanguage":"fr-CA","@id":"https:\/\/ksproducts.ca\/#\/schema\/logo\/image\/","url":"https:\/\/ksproducts.ca\/wp-content\/uploads\/2023\/09\/Kennedy-Sales-Logo-header-1.png","contentUrl":"https:\/\/ksproducts.ca\/wp-content\/uploads\/2023\/09\/Kennedy-Sales-Logo-header-1.png","width":150,"height":77,"caption":"Ks Products"},"image":{"@id":"https:\/\/ksproducts.ca\/#\/schema\/logo\/image\/"}}]}},"_links":{"self":[{"href":"https:\/\/ksproducts.ca\/fr\/wp-json\/wp\/v2\/product\/4009","targetHints":{"allow":["GET"]}}],"collection":[{"href":"https:\/\/ksproducts.ca\/fr\/wp-json\/wp\/v2\/product"}],"about":[{"href":"https:\/\/ksproducts.ca\/fr\/wp-json\/wp\/v2\/types\/product"}],"replies":[{"embeddable":true,"href":"https:\/\/ksproducts.ca\/fr\/wp-json\/wp\/v2\/comments?post=4009"}],"version-history":[{"count":2,"href":"https:\/\/ksproducts.ca\/fr\/wp-json\/wp\/v2\/product\/4009\/revisions"}],"predecessor-version":[{"id":11053,"href":"https:\/\/ksproducts.ca\/fr\/wp-json\/wp\/v2\/product\/4009\/revisions\/11053"}],"wp:featuredmedia":[{"embeddable":true,"href":"https:\/\/ksproducts.ca\/fr\/wp-json\/wp\/v2\/media\/4066"}],"wp:attachment":[{"href":"https:\/\/ksproducts.ca\/fr\/wp-json\/wp\/v2\/media?parent=4009"}],"wp:term":[{"taxonomy":"product_cat","embeddable":true,"href":"https:\/\/ksproducts.ca\/fr\/wp-json\/wp\/v2\/product_cat?post=4009"},{"taxonomy":"product_tag","embeddable":true,"href":"https:\/\/ksproducts.ca\/fr\/wp-json\/wp\/v2\/product_tag?post=4009"}],"curies":[{"name":"wp","href":"https:\/\/api.w.org\/{rel}","templated":true}]}}