{"id":4010,"date":"2022-05-17T17:04:22","date_gmt":"2022-05-17T17:04:22","guid":{"rendered":"http:\/\/localhost\/wordpress\/?post_type=product&#038;p=4010"},"modified":"2025-09-17T19:53:26","modified_gmt":"2025-09-17T19:53:26","slug":"lampe-tactique-a-double-faisceau","status":"publish","type":"product","link":"https:\/\/ksproducts.ca\/fr\/product\/dual-beam-tactical-light\/","title":{"rendered":"LAMPE TACTIQUE \u00c0 DOUBLE FAISCEAU"},"content":{"rendered":"<p>CARACT\u00c9RISTIQUES<\/p>\n<div class=\"features\">\n<ul class=\"product-description-list\">\n<li>Double faisceau<\/li>\n<li>Clip de poche<\/li>\n<li>Base magn\u00e9tique<\/li>\n<li>Compact<\/li>\n<li>Interrupteur r\u00e9sistant \u00e0 l'eau IPX4<\/li>\n<li>Test de chute 1 m\u00e8tre<\/li>\n<\/ul>\n<\/div>\n<div class=\"specifications\">CARACT\u00c9RISTIQUES TECHNIQUES<\/p>\n<ul class=\"product-description-list\">\n<li>Panneau lat\u00e9ral 250 lumens<\/li>\n<li>300 lumens en faisceau sup\u00e9rieur<\/li>\n<li>R\u00e9sistant \u00e0 l'eau et aux chocs<\/li>\n<li>Distance du faisceau : 135 m\u00e8tres et SDM 15 m\u00e8tres<\/li>\n<li>Dur\u00e9e de vie :  LED- 2 heures et SMD- 3 heures<\/li>\n<li>4.51\u201d H x 1.23\u2033 L x 1.23\u2033 P<\/li>\n<li>0.42 lbs<\/li>\n<li>1 an de garantie limit\u00e9e<\/li>\n<\/ul>\n<\/div>","protected":false},"excerpt":{"rendered":"<p>La lampe tactique CT3410 \u00e0 double faisceau est une b\u00eate \u00e0 double usage, lib\u00e9rant 300 lumens de lumi\u00e8re sur le faisceau sup\u00e9rieur et 250 lumens sur le panneau d'inondation. Avec son bo\u00eetier en aluminium de qualit\u00e9 construction et son interrupteur r\u00e9sistant aux intemp\u00e9ries, il n'y a rien que cette lampe robuste ne puisse g\u00e9rer. La CT3410 est \u00e9quip\u00e9e d'une base magn\u00e9tique et d'un clip de poche, ce qui la rend id\u00e9ale pour une utilisation mains libres. 3 piles AAA sont incluses.<\/p>","protected":false},"featured_media":4069,"comment_status":"closed","ping_status":"closed","template":"","meta":[],"product_cat":[451],"product_tag":[],"class_list":{"0":"post-4010","1":"product","2":"type-product","3":"status-publish","4":"has-post-thumbnail","6":"product_cat-tools-equipment","7":"product_shipping_class-class-1","9":"first","10":"outofstock","11":"taxable","12":"shipping-taxable","13":"purchasable","14":"product-type-simple"},"yoast_head":"<!-- This site is optimized with the Yoast SEO plugin v27.4 - https:\/\/yoast.com\/product\/yoast-seo-wordpress\/ -->\n<title>DUAL BEAM TACTICAL LIGHT - Ks Products<\/title>\n<meta name=\"description\" content=\"The CT3410 Dual Beam Tactical Light is a double-duty beast, unleashing 300 lumens of light on top beam and 250 lumens on flood panel. With its construction grade aluminum housing and weather-resistant switch, there\u2019s nothing this rugged light can\u2019t handle. The CT3410 features a magnetic base and pocket clip, making it ideal for hands-free use. 3 AAA batteries are included.\" \/>\n<meta name=\"robots\" content=\"index, follow, max-snippet:-1, max-image-preview:large, max-video-preview:-1\" \/>\n<link rel=\"canonical\" href=\"https:\/\/ksproducts.ca\/fr\/product\/lampe-tactique-a-double-faisceau\/\" \/>\n<meta property=\"og:locale\" content=\"fr_CA\" \/>\n<meta property=\"og:type\" content=\"article\" \/>\n<meta property=\"og:title\" content=\"DUAL BEAM TACTICAL LIGHT - Ks Products\" \/>\n<meta property=\"og:description\" content=\"The CT3410 Dual Beam Tactical Light is a double-duty beast, unleashing 300 lumens of light on top beam and 250 lumens on flood panel. With its construction grade aluminum housing and weather-resistant switch, there\u2019s nothing this rugged light can\u2019t handle. The CT3410 features a magnetic base and pocket clip, making it ideal for hands-free use. 3 AAA batteries are included.\" \/>\n<meta property=\"og:url\" content=\"https:\/\/ksproducts.ca\/fr\/product\/lampe-tactique-a-double-faisceau\/\" \/>\n<meta property=\"og:site_name\" content=\"Ks Products\" \/>\n<meta property=\"article:modified_time\" content=\"2025-09-17T19:53:26+00:00\" \/>\n<meta property=\"og:image\" content=\"https:\/\/ksproducts.ca\/wp-content\/uploads\/2022\/05\/ct3410-jpg.webp\" \/>\n\t<meta property=\"og:image:width\" content=\"700\" \/>\n\t<meta property=\"og:image:height\" content=\"467\" \/>\n\t<meta property=\"og:image:type\" content=\"image\/jpeg\" \/>\n<meta name=\"twitter:card\" content=\"summary_large_image\" \/>\n<meta name=\"twitter:label1\" content=\"Estimation du temps de lecture\" \/>\n\t<meta name=\"twitter:data1\" content=\"1 minute\" \/>\n<script type=\"application\/ld+json\" class=\"yoast-schema-graph\">{\"@context\":\"https:\\\/\\\/schema.org\",\"@graph\":[{\"@type\":\"WebPage\",\"@id\":\"https:\\\/\\\/ksproducts.ca\\\/product\\\/dual-beam-tactical-light\\\/\",\"url\":\"https:\\\/\\\/ksproducts.ca\\\/product\\\/dual-beam-tactical-light\\\/\",\"name\":\"DUAL BEAM TACTICAL LIGHT - Ks Products\",\"isPartOf\":{\"@id\":\"https:\\\/\\\/ksproducts.ca\\\/#website\"},\"primaryImageOfPage\":{\"@id\":\"https:\\\/\\\/ksproducts.ca\\\/product\\\/dual-beam-tactical-light\\\/#primaryimage\"},\"image\":{\"@id\":\"https:\\\/\\\/ksproducts.ca\\\/product\\\/dual-beam-tactical-light\\\/#primaryimage\"},\"thumbnailUrl\":\"https:\\\/\\\/ksproducts.ca\\\/wp-content\\\/uploads\\\/2022\\\/05\\\/ct3410-jpg.webp\",\"datePublished\":\"2022-05-17T17:04:22+00:00\",\"dateModified\":\"2025-09-17T19:53:26+00:00\",\"description\":\"The CT3410 Dual Beam Tactical Light is a double-duty beast, unleashing 300 lumens of light on top beam and 250 lumens on flood panel. With its construction grade aluminum housing and weather-resistant switch, there\u2019s nothing this rugged light can\u2019t handle. The CT3410 features a magnetic base and pocket clip, making it ideal for hands-free use. 3 AAA batteries are included.\",\"breadcrumb\":{\"@id\":\"https:\\\/\\\/ksproducts.ca\\\/product\\\/dual-beam-tactical-light\\\/#breadcrumb\"},\"inLanguage\":\"fr-CA\",\"potentialAction\":[{\"@type\":\"ReadAction\",\"target\":[\"https:\\\/\\\/ksproducts.ca\\\/product\\\/dual-beam-tactical-light\\\/\"]}]},{\"@type\":\"ImageObject\",\"inLanguage\":\"fr-CA\",\"@id\":\"https:\\\/\\\/ksproducts.ca\\\/product\\\/dual-beam-tactical-light\\\/#primaryimage\",\"url\":\"https:\\\/\\\/ksproducts.ca\\\/wp-content\\\/uploads\\\/2022\\\/05\\\/ct3410-jpg.webp\",\"contentUrl\":\"https:\\\/\\\/ksproducts.ca\\\/wp-content\\\/uploads\\\/2022\\\/05\\\/ct3410-jpg.webp\",\"width\":700,\"height\":467,\"caption\":\"ct3410 jpg\"},{\"@type\":\"BreadcrumbList\",\"@id\":\"https:\\\/\\\/ksproducts.ca\\\/product\\\/dual-beam-tactical-light\\\/#breadcrumb\",\"itemListElement\":[{\"@type\":\"ListItem\",\"position\":1,\"name\":\"Home\",\"item\":\"https:\\\/\\\/ksproducts.ca\\\/\"},{\"@type\":\"ListItem\",\"position\":2,\"name\":\"Shop\",\"item\":\"https:\\\/\\\/ksproducts.ca\\\/shop\\\/\"},{\"@type\":\"ListItem\",\"position\":3,\"name\":\"DUAL BEAM TACTICAL LIGHT\"}]},{\"@type\":\"WebSite\",\"@id\":\"https:\\\/\\\/ksproducts.ca\\\/#website\",\"url\":\"https:\\\/\\\/ksproducts.ca\\\/\",\"name\":\"Ks Products\",\"description\":\"Outdoor cooking and living, made easy in Canada\",\"publisher\":{\"@id\":\"https:\\\/\\\/ksproducts.ca\\\/#organization\"},\"potentialAction\":[{\"@type\":\"SearchAction\",\"target\":{\"@type\":\"EntryPoint\",\"urlTemplate\":\"https:\\\/\\\/ksproducts.ca\\\/?s={search_term_string}\"},\"query-input\":{\"@type\":\"PropertyValueSpecification\",\"valueRequired\":true,\"valueName\":\"search_term_string\"}}],\"inLanguage\":\"fr-CA\"},{\"@type\":\"Organization\",\"@id\":\"https:\\\/\\\/ksproducts.ca\\\/#organization\",\"name\":\"Ks Products\",\"url\":\"https:\\\/\\\/ksproducts.ca\\\/\",\"logo\":{\"@type\":\"ImageObject\",\"inLanguage\":\"fr-CA\",\"@id\":\"https:\\\/\\\/ksproducts.ca\\\/#\\\/schema\\\/logo\\\/image\\\/\",\"url\":\"https:\\\/\\\/ksproducts.ca\\\/wp-content\\\/uploads\\\/2023\\\/09\\\/Kennedy-Sales-Logo-header-1.png\",\"contentUrl\":\"https:\\\/\\\/ksproducts.ca\\\/wp-content\\\/uploads\\\/2023\\\/09\\\/Kennedy-Sales-Logo-header-1.png\",\"width\":150,\"height\":77,\"caption\":\"Ks Products\"},\"image\":{\"@id\":\"https:\\\/\\\/ksproducts.ca\\\/#\\\/schema\\\/logo\\\/image\\\/\"}}]}<\/script>\n<!-- \/ Yoast SEO plugin. -->","yoast_head_json":{"title":"LUMI\u00c8RE TACTIQUE \u00c0 DOUBLE FEU - Ks Products","description":"La lampe tactique CT3410 \u00e0 double faisceau est une b\u00eate \u00e0 double usage, lib\u00e9rant 300 lumens de lumi\u00e8re sur le faisceau sup\u00e9rieur et 250 lumens sur le panneau d'inondation. Avec son bo\u00eetier en aluminium de qualit\u00e9 construction et son interrupteur r\u00e9sistant aux intemp\u00e9ries, il n'y a rien que cette lampe robuste ne puisse g\u00e9rer. La CT3410 est \u00e9quip\u00e9e d'une base magn\u00e9tique et d'un clip de poche, ce qui la rend id\u00e9ale pour une utilisation mains libres. 3 piles AAA sont incluses.","robots":{"index":"index","follow":"follow","max-snippet":"max-snippet:-1","max-image-preview":"max-image-preview:large","max-video-preview":"max-video-preview:-1"},"canonical":"https:\/\/ksproducts.ca\/fr\/product\/lampe-tactique-a-double-faisceau\/","og_locale":"fr_CA","og_type":"article","og_title":"DUAL BEAM TACTICAL LIGHT - Ks Products","og_description":"The CT3410 Dual Beam Tactical Light is a double-duty beast, unleashing 300 lumens of light on top beam and 250 lumens on flood panel. With its construction grade aluminum housing and weather-resistant switch, there\u2019s nothing this rugged light can\u2019t handle. The CT3410 features a magnetic base and pocket clip, making it ideal for hands-free use. 3 AAA batteries are included.","og_url":"https:\/\/ksproducts.ca\/fr\/product\/lampe-tactique-a-double-faisceau\/","og_site_name":"Ks Products","article_modified_time":"2025-09-17T19:53:26+00:00","og_image":[{"width":700,"height":467,"url":"https:\/\/ksproducts.ca\/wp-content\/uploads\/2022\/05\/ct3410-jpg.webp","type":"image\/jpeg"}],"twitter_card":"summary_large_image","twitter_misc":{"Estimation du temps de lecture":"1 minute"},"schema":{"@context":"https:\/\/schema.org","@graph":[{"@type":"WebPage","@id":"https:\/\/ksproducts.ca\/product\/dual-beam-tactical-light\/","url":"https:\/\/ksproducts.ca\/product\/dual-beam-tactical-light\/","name":"LUMI\u00c8RE TACTIQUE \u00c0 DOUBLE FEU - Ks Products","isPartOf":{"@id":"https:\/\/ksproducts.ca\/#website"},"primaryImageOfPage":{"@id":"https:\/\/ksproducts.ca\/product\/dual-beam-tactical-light\/#primaryimage"},"image":{"@id":"https:\/\/ksproducts.ca\/product\/dual-beam-tactical-light\/#primaryimage"},"thumbnailUrl":"https:\/\/ksproducts.ca\/wp-content\/uploads\/2022\/05\/ct3410-jpg.webp","datePublished":"2022-05-17T17:04:22+00:00","dateModified":"2025-09-17T19:53:26+00:00","description":"La lampe tactique CT3410 \u00e0 double faisceau est une b\u00eate \u00e0 double usage, lib\u00e9rant 300 lumens de lumi\u00e8re sur le faisceau sup\u00e9rieur et 250 lumens sur le panneau d'inondation. Avec son bo\u00eetier en aluminium de qualit\u00e9 construction et son interrupteur r\u00e9sistant aux intemp\u00e9ries, il n'y a rien que cette lampe robuste ne puisse g\u00e9rer. La CT3410 est \u00e9quip\u00e9e d'une base magn\u00e9tique et d'un clip de poche, ce qui la rend id\u00e9ale pour une utilisation mains libres. 3 piles AAA sont incluses.","breadcrumb":{"@id":"https:\/\/ksproducts.ca\/product\/dual-beam-tactical-light\/#breadcrumb"},"inLanguage":"fr-CA","potentialAction":[{"@type":"ReadAction","target":["https:\/\/ksproducts.ca\/product\/dual-beam-tactical-light\/"]}]},{"@type":"ImageObject","inLanguage":"fr-CA","@id":"https:\/\/ksproducts.ca\/product\/dual-beam-tactical-light\/#primaryimage","url":"https:\/\/ksproducts.ca\/wp-content\/uploads\/2022\/05\/ct3410-jpg.webp","contentUrl":"https:\/\/ksproducts.ca\/wp-content\/uploads\/2022\/05\/ct3410-jpg.webp","width":700,"height":467,"caption":"ct3410 jpg"},{"@type":"BreadcrumbList","@id":"https:\/\/ksproducts.ca\/product\/dual-beam-tactical-light\/#breadcrumb","itemListElement":[{"@type":"ListItem","position":1,"name":"Home","item":"https:\/\/ksproducts.ca\/"},{"@type":"ListItem","position":2,"name":"Shop","item":"https:\/\/ksproducts.ca\/shop\/"},{"@type":"ListItem","position":3,"name":"DUAL BEAM TACTICAL LIGHT"}]},{"@type":"WebSite","@id":"https:\/\/ksproducts.ca\/#website","url":"https:\/\/ksproducts.ca\/","name":"Produits Ks","description":"Cuisiner et vivre en plein air, c'est facile au Canada","publisher":{"@id":"https:\/\/ksproducts.ca\/#organization"},"potentialAction":[{"@type":"SearchAction","target":{"@type":"EntryPoint","urlTemplate":"https:\/\/ksproducts.ca\/?s={search_term_string}"},"query-input":{"@type":"PropertyValueSpecification","valueRequired":true,"valueName":"search_term_string"}}],"inLanguage":"fr-CA"},{"@type":"Organization","@id":"https:\/\/ksproducts.ca\/#organization","name":"Produits Ks","url":"https:\/\/ksproducts.ca\/","logo":{"@type":"ImageObject","inLanguage":"fr-CA","@id":"https:\/\/ksproducts.ca\/#\/schema\/logo\/image\/","url":"https:\/\/ksproducts.ca\/wp-content\/uploads\/2023\/09\/Kennedy-Sales-Logo-header-1.png","contentUrl":"https:\/\/ksproducts.ca\/wp-content\/uploads\/2023\/09\/Kennedy-Sales-Logo-header-1.png","width":150,"height":77,"caption":"Ks Products"},"image":{"@id":"https:\/\/ksproducts.ca\/#\/schema\/logo\/image\/"}}]}},"_links":{"self":[{"href":"https:\/\/ksproducts.ca\/fr\/wp-json\/wp\/v2\/product\/4010","targetHints":{"allow":["GET"]}}],"collection":[{"href":"https:\/\/ksproducts.ca\/fr\/wp-json\/wp\/v2\/product"}],"about":[{"href":"https:\/\/ksproducts.ca\/fr\/wp-json\/wp\/v2\/types\/product"}],"replies":[{"embeddable":true,"href":"https:\/\/ksproducts.ca\/fr\/wp-json\/wp\/v2\/comments?post=4010"}],"version-history":[{"count":1,"href":"https:\/\/ksproducts.ca\/fr\/wp-json\/wp\/v2\/product\/4010\/revisions"}],"predecessor-version":[{"id":10196,"href":"https:\/\/ksproducts.ca\/fr\/wp-json\/wp\/v2\/product\/4010\/revisions\/10196"}],"wp:featuredmedia":[{"embeddable":true,"href":"https:\/\/ksproducts.ca\/fr\/wp-json\/wp\/v2\/media\/4069"}],"wp:attachment":[{"href":"https:\/\/ksproducts.ca\/fr\/wp-json\/wp\/v2\/media?parent=4010"}],"wp:term":[{"taxonomy":"product_cat","embeddable":true,"href":"https:\/\/ksproducts.ca\/fr\/wp-json\/wp\/v2\/product_cat?post=4010"},{"taxonomy":"product_tag","embeddable":true,"href":"https:\/\/ksproducts.ca\/fr\/wp-json\/wp\/v2\/product_tag?post=4010"}],"curies":[{"name":"wp","href":"https:\/\/api.w.org\/{rel}","templated":true}]}}