{"id":4011,"date":"2022-05-17T17:04:22","date_gmt":"2022-05-17T17:04:22","guid":{"rendered":"http:\/\/localhost\/wordpress\/?post_type=product&#038;p=4011"},"modified":"2026-01-30T18:54:45","modified_gmt":"2026-01-30T18:54:45","slug":"lampe-frontale-multifonction","status":"publish","type":"product","link":"https:\/\/ksproducts.ca\/fr\/product\/multi-function-headlamp\/","title":{"rendered":"LAMPE FRONTALE MULTIFONCTION"},"content":{"rendered":"<div class=\"clearfix\">\n<div class=\"features\">CARACT\u00c9RISTIQUES<\/p>\n<ul class=\"product-description-list\">\n<li>4 fonctions<\/li>\n<li>Faisceau LED<\/li>\n<li>Feu de croisement<\/li>\n<li>Faisceau rouge<\/li>\n<li>Clignotant rouge arri\u00e8re<\/li>\n<li>T\u00eate \u00e0 angle r\u00e9glable<\/li>\n<\/ul>\n<\/div>\n<div class=\"specifications\">CARACT\u00c9RISTIQUES TECHNIQUES<\/p>\n<ul class=\"product-description-list\">\n<li>Faisceau LED de 250 lumens<\/li>\n<li>Lumi\u00e8re d'inondation de 120 lumens<\/li>\n<li>Jusqu'\u00e0 2 heures d'autonomie pour la lumi\u00e8re du faisceau LED<\/li>\n<li>Jusqu'\u00e0 5 heures d'autonomie pour la lumi\u00e8re d'inondation<\/li>\n<li>R\u00e9sistant \u00e0 l'eau et aux chocs<\/li>\n<li>1,75\u201d H x 2,5\u201d L x 1,75\u201d P<\/li>\n<li>.45 OZ<\/li>\n<li>Garantie limit\u00e9e de 90 jours<\/li>\n<\/ul>\n<\/div>\n<\/div>\n<p><img decoding=\"async\" class=\"alignnone wp-image-1222 size-full\" src=\"https:\/\/catlights.com\/wp-content\/uploads\/2016\/12\/CT4120-Specs-white.png\" width=\"267\" height=\"48\" \/><\/p>","protected":false},"excerpt":{"rendered":"<p><img decoding=\"async\" class=\"alignnone wp-image-1221 size-full\" src=\"https:\/\/catlights.com\/wp-content\/uploads\/2016\/12\/lumens-250-120.jpg\" width=\"56\" height=\"45\" \/>La lampe frontale multifonction CT4120 offre une solution \u00e0 une grande vari\u00e9t\u00e9 de besoins d'\u00e9clairage. Extr\u00eamement l\u00e9g\u00e8re, elle est dot\u00e9e de trois sangles \u00e9lastiques r\u00e9glables pour un port confortable. Une simple pression sur le bouton d'alimentation permet d'obtenir un \u00e9clairage d'appoint de 250 lumens, avec une distance de rayonnement de 40 m\u00e8tres. L'appui suivant sur le bouton d'alimentation fait passer la lampe \u00e0 une lumi\u00e8re d'inondation \u00e0 LED COB de 120 lumens, \u00e9clairant brillamment votre environnement ou votre zone de travail. Une troisi\u00e8me pression sur le bouton fait passer la lumi\u00e8re \u00e0 une LED COB rouge pour pr\u00e9server la vision nocturne, ce qui est parfait pour la chasse et la p\u00eache de nuit. La CT4120 est \u00e9galement \u00e9quip\u00e9e d'un clignotant arri\u00e8re pour assurer votre s\u00e9curit\u00e9 lorsque vous faites du jogging ou que vous promenez votre chien dans l'obscurit\u00e9. Aliment\u00e9e par 3 piles AAA (incluses), la lampe frontale multifonction offre des heures d'\u00e9clairage mains libres pratique et confortable.<\/p>","protected":false},"featured_media":4073,"comment_status":"closed","ping_status":"closed","template":"","meta":[],"product_cat":[451],"product_tag":[],"class_list":{"0":"post-4011","1":"product","2":"type-product","3":"status-publish","4":"has-post-thumbnail","6":"product_cat-tools-equipment","7":"product_shipping_class-class-1","9":"first","10":"outofstock","11":"taxable","12":"shipping-taxable","13":"purchasable","14":"product-type-simple"},"yoast_head":"<!-- This site is optimized with the Yoast SEO plugin v27.4 - https:\/\/yoast.com\/product\/yoast-seo-wordpress\/ -->\n<title>MULTI-FUNCTION HEADLAMP - Ks Products<\/title>\n<meta name=\"description\" content=\"The CT4120 Multi-Function Headlamp offers a solution to a wide variety of lighting needs. Extremely light weight and with three adjustable elastic straps for a comfortable fit. A touch of the power button provides a 250 lumen spot light, with a 40 meter beam distance. The next press of the power button switches the light to a 120 lumen COB LED flood light, brightly illuminating your surroundings or work area. A third press of the button switches the light to a red COB LED to preserve night vision, perfect for hunting and fishing at night. The CT4120 also offers a rear flasher to keep you safe when jogging or walking the dog in the dark. Powered by 3 AAA batteries (included) the Multi-Function Headlamp provides hours of convenient and comfortable hands-free lighting.\" \/>\n<meta name=\"robots\" content=\"index, follow, max-snippet:-1, max-image-preview:large, max-video-preview:-1\" \/>\n<link rel=\"canonical\" href=\"https:\/\/ksproducts.ca\/fr\/product\/lampe-frontale-multifonction\/\" \/>\n<meta property=\"og:locale\" content=\"fr_CA\" \/>\n<meta property=\"og:type\" content=\"article\" \/>\n<meta property=\"og:title\" content=\"MULTI-FUNCTION HEADLAMP - Ks Products\" \/>\n<meta property=\"og:description\" content=\"The CT4120 Multi-Function Headlamp offers a solution to a wide variety of lighting needs. Extremely light weight and with three adjustable elastic straps for a comfortable fit. A touch of the power button provides a 250 lumen spot light, with a 40 meter beam distance. The next press of the power button switches the light to a 120 lumen COB LED flood light, brightly illuminating your surroundings or work area. A third press of the button switches the light to a red COB LED to preserve night vision, perfect for hunting and fishing at night. The CT4120 also offers a rear flasher to keep you safe when jogging or walking the dog in the dark. Powered by 3 AAA batteries (included) the Multi-Function Headlamp provides hours of convenient and comfortable hands-free lighting.\" \/>\n<meta property=\"og:url\" content=\"https:\/\/ksproducts.ca\/fr\/product\/lampe-frontale-multifonction\/\" \/>\n<meta property=\"og:site_name\" content=\"Ks Products\" \/>\n<meta property=\"article:modified_time\" content=\"2026-01-30T18:54:45+00:00\" \/>\n<meta property=\"og:image\" content=\"https:\/\/ksproducts.ca\/wp-content\/uploads\/2022\/05\/ct4120-jpg.webp\" \/>\n\t<meta property=\"og:image:width\" content=\"700\" \/>\n\t<meta property=\"og:image:height\" content=\"467\" \/>\n\t<meta property=\"og:image:type\" content=\"image\/jpeg\" \/>\n<meta name=\"twitter:card\" content=\"summary_large_image\" \/>\n<meta name=\"twitter:label1\" content=\"Estimation du temps de lecture\" \/>\n\t<meta name=\"twitter:data1\" content=\"1 minute\" \/>\n<script type=\"application\/ld+json\" class=\"yoast-schema-graph\">{\"@context\":\"https:\\\/\\\/schema.org\",\"@graph\":[{\"@type\":\"WebPage\",\"@id\":\"https:\\\/\\\/ksproducts.ca\\\/product\\\/multi-function-headlamp\\\/\",\"url\":\"https:\\\/\\\/ksproducts.ca\\\/product\\\/multi-function-headlamp\\\/\",\"name\":\"MULTI-FUNCTION HEADLAMP - Ks Products\",\"isPartOf\":{\"@id\":\"https:\\\/\\\/ksproducts.ca\\\/#website\"},\"primaryImageOfPage\":{\"@id\":\"https:\\\/\\\/ksproducts.ca\\\/product\\\/multi-function-headlamp\\\/#primaryimage\"},\"image\":{\"@id\":\"https:\\\/\\\/ksproducts.ca\\\/product\\\/multi-function-headlamp\\\/#primaryimage\"},\"thumbnailUrl\":\"https:\\\/\\\/ksproducts.ca\\\/wp-content\\\/uploads\\\/2022\\\/05\\\/ct4120-jpg.webp\",\"datePublished\":\"2022-05-17T17:04:22+00:00\",\"dateModified\":\"2026-01-30T18:54:45+00:00\",\"description\":\"The CT4120 Multi-Function Headlamp offers a solution to a wide variety of lighting needs. Extremely light weight and with three adjustable elastic straps for a comfortable fit. A touch of the power button provides a 250 lumen spot light, with a 40 meter beam distance. The next press of the power button switches the light to a 120 lumen COB LED flood light, brightly illuminating your surroundings or work area. A third press of the button switches the light to a red COB LED to preserve night vision, perfect for hunting and fishing at night. The CT4120 also offers a rear flasher to keep you safe when jogging or walking the dog in the dark. Powered by 3 AAA batteries (included) the Multi-Function Headlamp provides hours of convenient and comfortable hands-free lighting.\",\"breadcrumb\":{\"@id\":\"https:\\\/\\\/ksproducts.ca\\\/product\\\/multi-function-headlamp\\\/#breadcrumb\"},\"inLanguage\":\"fr-CA\",\"potentialAction\":[{\"@type\":\"ReadAction\",\"target\":[\"https:\\\/\\\/ksproducts.ca\\\/product\\\/multi-function-headlamp\\\/\"]}]},{\"@type\":\"ImageObject\",\"inLanguage\":\"fr-CA\",\"@id\":\"https:\\\/\\\/ksproducts.ca\\\/product\\\/multi-function-headlamp\\\/#primaryimage\",\"url\":\"https:\\\/\\\/ksproducts.ca\\\/wp-content\\\/uploads\\\/2022\\\/05\\\/ct4120-jpg.webp\",\"contentUrl\":\"https:\\\/\\\/ksproducts.ca\\\/wp-content\\\/uploads\\\/2022\\\/05\\\/ct4120-jpg.webp\",\"width\":700,\"height\":467,\"caption\":\"ct4120 jpg\"},{\"@type\":\"BreadcrumbList\",\"@id\":\"https:\\\/\\\/ksproducts.ca\\\/product\\\/multi-function-headlamp\\\/#breadcrumb\",\"itemListElement\":[{\"@type\":\"ListItem\",\"position\":1,\"name\":\"Home\",\"item\":\"https:\\\/\\\/ksproducts.ca\\\/\"},{\"@type\":\"ListItem\",\"position\":2,\"name\":\"Shop\",\"item\":\"https:\\\/\\\/ksproducts.ca\\\/shop\\\/\"},{\"@type\":\"ListItem\",\"position\":3,\"name\":\"MULTI-FUNCTION HEADLAMP\"}]},{\"@type\":\"WebSite\",\"@id\":\"https:\\\/\\\/ksproducts.ca\\\/#website\",\"url\":\"https:\\\/\\\/ksproducts.ca\\\/\",\"name\":\"Ks Products\",\"description\":\"Outdoor cooking and living, made easy in Canada\",\"publisher\":{\"@id\":\"https:\\\/\\\/ksproducts.ca\\\/#organization\"},\"potentialAction\":[{\"@type\":\"SearchAction\",\"target\":{\"@type\":\"EntryPoint\",\"urlTemplate\":\"https:\\\/\\\/ksproducts.ca\\\/?s={search_term_string}\"},\"query-input\":{\"@type\":\"PropertyValueSpecification\",\"valueRequired\":true,\"valueName\":\"search_term_string\"}}],\"inLanguage\":\"fr-CA\"},{\"@type\":\"Organization\",\"@id\":\"https:\\\/\\\/ksproducts.ca\\\/#organization\",\"name\":\"Ks Products\",\"url\":\"https:\\\/\\\/ksproducts.ca\\\/\",\"logo\":{\"@type\":\"ImageObject\",\"inLanguage\":\"fr-CA\",\"@id\":\"https:\\\/\\\/ksproducts.ca\\\/#\\\/schema\\\/logo\\\/image\\\/\",\"url\":\"https:\\\/\\\/ksproducts.ca\\\/wp-content\\\/uploads\\\/2023\\\/09\\\/Kennedy-Sales-Logo-header-1.png\",\"contentUrl\":\"https:\\\/\\\/ksproducts.ca\\\/wp-content\\\/uploads\\\/2023\\\/09\\\/Kennedy-Sales-Logo-header-1.png\",\"width\":150,\"height\":77,\"caption\":\"Ks Products\"},\"image\":{\"@id\":\"https:\\\/\\\/ksproducts.ca\\\/#\\\/schema\\\/logo\\\/image\\\/\"}}]}<\/script>\n<!-- \/ Yoast SEO plugin. -->","yoast_head_json":{"title":"Lampe frontale multifonction - Ks Products","description":"La lampe frontale multifonction CT4120 offre une solution \u00e0 une grande vari\u00e9t\u00e9 de besoins d'\u00e9clairage. Extr\u00eamement l\u00e9g\u00e8re, elle est \u00e9quip\u00e9e de trois sangles \u00e9lastiques r\u00e9glables pour un port confortable. Une simple pression sur le bouton d'alimentation permet d'obtenir une lumi\u00e8re ponctuelle de 250 lumens, avec une distance de rayonnement de 40 m\u00e8tres. La pression suivante sur le bouton d'alimentation fait passer la lampe \u00e0 une lumi\u00e8re d'inondation \u00e0 LED COB de 120 lumens, \u00e9clairant brillamment votre environnement ou votre zone de travail. Une troisi\u00e8me pression sur le bouton fait passer la lumi\u00e8re \u00e0 une LED COB rouge pour pr\u00e9server la vision nocturne, ce qui est parfait pour la chasse et la p\u00eache de nuit. La CT4120 est \u00e9galement \u00e9quip\u00e9e d'un clignotant arri\u00e8re pour assurer votre s\u00e9curit\u00e9 lorsque vous faites du jogging ou que vous promenez votre chien dans l'obscurit\u00e9. Aliment\u00e9e par 3 piles AAA (incluses), la lampe frontale multifonction offre des heures d'\u00e9clairage mains libres pratique et confortable.","robots":{"index":"index","follow":"follow","max-snippet":"max-snippet:-1","max-image-preview":"max-image-preview:large","max-video-preview":"max-video-preview:-1"},"canonical":"https:\/\/ksproducts.ca\/fr\/product\/lampe-frontale-multifonction\/","og_locale":"fr_CA","og_type":"article","og_title":"MULTI-FUNCTION HEADLAMP - Ks Products","og_description":"The CT4120 Multi-Function Headlamp offers a solution to a wide variety of lighting needs. Extremely light weight and with three adjustable elastic straps for a comfortable fit. A touch of the power button provides a 250 lumen spot light, with a 40 meter beam distance. The next press of the power button switches the light to a 120 lumen COB LED flood light, brightly illuminating your surroundings or work area. A third press of the button switches the light to a red COB LED to preserve night vision, perfect for hunting and fishing at night. The CT4120 also offers a rear flasher to keep you safe when jogging or walking the dog in the dark. Powered by 3 AAA batteries (included) the Multi-Function Headlamp provides hours of convenient and comfortable hands-free lighting.","og_url":"https:\/\/ksproducts.ca\/fr\/product\/lampe-frontale-multifonction\/","og_site_name":"Ks Products","article_modified_time":"2026-01-30T18:54:45+00:00","og_image":[{"width":700,"height":467,"url":"https:\/\/ksproducts.ca\/wp-content\/uploads\/2022\/05\/ct4120-jpg.webp","type":"image\/jpeg"}],"twitter_card":"summary_large_image","twitter_misc":{"Estimation du temps de lecture":"1 minute"},"schema":{"@context":"https:\/\/schema.org","@graph":[{"@type":"WebPage","@id":"https:\/\/ksproducts.ca\/product\/multi-function-headlamp\/","url":"https:\/\/ksproducts.ca\/product\/multi-function-headlamp\/","name":"Lampe frontale multifonction - Ks Products","isPartOf":{"@id":"https:\/\/ksproducts.ca\/#website"},"primaryImageOfPage":{"@id":"https:\/\/ksproducts.ca\/product\/multi-function-headlamp\/#primaryimage"},"image":{"@id":"https:\/\/ksproducts.ca\/product\/multi-function-headlamp\/#primaryimage"},"thumbnailUrl":"https:\/\/ksproducts.ca\/wp-content\/uploads\/2022\/05\/ct4120-jpg.webp","datePublished":"2022-05-17T17:04:22+00:00","dateModified":"2026-01-30T18:54:45+00:00","description":"La lampe frontale multifonction CT4120 offre une solution \u00e0 une grande vari\u00e9t\u00e9 de besoins d'\u00e9clairage. Extr\u00eamement l\u00e9g\u00e8re, elle est \u00e9quip\u00e9e de trois sangles \u00e9lastiques r\u00e9glables pour un port confortable. Une simple pression sur le bouton d'alimentation permet d'obtenir une lumi\u00e8re ponctuelle de 250 lumens, avec une distance de rayonnement de 40 m\u00e8tres. La pression suivante sur le bouton d'alimentation fait passer la lampe \u00e0 une lumi\u00e8re d'inondation \u00e0 LED COB de 120 lumens, \u00e9clairant brillamment votre environnement ou votre zone de travail. Une troisi\u00e8me pression sur le bouton fait passer la lumi\u00e8re \u00e0 une LED COB rouge pour pr\u00e9server la vision nocturne, ce qui est parfait pour la chasse et la p\u00eache de nuit. La CT4120 est \u00e9galement \u00e9quip\u00e9e d'un clignotant arri\u00e8re pour assurer votre s\u00e9curit\u00e9 lorsque vous faites du jogging ou que vous promenez votre chien dans l'obscurit\u00e9. Aliment\u00e9e par 3 piles AAA (incluses), la lampe frontale multifonction offre des heures d'\u00e9clairage mains libres pratique et confortable.","breadcrumb":{"@id":"https:\/\/ksproducts.ca\/product\/multi-function-headlamp\/#breadcrumb"},"inLanguage":"fr-CA","potentialAction":[{"@type":"ReadAction","target":["https:\/\/ksproducts.ca\/product\/multi-function-headlamp\/"]}]},{"@type":"ImageObject","inLanguage":"fr-CA","@id":"https:\/\/ksproducts.ca\/product\/multi-function-headlamp\/#primaryimage","url":"https:\/\/ksproducts.ca\/wp-content\/uploads\/2022\/05\/ct4120-jpg.webp","contentUrl":"https:\/\/ksproducts.ca\/wp-content\/uploads\/2022\/05\/ct4120-jpg.webp","width":700,"height":467,"caption":"ct4120 jpg"},{"@type":"BreadcrumbList","@id":"https:\/\/ksproducts.ca\/product\/multi-function-headlamp\/#breadcrumb","itemListElement":[{"@type":"ListItem","position":1,"name":"Home","item":"https:\/\/ksproducts.ca\/"},{"@type":"ListItem","position":2,"name":"Shop","item":"https:\/\/ksproducts.ca\/shop\/"},{"@type":"ListItem","position":3,"name":"MULTI-FUNCTION HEADLAMP"}]},{"@type":"WebSite","@id":"https:\/\/ksproducts.ca\/#website","url":"https:\/\/ksproducts.ca\/","name":"Produits Ks","description":"Cuisiner et vivre en plein air, c'est facile au Canada","publisher":{"@id":"https:\/\/ksproducts.ca\/#organization"},"potentialAction":[{"@type":"SearchAction","target":{"@type":"EntryPoint","urlTemplate":"https:\/\/ksproducts.ca\/?s={search_term_string}"},"query-input":{"@type":"PropertyValueSpecification","valueRequired":true,"valueName":"search_term_string"}}],"inLanguage":"fr-CA"},{"@type":"Organization","@id":"https:\/\/ksproducts.ca\/#organization","name":"Produits Ks","url":"https:\/\/ksproducts.ca\/","logo":{"@type":"ImageObject","inLanguage":"fr-CA","@id":"https:\/\/ksproducts.ca\/#\/schema\/logo\/image\/","url":"https:\/\/ksproducts.ca\/wp-content\/uploads\/2023\/09\/Kennedy-Sales-Logo-header-1.png","contentUrl":"https:\/\/ksproducts.ca\/wp-content\/uploads\/2023\/09\/Kennedy-Sales-Logo-header-1.png","width":150,"height":77,"caption":"Ks Products"},"image":{"@id":"https:\/\/ksproducts.ca\/#\/schema\/logo\/image\/"}}]}},"_links":{"self":[{"href":"https:\/\/ksproducts.ca\/fr\/wp-json\/wp\/v2\/product\/4011","targetHints":{"allow":["GET"]}}],"collection":[{"href":"https:\/\/ksproducts.ca\/fr\/wp-json\/wp\/v2\/product"}],"about":[{"href":"https:\/\/ksproducts.ca\/fr\/wp-json\/wp\/v2\/types\/product"}],"replies":[{"embeddable":true,"href":"https:\/\/ksproducts.ca\/fr\/wp-json\/wp\/v2\/comments?post=4011"}],"version-history":[{"count":1,"href":"https:\/\/ksproducts.ca\/fr\/wp-json\/wp\/v2\/product\/4011\/revisions"}],"predecessor-version":[{"id":10197,"href":"https:\/\/ksproducts.ca\/fr\/wp-json\/wp\/v2\/product\/4011\/revisions\/10197"}],"wp:featuredmedia":[{"embeddable":true,"href":"https:\/\/ksproducts.ca\/fr\/wp-json\/wp\/v2\/media\/4073"}],"wp:attachment":[{"href":"https:\/\/ksproducts.ca\/fr\/wp-json\/wp\/v2\/media?parent=4011"}],"wp:term":[{"taxonomy":"product_cat","embeddable":true,"href":"https:\/\/ksproducts.ca\/fr\/wp-json\/wp\/v2\/product_cat?post=4011"},{"taxonomy":"product_tag","embeddable":true,"href":"https:\/\/ksproducts.ca\/fr\/wp-json\/wp\/v2\/product_tag?post=4011"}],"curies":[{"name":"wp","href":"https:\/\/api.w.org\/{rel}","templated":true}]}}