{"id":4012,"date":"2022-05-17T17:04:22","date_gmt":"2022-05-17T17:04:22","guid":{"rendered":"http:\/\/localhost\/wordpress\/?post_type=product&#038;p=4012"},"modified":"2025-09-17T19:53:41","modified_gmt":"2025-09-17T19:53:41","slug":"projecteur-de-mise-au-point","status":"publish","type":"product","link":"https:\/\/ksproducts.ca\/fr\/product\/focusing-headlamp\/","title":{"rendered":"PROJECTEUR DE MISE AU POINT"},"content":{"rendered":"<div class=\"clearfix\">\n<div class=\"features\">CARACT\u00c9RISTIQUES<\/p>\n<ul class=\"product-description-list\">\n<li>Technologie LED CREE<\/li>\n<li>Aluminium de qualit\u00e9 a\u00e9ronautique<\/li>\n<li>Commutateur \u00e0 3 positions (haute, basse, stroboscopique)<\/li>\n<li>Faisceau de focalisation<\/li>\n<\/ul>\n<\/div>\n<div class=\"specifications\">CARACT\u00c9RISTIQUES TECHNIQUES<\/p>\n<ul class=\"product-description-list\">\n<li>Rendement lumineux de 220 lumens<\/li>\n<li>Jusqu'\u00e0 7 heures d'autonomie<\/li>\n<li>R\u00e9sistant \u00e0 l'eau et aux chocs<\/li>\n<li>3.0\u201d H x 2.5\u2033 W x 2.5\u2033 D<\/li>\n<li>0.36 lbs<\/li>\n<li>Garantie limit\u00e9e \u00e0 vie<\/li>\n<\/ul>\n<\/div>\n<\/div>\n<p><img decoding=\"async\" class=\"alignnone size-full wp-image-596\" src=\"https:\/\/catlights.com\/wp-content\/uploads\/2014\/04\/CT4200-Specs-white.png\" alt=\"CT4200-Specs-blanc\" width=\"267\" height=\"55\" \/><\/p>","protected":false},"excerpt":{"rendered":"<p><img decoding=\"async\" class=\"alignnone size-full wp-image-755\" src=\"https:\/\/catlights.com\/wp-content\/uploads\/2014\/12\/CT2400-lumens.gif\" alt=\"CT2400-lumens\" width=\"56\" height=\"45\" \/><img decoding=\"async\" class=\"alignright\" src=\"https:\/\/catlights.com\/wp-content\/uploads\/2014\/12\/pro-foucs.jpg\" alt=\"\" \/>La lampe frontale \u00e0 focalisation CT4200 vous permet de garder un \u0153il sur votre projet tout en gardant les mains libres pour effectuer le vrai travail. Dot\u00e9e de LED CREE\u00ae, cette lampe puissante et robuste dispose d'un interrupteur \u00e0 trois positions et d'une t\u00eate \u00e0 angle r\u00e9glable qui peut se focaliser l\u00e0 o\u00f9 c'est n\u00e9cessaire. Fabriqu\u00e9e en aluminium de qualit\u00e9 a\u00e9ronautique, elle peut \u00e9galement r\u00e9sister aux conditions de travail les plus difficiles. Comprend une garantie limit\u00e9e \u00e0 vie.<\/p>","protected":false},"featured_media":4092,"comment_status":"closed","ping_status":"closed","template":"","meta":[],"product_cat":[451],"product_tag":[],"class_list":{"0":"post-4012","1":"product","2":"type-product","3":"status-publish","4":"has-post-thumbnail","6":"product_cat-tools-equipment","7":"product_shipping_class-class-1","9":"first","10":"instock","11":"taxable","12":"shipping-taxable","13":"purchasable","14":"product-type-simple"},"yoast_head":"<!-- This site is optimized with the Yoast SEO plugin v27.3 - https:\/\/yoast.com\/product\/yoast-seo-wordpress\/ -->\n<title>FOCUSING HEADLAMP - Ks Products<\/title>\n<meta name=\"description\" content=\"The CT4200 Focusing Headlamp allows you to maintain a strong visual on your project while keeping your hands free to perform the real work. With CREE\u00ae LED, this powerful and sturdy light has a three-position switch and an adjustable angle head that can focus wherever needed. Made of aircraft-grade aluminum, it can also stand up to the harshest work conditions. Includes a limited lifetime warranty.\" \/>\n<meta name=\"robots\" content=\"index, follow, max-snippet:-1, max-image-preview:large, max-video-preview:-1\" \/>\n<link rel=\"canonical\" href=\"https:\/\/ksproducts.ca\/fr\/product\/projecteur-de-mise-au-point\/\" \/>\n<meta property=\"og:locale\" content=\"fr_CA\" \/>\n<meta property=\"og:type\" content=\"article\" \/>\n<meta property=\"og:title\" content=\"FOCUSING HEADLAMP - Ks Products\" \/>\n<meta property=\"og:description\" content=\"The CT4200 Focusing Headlamp allows you to maintain a strong visual on your project while keeping your hands free to perform the real work. With CREE\u00ae LED, this powerful and sturdy light has a three-position switch and an adjustable angle head that can focus wherever needed. Made of aircraft-grade aluminum, it can also stand up to the harshest work conditions. Includes a limited lifetime warranty.\" \/>\n<meta property=\"og:url\" content=\"https:\/\/ksproducts.ca\/fr\/product\/projecteur-de-mise-au-point\/\" \/>\n<meta property=\"og:site_name\" content=\"Ks Products\" \/>\n<meta property=\"article:modified_time\" content=\"2025-09-17T19:53:41+00:00\" \/>\n<meta property=\"og:image\" content=\"https:\/\/ksproducts.ca\/wp-content\/uploads\/2022\/05\/CT4200-featured-jpg.webp\" \/>\n\t<meta property=\"og:image:width\" content=\"700\" \/>\n\t<meta property=\"og:image:height\" content=\"467\" \/>\n\t<meta property=\"og:image:type\" content=\"image\/jpeg\" \/>\n<meta name=\"twitter:card\" content=\"summary_large_image\" \/>\n<meta name=\"twitter:label1\" content=\"Estimation du temps de lecture\" \/>\n\t<meta name=\"twitter:data1\" content=\"1 minute\" \/>\n<script type=\"application\/ld+json\" class=\"yoast-schema-graph\">{\"@context\":\"https:\\\/\\\/schema.org\",\"@graph\":[{\"@type\":\"WebPage\",\"@id\":\"https:\\\/\\\/ksproducts.ca\\\/product\\\/focusing-headlamp\\\/\",\"url\":\"https:\\\/\\\/ksproducts.ca\\\/product\\\/focusing-headlamp\\\/\",\"name\":\"FOCUSING HEADLAMP - Ks Products\",\"isPartOf\":{\"@id\":\"https:\\\/\\\/ksproducts.ca\\\/#website\"},\"primaryImageOfPage\":{\"@id\":\"https:\\\/\\\/ksproducts.ca\\\/product\\\/focusing-headlamp\\\/#primaryimage\"},\"image\":{\"@id\":\"https:\\\/\\\/ksproducts.ca\\\/product\\\/focusing-headlamp\\\/#primaryimage\"},\"thumbnailUrl\":\"https:\\\/\\\/ksproducts.ca\\\/wp-content\\\/uploads\\\/2022\\\/05\\\/CT4200-featured-jpg.webp\",\"datePublished\":\"2022-05-17T17:04:22+00:00\",\"dateModified\":\"2025-09-17T19:53:41+00:00\",\"description\":\"The CT4200 Focusing Headlamp allows you to maintain a strong visual on your project while keeping your hands free to perform the real work. With CREE\u00ae LED, this powerful and sturdy light has a three-position switch and an adjustable angle head that can focus wherever needed. Made of aircraft-grade aluminum, it can also stand up to the harshest work conditions. Includes a limited lifetime warranty.\",\"breadcrumb\":{\"@id\":\"https:\\\/\\\/ksproducts.ca\\\/product\\\/focusing-headlamp\\\/#breadcrumb\"},\"inLanguage\":\"fr-CA\",\"potentialAction\":[{\"@type\":\"ReadAction\",\"target\":[\"https:\\\/\\\/ksproducts.ca\\\/product\\\/focusing-headlamp\\\/\"]}]},{\"@type\":\"ImageObject\",\"inLanguage\":\"fr-CA\",\"@id\":\"https:\\\/\\\/ksproducts.ca\\\/product\\\/focusing-headlamp\\\/#primaryimage\",\"url\":\"https:\\\/\\\/ksproducts.ca\\\/wp-content\\\/uploads\\\/2022\\\/05\\\/CT4200-featured-jpg.webp\",\"contentUrl\":\"https:\\\/\\\/ksproducts.ca\\\/wp-content\\\/uploads\\\/2022\\\/05\\\/CT4200-featured-jpg.webp\",\"width\":700,\"height\":467,\"caption\":\"CT4200 featured jpg\"},{\"@type\":\"BreadcrumbList\",\"@id\":\"https:\\\/\\\/ksproducts.ca\\\/product\\\/focusing-headlamp\\\/#breadcrumb\",\"itemListElement\":[{\"@type\":\"ListItem\",\"position\":1,\"name\":\"Home\",\"item\":\"https:\\\/\\\/ksproducts.ca\\\/\"},{\"@type\":\"ListItem\",\"position\":2,\"name\":\"Shop\",\"item\":\"https:\\\/\\\/ksproducts.ca\\\/shop\\\/\"},{\"@type\":\"ListItem\",\"position\":3,\"name\":\"FOCUSING HEADLAMP\"}]},{\"@type\":\"WebSite\",\"@id\":\"https:\\\/\\\/ksproducts.ca\\\/#website\",\"url\":\"https:\\\/\\\/ksproducts.ca\\\/\",\"name\":\"Ks Products\",\"description\":\"Outdoor cooking and living, made easy in Canada\",\"publisher\":{\"@id\":\"https:\\\/\\\/ksproducts.ca\\\/#organization\"},\"potentialAction\":[{\"@type\":\"SearchAction\",\"target\":{\"@type\":\"EntryPoint\",\"urlTemplate\":\"https:\\\/\\\/ksproducts.ca\\\/?s={search_term_string}\"},\"query-input\":{\"@type\":\"PropertyValueSpecification\",\"valueRequired\":true,\"valueName\":\"search_term_string\"}}],\"inLanguage\":\"fr-CA\"},{\"@type\":\"Organization\",\"@id\":\"https:\\\/\\\/ksproducts.ca\\\/#organization\",\"name\":\"Ks Products\",\"url\":\"https:\\\/\\\/ksproducts.ca\\\/\",\"logo\":{\"@type\":\"ImageObject\",\"inLanguage\":\"fr-CA\",\"@id\":\"https:\\\/\\\/ksproducts.ca\\\/#\\\/schema\\\/logo\\\/image\\\/\",\"url\":\"https:\\\/\\\/ksproducts.ca\\\/wp-content\\\/uploads\\\/2023\\\/09\\\/Kennedy-Sales-Logo-header-1.png\",\"contentUrl\":\"https:\\\/\\\/ksproducts.ca\\\/wp-content\\\/uploads\\\/2023\\\/09\\\/Kennedy-Sales-Logo-header-1.png\",\"width\":150,\"height\":77,\"caption\":\"Ks Products\"},\"image\":{\"@id\":\"https:\\\/\\\/ksproducts.ca\\\/#\\\/schema\\\/logo\\\/image\\\/\"}}]}<\/script>\n<!-- \/ Yoast SEO plugin. -->","yoast_head_json":{"title":"Lampe frontale de mise au point - Ks Products","description":"La lampe frontale \u00e0 focalisation CT4200 vous permet de garder un \u0153il sur votre projet tout en gardant les mains libres pour effectuer le vrai travail. Dot\u00e9e de LED CREE\u00ae, cette lampe puissante et robuste dispose d'un interrupteur \u00e0 trois positions et d'une t\u00eate \u00e0 angle r\u00e9glable qui peut se focaliser l\u00e0 o\u00f9 c'est n\u00e9cessaire. Fabriqu\u00e9e en aluminium de qualit\u00e9 a\u00e9ronautique, elle peut \u00e9galement r\u00e9sister aux conditions de travail les plus difficiles. Comprend une garantie limit\u00e9e \u00e0 vie.","robots":{"index":"index","follow":"follow","max-snippet":"max-snippet:-1","max-image-preview":"max-image-preview:large","max-video-preview":"max-video-preview:-1"},"canonical":"https:\/\/ksproducts.ca\/fr\/product\/projecteur-de-mise-au-point\/","og_locale":"fr_CA","og_type":"article","og_title":"FOCUSING HEADLAMP - Ks Products","og_description":"The CT4200 Focusing Headlamp allows you to maintain a strong visual on your project while keeping your hands free to perform the real work. With CREE\u00ae LED, this powerful and sturdy light has a three-position switch and an adjustable angle head that can focus wherever needed. Made of aircraft-grade aluminum, it can also stand up to the harshest work conditions. Includes a limited lifetime warranty.","og_url":"https:\/\/ksproducts.ca\/fr\/product\/projecteur-de-mise-au-point\/","og_site_name":"Ks Products","article_modified_time":"2025-09-17T19:53:41+00:00","og_image":[{"width":700,"height":467,"url":"https:\/\/ksproducts.ca\/wp-content\/uploads\/2022\/05\/CT4200-featured-jpg.webp","type":"image\/jpeg"}],"twitter_card":"summary_large_image","twitter_misc":{"Estimation du temps de lecture":"1 minute"},"schema":{"@context":"https:\/\/schema.org","@graph":[{"@type":"WebPage","@id":"https:\/\/ksproducts.ca\/product\/focusing-headlamp\/","url":"https:\/\/ksproducts.ca\/product\/focusing-headlamp\/","name":"Lampe frontale de mise au point - Ks Products","isPartOf":{"@id":"https:\/\/ksproducts.ca\/#website"},"primaryImageOfPage":{"@id":"https:\/\/ksproducts.ca\/product\/focusing-headlamp\/#primaryimage"},"image":{"@id":"https:\/\/ksproducts.ca\/product\/focusing-headlamp\/#primaryimage"},"thumbnailUrl":"https:\/\/ksproducts.ca\/wp-content\/uploads\/2022\/05\/CT4200-featured-jpg.webp","datePublished":"2022-05-17T17:04:22+00:00","dateModified":"2025-09-17T19:53:41+00:00","description":"La lampe frontale \u00e0 focalisation CT4200 vous permet de garder un \u0153il sur votre projet tout en gardant les mains libres pour effectuer le vrai travail. Dot\u00e9e de LED CREE\u00ae, cette lampe puissante et robuste dispose d'un interrupteur \u00e0 trois positions et d'une t\u00eate \u00e0 angle r\u00e9glable qui peut se focaliser l\u00e0 o\u00f9 c'est n\u00e9cessaire. Fabriqu\u00e9e en aluminium de qualit\u00e9 a\u00e9ronautique, elle peut \u00e9galement r\u00e9sister aux conditions de travail les plus difficiles. Comprend une garantie limit\u00e9e \u00e0 vie.","breadcrumb":{"@id":"https:\/\/ksproducts.ca\/product\/focusing-headlamp\/#breadcrumb"},"inLanguage":"fr-CA","potentialAction":[{"@type":"ReadAction","target":["https:\/\/ksproducts.ca\/product\/focusing-headlamp\/"]}]},{"@type":"ImageObject","inLanguage":"fr-CA","@id":"https:\/\/ksproducts.ca\/product\/focusing-headlamp\/#primaryimage","url":"https:\/\/ksproducts.ca\/wp-content\/uploads\/2022\/05\/CT4200-featured-jpg.webp","contentUrl":"https:\/\/ksproducts.ca\/wp-content\/uploads\/2022\/05\/CT4200-featured-jpg.webp","width":700,"height":467,"caption":"CT4200 featured jpg"},{"@type":"BreadcrumbList","@id":"https:\/\/ksproducts.ca\/product\/focusing-headlamp\/#breadcrumb","itemListElement":[{"@type":"ListItem","position":1,"name":"Home","item":"https:\/\/ksproducts.ca\/"},{"@type":"ListItem","position":2,"name":"Shop","item":"https:\/\/ksproducts.ca\/shop\/"},{"@type":"ListItem","position":3,"name":"FOCUSING HEADLAMP"}]},{"@type":"WebSite","@id":"https:\/\/ksproducts.ca\/#website","url":"https:\/\/ksproducts.ca\/","name":"Produits Ks","description":"Cuisiner et vivre en plein air, c'est facile au Canada","publisher":{"@id":"https:\/\/ksproducts.ca\/#organization"},"potentialAction":[{"@type":"SearchAction","target":{"@type":"EntryPoint","urlTemplate":"https:\/\/ksproducts.ca\/?s={search_term_string}"},"query-input":{"@type":"PropertyValueSpecification","valueRequired":true,"valueName":"search_term_string"}}],"inLanguage":"fr-CA"},{"@type":"Organization","@id":"https:\/\/ksproducts.ca\/#organization","name":"Produits Ks","url":"https:\/\/ksproducts.ca\/","logo":{"@type":"ImageObject","inLanguage":"fr-CA","@id":"https:\/\/ksproducts.ca\/#\/schema\/logo\/image\/","url":"https:\/\/ksproducts.ca\/wp-content\/uploads\/2023\/09\/Kennedy-Sales-Logo-header-1.png","contentUrl":"https:\/\/ksproducts.ca\/wp-content\/uploads\/2023\/09\/Kennedy-Sales-Logo-header-1.png","width":150,"height":77,"caption":"Ks Products"},"image":{"@id":"https:\/\/ksproducts.ca\/#\/schema\/logo\/image\/"}}]}},"_links":{"self":[{"href":"https:\/\/ksproducts.ca\/fr\/wp-json\/wp\/v2\/product\/4012","targetHints":{"allow":["GET"]}}],"collection":[{"href":"https:\/\/ksproducts.ca\/fr\/wp-json\/wp\/v2\/product"}],"about":[{"href":"https:\/\/ksproducts.ca\/fr\/wp-json\/wp\/v2\/types\/product"}],"replies":[{"embeddable":true,"href":"https:\/\/ksproducts.ca\/fr\/wp-json\/wp\/v2\/comments?post=4012"}],"version-history":[{"count":1,"href":"https:\/\/ksproducts.ca\/fr\/wp-json\/wp\/v2\/product\/4012\/revisions"}],"predecessor-version":[{"id":10198,"href":"https:\/\/ksproducts.ca\/fr\/wp-json\/wp\/v2\/product\/4012\/revisions\/10198"}],"wp:featuredmedia":[{"embeddable":true,"href":"https:\/\/ksproducts.ca\/fr\/wp-json\/wp\/v2\/media\/4092"}],"wp:attachment":[{"href":"https:\/\/ksproducts.ca\/fr\/wp-json\/wp\/v2\/media?parent=4012"}],"wp:term":[{"taxonomy":"product_cat","embeddable":true,"href":"https:\/\/ksproducts.ca\/fr\/wp-json\/wp\/v2\/product_cat?post=4012"},{"taxonomy":"product_tag","embeddable":true,"href":"https:\/\/ksproducts.ca\/fr\/wp-json\/wp\/v2\/product_tag?post=4012"}],"curies":[{"name":"wp","href":"https:\/\/api.w.org\/{rel}","templated":true}]}}