{"id":4014,"date":"2022-05-17T17:04:22","date_gmt":"2022-05-17T17:04:22","guid":{"rendered":"http:\/\/localhost\/wordpress\/?post_type=product&#038;p=4014"},"modified":"2026-04-03T20:18:19","modified_gmt":"2026-04-03T20:18:19","slug":"lampe-utilitaire-rechargeable","status":"publish","type":"product","link":"https:\/\/ksproducts.ca\/fr\/product\/rechargeable-utility-light\/","title":{"rendered":"Lampe utilitaire rechargeable"},"content":{"rendered":"<div class=\"clearfix\">\n<div class=\"features\">\n<p>CARACT\u00c9RISTIQUES<\/p>\n<ul class=\"product-description-list\">\n<li>Double fonction \u2013 lumi\u00e8re et lanterne<\/li>\n<li>Base magn\u00e9tique<\/li>\n<li>Port de charge \u00e0 sortie USB<\/li>\n<li>Cordon USB inclus<\/li>\n<li>Crochet encastr\u00e9<\/li>\n<li>Interrupteur \u00e0 3 positions<\/li>\n<li>Indicateur du niveau de charge de la batterie<\/li>\n<li>Conception extensible<\/li>\n<\/ul>\n<\/div>\n<div class=\"specifications\">\n<p>CARACT\u00c9RISTIQUES TECHNIQUES<\/p>\n<ul class=\"product-description-list\">\n<li>Lanterne de 225 lumens<\/li>\n<li>Feu sup\u00e9rieur de 115 lumens<\/li>\n<li>Jusqu'\u00e0 12 heures d'autonomie<\/li>\n<li>R\u00e9sistant \u00e0 l'eau et aux chocs<\/li>\n<li>4,5\u201d H x 2,25\u201d L x 2,25\u201d P<\/li>\n<li>0,7 lb<\/li>\n<li>1 an de garantie limit\u00e9e<\/li>\n<\/ul>\n<p>&nbsp;<\/p>\n<\/div>\n<\/div>\n<p><a href=\"https:\/\/catlights.com\/wp-content\/uploads\/2016\/01\/CT6515-specs-white.gif\"><img decoding=\"async\" class=\"alignnone wp-image-1055 size-full\" src=\"https:\/\/catlights.com\/wp-content\/uploads\/2016\/01\/CT6515-specs-white.gif\" alt=\"\" width=\"268\" height=\"49\" \/><\/a><\/p>","protected":false},"excerpt":{"rendered":"<p><a href=\"https:\/\/catlights.com\/wp-content\/uploads\/2016\/01\/225-LANTERN.gif\"><img decoding=\"async\" class=\"alignnone size-medium wp-image-1380\" src=\"https:\/\/catlights.com\/wp-content\/uploads\/2016\/01\/225-LANTERN.gif\" alt=\"\" width=\"50\" height=\"65\" \/>\u00a0<\/a><a href=\"https:\/\/catlights.com\/wp-content\/uploads\/2016\/01\/115-TOP.gif\"><img decoding=\"async\" class=\"alignnone size-medium wp-image-1379\" src=\"https:\/\/catlights.com\/wp-content\/uploads\/2016\/01\/115-TOP.gif\" alt=\"\" width=\"50\" height=\"65\" \/><\/a>L\u00e9g\u00e8re, compacte et dot\u00e9e de fonctions int\u00e9ressantes, la lampe utilitaire rechargeable CT6515 est id\u00e9ale pour les personnes en d\u00e9placement. Elle est dot\u00e9e d'une lumi\u00e8re sup\u00e9rieure de 115 lumens, id\u00e9ale comme lampe de poche. Le corps de cette lampe s'allonge et se transforme en une lanterne de 225 lumens, offrant un \u00e9clairage lumineux pour le travail ou les loisirs. La puissante batterie lithium-ion rechargeable peut fournir jusqu'\u00e0 12 heures d'autonomie ! Le CT6515 comprend \u00e9galement un indicateur de niveau de batterie et un cordon de charge USB int\u00e9gr\u00e9 qui s'enroule autour de la lampe et se range, toujours l\u00e0 quand vous en avez besoin. Enfin, cette petite dynamo dispose d'un port de charge USB sortant pour que vos appareils \u00e9lectroniques compatibles restent charg\u00e9s et pr\u00eats lorsque vous \u00eates loin de chez vous ou en d\u00e9placement.<\/p>","protected":false},"featured_media":4102,"comment_status":"closed","ping_status":"closed","template":"","meta":[],"product_cat":[431,451],"product_tag":[],"class_list":{"0":"post-4014","1":"product","2":"type-product","3":"status-publish","4":"has-post-thumbnail","6":"product_brand-cat","7":"product_cat-camping-rv-essentials","8":"product_cat-tools-equipment","9":"product_shipping_class-class-1","11":"first","12":"instock","13":"taxable","14":"shipping-taxable","15":"purchasable","16":"product-type-simple"},"yoast_head":"<!-- This site is optimized with the Yoast SEO plugin v27.3 - https:\/\/yoast.com\/product\/yoast-seo-wordpress\/ -->\n<title>Rechargeable Utility Light - Ks Products<\/title>\n<meta name=\"description\" content=\"Lightweight, compact, and loaded with cool features, the CT6515 Rechargeable Utility Light is a great fit for anyone on the go. It boasts a 115 lumen top light, great as a handheld flashlight. The body of this light extends, and morphs into a 225-lumen lantern, providing bright illumination for work or leisure time. The powerful rechargeable lithium-ion battery can provide up to 12 hours of run time! The base of the Utility Light is magnetic, and offers recessed hooks, making hand-free use easy and versatile.\" \/>\n<meta name=\"robots\" content=\"index, follow, max-snippet:-1, max-image-preview:large, max-video-preview:-1\" \/>\n<link rel=\"canonical\" href=\"https:\/\/ksproducts.ca\/fr\/product\/lampe-utilitaire-rechargeable\/\" \/>\n<meta property=\"og:locale\" content=\"fr_CA\" \/>\n<meta property=\"og:type\" content=\"article\" \/>\n<meta property=\"og:title\" content=\"Rechargeable Utility Light - Ks Products\" \/>\n<meta property=\"og:description\" content=\"Lightweight, compact, and loaded with cool features, the CT6515 Rechargeable Utility Light is a great fit for anyone on the go. It boasts a 115 lumen top light, great as a handheld flashlight. The body of this light extends, and morphs into a 225-lumen lantern, providing bright illumination for work or leisure time. The powerful rechargeable lithium-ion battery can provide up to 12 hours of run time! The base of the Utility Light is magnetic, and offers recessed hooks, making hand-free use easy and versatile.\" \/>\n<meta property=\"og:url\" content=\"https:\/\/ksproducts.ca\/fr\/product\/lampe-utilitaire-rechargeable\/\" \/>\n<meta property=\"og:site_name\" content=\"Ks Products\" \/>\n<meta property=\"article:modified_time\" content=\"2026-04-03T20:18:19+00:00\" \/>\n<meta property=\"og:image\" content=\"https:\/\/ksproducts.ca\/wp-content\/uploads\/2022\/05\/ct6515-jpg.webp\" \/>\n\t<meta property=\"og:image:width\" content=\"700\" \/>\n\t<meta property=\"og:image:height\" content=\"467\" \/>\n\t<meta property=\"og:image:type\" content=\"image\/jpeg\" \/>\n<meta name=\"twitter:card\" content=\"summary_large_image\" \/>\n<meta name=\"twitter:label1\" content=\"Estimation du temps de lecture\" \/>\n\t<meta name=\"twitter:data1\" content=\"1 minute\" \/>\n<script type=\"application\/ld+json\" class=\"yoast-schema-graph\">{\"@context\":\"https:\\\/\\\/schema.org\",\"@graph\":[{\"@type\":\"WebPage\",\"@id\":\"https:\\\/\\\/ksproducts.ca\\\/product\\\/rechargeable-utility-light\\\/\",\"url\":\"https:\\\/\\\/ksproducts.ca\\\/product\\\/rechargeable-utility-light\\\/\",\"name\":\"Rechargeable Utility Light - Ks Products\",\"isPartOf\":{\"@id\":\"https:\\\/\\\/ksproducts.ca\\\/#website\"},\"primaryImageOfPage\":{\"@id\":\"https:\\\/\\\/ksproducts.ca\\\/product\\\/rechargeable-utility-light\\\/#primaryimage\"},\"image\":{\"@id\":\"https:\\\/\\\/ksproducts.ca\\\/product\\\/rechargeable-utility-light\\\/#primaryimage\"},\"thumbnailUrl\":\"https:\\\/\\\/ksproducts.ca\\\/wp-content\\\/uploads\\\/2022\\\/05\\\/ct6515-jpg.webp\",\"datePublished\":\"2022-05-17T17:04:22+00:00\",\"dateModified\":\"2026-04-03T20:18:19+00:00\",\"description\":\"Lightweight, compact, and loaded with cool features, the CT6515 Rechargeable Utility Light is a great fit for anyone on the go. It boasts a 115 lumen top light, great as a handheld flashlight. The body of this light extends, and morphs into a 225-lumen lantern, providing bright illumination for work or leisure time. The powerful rechargeable lithium-ion battery can provide up to 12 hours of run time! The base of the Utility Light is magnetic, and offers recessed hooks, making hand-free use easy and versatile.\",\"breadcrumb\":{\"@id\":\"https:\\\/\\\/ksproducts.ca\\\/product\\\/rechargeable-utility-light\\\/#breadcrumb\"},\"inLanguage\":\"fr-CA\",\"potentialAction\":[{\"@type\":\"ReadAction\",\"target\":[\"https:\\\/\\\/ksproducts.ca\\\/product\\\/rechargeable-utility-light\\\/\"]}]},{\"@type\":\"ImageObject\",\"inLanguage\":\"fr-CA\",\"@id\":\"https:\\\/\\\/ksproducts.ca\\\/product\\\/rechargeable-utility-light\\\/#primaryimage\",\"url\":\"https:\\\/\\\/ksproducts.ca\\\/wp-content\\\/uploads\\\/2022\\\/05\\\/ct6515-jpg.webp\",\"contentUrl\":\"https:\\\/\\\/ksproducts.ca\\\/wp-content\\\/uploads\\\/2022\\\/05\\\/ct6515-jpg.webp\",\"width\":700,\"height\":467,\"caption\":\"ct6515 jpg\"},{\"@type\":\"BreadcrumbList\",\"@id\":\"https:\\\/\\\/ksproducts.ca\\\/product\\\/rechargeable-utility-light\\\/#breadcrumb\",\"itemListElement\":[{\"@type\":\"ListItem\",\"position\":1,\"name\":\"Home\",\"item\":\"https:\\\/\\\/ksproducts.ca\\\/\"},{\"@type\":\"ListItem\",\"position\":2,\"name\":\"Shop\",\"item\":\"https:\\\/\\\/ksproducts.ca\\\/shop\\\/\"},{\"@type\":\"ListItem\",\"position\":3,\"name\":\"Rechargeable Utility Light\"}]},{\"@type\":\"WebSite\",\"@id\":\"https:\\\/\\\/ksproducts.ca\\\/#website\",\"url\":\"https:\\\/\\\/ksproducts.ca\\\/\",\"name\":\"Ks Products\",\"description\":\"Outdoor cooking and living, made easy in Canada\",\"publisher\":{\"@id\":\"https:\\\/\\\/ksproducts.ca\\\/#organization\"},\"potentialAction\":[{\"@type\":\"SearchAction\",\"target\":{\"@type\":\"EntryPoint\",\"urlTemplate\":\"https:\\\/\\\/ksproducts.ca\\\/?s={search_term_string}\"},\"query-input\":{\"@type\":\"PropertyValueSpecification\",\"valueRequired\":true,\"valueName\":\"search_term_string\"}}],\"inLanguage\":\"fr-CA\"},{\"@type\":\"Organization\",\"@id\":\"https:\\\/\\\/ksproducts.ca\\\/#organization\",\"name\":\"Ks Products\",\"url\":\"https:\\\/\\\/ksproducts.ca\\\/\",\"logo\":{\"@type\":\"ImageObject\",\"inLanguage\":\"fr-CA\",\"@id\":\"https:\\\/\\\/ksproducts.ca\\\/#\\\/schema\\\/logo\\\/image\\\/\",\"url\":\"https:\\\/\\\/ksproducts.ca\\\/wp-content\\\/uploads\\\/2023\\\/09\\\/Kennedy-Sales-Logo-header-1.png\",\"contentUrl\":\"https:\\\/\\\/ksproducts.ca\\\/wp-content\\\/uploads\\\/2023\\\/09\\\/Kennedy-Sales-Logo-header-1.png\",\"width\":150,\"height\":77,\"caption\":\"Ks Products\"},\"image\":{\"@id\":\"https:\\\/\\\/ksproducts.ca\\\/#\\\/schema\\\/logo\\\/image\\\/\"}}]}<\/script>\n<!-- \/ Yoast SEO plugin. -->","yoast_head_json":{"title":"Lampe utilitaire rechargeable - Ks Products","description":"L\u00e9g\u00e8re, compacte et dot\u00e9e de fonctions int\u00e9ressantes, la lampe utilitaire rechargeable CT6515 est id\u00e9ale pour les personnes en d\u00e9placement. Elle est dot\u00e9e d'une lumi\u00e8re sup\u00e9rieure de 115 lumens, id\u00e9ale comme lampe de poche de poche. Le corps de cette lampe s'allonge et se transforme en une lanterne de 225 lumens, offrant un \u00e9clairage lumineux pour le travail ou les loisirs. La puissante batterie lithium-ion rechargeable peut fournir jusqu'\u00e0 12 heures d'autonomie ! La base de la lampe utilitaire est magn\u00e9tique et comporte des crochets encastr\u00e9s, ce qui permet une utilisation facile et polyvalente.","robots":{"index":"index","follow":"follow","max-snippet":"max-snippet:-1","max-image-preview":"max-image-preview:large","max-video-preview":"max-video-preview:-1"},"canonical":"https:\/\/ksproducts.ca\/fr\/product\/lampe-utilitaire-rechargeable\/","og_locale":"fr_CA","og_type":"article","og_title":"Rechargeable Utility Light - Ks Products","og_description":"Lightweight, compact, and loaded with cool features, the CT6515 Rechargeable Utility Light is a great fit for anyone on the go. It boasts a 115 lumen top light, great as a handheld flashlight. The body of this light extends, and morphs into a 225-lumen lantern, providing bright illumination for work or leisure time. The powerful rechargeable lithium-ion battery can provide up to 12 hours of run time! The base of the Utility Light is magnetic, and offers recessed hooks, making hand-free use easy and versatile.","og_url":"https:\/\/ksproducts.ca\/fr\/product\/lampe-utilitaire-rechargeable\/","og_site_name":"Ks Products","article_modified_time":"2026-04-03T20:18:19+00:00","og_image":[{"width":700,"height":467,"url":"https:\/\/ksproducts.ca\/wp-content\/uploads\/2022\/05\/ct6515-jpg.webp","type":"image\/jpeg"}],"twitter_card":"summary_large_image","twitter_misc":{"Estimation du temps de lecture":"1 minute"},"schema":{"@context":"https:\/\/schema.org","@graph":[{"@type":"WebPage","@id":"https:\/\/ksproducts.ca\/product\/rechargeable-utility-light\/","url":"https:\/\/ksproducts.ca\/product\/rechargeable-utility-light\/","name":"Lampe utilitaire rechargeable - Ks Products","isPartOf":{"@id":"https:\/\/ksproducts.ca\/#website"},"primaryImageOfPage":{"@id":"https:\/\/ksproducts.ca\/product\/rechargeable-utility-light\/#primaryimage"},"image":{"@id":"https:\/\/ksproducts.ca\/product\/rechargeable-utility-light\/#primaryimage"},"thumbnailUrl":"https:\/\/ksproducts.ca\/wp-content\/uploads\/2022\/05\/ct6515-jpg.webp","datePublished":"2022-05-17T17:04:22+00:00","dateModified":"2026-04-03T20:18:19+00:00","description":"L\u00e9g\u00e8re, compacte et dot\u00e9e de fonctions int\u00e9ressantes, la lampe utilitaire rechargeable CT6515 est id\u00e9ale pour les personnes en d\u00e9placement. Elle est dot\u00e9e d'une lumi\u00e8re sup\u00e9rieure de 115 lumens, id\u00e9ale comme lampe de poche de poche. Le corps de cette lampe s'allonge et se transforme en une lanterne de 225 lumens, offrant un \u00e9clairage lumineux pour le travail ou les loisirs. La puissante batterie lithium-ion rechargeable peut fournir jusqu'\u00e0 12 heures d'autonomie ! La base de la lampe utilitaire est magn\u00e9tique et comporte des crochets encastr\u00e9s, ce qui permet une utilisation facile et polyvalente.","breadcrumb":{"@id":"https:\/\/ksproducts.ca\/product\/rechargeable-utility-light\/#breadcrumb"},"inLanguage":"fr-CA","potentialAction":[{"@type":"ReadAction","target":["https:\/\/ksproducts.ca\/product\/rechargeable-utility-light\/"]}]},{"@type":"ImageObject","inLanguage":"fr-CA","@id":"https:\/\/ksproducts.ca\/product\/rechargeable-utility-light\/#primaryimage","url":"https:\/\/ksproducts.ca\/wp-content\/uploads\/2022\/05\/ct6515-jpg.webp","contentUrl":"https:\/\/ksproducts.ca\/wp-content\/uploads\/2022\/05\/ct6515-jpg.webp","width":700,"height":467,"caption":"ct6515 jpg"},{"@type":"BreadcrumbList","@id":"https:\/\/ksproducts.ca\/product\/rechargeable-utility-light\/#breadcrumb","itemListElement":[{"@type":"ListItem","position":1,"name":"Home","item":"https:\/\/ksproducts.ca\/"},{"@type":"ListItem","position":2,"name":"Shop","item":"https:\/\/ksproducts.ca\/shop\/"},{"@type":"ListItem","position":3,"name":"Rechargeable Utility Light"}]},{"@type":"WebSite","@id":"https:\/\/ksproducts.ca\/#website","url":"https:\/\/ksproducts.ca\/","name":"Produits Ks","description":"Cuisiner et vivre en plein air, c'est facile au Canada","publisher":{"@id":"https:\/\/ksproducts.ca\/#organization"},"potentialAction":[{"@type":"SearchAction","target":{"@type":"EntryPoint","urlTemplate":"https:\/\/ksproducts.ca\/?s={search_term_string}"},"query-input":{"@type":"PropertyValueSpecification","valueRequired":true,"valueName":"search_term_string"}}],"inLanguage":"fr-CA"},{"@type":"Organization","@id":"https:\/\/ksproducts.ca\/#organization","name":"Produits Ks","url":"https:\/\/ksproducts.ca\/","logo":{"@type":"ImageObject","inLanguage":"fr-CA","@id":"https:\/\/ksproducts.ca\/#\/schema\/logo\/image\/","url":"https:\/\/ksproducts.ca\/wp-content\/uploads\/2023\/09\/Kennedy-Sales-Logo-header-1.png","contentUrl":"https:\/\/ksproducts.ca\/wp-content\/uploads\/2023\/09\/Kennedy-Sales-Logo-header-1.png","width":150,"height":77,"caption":"Ks Products"},"image":{"@id":"https:\/\/ksproducts.ca\/#\/schema\/logo\/image\/"}}]}},"_links":{"self":[{"href":"https:\/\/ksproducts.ca\/fr\/wp-json\/wp\/v2\/product\/4014","targetHints":{"allow":["GET"]}}],"collection":[{"href":"https:\/\/ksproducts.ca\/fr\/wp-json\/wp\/v2\/product"}],"about":[{"href":"https:\/\/ksproducts.ca\/fr\/wp-json\/wp\/v2\/types\/product"}],"replies":[{"embeddable":true,"href":"https:\/\/ksproducts.ca\/fr\/wp-json\/wp\/v2\/comments?post=4014"}],"version-history":[{"count":2,"href":"https:\/\/ksproducts.ca\/fr\/wp-json\/wp\/v2\/product\/4014\/revisions"}],"predecessor-version":[{"id":11052,"href":"https:\/\/ksproducts.ca\/fr\/wp-json\/wp\/v2\/product\/4014\/revisions\/11052"}],"wp:featuredmedia":[{"embeddable":true,"href":"https:\/\/ksproducts.ca\/fr\/wp-json\/wp\/v2\/media\/4102"}],"wp:attachment":[{"href":"https:\/\/ksproducts.ca\/fr\/wp-json\/wp\/v2\/media?parent=4014"}],"wp:term":[{"taxonomy":"product_cat","embeddable":true,"href":"https:\/\/ksproducts.ca\/fr\/wp-json\/wp\/v2\/product_cat?post=4014"},{"taxonomy":"product_tag","embeddable":true,"href":"https:\/\/ksproducts.ca\/fr\/wp-json\/wp\/v2\/product_tag?post=4014"}],"curies":[{"name":"wp","href":"https:\/\/api.w.org\/{rel}","templated":true}]}}