{"id":4015,"date":"2022-05-17T17:04:22","date_gmt":"2022-05-17T17:04:22","guid":{"rendered":"http:\/\/localhost\/wordpress\/?post_type=product&#038;p=4015"},"modified":"2026-04-15T02:32:38","modified_gmt":"2026-04-15T02:32:38","slug":"lampe-micro-utilitaire-rechargeable","status":"publish","type":"product","link":"https:\/\/ksproducts.ca\/fr\/product\/rechargeable-micro-utility-light\/","title":{"rendered":"Cat\u00ae Micro lampe utilitaire LED rechargeable 200 lumens - Base magn\u00e9tique, crochets pliables, indicateur de batterie et port de charge USB"},"content":{"rendered":"<div class=\"clearfix\">\n<div class=\"features\">\n<p>CARACT\u00c9RISTIQUES<\/p>\n<ul class=\"product-description-list\">\n<li>Base magn\u00e9tique<\/li>\n<li>Port de charge USB prot\u00e9g\u00e9<\/li>\n<li>Cordon USB inclus<\/li>\n<li>Crochets encastr\u00e9s<\/li>\n<li>Interrupteur \u00e0 3 positions<\/li>\n<li>Indicateur de niveau de batterie<\/li>\n<\/ul>\n<\/div>\n<div class=\"specifications\">\n<p>CARACT\u00c9RISTIQUES TECHNIQUES<\/p>\n<ul class=\"product-description-list\">\n<li>Distance de rayonnement de 15 m\u00e8tres<\/li>\n<li>Rendement lumineux de 200 lumens<\/li>\n<li>Jusqu'\u00e0 6 heures d'autonomie<\/li>\n<li>R\u00e9sistant \u00e0 l'eau et aux chocs<\/li>\n<li>4,5\u201d H x 2,25\u201d L x 2,25\u201d P<\/li>\n<li>0,7 lb<\/li>\n<li>1 an de garantie limit\u00e9e<\/li>\n<\/ul>\n<\/div>\n<\/div>\n<p><a href=\"https:\/\/catlights.com\/wp-content\/uploads\/2016\/01\/CT6525-specs-white.gif\"><img decoding=\"async\" class=\"alignnone wp-image-1043 size-full\" src=\"https:\/\/catlights.com\/wp-content\/uploads\/2016\/01\/CT6525-specs-white.gif\" alt=\"\" width=\"255\" height=\"49\" \/><\/a><\/p>","protected":false},"excerpt":{"rendered":"<p><img decoding=\"async\" class=\"alignnone size-full wp-image-761\" src=\"https:\/\/catlights.com\/wp-content\/uploads\/2014\/12\/CT12353P-lumens.gif\" alt=\"CT12353P-lumens\" width=\"56\" height=\"45\" \/>La lumi\u00e8re, l\u00e0 o\u00f9 vous en avez besoin, quand vous en avez besoin. La micro-lampe utilitaire rechargeable CT6525 est dot\u00e9e de nombreuses fonctions utiles. Avec ses 200 lumens \u00e0 haute intensit\u00e9 et ses 100 lumens \u00e0 basse intensit\u00e9, cette lampe surpasse sa taille compacte.  Une base magn\u00e9tique robuste et des crochets pliants encastr\u00e9s offrent une polyvalence mains libres illimit\u00e9e. Avec une batterie lithium-ion polym\u00e8re rechargeable et un cordon de charge USB int\u00e9gr\u00e9 dans une rainure encastr\u00e9e pratique, la Micro Utility Light offre une autonomie d'environ 6 heures \u00e0 haute intensit\u00e9 et jusqu'\u00e0 14 heures \u00e0 basse intensit\u00e9. Ajoutez \u00e0 cela un indicateur LED du niveau de la batterie et un port de charge USB prot\u00e9g\u00e9 et vous obtenez une centrale \u00e9lectrique dans le creux de votre main.<\/p>","protected":false},"featured_media":4113,"comment_status":"closed","ping_status":"closed","template":"","meta":[],"product_cat":[451],"product_tag":[],"class_list":{"0":"post-4015","1":"product","2":"type-product","3":"status-publish","4":"has-post-thumbnail","6":"product_brand-cat","7":"product_cat-tools-equipment","8":"product_shipping_class-class-1","10":"first","11":"instock","12":"taxable","13":"shipping-taxable","14":"purchasable","15":"product-type-simple"},"yoast_head":"<!-- This site is optimized with the Yoast SEO plugin v27.4 - https:\/\/yoast.com\/product\/yoast-seo-wordpress\/ -->\n<title>Cat\u00ae 200 Lumen Rechargeable LED Micro Utility Light \u2013 Magnetic Base, Folding Hooks, Battery Indicator, and USB Charging Por - Ks Products<\/title>\n<meta name=\"description\" content=\"Light, where you need it when you need it. The CT6525 Rechargeable Micro Utility Light is packed with useful features. Boasting 200 lumens on high, and 100 lumens on low, this light outshines its compact size. \u00a0A rugged magnetic base and recessed folding hooks provide unlimited hands-free versatility. With a rechargeable lithium-ion polymer battery and an onboard USB charge cord attached in a convenient recessed groove, the Micro Utility Light will provide approximately 6 hours of run time on high and up to 14 hours on low. Add to this an LED battery level indicator and a protected USB charging port and you have a powerhouse in the palm of your hand.\" \/>\n<meta name=\"robots\" content=\"index, follow, max-snippet:-1, max-image-preview:large, max-video-preview:-1\" \/>\n<link rel=\"canonical\" href=\"https:\/\/ksproducts.ca\/fr\/product\/lampe-micro-utilitaire-rechargeable\/\" \/>\n<meta property=\"og:locale\" content=\"fr_CA\" \/>\n<meta property=\"og:type\" content=\"article\" \/>\n<meta property=\"og:title\" content=\"Cat\u00ae 200 Lumen Rechargeable LED Micro Utility Light \u2013 Magnetic Base, Folding Hooks, Battery Indicator, and USB Charging Por - Ks Products\" \/>\n<meta property=\"og:description\" content=\"Light, where you need it when you need it. The CT6525 Rechargeable Micro Utility Light is packed with useful features. Boasting 200 lumens on high, and 100 lumens on low, this light outshines its compact size. \u00a0A rugged magnetic base and recessed folding hooks provide unlimited hands-free versatility. With a rechargeable lithium-ion polymer battery and an onboard USB charge cord attached in a convenient recessed groove, the Micro Utility Light will provide approximately 6 hours of run time on high and up to 14 hours on low. Add to this an LED battery level indicator and a protected USB charging port and you have a powerhouse in the palm of your hand.\" \/>\n<meta property=\"og:url\" content=\"https:\/\/ksproducts.ca\/fr\/product\/lampe-micro-utilitaire-rechargeable\/\" \/>\n<meta property=\"og:site_name\" content=\"Ks Products\" \/>\n<meta property=\"article:modified_time\" content=\"2026-04-15T02:32:38+00:00\" \/>\n<meta property=\"og:image\" content=\"https:\/\/ksproducts.ca\/wp-content\/uploads\/2022\/05\/CT6525_main-jpg.webp\" \/>\n\t<meta property=\"og:image:width\" content=\"1000\" \/>\n\t<meta property=\"og:image:height\" content=\"786\" \/>\n\t<meta property=\"og:image:type\" content=\"image\/jpeg\" \/>\n<meta name=\"twitter:card\" content=\"summary_large_image\" \/>\n<meta name=\"twitter:label1\" content=\"Estimation du temps de lecture\" \/>\n\t<meta name=\"twitter:data1\" content=\"1 minute\" \/>\n<script type=\"application\/ld+json\" class=\"yoast-schema-graph\">{\"@context\":\"https:\\\/\\\/schema.org\",\"@graph\":[{\"@type\":\"WebPage\",\"@id\":\"https:\\\/\\\/ksproducts.ca\\\/product\\\/rechargeable-micro-utility-light\\\/\",\"url\":\"https:\\\/\\\/ksproducts.ca\\\/product\\\/rechargeable-micro-utility-light\\\/\",\"name\":\"Cat\u00ae 200 Lumen Rechargeable LED Micro Utility Light \u2013 Magnetic Base, Folding Hooks, Battery Indicator, and USB Charging Por - Ks Products\",\"isPartOf\":{\"@id\":\"https:\\\/\\\/ksproducts.ca\\\/#website\"},\"primaryImageOfPage\":{\"@id\":\"https:\\\/\\\/ksproducts.ca\\\/product\\\/rechargeable-micro-utility-light\\\/#primaryimage\"},\"image\":{\"@id\":\"https:\\\/\\\/ksproducts.ca\\\/product\\\/rechargeable-micro-utility-light\\\/#primaryimage\"},\"thumbnailUrl\":\"https:\\\/\\\/ksproducts.ca\\\/wp-content\\\/uploads\\\/2022\\\/05\\\/CT6525_main-jpg.webp\",\"datePublished\":\"2022-05-17T17:04:22+00:00\",\"dateModified\":\"2026-04-15T02:32:38+00:00\",\"description\":\"Light, where you need it when you need it. The CT6525 Rechargeable Micro Utility Light is packed with useful features. Boasting 200 lumens on high, and 100 lumens on low, this light outshines its compact size. \u00a0A rugged magnetic base and recessed folding hooks provide unlimited hands-free versatility. With a rechargeable lithium-ion polymer battery and an onboard USB charge cord attached in a convenient recessed groove, the Micro Utility Light will provide approximately 6 hours of run time on high and up to 14 hours on low. Add to this an LED battery level indicator and a protected USB charging port and you have a powerhouse in the palm of your hand.\",\"breadcrumb\":{\"@id\":\"https:\\\/\\\/ksproducts.ca\\\/product\\\/rechargeable-micro-utility-light\\\/#breadcrumb\"},\"inLanguage\":\"fr-CA\",\"potentialAction\":[{\"@type\":\"ReadAction\",\"target\":[\"https:\\\/\\\/ksproducts.ca\\\/product\\\/rechargeable-micro-utility-light\\\/\"]}]},{\"@type\":\"ImageObject\",\"inLanguage\":\"fr-CA\",\"@id\":\"https:\\\/\\\/ksproducts.ca\\\/product\\\/rechargeable-micro-utility-light\\\/#primaryimage\",\"url\":\"https:\\\/\\\/ksproducts.ca\\\/wp-content\\\/uploads\\\/2022\\\/05\\\/CT6525_main-jpg.webp\",\"contentUrl\":\"https:\\\/\\\/ksproducts.ca\\\/wp-content\\\/uploads\\\/2022\\\/05\\\/CT6525_main-jpg.webp\",\"width\":1000,\"height\":786,\"caption\":\"CT6525 main jpg\"},{\"@type\":\"BreadcrumbList\",\"@id\":\"https:\\\/\\\/ksproducts.ca\\\/product\\\/rechargeable-micro-utility-light\\\/#breadcrumb\",\"itemListElement\":[{\"@type\":\"ListItem\",\"position\":1,\"name\":\"Home\",\"item\":\"https:\\\/\\\/ksproducts.ca\\\/\"},{\"@type\":\"ListItem\",\"position\":2,\"name\":\"Shop\",\"item\":\"https:\\\/\\\/ksproducts.ca\\\/shop\\\/\"},{\"@type\":\"ListItem\",\"position\":3,\"name\":\"Cat\u00ae 200 Lumen Rechargeable LED Micro Utility Light \u2013 Magnetic Base, Folding Hooks, Battery Indicator, and USB Charging Por\"}]},{\"@type\":\"WebSite\",\"@id\":\"https:\\\/\\\/ksproducts.ca\\\/#website\",\"url\":\"https:\\\/\\\/ksproducts.ca\\\/\",\"name\":\"Ks Products\",\"description\":\"Outdoor cooking and living, made easy in Canada\",\"publisher\":{\"@id\":\"https:\\\/\\\/ksproducts.ca\\\/#organization\"},\"potentialAction\":[{\"@type\":\"SearchAction\",\"target\":{\"@type\":\"EntryPoint\",\"urlTemplate\":\"https:\\\/\\\/ksproducts.ca\\\/?s={search_term_string}\"},\"query-input\":{\"@type\":\"PropertyValueSpecification\",\"valueRequired\":true,\"valueName\":\"search_term_string\"}}],\"inLanguage\":\"fr-CA\"},{\"@type\":\"Organization\",\"@id\":\"https:\\\/\\\/ksproducts.ca\\\/#organization\",\"name\":\"Ks Products\",\"url\":\"https:\\\/\\\/ksproducts.ca\\\/\",\"logo\":{\"@type\":\"ImageObject\",\"inLanguage\":\"fr-CA\",\"@id\":\"https:\\\/\\\/ksproducts.ca\\\/#\\\/schema\\\/logo\\\/image\\\/\",\"url\":\"https:\\\/\\\/ksproducts.ca\\\/wp-content\\\/uploads\\\/2023\\\/09\\\/Kennedy-Sales-Logo-header-1.png\",\"contentUrl\":\"https:\\\/\\\/ksproducts.ca\\\/wp-content\\\/uploads\\\/2023\\\/09\\\/Kennedy-Sales-Logo-header-1.png\",\"width\":150,\"height\":77,\"caption\":\"Ks Products\"},\"image\":{\"@id\":\"https:\\\/\\\/ksproducts.ca\\\/#\\\/schema\\\/logo\\\/image\\\/\"}}]}<\/script>\n<!-- \/ Yoast SEO plugin. -->","yoast_head_json":{"title":"Lampe utilitaire micro \u00e0 LED rechargeable Cat\u00ae 200 lumens \u2013 Base magn\u00e9tique, crochets pliants, indicateur de batterie et port de chargement USB - Produits Ks","description":"La lumi\u00e8re, l\u00e0 o\u00f9 vous en avez besoin, quand vous en avez besoin. La micro-lampe utilitaire rechargeable CT6525 est dot\u00e9e de nombreuses fonctions utiles. Avec ses 200 lumens \u00e0 haute intensit\u00e9 et ses 100 lumens \u00e0 basse intensit\u00e9, cette lampe surpasse sa taille compacte.  Une base magn\u00e9tique robuste et des crochets pliants encastr\u00e9s offrent une polyvalence mains libres illimit\u00e9e. Avec une batterie lithium-ion polym\u00e8re rechargeable et un cordon de charge USB int\u00e9gr\u00e9 dans une rainure encastr\u00e9e pratique, la Micro Utility Light offre une autonomie d'environ 6 heures \u00e0 haute intensit\u00e9 et jusqu'\u00e0 14 heures \u00e0 basse intensit\u00e9. Ajoutez \u00e0 cela un indicateur LED du niveau de la batterie et un port de charge USB prot\u00e9g\u00e9 et vous obtenez une centrale \u00e9lectrique dans le creux de votre main.","robots":{"index":"index","follow":"follow","max-snippet":"max-snippet:-1","max-image-preview":"max-image-preview:large","max-video-preview":"max-video-preview:-1"},"canonical":"https:\/\/ksproducts.ca\/fr\/product\/lampe-micro-utilitaire-rechargeable\/","og_locale":"fr_CA","og_type":"article","og_title":"Cat\u00ae 200 Lumen Rechargeable LED Micro Utility Light \u2013 Magnetic Base, Folding Hooks, Battery Indicator, and USB Charging Por - Ks Products","og_description":"Light, where you need it when you need it. The CT6525 Rechargeable Micro Utility Light is packed with useful features. Boasting 200 lumens on high, and 100 lumens on low, this light outshines its compact size. \u00a0A rugged magnetic base and recessed folding hooks provide unlimited hands-free versatility. With a rechargeable lithium-ion polymer battery and an onboard USB charge cord attached in a convenient recessed groove, the Micro Utility Light will provide approximately 6 hours of run time on high and up to 14 hours on low. Add to this an LED battery level indicator and a protected USB charging port and you have a powerhouse in the palm of your hand.","og_url":"https:\/\/ksproducts.ca\/fr\/product\/lampe-micro-utilitaire-rechargeable\/","og_site_name":"Ks Products","article_modified_time":"2026-04-15T02:32:38+00:00","og_image":[{"width":1000,"height":786,"url":"https:\/\/ksproducts.ca\/wp-content\/uploads\/2022\/05\/CT6525_main-jpg.webp","type":"image\/jpeg"}],"twitter_card":"summary_large_image","twitter_misc":{"Estimation du temps de lecture":"1 minute"},"schema":{"@context":"https:\/\/schema.org","@graph":[{"@type":"WebPage","@id":"https:\/\/ksproducts.ca\/product\/rechargeable-micro-utility-light\/","url":"https:\/\/ksproducts.ca\/product\/rechargeable-micro-utility-light\/","name":"Lampe utilitaire micro \u00e0 LED rechargeable Cat\u00ae 200 lumens \u2013 Base magn\u00e9tique, crochets pliants, indicateur de batterie et port de chargement USB - Produits Ks","isPartOf":{"@id":"https:\/\/ksproducts.ca\/#website"},"primaryImageOfPage":{"@id":"https:\/\/ksproducts.ca\/product\/rechargeable-micro-utility-light\/#primaryimage"},"image":{"@id":"https:\/\/ksproducts.ca\/product\/rechargeable-micro-utility-light\/#primaryimage"},"thumbnailUrl":"https:\/\/ksproducts.ca\/wp-content\/uploads\/2022\/05\/CT6525_main-jpg.webp","datePublished":"2022-05-17T17:04:22+00:00","dateModified":"2026-04-15T02:32:38+00:00","description":"La lumi\u00e8re, l\u00e0 o\u00f9 vous en avez besoin, quand vous en avez besoin. La micro-lampe utilitaire rechargeable CT6525 est dot\u00e9e de nombreuses fonctions utiles. Avec ses 200 lumens \u00e0 haute intensit\u00e9 et ses 100 lumens \u00e0 basse intensit\u00e9, cette lampe surpasse sa taille compacte.  Une base magn\u00e9tique robuste et des crochets pliants encastr\u00e9s offrent une polyvalence mains libres illimit\u00e9e. Avec une batterie lithium-ion polym\u00e8re rechargeable et un cordon de charge USB int\u00e9gr\u00e9 dans une rainure encastr\u00e9e pratique, la Micro Utility Light offre une autonomie d'environ 6 heures \u00e0 haute intensit\u00e9 et jusqu'\u00e0 14 heures \u00e0 basse intensit\u00e9. Ajoutez \u00e0 cela un indicateur LED du niveau de la batterie et un port de charge USB prot\u00e9g\u00e9 et vous obtenez une centrale \u00e9lectrique dans le creux de votre main.","breadcrumb":{"@id":"https:\/\/ksproducts.ca\/product\/rechargeable-micro-utility-light\/#breadcrumb"},"inLanguage":"fr-CA","potentialAction":[{"@type":"ReadAction","target":["https:\/\/ksproducts.ca\/product\/rechargeable-micro-utility-light\/"]}]},{"@type":"ImageObject","inLanguage":"fr-CA","@id":"https:\/\/ksproducts.ca\/product\/rechargeable-micro-utility-light\/#primaryimage","url":"https:\/\/ksproducts.ca\/wp-content\/uploads\/2022\/05\/CT6525_main-jpg.webp","contentUrl":"https:\/\/ksproducts.ca\/wp-content\/uploads\/2022\/05\/CT6525_main-jpg.webp","width":1000,"height":786,"caption":"CT6525 main jpg"},{"@type":"BreadcrumbList","@id":"https:\/\/ksproducts.ca\/product\/rechargeable-micro-utility-light\/#breadcrumb","itemListElement":[{"@type":"ListItem","position":1,"name":"Home","item":"https:\/\/ksproducts.ca\/"},{"@type":"ListItem","position":2,"name":"Shop","item":"https:\/\/ksproducts.ca\/shop\/"},{"@type":"ListItem","position":3,"name":"Cat\u00ae 200 Lumen Rechargeable LED Micro Utility Light \u2013 Magnetic Base, Folding Hooks, Battery Indicator, and USB Charging Por"}]},{"@type":"WebSite","@id":"https:\/\/ksproducts.ca\/#website","url":"https:\/\/ksproducts.ca\/","name":"Produits Ks","description":"Cuisiner et vivre en plein air, c'est facile au Canada","publisher":{"@id":"https:\/\/ksproducts.ca\/#organization"},"potentialAction":[{"@type":"SearchAction","target":{"@type":"EntryPoint","urlTemplate":"https:\/\/ksproducts.ca\/?s={search_term_string}"},"query-input":{"@type":"PropertyValueSpecification","valueRequired":true,"valueName":"search_term_string"}}],"inLanguage":"fr-CA"},{"@type":"Organization","@id":"https:\/\/ksproducts.ca\/#organization","name":"Produits Ks","url":"https:\/\/ksproducts.ca\/","logo":{"@type":"ImageObject","inLanguage":"fr-CA","@id":"https:\/\/ksproducts.ca\/#\/schema\/logo\/image\/","url":"https:\/\/ksproducts.ca\/wp-content\/uploads\/2023\/09\/Kennedy-Sales-Logo-header-1.png","contentUrl":"https:\/\/ksproducts.ca\/wp-content\/uploads\/2023\/09\/Kennedy-Sales-Logo-header-1.png","width":150,"height":77,"caption":"Ks Products"},"image":{"@id":"https:\/\/ksproducts.ca\/#\/schema\/logo\/image\/"}}]}},"_links":{"self":[{"href":"https:\/\/ksproducts.ca\/fr\/wp-json\/wp\/v2\/product\/4015","targetHints":{"allow":["GET"]}}],"collection":[{"href":"https:\/\/ksproducts.ca\/fr\/wp-json\/wp\/v2\/product"}],"about":[{"href":"https:\/\/ksproducts.ca\/fr\/wp-json\/wp\/v2\/types\/product"}],"replies":[{"embeddable":true,"href":"https:\/\/ksproducts.ca\/fr\/wp-json\/wp\/v2\/comments?post=4015"}],"version-history":[{"count":2,"href":"https:\/\/ksproducts.ca\/fr\/wp-json\/wp\/v2\/product\/4015\/revisions"}],"predecessor-version":[{"id":11059,"href":"https:\/\/ksproducts.ca\/fr\/wp-json\/wp\/v2\/product\/4015\/revisions\/11059"}],"wp:featuredmedia":[{"embeddable":true,"href":"https:\/\/ksproducts.ca\/fr\/wp-json\/wp\/v2\/media\/4113"}],"wp:attachment":[{"href":"https:\/\/ksproducts.ca\/fr\/wp-json\/wp\/v2\/media?parent=4015"}],"wp:term":[{"taxonomy":"product_cat","embeddable":true,"href":"https:\/\/ksproducts.ca\/fr\/wp-json\/wp\/v2\/product_cat?post=4015"},{"taxonomy":"product_tag","embeddable":true,"href":"https:\/\/ksproducts.ca\/fr\/wp-json\/wp\/v2\/product_tag?post=4015"}],"curies":[{"name":"wp","href":"https:\/\/api.w.org\/{rel}","templated":true}]}}