{"id":4036,"date":"2022-05-17T17:04:57","date_gmt":"2022-05-17T17:04:57","guid":{"rendered":"http:\/\/localhost\/wordpress\/?post_type=product&#038;p=4036"},"modified":"2026-04-12T10:33:46","modified_gmt":"2026-04-12T10:33:46","slug":"lampe-de-cou-rechargeable-a-led","status":"publish","type":"product","link":"https:\/\/ksproducts.ca\/fr\/product\/rechargeable-led-neck-light\/","title":{"rendered":"Cat\u00ae Lampe de cou rechargeable 300 lumens - Lumi\u00e8re mains libres durable - \u00c9tanch\u00e9it\u00e9 IPX4"},"content":{"rendered":"<div class=\"features\">\n<p>CARACT\u00c9RISTIQUES<\/p>\n<ul class=\"product-description-list\">\n<li>Commande ind\u00e9pendante de chaque t\u00eate d'\u00e9clairage<\/li>\n<li>Les t\u00eates d'\u00e9clairage pivotent de 90\u00b0 vers le haut et vers le bas<\/li>\n<li>Utilisation mains libres<\/li>\n<li>Dimmable<\/li>\n<li>Se pose confortablement autour du cou<\/li>\n<li>Robuste et durable<\/li>\n<li>Cordon de charge USB inclus<\/li>\n<\/ul>\n<p>Brevets : US 10,900,647 US 10,677,431 USD871,257<\/p>\n<\/div>\n<div class=\"specifications\">\n<p>CARACT\u00c9RISTIQUES TECHNIQUES<\/p>\n<ul class=\"product-description-list\">\n<li>LED haute puissance<\/li>\n<li>300 lumens \u00e0 haute intensit\u00e9<\/li>\n<li>Dur\u00e9e d'utilisation : Jusqu'\u00e0 9 heures<\/li>\n<li>R\u00e9sistant \u00e0 l'eau et aux chocs<\/li>\n<li>Distance du faisceau : 25 m\u00e8tres<\/li>\n<li>Indice d'impact : 1 m\u00e8tre<\/li>\n<li>Material: ABS Plastic &amp; Nylon<\/li>\n<li>8,7\u201d H x 5,3\u201d L x 0,91\u201d P<\/li>\n<li>0.50 lb<\/li>\n<\/ul>\n<\/div>","protected":false},"excerpt":{"rendered":"<p>Le design innovant et sportif du CT7105 vous permet d'avoir les mains libres pour travailler n'importe o\u00f9 sans irritation ni stress au niveau du front. Fabriqu\u00e9e dans un m\u00e9lange d'ABS et de nylon durable et fiable, elle repose confortablement sur votre cou sans laisser de traces de transpiration et se nettoie facilement. Gr\u00e2ce \u00e0 la fonction de gradation, cette lampe s'adapte \u00e0 vos besoins en \u00e9nergie. Pivotez les t\u00eates d'\u00e9clairage jusqu'\u00e0 90\u00b0 pour cr\u00e9er un faisceau plus large. L'indice de protection IPX4 de la lampe de cou signifie que vous pouvez \u00eatre s\u00fbr que votre lampe reste allum\u00e9e m\u00eame sous la pluie.Indispensable pour travailler dans le garage ou sur un projet dans la maison. Indispensable pour travailler dans le garage ou sur un projet dans la maison. Emportez-le avec vous en camping. Vous ne manquerez jamais d'applications pour lesquelles cette lampe est parfaite.<\/p>","protected":false},"featured_media":4124,"comment_status":"closed","ping_status":"closed","template":"","meta":[],"product_cat":[451],"product_tag":[],"class_list":{"0":"post-4036","1":"product","2":"type-product","3":"status-publish","4":"has-post-thumbnail","6":"product_brand-cat","7":"product_cat-tools-equipment","8":"product_shipping_class-class-1","10":"first","11":"instock","12":"taxable","13":"shipping-taxable","14":"purchasable","15":"product-type-simple"},"yoast_head":"<!-- This site is optimized with the Yoast SEO plugin v27.3 - https:\/\/yoast.com\/product\/yoast-seo-wordpress\/ -->\n<title>Cat\u00ae 300 Lumen Rechargeable Neck Light \u2013 Durable Hands-Free Light \u2013 Comes with IPX4 Waterproof Feature - Ks Products<\/title>\n<meta name=\"robots\" content=\"index, follow, max-snippet:-1, max-image-preview:large, max-video-preview:-1\" \/>\n<link rel=\"canonical\" href=\"https:\/\/ksproducts.ca\/fr\/product\/lampe-de-cou-rechargeable-a-led\/\" \/>\n<meta property=\"og:locale\" content=\"fr_CA\" \/>\n<meta property=\"og:type\" content=\"article\" \/>\n<meta property=\"og:title\" content=\"Cat\u00ae 300 Lumen Rechargeable Neck Light \u2013 Durable Hands-Free Light \u2013 Comes with IPX4 Waterproof Feature - Ks Products\" \/>\n<meta property=\"og:description\" content=\"The innovative and sporty design of the CT7105 leaves you hands-free to work anywhere without irritation or stress to your forehead. Made of a durable and trustworthy ABS and nylon blend, it comfortably rests on your neck without leaving sweat marks and is easily cleaned. With the dimming feature, this light adjusts to your power needs. Pivot the light heads up to 90\u00b0 to create a wider beam. The neck light\u2019s IPX4 rating means you can be sure your light stays on even when you are soaking in the rain.Indispensable for working in the garage or on a project in the house. Have it ready to walk the dog or for when the power goes out. Pack it with the camping essentials. You will never run out of applications this light is perfect for.\" \/>\n<meta property=\"og:url\" content=\"https:\/\/ksproducts.ca\/fr\/product\/lampe-de-cou-rechargeable-a-led\/\" \/>\n<meta property=\"og:site_name\" content=\"Ks Products\" \/>\n<meta property=\"article:modified_time\" content=\"2026-04-12T10:33:46+00:00\" \/>\n<meta property=\"og:image\" content=\"https:\/\/ksproducts.ca\/wp-content\/uploads\/2022\/05\/CT7105_main-jpg.webp\" \/>\n\t<meta property=\"og:image:width\" content=\"2000\" \/>\n\t<meta property=\"og:image:height\" content=\"2000\" \/>\n\t<meta property=\"og:image:type\" content=\"image\/jpeg\" \/>\n<meta name=\"twitter:card\" content=\"summary_large_image\" \/>\n<meta name=\"twitter:label1\" content=\"Estimation du temps de lecture\" \/>\n\t<meta name=\"twitter:data1\" content=\"1 minute\" \/>\n<script type=\"application\/ld+json\" class=\"yoast-schema-graph\">{\"@context\":\"https:\\\/\\\/schema.org\",\"@graph\":[{\"@type\":\"WebPage\",\"@id\":\"https:\\\/\\\/ksproducts.ca\\\/product\\\/rechargeable-led-neck-light\\\/\",\"url\":\"https:\\\/\\\/ksproducts.ca\\\/product\\\/rechargeable-led-neck-light\\\/\",\"name\":\"Cat\u00ae 300 Lumen Rechargeable Neck Light \u2013 Durable Hands-Free Light \u2013 Comes with IPX4 Waterproof Feature - Ks Products\",\"isPartOf\":{\"@id\":\"https:\\\/\\\/ksproducts.ca\\\/#website\"},\"primaryImageOfPage\":{\"@id\":\"https:\\\/\\\/ksproducts.ca\\\/product\\\/rechargeable-led-neck-light\\\/#primaryimage\"},\"image\":{\"@id\":\"https:\\\/\\\/ksproducts.ca\\\/product\\\/rechargeable-led-neck-light\\\/#primaryimage\"},\"thumbnailUrl\":\"https:\\\/\\\/ksproducts.ca\\\/wp-content\\\/uploads\\\/2022\\\/05\\\/CT7105_main-jpg.webp\",\"datePublished\":\"2022-05-17T17:04:57+00:00\",\"dateModified\":\"2026-04-12T10:33:46+00:00\",\"breadcrumb\":{\"@id\":\"https:\\\/\\\/ksproducts.ca\\\/product\\\/rechargeable-led-neck-light\\\/#breadcrumb\"},\"inLanguage\":\"fr-CA\",\"potentialAction\":[{\"@type\":\"ReadAction\",\"target\":[\"https:\\\/\\\/ksproducts.ca\\\/product\\\/rechargeable-led-neck-light\\\/\"]}]},{\"@type\":\"ImageObject\",\"inLanguage\":\"fr-CA\",\"@id\":\"https:\\\/\\\/ksproducts.ca\\\/product\\\/rechargeable-led-neck-light\\\/#primaryimage\",\"url\":\"https:\\\/\\\/ksproducts.ca\\\/wp-content\\\/uploads\\\/2022\\\/05\\\/CT7105_main-jpg.webp\",\"contentUrl\":\"https:\\\/\\\/ksproducts.ca\\\/wp-content\\\/uploads\\\/2022\\\/05\\\/CT7105_main-jpg.webp\",\"width\":2000,\"height\":2000,\"caption\":\"CT7105 main jpg\"},{\"@type\":\"BreadcrumbList\",\"@id\":\"https:\\\/\\\/ksproducts.ca\\\/product\\\/rechargeable-led-neck-light\\\/#breadcrumb\",\"itemListElement\":[{\"@type\":\"ListItem\",\"position\":1,\"name\":\"Home\",\"item\":\"https:\\\/\\\/ksproducts.ca\\\/\"},{\"@type\":\"ListItem\",\"position\":2,\"name\":\"Shop\",\"item\":\"https:\\\/\\\/ksproducts.ca\\\/shop\\\/\"},{\"@type\":\"ListItem\",\"position\":3,\"name\":\"Cat\u00ae 300 Lumen Rechargeable Neck Light \u2013 Durable Hands-Free Light \u2013 Comes with IPX4 Waterproof Feature\"}]},{\"@type\":\"WebSite\",\"@id\":\"https:\\\/\\\/ksproducts.ca\\\/#website\",\"url\":\"https:\\\/\\\/ksproducts.ca\\\/\",\"name\":\"Ks Products\",\"description\":\"Outdoor cooking and living, made easy in Canada\",\"publisher\":{\"@id\":\"https:\\\/\\\/ksproducts.ca\\\/#organization\"},\"potentialAction\":[{\"@type\":\"SearchAction\",\"target\":{\"@type\":\"EntryPoint\",\"urlTemplate\":\"https:\\\/\\\/ksproducts.ca\\\/?s={search_term_string}\"},\"query-input\":{\"@type\":\"PropertyValueSpecification\",\"valueRequired\":true,\"valueName\":\"search_term_string\"}}],\"inLanguage\":\"fr-CA\"},{\"@type\":\"Organization\",\"@id\":\"https:\\\/\\\/ksproducts.ca\\\/#organization\",\"name\":\"Ks Products\",\"url\":\"https:\\\/\\\/ksproducts.ca\\\/\",\"logo\":{\"@type\":\"ImageObject\",\"inLanguage\":\"fr-CA\",\"@id\":\"https:\\\/\\\/ksproducts.ca\\\/#\\\/schema\\\/logo\\\/image\\\/\",\"url\":\"https:\\\/\\\/ksproducts.ca\\\/wp-content\\\/uploads\\\/2023\\\/09\\\/Kennedy-Sales-Logo-header-1.png\",\"contentUrl\":\"https:\\\/\\\/ksproducts.ca\\\/wp-content\\\/uploads\\\/2023\\\/09\\\/Kennedy-Sales-Logo-header-1.png\",\"width\":150,\"height\":77,\"caption\":\"Ks Products\"},\"image\":{\"@id\":\"https:\\\/\\\/ksproducts.ca\\\/#\\\/schema\\\/logo\\\/image\\\/\"}}]}<\/script>\n<!-- \/ Yoast SEO plugin. -->","yoast_head_json":{"title":"Cat\u00ae 300 Lumen Rechargeable Neck Light \u2013 Durable Hands-Free Light \u2013 Comes with IPX4 Waterproof Feature - Ks Products","robots":{"index":"index","follow":"follow","max-snippet":"max-snippet:-1","max-image-preview":"max-image-preview:large","max-video-preview":"max-video-preview:-1"},"canonical":"https:\/\/ksproducts.ca\/fr\/product\/lampe-de-cou-rechargeable-a-led\/","og_locale":"fr_CA","og_type":"article","og_title":"Cat\u00ae 300 Lumen Rechargeable Neck Light \u2013 Durable Hands-Free Light \u2013 Comes with IPX4 Waterproof Feature - Ks Products","og_description":"The innovative and sporty design of the CT7105 leaves you hands-free to work anywhere without irritation or stress to your forehead. Made of a durable and trustworthy ABS and nylon blend, it comfortably rests on your neck without leaving sweat marks and is easily cleaned. With the dimming feature, this light adjusts to your power needs. Pivot the light heads up to 90\u00b0 to create a wider beam. The neck light\u2019s IPX4 rating means you can be sure your light stays on even when you are soaking in the rain.Indispensable for working in the garage or on a project in the house. Have it ready to walk the dog or for when the power goes out. Pack it with the camping essentials. You will never run out of applications this light is perfect for.","og_url":"https:\/\/ksproducts.ca\/fr\/product\/lampe-de-cou-rechargeable-a-led\/","og_site_name":"Ks Products","article_modified_time":"2026-04-12T10:33:46+00:00","og_image":[{"width":2000,"height":2000,"url":"https:\/\/ksproducts.ca\/wp-content\/uploads\/2022\/05\/CT7105_main-jpg.webp","type":"image\/jpeg"}],"twitter_card":"summary_large_image","twitter_misc":{"Estimation du temps de lecture":"1 minute"},"schema":{"@context":"https:\/\/schema.org","@graph":[{"@type":"WebPage","@id":"https:\/\/ksproducts.ca\/product\/rechargeable-led-neck-light\/","url":"https:\/\/ksproducts.ca\/product\/rechargeable-led-neck-light\/","name":"Cat\u00ae 300 Lumen Rechargeable Neck Light \u2013 Durable Hands-Free Light \u2013 Comes with IPX4 Waterproof Feature - Ks Products","isPartOf":{"@id":"https:\/\/ksproducts.ca\/#website"},"primaryImageOfPage":{"@id":"https:\/\/ksproducts.ca\/product\/rechargeable-led-neck-light\/#primaryimage"},"image":{"@id":"https:\/\/ksproducts.ca\/product\/rechargeable-led-neck-light\/#primaryimage"},"thumbnailUrl":"https:\/\/ksproducts.ca\/wp-content\/uploads\/2022\/05\/CT7105_main-jpg.webp","datePublished":"2022-05-17T17:04:57+00:00","dateModified":"2026-04-12T10:33:46+00:00","breadcrumb":{"@id":"https:\/\/ksproducts.ca\/product\/rechargeable-led-neck-light\/#breadcrumb"},"inLanguage":"fr-CA","potentialAction":[{"@type":"ReadAction","target":["https:\/\/ksproducts.ca\/product\/rechargeable-led-neck-light\/"]}]},{"@type":"ImageObject","inLanguage":"fr-CA","@id":"https:\/\/ksproducts.ca\/product\/rechargeable-led-neck-light\/#primaryimage","url":"https:\/\/ksproducts.ca\/wp-content\/uploads\/2022\/05\/CT7105_main-jpg.webp","contentUrl":"https:\/\/ksproducts.ca\/wp-content\/uploads\/2022\/05\/CT7105_main-jpg.webp","width":2000,"height":2000,"caption":"CT7105 main jpg"},{"@type":"BreadcrumbList","@id":"https:\/\/ksproducts.ca\/product\/rechargeable-led-neck-light\/#breadcrumb","itemListElement":[{"@type":"ListItem","position":1,"name":"Home","item":"https:\/\/ksproducts.ca\/"},{"@type":"ListItem","position":2,"name":"Shop","item":"https:\/\/ksproducts.ca\/shop\/"},{"@type":"ListItem","position":3,"name":"Cat\u00ae 300 Lumen Rechargeable Neck Light \u2013 Durable Hands-Free Light \u2013 Comes with IPX4 Waterproof Feature"}]},{"@type":"WebSite","@id":"https:\/\/ksproducts.ca\/#website","url":"https:\/\/ksproducts.ca\/","name":"Produits Ks","description":"Cuisiner et vivre en plein air, c'est facile au Canada","publisher":{"@id":"https:\/\/ksproducts.ca\/#organization"},"potentialAction":[{"@type":"SearchAction","target":{"@type":"EntryPoint","urlTemplate":"https:\/\/ksproducts.ca\/?s={search_term_string}"},"query-input":{"@type":"PropertyValueSpecification","valueRequired":true,"valueName":"search_term_string"}}],"inLanguage":"fr-CA"},{"@type":"Organization","@id":"https:\/\/ksproducts.ca\/#organization","name":"Produits Ks","url":"https:\/\/ksproducts.ca\/","logo":{"@type":"ImageObject","inLanguage":"fr-CA","@id":"https:\/\/ksproducts.ca\/#\/schema\/logo\/image\/","url":"https:\/\/ksproducts.ca\/wp-content\/uploads\/2023\/09\/Kennedy-Sales-Logo-header-1.png","contentUrl":"https:\/\/ksproducts.ca\/wp-content\/uploads\/2023\/09\/Kennedy-Sales-Logo-header-1.png","width":150,"height":77,"caption":"Ks Products"},"image":{"@id":"https:\/\/ksproducts.ca\/#\/schema\/logo\/image\/"}}]}},"_links":{"self":[{"href":"https:\/\/ksproducts.ca\/fr\/wp-json\/wp\/v2\/product\/4036","targetHints":{"allow":["GET"]}}],"collection":[{"href":"https:\/\/ksproducts.ca\/fr\/wp-json\/wp\/v2\/product"}],"about":[{"href":"https:\/\/ksproducts.ca\/fr\/wp-json\/wp\/v2\/types\/product"}],"replies":[{"embeddable":true,"href":"https:\/\/ksproducts.ca\/fr\/wp-json\/wp\/v2\/comments?post=4036"}],"version-history":[{"count":2,"href":"https:\/\/ksproducts.ca\/fr\/wp-json\/wp\/v2\/product\/4036\/revisions"}],"predecessor-version":[{"id":11058,"href":"https:\/\/ksproducts.ca\/fr\/wp-json\/wp\/v2\/product\/4036\/revisions\/11058"}],"wp:featuredmedia":[{"embeddable":true,"href":"https:\/\/ksproducts.ca\/fr\/wp-json\/wp\/v2\/media\/4124"}],"wp:attachment":[{"href":"https:\/\/ksproducts.ca\/fr\/wp-json\/wp\/v2\/media?parent=4036"}],"wp:term":[{"taxonomy":"product_cat","embeddable":true,"href":"https:\/\/ksproducts.ca\/fr\/wp-json\/wp\/v2\/product_cat?post=4036"},{"taxonomy":"product_tag","embeddable":true,"href":"https:\/\/ksproducts.ca\/fr\/wp-json\/wp\/v2\/product_tag?post=4036"}],"curies":[{"name":"wp","href":"https:\/\/api.w.org\/{rel}","templated":true}]}}