{"id":4079,"date":"2022-05-17T17:05:51","date_gmt":"2022-05-17T17:05:51","guid":{"rendered":"http:\/\/localhost\/wordpress\/?post_type=product&#038;p=4079"},"modified":"2026-03-02T18:57:50","modified_gmt":"2026-03-02T18:57:50","slug":"glaciere-55-pintes-camo","status":"publish","type":"product","link":"https:\/\/ksproducts.ca\/fr\/product\/55-quart-cat-cooler-camo\/","title":{"rendered":"Cat\u00ae Glaci\u00e8re personnelle isol\u00e9e de 55 pintes - Camo"},"content":{"rendered":"<ul>\n<li>Double bouchon de vidange surdimensionn\u00e9 pour un drainage rapide<\/li>\n<li>Garantie limit\u00e9e \u00e0 vie<\/li>\n<li>Garantie de remboursement de 60 jours<\/li>\n<li>Dimensions int\u00e9rieures : 24-1\/4\u2033 L x 12\u201d l x 12-3\/4\u201d H<\/li>\n<li>Dimensions ext\u00e9rieures : 34-1\/4 po L x 17 po l x 19 po H<\/li>\n<li>Comprend deux porte-cannes \u00e0 p\u00eache int\u00e9gr\u00e9s\nDiam\u00e8tre de 1\/4 po<\/li>\n<li>Charni\u00e8re en aluminium de qualit\u00e9 marine et vis en acier inoxydable 18\/8 avec rev\u00eatement oxyde noir<\/li>\n<li>Taille normale Glaci\u00e8re 55 QT<\/li>\n<li>Peut contenir jusqu'\u00e0 60 canettes plus 2 sacs de gla\u00e7ons<\/li>\n<li>Logo CAT\u00ae gaufr\u00e9 dans le plastique du couvercle int\u00e9rieur et \u00e0 l'avant de la glaci\u00e8re<\/li>\n<\/ul>","protected":false},"excerpt":{"rendered":"<p data-start=\"0\" data-end=\"463\">La glaci\u00e8re Cat\u00ae sous licence officielle est la seule glaci\u00e8re suffisamment r\u00e9sistante pour \u00eatre appel\u00e9e Cat. Construite pour r\u00e9pondre aux exigences durables et rigoureuses du chantier, elle est con\u00e7ue pour supporter les abus quotidiens de l'industrie de la construction sans ralentir. Avec une isolation sup\u00e9rieure qui permet de conserver la glace pendant des jours, cette glaci\u00e8re garde vos aliments et vos boissons au frais longtemps apr\u00e8s la fin de la journ\u00e9e de travail.<\/p>\n<p data-start=\"465\" data-end=\"749\" data-is-last-node=\"\" data-is-only-node=\"\">Lorsque le travail est termin\u00e9, cette glaci\u00e8re ne fait que commencer. Parfaite pour les s\u00e9jours en camping, les week-ends de chasse, les f\u00eates de fin d'ann\u00e9e et les aventures en plein air, la glaci\u00e8re Cat\u00ae offre les m\u00eames performances robustes dans la nature que sur le site de travail. R\u00e9sistante, fiable et con\u00e7ue pour \u00eatre performante, \u00e0 l'image de la gamme Cat\u00ae<\/p>","protected":false},"featured_media":4157,"comment_status":"closed","ping_status":"closed","template":"","meta":[],"product_cat":[431],"product_tag":[],"class_list":{"0":"post-4079","1":"product","2":"type-product","3":"status-publish","4":"has-post-thumbnail","6":"product_brand-cat","7":"product_cat-camping-rv-essentials","8":"product_shipping_class-class-3","10":"first","11":"instock","12":"taxable","13":"shipping-taxable","14":"purchasable","15":"product-type-simple"},"yoast_head":"<!-- This site is optimized with the Yoast SEO plugin v27.3 - https:\/\/yoast.com\/product\/yoast-seo-wordpress\/ -->\n<title>Cat\u00ae 55 Quart Insulated Personal Cooler - Camo - Ks Products<\/title>\n<meta name=\"robots\" content=\"index, follow, max-snippet:-1, max-image-preview:large, max-video-preview:-1\" \/>\n<link rel=\"canonical\" href=\"https:\/\/ksproducts.ca\/fr\/product\/glaciere-55-pintes-camo\/\" \/>\n<meta property=\"og:locale\" content=\"fr_CA\" \/>\n<meta property=\"og:type\" content=\"article\" \/>\n<meta property=\"og:title\" content=\"Cat\u00ae 55 Quart Insulated Personal Cooler - Camo - Ks Products\" \/>\n<meta property=\"og:description\" content=\"The officially licensed Cat\u00ae cooler is the only cooler tough enough to be called Cat. Built to handle the durable and rigorous demands of the job site, it\u2019s designed to take the daily abuse of the construction industry without slowing down. With superior insulation that delivers days of ice retention, this cooler keeps your food and drinks cold long after the workday ends. When the job is done, this cooler is just getting started. Perfect for camping trips, hunting weekends, tailgates, and outdoor adventures, the Cat\u00ae cooler delivers the same rugged performance in the wild as it does on the worksite. Tough, reliable, and built to perform\u2014just like Cat\u00ae\" \/>\n<meta property=\"og:url\" content=\"https:\/\/ksproducts.ca\/fr\/product\/glaciere-55-pintes-camo\/\" \/>\n<meta property=\"og:site_name\" content=\"Ks Products\" \/>\n<meta property=\"article:modified_time\" content=\"2026-03-02T18:57:50+00:00\" \/>\n<meta property=\"og:image\" content=\"https:\/\/ksproducts.ca\/wp-content\/uploads\/2022\/05\/Camo_55.6_1024x1024@2x-jpg.webp\" \/>\n\t<meta property=\"og:image:width\" content=\"1000\" \/>\n\t<meta property=\"og:image:height\" content=\"1000\" \/>\n\t<meta property=\"og:image:type\" content=\"image\/jpeg\" \/>\n<meta name=\"twitter:card\" content=\"summary_large_image\" \/>\n<meta name=\"twitter:label1\" content=\"Estimation du temps de lecture\" \/>\n\t<meta name=\"twitter:data1\" content=\"1 minute\" \/>\n<script type=\"application\/ld+json\" class=\"yoast-schema-graph\">{\"@context\":\"https:\\\/\\\/schema.org\",\"@graph\":[{\"@type\":\"WebPage\",\"@id\":\"https:\\\/\\\/ksproducts.ca\\\/product\\\/55-quart-cat-cooler-camo\\\/\",\"url\":\"https:\\\/\\\/ksproducts.ca\\\/product\\\/55-quart-cat-cooler-camo\\\/\",\"name\":\"Cat\u00ae 55 Quart Insulated Personal Cooler - Camo - Ks Products\",\"isPartOf\":{\"@id\":\"https:\\\/\\\/ksproducts.ca\\\/#website\"},\"primaryImageOfPage\":{\"@id\":\"https:\\\/\\\/ksproducts.ca\\\/product\\\/55-quart-cat-cooler-camo\\\/#primaryimage\"},\"image\":{\"@id\":\"https:\\\/\\\/ksproducts.ca\\\/product\\\/55-quart-cat-cooler-camo\\\/#primaryimage\"},\"thumbnailUrl\":\"https:\\\/\\\/ksproducts.ca\\\/wp-content\\\/uploads\\\/2022\\\/05\\\/Camo_55.6_1024x1024@2x-jpg.webp\",\"datePublished\":\"2022-05-17T17:05:51+00:00\",\"dateModified\":\"2026-03-02T18:57:50+00:00\",\"breadcrumb\":{\"@id\":\"https:\\\/\\\/ksproducts.ca\\\/product\\\/55-quart-cat-cooler-camo\\\/#breadcrumb\"},\"inLanguage\":\"fr-CA\",\"potentialAction\":[{\"@type\":\"ReadAction\",\"target\":[\"https:\\\/\\\/ksproducts.ca\\\/product\\\/55-quart-cat-cooler-camo\\\/\"]}]},{\"@type\":\"ImageObject\",\"inLanguage\":\"fr-CA\",\"@id\":\"https:\\\/\\\/ksproducts.ca\\\/product\\\/55-quart-cat-cooler-camo\\\/#primaryimage\",\"url\":\"https:\\\/\\\/ksproducts.ca\\\/wp-content\\\/uploads\\\/2022\\\/05\\\/Camo_55.6_1024x1024@2x-jpg.webp\",\"contentUrl\":\"https:\\\/\\\/ksproducts.ca\\\/wp-content\\\/uploads\\\/2022\\\/05\\\/Camo_55.6_1024x1024@2x-jpg.webp\",\"width\":1000,\"height\":1000,\"caption\":\"Camo 55.6 1024x1024@2x jpg\"},{\"@type\":\"BreadcrumbList\",\"@id\":\"https:\\\/\\\/ksproducts.ca\\\/product\\\/55-quart-cat-cooler-camo\\\/#breadcrumb\",\"itemListElement\":[{\"@type\":\"ListItem\",\"position\":1,\"name\":\"Home\",\"item\":\"https:\\\/\\\/ksproducts.ca\\\/\"},{\"@type\":\"ListItem\",\"position\":2,\"name\":\"Shop\",\"item\":\"https:\\\/\\\/ksproducts.ca\\\/shop\\\/\"},{\"@type\":\"ListItem\",\"position\":3,\"name\":\"Cat\u00ae 55 Quart Insulated Personal Cooler &#8211; Camo\"}]},{\"@type\":\"WebSite\",\"@id\":\"https:\\\/\\\/ksproducts.ca\\\/#website\",\"url\":\"https:\\\/\\\/ksproducts.ca\\\/\",\"name\":\"Ks Products\",\"description\":\"Outdoor cooking and living, made easy in Canada\",\"publisher\":{\"@id\":\"https:\\\/\\\/ksproducts.ca\\\/#organization\"},\"potentialAction\":[{\"@type\":\"SearchAction\",\"target\":{\"@type\":\"EntryPoint\",\"urlTemplate\":\"https:\\\/\\\/ksproducts.ca\\\/?s={search_term_string}\"},\"query-input\":{\"@type\":\"PropertyValueSpecification\",\"valueRequired\":true,\"valueName\":\"search_term_string\"}}],\"inLanguage\":\"fr-CA\"},{\"@type\":\"Organization\",\"@id\":\"https:\\\/\\\/ksproducts.ca\\\/#organization\",\"name\":\"Ks Products\",\"url\":\"https:\\\/\\\/ksproducts.ca\\\/\",\"logo\":{\"@type\":\"ImageObject\",\"inLanguage\":\"fr-CA\",\"@id\":\"https:\\\/\\\/ksproducts.ca\\\/#\\\/schema\\\/logo\\\/image\\\/\",\"url\":\"https:\\\/\\\/ksproducts.ca\\\/wp-content\\\/uploads\\\/2023\\\/09\\\/Kennedy-Sales-Logo-header-1.png\",\"contentUrl\":\"https:\\\/\\\/ksproducts.ca\\\/wp-content\\\/uploads\\\/2023\\\/09\\\/Kennedy-Sales-Logo-header-1.png\",\"width\":150,\"height\":77,\"caption\":\"Ks Products\"},\"image\":{\"@id\":\"https:\\\/\\\/ksproducts.ca\\\/#\\\/schema\\\/logo\\\/image\\\/\"}}]}<\/script>\n<!-- \/ Yoast SEO plugin. -->","yoast_head_json":{"title":"Glaci\u00e8re isol\u00e9e personnelle Cat\u00ae de 55 litres - Camo - Ks Products","robots":{"index":"index","follow":"follow","max-snippet":"max-snippet:-1","max-image-preview":"max-image-preview:large","max-video-preview":"max-video-preview:-1"},"canonical":"https:\/\/ksproducts.ca\/fr\/product\/glaciere-55-pintes-camo\/","og_locale":"fr_CA","og_type":"article","og_title":"Cat\u00ae 55 Quart Insulated Personal Cooler - Camo - Ks Products","og_description":"The officially licensed Cat\u00ae cooler is the only cooler tough enough to be called Cat. Built to handle the durable and rigorous demands of the job site, it\u2019s designed to take the daily abuse of the construction industry without slowing down. With superior insulation that delivers days of ice retention, this cooler keeps your food and drinks cold long after the workday ends. When the job is done, this cooler is just getting started. Perfect for camping trips, hunting weekends, tailgates, and outdoor adventures, the Cat\u00ae cooler delivers the same rugged performance in the wild as it does on the worksite. Tough, reliable, and built to perform\u2014just like Cat\u00ae","og_url":"https:\/\/ksproducts.ca\/fr\/product\/glaciere-55-pintes-camo\/","og_site_name":"Ks Products","article_modified_time":"2026-03-02T18:57:50+00:00","og_image":[{"width":1000,"height":1000,"url":"https:\/\/ksproducts.ca\/wp-content\/uploads\/2022\/05\/Camo_55.6_1024x1024@2x-jpg.webp","type":"image\/jpeg"}],"twitter_card":"summary_large_image","twitter_misc":{"Estimation du temps de lecture":"1 minute"},"schema":{"@context":"https:\/\/schema.org","@graph":[{"@type":"WebPage","@id":"https:\/\/ksproducts.ca\/product\/55-quart-cat-cooler-camo\/","url":"https:\/\/ksproducts.ca\/product\/55-quart-cat-cooler-camo\/","name":"Glaci\u00e8re isol\u00e9e personnelle Cat\u00ae de 55 litres - Camo - Ks Products","isPartOf":{"@id":"https:\/\/ksproducts.ca\/#website"},"primaryImageOfPage":{"@id":"https:\/\/ksproducts.ca\/product\/55-quart-cat-cooler-camo\/#primaryimage"},"image":{"@id":"https:\/\/ksproducts.ca\/product\/55-quart-cat-cooler-camo\/#primaryimage"},"thumbnailUrl":"https:\/\/ksproducts.ca\/wp-content\/uploads\/2022\/05\/Camo_55.6_1024x1024@2x-jpg.webp","datePublished":"2022-05-17T17:05:51+00:00","dateModified":"2026-03-02T18:57:50+00:00","breadcrumb":{"@id":"https:\/\/ksproducts.ca\/product\/55-quart-cat-cooler-camo\/#breadcrumb"},"inLanguage":"fr-CA","potentialAction":[{"@type":"ReadAction","target":["https:\/\/ksproducts.ca\/product\/55-quart-cat-cooler-camo\/"]}]},{"@type":"ImageObject","inLanguage":"fr-CA","@id":"https:\/\/ksproducts.ca\/product\/55-quart-cat-cooler-camo\/#primaryimage","url":"https:\/\/ksproducts.ca\/wp-content\/uploads\/2022\/05\/Camo_55.6_1024x1024@2x-jpg.webp","contentUrl":"https:\/\/ksproducts.ca\/wp-content\/uploads\/2022\/05\/Camo_55.6_1024x1024@2x-jpg.webp","width":1000,"height":1000,"caption":"Camo 55.6 1024x1024@2x jpg"},{"@type":"BreadcrumbList","@id":"https:\/\/ksproducts.ca\/product\/55-quart-cat-cooler-camo\/#breadcrumb","itemListElement":[{"@type":"ListItem","position":1,"name":"Home","item":"https:\/\/ksproducts.ca\/"},{"@type":"ListItem","position":2,"name":"Shop","item":"https:\/\/ksproducts.ca\/shop\/"},{"@type":"ListItem","position":3,"name":"Cat\u00ae 55 Quart Insulated Personal Cooler &#8211; Camo"}]},{"@type":"WebSite","@id":"https:\/\/ksproducts.ca\/#website","url":"https:\/\/ksproducts.ca\/","name":"Produits Ks","description":"Cuisiner et vivre en plein air, c'est facile au Canada","publisher":{"@id":"https:\/\/ksproducts.ca\/#organization"},"potentialAction":[{"@type":"SearchAction","target":{"@type":"EntryPoint","urlTemplate":"https:\/\/ksproducts.ca\/?s={search_term_string}"},"query-input":{"@type":"PropertyValueSpecification","valueRequired":true,"valueName":"search_term_string"}}],"inLanguage":"fr-CA"},{"@type":"Organization","@id":"https:\/\/ksproducts.ca\/#organization","name":"Produits Ks","url":"https:\/\/ksproducts.ca\/","logo":{"@type":"ImageObject","inLanguage":"fr-CA","@id":"https:\/\/ksproducts.ca\/#\/schema\/logo\/image\/","url":"https:\/\/ksproducts.ca\/wp-content\/uploads\/2023\/09\/Kennedy-Sales-Logo-header-1.png","contentUrl":"https:\/\/ksproducts.ca\/wp-content\/uploads\/2023\/09\/Kennedy-Sales-Logo-header-1.png","width":150,"height":77,"caption":"Ks Products"},"image":{"@id":"https:\/\/ksproducts.ca\/#\/schema\/logo\/image\/"}}]}},"_links":{"self":[{"href":"https:\/\/ksproducts.ca\/fr\/wp-json\/wp\/v2\/product\/4079","targetHints":{"allow":["GET"]}}],"collection":[{"href":"https:\/\/ksproducts.ca\/fr\/wp-json\/wp\/v2\/product"}],"about":[{"href":"https:\/\/ksproducts.ca\/fr\/wp-json\/wp\/v2\/types\/product"}],"replies":[{"embeddable":true,"href":"https:\/\/ksproducts.ca\/fr\/wp-json\/wp\/v2\/comments?post=4079"}],"version-history":[{"count":6,"href":"https:\/\/ksproducts.ca\/fr\/wp-json\/wp\/v2\/product\/4079\/revisions"}],"predecessor-version":[{"id":11071,"href":"https:\/\/ksproducts.ca\/fr\/wp-json\/wp\/v2\/product\/4079\/revisions\/11071"}],"wp:featuredmedia":[{"embeddable":true,"href":"https:\/\/ksproducts.ca\/fr\/wp-json\/wp\/v2\/media\/4157"}],"wp:attachment":[{"href":"https:\/\/ksproducts.ca\/fr\/wp-json\/wp\/v2\/media?parent=4079"}],"wp:term":[{"taxonomy":"product_cat","embeddable":true,"href":"https:\/\/ksproducts.ca\/fr\/wp-json\/wp\/v2\/product_cat?post=4079"},{"taxonomy":"product_tag","embeddable":true,"href":"https:\/\/ksproducts.ca\/fr\/wp-json\/wp\/v2\/product_tag?post=4079"}],"curies":[{"name":"wp","href":"https:\/\/api.w.org\/{rel}","templated":true}]}}