{"id":4083,"date":"2022-05-17T17:05:51","date_gmt":"2022-05-17T17:05:51","guid":{"rendered":"http:\/\/localhost\/wordpress\/?post_type=product&#038;p=4083"},"modified":"2026-02-10T20:06:54","modified_gmt":"2026-02-10T20:06:54","slug":"4pc-1-25x16ft-ratchet-tie-down","status":"publish","type":"product","link":"https:\/\/ksproducts.ca\/fr\/product\/4pc-1-25x16ft-ratchet-tie-down\/","title":{"rendered":"4PC 1.25\u2033X16FT RATCHET TIE DOWN"},"content":{"rendered":"<h4>CARACT\u00c9RISTIQUES ET AVANTAGES<\/h4>\n<ul>\n<li>TAILLE ET CAPACIT\u00c9 : 16 pieds de long x 1-1\/4 pouces de large ; r\u00e9sistance au travail de 1 000 livres ; r\u00e9sistance \u00e0 la rupture de 3 000 livres.<\/li>\n<li>PROT\u00c9GEZ VOS BIENS : les crochets souples int\u00e9gr\u00e9s et les crochets rev\u00eatus de caoutchouc permettent d'\u00e9viter les rayures, les \u00e9raflures et autres dommages \u00e0 votre chargement et \u00e0 votre v\u00e9hicule.<\/li>\n<li>VARI\u00c9T\u00c9 D'USAGES : Parfait pour d\u00e9placer des meubles, s\u00e9curiser des \u00e9quipements sportifs, des planches de surf, des v\u00e9los, des VTT, des motos, des tondeuses, du bois de construction, des caisses et bien plus encore.<\/li>\n<li>COMFORTABLE : la poign\u00e9e \u00e0 cliquet surdimensionn\u00e9e rev\u00eatue de caoutchouc est ergonomique, confortable et offre une prise antid\u00e9rapante.<\/li>\n<li>GARANTIE : Les sangles pour chats sont prot\u00e9g\u00e9es par une garantie de satisfaction 100%.<\/li>\n<\/ul>","protected":false},"excerpt":{"rendered":"<p>Cet ensemble de 4 pi\u00e8ces comprend des sangles de 16 pieds de long x 1-1\/4 pouces de large avec une r\u00e9sistance \u00e0 l'utilisation de 1 000 livres et une r\u00e9sistance \u00e0 la rupture de 3 000 livres. Elles sont con\u00e7ues et fabriqu\u00e9es pour fonctionner dans les t\u00e2ches et les conditions les plus exigeantes. Non seulement elles sont belles, mais ces sangles offrent force, performance et commodit\u00e9. Toutes nos sangles d'arrimage sont fabriqu\u00e9es avec des mat\u00e9riaux de premi\u00e8re qualit\u00e9 et sont con\u00e7ues pour offrir des performances constantes. Les sangles Cat sont l\u00e0 quand vous en avez besoin, con\u00e7ues pour une large gamme d'applications au travail, dans les loisirs et partout ailleurs.<\/p>","protected":false},"featured_media":4163,"comment_status":"closed","ping_status":"closed","template":"","meta":[],"product_cat":[451],"product_tag":[],"class_list":{"0":"post-4083","1":"product","2":"type-product","3":"status-publish","4":"has-post-thumbnail","6":"product_cat-tools-equipment","7":"product_shipping_class-class-1","9":"first","10":"outofstock","11":"taxable","12":"shipping-taxable","13":"purchasable","14":"product-type-simple"},"yoast_head":"<!-- This site is optimized with the Yoast SEO plugin v27.3 - https:\/\/yoast.com\/product\/yoast-seo-wordpress\/ -->\n<title>4PC 1.25&quot;X16FT RATCHET TIE DOWN - Ks Products<\/title>\n<meta name=\"robots\" content=\"index, follow, max-snippet:-1, max-image-preview:large, max-video-preview:-1\" \/>\n<link rel=\"canonical\" href=\"https:\/\/ksproducts.ca\/fr\/product\/4pc-1-25x16ft-ratchet-tie-down\/\" \/>\n<meta property=\"og:locale\" content=\"fr_CA\" \/>\n<meta property=\"og:type\" content=\"article\" \/>\n<meta property=\"og:title\" content=\"4PC 1.25&quot;X16FT RATCHET TIE DOWN - Ks Products\" \/>\n<meta property=\"og:description\" content=\"This 4-Pc set features 16 feet long x 1-1\/4 inches wide straps with 1,000 pound working strength\/3,000 pound breaking strength and is designed and built to perform in the most demanding tasks and conditions. Not only do they look good but these straps offer strength, performance and convenience. All of our tie downs feature premium materials and construction to deliver consistent performance. Cat straps are there for when you need them, purpose-built for a wide range of applications at work, at play and everywhere in between.\" \/>\n<meta property=\"og:url\" content=\"https:\/\/ksproducts.ca\/fr\/product\/4pc-1-25x16ft-ratchet-tie-down\/\" \/>\n<meta property=\"og:site_name\" content=\"Ks Products\" \/>\n<meta property=\"article:modified_time\" content=\"2026-02-10T20:06:54+00:00\" \/>\n<meta property=\"og:image\" content=\"https:\/\/ksproducts.ca\/wp-content\/uploads\/2022\/05\/b07bhv6xsp.main_1800x1800.jpg.png\" \/>\n\t<meta property=\"og:image:width\" content=\"1026\" \/>\n\t<meta property=\"og:image:height\" content=\"1026\" \/>\n\t<meta property=\"og:image:type\" content=\"image\/png\" \/>\n<meta name=\"twitter:card\" content=\"summary_large_image\" \/>\n<meta name=\"twitter:label1\" content=\"Estimation du temps de lecture\" \/>\n\t<meta name=\"twitter:data1\" content=\"1 minute\" \/>\n<script type=\"application\/ld+json\" class=\"yoast-schema-graph\">{\"@context\":\"https:\\\/\\\/schema.org\",\"@graph\":[{\"@type\":\"WebPage\",\"@id\":\"https:\\\/\\\/ksproducts.ca\\\/product\\\/4pc-1-25x16ft-ratchet-tie-down\\\/\",\"url\":\"https:\\\/\\\/ksproducts.ca\\\/product\\\/4pc-1-25x16ft-ratchet-tie-down\\\/\",\"name\":\"4PC 1.25\\\"X16FT RATCHET TIE DOWN - Ks Products\",\"isPartOf\":{\"@id\":\"https:\\\/\\\/ksproducts.ca\\\/#website\"},\"primaryImageOfPage\":{\"@id\":\"https:\\\/\\\/ksproducts.ca\\\/product\\\/4pc-1-25x16ft-ratchet-tie-down\\\/#primaryimage\"},\"image\":{\"@id\":\"https:\\\/\\\/ksproducts.ca\\\/product\\\/4pc-1-25x16ft-ratchet-tie-down\\\/#primaryimage\"},\"thumbnailUrl\":\"https:\\\/\\\/ksproducts.ca\\\/wp-content\\\/uploads\\\/2022\\\/05\\\/b07bhv6xsp.main_1800x1800.jpg.png\",\"datePublished\":\"2022-05-17T17:05:51+00:00\",\"dateModified\":\"2026-02-10T20:06:54+00:00\",\"breadcrumb\":{\"@id\":\"https:\\\/\\\/ksproducts.ca\\\/product\\\/4pc-1-25x16ft-ratchet-tie-down\\\/#breadcrumb\"},\"inLanguage\":\"fr-CA\",\"potentialAction\":[{\"@type\":\"ReadAction\",\"target\":[\"https:\\\/\\\/ksproducts.ca\\\/product\\\/4pc-1-25x16ft-ratchet-tie-down\\\/\"]}]},{\"@type\":\"ImageObject\",\"inLanguage\":\"fr-CA\",\"@id\":\"https:\\\/\\\/ksproducts.ca\\\/product\\\/4pc-1-25x16ft-ratchet-tie-down\\\/#primaryimage\",\"url\":\"https:\\\/\\\/ksproducts.ca\\\/wp-content\\\/uploads\\\/2022\\\/05\\\/b07bhv6xsp.main_1800x1800.jpg.png\",\"contentUrl\":\"https:\\\/\\\/ksproducts.ca\\\/wp-content\\\/uploads\\\/2022\\\/05\\\/b07bhv6xsp.main_1800x1800.jpg.png\",\"width\":800,\"height\":800,\"caption\":\"b07bhv6xsp.main 1800x1800.jpg\"},{\"@type\":\"BreadcrumbList\",\"@id\":\"https:\\\/\\\/ksproducts.ca\\\/product\\\/4pc-1-25x16ft-ratchet-tie-down\\\/#breadcrumb\",\"itemListElement\":[{\"@type\":\"ListItem\",\"position\":1,\"name\":\"Home\",\"item\":\"https:\\\/\\\/ksproducts.ca\\\/\"},{\"@type\":\"ListItem\",\"position\":2,\"name\":\"Shop\",\"item\":\"https:\\\/\\\/ksproducts.ca\\\/shop\\\/\"},{\"@type\":\"ListItem\",\"position\":3,\"name\":\"4PC 1.25&#8243;X16FT RATCHET TIE DOWN\"}]},{\"@type\":\"WebSite\",\"@id\":\"https:\\\/\\\/ksproducts.ca\\\/#website\",\"url\":\"https:\\\/\\\/ksproducts.ca\\\/\",\"name\":\"Ks Products\",\"description\":\"Outdoor cooking and living, made easy in Canada\",\"publisher\":{\"@id\":\"https:\\\/\\\/ksproducts.ca\\\/#organization\"},\"potentialAction\":[{\"@type\":\"SearchAction\",\"target\":{\"@type\":\"EntryPoint\",\"urlTemplate\":\"https:\\\/\\\/ksproducts.ca\\\/?s={search_term_string}\"},\"query-input\":{\"@type\":\"PropertyValueSpecification\",\"valueRequired\":true,\"valueName\":\"search_term_string\"}}],\"inLanguage\":\"fr-CA\"},{\"@type\":\"Organization\",\"@id\":\"https:\\\/\\\/ksproducts.ca\\\/#organization\",\"name\":\"Ks Products\",\"url\":\"https:\\\/\\\/ksproducts.ca\\\/\",\"logo\":{\"@type\":\"ImageObject\",\"inLanguage\":\"fr-CA\",\"@id\":\"https:\\\/\\\/ksproducts.ca\\\/#\\\/schema\\\/logo\\\/image\\\/\",\"url\":\"https:\\\/\\\/ksproducts.ca\\\/wp-content\\\/uploads\\\/2023\\\/09\\\/Kennedy-Sales-Logo-header-1.png\",\"contentUrl\":\"https:\\\/\\\/ksproducts.ca\\\/wp-content\\\/uploads\\\/2023\\\/09\\\/Kennedy-Sales-Logo-header-1.png\",\"width\":150,\"height\":77,\"caption\":\"Ks Products\"},\"image\":{\"@id\":\"https:\\\/\\\/ksproducts.ca\\\/#\\\/schema\\\/logo\\\/image\\\/\"}}]}<\/script>\n<!-- \/ Yoast SEO plugin. -->","yoast_head_json":{"title":"4PC 1.25 \"X16FT RATCHET TIE DOWN - Ks Products","robots":{"index":"index","follow":"follow","max-snippet":"max-snippet:-1","max-image-preview":"max-image-preview:large","max-video-preview":"max-video-preview:-1"},"canonical":"https:\/\/ksproducts.ca\/fr\/product\/4pc-1-25x16ft-ratchet-tie-down\/","og_locale":"fr_CA","og_type":"article","og_title":"4PC 1.25\"X16FT RATCHET TIE DOWN - Ks Products","og_description":"This 4-Pc set features 16 feet long x 1-1\/4 inches wide straps with 1,000 pound working strength\/3,000 pound breaking strength and is designed and built to perform in the most demanding tasks and conditions. Not only do they look good but these straps offer strength, performance and convenience. All of our tie downs feature premium materials and construction to deliver consistent performance. Cat straps are there for when you need them, purpose-built for a wide range of applications at work, at play and everywhere in between.","og_url":"https:\/\/ksproducts.ca\/fr\/product\/4pc-1-25x16ft-ratchet-tie-down\/","og_site_name":"Ks Products","article_modified_time":"2026-02-10T20:06:54+00:00","og_image":[{"width":1026,"height":1026,"url":"https:\/\/ksproducts.ca\/wp-content\/uploads\/2022\/05\/b07bhv6xsp.main_1800x1800.jpg.png","type":"image\/png"}],"twitter_card":"summary_large_image","twitter_misc":{"Estimation du temps de lecture":"1 minute"},"schema":{"@context":"https:\/\/schema.org","@graph":[{"@type":"WebPage","@id":"https:\/\/ksproducts.ca\/product\/4pc-1-25x16ft-ratchet-tie-down\/","url":"https:\/\/ksproducts.ca\/product\/4pc-1-25x16ft-ratchet-tie-down\/","name":"4PC 1.25 \"X16FT RATCHET TIE DOWN - Ks Products","isPartOf":{"@id":"https:\/\/ksproducts.ca\/#website"},"primaryImageOfPage":{"@id":"https:\/\/ksproducts.ca\/product\/4pc-1-25x16ft-ratchet-tie-down\/#primaryimage"},"image":{"@id":"https:\/\/ksproducts.ca\/product\/4pc-1-25x16ft-ratchet-tie-down\/#primaryimage"},"thumbnailUrl":"https:\/\/ksproducts.ca\/wp-content\/uploads\/2022\/05\/b07bhv6xsp.main_1800x1800.jpg.png","datePublished":"2022-05-17T17:05:51+00:00","dateModified":"2026-02-10T20:06:54+00:00","breadcrumb":{"@id":"https:\/\/ksproducts.ca\/product\/4pc-1-25x16ft-ratchet-tie-down\/#breadcrumb"},"inLanguage":"fr-CA","potentialAction":[{"@type":"ReadAction","target":["https:\/\/ksproducts.ca\/product\/4pc-1-25x16ft-ratchet-tie-down\/"]}]},{"@type":"ImageObject","inLanguage":"fr-CA","@id":"https:\/\/ksproducts.ca\/product\/4pc-1-25x16ft-ratchet-tie-down\/#primaryimage","url":"https:\/\/ksproducts.ca\/wp-content\/uploads\/2022\/05\/b07bhv6xsp.main_1800x1800.jpg.png","contentUrl":"https:\/\/ksproducts.ca\/wp-content\/uploads\/2022\/05\/b07bhv6xsp.main_1800x1800.jpg.png","width":800,"height":800,"caption":"b07bhv6xsp.main 1800x1800.jpg"},{"@type":"BreadcrumbList","@id":"https:\/\/ksproducts.ca\/product\/4pc-1-25x16ft-ratchet-tie-down\/#breadcrumb","itemListElement":[{"@type":"ListItem","position":1,"name":"Home","item":"https:\/\/ksproducts.ca\/"},{"@type":"ListItem","position":2,"name":"Shop","item":"https:\/\/ksproducts.ca\/shop\/"},{"@type":"ListItem","position":3,"name":"4PC 1.25&#8243;X16FT RATCHET TIE DOWN"}]},{"@type":"WebSite","@id":"https:\/\/ksproducts.ca\/#website","url":"https:\/\/ksproducts.ca\/","name":"Produits Ks","description":"Cuisiner et vivre en plein air, c'est facile au Canada","publisher":{"@id":"https:\/\/ksproducts.ca\/#organization"},"potentialAction":[{"@type":"SearchAction","target":{"@type":"EntryPoint","urlTemplate":"https:\/\/ksproducts.ca\/?s={search_term_string}"},"query-input":{"@type":"PropertyValueSpecification","valueRequired":true,"valueName":"search_term_string"}}],"inLanguage":"fr-CA"},{"@type":"Organization","@id":"https:\/\/ksproducts.ca\/#organization","name":"Produits Ks","url":"https:\/\/ksproducts.ca\/","logo":{"@type":"ImageObject","inLanguage":"fr-CA","@id":"https:\/\/ksproducts.ca\/#\/schema\/logo\/image\/","url":"https:\/\/ksproducts.ca\/wp-content\/uploads\/2023\/09\/Kennedy-Sales-Logo-header-1.png","contentUrl":"https:\/\/ksproducts.ca\/wp-content\/uploads\/2023\/09\/Kennedy-Sales-Logo-header-1.png","width":150,"height":77,"caption":"Ks Products"},"image":{"@id":"https:\/\/ksproducts.ca\/#\/schema\/logo\/image\/"}}]}},"_links":{"self":[{"href":"https:\/\/ksproducts.ca\/fr\/wp-json\/wp\/v2\/product\/4083","targetHints":{"allow":["GET"]}}],"collection":[{"href":"https:\/\/ksproducts.ca\/fr\/wp-json\/wp\/v2\/product"}],"about":[{"href":"https:\/\/ksproducts.ca\/fr\/wp-json\/wp\/v2\/types\/product"}],"replies":[{"embeddable":true,"href":"https:\/\/ksproducts.ca\/fr\/wp-json\/wp\/v2\/comments?post=4083"}],"version-history":[{"count":1,"href":"https:\/\/ksproducts.ca\/fr\/wp-json\/wp\/v2\/product\/4083\/revisions"}],"predecessor-version":[{"id":10210,"href":"https:\/\/ksproducts.ca\/fr\/wp-json\/wp\/v2\/product\/4083\/revisions\/10210"}],"wp:featuredmedia":[{"embeddable":true,"href":"https:\/\/ksproducts.ca\/fr\/wp-json\/wp\/v2\/media\/4163"}],"wp:attachment":[{"href":"https:\/\/ksproducts.ca\/fr\/wp-json\/wp\/v2\/media?parent=4083"}],"wp:term":[{"taxonomy":"product_cat","embeddable":true,"href":"https:\/\/ksproducts.ca\/fr\/wp-json\/wp\/v2\/product_cat?post=4083"},{"taxonomy":"product_tag","embeddable":true,"href":"https:\/\/ksproducts.ca\/fr\/wp-json\/wp\/v2\/product_tag?post=4083"}],"curies":[{"name":"wp","href":"https:\/\/api.w.org\/{rel}","templated":true}]}}