{"id":4219,"date":"2022-05-25T15:10:56","date_gmt":"2022-05-25T15:10:56","guid":{"rendered":"http:\/\/localhost\/wordpress\/?post_type=product&#038;p=4219"},"modified":"2026-04-16T02:01:39","modified_gmt":"2026-04-16T02:01:39","slug":"ifetch-aussi","status":"publish","type":"product","link":"https:\/\/ksproducts.ca\/fr\/product\/ifetch-too\/","title":{"rendered":"iFetch Too"},"content":{"rendered":"<p>\u00c0 la demande g\u00e9n\u00e9rale, l'iFetch Too est un lanceur de balles interactif, \u00e0 la demande, qui permet aux chiens de grande race et \u00e0 leurs ma\u00eetres de s'amuser ensemble.<\/p>\n<div>\n<ul>\n<li>Parfait pour l'int\u00e9rieur ou l'ext\u00e9rieur.<\/li>\n<li>Lance la balle \u00e0 10, 25 ou 40 pieds.<\/li>\n<li>Il est facile de passer de l'une \u00e0 l'autre de ces trois distances ou de s\u00e9lectionner le r\u00e9glage variable pour laisser votre chiot dans l'expectative.<\/li>\n<li>Les balles iFetch Too \u201cTuff\u201d ont un diam\u00e8tre de 2,5 pouces. Elles sont feutr\u00e9es comme des balles de tennis, mais elles sont con\u00e7ues pour les chiens et ne sont pas abrasives pour leurs dents.<\/li>\n<li>Les balles de tennis standard fonctionnent tr\u00e8s bien, et n'importe quelle balle de cette taille devrait faire l'affaire.<\/li>\n<li>L'iFetch Too est \u00e9quip\u00e9 d'une batterie rechargeable int\u00e9gr\u00e9e pour une meilleure portabilit\u00e9.<\/li>\n<li>Lorsque vous achetez l'iFetch Too, il est livr\u00e9 avec trois balles et un chargeur CA pour 110 et 220 volts.<\/li>\n<\/ul>\n<h3 data-fontsize=\"20\" data-lineheight=\"36\">POLITIQUE DE RETOUR ET D'\u00c9CHANGE :<\/h3>\n<p>Si vous n'\u00eates pas satisfait, pour quelque raison que ce soit, du produit achet\u00e9 aupr\u00e8s d'iFetch, vous pouvez l'\u00e9changer contre un produit de remplacement ou le retourner pour un remboursement du prix d'achat (hors frais d'exp\u00e9dition) moins 15% de frais de restockage, dans les deux cas, dans un d\u00e9lai de trente (30) jours \u00e0 compter de la date de r\u00e9ception du produit aupr\u00e8s d'iFetch ou de son revendeur agr\u00e9\u00e9. Les produits retourn\u00e9s \u00e0 iFetch pour \u00e9change ou remboursement doivent \u00eatre dans leur \u00e9tat d'origine, \u00e0 l'exception de l'usure normale, et envoy\u00e9s au Centre d'assistance \u00e0 la client\u00e8le d'iFetch \u00e0 l'adresse fournie ci-dessous sous \u201cGarantie des produits\u201d, avec les frais d'exp\u00e9dition pr\u00e9pay\u00e9s, les produits emball\u00e9s de mani\u00e8re appropri\u00e9e pour un envoi s\u00fbr et il est recommand\u00e9 qu'ils soient assur\u00e9s ou envoy\u00e9s par une m\u00e9thode qui permet le suivi du colis. La responsabilit\u00e9 de la perte ou du dommage n'est pas transf\u00e9r\u00e9e \u00e0 iFetch tant que l'article retourn\u00e9 n'a pas \u00e9t\u00e9 re\u00e7u par iFetch. iFetch peut refuser de proc\u00e9der \u00e0 un \u00e9change ou \u00e0 un remboursement pour tout produit endommag\u00e9 pour l'une des raisons ou dans l'une des conditions \u00e9nonc\u00e9es ci-dessous dans la section \u201cExclusions de la garantie\u201d.<\/p>\n<h1 data-fontsize=\"50\" data-lineheight=\"75\">Garantie limit\u00e9e et limitation de responsabilit\u00e9<\/h1>\n<h3 data-fontsize=\"20\" data-lineheight=\"36\">LA GARANTIE DU PRODUIT :<\/h3>\n<p>iFetch garantit \u00e0 l'acheteur de ce produit (\u201cClient\u201d) que ce produit sera exempt de tout d\u00e9faut de mat\u00e9riel ou de fabrication, dans des conditions normales d'utilisation, pendant une p\u00e9riode de six (6) mois \u00e0 compter de la date de r\u00e9ception du produit par le Client aupr\u00e8s d'iFetch ou de son revendeur agr\u00e9\u00e9. La garantie du produit n'est pas transf\u00e9rable et prendra automatiquement fin si le client revend ou transf\u00e8re le produit. La preuve d'achat doit \u00eatre fournie par le client au centre d'assistance \u00e0 la client\u00e8le d'iFetch avant qu'une r\u00e9clamation au titre de la garantie ne puisse \u00eatre honor\u00e9e.<\/p>\n<h3 data-fontsize=\"20\" data-lineheight=\"36\">EXCLUSIONS DE LA GARANTIE :<\/h3>\n<p>iFetch ne sera pas responsable au titre de cette garantie limit\u00e9e si ses tests et examens r\u00e9v\u00e8lent que le d\u00e9faut ou le dysfonctionnement pr\u00e9sum\u00e9 du produit n'existe pas ou n'est pas d\u00fb \u00e0 :<\/p>\n<ul>\n<li>Non-respect des instructions d'utilisation et d'entretien de l'iFetch ;<\/li>\n<li>Modification non autoris\u00e9e du produit ;<\/li>\n<li>Conditions m\u00e9t\u00e9orologiques ;<\/li>\n<li>Les dommages caus\u00e9s au produit par tout animal ;<\/li>\n<li>Abus, mauvaise utilisation, actes de n\u00e9gligence ou omissions du client et\/ou des personnes sous son contr\u00f4le ; ou<\/li>\n<li>Le fait de tiers, les cas de force majeure, les accidents, les incendies ou d'autres risques.<\/li>\n<\/ul>\n<\/div>","protected":false},"excerpt":{"rendered":"<h3>Parce que les grands chiens aiment aussi jouer \u00e0 la balle.<\/h3>\n<p><i>Tout ce que vous aimiez dans le lanceur de balles automatique prim\u00e9 - maintenant des balles plus grosses !<\/i><\/p>","protected":false},"featured_media":4228,"comment_status":"open","ping_status":"closed","template":"","meta":[],"product_cat":[424],"product_tag":[],"class_list":{"0":"post-4219","1":"product","2":"type-product","3":"status-publish","4":"has-post-thumbnail","6":"product_cat-pets","7":"product_shipping_class-class-3","9":"first","10":"instock","11":"taxable","12":"shipping-taxable","13":"purchasable","14":"product-type-simple"},"yoast_head":"<!-- This site is optimized with the Yoast SEO plugin v27.4 - https:\/\/yoast.com\/product\/yoast-seo-wordpress\/ -->\n<title>iFetch Too - Ks Products<\/title>\n<meta name=\"robots\" content=\"index, follow, max-snippet:-1, max-image-preview:large, max-video-preview:-1\" \/>\n<link rel=\"canonical\" href=\"https:\/\/ksproducts.ca\/fr\/product\/ifetch-aussi\/\" \/>\n<meta property=\"og:locale\" content=\"fr_CA\" \/>\n<meta property=\"og:type\" content=\"article\" \/>\n<meta property=\"og:title\" content=\"iFetch Too - Ks Products\" \/>\n<meta property=\"og:description\" content=\"Because big dogs love playing fetch too. Everything you loved about the award winning, automatic ball launcher \u2013 now launches bigger balls!\" \/>\n<meta property=\"og:url\" content=\"https:\/\/ksproducts.ca\/fr\/product\/ifetch-aussi\/\" \/>\n<meta property=\"og:site_name\" content=\"Ks Products\" \/>\n<meta property=\"article:modified_time\" content=\"2026-04-16T02:01:39+00:00\" \/>\n<meta property=\"og:image\" content=\"https:\/\/ksproducts.ca\/wp-content\/uploads\/2022\/05\/ifetch-too-jpg.webp\" \/>\n\t<meta property=\"og:image:width\" content=\"1419\" \/>\n\t<meta property=\"og:image:height\" content=\"918\" \/>\n\t<meta property=\"og:image:type\" content=\"image\/jpeg\" \/>\n<meta name=\"twitter:card\" content=\"summary_large_image\" \/>\n<meta name=\"twitter:label1\" content=\"Estimation du temps de lecture\" \/>\n\t<meta name=\"twitter:data1\" content=\"3 minutes\" \/>\n<script type=\"application\/ld+json\" class=\"yoast-schema-graph\">{\"@context\":\"https:\\\/\\\/schema.org\",\"@graph\":[{\"@type\":\"WebPage\",\"@id\":\"https:\\\/\\\/ksproducts.ca\\\/product\\\/ifetch-too\\\/\",\"url\":\"https:\\\/\\\/ksproducts.ca\\\/product\\\/ifetch-too\\\/\",\"name\":\"iFetch Too - Ks Products\",\"isPartOf\":{\"@id\":\"https:\\\/\\\/ksproducts.ca\\\/#website\"},\"primaryImageOfPage\":{\"@id\":\"https:\\\/\\\/ksproducts.ca\\\/product\\\/ifetch-too\\\/#primaryimage\"},\"image\":{\"@id\":\"https:\\\/\\\/ksproducts.ca\\\/product\\\/ifetch-too\\\/#primaryimage\"},\"thumbnailUrl\":\"https:\\\/\\\/ksproducts.ca\\\/wp-content\\\/uploads\\\/2022\\\/05\\\/ifetch-too-jpg.webp\",\"datePublished\":\"2022-05-25T15:10:56+00:00\",\"dateModified\":\"2026-04-16T02:01:39+00:00\",\"breadcrumb\":{\"@id\":\"https:\\\/\\\/ksproducts.ca\\\/product\\\/ifetch-too\\\/#breadcrumb\"},\"inLanguage\":\"fr-CA\",\"potentialAction\":[{\"@type\":\"ReadAction\",\"target\":[\"https:\\\/\\\/ksproducts.ca\\\/product\\\/ifetch-too\\\/\"]}]},{\"@type\":\"ImageObject\",\"inLanguage\":\"fr-CA\",\"@id\":\"https:\\\/\\\/ksproducts.ca\\\/product\\\/ifetch-too\\\/#primaryimage\",\"url\":\"https:\\\/\\\/ksproducts.ca\\\/wp-content\\\/uploads\\\/2022\\\/05\\\/ifetch-too-jpg.webp\",\"contentUrl\":\"https:\\\/\\\/ksproducts.ca\\\/wp-content\\\/uploads\\\/2022\\\/05\\\/ifetch-too-jpg.webp\",\"width\":1419,\"height\":918,\"caption\":\"ifetch too jpg\"},{\"@type\":\"BreadcrumbList\",\"@id\":\"https:\\\/\\\/ksproducts.ca\\\/product\\\/ifetch-too\\\/#breadcrumb\",\"itemListElement\":[{\"@type\":\"ListItem\",\"position\":1,\"name\":\"Home\",\"item\":\"https:\\\/\\\/ksproducts.ca\\\/\"},{\"@type\":\"ListItem\",\"position\":2,\"name\":\"Shop\",\"item\":\"https:\\\/\\\/ksproducts.ca\\\/shop\\\/\"},{\"@type\":\"ListItem\",\"position\":3,\"name\":\"iFetch Too\"}]},{\"@type\":\"WebSite\",\"@id\":\"https:\\\/\\\/ksproducts.ca\\\/#website\",\"url\":\"https:\\\/\\\/ksproducts.ca\\\/\",\"name\":\"Ks Products\",\"description\":\"Outdoor cooking and living, made easy in Canada\",\"publisher\":{\"@id\":\"https:\\\/\\\/ksproducts.ca\\\/#organization\"},\"potentialAction\":[{\"@type\":\"SearchAction\",\"target\":{\"@type\":\"EntryPoint\",\"urlTemplate\":\"https:\\\/\\\/ksproducts.ca\\\/?s={search_term_string}\"},\"query-input\":{\"@type\":\"PropertyValueSpecification\",\"valueRequired\":true,\"valueName\":\"search_term_string\"}}],\"inLanguage\":\"fr-CA\"},{\"@type\":\"Organization\",\"@id\":\"https:\\\/\\\/ksproducts.ca\\\/#organization\",\"name\":\"Ks Products\",\"url\":\"https:\\\/\\\/ksproducts.ca\\\/\",\"logo\":{\"@type\":\"ImageObject\",\"inLanguage\":\"fr-CA\",\"@id\":\"https:\\\/\\\/ksproducts.ca\\\/#\\\/schema\\\/logo\\\/image\\\/\",\"url\":\"https:\\\/\\\/ksproducts.ca\\\/wp-content\\\/uploads\\\/2023\\\/09\\\/Kennedy-Sales-Logo-header-1.png\",\"contentUrl\":\"https:\\\/\\\/ksproducts.ca\\\/wp-content\\\/uploads\\\/2023\\\/09\\\/Kennedy-Sales-Logo-header-1.png\",\"width\":150,\"height\":77,\"caption\":\"Ks Products\"},\"image\":{\"@id\":\"https:\\\/\\\/ksproducts.ca\\\/#\\\/schema\\\/logo\\\/image\\\/\"}}]}<\/script>\n<!-- \/ Yoast SEO plugin. -->","yoast_head_json":{"title":"iFetch Too - Ks Products","robots":{"index":"index","follow":"follow","max-snippet":"max-snippet:-1","max-image-preview":"max-image-preview:large","max-video-preview":"max-video-preview:-1"},"canonical":"https:\/\/ksproducts.ca\/fr\/product\/ifetch-aussi\/","og_locale":"fr_CA","og_type":"article","og_title":"iFetch Too - Ks Products","og_description":"Because big dogs love playing fetch too. Everything you loved about the award winning, automatic ball launcher \u2013 now launches bigger balls!","og_url":"https:\/\/ksproducts.ca\/fr\/product\/ifetch-aussi\/","og_site_name":"Ks Products","article_modified_time":"2026-04-16T02:01:39+00:00","og_image":[{"width":1419,"height":918,"url":"https:\/\/ksproducts.ca\/wp-content\/uploads\/2022\/05\/ifetch-too-jpg.webp","type":"image\/jpeg"}],"twitter_card":"summary_large_image","twitter_misc":{"Estimation du temps de lecture":"3 minutes"},"schema":{"@context":"https:\/\/schema.org","@graph":[{"@type":"WebPage","@id":"https:\/\/ksproducts.ca\/product\/ifetch-too\/","url":"https:\/\/ksproducts.ca\/product\/ifetch-too\/","name":"iFetch Too - Ks Products","isPartOf":{"@id":"https:\/\/ksproducts.ca\/#website"},"primaryImageOfPage":{"@id":"https:\/\/ksproducts.ca\/product\/ifetch-too\/#primaryimage"},"image":{"@id":"https:\/\/ksproducts.ca\/product\/ifetch-too\/#primaryimage"},"thumbnailUrl":"https:\/\/ksproducts.ca\/wp-content\/uploads\/2022\/05\/ifetch-too-jpg.webp","datePublished":"2022-05-25T15:10:56+00:00","dateModified":"2026-04-16T02:01:39+00:00","breadcrumb":{"@id":"https:\/\/ksproducts.ca\/product\/ifetch-too\/#breadcrumb"},"inLanguage":"fr-CA","potentialAction":[{"@type":"ReadAction","target":["https:\/\/ksproducts.ca\/product\/ifetch-too\/"]}]},{"@type":"ImageObject","inLanguage":"fr-CA","@id":"https:\/\/ksproducts.ca\/product\/ifetch-too\/#primaryimage","url":"https:\/\/ksproducts.ca\/wp-content\/uploads\/2022\/05\/ifetch-too-jpg.webp","contentUrl":"https:\/\/ksproducts.ca\/wp-content\/uploads\/2022\/05\/ifetch-too-jpg.webp","width":1419,"height":918,"caption":"ifetch too jpg"},{"@type":"BreadcrumbList","@id":"https:\/\/ksproducts.ca\/product\/ifetch-too\/#breadcrumb","itemListElement":[{"@type":"ListItem","position":1,"name":"Home","item":"https:\/\/ksproducts.ca\/"},{"@type":"ListItem","position":2,"name":"Shop","item":"https:\/\/ksproducts.ca\/shop\/"},{"@type":"ListItem","position":3,"name":"iFetch Too"}]},{"@type":"WebSite","@id":"https:\/\/ksproducts.ca\/#website","url":"https:\/\/ksproducts.ca\/","name":"Produits Ks","description":"Cuisiner et vivre en plein air, c'est facile au Canada","publisher":{"@id":"https:\/\/ksproducts.ca\/#organization"},"potentialAction":[{"@type":"SearchAction","target":{"@type":"EntryPoint","urlTemplate":"https:\/\/ksproducts.ca\/?s={search_term_string}"},"query-input":{"@type":"PropertyValueSpecification","valueRequired":true,"valueName":"search_term_string"}}],"inLanguage":"fr-CA"},{"@type":"Organization","@id":"https:\/\/ksproducts.ca\/#organization","name":"Produits Ks","url":"https:\/\/ksproducts.ca\/","logo":{"@type":"ImageObject","inLanguage":"fr-CA","@id":"https:\/\/ksproducts.ca\/#\/schema\/logo\/image\/","url":"https:\/\/ksproducts.ca\/wp-content\/uploads\/2023\/09\/Kennedy-Sales-Logo-header-1.png","contentUrl":"https:\/\/ksproducts.ca\/wp-content\/uploads\/2023\/09\/Kennedy-Sales-Logo-header-1.png","width":150,"height":77,"caption":"Ks Products"},"image":{"@id":"https:\/\/ksproducts.ca\/#\/schema\/logo\/image\/"}}]}},"_links":{"self":[{"href":"https:\/\/ksproducts.ca\/fr\/wp-json\/wp\/v2\/product\/4219","targetHints":{"allow":["GET"]}}],"collection":[{"href":"https:\/\/ksproducts.ca\/fr\/wp-json\/wp\/v2\/product"}],"about":[{"href":"https:\/\/ksproducts.ca\/fr\/wp-json\/wp\/v2\/types\/product"}],"replies":[{"embeddable":true,"href":"https:\/\/ksproducts.ca\/fr\/wp-json\/wp\/v2\/comments?post=4219"}],"version-history":[{"count":1,"href":"https:\/\/ksproducts.ca\/fr\/wp-json\/wp\/v2\/product\/4219\/revisions"}],"predecessor-version":[{"id":10050,"href":"https:\/\/ksproducts.ca\/fr\/wp-json\/wp\/v2\/product\/4219\/revisions\/10050"}],"wp:featuredmedia":[{"embeddable":true,"href":"https:\/\/ksproducts.ca\/fr\/wp-json\/wp\/v2\/media\/4228"}],"wp:attachment":[{"href":"https:\/\/ksproducts.ca\/fr\/wp-json\/wp\/v2\/media?parent=4219"}],"wp:term":[{"taxonomy":"product_cat","embeddable":true,"href":"https:\/\/ksproducts.ca\/fr\/wp-json\/wp\/v2\/product_cat?post=4219"},{"taxonomy":"product_tag","embeddable":true,"href":"https:\/\/ksproducts.ca\/fr\/wp-json\/wp\/v2\/product_tag?post=4219"}],"curies":[{"name":"wp","href":"https:\/\/api.w.org\/{rel}","templated":true}]}}