{"id":4220,"date":"2022-05-25T15:10:56","date_gmt":"2022-05-25T15:10:56","guid":{"rendered":"http:\/\/localhost\/wordpress\/?post_type=product&#038;p=4220"},"modified":"2025-09-17T19:18:29","modified_gmt":"2025-09-17T19:18:29","slug":"extra-ifetch-too-tuff-balls-large","status":"publish","type":"product","link":"https:\/\/ksproducts.ca\/fr\/product\/extra-ifetch-too-tuff-balls-large\/","title":{"rendered":"EXTRA IFETCH TOO \u201cTUFF\u201d BALLS (LARGE)"},"content":{"rendered":"<h4>Procurez-vous d'autres balles iFetch Too \u201cTuff\u201d pour vous amuser encore plus !<\/h4>\n<ul>\n<li>Une commande de balles iFetch Too \u201cTuff\u201d comprend 3 balles.<\/li>\n<li>Les balles iFetch Too sont fabriqu\u00e9es pour fonctionner de mani\u00e8re optimale avec le lanceur de balles iFetch Too.<\/li>\n<li>Les balles iFetch ont un diam\u00e8tre de 2,5\u2033 (64 mm).<\/li>\n<li>A utiliser avec des chiens de taille moyenne \u00e0 grande. La surveillance du propri\u00e9taire est recommand\u00e9e.<\/li>\n<li>Des boules similaires (64 mm ou 2,5\u2033 de diam\u00e8tre) conviendront.<\/li>\n<li>Certaines balles, m\u00eame si elles sont de la bonne taille, ne fonctionnent pas ou peuvent \u00eatre dangereuses lorsqu'elles sont lanc\u00e9es.<\/li>\n<li>Certains chiens bavent plus que d'autres. Si votre chien est un gros baveux, l'iFetch peut n\u00e9cessiter d'essuyer les balles de temps en temps.<\/li>\n<\/ul>","protected":false},"excerpt":{"rendered":"<h3>Un pack de trois balles iFetch Too suppl\u00e9mentaires pour plus de plaisir \u00e0 rapporter.<\/h3>\n<p><i>3 x 2.5\u2033 (64mm) balles de taille standard con\u00e7ues pour fonctionner avec l'iFetch Too pour les chiens de grande taille.<\/i><\/p>","protected":false},"featured_media":4229,"comment_status":"open","ping_status":"closed","template":"","meta":[],"product_cat":[424],"product_tag":[],"class_list":{"0":"post-4220","1":"product","2":"type-product","3":"status-publish","4":"has-post-thumbnail","6":"product_cat-pets","7":"product_shipping_class-class-1","9":"first","10":"instock","11":"taxable","12":"shipping-taxable","13":"purchasable","14":"product-type-simple"},"yoast_head":"<!-- This site is optimized with the Yoast SEO plugin v27.4 - https:\/\/yoast.com\/product\/yoast-seo-wordpress\/ -->\n<title>EXTRA IFETCH TOO &quot;TUFF&quot; BALLS (LARGE) - Ks Products<\/title>\n<meta name=\"robots\" content=\"index, follow, max-snippet:-1, max-image-preview:large, max-video-preview:-1\" \/>\n<link rel=\"canonical\" href=\"https:\/\/ksproducts.ca\/fr\/product\/extra-ifetch-too-tuff-balls-large\/\" \/>\n<meta property=\"og:locale\" content=\"fr_CA\" \/>\n<meta property=\"og:type\" content=\"article\" \/>\n<meta property=\"og:title\" content=\"EXTRA IFETCH TOO &quot;TUFF&quot; BALLS (LARGE) - Ks Products\" \/>\n<meta property=\"og:description\" content=\"A three-pack of extra iFetch Too balls for more fetching fun3 x 2.5&quot; (64mm) standard size balls designed to work with the iFetch Too for larger dogs.\" \/>\n<meta property=\"og:url\" content=\"https:\/\/ksproducts.ca\/fr\/product\/extra-ifetch-too-tuff-balls-large\/\" \/>\n<meta property=\"og:site_name\" content=\"Ks Products\" \/>\n<meta property=\"article:modified_time\" content=\"2025-09-17T19:18:29+00:00\" \/>\n<meta property=\"og:image\" content=\"https:\/\/ksproducts.ca\/wp-content\/uploads\/2022\/05\/TOO-TUFF-BALLS-2-jpg.webp\" \/>\n\t<meta property=\"og:image:width\" content=\"958\" \/>\n\t<meta property=\"og:image:height\" content=\"765\" \/>\n\t<meta property=\"og:image:type\" content=\"image\/jpeg\" \/>\n<meta name=\"twitter:card\" content=\"summary_large_image\" \/>\n<meta name=\"twitter:label1\" content=\"Estimation du temps de lecture\" \/>\n\t<meta name=\"twitter:data1\" content=\"1 minute\" \/>\n<script type=\"application\/ld+json\" class=\"yoast-schema-graph\">{\"@context\":\"https:\\\/\\\/schema.org\",\"@graph\":[{\"@type\":\"WebPage\",\"@id\":\"https:\\\/\\\/ksproducts.ca\\\/product\\\/extra-ifetch-too-tuff-balls-large\\\/\",\"url\":\"https:\\\/\\\/ksproducts.ca\\\/product\\\/extra-ifetch-too-tuff-balls-large\\\/\",\"name\":\"EXTRA IFETCH TOO \\\"TUFF\\\" BALLS (LARGE) - Ks Products\",\"isPartOf\":{\"@id\":\"https:\\\/\\\/ksproducts.ca\\\/#website\"},\"primaryImageOfPage\":{\"@id\":\"https:\\\/\\\/ksproducts.ca\\\/product\\\/extra-ifetch-too-tuff-balls-large\\\/#primaryimage\"},\"image\":{\"@id\":\"https:\\\/\\\/ksproducts.ca\\\/product\\\/extra-ifetch-too-tuff-balls-large\\\/#primaryimage\"},\"thumbnailUrl\":\"https:\\\/\\\/ksproducts.ca\\\/wp-content\\\/uploads\\\/2022\\\/05\\\/TOO-TUFF-BALLS-2-jpg.webp\",\"datePublished\":\"2022-05-25T15:10:56+00:00\",\"dateModified\":\"2025-09-17T19:18:29+00:00\",\"breadcrumb\":{\"@id\":\"https:\\\/\\\/ksproducts.ca\\\/product\\\/extra-ifetch-too-tuff-balls-large\\\/#breadcrumb\"},\"inLanguage\":\"fr-CA\",\"potentialAction\":[{\"@type\":\"ReadAction\",\"target\":[\"https:\\\/\\\/ksproducts.ca\\\/product\\\/extra-ifetch-too-tuff-balls-large\\\/\"]}]},{\"@type\":\"ImageObject\",\"inLanguage\":\"fr-CA\",\"@id\":\"https:\\\/\\\/ksproducts.ca\\\/product\\\/extra-ifetch-too-tuff-balls-large\\\/#primaryimage\",\"url\":\"https:\\\/\\\/ksproducts.ca\\\/wp-content\\\/uploads\\\/2022\\\/05\\\/TOO-TUFF-BALLS-2-jpg.webp\",\"contentUrl\":\"https:\\\/\\\/ksproducts.ca\\\/wp-content\\\/uploads\\\/2022\\\/05\\\/TOO-TUFF-BALLS-2-jpg.webp\",\"width\":958,\"height\":765,\"caption\":\"TOO TUFF BALLS 2 jpg\"},{\"@type\":\"BreadcrumbList\",\"@id\":\"https:\\\/\\\/ksproducts.ca\\\/product\\\/extra-ifetch-too-tuff-balls-large\\\/#breadcrumb\",\"itemListElement\":[{\"@type\":\"ListItem\",\"position\":1,\"name\":\"Home\",\"item\":\"https:\\\/\\\/ksproducts.ca\\\/\"},{\"@type\":\"ListItem\",\"position\":2,\"name\":\"Shop\",\"item\":\"https:\\\/\\\/ksproducts.ca\\\/shop\\\/\"},{\"@type\":\"ListItem\",\"position\":3,\"name\":\"EXTRA IFETCH TOO &#8220;TUFF&#8221; BALLS (LARGE)\"}]},{\"@type\":\"WebSite\",\"@id\":\"https:\\\/\\\/ksproducts.ca\\\/#website\",\"url\":\"https:\\\/\\\/ksproducts.ca\\\/\",\"name\":\"Ks Products\",\"description\":\"Outdoor cooking and living, made easy in Canada\",\"publisher\":{\"@id\":\"https:\\\/\\\/ksproducts.ca\\\/#organization\"},\"potentialAction\":[{\"@type\":\"SearchAction\",\"target\":{\"@type\":\"EntryPoint\",\"urlTemplate\":\"https:\\\/\\\/ksproducts.ca\\\/?s={search_term_string}\"},\"query-input\":{\"@type\":\"PropertyValueSpecification\",\"valueRequired\":true,\"valueName\":\"search_term_string\"}}],\"inLanguage\":\"fr-CA\"},{\"@type\":\"Organization\",\"@id\":\"https:\\\/\\\/ksproducts.ca\\\/#organization\",\"name\":\"Ks Products\",\"url\":\"https:\\\/\\\/ksproducts.ca\\\/\",\"logo\":{\"@type\":\"ImageObject\",\"inLanguage\":\"fr-CA\",\"@id\":\"https:\\\/\\\/ksproducts.ca\\\/#\\\/schema\\\/logo\\\/image\\\/\",\"url\":\"https:\\\/\\\/ksproducts.ca\\\/wp-content\\\/uploads\\\/2023\\\/09\\\/Kennedy-Sales-Logo-header-1.png\",\"contentUrl\":\"https:\\\/\\\/ksproducts.ca\\\/wp-content\\\/uploads\\\/2023\\\/09\\\/Kennedy-Sales-Logo-header-1.png\",\"width\":150,\"height\":77,\"caption\":\"Ks Products\"},\"image\":{\"@id\":\"https:\\\/\\\/ksproducts.ca\\\/#\\\/schema\\\/logo\\\/image\\\/\"}}]}<\/script>\n<!-- \/ Yoast SEO plugin. -->","yoast_head_json":{"title":"BOULES EXTRA IFETCH TOO \"TUFF\" (LARGE) - Ks Products","robots":{"index":"index","follow":"follow","max-snippet":"max-snippet:-1","max-image-preview":"max-image-preview:large","max-video-preview":"max-video-preview:-1"},"canonical":"https:\/\/ksproducts.ca\/fr\/product\/extra-ifetch-too-tuff-balls-large\/","og_locale":"fr_CA","og_type":"article","og_title":"EXTRA IFETCH TOO \"TUFF\" BALLS (LARGE) - Ks Products","og_description":"A three-pack of extra iFetch Too balls for more fetching fun3 x 2.5\" (64mm) standard size balls designed to work with the iFetch Too for larger dogs.","og_url":"https:\/\/ksproducts.ca\/fr\/product\/extra-ifetch-too-tuff-balls-large\/","og_site_name":"Ks Products","article_modified_time":"2025-09-17T19:18:29+00:00","og_image":[{"width":958,"height":765,"url":"https:\/\/ksproducts.ca\/wp-content\/uploads\/2022\/05\/TOO-TUFF-BALLS-2-jpg.webp","type":"image\/jpeg"}],"twitter_card":"summary_large_image","twitter_misc":{"Estimation du temps de lecture":"1 minute"},"schema":{"@context":"https:\/\/schema.org","@graph":[{"@type":"WebPage","@id":"https:\/\/ksproducts.ca\/product\/extra-ifetch-too-tuff-balls-large\/","url":"https:\/\/ksproducts.ca\/product\/extra-ifetch-too-tuff-balls-large\/","name":"BOULES EXTRA IFETCH TOO \"TUFF\" (LARGE) - Ks Products","isPartOf":{"@id":"https:\/\/ksproducts.ca\/#website"},"primaryImageOfPage":{"@id":"https:\/\/ksproducts.ca\/product\/extra-ifetch-too-tuff-balls-large\/#primaryimage"},"image":{"@id":"https:\/\/ksproducts.ca\/product\/extra-ifetch-too-tuff-balls-large\/#primaryimage"},"thumbnailUrl":"https:\/\/ksproducts.ca\/wp-content\/uploads\/2022\/05\/TOO-TUFF-BALLS-2-jpg.webp","datePublished":"2022-05-25T15:10:56+00:00","dateModified":"2025-09-17T19:18:29+00:00","breadcrumb":{"@id":"https:\/\/ksproducts.ca\/product\/extra-ifetch-too-tuff-balls-large\/#breadcrumb"},"inLanguage":"fr-CA","potentialAction":[{"@type":"ReadAction","target":["https:\/\/ksproducts.ca\/product\/extra-ifetch-too-tuff-balls-large\/"]}]},{"@type":"ImageObject","inLanguage":"fr-CA","@id":"https:\/\/ksproducts.ca\/product\/extra-ifetch-too-tuff-balls-large\/#primaryimage","url":"https:\/\/ksproducts.ca\/wp-content\/uploads\/2022\/05\/TOO-TUFF-BALLS-2-jpg.webp","contentUrl":"https:\/\/ksproducts.ca\/wp-content\/uploads\/2022\/05\/TOO-TUFF-BALLS-2-jpg.webp","width":958,"height":765,"caption":"TOO TUFF BALLS 2 jpg"},{"@type":"BreadcrumbList","@id":"https:\/\/ksproducts.ca\/product\/extra-ifetch-too-tuff-balls-large\/#breadcrumb","itemListElement":[{"@type":"ListItem","position":1,"name":"Home","item":"https:\/\/ksproducts.ca\/"},{"@type":"ListItem","position":2,"name":"Shop","item":"https:\/\/ksproducts.ca\/shop\/"},{"@type":"ListItem","position":3,"name":"EXTRA IFETCH TOO &#8220;TUFF&#8221; BALLS (LARGE)"}]},{"@type":"WebSite","@id":"https:\/\/ksproducts.ca\/#website","url":"https:\/\/ksproducts.ca\/","name":"Produits Ks","description":"Cuisiner et vivre en plein air, c'est facile au Canada","publisher":{"@id":"https:\/\/ksproducts.ca\/#organization"},"potentialAction":[{"@type":"SearchAction","target":{"@type":"EntryPoint","urlTemplate":"https:\/\/ksproducts.ca\/?s={search_term_string}"},"query-input":{"@type":"PropertyValueSpecification","valueRequired":true,"valueName":"search_term_string"}}],"inLanguage":"fr-CA"},{"@type":"Organization","@id":"https:\/\/ksproducts.ca\/#organization","name":"Produits Ks","url":"https:\/\/ksproducts.ca\/","logo":{"@type":"ImageObject","inLanguage":"fr-CA","@id":"https:\/\/ksproducts.ca\/#\/schema\/logo\/image\/","url":"https:\/\/ksproducts.ca\/wp-content\/uploads\/2023\/09\/Kennedy-Sales-Logo-header-1.png","contentUrl":"https:\/\/ksproducts.ca\/wp-content\/uploads\/2023\/09\/Kennedy-Sales-Logo-header-1.png","width":150,"height":77,"caption":"Ks Products"},"image":{"@id":"https:\/\/ksproducts.ca\/#\/schema\/logo\/image\/"}}]}},"_links":{"self":[{"href":"https:\/\/ksproducts.ca\/fr\/wp-json\/wp\/v2\/product\/4220","targetHints":{"allow":["GET"]}}],"collection":[{"href":"https:\/\/ksproducts.ca\/fr\/wp-json\/wp\/v2\/product"}],"about":[{"href":"https:\/\/ksproducts.ca\/fr\/wp-json\/wp\/v2\/types\/product"}],"replies":[{"embeddable":true,"href":"https:\/\/ksproducts.ca\/fr\/wp-json\/wp\/v2\/comments?post=4220"}],"version-history":[{"count":1,"href":"https:\/\/ksproducts.ca\/fr\/wp-json\/wp\/v2\/product\/4220\/revisions"}],"predecessor-version":[{"id":10056,"href":"https:\/\/ksproducts.ca\/fr\/wp-json\/wp\/v2\/product\/4220\/revisions\/10056"}],"wp:featuredmedia":[{"embeddable":true,"href":"https:\/\/ksproducts.ca\/fr\/wp-json\/wp\/v2\/media\/4229"}],"wp:attachment":[{"href":"https:\/\/ksproducts.ca\/fr\/wp-json\/wp\/v2\/media?parent=4220"}],"wp:term":[{"taxonomy":"product_cat","embeddable":true,"href":"https:\/\/ksproducts.ca\/fr\/wp-json\/wp\/v2\/product_cat?post=4220"},{"taxonomy":"product_tag","embeddable":true,"href":"https:\/\/ksproducts.ca\/fr\/wp-json\/wp\/v2\/product_tag?post=4220"}],"curies":[{"name":"wp","href":"https:\/\/api.w.org\/{rel}","templated":true}]}}