{"id":4225,"date":"2022-05-25T15:10:57","date_gmt":"2022-05-25T15:10:57","guid":{"rendered":"http:\/\/localhost\/wordpress\/?post_type=product&#038;p=4225"},"modified":"2025-09-17T19:16:00","modified_gmt":"2025-09-17T19:16:00","slug":"idig-go","status":"publish","type":"product","link":"https:\/\/ksproducts.ca\/fr\/product\/idig-go\/","title":{"rendered":"iDig Go"},"content":{"rendered":"<p><b>How It Works<\/b><\/p>\n<ul>\n<li>Load with toys or treats and watch your dog dig away for the treasure<\/li>\n<li>Different flap designs provide varying levels of digging challenges<\/li>\n<li>The <em>Stay<\/em> model has a durable, hardshell design<\/li>\n<\/ul>\n<p><b>Benefits<\/b><\/p>\n<ul>\n<li>Hours of physical and mental stimulation for dogs<\/li>\n<li>Positive outlet for dog\u2019s innate desire to dig<\/li>\n<\/ul>\n<p>[fusion_youtube id=&#8221;https:\/\/www.youtube.com\/watch?v=UcllAbTHBBU&#8221; alignment=&#8221;&#8221; width=&#8221;&#8221; height=&#8221;&#8221; autoplay=&#8221;false&#8221; api_params=&#8221;&#8221; hide_on_mobile=&#8221;small-visibility,medium-visibility,large-visibility&#8221; class=&#8221;&#8221; css_id=&#8221;&#8221;][\/fusion_youtube]<\/p>\n","protected":false},"excerpt":{"rendered":"<h4>Le tout premier jouet \u00e0 creuser pour les chiens !<\/h4>\n<p>La famille iFetch s'agrandit... et votre chien va adorer le nouveau iDig. Ce jouet r\u00e9volutionnaire se d\u00e9cline en deux mod\u00e8les diff\u00e9rents : Stay - une version compacte \u00e0 coque rigide ; et Go - une version souple en tissu. Dans les deux cas, votre chien va adorer ! <em>Les pr\u00e9commandes sont en cours et la livraison est pr\u00e9vue pour la mi-d\u00e9cembre 2018. Votre paiement sera encaiss\u00e9 d\u00e8s maintenant, puis nous vous enverrons votre iDig d\u00e8s qu'il sera disponible. <\/em><\/p>","protected":false},"featured_media":4238,"comment_status":"open","ping_status":"closed","template":"","meta":[],"product_cat":[424],"product_tag":[],"class_list":{"0":"post-4225","1":"product","2":"type-product","3":"status-publish","4":"has-post-thumbnail","6":"product_cat-pets","7":"product_shipping_class-class-3","9":"first","10":"outofstock","11":"taxable","12":"shipping-taxable","13":"purchasable","14":"product-type-simple"},"yoast_head":"<!-- This site is optimized with the Yoast SEO plugin v27.4 - https:\/\/yoast.com\/product\/yoast-seo-wordpress\/ -->\n<title>iDig Go - Ks Products<\/title>\n<meta name=\"robots\" content=\"index, follow, max-snippet:-1, max-image-preview:large, max-video-preview:-1\" \/>\n<link rel=\"canonical\" href=\"https:\/\/ksproducts.ca\/fr\/product\/idig-go\/\" \/>\n<meta property=\"og:locale\" content=\"fr_CA\" \/>\n<meta property=\"og:type\" content=\"article\" \/>\n<meta property=\"og:title\" content=\"iDig Go - Ks Products\" \/>\n<meta property=\"og:description\" content=\"The first ever digging toy for dogs! The iFetch family is growing\u2026 and your dog is going to love the new iDig. This revolutionary toy comes in two different models: Stay \u2013 a hardshell, compact version; and Go \u2013 a pop-up, flexible fabric version. Either way, your dog will dig it! Preorders are now being taken, with delivery anticipated in mid-December, 2018. Your payment will be collected now, and then we&#039;ll ship you your iDig as soon as it&#039;s available.\" \/>\n<meta property=\"og:url\" content=\"https:\/\/ksproducts.ca\/fr\/product\/idig-go\/\" \/>\n<meta property=\"og:site_name\" content=\"Ks Products\" \/>\n<meta property=\"article:modified_time\" content=\"2025-09-17T19:16:00+00:00\" \/>\n<meta property=\"og:image\" content=\"https:\/\/ksproducts.ca\/wp-content\/uploads\/2022\/05\/go-OG-jpg.webp\" \/>\n\t<meta property=\"og:image:width\" content=\"600\" \/>\n\t<meta property=\"og:image:height\" content=\"338\" \/>\n\t<meta property=\"og:image:type\" content=\"image\/jpeg\" \/>\n<meta name=\"twitter:card\" content=\"summary_large_image\" \/>\n<meta name=\"twitter:label1\" content=\"Estimation du temps de lecture\" \/>\n\t<meta name=\"twitter:data1\" content=\"1 minute\" \/>\n<script type=\"application\/ld+json\" class=\"yoast-schema-graph\">{\"@context\":\"https:\\\/\\\/schema.org\",\"@graph\":[{\"@type\":\"WebPage\",\"@id\":\"https:\\\/\\\/ksproducts.ca\\\/product\\\/idig-go\\\/\",\"url\":\"https:\\\/\\\/ksproducts.ca\\\/product\\\/idig-go\\\/\",\"name\":\"iDig Go - Ks Products\",\"isPartOf\":{\"@id\":\"https:\\\/\\\/ksproducts.ca\\\/#website\"},\"primaryImageOfPage\":{\"@id\":\"https:\\\/\\\/ksproducts.ca\\\/product\\\/idig-go\\\/#primaryimage\"},\"image\":{\"@id\":\"https:\\\/\\\/ksproducts.ca\\\/product\\\/idig-go\\\/#primaryimage\"},\"thumbnailUrl\":\"https:\\\/\\\/ksproducts.ca\\\/wp-content\\\/uploads\\\/2022\\\/05\\\/go-OG-jpg.webp\",\"datePublished\":\"2022-05-25T15:10:57+00:00\",\"dateModified\":\"2025-09-17T19:16:00+00:00\",\"breadcrumb\":{\"@id\":\"https:\\\/\\\/ksproducts.ca\\\/product\\\/idig-go\\\/#breadcrumb\"},\"inLanguage\":\"fr-CA\",\"potentialAction\":[{\"@type\":\"ReadAction\",\"target\":[\"https:\\\/\\\/ksproducts.ca\\\/product\\\/idig-go\\\/\"]}]},{\"@type\":\"ImageObject\",\"inLanguage\":\"fr-CA\",\"@id\":\"https:\\\/\\\/ksproducts.ca\\\/product\\\/idig-go\\\/#primaryimage\",\"url\":\"https:\\\/\\\/ksproducts.ca\\\/wp-content\\\/uploads\\\/2022\\\/05\\\/go-OG-jpg.webp\",\"contentUrl\":\"https:\\\/\\\/ksproducts.ca\\\/wp-content\\\/uploads\\\/2022\\\/05\\\/go-OG-jpg.webp\",\"width\":600,\"height\":338,\"caption\":\"go OG jpg\"},{\"@type\":\"BreadcrumbList\",\"@id\":\"https:\\\/\\\/ksproducts.ca\\\/product\\\/idig-go\\\/#breadcrumb\",\"itemListElement\":[{\"@type\":\"ListItem\",\"position\":1,\"name\":\"Home\",\"item\":\"https:\\\/\\\/ksproducts.ca\\\/\"},{\"@type\":\"ListItem\",\"position\":2,\"name\":\"Shop\",\"item\":\"https:\\\/\\\/ksproducts.ca\\\/shop\\\/\"},{\"@type\":\"ListItem\",\"position\":3,\"name\":\"iDig Go\"}]},{\"@type\":\"WebSite\",\"@id\":\"https:\\\/\\\/ksproducts.ca\\\/#website\",\"url\":\"https:\\\/\\\/ksproducts.ca\\\/\",\"name\":\"Ks Products\",\"description\":\"Outdoor cooking and living, made easy in Canada\",\"publisher\":{\"@id\":\"https:\\\/\\\/ksproducts.ca\\\/#organization\"},\"potentialAction\":[{\"@type\":\"SearchAction\",\"target\":{\"@type\":\"EntryPoint\",\"urlTemplate\":\"https:\\\/\\\/ksproducts.ca\\\/?s={search_term_string}\"},\"query-input\":{\"@type\":\"PropertyValueSpecification\",\"valueRequired\":true,\"valueName\":\"search_term_string\"}}],\"inLanguage\":\"fr-CA\"},{\"@type\":\"Organization\",\"@id\":\"https:\\\/\\\/ksproducts.ca\\\/#organization\",\"name\":\"Ks Products\",\"url\":\"https:\\\/\\\/ksproducts.ca\\\/\",\"logo\":{\"@type\":\"ImageObject\",\"inLanguage\":\"fr-CA\",\"@id\":\"https:\\\/\\\/ksproducts.ca\\\/#\\\/schema\\\/logo\\\/image\\\/\",\"url\":\"https:\\\/\\\/ksproducts.ca\\\/wp-content\\\/uploads\\\/2023\\\/09\\\/Kennedy-Sales-Logo-header-1.png\",\"contentUrl\":\"https:\\\/\\\/ksproducts.ca\\\/wp-content\\\/uploads\\\/2023\\\/09\\\/Kennedy-Sales-Logo-header-1.png\",\"width\":150,\"height\":77,\"caption\":\"Ks Products\"},\"image\":{\"@id\":\"https:\\\/\\\/ksproducts.ca\\\/#\\\/schema\\\/logo\\\/image\\\/\"}}]}<\/script>\n<!-- \/ Yoast SEO plugin. -->","yoast_head_json":{"title":"iDig Go - Produits Ks","robots":{"index":"index","follow":"follow","max-snippet":"max-snippet:-1","max-image-preview":"max-image-preview:large","max-video-preview":"max-video-preview:-1"},"canonical":"https:\/\/ksproducts.ca\/fr\/product\/idig-go\/","og_locale":"fr_CA","og_type":"article","og_title":"iDig Go - Ks Products","og_description":"The first ever digging toy for dogs! The iFetch family is growing\u2026 and your dog is going to love the new iDig. This revolutionary toy comes in two different models: Stay \u2013 a hardshell, compact version; and Go \u2013 a pop-up, flexible fabric version. Either way, your dog will dig it! Preorders are now being taken, with delivery anticipated in mid-December, 2018. Your payment will be collected now, and then we'll ship you your iDig as soon as it's available.","og_url":"https:\/\/ksproducts.ca\/fr\/product\/idig-go\/","og_site_name":"Ks Products","article_modified_time":"2025-09-17T19:16:00+00:00","og_image":[{"width":600,"height":338,"url":"https:\/\/ksproducts.ca\/wp-content\/uploads\/2022\/05\/go-OG-jpg.webp","type":"image\/jpeg"}],"twitter_card":"summary_large_image","twitter_misc":{"Estimation du temps de lecture":"1 minute"},"schema":{"@context":"https:\/\/schema.org","@graph":[{"@type":"WebPage","@id":"https:\/\/ksproducts.ca\/product\/idig-go\/","url":"https:\/\/ksproducts.ca\/product\/idig-go\/","name":"iDig Go - Produits Ks","isPartOf":{"@id":"https:\/\/ksproducts.ca\/#website"},"primaryImageOfPage":{"@id":"https:\/\/ksproducts.ca\/product\/idig-go\/#primaryimage"},"image":{"@id":"https:\/\/ksproducts.ca\/product\/idig-go\/#primaryimage"},"thumbnailUrl":"https:\/\/ksproducts.ca\/wp-content\/uploads\/2022\/05\/go-OG-jpg.webp","datePublished":"2022-05-25T15:10:57+00:00","dateModified":"2025-09-17T19:16:00+00:00","breadcrumb":{"@id":"https:\/\/ksproducts.ca\/product\/idig-go\/#breadcrumb"},"inLanguage":"fr-CA","potentialAction":[{"@type":"ReadAction","target":["https:\/\/ksproducts.ca\/product\/idig-go\/"]}]},{"@type":"ImageObject","inLanguage":"fr-CA","@id":"https:\/\/ksproducts.ca\/product\/idig-go\/#primaryimage","url":"https:\/\/ksproducts.ca\/wp-content\/uploads\/2022\/05\/go-OG-jpg.webp","contentUrl":"https:\/\/ksproducts.ca\/wp-content\/uploads\/2022\/05\/go-OG-jpg.webp","width":600,"height":338,"caption":"go OG jpg"},{"@type":"BreadcrumbList","@id":"https:\/\/ksproducts.ca\/product\/idig-go\/#breadcrumb","itemListElement":[{"@type":"ListItem","position":1,"name":"Home","item":"https:\/\/ksproducts.ca\/"},{"@type":"ListItem","position":2,"name":"Shop","item":"https:\/\/ksproducts.ca\/shop\/"},{"@type":"ListItem","position":3,"name":"iDig Go"}]},{"@type":"WebSite","@id":"https:\/\/ksproducts.ca\/#website","url":"https:\/\/ksproducts.ca\/","name":"Produits Ks","description":"Cuisiner et vivre en plein air, c'est facile au Canada","publisher":{"@id":"https:\/\/ksproducts.ca\/#organization"},"potentialAction":[{"@type":"SearchAction","target":{"@type":"EntryPoint","urlTemplate":"https:\/\/ksproducts.ca\/?s={search_term_string}"},"query-input":{"@type":"PropertyValueSpecification","valueRequired":true,"valueName":"search_term_string"}}],"inLanguage":"fr-CA"},{"@type":"Organization","@id":"https:\/\/ksproducts.ca\/#organization","name":"Produits Ks","url":"https:\/\/ksproducts.ca\/","logo":{"@type":"ImageObject","inLanguage":"fr-CA","@id":"https:\/\/ksproducts.ca\/#\/schema\/logo\/image\/","url":"https:\/\/ksproducts.ca\/wp-content\/uploads\/2023\/09\/Kennedy-Sales-Logo-header-1.png","contentUrl":"https:\/\/ksproducts.ca\/wp-content\/uploads\/2023\/09\/Kennedy-Sales-Logo-header-1.png","width":150,"height":77,"caption":"Ks Products"},"image":{"@id":"https:\/\/ksproducts.ca\/#\/schema\/logo\/image\/"}}]}},"_links":{"self":[{"href":"https:\/\/ksproducts.ca\/fr\/wp-json\/wp\/v2\/product\/4225","targetHints":{"allow":["GET"]}}],"collection":[{"href":"https:\/\/ksproducts.ca\/fr\/wp-json\/wp\/v2\/product"}],"about":[{"href":"https:\/\/ksproducts.ca\/fr\/wp-json\/wp\/v2\/types\/product"}],"replies":[{"embeddable":true,"href":"https:\/\/ksproducts.ca\/fr\/wp-json\/wp\/v2\/comments?post=4225"}],"version-history":[{"count":1,"href":"https:\/\/ksproducts.ca\/fr\/wp-json\/wp\/v2\/product\/4225\/revisions"}],"predecessor-version":[{"id":10049,"href":"https:\/\/ksproducts.ca\/fr\/wp-json\/wp\/v2\/product\/4225\/revisions\/10049"}],"wp:featuredmedia":[{"embeddable":true,"href":"https:\/\/ksproducts.ca\/fr\/wp-json\/wp\/v2\/media\/4238"}],"wp:attachment":[{"href":"https:\/\/ksproducts.ca\/fr\/wp-json\/wp\/v2\/media?parent=4225"}],"wp:term":[{"taxonomy":"product_cat","embeddable":true,"href":"https:\/\/ksproducts.ca\/fr\/wp-json\/wp\/v2\/product_cat?post=4225"},{"taxonomy":"product_tag","embeddable":true,"href":"https:\/\/ksproducts.ca\/fr\/wp-json\/wp\/v2\/product_tag?post=4225"}],"curies":[{"name":"wp","href":"https:\/\/api.w.org\/{rel}","templated":true}]}}