{"id":4245,"date":"2022-05-25T15:14:29","date_gmt":"2022-05-25T15:14:29","guid":{"rendered":"http:\/\/localhost\/wordpress\/?post_type=product&#038;p=4245"},"modified":"2025-09-17T19:50:07","modified_gmt":"2025-09-17T19:50:07","slug":"rapida-e-bike","status":"publish","type":"product","link":"https:\/\/ksproducts.ca\/fr\/product\/rapida-e-bike\/","title":{"rendered":"V\u00e9lo \u00e9lectrique Rapida"},"content":{"rendered":"<ul>\n<li><span class=\"titolo_normale_rosso\">CADRE : <\/span>Alliage d'aluminium 6061<\/li>\n<li><span class=\"titolo_normale_rosso\">FOURCHE : <\/span>Alliage d'aluminium 6061<\/li>\n<li><span class=\"titolo_normale_rosso\">PEDALIER : <\/span>PROWHEEL OUNCE-245A : 45T<\/li>\n<li><span class=\"titolo_normale_rosso\">DOUBLE LEVIER DE COMMANDE : <\/span>SRAM\u00ae X9 TRIGGER SHIFTER<\/li>\n<li><span class=\"titolo_normale_rosso\">D\u00c9RAILLEUR AVANT : <\/span>-<\/li>\n<li><span class=\"titolo_normale_rosso\">D\u00c9RAILLEUR ARRI\u00c8RE : <\/span>D\u00c9RAILLEUR ARRI\u00c8RE SRAM\u00ae X0<\/li>\n<li><span class=\"titolo_normale_rosso\">PIGNON DE CASSETTE : <\/span>DNP - 10 vitesses 11-34T<\/li>\n<li><span class=\"titolo_normale_rosso\">CHA\u00ceNE : <\/span>KMC - X10<\/li>\n<li><span class=\"titolo_normale_rosso\">GUIDON : <\/span>FSA - OS685 (\u00d831.8*685W) - Alliage d'aluminium 7050<\/li>\n<li><span class=\"titolo_normale_rosso\">CASQUE : <\/span>XR, K80 (\u00d828.6* \u00d844 * 30* 30H)<\/li>\n<li><span class=\"titolo_normale_rosso\">TIGE DE GUIDON : <\/span>FSA - OS-168LX - Alliage d'aluminium 7050<\/li>\n<li><span class=\"titolo_normale_rosso\">FREINS : <\/span>Syst\u00e8me de freinage hydraulique - disques de 180 mm<\/li>\n<li><span class=\"titolo_normale_rosso\">ROUES : <\/span>Alliage d'aluminium 28\u2033 700C - 36H<\/li>\n<li><span class=\"titolo_normale_rosso\">PNEUS : <\/span>INNOVA - IA-2209 700x45C<\/li>\n<li><span class=\"titolo_normale_rosso\">SELLE : <\/span>Selle Royal SetaT1<\/li>\n<li><span class=\"titolo_normale_rosso\">SEATPOST : <\/span>FSA - SP 280 - Alliage d'aluminium 6066<\/li>\n<li><span class=\"titolo_normale_rosso\">Port\u00e9e maximale assist\u00e9e : soixante-dix <\/span>kilom\u00e8tres<\/li>\n<li><span class=\"titolo_normale_rosso\">TEMPS DE CHARGE : <\/span>4-7 heures<\/li>\n<li><span class=\"titolo_normale_rosso\">PACK BATTERIE : <\/span>36V 11Ah Li-ion<\/li>\n<li><span class=\"titolo_normale_rosso\">MOTEUR \u00c9LICTRICE : <\/span>36V - 500W moteur moyeu arri\u00e8re \u00e0 couple \u00e9lev\u00e9<\/li>\n<li><span class=\"titolo_normale_rosso\">AFFICHAGE : <\/span>APT 800S LCD<\/li>\n<li><span class=\"titolo_normale_rosso\">PAS MODEL : <\/span>5 modes d'alimentation<\/li>\n<li><span class=\"titolo_normale_rosso\">SENSORE : <\/span>Capteur de vitesse<\/li>\n<\/ul>\n<p><a href=\"https:\/\/benellibikes.ca\/wp-content\/uploads\/2015\/07\/Rapid-EVO-info-paper-page-001.jpg\"><img fetchpriority=\"high\" decoding=\"async\" class=\"alignnone size-large wp-image-11309\" src=\"https:\/\/benellibikes.ca\/wp-content\/uploads\/2015\/07\/Rapid-EVO-info-paper-page-001-1024x759.jpg\" alt=\"Rapid EVO info paper-page-001\" width=\"669\" height=\"496\" \/><\/a><\/p>","protected":false},"excerpt":{"rendered":"<p>Si vous \u00eates le d\u00e9mon de la vitesse de votre famille, ce v\u00e9lo a \u00e9t\u00e9 con\u00e7u pour vous.  Dot\u00e9 d'un moteur am\u00e9lior\u00e9 de 500 watts et d'une batterie de 36 volts, le Rapida vous permettra de traverser la ville plus vite que vous ne pouvez dire Benelli.  Avec un design de v\u00e9lo de route avant-gardiste, vous pouvez faire l'exercice dont vous avez besoin et vous rendre l\u00e0 o\u00f9 vous devez \u00eatre quand vous devez y \u00eatre rapidement et sans transpirer !  Le Rapida a tout ce qu'il faut.  Un d\u00e9railleur Shimano Deore \u00e0 10 vitesses, un syst\u00e8me de freinage \u00e0 disque de derni\u00e8re g\u00e9n\u00e9ration, une autonomie de soixante-dix kilom\u00e8tres et un \u00e9cran LCD mont\u00e9 sur le guidon pour contr\u00f4ler la distance, la vitesse, l'autonomie de la batterie et bien plus encore.<\/p>","protected":false},"featured_media":4286,"comment_status":"closed","ping_status":"closed","template":"","meta":[],"product_cat":[390],"product_tag":[],"class_list":{"0":"post-4245","1":"product","2":"type-product","3":"status-publish","4":"has-post-thumbnail","6":"product_cat-fitness-recreation","7":"product_shipping_class-class-5","9":"first","10":"instock","11":"taxable","12":"shipping-taxable","13":"purchasable","14":"product-type-simple"},"yoast_head":"<!-- This site is optimized with the Yoast SEO plugin v27.4 - https:\/\/yoast.com\/product\/yoast-seo-wordpress\/ -->\n<title>Rapida E-Bike - Ks Products<\/title>\n<meta name=\"robots\" content=\"index, follow, max-snippet:-1, max-image-preview:large, max-video-preview:-1\" \/>\n<link rel=\"canonical\" href=\"https:\/\/ksproducts.ca\/fr\/product\/rapida-e-bike\/\" \/>\n<meta property=\"og:locale\" content=\"fr_CA\" \/>\n<meta property=\"og:type\" content=\"article\" \/>\n<meta property=\"og:title\" content=\"Rapida E-Bike - Ks Products\" \/>\n<meta property=\"og:description\" content=\"If you are the speed demon of your family, this bike was built for you. \u00a0Featuring an upgraded 500 Watt motor, and a 36 Volt battery, the Rapida will get you across the city faster than you can say Benelli. \u00a0With an edgy road bike design, you can achieve the exercise you need and get where you need to be when you need to be there quickly and without a sweat! \u00a0The Rapida has all the bells and whistles. \u00a0A Shimano Deore 10-speed derailleur, the newest generation disk braking system, a range of up to seventy kilometres and a handlebar-mounted LCD display to keep tabs on distance speed, battery life and more.\" \/>\n<meta property=\"og:url\" content=\"https:\/\/ksproducts.ca\/fr\/product\/rapida-e-bike\/\" \/>\n<meta property=\"og:site_name\" content=\"Ks Products\" \/>\n<meta property=\"article:modified_time\" content=\"2025-09-17T19:50:07+00:00\" \/>\n<meta property=\"og:image\" content=\"https:\/\/ksproducts.ca\/wp-content\/uploads\/2022\/05\/Rapid-EVO1.jpg\" \/>\n\t<meta property=\"og:image:width\" content=\"1976\" \/>\n\t<meta property=\"og:image:height\" content=\"1200\" \/>\n\t<meta property=\"og:image:type\" content=\"image\/jpeg\" \/>\n<meta name=\"twitter:card\" content=\"summary_large_image\" \/>\n<meta name=\"twitter:label1\" content=\"Estimation du temps de lecture\" \/>\n\t<meta name=\"twitter:data1\" content=\"1 minute\" \/>\n<script type=\"application\/ld+json\" class=\"yoast-schema-graph\">{\"@context\":\"https:\\\/\\\/schema.org\",\"@graph\":[{\"@type\":\"WebPage\",\"@id\":\"https:\\\/\\\/ksproducts.ca\\\/product\\\/rapida-e-bike\\\/\",\"url\":\"https:\\\/\\\/ksproducts.ca\\\/product\\\/rapida-e-bike\\\/\",\"name\":\"Rapida E-Bike - Ks Products\",\"isPartOf\":{\"@id\":\"https:\\\/\\\/ksproducts.ca\\\/#website\"},\"primaryImageOfPage\":{\"@id\":\"https:\\\/\\\/ksproducts.ca\\\/product\\\/rapida-e-bike\\\/#primaryimage\"},\"image\":{\"@id\":\"https:\\\/\\\/ksproducts.ca\\\/product\\\/rapida-e-bike\\\/#primaryimage\"},\"thumbnailUrl\":\"https:\\\/\\\/ksproducts.ca\\\/wp-content\\\/uploads\\\/2022\\\/05\\\/Rapid-EVO1.jpg\",\"datePublished\":\"2022-05-25T15:14:29+00:00\",\"dateModified\":\"2025-09-17T19:50:07+00:00\",\"breadcrumb\":{\"@id\":\"https:\\\/\\\/ksproducts.ca\\\/product\\\/rapida-e-bike\\\/#breadcrumb\"},\"inLanguage\":\"fr-CA\",\"potentialAction\":[{\"@type\":\"ReadAction\",\"target\":[\"https:\\\/\\\/ksproducts.ca\\\/product\\\/rapida-e-bike\\\/\"]}]},{\"@type\":\"ImageObject\",\"inLanguage\":\"fr-CA\",\"@id\":\"https:\\\/\\\/ksproducts.ca\\\/product\\\/rapida-e-bike\\\/#primaryimage\",\"url\":\"https:\\\/\\\/ksproducts.ca\\\/wp-content\\\/uploads\\\/2022\\\/05\\\/Rapid-EVO1.jpg\",\"contentUrl\":\"https:\\\/\\\/ksproducts.ca\\\/wp-content\\\/uploads\\\/2022\\\/05\\\/Rapid-EVO1.jpg\",\"width\":800,\"height\":486,\"caption\":\"Rapid EVO1\"},{\"@type\":\"BreadcrumbList\",\"@id\":\"https:\\\/\\\/ksproducts.ca\\\/product\\\/rapida-e-bike\\\/#breadcrumb\",\"itemListElement\":[{\"@type\":\"ListItem\",\"position\":1,\"name\":\"Home\",\"item\":\"https:\\\/\\\/ksproducts.ca\\\/\"},{\"@type\":\"ListItem\",\"position\":2,\"name\":\"Shop\",\"item\":\"https:\\\/\\\/ksproducts.ca\\\/shop\\\/\"},{\"@type\":\"ListItem\",\"position\":3,\"name\":\"Rapida E-Bike\"}]},{\"@type\":\"WebSite\",\"@id\":\"https:\\\/\\\/ksproducts.ca\\\/#website\",\"url\":\"https:\\\/\\\/ksproducts.ca\\\/\",\"name\":\"Ks Products\",\"description\":\"Outdoor cooking and living, made easy in Canada\",\"publisher\":{\"@id\":\"https:\\\/\\\/ksproducts.ca\\\/#organization\"},\"potentialAction\":[{\"@type\":\"SearchAction\",\"target\":{\"@type\":\"EntryPoint\",\"urlTemplate\":\"https:\\\/\\\/ksproducts.ca\\\/?s={search_term_string}\"},\"query-input\":{\"@type\":\"PropertyValueSpecification\",\"valueRequired\":true,\"valueName\":\"search_term_string\"}}],\"inLanguage\":\"fr-CA\"},{\"@type\":\"Organization\",\"@id\":\"https:\\\/\\\/ksproducts.ca\\\/#organization\",\"name\":\"Ks Products\",\"url\":\"https:\\\/\\\/ksproducts.ca\\\/\",\"logo\":{\"@type\":\"ImageObject\",\"inLanguage\":\"fr-CA\",\"@id\":\"https:\\\/\\\/ksproducts.ca\\\/#\\\/schema\\\/logo\\\/image\\\/\",\"url\":\"https:\\\/\\\/ksproducts.ca\\\/wp-content\\\/uploads\\\/2023\\\/09\\\/Kennedy-Sales-Logo-header-1.png\",\"contentUrl\":\"https:\\\/\\\/ksproducts.ca\\\/wp-content\\\/uploads\\\/2023\\\/09\\\/Kennedy-Sales-Logo-header-1.png\",\"width\":150,\"height\":77,\"caption\":\"Ks Products\"},\"image\":{\"@id\":\"https:\\\/\\\/ksproducts.ca\\\/#\\\/schema\\\/logo\\\/image\\\/\"}}]}<\/script>\n<!-- \/ Yoast SEO plugin. -->","yoast_head_json":{"title":"V\u00e9lo \u00e9lectrique Rapida - Produits Ks","robots":{"index":"index","follow":"follow","max-snippet":"max-snippet:-1","max-image-preview":"max-image-preview:large","max-video-preview":"max-video-preview:-1"},"canonical":"https:\/\/ksproducts.ca\/fr\/product\/rapida-e-bike\/","og_locale":"fr_CA","og_type":"article","og_title":"Rapida E-Bike - Ks Products","og_description":"If you are the speed demon of your family, this bike was built for you. \u00a0Featuring an upgraded 500 Watt motor, and a 36 Volt battery, the Rapida will get you across the city faster than you can say Benelli. \u00a0With an edgy road bike design, you can achieve the exercise you need and get where you need to be when you need to be there quickly and without a sweat! \u00a0The Rapida has all the bells and whistles. \u00a0A Shimano Deore 10-speed derailleur, the newest generation disk braking system, a range of up to seventy kilometres and a handlebar-mounted LCD display to keep tabs on distance speed, battery life and more.","og_url":"https:\/\/ksproducts.ca\/fr\/product\/rapida-e-bike\/","og_site_name":"Ks Products","article_modified_time":"2025-09-17T19:50:07+00:00","og_image":[{"width":1976,"height":1200,"url":"https:\/\/ksproducts.ca\/wp-content\/uploads\/2022\/05\/Rapid-EVO1.jpg","type":"image\/jpeg"}],"twitter_card":"summary_large_image","twitter_misc":{"Estimation du temps de lecture":"1 minute"},"schema":{"@context":"https:\/\/schema.org","@graph":[{"@type":"WebPage","@id":"https:\/\/ksproducts.ca\/product\/rapida-e-bike\/","url":"https:\/\/ksproducts.ca\/product\/rapida-e-bike\/","name":"V\u00e9lo \u00e9lectrique Rapida - Produits Ks","isPartOf":{"@id":"https:\/\/ksproducts.ca\/#website"},"primaryImageOfPage":{"@id":"https:\/\/ksproducts.ca\/product\/rapida-e-bike\/#primaryimage"},"image":{"@id":"https:\/\/ksproducts.ca\/product\/rapida-e-bike\/#primaryimage"},"thumbnailUrl":"https:\/\/ksproducts.ca\/wp-content\/uploads\/2022\/05\/Rapid-EVO1.jpg","datePublished":"2022-05-25T15:14:29+00:00","dateModified":"2025-09-17T19:50:07+00:00","breadcrumb":{"@id":"https:\/\/ksproducts.ca\/product\/rapida-e-bike\/#breadcrumb"},"inLanguage":"fr-CA","potentialAction":[{"@type":"ReadAction","target":["https:\/\/ksproducts.ca\/product\/rapida-e-bike\/"]}]},{"@type":"ImageObject","inLanguage":"fr-CA","@id":"https:\/\/ksproducts.ca\/product\/rapida-e-bike\/#primaryimage","url":"https:\/\/ksproducts.ca\/wp-content\/uploads\/2022\/05\/Rapid-EVO1.jpg","contentUrl":"https:\/\/ksproducts.ca\/wp-content\/uploads\/2022\/05\/Rapid-EVO1.jpg","width":800,"height":486,"caption":"Rapid EVO1"},{"@type":"BreadcrumbList","@id":"https:\/\/ksproducts.ca\/product\/rapida-e-bike\/#breadcrumb","itemListElement":[{"@type":"ListItem","position":1,"name":"Home","item":"https:\/\/ksproducts.ca\/"},{"@type":"ListItem","position":2,"name":"Shop","item":"https:\/\/ksproducts.ca\/shop\/"},{"@type":"ListItem","position":3,"name":"Rapida E-Bike"}]},{"@type":"WebSite","@id":"https:\/\/ksproducts.ca\/#website","url":"https:\/\/ksproducts.ca\/","name":"Produits Ks","description":"Cuisiner et vivre en plein air, c'est facile au Canada","publisher":{"@id":"https:\/\/ksproducts.ca\/#organization"},"potentialAction":[{"@type":"SearchAction","target":{"@type":"EntryPoint","urlTemplate":"https:\/\/ksproducts.ca\/?s={search_term_string}"},"query-input":{"@type":"PropertyValueSpecification","valueRequired":true,"valueName":"search_term_string"}}],"inLanguage":"fr-CA"},{"@type":"Organization","@id":"https:\/\/ksproducts.ca\/#organization","name":"Produits Ks","url":"https:\/\/ksproducts.ca\/","logo":{"@type":"ImageObject","inLanguage":"fr-CA","@id":"https:\/\/ksproducts.ca\/#\/schema\/logo\/image\/","url":"https:\/\/ksproducts.ca\/wp-content\/uploads\/2023\/09\/Kennedy-Sales-Logo-header-1.png","contentUrl":"https:\/\/ksproducts.ca\/wp-content\/uploads\/2023\/09\/Kennedy-Sales-Logo-header-1.png","width":150,"height":77,"caption":"Ks Products"},"image":{"@id":"https:\/\/ksproducts.ca\/#\/schema\/logo\/image\/"}}]}},"_links":{"self":[{"href":"https:\/\/ksproducts.ca\/fr\/wp-json\/wp\/v2\/product\/4245","targetHints":{"allow":["GET"]}}],"collection":[{"href":"https:\/\/ksproducts.ca\/fr\/wp-json\/wp\/v2\/product"}],"about":[{"href":"https:\/\/ksproducts.ca\/fr\/wp-json\/wp\/v2\/types\/product"}],"replies":[{"embeddable":true,"href":"https:\/\/ksproducts.ca\/fr\/wp-json\/wp\/v2\/comments?post=4245"}],"version-history":[{"count":1,"href":"https:\/\/ksproducts.ca\/fr\/wp-json\/wp\/v2\/product\/4245\/revisions"}],"predecessor-version":[{"id":10229,"href":"https:\/\/ksproducts.ca\/fr\/wp-json\/wp\/v2\/product\/4245\/revisions\/10229"}],"wp:featuredmedia":[{"embeddable":true,"href":"https:\/\/ksproducts.ca\/fr\/wp-json\/wp\/v2\/media\/4286"}],"wp:attachment":[{"href":"https:\/\/ksproducts.ca\/fr\/wp-json\/wp\/v2\/media?parent=4245"}],"wp:term":[{"taxonomy":"product_cat","embeddable":true,"href":"https:\/\/ksproducts.ca\/fr\/wp-json\/wp\/v2\/product_cat?post=4245"},{"taxonomy":"product_tag","embeddable":true,"href":"https:\/\/ksproducts.ca\/fr\/wp-json\/wp\/v2\/product_tag?post=4245"}],"curies":[{"name":"wp","href":"https:\/\/api.w.org\/{rel}","templated":true}]}}