{"id":4253,"date":"2022-05-25T15:14:30","date_gmt":"2022-05-25T15:14:30","guid":{"rendered":"http:\/\/localhost\/wordpress\/?post_type=product&#038;p=4253"},"modified":"2026-04-14T23:32:27","modified_gmt":"2026-04-14T23:32:27","slug":"velo-electrique-nerone","status":"publish","type":"product","link":"https:\/\/ksproducts.ca\/fr\/product\/nerone-e-bike\/","title":{"rendered":"Nerone E-Bike"},"content":{"rendered":"<p><u><b>Composants cl\u00e9s de la bicyclette :<\/b><\/u><\/p>\n<ul>\n<li>Cadre : Alliage 27,5\u201d ,6061<\/li>\n<li>Fourche avant : Sontour XCR<\/li>\n<li>Guidon : Alliage ,680mm<\/li>\n<li>Poign\u00e9es : HL, caoutchouc<\/li>\n<li>Tige : Alliage<\/li>\n<li>Jante : Alliage<\/li>\n<li>Roue\/pneu : WTB<\/li>\n<li>Selle : Selle royal SETA<\/li>\n<li>d\u00e9railleur : Shimano Deore 3*10 vitesses<\/li>\n<li>Frein avant : frein \u00e0 disque hydraulique<\/li>\n<li>Frein arri\u00e8re : frein \u00e0 disque hydraulique<\/li>\n<li>Cha\u00eene : KMC,X10<\/li>\n<\/ul>\n<p><u><b>Composants \u00e9lectriques cl\u00e9s :<\/b><\/u><\/p>\n<ul>\n<li>Moteur : Moteur moyeu arri\u00e8re 500w<\/li>\n<li>Batterie : Batterie lion 36V 13ah<\/li>\n<li>Affichage : \u00c9cran LCD APT 850C<\/li>\n<\/ul>","protected":false},"excerpt":{"rendered":"<p>Le dernier n\u00e9 de notre gamme de VTT.  Le Nerone est une b\u00eate.  Avec un moteur de 500W et une batterie de 13,3AH, il a une autonomie de cent kilom\u00e8tres.  Le moteur de 500W vous permettra d'atteindre le sommet plus rapidement afin que vous puissiez profiter de la descente avec plus d'\u00e9nergie !  Le Nerone est \u00e9galement un excellent v\u00e9lo pour les trajets quotidiens, si vous devez sauter des trottoirs, traverser des parcs ou tout autre terrain accident\u00e9, cette b\u00eate est faite pour vous.<\/p>","protected":false},"featured_media":4310,"comment_status":"closed","ping_status":"closed","template":"","meta":[],"product_cat":[390],"product_tag":[],"class_list":{"0":"post-4253","1":"product","2":"type-product","3":"status-publish","4":"has-post-thumbnail","6":"product_cat-fitness-recreation","7":"product_shipping_class-class-5","9":"first","10":"instock","11":"taxable","12":"shipping-taxable","13":"purchasable","14":"product-type-simple"},"yoast_head":"<!-- This site is optimized with the Yoast SEO plugin v27.4 - https:\/\/yoast.com\/product\/yoast-seo-wordpress\/ -->\n<title>Nerone E-Bike - Ks Products<\/title>\n<meta name=\"robots\" content=\"index, follow, max-snippet:-1, max-image-preview:large, max-video-preview:-1\" \/>\n<link rel=\"canonical\" href=\"https:\/\/ksproducts.ca\/fr\/product\/velo-electrique-nerone\/\" \/>\n<meta property=\"og:locale\" content=\"fr_CA\" \/>\n<meta property=\"og:type\" content=\"article\" \/>\n<meta property=\"og:title\" content=\"Nerone E-Bike - Ks Products\" \/>\n<meta property=\"og:description\" content=\"The newest addition to our mountain bike range. \u00a0The Nerone is a beast. \u00a0With a 500W motor and a 13.3AH battery it has a range of up to one hundred kilometres.\u00a0 The 500W motor will get you to the peak faster so you can enjoy the downhill riding with more energy! \u00a0The Nerone is also a great commuting bike, if you need to hop curbs, travel through parks, or hit any other rough terrain, this beast is for you.\" \/>\n<meta property=\"og:url\" content=\"https:\/\/ksproducts.ca\/fr\/product\/velo-electrique-nerone\/\" \/>\n<meta property=\"og:site_name\" content=\"Ks Products\" \/>\n<meta property=\"article:modified_time\" content=\"2026-04-14T23:32:27+00:00\" \/>\n<meta property=\"og:image\" content=\"https:\/\/ksproducts.ca\/wp-content\/uploads\/2022\/05\/MTS1840.jpg\" \/>\n\t<meta property=\"og:image:width\" content=\"1438\" \/>\n\t<meta property=\"og:image:height\" content=\"1200\" \/>\n\t<meta property=\"og:image:type\" content=\"image\/jpeg\" \/>\n<meta name=\"twitter:card\" content=\"summary_large_image\" \/>\n<meta name=\"twitter:label1\" content=\"Estimation du temps de lecture\" \/>\n\t<meta name=\"twitter:data1\" content=\"1 minute\" \/>\n<script type=\"application\/ld+json\" class=\"yoast-schema-graph\">{\"@context\":\"https:\\\/\\\/schema.org\",\"@graph\":[{\"@type\":\"WebPage\",\"@id\":\"https:\\\/\\\/ksproducts.ca\\\/product\\\/nerone-e-bike\\\/\",\"url\":\"https:\\\/\\\/ksproducts.ca\\\/product\\\/nerone-e-bike\\\/\",\"name\":\"Nerone E-Bike - Ks Products\",\"isPartOf\":{\"@id\":\"https:\\\/\\\/ksproducts.ca\\\/#website\"},\"primaryImageOfPage\":{\"@id\":\"https:\\\/\\\/ksproducts.ca\\\/product\\\/nerone-e-bike\\\/#primaryimage\"},\"image\":{\"@id\":\"https:\\\/\\\/ksproducts.ca\\\/product\\\/nerone-e-bike\\\/#primaryimage\"},\"thumbnailUrl\":\"https:\\\/\\\/ksproducts.ca\\\/wp-content\\\/uploads\\\/2022\\\/05\\\/MTS1840.jpg\",\"datePublished\":\"2022-05-25T15:14:30+00:00\",\"dateModified\":\"2026-04-14T23:32:27+00:00\",\"breadcrumb\":{\"@id\":\"https:\\\/\\\/ksproducts.ca\\\/product\\\/nerone-e-bike\\\/#breadcrumb\"},\"inLanguage\":\"fr-CA\",\"potentialAction\":[{\"@type\":\"ReadAction\",\"target\":[\"https:\\\/\\\/ksproducts.ca\\\/product\\\/nerone-e-bike\\\/\"]}]},{\"@type\":\"ImageObject\",\"inLanguage\":\"fr-CA\",\"@id\":\"https:\\\/\\\/ksproducts.ca\\\/product\\\/nerone-e-bike\\\/#primaryimage\",\"url\":\"https:\\\/\\\/ksproducts.ca\\\/wp-content\\\/uploads\\\/2022\\\/05\\\/MTS1840.jpg\",\"contentUrl\":\"https:\\\/\\\/ksproducts.ca\\\/wp-content\\\/uploads\\\/2022\\\/05\\\/MTS1840.jpg\",\"width\":800,\"height\":668,\"caption\":\"MTS1840\"},{\"@type\":\"BreadcrumbList\",\"@id\":\"https:\\\/\\\/ksproducts.ca\\\/product\\\/nerone-e-bike\\\/#breadcrumb\",\"itemListElement\":[{\"@type\":\"ListItem\",\"position\":1,\"name\":\"Home\",\"item\":\"https:\\\/\\\/ksproducts.ca\\\/\"},{\"@type\":\"ListItem\",\"position\":2,\"name\":\"Shop\",\"item\":\"https:\\\/\\\/ksproducts.ca\\\/shop\\\/\"},{\"@type\":\"ListItem\",\"position\":3,\"name\":\"Nerone E-Bike\"}]},{\"@type\":\"WebSite\",\"@id\":\"https:\\\/\\\/ksproducts.ca\\\/#website\",\"url\":\"https:\\\/\\\/ksproducts.ca\\\/\",\"name\":\"Ks Products\",\"description\":\"Outdoor cooking and living, made easy in Canada\",\"publisher\":{\"@id\":\"https:\\\/\\\/ksproducts.ca\\\/#organization\"},\"potentialAction\":[{\"@type\":\"SearchAction\",\"target\":{\"@type\":\"EntryPoint\",\"urlTemplate\":\"https:\\\/\\\/ksproducts.ca\\\/?s={search_term_string}\"},\"query-input\":{\"@type\":\"PropertyValueSpecification\",\"valueRequired\":true,\"valueName\":\"search_term_string\"}}],\"inLanguage\":\"fr-CA\"},{\"@type\":\"Organization\",\"@id\":\"https:\\\/\\\/ksproducts.ca\\\/#organization\",\"name\":\"Ks Products\",\"url\":\"https:\\\/\\\/ksproducts.ca\\\/\",\"logo\":{\"@type\":\"ImageObject\",\"inLanguage\":\"fr-CA\",\"@id\":\"https:\\\/\\\/ksproducts.ca\\\/#\\\/schema\\\/logo\\\/image\\\/\",\"url\":\"https:\\\/\\\/ksproducts.ca\\\/wp-content\\\/uploads\\\/2023\\\/09\\\/Kennedy-Sales-Logo-header-1.png\",\"contentUrl\":\"https:\\\/\\\/ksproducts.ca\\\/wp-content\\\/uploads\\\/2023\\\/09\\\/Kennedy-Sales-Logo-header-1.png\",\"width\":150,\"height\":77,\"caption\":\"Ks Products\"},\"image\":{\"@id\":\"https:\\\/\\\/ksproducts.ca\\\/#\\\/schema\\\/logo\\\/image\\\/\"}}]}<\/script>\n<!-- \/ Yoast SEO plugin. -->","yoast_head_json":{"title":"Nerone E-Bike - Ks Products","robots":{"index":"index","follow":"follow","max-snippet":"max-snippet:-1","max-image-preview":"max-image-preview:large","max-video-preview":"max-video-preview:-1"},"canonical":"https:\/\/ksproducts.ca\/fr\/product\/velo-electrique-nerone\/","og_locale":"fr_CA","og_type":"article","og_title":"Nerone E-Bike - Ks Products","og_description":"The newest addition to our mountain bike range. \u00a0The Nerone is a beast. \u00a0With a 500W motor and a 13.3AH battery it has a range of up to one hundred kilometres.\u00a0 The 500W motor will get you to the peak faster so you can enjoy the downhill riding with more energy! \u00a0The Nerone is also a great commuting bike, if you need to hop curbs, travel through parks, or hit any other rough terrain, this beast is for you.","og_url":"https:\/\/ksproducts.ca\/fr\/product\/velo-electrique-nerone\/","og_site_name":"Ks Products","article_modified_time":"2026-04-14T23:32:27+00:00","og_image":[{"width":1438,"height":1200,"url":"https:\/\/ksproducts.ca\/wp-content\/uploads\/2022\/05\/MTS1840.jpg","type":"image\/jpeg"}],"twitter_card":"summary_large_image","twitter_misc":{"Estimation du temps de lecture":"1 minute"},"schema":{"@context":"https:\/\/schema.org","@graph":[{"@type":"WebPage","@id":"https:\/\/ksproducts.ca\/product\/nerone-e-bike\/","url":"https:\/\/ksproducts.ca\/product\/nerone-e-bike\/","name":"Nerone E-Bike - Ks Products","isPartOf":{"@id":"https:\/\/ksproducts.ca\/#website"},"primaryImageOfPage":{"@id":"https:\/\/ksproducts.ca\/product\/nerone-e-bike\/#primaryimage"},"image":{"@id":"https:\/\/ksproducts.ca\/product\/nerone-e-bike\/#primaryimage"},"thumbnailUrl":"https:\/\/ksproducts.ca\/wp-content\/uploads\/2022\/05\/MTS1840.jpg","datePublished":"2022-05-25T15:14:30+00:00","dateModified":"2026-04-14T23:32:27+00:00","breadcrumb":{"@id":"https:\/\/ksproducts.ca\/product\/nerone-e-bike\/#breadcrumb"},"inLanguage":"fr-CA","potentialAction":[{"@type":"ReadAction","target":["https:\/\/ksproducts.ca\/product\/nerone-e-bike\/"]}]},{"@type":"ImageObject","inLanguage":"fr-CA","@id":"https:\/\/ksproducts.ca\/product\/nerone-e-bike\/#primaryimage","url":"https:\/\/ksproducts.ca\/wp-content\/uploads\/2022\/05\/MTS1840.jpg","contentUrl":"https:\/\/ksproducts.ca\/wp-content\/uploads\/2022\/05\/MTS1840.jpg","width":800,"height":668,"caption":"MTS1840"},{"@type":"BreadcrumbList","@id":"https:\/\/ksproducts.ca\/product\/nerone-e-bike\/#breadcrumb","itemListElement":[{"@type":"ListItem","position":1,"name":"Home","item":"https:\/\/ksproducts.ca\/"},{"@type":"ListItem","position":2,"name":"Shop","item":"https:\/\/ksproducts.ca\/shop\/"},{"@type":"ListItem","position":3,"name":"Nerone E-Bike"}]},{"@type":"WebSite","@id":"https:\/\/ksproducts.ca\/#website","url":"https:\/\/ksproducts.ca\/","name":"Produits Ks","description":"Cuisiner et vivre en plein air, c'est facile au Canada","publisher":{"@id":"https:\/\/ksproducts.ca\/#organization"},"potentialAction":[{"@type":"SearchAction","target":{"@type":"EntryPoint","urlTemplate":"https:\/\/ksproducts.ca\/?s={search_term_string}"},"query-input":{"@type":"PropertyValueSpecification","valueRequired":true,"valueName":"search_term_string"}}],"inLanguage":"fr-CA"},{"@type":"Organization","@id":"https:\/\/ksproducts.ca\/#organization","name":"Produits Ks","url":"https:\/\/ksproducts.ca\/","logo":{"@type":"ImageObject","inLanguage":"fr-CA","@id":"https:\/\/ksproducts.ca\/#\/schema\/logo\/image\/","url":"https:\/\/ksproducts.ca\/wp-content\/uploads\/2023\/09\/Kennedy-Sales-Logo-header-1.png","contentUrl":"https:\/\/ksproducts.ca\/wp-content\/uploads\/2023\/09\/Kennedy-Sales-Logo-header-1.png","width":150,"height":77,"caption":"Ks Products"},"image":{"@id":"https:\/\/ksproducts.ca\/#\/schema\/logo\/image\/"}}]}},"_links":{"self":[{"href":"https:\/\/ksproducts.ca\/fr\/wp-json\/wp\/v2\/product\/4253","targetHints":{"allow":["GET"]}}],"collection":[{"href":"https:\/\/ksproducts.ca\/fr\/wp-json\/wp\/v2\/product"}],"about":[{"href":"https:\/\/ksproducts.ca\/fr\/wp-json\/wp\/v2\/types\/product"}],"replies":[{"embeddable":true,"href":"https:\/\/ksproducts.ca\/fr\/wp-json\/wp\/v2\/comments?post=4253"}],"version-history":[{"count":1,"href":"https:\/\/ksproducts.ca\/fr\/wp-json\/wp\/v2\/product\/4253\/revisions"}],"predecessor-version":[{"id":10236,"href":"https:\/\/ksproducts.ca\/fr\/wp-json\/wp\/v2\/product\/4253\/revisions\/10236"}],"wp:featuredmedia":[{"embeddable":true,"href":"https:\/\/ksproducts.ca\/fr\/wp-json\/wp\/v2\/media\/4310"}],"wp:attachment":[{"href":"https:\/\/ksproducts.ca\/fr\/wp-json\/wp\/v2\/media?parent=4253"}],"wp:term":[{"taxonomy":"product_cat","embeddable":true,"href":"https:\/\/ksproducts.ca\/fr\/wp-json\/wp\/v2\/product_cat?post=4253"},{"taxonomy":"product_tag","embeddable":true,"href":"https:\/\/ksproducts.ca\/fr\/wp-json\/wp\/v2\/product_tag?post=4253"}],"curies":[{"name":"wp","href":"https:\/\/api.w.org\/{rel}","templated":true}]}}