{"id":4917,"date":"2022-06-02T16:29:51","date_gmt":"2022-06-02T16:29:51","guid":{"rendered":"http:\/\/localhost\/wordpress\/?post_type=product&#038;p=4917"},"modified":"2026-03-04T14:11:03","modified_gmt":"2026-03-04T14:11:03","slug":"porte-dos-de-voiture","status":"publish","type":"product","link":"https:\/\/ksproducts.ca\/fr\/product\/car-back-carrier\/","title":{"rendered":"Porte-bagages arri\u00e8re \u00e9tanche Rightline Gear - 13 pi3"},"content":{"rendered":"<ul>\n<li>Capacit\u00e9 : 13 pi\u00b3<\/li>\n<li>Dimensions : 40 po L x 20 po P x 28 po H\u201d<\/li>\n<li>Con\u00e7u pour les VUS, les monospaces et les multisegments, AVEC ou SANS galerie de toit<\/li>\n<li>100% \u00c9tanche avec coutures soud\u00e9es et une fermeture \u00e9clair enduite d'ur\u00e9thane<\/li>\n<li>Comprend : porte-bagages, cadre de m\u00e2t inf\u00e9rieur, (2) clips pour voiture arri\u00e8re, (1) sangle de ceinture de 2 pouces de large, (2) sangles inf\u00e9rieures de 1 pouce de large, et sac de rangement avec guide d'installation cousu<\/li>\n<\/ul>","protected":false},"excerpt":{"rendered":"<p>Le porte-bagages Rightline Gear est un sac de transport brevet\u00e9 qui se fixe \u00e0 l'arri\u00e8re de votre v\u00e9hicule, AVEC ou SANS galerie de toit. La solution parfaite pour ceux qui pratiquent les sports de pagaie, les sports de neige ou le cyclisme. Gardez votre \u00e9quipement sur le toit et votre chargement \u00e0 l'arri\u00e8re ! L'emplacement du porte-bagages permet un acc\u00e8s facile et le prot\u00e8ge du vent, ce qui vous permet d'\u00e9conomiser $$$ \u00e0 la pompe \u00e0 essence. Le porte-bagages est fabriqu\u00e9 en PVC Semi-Coated Mesh XT prot\u00e9g\u00e9 contre les UV pour une durabilit\u00e9 maximale. Le cadre du m\u00e2t inf\u00e9rieur fournit un support structurel pour la cargaison dans le sac. Les clips de fixation arri\u00e8re permettent d'attacher le porte-bagages au hayon arri\u00e8re des v\u00e9hicules d\u00e9pourvus de galerie de toit.<\/p>","protected":false},"featured_media":4918,"comment_status":"open","ping_status":"closed","template":"","meta":[],"product_cat":[430],"product_tag":[152,149],"class_list":{"0":"post-4917","1":"product","2":"type-product","3":"status-publish","4":"has-post-thumbnail","6":"product_cat-automotive-gear","7":"product_tag-car-back-carrier","8":"product_tag-rightline-gear","9":"product_shipping_class-class-2","11":"first","12":"instock","13":"taxable","14":"shipping-taxable","15":"purchasable","16":"product-type-simple"},"yoast_head":"<!-- This site is optimized with the Yoast SEO plugin v27.4 - https:\/\/yoast.com\/product\/yoast-seo-wordpress\/ -->\n<title>Rightline Gear Weatherproof Rear-Mounted Carrier - 13cu ft - Ks Products<\/title>\n<meta name=\"robots\" content=\"index, follow, max-snippet:-1, max-image-preview:large, max-video-preview:-1\" \/>\n<link rel=\"canonical\" href=\"https:\/\/ksproducts.ca\/fr\/product\/porte-dos-de-voiture\/\" \/>\n<meta property=\"og:locale\" content=\"fr_CA\" \/>\n<meta property=\"og:type\" content=\"article\" \/>\n<meta property=\"og:title\" content=\"Rightline Gear Weatherproof Rear-Mounted Carrier - 13cu ft - Ks Products\" \/>\n<meta property=\"og:description\" content=\"The Rightline Gear Car Back Carrier is a patented cargo bag that attaches to the rear of your vehicle, WITH or WITHOUT a roof rack. The perfect solution for those who engage in paddle sports, snow sports, or cycling. Keep your gear on the roof and your cargo on the back! The location of the Carrier allows for easy access and also shields it from the wind, saving you $$$ at the gas pump. The Carrier is made from UV protected PVC Semi-Coated Mesh XT for maximum durability. The bottom pole frame provides structural support for the cargo in the bag. The Rear Car Clips attach the Car Back Carrier to the rear hatch door on vehicles without a roof rack.\" \/>\n<meta property=\"og:url\" content=\"https:\/\/ksproducts.ca\/fr\/product\/porte-dos-de-voiture\/\" \/>\n<meta property=\"og:site_name\" content=\"Ks Products\" \/>\n<meta property=\"article:modified_time\" content=\"2026-03-04T14:11:03+00:00\" \/>\n<meta property=\"og:image\" content=\"https:\/\/ksproducts.ca\/wp-content\/uploads\/2022\/06\/car-back-carrier-1-Car-Bag-Carrier-899f4724-jpg.webp\" \/>\n\t<meta property=\"og:image:width\" content=\"1025\" \/>\n\t<meta property=\"og:image:height\" content=\"683\" \/>\n\t<meta property=\"og:image:type\" content=\"image\/jpeg\" \/>\n<meta name=\"twitter:card\" content=\"summary_large_image\" \/>\n<meta name=\"twitter:label1\" content=\"Estimation du temps de lecture\" \/>\n\t<meta name=\"twitter:data1\" content=\"1 minute\" \/>\n<script type=\"application\/ld+json\" class=\"yoast-schema-graph\">{\"@context\":\"https:\\\/\\\/schema.org\",\"@graph\":[{\"@type\":\"WebPage\",\"@id\":\"https:\\\/\\\/ksproducts.ca\\\/product\\\/car-back-carrier\\\/\",\"url\":\"https:\\\/\\\/ksproducts.ca\\\/product\\\/car-back-carrier\\\/\",\"name\":\"Rightline Gear Weatherproof Rear-Mounted Carrier - 13cu ft - Ks Products\",\"isPartOf\":{\"@id\":\"https:\\\/\\\/ksproducts.ca\\\/#website\"},\"primaryImageOfPage\":{\"@id\":\"https:\\\/\\\/ksproducts.ca\\\/product\\\/car-back-carrier\\\/#primaryimage\"},\"image\":{\"@id\":\"https:\\\/\\\/ksproducts.ca\\\/product\\\/car-back-carrier\\\/#primaryimage\"},\"thumbnailUrl\":\"https:\\\/\\\/ksproducts.ca\\\/wp-content\\\/uploads\\\/2022\\\/06\\\/car-back-carrier-1-Car-Bag-Carrier-899f4724-jpg.webp\",\"datePublished\":\"2022-06-02T16:29:51+00:00\",\"dateModified\":\"2026-03-04T14:11:03+00:00\",\"breadcrumb\":{\"@id\":\"https:\\\/\\\/ksproducts.ca\\\/product\\\/car-back-carrier\\\/#breadcrumb\"},\"inLanguage\":\"fr-CA\",\"potentialAction\":[{\"@type\":\"ReadAction\",\"target\":[\"https:\\\/\\\/ksproducts.ca\\\/product\\\/car-back-carrier\\\/\"]}]},{\"@type\":\"ImageObject\",\"inLanguage\":\"fr-CA\",\"@id\":\"https:\\\/\\\/ksproducts.ca\\\/product\\\/car-back-carrier\\\/#primaryimage\",\"url\":\"https:\\\/\\\/ksproducts.ca\\\/wp-content\\\/uploads\\\/2022\\\/06\\\/car-back-carrier-1-Car-Bag-Carrier-899f4724-jpg.webp\",\"contentUrl\":\"https:\\\/\\\/ksproducts.ca\\\/wp-content\\\/uploads\\\/2022\\\/06\\\/car-back-carrier-1-Car-Bag-Carrier-899f4724-jpg.webp\",\"width\":1025,\"height\":683,\"caption\":\"car back carrier 1 Car Bag Carrier 899f4724 jpg\"},{\"@type\":\"BreadcrumbList\",\"@id\":\"https:\\\/\\\/ksproducts.ca\\\/product\\\/car-back-carrier\\\/#breadcrumb\",\"itemListElement\":[{\"@type\":\"ListItem\",\"position\":1,\"name\":\"Home\",\"item\":\"https:\\\/\\\/ksproducts.ca\\\/\"},{\"@type\":\"ListItem\",\"position\":2,\"name\":\"Shop\",\"item\":\"https:\\\/\\\/ksproducts.ca\\\/shop\\\/\"},{\"@type\":\"ListItem\",\"position\":3,\"name\":\"Rightline Gear Weatherproof Rear-Mounted Carrier &#8211; 13cu ft\"}]},{\"@type\":\"WebSite\",\"@id\":\"https:\\\/\\\/ksproducts.ca\\\/#website\",\"url\":\"https:\\\/\\\/ksproducts.ca\\\/\",\"name\":\"Ks Products\",\"description\":\"Outdoor cooking and living, made easy in Canada\",\"publisher\":{\"@id\":\"https:\\\/\\\/ksproducts.ca\\\/#organization\"},\"potentialAction\":[{\"@type\":\"SearchAction\",\"target\":{\"@type\":\"EntryPoint\",\"urlTemplate\":\"https:\\\/\\\/ksproducts.ca\\\/?s={search_term_string}\"},\"query-input\":{\"@type\":\"PropertyValueSpecification\",\"valueRequired\":true,\"valueName\":\"search_term_string\"}}],\"inLanguage\":\"fr-CA\"},{\"@type\":\"Organization\",\"@id\":\"https:\\\/\\\/ksproducts.ca\\\/#organization\",\"name\":\"Ks Products\",\"url\":\"https:\\\/\\\/ksproducts.ca\\\/\",\"logo\":{\"@type\":\"ImageObject\",\"inLanguage\":\"fr-CA\",\"@id\":\"https:\\\/\\\/ksproducts.ca\\\/#\\\/schema\\\/logo\\\/image\\\/\",\"url\":\"https:\\\/\\\/ksproducts.ca\\\/wp-content\\\/uploads\\\/2023\\\/09\\\/Kennedy-Sales-Logo-header-1.png\",\"contentUrl\":\"https:\\\/\\\/ksproducts.ca\\\/wp-content\\\/uploads\\\/2023\\\/09\\\/Kennedy-Sales-Logo-header-1.png\",\"width\":150,\"height\":77,\"caption\":\"Ks Products\"},\"image\":{\"@id\":\"https:\\\/\\\/ksproducts.ca\\\/#\\\/schema\\\/logo\\\/image\\\/\"}}]}<\/script>\n<!-- \/ Yoast SEO plugin. -->","yoast_head_json":{"title":"Porte-bagages arri\u00e8re \u00e9tanche Rightline Gear - 13 pieds cubes - Ks Products","robots":{"index":"index","follow":"follow","max-snippet":"max-snippet:-1","max-image-preview":"max-image-preview:large","max-video-preview":"max-video-preview:-1"},"canonical":"https:\/\/ksproducts.ca\/fr\/product\/porte-dos-de-voiture\/","og_locale":"fr_CA","og_type":"article","og_title":"Rightline Gear Weatherproof Rear-Mounted Carrier - 13cu ft - Ks Products","og_description":"The Rightline Gear Car Back Carrier is a patented cargo bag that attaches to the rear of your vehicle, WITH or WITHOUT a roof rack. The perfect solution for those who engage in paddle sports, snow sports, or cycling. Keep your gear on the roof and your cargo on the back! The location of the Carrier allows for easy access and also shields it from the wind, saving you $$$ at the gas pump. The Carrier is made from UV protected PVC Semi-Coated Mesh XT for maximum durability. The bottom pole frame provides structural support for the cargo in the bag. The Rear Car Clips attach the Car Back Carrier to the rear hatch door on vehicles without a roof rack.","og_url":"https:\/\/ksproducts.ca\/fr\/product\/porte-dos-de-voiture\/","og_site_name":"Ks Products","article_modified_time":"2026-03-04T14:11:03+00:00","og_image":[{"width":1025,"height":683,"url":"https:\/\/ksproducts.ca\/wp-content\/uploads\/2022\/06\/car-back-carrier-1-Car-Bag-Carrier-899f4724-jpg.webp","type":"image\/jpeg"}],"twitter_card":"summary_large_image","twitter_misc":{"Estimation du temps de lecture":"1 minute"},"schema":{"@context":"https:\/\/schema.org","@graph":[{"@type":"WebPage","@id":"https:\/\/ksproducts.ca\/product\/car-back-carrier\/","url":"https:\/\/ksproducts.ca\/product\/car-back-carrier\/","name":"Porte-bagages arri\u00e8re \u00e9tanche Rightline Gear - 13 pieds cubes - Ks Products","isPartOf":{"@id":"https:\/\/ksproducts.ca\/#website"},"primaryImageOfPage":{"@id":"https:\/\/ksproducts.ca\/product\/car-back-carrier\/#primaryimage"},"image":{"@id":"https:\/\/ksproducts.ca\/product\/car-back-carrier\/#primaryimage"},"thumbnailUrl":"https:\/\/ksproducts.ca\/wp-content\/uploads\/2022\/06\/car-back-carrier-1-Car-Bag-Carrier-899f4724-jpg.webp","datePublished":"2022-06-02T16:29:51+00:00","dateModified":"2026-03-04T14:11:03+00:00","breadcrumb":{"@id":"https:\/\/ksproducts.ca\/product\/car-back-carrier\/#breadcrumb"},"inLanguage":"fr-CA","potentialAction":[{"@type":"ReadAction","target":["https:\/\/ksproducts.ca\/product\/car-back-carrier\/"]}]},{"@type":"ImageObject","inLanguage":"fr-CA","@id":"https:\/\/ksproducts.ca\/product\/car-back-carrier\/#primaryimage","url":"https:\/\/ksproducts.ca\/wp-content\/uploads\/2022\/06\/car-back-carrier-1-Car-Bag-Carrier-899f4724-jpg.webp","contentUrl":"https:\/\/ksproducts.ca\/wp-content\/uploads\/2022\/06\/car-back-carrier-1-Car-Bag-Carrier-899f4724-jpg.webp","width":1025,"height":683,"caption":"car back carrier 1 Car Bag Carrier 899f4724 jpg"},{"@type":"BreadcrumbList","@id":"https:\/\/ksproducts.ca\/product\/car-back-carrier\/#breadcrumb","itemListElement":[{"@type":"ListItem","position":1,"name":"Home","item":"https:\/\/ksproducts.ca\/"},{"@type":"ListItem","position":2,"name":"Shop","item":"https:\/\/ksproducts.ca\/shop\/"},{"@type":"ListItem","position":3,"name":"Rightline Gear Weatherproof Rear-Mounted Carrier &#8211; 13cu ft"}]},{"@type":"WebSite","@id":"https:\/\/ksproducts.ca\/#website","url":"https:\/\/ksproducts.ca\/","name":"Produits Ks","description":"Cuisiner et vivre en plein air, c'est facile au Canada","publisher":{"@id":"https:\/\/ksproducts.ca\/#organization"},"potentialAction":[{"@type":"SearchAction","target":{"@type":"EntryPoint","urlTemplate":"https:\/\/ksproducts.ca\/?s={search_term_string}"},"query-input":{"@type":"PropertyValueSpecification","valueRequired":true,"valueName":"search_term_string"}}],"inLanguage":"fr-CA"},{"@type":"Organization","@id":"https:\/\/ksproducts.ca\/#organization","name":"Produits Ks","url":"https:\/\/ksproducts.ca\/","logo":{"@type":"ImageObject","inLanguage":"fr-CA","@id":"https:\/\/ksproducts.ca\/#\/schema\/logo\/image\/","url":"https:\/\/ksproducts.ca\/wp-content\/uploads\/2023\/09\/Kennedy-Sales-Logo-header-1.png","contentUrl":"https:\/\/ksproducts.ca\/wp-content\/uploads\/2023\/09\/Kennedy-Sales-Logo-header-1.png","width":150,"height":77,"caption":"Ks Products"},"image":{"@id":"https:\/\/ksproducts.ca\/#\/schema\/logo\/image\/"}}]}},"_links":{"self":[{"href":"https:\/\/ksproducts.ca\/fr\/wp-json\/wp\/v2\/product\/4917","targetHints":{"allow":["GET"]}}],"collection":[{"href":"https:\/\/ksproducts.ca\/fr\/wp-json\/wp\/v2\/product"}],"about":[{"href":"https:\/\/ksproducts.ca\/fr\/wp-json\/wp\/v2\/types\/product"}],"replies":[{"embeddable":true,"href":"https:\/\/ksproducts.ca\/fr\/wp-json\/wp\/v2\/comments?post=4917"}],"version-history":[{"count":3,"href":"https:\/\/ksproducts.ca\/fr\/wp-json\/wp\/v2\/product\/4917\/revisions"}],"predecessor-version":[{"id":10547,"href":"https:\/\/ksproducts.ca\/fr\/wp-json\/wp\/v2\/product\/4917\/revisions\/10547"}],"wp:featuredmedia":[{"embeddable":true,"href":"https:\/\/ksproducts.ca\/fr\/wp-json\/wp\/v2\/media\/4918"}],"wp:attachment":[{"href":"https:\/\/ksproducts.ca\/fr\/wp-json\/wp\/v2\/media?parent=4917"}],"wp:term":[{"taxonomy":"product_cat","embeddable":true,"href":"https:\/\/ksproducts.ca\/fr\/wp-json\/wp\/v2\/product_cat?post=4917"},{"taxonomy":"product_tag","embeddable":true,"href":"https:\/\/ksproducts.ca\/fr\/wp-json\/wp\/v2\/product_tag?post=4917"}],"curies":[{"name":"wp","href":"https:\/\/api.w.org\/{rel}","templated":true}]}}