{"id":4953,"date":"2022-06-02T19:48:47","date_gmt":"2022-06-02T19:48:47","guid":{"rendered":"http:\/\/localhost\/wordpress\/?post_type=product&#038;p=4953"},"modified":"2026-01-30T14:33:30","modified_gmt":"2026-01-30T14:33:30","slug":"sac-de-sport-pour-voiture","status":"publish","type":"product","link":"https:\/\/ksproducts.ca\/fr\/product\/car-top-duffle-bag\/","title":{"rendered":"Porte-bagages de voiture r\u00e9sistant aux intemp\u00e9ries Rightline Gear - 4.3cu ft"},"content":{"rendered":"<ul>\n<li>Capacit\u00e9 : 120 litres<\/li>\n<li>Dimensions : 36\u2033 L x 16\u2033 L x 13\u2033 H<\/li>\n<li>R\u00e9sistant aux intemp\u00e9ries + avec des coutures soud\u00e9es, des fermetures \u00e0 glissi\u00e8re enduites d'ur\u00e9thane et un couvercle de fermeture \u00e0 glissi\u00e8re avec bande auto-agrippante.<\/li>\n<li>Con\u00e7u pour \u00eatre utilis\u00e9 sur des v\u00e9hicules de toutes tailles, AVEC ou SANS galerie de toit<\/li>\n<li>Comprend : sac, bandouli\u00e8re, (2) sangles de fixation, (4) attaches pour voiture et guide d'installation.<\/li>\n<\/ul>","protected":false},"excerpt":{"rendered":"<p>Le sac de sport Rightline Gear Car Top Duffle Bag est un sac de sport r\u00e9sistant aux intemp\u00e9ries que vous pouvez emballer, attacher au toit de votre v\u00e9hicule, transporter, puis transporter partout o\u00f9 vous devez aller. Attachez (1) \u00e0 (4) sacs de voyage aux v\u00e9hicules AVEC ou SANS galerie de toit. Chaque sac est \u00e9quip\u00e9 d'une bandouli\u00e8re amovible qui peut \u00eatre rang\u00e9e dans la poche lat\u00e9rale zipp\u00e9e du sac lorsqu'elle n'est pas utilis\u00e9e. Le sac est fabriqu\u00e9 \u00e0 partir d'une maille enduite de PVC qui est renforc\u00e9e pour la solidit\u00e9 et la protection contre les UV. Le Car Top Duffle Bag d\u00e9finit l'efficacit\u00e9 du voyage !<\/p>","protected":false},"featured_media":4954,"comment_status":"open","ping_status":"closed","template":"","meta":[],"product_cat":[430],"product_tag":[150,160,149],"class_list":{"0":"post-4953","1":"product","2":"type-product","3":"status-publish","4":"has-post-thumbnail","6":"product_brand-rightline-gear","7":"product_cat-automotive-gear","8":"product_tag-car-top-carrier","9":"product_tag-duffle","10":"product_tag-rightline-gear","11":"product_shipping_class-class-2","13":"first","14":"instock","15":"taxable","16":"shipping-taxable","17":"purchasable","18":"product-type-simple"},"yoast_head":"<!-- This site is optimized with the Yoast SEO plugin v27.3 - https:\/\/yoast.com\/product\/yoast-seo-wordpress\/ -->\n<title>Rightline Gear Weatherproof Car Top Carrier - 4.3cu ft - Ks Products<\/title>\n<meta name=\"robots\" content=\"index, follow, max-snippet:-1, max-image-preview:large, max-video-preview:-1\" \/>\n<link rel=\"canonical\" href=\"https:\/\/ksproducts.ca\/fr\/product\/sac-de-sport-pour-voiture\/\" \/>\n<meta property=\"og:locale\" content=\"fr_CA\" \/>\n<meta property=\"og:type\" content=\"article\" \/>\n<meta property=\"og:title\" content=\"Rightline Gear Weatherproof Car Top Carrier - 4.3cu ft - Ks Products\" \/>\n<meta property=\"og:description\" content=\"The Rightline Gear Car Top Duffle Bag is a weatherproof + gear bag that you can pack, strap to the roof of your vehicle, transport, and then carry wherever you need to go. Attach (1) to (4) Duffle Bags to vehicles WITH or WITHOUT a roof rack. Each bag comes with a removable shoulder strap that can be stored in the bag\u2019s zippered side pocket when not in use. The bag is made from tough PVC Coated Mesh that is reinforced for strength and UV protection. The Car Top Duffle Bag defines traveling efficiency!\" \/>\n<meta property=\"og:url\" content=\"https:\/\/ksproducts.ca\/fr\/product\/sac-de-sport-pour-voiture\/\" \/>\n<meta property=\"og:site_name\" content=\"Ks Products\" \/>\n<meta property=\"article:modified_time\" content=\"2026-01-30T14:33:30+00:00\" \/>\n<meta property=\"og:image\" content=\"https:\/\/ksproducts.ca\/wp-content\/uploads\/2022\/06\/1-Duffle-Bag-Without-Roof-Rack-scaled-e44ce0f4-jpg.webp\" \/>\n\t<meta property=\"og:image:width\" content=\"1024\" \/>\n\t<meta property=\"og:image:height\" content=\"590\" \/>\n\t<meta property=\"og:image:type\" content=\"image\/jpeg\" \/>\n<meta name=\"twitter:card\" content=\"summary_large_image\" \/>\n<meta name=\"twitter:label1\" content=\"Estimation du temps de lecture\" \/>\n\t<meta name=\"twitter:data1\" content=\"1 minute\" \/>\n<script type=\"application\/ld+json\" class=\"yoast-schema-graph\">{\"@context\":\"https:\\\/\\\/schema.org\",\"@graph\":[{\"@type\":\"WebPage\",\"@id\":\"https:\\\/\\\/ksproducts.ca\\\/product\\\/car-top-duffle-bag\\\/\",\"url\":\"https:\\\/\\\/ksproducts.ca\\\/product\\\/car-top-duffle-bag\\\/\",\"name\":\"Rightline Gear Weatherproof Car Top Carrier - 4.3cu ft - Ks Products\",\"isPartOf\":{\"@id\":\"https:\\\/\\\/ksproducts.ca\\\/#website\"},\"primaryImageOfPage\":{\"@id\":\"https:\\\/\\\/ksproducts.ca\\\/product\\\/car-top-duffle-bag\\\/#primaryimage\"},\"image\":{\"@id\":\"https:\\\/\\\/ksproducts.ca\\\/product\\\/car-top-duffle-bag\\\/#primaryimage\"},\"thumbnailUrl\":\"https:\\\/\\\/ksproducts.ca\\\/wp-content\\\/uploads\\\/2022\\\/06\\\/1-Duffle-Bag-Without-Roof-Rack-scaled-e44ce0f4-jpg.webp\",\"datePublished\":\"2022-06-02T19:48:47+00:00\",\"dateModified\":\"2026-01-30T14:33:30+00:00\",\"breadcrumb\":{\"@id\":\"https:\\\/\\\/ksproducts.ca\\\/product\\\/car-top-duffle-bag\\\/#breadcrumb\"},\"inLanguage\":\"fr-CA\",\"potentialAction\":[{\"@type\":\"ReadAction\",\"target\":[\"https:\\\/\\\/ksproducts.ca\\\/product\\\/car-top-duffle-bag\\\/\"]}]},{\"@type\":\"ImageObject\",\"inLanguage\":\"fr-CA\",\"@id\":\"https:\\\/\\\/ksproducts.ca\\\/product\\\/car-top-duffle-bag\\\/#primaryimage\",\"url\":\"https:\\\/\\\/ksproducts.ca\\\/wp-content\\\/uploads\\\/2022\\\/06\\\/1-Duffle-Bag-Without-Roof-Rack-scaled-e44ce0f4-jpg.webp\",\"contentUrl\":\"https:\\\/\\\/ksproducts.ca\\\/wp-content\\\/uploads\\\/2022\\\/06\\\/1-Duffle-Bag-Without-Roof-Rack-scaled-e44ce0f4-jpg.webp\",\"width\":1024,\"height\":590,\"caption\":\"1 Duffle Bag Without Roof Rack scaled e44ce0f4 jpg\"},{\"@type\":\"BreadcrumbList\",\"@id\":\"https:\\\/\\\/ksproducts.ca\\\/product\\\/car-top-duffle-bag\\\/#breadcrumb\",\"itemListElement\":[{\"@type\":\"ListItem\",\"position\":1,\"name\":\"Home\",\"item\":\"https:\\\/\\\/ksproducts.ca\\\/\"},{\"@type\":\"ListItem\",\"position\":2,\"name\":\"Shop\",\"item\":\"https:\\\/\\\/ksproducts.ca\\\/shop\\\/\"},{\"@type\":\"ListItem\",\"position\":3,\"name\":\"Rightline Gear Weatherproof Car Top Carrier &#8211; 4.3cu ft\"}]},{\"@type\":\"WebSite\",\"@id\":\"https:\\\/\\\/ksproducts.ca\\\/#website\",\"url\":\"https:\\\/\\\/ksproducts.ca\\\/\",\"name\":\"Ks Products\",\"description\":\"Outdoor cooking and living, made easy in Canada\",\"publisher\":{\"@id\":\"https:\\\/\\\/ksproducts.ca\\\/#organization\"},\"potentialAction\":[{\"@type\":\"SearchAction\",\"target\":{\"@type\":\"EntryPoint\",\"urlTemplate\":\"https:\\\/\\\/ksproducts.ca\\\/?s={search_term_string}\"},\"query-input\":{\"@type\":\"PropertyValueSpecification\",\"valueRequired\":true,\"valueName\":\"search_term_string\"}}],\"inLanguage\":\"fr-CA\"},{\"@type\":\"Organization\",\"@id\":\"https:\\\/\\\/ksproducts.ca\\\/#organization\",\"name\":\"Ks Products\",\"url\":\"https:\\\/\\\/ksproducts.ca\\\/\",\"logo\":{\"@type\":\"ImageObject\",\"inLanguage\":\"fr-CA\",\"@id\":\"https:\\\/\\\/ksproducts.ca\\\/#\\\/schema\\\/logo\\\/image\\\/\",\"url\":\"https:\\\/\\\/ksproducts.ca\\\/wp-content\\\/uploads\\\/2023\\\/09\\\/Kennedy-Sales-Logo-header-1.png\",\"contentUrl\":\"https:\\\/\\\/ksproducts.ca\\\/wp-content\\\/uploads\\\/2023\\\/09\\\/Kennedy-Sales-Logo-header-1.png\",\"width\":150,\"height\":77,\"caption\":\"Ks Products\"},\"image\":{\"@id\":\"https:\\\/\\\/ksproducts.ca\\\/#\\\/schema\\\/logo\\\/image\\\/\"}}]}<\/script>\n<!-- \/ Yoast SEO plugin. -->","yoast_head_json":{"title":"Porte-bagages de voiture r\u00e9sistant aux intemp\u00e9ries Rightline Gear - 4,3 pi3 - Ks Products","robots":{"index":"index","follow":"follow","max-snippet":"max-snippet:-1","max-image-preview":"max-image-preview:large","max-video-preview":"max-video-preview:-1"},"canonical":"https:\/\/ksproducts.ca\/fr\/product\/sac-de-sport-pour-voiture\/","og_locale":"fr_CA","og_type":"article","og_title":"Rightline Gear Weatherproof Car Top Carrier - 4.3cu ft - Ks Products","og_description":"The Rightline Gear Car Top Duffle Bag is a weatherproof + gear bag that you can pack, strap to the roof of your vehicle, transport, and then carry wherever you need to go. Attach (1) to (4) Duffle Bags to vehicles WITH or WITHOUT a roof rack. Each bag comes with a removable shoulder strap that can be stored in the bag\u2019s zippered side pocket when not in use. The bag is made from tough PVC Coated Mesh that is reinforced for strength and UV protection. The Car Top Duffle Bag defines traveling efficiency!","og_url":"https:\/\/ksproducts.ca\/fr\/product\/sac-de-sport-pour-voiture\/","og_site_name":"Ks Products","article_modified_time":"2026-01-30T14:33:30+00:00","og_image":[{"width":1024,"height":590,"url":"https:\/\/ksproducts.ca\/wp-content\/uploads\/2022\/06\/1-Duffle-Bag-Without-Roof-Rack-scaled-e44ce0f4-jpg.webp","type":"image\/jpeg"}],"twitter_card":"summary_large_image","twitter_misc":{"Estimation du temps de lecture":"1 minute"},"schema":{"@context":"https:\/\/schema.org","@graph":[{"@type":"WebPage","@id":"https:\/\/ksproducts.ca\/product\/car-top-duffle-bag\/","url":"https:\/\/ksproducts.ca\/product\/car-top-duffle-bag\/","name":"Porte-bagages de voiture r\u00e9sistant aux intemp\u00e9ries Rightline Gear - 4,3 pi3 - Ks Products","isPartOf":{"@id":"https:\/\/ksproducts.ca\/#website"},"primaryImageOfPage":{"@id":"https:\/\/ksproducts.ca\/product\/car-top-duffle-bag\/#primaryimage"},"image":{"@id":"https:\/\/ksproducts.ca\/product\/car-top-duffle-bag\/#primaryimage"},"thumbnailUrl":"https:\/\/ksproducts.ca\/wp-content\/uploads\/2022\/06\/1-Duffle-Bag-Without-Roof-Rack-scaled-e44ce0f4-jpg.webp","datePublished":"2022-06-02T19:48:47+00:00","dateModified":"2026-01-30T14:33:30+00:00","breadcrumb":{"@id":"https:\/\/ksproducts.ca\/product\/car-top-duffle-bag\/#breadcrumb"},"inLanguage":"fr-CA","potentialAction":[{"@type":"ReadAction","target":["https:\/\/ksproducts.ca\/product\/car-top-duffle-bag\/"]}]},{"@type":"ImageObject","inLanguage":"fr-CA","@id":"https:\/\/ksproducts.ca\/product\/car-top-duffle-bag\/#primaryimage","url":"https:\/\/ksproducts.ca\/wp-content\/uploads\/2022\/06\/1-Duffle-Bag-Without-Roof-Rack-scaled-e44ce0f4-jpg.webp","contentUrl":"https:\/\/ksproducts.ca\/wp-content\/uploads\/2022\/06\/1-Duffle-Bag-Without-Roof-Rack-scaled-e44ce0f4-jpg.webp","width":1024,"height":590,"caption":"1 Duffle Bag Without Roof Rack scaled e44ce0f4 jpg"},{"@type":"BreadcrumbList","@id":"https:\/\/ksproducts.ca\/product\/car-top-duffle-bag\/#breadcrumb","itemListElement":[{"@type":"ListItem","position":1,"name":"Home","item":"https:\/\/ksproducts.ca\/"},{"@type":"ListItem","position":2,"name":"Shop","item":"https:\/\/ksproducts.ca\/shop\/"},{"@type":"ListItem","position":3,"name":"Rightline Gear Weatherproof Car Top Carrier &#8211; 4.3cu ft"}]},{"@type":"WebSite","@id":"https:\/\/ksproducts.ca\/#website","url":"https:\/\/ksproducts.ca\/","name":"Produits Ks","description":"Cuisiner et vivre en plein air, c'est facile au Canada","publisher":{"@id":"https:\/\/ksproducts.ca\/#organization"},"potentialAction":[{"@type":"SearchAction","target":{"@type":"EntryPoint","urlTemplate":"https:\/\/ksproducts.ca\/?s={search_term_string}"},"query-input":{"@type":"PropertyValueSpecification","valueRequired":true,"valueName":"search_term_string"}}],"inLanguage":"fr-CA"},{"@type":"Organization","@id":"https:\/\/ksproducts.ca\/#organization","name":"Produits Ks","url":"https:\/\/ksproducts.ca\/","logo":{"@type":"ImageObject","inLanguage":"fr-CA","@id":"https:\/\/ksproducts.ca\/#\/schema\/logo\/image\/","url":"https:\/\/ksproducts.ca\/wp-content\/uploads\/2023\/09\/Kennedy-Sales-Logo-header-1.png","contentUrl":"https:\/\/ksproducts.ca\/wp-content\/uploads\/2023\/09\/Kennedy-Sales-Logo-header-1.png","width":150,"height":77,"caption":"Ks Products"},"image":{"@id":"https:\/\/ksproducts.ca\/#\/schema\/logo\/image\/"}}]}},"_links":{"self":[{"href":"https:\/\/ksproducts.ca\/fr\/wp-json\/wp\/v2\/product\/4953","targetHints":{"allow":["GET"]}}],"collection":[{"href":"https:\/\/ksproducts.ca\/fr\/wp-json\/wp\/v2\/product"}],"about":[{"href":"https:\/\/ksproducts.ca\/fr\/wp-json\/wp\/v2\/types\/product"}],"replies":[{"embeddable":true,"href":"https:\/\/ksproducts.ca\/fr\/wp-json\/wp\/v2\/comments?post=4953"}],"version-history":[{"count":3,"href":"https:\/\/ksproducts.ca\/fr\/wp-json\/wp\/v2\/product\/4953\/revisions"}],"predecessor-version":[{"id":10546,"href":"https:\/\/ksproducts.ca\/fr\/wp-json\/wp\/v2\/product\/4953\/revisions\/10546"}],"wp:featuredmedia":[{"embeddable":true,"href":"https:\/\/ksproducts.ca\/fr\/wp-json\/wp\/v2\/media\/4954"}],"wp:attachment":[{"href":"https:\/\/ksproducts.ca\/fr\/wp-json\/wp\/v2\/media?parent=4953"}],"wp:term":[{"taxonomy":"product_cat","embeddable":true,"href":"https:\/\/ksproducts.ca\/fr\/wp-json\/wp\/v2\/product_cat?post=4953"},{"taxonomy":"product_tag","embeddable":true,"href":"https:\/\/ksproducts.ca\/fr\/wp-json\/wp\/v2\/product_tag?post=4953"}],"curies":[{"name":"wp","href":"https:\/\/api.w.org\/{rel}","templated":true}]}}