{"id":4968,"date":"2022-06-03T16:23:30","date_gmt":"2022-06-03T16:23:30","guid":{"rendered":"http:\/\/localhost\/wordpress\/?post_type=product&#038;p=4968"},"modified":"2026-01-30T14:22:23","modified_gmt":"2026-01-30T14:22:23","slug":"tapis-de-toit-antiderapant","status":"publish","type":"product","link":"https:\/\/ksproducts.ca\/fr\/product\/non-skid-roof-pad\/","title":{"rendered":"Rightline Gear Tapis de toit antid\u00e9rapant pour porte-bagages de voiture"},"content":{"rendered":"<ul>\n<li>Dimensions : 39\u201d L x 34\u201d L<\/li>\n<li>Emp\u00eache les sacs de transport pour toit de voiture de se d\u00e9placer pendant le transport<\/li>\n<li>Prot\u00e8ge le toit des objets tranchants \u00e0 l'int\u00e9rieur des sacs<\/li>\n<li>Peut \u00eatre coup\u00e9 \u00e0 la taille voulue pour \u00eatre utilis\u00e9 avec n'importe quel transporteur<\/li>\n<li>Recommand\u00e9 lors de l'utilisation de porte-bagages Rightline Gear sur des v\u00e9hicules sans galerie de toit.<\/li>\n<\/ul>","protected":false},"excerpt":{"rendered":"<p>Le coussin de toit antid\u00e9rapant Rightline Gear est con\u00e7u pour emp\u00eacher votre porte-bagages de se d\u00e9placer tout en prot\u00e9geant le toit de votre v\u00e9hicule. Con\u00e7u pour \u00eatre utilis\u00e9 avec tous les porte-bagages de voiture, le coussin de 39\u201d x 34\u201d peut facilement \u00eatre coup\u00e9 pour s'adapter \u00e0 des porte-bagages plus petits. Il s'agit d'un excellent accessoire de s\u00e9curit\u00e9 pour les sacs de transport de toit de voiture.<\/p>","protected":false},"featured_media":4969,"comment_status":"open","ping_status":"closed","template":"","meta":[],"product_cat":[430,431],"product_tag":[],"class_list":{"0":"post-4968","1":"product","2":"type-product","3":"status-publish","4":"has-post-thumbnail","6":"product_brand-rightline-gear","7":"product_cat-automotive-gear","8":"product_cat-camping-rv-essentials","9":"product_shipping_class-class-1","11":"first","12":"instock","13":"taxable","14":"shipping-taxable","15":"purchasable","16":"product-type-simple"},"yoast_head":"<!-- This site is optimized with the Yoast SEO plugin v27.3 - https:\/\/yoast.com\/product\/yoast-seo-wordpress\/ -->\n<title>Rightline Gear Non-Skid Car Roof Pad for Car Top Carriers - Ks Products<\/title>\n<meta name=\"robots\" content=\"index, follow, max-snippet:-1, max-image-preview:large, max-video-preview:-1\" \/>\n<link rel=\"canonical\" href=\"https:\/\/ksproducts.ca\/fr\/product\/tapis-de-toit-antiderapant\/\" \/>\n<meta property=\"og:locale\" content=\"fr_CA\" \/>\n<meta property=\"og:type\" content=\"article\" \/>\n<meta property=\"og:title\" content=\"Rightline Gear Non-Skid Car Roof Pad for Car Top Carriers - Ks Products\" \/>\n<meta property=\"og:description\" content=\"The Rightline Gear Non-Skid Roof Pad is designed to keep your car top carrier from shifting while protecting your vehicle\u2019s roof at the same time. Sized for use with all car top carriers, the 39\u201d x 34\u201d pad can easily be cut to fit underneath smaller carriers. A great safety accessory for car top carrier bags.\" \/>\n<meta property=\"og:url\" content=\"https:\/\/ksproducts.ca\/fr\/product\/tapis-de-toit-antiderapant\/\" \/>\n<meta property=\"og:site_name\" content=\"Ks Products\" \/>\n<meta property=\"article:modified_time\" content=\"2026-01-30T14:22:23+00:00\" \/>\n<meta property=\"og:image\" content=\"https:\/\/ksproducts.ca\/wp-content\/uploads\/2022\/06\/non-skid-jpeg.webp\" \/>\n\t<meta property=\"og:image:width\" content=\"1125\" \/>\n\t<meta property=\"og:image:height\" content=\"750\" \/>\n\t<meta property=\"og:image:type\" content=\"image\/jpeg\" \/>\n<meta name=\"twitter:card\" content=\"summary_large_image\" \/>\n<meta name=\"twitter:label1\" content=\"Estimation du temps de lecture\" \/>\n\t<meta name=\"twitter:data1\" content=\"1 minute\" \/>\n<script type=\"application\/ld+json\" class=\"yoast-schema-graph\">{\"@context\":\"https:\\\/\\\/schema.org\",\"@graph\":[{\"@type\":\"WebPage\",\"@id\":\"https:\\\/\\\/ksproducts.ca\\\/product\\\/non-skid-roof-pad\\\/\",\"url\":\"https:\\\/\\\/ksproducts.ca\\\/product\\\/non-skid-roof-pad\\\/\",\"name\":\"Rightline Gear Non-Skid Car Roof Pad for Car Top Carriers - Ks Products\",\"isPartOf\":{\"@id\":\"https:\\\/\\\/ksproducts.ca\\\/#website\"},\"primaryImageOfPage\":{\"@id\":\"https:\\\/\\\/ksproducts.ca\\\/product\\\/non-skid-roof-pad\\\/#primaryimage\"},\"image\":{\"@id\":\"https:\\\/\\\/ksproducts.ca\\\/product\\\/non-skid-roof-pad\\\/#primaryimage\"},\"thumbnailUrl\":\"https:\\\/\\\/ksproducts.ca\\\/wp-content\\\/uploads\\\/2022\\\/06\\\/non-skid-jpeg.webp\",\"datePublished\":\"2022-06-03T16:23:30+00:00\",\"dateModified\":\"2026-01-30T14:22:23+00:00\",\"breadcrumb\":{\"@id\":\"https:\\\/\\\/ksproducts.ca\\\/product\\\/non-skid-roof-pad\\\/#breadcrumb\"},\"inLanguage\":\"fr-CA\",\"potentialAction\":[{\"@type\":\"ReadAction\",\"target\":[\"https:\\\/\\\/ksproducts.ca\\\/product\\\/non-skid-roof-pad\\\/\"]}]},{\"@type\":\"ImageObject\",\"inLanguage\":\"fr-CA\",\"@id\":\"https:\\\/\\\/ksproducts.ca\\\/product\\\/non-skid-roof-pad\\\/#primaryimage\",\"url\":\"https:\\\/\\\/ksproducts.ca\\\/wp-content\\\/uploads\\\/2022\\\/06\\\/non-skid-jpeg.webp\",\"contentUrl\":\"https:\\\/\\\/ksproducts.ca\\\/wp-content\\\/uploads\\\/2022\\\/06\\\/non-skid-jpeg.webp\",\"width\":1125,\"height\":750,\"caption\":\"non skid jpeg\"},{\"@type\":\"BreadcrumbList\",\"@id\":\"https:\\\/\\\/ksproducts.ca\\\/product\\\/non-skid-roof-pad\\\/#breadcrumb\",\"itemListElement\":[{\"@type\":\"ListItem\",\"position\":1,\"name\":\"Home\",\"item\":\"https:\\\/\\\/ksproducts.ca\\\/\"},{\"@type\":\"ListItem\",\"position\":2,\"name\":\"Shop\",\"item\":\"https:\\\/\\\/ksproducts.ca\\\/shop\\\/\"},{\"@type\":\"ListItem\",\"position\":3,\"name\":\"Rightline Gear Non-Skid Car Roof Pad for Car Top Carriers\"}]},{\"@type\":\"WebSite\",\"@id\":\"https:\\\/\\\/ksproducts.ca\\\/#website\",\"url\":\"https:\\\/\\\/ksproducts.ca\\\/\",\"name\":\"Ks Products\",\"description\":\"Outdoor cooking and living, made easy in Canada\",\"publisher\":{\"@id\":\"https:\\\/\\\/ksproducts.ca\\\/#organization\"},\"potentialAction\":[{\"@type\":\"SearchAction\",\"target\":{\"@type\":\"EntryPoint\",\"urlTemplate\":\"https:\\\/\\\/ksproducts.ca\\\/?s={search_term_string}\"},\"query-input\":{\"@type\":\"PropertyValueSpecification\",\"valueRequired\":true,\"valueName\":\"search_term_string\"}}],\"inLanguage\":\"fr-CA\"},{\"@type\":\"Organization\",\"@id\":\"https:\\\/\\\/ksproducts.ca\\\/#organization\",\"name\":\"Ks Products\",\"url\":\"https:\\\/\\\/ksproducts.ca\\\/\",\"logo\":{\"@type\":\"ImageObject\",\"inLanguage\":\"fr-CA\",\"@id\":\"https:\\\/\\\/ksproducts.ca\\\/#\\\/schema\\\/logo\\\/image\\\/\",\"url\":\"https:\\\/\\\/ksproducts.ca\\\/wp-content\\\/uploads\\\/2023\\\/09\\\/Kennedy-Sales-Logo-header-1.png\",\"contentUrl\":\"https:\\\/\\\/ksproducts.ca\\\/wp-content\\\/uploads\\\/2023\\\/09\\\/Kennedy-Sales-Logo-header-1.png\",\"width\":150,\"height\":77,\"caption\":\"Ks Products\"},\"image\":{\"@id\":\"https:\\\/\\\/ksproducts.ca\\\/#\\\/schema\\\/logo\\\/image\\\/\"}}]}<\/script>\n<!-- \/ Yoast SEO plugin. -->","yoast_head_json":{"title":"Coussin de toit de voiture antid\u00e9rapant Rightline Gear pour porte-bagages de voiture - Ks Products","robots":{"index":"index","follow":"follow","max-snippet":"max-snippet:-1","max-image-preview":"max-image-preview:large","max-video-preview":"max-video-preview:-1"},"canonical":"https:\/\/ksproducts.ca\/fr\/product\/tapis-de-toit-antiderapant\/","og_locale":"fr_CA","og_type":"article","og_title":"Rightline Gear Non-Skid Car Roof Pad for Car Top Carriers - Ks Products","og_description":"The Rightline Gear Non-Skid Roof Pad is designed to keep your car top carrier from shifting while protecting your vehicle\u2019s roof at the same time. Sized for use with all car top carriers, the 39\u201d x 34\u201d pad can easily be cut to fit underneath smaller carriers. A great safety accessory for car top carrier bags.","og_url":"https:\/\/ksproducts.ca\/fr\/product\/tapis-de-toit-antiderapant\/","og_site_name":"Ks Products","article_modified_time":"2026-01-30T14:22:23+00:00","og_image":[{"width":1125,"height":750,"url":"https:\/\/ksproducts.ca\/wp-content\/uploads\/2022\/06\/non-skid-jpeg.webp","type":"image\/jpeg"}],"twitter_card":"summary_large_image","twitter_misc":{"Estimation du temps de lecture":"1 minute"},"schema":{"@context":"https:\/\/schema.org","@graph":[{"@type":"WebPage","@id":"https:\/\/ksproducts.ca\/product\/non-skid-roof-pad\/","url":"https:\/\/ksproducts.ca\/product\/non-skid-roof-pad\/","name":"Coussin de toit de voiture antid\u00e9rapant Rightline Gear pour porte-bagages de voiture - Ks Products","isPartOf":{"@id":"https:\/\/ksproducts.ca\/#website"},"primaryImageOfPage":{"@id":"https:\/\/ksproducts.ca\/product\/non-skid-roof-pad\/#primaryimage"},"image":{"@id":"https:\/\/ksproducts.ca\/product\/non-skid-roof-pad\/#primaryimage"},"thumbnailUrl":"https:\/\/ksproducts.ca\/wp-content\/uploads\/2022\/06\/non-skid-jpeg.webp","datePublished":"2022-06-03T16:23:30+00:00","dateModified":"2026-01-30T14:22:23+00:00","breadcrumb":{"@id":"https:\/\/ksproducts.ca\/product\/non-skid-roof-pad\/#breadcrumb"},"inLanguage":"fr-CA","potentialAction":[{"@type":"ReadAction","target":["https:\/\/ksproducts.ca\/product\/non-skid-roof-pad\/"]}]},{"@type":"ImageObject","inLanguage":"fr-CA","@id":"https:\/\/ksproducts.ca\/product\/non-skid-roof-pad\/#primaryimage","url":"https:\/\/ksproducts.ca\/wp-content\/uploads\/2022\/06\/non-skid-jpeg.webp","contentUrl":"https:\/\/ksproducts.ca\/wp-content\/uploads\/2022\/06\/non-skid-jpeg.webp","width":1125,"height":750,"caption":"non skid jpeg"},{"@type":"BreadcrumbList","@id":"https:\/\/ksproducts.ca\/product\/non-skid-roof-pad\/#breadcrumb","itemListElement":[{"@type":"ListItem","position":1,"name":"Home","item":"https:\/\/ksproducts.ca\/"},{"@type":"ListItem","position":2,"name":"Shop","item":"https:\/\/ksproducts.ca\/shop\/"},{"@type":"ListItem","position":3,"name":"Rightline Gear Non-Skid Car Roof Pad for Car Top Carriers"}]},{"@type":"WebSite","@id":"https:\/\/ksproducts.ca\/#website","url":"https:\/\/ksproducts.ca\/","name":"Produits Ks","description":"Cuisiner et vivre en plein air, c'est facile au Canada","publisher":{"@id":"https:\/\/ksproducts.ca\/#organization"},"potentialAction":[{"@type":"SearchAction","target":{"@type":"EntryPoint","urlTemplate":"https:\/\/ksproducts.ca\/?s={search_term_string}"},"query-input":{"@type":"PropertyValueSpecification","valueRequired":true,"valueName":"search_term_string"}}],"inLanguage":"fr-CA"},{"@type":"Organization","@id":"https:\/\/ksproducts.ca\/#organization","name":"Produits Ks","url":"https:\/\/ksproducts.ca\/","logo":{"@type":"ImageObject","inLanguage":"fr-CA","@id":"https:\/\/ksproducts.ca\/#\/schema\/logo\/image\/","url":"https:\/\/ksproducts.ca\/wp-content\/uploads\/2023\/09\/Kennedy-Sales-Logo-header-1.png","contentUrl":"https:\/\/ksproducts.ca\/wp-content\/uploads\/2023\/09\/Kennedy-Sales-Logo-header-1.png","width":150,"height":77,"caption":"Ks Products"},"image":{"@id":"https:\/\/ksproducts.ca\/#\/schema\/logo\/image\/"}}]}},"_links":{"self":[{"href":"https:\/\/ksproducts.ca\/fr\/wp-json\/wp\/v2\/product\/4968","targetHints":{"allow":["GET"]}}],"collection":[{"href":"https:\/\/ksproducts.ca\/fr\/wp-json\/wp\/v2\/product"}],"about":[{"href":"https:\/\/ksproducts.ca\/fr\/wp-json\/wp\/v2\/types\/product"}],"replies":[{"embeddable":true,"href":"https:\/\/ksproducts.ca\/fr\/wp-json\/wp\/v2\/comments?post=4968"}],"version-history":[{"count":3,"href":"https:\/\/ksproducts.ca\/fr\/wp-json\/wp\/v2\/product\/4968\/revisions"}],"predecessor-version":[{"id":10538,"href":"https:\/\/ksproducts.ca\/fr\/wp-json\/wp\/v2\/product\/4968\/revisions\/10538"}],"wp:featuredmedia":[{"embeddable":true,"href":"https:\/\/ksproducts.ca\/fr\/wp-json\/wp\/v2\/media\/4969"}],"wp:attachment":[{"href":"https:\/\/ksproducts.ca\/fr\/wp-json\/wp\/v2\/media?parent=4968"}],"wp:term":[{"taxonomy":"product_cat","embeddable":true,"href":"https:\/\/ksproducts.ca\/fr\/wp-json\/wp\/v2\/product_cat?post=4968"},{"taxonomy":"product_tag","embeddable":true,"href":"https:\/\/ksproducts.ca\/fr\/wp-json\/wp\/v2\/product_tag?post=4968"}],"curies":[{"name":"wp","href":"https:\/\/api.w.org\/{rel}","templated":true}]}}