{"id":4974,"date":"2022-06-02T20:49:33","date_gmt":"2022-06-02T20:49:33","guid":{"rendered":"http:\/\/localhost\/wordpress\/?post_type=product&#038;p=4974"},"modified":"2026-01-30T14:25:00","modified_gmt":"2026-01-30T14:25:00","slug":"sac-de-rangement-pour-le-coffre","status":"publish","type":"product","link":"https:\/\/ksproducts.ca\/fr\/product\/trunk-storage-bag\/","title":{"rendered":"Sac de rangement pour le coffre"},"content":{"rendered":"<ul>\n<li>Dimensions : 36\u201d L x 7-12\u201d L x 23\u201d H<\/li>\n<li>R\u00e9sistant aux intemp\u00e9ries gr\u00e2ce aux coutures soud\u00e9es et aux fermetures \u00e0 glissi\u00e8re enduites d'ur\u00e9thane<\/li>\n<li>Convient : Wrangler JK (2 portes et 4 portes)<\/li>\n<li>S'attache aux arceaux de s\u00e9curit\u00e9, aux appuis-t\u00eate des si\u00e8ges arri\u00e8re et aux anneaux de fixation inf\u00e9rieurs, que la capote soit relev\u00e9e ou abaiss\u00e9e.<\/li>\n<li>Couleur : Noir<\/li>\n<li>Comprend : sac et guide d'installation<\/li>\n<\/ul>","protected":false},"excerpt":{"rendered":"<p>Un rangement \u00e0 l'\u00e9preuve des intemp\u00e9ries pour l'espace inutilis\u00e9 de votre Jeep Wrangler ! Le sac de rangement Rightline Gear Trunk peut contenir du mat\u00e9riel de r\u00e9cup\u00e9ration, des v\u00eatements, des serviettes, des provisions, des trousses de premiers secours, du mat\u00e9riel de bord de route, des en-cas, etc. Le sac est inclin\u00e9 pour s'adapter parfaitement \u00e0 la banquette arri\u00e8re de la Wrangler et comporte 4 compartiments \u00e0 fermeture \u00e9clair, 2 \u00e9tag\u00e8res en plastique dur, une pochette int\u00e9rieure en filet, des sangles \u00e0 fermeture rapide et une poign\u00e9e de transport. Un insert en plastique dur sur le dessus du sac lui donne forme et structure. Le sac est fabriqu\u00e9 \u00e0 partir d'un filet enduit de PVC r\u00e9sistant, renforc\u00e9 pour la solidit\u00e9 et la protection contre les UV. Utilisez le sac de rangement du coffre pour le tout-terrain, les voyages et le rangement quotidien.<\/p>","protected":false},"featured_media":4976,"comment_status":"open","ping_status":"closed","template":"","meta":[],"product_cat":[430],"product_tag":[167,164,149,166],"class_list":{"0":"post-4974","1":"product","2":"type-product","3":"status-publish","4":"has-post-thumbnail","6":"product_brand-rightline-gear","7":"product_cat-automotive-gear","8":"product_tag-bag","9":"product_tag-jeep-storage","10":"product_tag-rightline-gear","11":"product_tag-trunk-storage","12":"product_shipping_class-class-2","14":"first","15":"instock","16":"taxable","17":"shipping-taxable","18":"purchasable","19":"product-type-simple"},"yoast_head":"<!-- This site is optimized with the Yoast SEO plugin v27.3 - https:\/\/yoast.com\/product\/yoast-seo-wordpress\/ -->\n<title>Trunk Storage Bag - Ks Products<\/title>\n<meta name=\"robots\" content=\"index, follow, max-snippet:-1, max-image-preview:large, max-video-preview:-1\" \/>\n<link rel=\"canonical\" href=\"https:\/\/ksproducts.ca\/fr\/product\/sac-de-rangement-pour-le-coffre\/\" \/>\n<meta property=\"og:locale\" content=\"fr_CA\" \/>\n<meta property=\"og:type\" content=\"article\" \/>\n<meta property=\"og:title\" content=\"Trunk Storage Bag - Ks Products\" \/>\n<meta property=\"og:description\" content=\"Weatherproof storage for your Jeep Wrangler\u2019s unused space! The Rightline Gear Trunk Storage Bag holds recovery gear, clothing, towels, groceries, first aid kits, roadside equipment, snacks, etc. The bag is angled to perfectly fit behind the Wrangler\u2019s rear seat and features (4) zippered compartments, (2) hard plastic shelves, an inner mesh pouch, quick release buckle straps, and a carry handle. A hard plastic insert in the top of the bag provides shape and structure. The bag is made from tough PVC Coated Mesh that is reinforced for strength and UV protection. Use the Trunk Storage Bag for off-roading, road trips, and everyday storage.\" \/>\n<meta property=\"og:url\" content=\"https:\/\/ksproducts.ca\/fr\/product\/sac-de-rangement-pour-le-coffre\/\" \/>\n<meta property=\"og:site_name\" content=\"Ks Products\" \/>\n<meta property=\"article:modified_time\" content=\"2026-01-30T14:25:00+00:00\" \/>\n<meta property=\"og:image\" content=\"https:\/\/ksproducts.ca\/wp-content\/uploads\/2022\/06\/100J72-B-4-24dbf78a-jpg.webp\" \/>\n\t<meta property=\"og:image:width\" content=\"1024\" \/>\n\t<meta property=\"og:image:height\" content=\"683\" \/>\n\t<meta property=\"og:image:type\" content=\"image\/jpeg\" \/>\n<meta name=\"twitter:card\" content=\"summary_large_image\" \/>\n<meta name=\"twitter:label1\" content=\"Estimation du temps de lecture\" \/>\n\t<meta name=\"twitter:data1\" content=\"1 minute\" \/>\n<script type=\"application\/ld+json\" class=\"yoast-schema-graph\">{\"@context\":\"https:\\\/\\\/schema.org\",\"@graph\":[{\"@type\":\"WebPage\",\"@id\":\"https:\\\/\\\/ksproducts.ca\\\/product\\\/trunk-storage-bag\\\/\",\"url\":\"https:\\\/\\\/ksproducts.ca\\\/product\\\/trunk-storage-bag\\\/\",\"name\":\"Trunk Storage Bag - Ks Products\",\"isPartOf\":{\"@id\":\"https:\\\/\\\/ksproducts.ca\\\/#website\"},\"primaryImageOfPage\":{\"@id\":\"https:\\\/\\\/ksproducts.ca\\\/product\\\/trunk-storage-bag\\\/#primaryimage\"},\"image\":{\"@id\":\"https:\\\/\\\/ksproducts.ca\\\/product\\\/trunk-storage-bag\\\/#primaryimage\"},\"thumbnailUrl\":\"https:\\\/\\\/ksproducts.ca\\\/wp-content\\\/uploads\\\/2022\\\/06\\\/100J72-B-4-24dbf78a-jpg.webp\",\"datePublished\":\"2022-06-02T20:49:33+00:00\",\"dateModified\":\"2026-01-30T14:25:00+00:00\",\"breadcrumb\":{\"@id\":\"https:\\\/\\\/ksproducts.ca\\\/product\\\/trunk-storage-bag\\\/#breadcrumb\"},\"inLanguage\":\"fr-CA\",\"potentialAction\":[{\"@type\":\"ReadAction\",\"target\":[\"https:\\\/\\\/ksproducts.ca\\\/product\\\/trunk-storage-bag\\\/\"]}]},{\"@type\":\"ImageObject\",\"inLanguage\":\"fr-CA\",\"@id\":\"https:\\\/\\\/ksproducts.ca\\\/product\\\/trunk-storage-bag\\\/#primaryimage\",\"url\":\"https:\\\/\\\/ksproducts.ca\\\/wp-content\\\/uploads\\\/2022\\\/06\\\/100J72-B-4-24dbf78a-jpg.webp\",\"contentUrl\":\"https:\\\/\\\/ksproducts.ca\\\/wp-content\\\/uploads\\\/2022\\\/06\\\/100J72-B-4-24dbf78a-jpg.webp\",\"width\":1024,\"height\":683,\"caption\":\"100J72 B 4 24dbf78a jpg\"},{\"@type\":\"BreadcrumbList\",\"@id\":\"https:\\\/\\\/ksproducts.ca\\\/product\\\/trunk-storage-bag\\\/#breadcrumb\",\"itemListElement\":[{\"@type\":\"ListItem\",\"position\":1,\"name\":\"Home\",\"item\":\"https:\\\/\\\/ksproducts.ca\\\/\"},{\"@type\":\"ListItem\",\"position\":2,\"name\":\"Shop\",\"item\":\"https:\\\/\\\/ksproducts.ca\\\/shop\\\/\"},{\"@type\":\"ListItem\",\"position\":3,\"name\":\"Trunk Storage Bag\"}]},{\"@type\":\"WebSite\",\"@id\":\"https:\\\/\\\/ksproducts.ca\\\/#website\",\"url\":\"https:\\\/\\\/ksproducts.ca\\\/\",\"name\":\"Ks Products\",\"description\":\"Outdoor cooking and living, made easy in Canada\",\"publisher\":{\"@id\":\"https:\\\/\\\/ksproducts.ca\\\/#organization\"},\"potentialAction\":[{\"@type\":\"SearchAction\",\"target\":{\"@type\":\"EntryPoint\",\"urlTemplate\":\"https:\\\/\\\/ksproducts.ca\\\/?s={search_term_string}\"},\"query-input\":{\"@type\":\"PropertyValueSpecification\",\"valueRequired\":true,\"valueName\":\"search_term_string\"}}],\"inLanguage\":\"fr-CA\"},{\"@type\":\"Organization\",\"@id\":\"https:\\\/\\\/ksproducts.ca\\\/#organization\",\"name\":\"Ks Products\",\"url\":\"https:\\\/\\\/ksproducts.ca\\\/\",\"logo\":{\"@type\":\"ImageObject\",\"inLanguage\":\"fr-CA\",\"@id\":\"https:\\\/\\\/ksproducts.ca\\\/#\\\/schema\\\/logo\\\/image\\\/\",\"url\":\"https:\\\/\\\/ksproducts.ca\\\/wp-content\\\/uploads\\\/2023\\\/09\\\/Kennedy-Sales-Logo-header-1.png\",\"contentUrl\":\"https:\\\/\\\/ksproducts.ca\\\/wp-content\\\/uploads\\\/2023\\\/09\\\/Kennedy-Sales-Logo-header-1.png\",\"width\":150,\"height\":77,\"caption\":\"Ks Products\"},\"image\":{\"@id\":\"https:\\\/\\\/ksproducts.ca\\\/#\\\/schema\\\/logo\\\/image\\\/\"}}]}<\/script>\n<!-- \/ Yoast SEO plugin. -->","yoast_head_json":{"title":"Sac de rangement pour le coffre - Ks Products","robots":{"index":"index","follow":"follow","max-snippet":"max-snippet:-1","max-image-preview":"max-image-preview:large","max-video-preview":"max-video-preview:-1"},"canonical":"https:\/\/ksproducts.ca\/fr\/product\/sac-de-rangement-pour-le-coffre\/","og_locale":"fr_CA","og_type":"article","og_title":"Trunk Storage Bag - Ks Products","og_description":"Weatherproof storage for your Jeep Wrangler\u2019s unused space! The Rightline Gear Trunk Storage Bag holds recovery gear, clothing, towels, groceries, first aid kits, roadside equipment, snacks, etc. The bag is angled to perfectly fit behind the Wrangler\u2019s rear seat and features (4) zippered compartments, (2) hard plastic shelves, an inner mesh pouch, quick release buckle straps, and a carry handle. A hard plastic insert in the top of the bag provides shape and structure. The bag is made from tough PVC Coated Mesh that is reinforced for strength and UV protection. Use the Trunk Storage Bag for off-roading, road trips, and everyday storage.","og_url":"https:\/\/ksproducts.ca\/fr\/product\/sac-de-rangement-pour-le-coffre\/","og_site_name":"Ks Products","article_modified_time":"2026-01-30T14:25:00+00:00","og_image":[{"width":1024,"height":683,"url":"https:\/\/ksproducts.ca\/wp-content\/uploads\/2022\/06\/100J72-B-4-24dbf78a-jpg.webp","type":"image\/jpeg"}],"twitter_card":"summary_large_image","twitter_misc":{"Estimation du temps de lecture":"1 minute"},"schema":{"@context":"https:\/\/schema.org","@graph":[{"@type":"WebPage","@id":"https:\/\/ksproducts.ca\/product\/trunk-storage-bag\/","url":"https:\/\/ksproducts.ca\/product\/trunk-storage-bag\/","name":"Sac de rangement pour le coffre - Ks Products","isPartOf":{"@id":"https:\/\/ksproducts.ca\/#website"},"primaryImageOfPage":{"@id":"https:\/\/ksproducts.ca\/product\/trunk-storage-bag\/#primaryimage"},"image":{"@id":"https:\/\/ksproducts.ca\/product\/trunk-storage-bag\/#primaryimage"},"thumbnailUrl":"https:\/\/ksproducts.ca\/wp-content\/uploads\/2022\/06\/100J72-B-4-24dbf78a-jpg.webp","datePublished":"2022-06-02T20:49:33+00:00","dateModified":"2026-01-30T14:25:00+00:00","breadcrumb":{"@id":"https:\/\/ksproducts.ca\/product\/trunk-storage-bag\/#breadcrumb"},"inLanguage":"fr-CA","potentialAction":[{"@type":"ReadAction","target":["https:\/\/ksproducts.ca\/product\/trunk-storage-bag\/"]}]},{"@type":"ImageObject","inLanguage":"fr-CA","@id":"https:\/\/ksproducts.ca\/product\/trunk-storage-bag\/#primaryimage","url":"https:\/\/ksproducts.ca\/wp-content\/uploads\/2022\/06\/100J72-B-4-24dbf78a-jpg.webp","contentUrl":"https:\/\/ksproducts.ca\/wp-content\/uploads\/2022\/06\/100J72-B-4-24dbf78a-jpg.webp","width":1024,"height":683,"caption":"100J72 B 4 24dbf78a jpg"},{"@type":"BreadcrumbList","@id":"https:\/\/ksproducts.ca\/product\/trunk-storage-bag\/#breadcrumb","itemListElement":[{"@type":"ListItem","position":1,"name":"Home","item":"https:\/\/ksproducts.ca\/"},{"@type":"ListItem","position":2,"name":"Shop","item":"https:\/\/ksproducts.ca\/shop\/"},{"@type":"ListItem","position":3,"name":"Trunk Storage Bag"}]},{"@type":"WebSite","@id":"https:\/\/ksproducts.ca\/#website","url":"https:\/\/ksproducts.ca\/","name":"Produits Ks","description":"Cuisiner et vivre en plein air, c'est facile au Canada","publisher":{"@id":"https:\/\/ksproducts.ca\/#organization"},"potentialAction":[{"@type":"SearchAction","target":{"@type":"EntryPoint","urlTemplate":"https:\/\/ksproducts.ca\/?s={search_term_string}"},"query-input":{"@type":"PropertyValueSpecification","valueRequired":true,"valueName":"search_term_string"}}],"inLanguage":"fr-CA"},{"@type":"Organization","@id":"https:\/\/ksproducts.ca\/#organization","name":"Produits Ks","url":"https:\/\/ksproducts.ca\/","logo":{"@type":"ImageObject","inLanguage":"fr-CA","@id":"https:\/\/ksproducts.ca\/#\/schema\/logo\/image\/","url":"https:\/\/ksproducts.ca\/wp-content\/uploads\/2023\/09\/Kennedy-Sales-Logo-header-1.png","contentUrl":"https:\/\/ksproducts.ca\/wp-content\/uploads\/2023\/09\/Kennedy-Sales-Logo-header-1.png","width":150,"height":77,"caption":"Ks Products"},"image":{"@id":"https:\/\/ksproducts.ca\/#\/schema\/logo\/image\/"}}]}},"_links":{"self":[{"href":"https:\/\/ksproducts.ca\/fr\/wp-json\/wp\/v2\/product\/4974","targetHints":{"allow":["GET"]}}],"collection":[{"href":"https:\/\/ksproducts.ca\/fr\/wp-json\/wp\/v2\/product"}],"about":[{"href":"https:\/\/ksproducts.ca\/fr\/wp-json\/wp\/v2\/types\/product"}],"replies":[{"embeddable":true,"href":"https:\/\/ksproducts.ca\/fr\/wp-json\/wp\/v2\/comments?post=4974"}],"version-history":[{"count":4,"href":"https:\/\/ksproducts.ca\/fr\/wp-json\/wp\/v2\/product\/4974\/revisions"}],"predecessor-version":[{"id":10542,"href":"https:\/\/ksproducts.ca\/fr\/wp-json\/wp\/v2\/product\/4974\/revisions\/10542"}],"wp:featuredmedia":[{"embeddable":true,"href":"https:\/\/ksproducts.ca\/fr\/wp-json\/wp\/v2\/media\/4976"}],"wp:attachment":[{"href":"https:\/\/ksproducts.ca\/fr\/wp-json\/wp\/v2\/media?parent=4974"}],"wp:term":[{"taxonomy":"product_cat","embeddable":true,"href":"https:\/\/ksproducts.ca\/fr\/wp-json\/wp\/v2\/product_cat?post=4974"},{"taxonomy":"product_tag","embeddable":true,"href":"https:\/\/ksproducts.ca\/fr\/wp-json\/wp\/v2\/product_tag?post=4974"}],"curies":[{"name":"wp","href":"https:\/\/api.w.org\/{rel}","templated":true}]}}